{"id":398688,"date":"2021-06-13T23:08:20","date_gmt":"2021-06-13T21:08:20","guid":{"rendered":"https:\/\/hubsch-interior.com\/shop-b2c\/product\/product\/"},"modified":"2026-04-09T05:15:43","modified_gmt":"2026-04-09T03:15:43","slug":"podium-lampe-de-table-ambre","status":"publish","type":"product","link":"https:\/\/hubsch-interior.com\/fr\/produit\/podium-lampe-de-table-ambre\/","title":{"rendered":"Podium Lampe de table Ambre"},"content":{"rendered":"<p>Cette lampe est \u00e0 la fois originale, chaleureuse et merveilleuse. La base de couleur ambre et l&#8217;abat-jour en verre jaune textur\u00e9 apportent une ambiance chaleureuse dans n\u2019importe quelle pi\u00e8ce, \u00e9clairant n&#8217;importe quel coin terne ou plateau de table ordinaire. Avec sa couleur vibrante, Podium se distingue tel un coucher de soleil et vous invite \u00e0 un moment de d\u00e9tente. Elle aspire la joie et impacte sans aucun doute l\u2019ambiance d\u2019une pi\u00e8ce.<\/p>\n","protected":false},"excerpt":{"rendered":"<p>Cette lampe est \u00e0 la fois originale, chaleureuse et merveilleuse. La base de couleur ambre et l&#8217;abat-jour en verre jaune textur\u00e9 apportent une ambiance chaleureuse dans n\u2019importe quelle pi\u00e8ce, \u00e9clairant n&#8217;importe quel coin terne ou plateau de table ordinaire. Avec sa couleur vibrante, Podium se distingue tel un coucher de soleil et vous invite \u00e0 [&hellip;]<\/p>\n","protected":false},"featured_media":1113129,"template":"","meta":{"_acf_changed":false,"inline_featured_image":false},"product_brand":[],"product_cat":[3810,3500,5026],"product_tag":[],"class_list":{"0":"post-398688","1":"product","2":"type-product","3":"status-publish","4":"has-post-thumbnail","6":"product_cat-luminaires","7":"product_cat-lampes-a-poser-fr","8":"product_cat-bestsellers-fr","9":"product_shipping_class-pk","11":"pa_color-ambre","12":"pa_material-fer-fr","13":"pa_material-verre-fr","15":"first","16":"instock","17":"featured","18":"taxable","19":"shipping-taxable","20":"purchasable","21":"product-type-simple"},"exclude_global_add_ons":[],"addons":[],"acf":[],"yoast_head":"<!-- This site is optimized with the Yoast SEO plugin v26.4 - https:\/\/yoast.com\/wordpress\/plugins\/seo\/ -->\n<title>Podium Lampe de table Ambre - H\u00fcbsch<\/title>\n<meta name=\"description\" content=\"Cette lampe est \u00e0 la fois originale, chaleureuse et merveilleuse. La base de couleur ambre et l&#039;abat-jour en verre jaune textur\u00e9 apportent une ambiance\" \/>\n<meta name=\"robots\" content=\"index, follow, max-snippet:-1, max-image-preview:large, max-video-preview:-1\" \/>\n<link rel=\"canonical\" href=\"https:\/\/hubsch-interior.com\/fr\/wp-json\/wp\/v2\/product\/398688\" \/>\n<meta property=\"og:locale\" content=\"fr_FR\" \/>\n<meta property=\"og:type\" content=\"article\" \/>\n<meta property=\"og:title\" content=\"Podium Lampe de table Ambre - H\u00fcbsch\" \/>\n<meta property=\"og:description\" content=\"Cette lampe est \u00e0 la fois originale, chaleureuse et merveilleuse. La base de couleur ambre et l&#039;abat-jour en verre jaune textur\u00e9 apportent une ambiance\" \/>\n<meta property=\"og:url\" content=\"https:\/\/hubsch-interior.com\/fr\/produit\/podium-lampe-de-table-ambre\/\" \/>\n<meta property=\"og:site_name\" content=\"H\u00fcbsch\" \/>\n<meta property=\"article:modified_time\" content=\"2026-04-09T03:15:43+00:00\" \/>\n<meta property=\"og:image\" content=\"https:\/\/hubsch-interior.com\/wp-content\/uploads\/2024\/01\/podium-table-lamp-amber-f8e98bf17d5da8458614643dfe969944.jpg\" \/>\n\t<meta property=\"og:image:width\" content=\"1200\" \/>\n\t<meta property=\"og:image:height\" content=\"1200\" \/>\n\t<meta property=\"og:image:type\" content=\"image\/jpeg\" \/>\n<meta name=\"twitter:card\" content=\"summary_large_image\" \/>\n<script type=\"application\/ld+json\" class=\"yoast-schema-graph\">{\"@context\":\"https:\/\/schema.org\",\"@graph\":[{\"@type\":\"WebPage\",\"@id\":\"https:\/\/hubsch-interior.com\/fr\/produit\/podium-lampe-de-table-ambre\/\",\"url\":\"https:\/\/hubsch-interior.com\/fr\/produit\/podium-lampe-de-table-ambre\/\",\"name\":\"Podium Lampe de table Ambre - H\u00fcbsch\",\"isPartOf\":{\"@id\":\"https:\/\/hubsch-interior.com\/fr\/#website\"},\"primaryImageOfPage\":{\"@id\":\"https:\/\/hubsch-interior.com\/fr\/produit\/podium-lampe-de-table-ambre\/#primaryimage\"},\"image\":{\"@id\":\"https:\/\/hubsch-interior.com\/fr\/produit\/podium-lampe-de-table-ambre\/#primaryimage\"},\"thumbnailUrl\":\"https:\/\/hubsch-interior.com\/wp-content\/uploads\/2026\/02\/podium-table-lamp-amber-bab7ad64014e28c0d291fb12699a5d9b.jpg\",\"datePublished\":\"2021-06-13T21:08:20+00:00\",\"dateModified\":\"2026-04-09T03:15:43+00:00\",\"description\":\"Cette lampe est \u00e0 la fois originale, chaleureuse et merveilleuse. La base de couleur ambre et l'abat-jour en verre jaune textur\u00e9 apportent une ambiance\",\"breadcrumb\":{\"@id\":\"https:\/\/hubsch-interior.com\/fr\/produit\/podium-lampe-de-table-ambre\/#breadcrumb\"},\"inLanguage\":\"fr-FR\",\"potentialAction\":[{\"@type\":\"ReadAction\",\"target\":[\"https:\/\/hubsch-interior.com\/fr\/produit\/podium-lampe-de-table-ambre\/\"]}]},{\"@type\":\"ImageObject\",\"inLanguage\":\"fr-FR\",\"@id\":\"https:\/\/hubsch-interior.com\/fr\/produit\/podium-lampe-de-table-ambre\/#primaryimage\",\"url\":\"https:\/\/hubsch-interior.com\/wp-content\/uploads\/2026\/02\/podium-table-lamp-amber-bab7ad64014e28c0d291fb12699a5d9b.jpg\",\"contentUrl\":\"https:\/\/hubsch-interior.com\/wp-content\/uploads\/2026\/02\/podium-table-lamp-amber-bab7ad64014e28c0d291fb12699a5d9b.jpg\",\"width\":1024,\"height\":1024},{\"@type\":\"BreadcrumbList\",\"@id\":\"https:\/\/hubsch-interior.com\/fr\/produit\/podium-lampe-de-table-ambre\/#breadcrumb\",\"itemListElement\":[{\"@type\":\"ListItem\",\"position\":1,\"name\":\"Page d'accueil\",\"item\":\"https:\/\/hubsch-interior.com\/fr\/\"},{\"@type\":\"ListItem\",\"position\":2,\"name\":\"Produits\",\"item\":\"https:\/\/hubsch-interior.com\/fr\/shop-2\/\"},{\"@type\":\"ListItem\",\"position\":3,\"name\":\"Luminaires\",\"item\":\"https:\/\/hubsch-interior.com\/fr\/categorie-produit\/luminaires\/\"},{\"@type\":\"ListItem\",\"position\":4,\"name\":\"Lampes &agrave; poser\",\"item\":\"https:\/\/hubsch-interior.com\/fr\/categorie-produit\/luminaires\/lampes-a-poser-fr\/\"},{\"@type\":\"ListItem\",\"position\":5,\"name\":\"Podium Lampe de table Ambre\"}]},{\"@type\":\"WebSite\",\"@id\":\"https:\/\/hubsch-interior.com\/fr\/#website\",\"url\":\"https:\/\/hubsch-interior.com\/fr\/\",\"name\":\"H\u00fcbsch\",\"description\":\"Danish Home Interior and Design\",\"publisher\":{\"@id\":\"https:\/\/hubsch-interior.com\/fr\/#organization\"},\"potentialAction\":[{\"@type\":\"SearchAction\",\"target\":{\"@type\":\"EntryPoint\",\"urlTemplate\":\"https:\/\/hubsch-interior.com\/fr\/?s={search_term_string}\"},\"query-input\":{\"@type\":\"PropertyValueSpecification\",\"valueRequired\":true,\"valueName\":\"search_term_string\"}}],\"inLanguage\":\"fr-FR\"},{\"@type\":\"Organization\",\"@id\":\"https:\/\/hubsch-interior.com\/fr\/#organization\",\"name\":\"H\u00fcbsch\",\"url\":\"https:\/\/hubsch-interior.com\/fr\/\",\"logo\":{\"@type\":\"ImageObject\",\"inLanguage\":\"fr-FR\",\"@id\":\"https:\/\/hubsch-interior.com\/fr\/#\/schema\/logo\/image\/\",\"url\":\"https:\/\/hubsch-interior.com\/wp-content\/uploads\/2022\/12\/Hubsch_logo_black_one_line.svg\",\"contentUrl\":\"https:\/\/hubsch-interior.com\/wp-content\/uploads\/2022\/12\/Hubsch_logo_black_one_line.svg\",\"caption\":\"H\u00fcbsch\"},\"image\":{\"@id\":\"https:\/\/hubsch-interior.com\/fr\/#\/schema\/logo\/image\/\"}}]}<\/script>\n<!-- \/ Yoast SEO plugin. -->","yoast_head_json":{"title":"Podium Lampe de table Ambre - H\u00fcbsch","description":"Cette lampe est \u00e0 la fois originale, chaleureuse et merveilleuse. La base de couleur ambre et l'abat-jour en verre jaune textur\u00e9 apportent une ambiance","robots":{"index":"index","follow":"follow","max-snippet":"max-snippet:-1","max-image-preview":"max-image-preview:large","max-video-preview":"max-video-preview:-1"},"canonical":"https:\/\/hubsch-interior.com\/fr\/wp-json\/wp\/v2\/product\/398688","og_locale":"fr_FR","og_type":"article","og_title":"Podium Lampe de table Ambre - H\u00fcbsch","og_description":"Cette lampe est \u00e0 la fois originale, chaleureuse et merveilleuse. La base de couleur ambre et l'abat-jour en verre jaune textur\u00e9 apportent une ambiance","og_url":"https:\/\/hubsch-interior.com\/fr\/produit\/podium-lampe-de-table-ambre\/","og_site_name":"H\u00fcbsch","article_modified_time":"2026-04-09T03:15:43+00:00","og_image":[{"width":1200,"height":1200,"url":"https:\/\/hubsch-interior.com\/wp-content\/uploads\/2024\/01\/podium-table-lamp-amber-f8e98bf17d5da8458614643dfe969944.jpg","type":"image\/jpeg"}],"twitter_card":"summary_large_image","schema":{"@context":"https:\/\/schema.org","@graph":[{"@type":"WebPage","@id":"https:\/\/hubsch-interior.com\/fr\/produit\/podium-lampe-de-table-ambre\/","url":"https:\/\/hubsch-interior.com\/fr\/produit\/podium-lampe-de-table-ambre\/","name":"Podium Lampe de table Ambre - H\u00fcbsch","isPartOf":{"@id":"https:\/\/hubsch-interior.com\/fr\/#website"},"primaryImageOfPage":{"@id":"https:\/\/hubsch-interior.com\/fr\/produit\/podium-lampe-de-table-ambre\/#primaryimage"},"image":{"@id":"https:\/\/hubsch-interior.com\/fr\/produit\/podium-lampe-de-table-ambre\/#primaryimage"},"thumbnailUrl":"https:\/\/hubsch-interior.com\/wp-content\/uploads\/2026\/02\/podium-table-lamp-amber-bab7ad64014e28c0d291fb12699a5d9b.jpg","datePublished":"2021-06-13T21:08:20+00:00","dateModified":"2026-04-09T03:15:43+00:00","description":"Cette lampe est \u00e0 la fois originale, chaleureuse et merveilleuse. La base de couleur ambre et l'abat-jour en verre jaune textur\u00e9 apportent une ambiance","breadcrumb":{"@id":"https:\/\/hubsch-interior.com\/fr\/produit\/podium-lampe-de-table-ambre\/#breadcrumb"},"inLanguage":"fr-FR","potentialAction":[{"@type":"ReadAction","target":["https:\/\/hubsch-interior.com\/fr\/produit\/podium-lampe-de-table-ambre\/"]}]},{"@type":"ImageObject","inLanguage":"fr-FR","@id":"https:\/\/hubsch-interior.com\/fr\/produit\/podium-lampe-de-table-ambre\/#primaryimage","url":"https:\/\/hubsch-interior.com\/wp-content\/uploads\/2026\/02\/podium-table-lamp-amber-bab7ad64014e28c0d291fb12699a5d9b.jpg","contentUrl":"https:\/\/hubsch-interior.com\/wp-content\/uploads\/2026\/02\/podium-table-lamp-amber-bab7ad64014e28c0d291fb12699a5d9b.jpg","width":1024,"height":1024},{"@type":"BreadcrumbList","@id":"https:\/\/hubsch-interior.com\/fr\/produit\/podium-lampe-de-table-ambre\/#breadcrumb","itemListElement":[{"@type":"ListItem","position":1,"name":"Page d'accueil","item":"https:\/\/hubsch-interior.com\/fr\/"},{"@type":"ListItem","position":2,"name":"Produits","item":"https:\/\/hubsch-interior.com\/fr\/shop-2\/"},{"@type":"ListItem","position":3,"name":"Luminaires","item":"https:\/\/hubsch-interior.com\/fr\/categorie-produit\/luminaires\/"},{"@type":"ListItem","position":4,"name":"Lampes &agrave; poser","item":"https:\/\/hubsch-interior.com\/fr\/categorie-produit\/luminaires\/lampes-a-poser-fr\/"},{"@type":"ListItem","position":5,"name":"Podium Lampe de table Ambre"}]},{"@type":"WebSite","@id":"https:\/\/hubsch-interior.com\/fr\/#website","url":"https:\/\/hubsch-interior.com\/fr\/","name":"H\u00fcbsch","description":"Danish Home Interior and Design","publisher":{"@id":"https:\/\/hubsch-interior.com\/fr\/#organization"},"potentialAction":[{"@type":"SearchAction","target":{"@type":"EntryPoint","urlTemplate":"https:\/\/hubsch-interior.com\/fr\/?s={search_term_string}"},"query-input":{"@type":"PropertyValueSpecification","valueRequired":true,"valueName":"search_term_string"}}],"inLanguage":"fr-FR"},{"@type":"Organization","@id":"https:\/\/hubsch-interior.com\/fr\/#organization","name":"H\u00fcbsch","url":"https:\/\/hubsch-interior.com\/fr\/","logo":{"@type":"ImageObject","inLanguage":"fr-FR","@id":"https:\/\/hubsch-interior.com\/fr\/#\/schema\/logo\/image\/","url":"https:\/\/hubsch-interior.com\/wp-content\/uploads\/2022\/12\/Hubsch_logo_black_one_line.svg","contentUrl":"https:\/\/hubsch-interior.com\/wp-content\/uploads\/2022\/12\/Hubsch_logo_black_one_line.svg","caption":"H\u00fcbsch"},"image":{"@id":"https:\/\/hubsch-interior.com\/fr\/#\/schema\/logo\/image\/"}}]}},"_links":{"self":[{"href":"https:\/\/hubsch-interior.com\/fr\/wp-json\/wp\/v2\/product\/398688","targetHints":{"allow":["GET"]}}],"collection":[{"href":"https:\/\/hubsch-interior.com\/fr\/wp-json\/wp\/v2\/product"}],"about":[{"href":"https:\/\/hubsch-interior.com\/fr\/wp-json\/wp\/v2\/types\/product"}],"wp:featuredmedia":[{"embeddable":true,"href":"https:\/\/hubsch-interior.com\/fr\/wp-json\/wp\/v2\/media\/1113129"}],"wp:attachment":[{"href":"https:\/\/hubsch-interior.com\/fr\/wp-json\/wp\/v2\/media?parent=398688"}],"wp:term":[{"taxonomy":"product_brand","embeddable":true,"href":"https:\/\/hubsch-interior.com\/fr\/wp-json\/wp\/v2\/product_brand?post=398688"},{"taxonomy":"product_cat","embeddable":true,"href":"https:\/\/hubsch-interior.com\/fr\/wp-json\/wp\/v2\/product_cat?post=398688"},{"taxonomy":"product_tag","embeddable":true,"href":"https:\/\/hubsch-interior.com\/fr\/wp-json\/wp\/v2\/product_tag?post=398688"}],"curies":[{"name":"wp","href":"https:\/\/api.w.org\/{rel}","templated":true}]}}