{"id":398692,"date":"2021-06-13T23:08:24","date_gmt":"2021-06-13T21:08:24","guid":{"rendered":"https:\/\/hubsch-interior.com\/shop-b2c\/product\/product\/"},"modified":"2026-04-05T05:19:06","modified_gmt":"2026-04-05T03:19:06","slug":"kiosk-porte-rouleau-de-cuisine-bleu-rouge-pale","status":"publish","type":"product","link":"https:\/\/hubsch-interior.com\/fr\/produit\/kiosk-porte-rouleau-de-cuisine-bleu-rouge-pale\/","title":{"rendered":"Kiosk Porte-rouleau de cuisine Bleu\/Rouge P\u00e2le"},"content":{"rendered":"<p>Si vous avez besoin d&#8217;un superbe porte-rouleau (et nous savons que vous en avez besoin), alors c&#8217;est celui-l\u00e0 ! Oui. Nous savons. Nous savons que le rouleau de papier de cuisine est destin\u00e9 \u00e0 aller sur le porte-rouleau. Cela dit, cette pi\u00e8ce est tr\u00e8s jolie sans rouleau. La combinaison de verre de cristal rose et bleu est fantastique, n&#8217;est-ce pas ?<\/p>\n","protected":false},"excerpt":{"rendered":"<p>Si vous avez besoin d&#8217;un superbe porte-rouleau (et nous savons que vous en avez besoin), alors c&#8217;est celui-l\u00e0 ! Oui. Nous savons. Nous savons que le rouleau de papier de cuisine est destin\u00e9 \u00e0 aller sur le porte-rouleau. Cela dit, cette pi\u00e8ce est tr\u00e8s jolie sans rouleau. La combinaison de verre de cristal rose et [&hellip;]<\/p>\n","protected":false},"featured_media":1109878,"template":"","meta":{"_acf_changed":false,"inline_featured_image":false},"product_brand":[],"product_cat":[7059,6971,7027,6348,4053,4095,5026,6535],"product_tag":[],"class_list":{"0":"post-398692","1":"product","2":"type-product","3":"status-publish","4":"has-post-thumbnail","6":"product_cat-porte-rouleau-de-cuisine-fr","7":"product_cat-paques","8":"product_cat-vaisselle-fr-2","9":"product_cat-garden-selection-fr","10":"product_cat-accessoires-de-cuisine-fr","11":"product_cat-vaisselle-fr","12":"product_cat-bestsellers-fr","13":"product_cat-outlet-fr","14":"product_shipping_class-pk","16":"pa_color-bleu-2","17":"pa_color-rouge-ple-2","18":"pa_material-cristal-fr","20":"first","21":"instock","22":"sale","23":"featured","24":"taxable","25":"shipping-taxable","26":"purchasable","27":"product-type-simple"},"exclude_global_add_ons":[],"addons":[],"acf":[],"yoast_head":"<!-- This site is optimized with the Yoast SEO plugin v26.4 - https:\/\/yoast.com\/wordpress\/plugins\/seo\/ -->\n<title>Kiosk Porte-rouleau de cuisine Bleu\/Rouge P\u00e2le - H\u00fcbsch<\/title>\n<meta name=\"description\" content=\"Si vous avez besoin d&#039;un superbe porte-rouleau (et nous savons que vous en avez besoin), alors c&#039;est celui-l\u00e0 ! Oui. Nous savons. Nous savons que le\" \/>\n<meta name=\"robots\" content=\"index, follow, max-snippet:-1, max-image-preview:large, max-video-preview:-1\" \/>\n<link rel=\"canonical\" href=\"https:\/\/hubsch-interior.com\/fr\/wp-json\/wp\/v2\/product\/398692\" \/>\n<meta property=\"og:locale\" content=\"fr_FR\" \/>\n<meta property=\"og:type\" content=\"article\" \/>\n<meta property=\"og:title\" content=\"Kiosk Porte-rouleau de cuisine Bleu\/Rouge P\u00e2le - H\u00fcbsch\" \/>\n<meta property=\"og:description\" content=\"Si vous avez besoin d&#039;un superbe porte-rouleau (et nous savons que vous en avez besoin), alors c&#039;est celui-l\u00e0 ! Oui. Nous savons. Nous savons que le\" \/>\n<meta property=\"og:url\" content=\"https:\/\/hubsch-interior.com\/fr\/produit\/kiosk-porte-rouleau-de-cuisine-bleu-rouge-pale\/\" \/>\n<meta property=\"og:site_name\" content=\"H\u00fcbsch\" \/>\n<meta property=\"article:modified_time\" content=\"2026-04-05T03:19:06+00:00\" \/>\n<meta property=\"og:image\" content=\"https:\/\/hubsch-interior.com\/wp-content\/uploads\/2024\/01\/kiosk-kitchen-roll-holder-bluepink-6d5d78ef1121f90399387cdc19addb72.jpg\" \/>\n\t<meta property=\"og:image:width\" content=\"1200\" \/>\n\t<meta property=\"og:image:height\" content=\"1200\" \/>\n\t<meta property=\"og:image:type\" content=\"image\/jpeg\" \/>\n<meta name=\"twitter:card\" content=\"summary_large_image\" \/>\n<script type=\"application\/ld+json\" class=\"yoast-schema-graph\">{\"@context\":\"https:\/\/schema.org\",\"@graph\":[{\"@type\":\"WebPage\",\"@id\":\"https:\/\/hubsch-interior.com\/fr\/produit\/kiosk-porte-rouleau-de-cuisine-bleu-rouge-pale\/\",\"url\":\"https:\/\/hubsch-interior.com\/fr\/produit\/kiosk-porte-rouleau-de-cuisine-bleu-rouge-pale\/\",\"name\":\"Kiosk Porte-rouleau de cuisine Bleu\/Rouge P\u00e2le - H\u00fcbsch\",\"isPartOf\":{\"@id\":\"https:\/\/hubsch-interior.com\/fr\/#website\"},\"primaryImageOfPage\":{\"@id\":\"https:\/\/hubsch-interior.com\/fr\/produit\/kiosk-porte-rouleau-de-cuisine-bleu-rouge-pale\/#primaryimage\"},\"image\":{\"@id\":\"https:\/\/hubsch-interior.com\/fr\/produit\/kiosk-porte-rouleau-de-cuisine-bleu-rouge-pale\/#primaryimage\"},\"thumbnailUrl\":\"https:\/\/hubsch-interior.com\/wp-content\/uploads\/2026\/02\/kiosk-kitchen-roll-holder-bluepink-ef773fa7d92364ef0481fd994170a344.jpg\",\"datePublished\":\"2021-06-13T21:08:24+00:00\",\"dateModified\":\"2026-04-05T03:19:06+00:00\",\"description\":\"Si vous avez besoin d'un superbe porte-rouleau (et nous savons que vous en avez besoin), alors c'est celui-l\u00e0 ! Oui. Nous savons. Nous savons que le\",\"breadcrumb\":{\"@id\":\"https:\/\/hubsch-interior.com\/fr\/produit\/kiosk-porte-rouleau-de-cuisine-bleu-rouge-pale\/#breadcrumb\"},\"inLanguage\":\"fr-FR\",\"potentialAction\":[{\"@type\":\"ReadAction\",\"target\":[\"https:\/\/hubsch-interior.com\/fr\/produit\/kiosk-porte-rouleau-de-cuisine-bleu-rouge-pale\/\"]}]},{\"@type\":\"ImageObject\",\"inLanguage\":\"fr-FR\",\"@id\":\"https:\/\/hubsch-interior.com\/fr\/produit\/kiosk-porte-rouleau-de-cuisine-bleu-rouge-pale\/#primaryimage\",\"url\":\"https:\/\/hubsch-interior.com\/wp-content\/uploads\/2026\/02\/kiosk-kitchen-roll-holder-bluepink-ef773fa7d92364ef0481fd994170a344.jpg\",\"contentUrl\":\"https:\/\/hubsch-interior.com\/wp-content\/uploads\/2026\/02\/kiosk-kitchen-roll-holder-bluepink-ef773fa7d92364ef0481fd994170a344.jpg\",\"width\":1024,\"height\":1024},{\"@type\":\"BreadcrumbList\",\"@id\":\"https:\/\/hubsch-interior.com\/fr\/produit\/kiosk-porte-rouleau-de-cuisine-bleu-rouge-pale\/#breadcrumb\",\"itemListElement\":[{\"@type\":\"ListItem\",\"position\":1,\"name\":\"Page d'accueil\",\"item\":\"https:\/\/hubsch-interior.com\/fr\/\"},{\"@type\":\"ListItem\",\"position\":2,\"name\":\"Produits\",\"item\":\"https:\/\/hubsch-interior.com\/fr\/shop-2\/\"},{\"@type\":\"ListItem\",\"position\":3,\"name\":\"Cuisine\",\"item\":\"https:\/\/hubsch-interior.com\/fr\/categorie-produit\/cuisine\/\"},{\"@type\":\"ListItem\",\"position\":4,\"name\":\"Vaisselle\",\"item\":\"https:\/\/hubsch-interior.com\/fr\/categorie-produit\/cuisine\/vaisselle-fr-2\/\"},{\"@type\":\"ListItem\",\"position\":5,\"name\":\"Porte-rouleau de cuisine\",\"item\":\"https:\/\/hubsch-interior.com\/fr\/categorie-produit\/cuisine\/vaisselle-fr-2\/porte-rouleau-de-cuisine-fr\/\"},{\"@type\":\"ListItem\",\"position\":6,\"name\":\"Kiosk Porte-rouleau de cuisine Bleu\/Rouge P\u00e2le\"}]},{\"@type\":\"WebSite\",\"@id\":\"https:\/\/hubsch-interior.com\/fr\/#website\",\"url\":\"https:\/\/hubsch-interior.com\/fr\/\",\"name\":\"H\u00fcbsch\",\"description\":\"Danish Home Interior and Design\",\"publisher\":{\"@id\":\"https:\/\/hubsch-interior.com\/fr\/#organization\"},\"potentialAction\":[{\"@type\":\"SearchAction\",\"target\":{\"@type\":\"EntryPoint\",\"urlTemplate\":\"https:\/\/hubsch-interior.com\/fr\/?s={search_term_string}\"},\"query-input\":{\"@type\":\"PropertyValueSpecification\",\"valueRequired\":true,\"valueName\":\"search_term_string\"}}],\"inLanguage\":\"fr-FR\"},{\"@type\":\"Organization\",\"@id\":\"https:\/\/hubsch-interior.com\/fr\/#organization\",\"name\":\"H\u00fcbsch\",\"url\":\"https:\/\/hubsch-interior.com\/fr\/\",\"logo\":{\"@type\":\"ImageObject\",\"inLanguage\":\"fr-FR\",\"@id\":\"https:\/\/hubsch-interior.com\/fr\/#\/schema\/logo\/image\/\",\"url\":\"https:\/\/hubsch-interior.com\/wp-content\/uploads\/2022\/12\/Hubsch_logo_black_one_line.svg\",\"contentUrl\":\"https:\/\/hubsch-interior.com\/wp-content\/uploads\/2022\/12\/Hubsch_logo_black_one_line.svg\",\"caption\":\"H\u00fcbsch\"},\"image\":{\"@id\":\"https:\/\/hubsch-interior.com\/fr\/#\/schema\/logo\/image\/\"}}]}<\/script>\n<!-- \/ Yoast SEO plugin. -->","yoast_head_json":{"title":"Kiosk Porte-rouleau de cuisine Bleu\/Rouge P\u00e2le - H\u00fcbsch","description":"Si vous avez besoin d'un superbe porte-rouleau (et nous savons que vous en avez besoin), alors c'est celui-l\u00e0 ! Oui. Nous savons. Nous savons que le","robots":{"index":"index","follow":"follow","max-snippet":"max-snippet:-1","max-image-preview":"max-image-preview:large","max-video-preview":"max-video-preview:-1"},"canonical":"https:\/\/hubsch-interior.com\/fr\/wp-json\/wp\/v2\/product\/398692","og_locale":"fr_FR","og_type":"article","og_title":"Kiosk Porte-rouleau de cuisine Bleu\/Rouge P\u00e2le - H\u00fcbsch","og_description":"Si vous avez besoin d'un superbe porte-rouleau (et nous savons que vous en avez besoin), alors c'est celui-l\u00e0 ! Oui. Nous savons. Nous savons que le","og_url":"https:\/\/hubsch-interior.com\/fr\/produit\/kiosk-porte-rouleau-de-cuisine-bleu-rouge-pale\/","og_site_name":"H\u00fcbsch","article_modified_time":"2026-04-05T03:19:06+00:00","og_image":[{"width":1200,"height":1200,"url":"https:\/\/hubsch-interior.com\/wp-content\/uploads\/2024\/01\/kiosk-kitchen-roll-holder-bluepink-6d5d78ef1121f90399387cdc19addb72.jpg","type":"image\/jpeg"}],"twitter_card":"summary_large_image","schema":{"@context":"https:\/\/schema.org","@graph":[{"@type":"WebPage","@id":"https:\/\/hubsch-interior.com\/fr\/produit\/kiosk-porte-rouleau-de-cuisine-bleu-rouge-pale\/","url":"https:\/\/hubsch-interior.com\/fr\/produit\/kiosk-porte-rouleau-de-cuisine-bleu-rouge-pale\/","name":"Kiosk Porte-rouleau de cuisine Bleu\/Rouge P\u00e2le - H\u00fcbsch","isPartOf":{"@id":"https:\/\/hubsch-interior.com\/fr\/#website"},"primaryImageOfPage":{"@id":"https:\/\/hubsch-interior.com\/fr\/produit\/kiosk-porte-rouleau-de-cuisine-bleu-rouge-pale\/#primaryimage"},"image":{"@id":"https:\/\/hubsch-interior.com\/fr\/produit\/kiosk-porte-rouleau-de-cuisine-bleu-rouge-pale\/#primaryimage"},"thumbnailUrl":"https:\/\/hubsch-interior.com\/wp-content\/uploads\/2026\/02\/kiosk-kitchen-roll-holder-bluepink-ef773fa7d92364ef0481fd994170a344.jpg","datePublished":"2021-06-13T21:08:24+00:00","dateModified":"2026-04-05T03:19:06+00:00","description":"Si vous avez besoin d'un superbe porte-rouleau (et nous savons que vous en avez besoin), alors c'est celui-l\u00e0 ! Oui. Nous savons. Nous savons que le","breadcrumb":{"@id":"https:\/\/hubsch-interior.com\/fr\/produit\/kiosk-porte-rouleau-de-cuisine-bleu-rouge-pale\/#breadcrumb"},"inLanguage":"fr-FR","potentialAction":[{"@type":"ReadAction","target":["https:\/\/hubsch-interior.com\/fr\/produit\/kiosk-porte-rouleau-de-cuisine-bleu-rouge-pale\/"]}]},{"@type":"ImageObject","inLanguage":"fr-FR","@id":"https:\/\/hubsch-interior.com\/fr\/produit\/kiosk-porte-rouleau-de-cuisine-bleu-rouge-pale\/#primaryimage","url":"https:\/\/hubsch-interior.com\/wp-content\/uploads\/2026\/02\/kiosk-kitchen-roll-holder-bluepink-ef773fa7d92364ef0481fd994170a344.jpg","contentUrl":"https:\/\/hubsch-interior.com\/wp-content\/uploads\/2026\/02\/kiosk-kitchen-roll-holder-bluepink-ef773fa7d92364ef0481fd994170a344.jpg","width":1024,"height":1024},{"@type":"BreadcrumbList","@id":"https:\/\/hubsch-interior.com\/fr\/produit\/kiosk-porte-rouleau-de-cuisine-bleu-rouge-pale\/#breadcrumb","itemListElement":[{"@type":"ListItem","position":1,"name":"Page d'accueil","item":"https:\/\/hubsch-interior.com\/fr\/"},{"@type":"ListItem","position":2,"name":"Produits","item":"https:\/\/hubsch-interior.com\/fr\/shop-2\/"},{"@type":"ListItem","position":3,"name":"Cuisine","item":"https:\/\/hubsch-interior.com\/fr\/categorie-produit\/cuisine\/"},{"@type":"ListItem","position":4,"name":"Vaisselle","item":"https:\/\/hubsch-interior.com\/fr\/categorie-produit\/cuisine\/vaisselle-fr-2\/"},{"@type":"ListItem","position":5,"name":"Porte-rouleau de cuisine","item":"https:\/\/hubsch-interior.com\/fr\/categorie-produit\/cuisine\/vaisselle-fr-2\/porte-rouleau-de-cuisine-fr\/"},{"@type":"ListItem","position":6,"name":"Kiosk Porte-rouleau de cuisine Bleu\/Rouge P\u00e2le"}]},{"@type":"WebSite","@id":"https:\/\/hubsch-interior.com\/fr\/#website","url":"https:\/\/hubsch-interior.com\/fr\/","name":"H\u00fcbsch","description":"Danish Home Interior and Design","publisher":{"@id":"https:\/\/hubsch-interior.com\/fr\/#organization"},"potentialAction":[{"@type":"SearchAction","target":{"@type":"EntryPoint","urlTemplate":"https:\/\/hubsch-interior.com\/fr\/?s={search_term_string}"},"query-input":{"@type":"PropertyValueSpecification","valueRequired":true,"valueName":"search_term_string"}}],"inLanguage":"fr-FR"},{"@type":"Organization","@id":"https:\/\/hubsch-interior.com\/fr\/#organization","name":"H\u00fcbsch","url":"https:\/\/hubsch-interior.com\/fr\/","logo":{"@type":"ImageObject","inLanguage":"fr-FR","@id":"https:\/\/hubsch-interior.com\/fr\/#\/schema\/logo\/image\/","url":"https:\/\/hubsch-interior.com\/wp-content\/uploads\/2022\/12\/Hubsch_logo_black_one_line.svg","contentUrl":"https:\/\/hubsch-interior.com\/wp-content\/uploads\/2022\/12\/Hubsch_logo_black_one_line.svg","caption":"H\u00fcbsch"},"image":{"@id":"https:\/\/hubsch-interior.com\/fr\/#\/schema\/logo\/image\/"}}]}},"_links":{"self":[{"href":"https:\/\/hubsch-interior.com\/fr\/wp-json\/wp\/v2\/product\/398692","targetHints":{"allow":["GET"]}}],"collection":[{"href":"https:\/\/hubsch-interior.com\/fr\/wp-json\/wp\/v2\/product"}],"about":[{"href":"https:\/\/hubsch-interior.com\/fr\/wp-json\/wp\/v2\/types\/product"}],"wp:featuredmedia":[{"embeddable":true,"href":"https:\/\/hubsch-interior.com\/fr\/wp-json\/wp\/v2\/media\/1109878"}],"wp:attachment":[{"href":"https:\/\/hubsch-interior.com\/fr\/wp-json\/wp\/v2\/media?parent=398692"}],"wp:term":[{"taxonomy":"product_brand","embeddable":true,"href":"https:\/\/hubsch-interior.com\/fr\/wp-json\/wp\/v2\/product_brand?post=398692"},{"taxonomy":"product_cat","embeddable":true,"href":"https:\/\/hubsch-interior.com\/fr\/wp-json\/wp\/v2\/product_cat?post=398692"},{"taxonomy":"product_tag","embeddable":true,"href":"https:\/\/hubsch-interior.com\/fr\/wp-json\/wp\/v2\/product_tag?post=398692"}],"curies":[{"name":"wp","href":"https:\/\/api.w.org\/{rel}","templated":true}]}}