{"id":398716,"date":"2021-06-13T23:08:37","date_gmt":"2021-06-13T21:08:37","guid":{"rendered":"https:\/\/hubsch-interior.com\/shop-b2c\/product\/product\/"},"modified":"2026-04-09T05:16:11","modified_gmt":"2026-04-09T03:16:11","slug":"astro-bougeoir-rouge-pale","status":"publish","type":"product","link":"https:\/\/hubsch-interior.com\/fr\/produit\/astro-bougeoir-rouge-pale\/","title":{"rendered":"Astro Bougeoir Rouge P\u00e2le"},"content":{"rendered":"<p>Un bougeoir qui poss\u00e8de une forme g\u00e9om\u00e9trique mais simple attire toujours le regard. Ajoutez-y une combinaison de couleurs audacieuses, rose, jaune, vert et bleu, et vous obtenez ce magnifique bougeoir en cristal de verre. Allumer des bougies c\u2019est produire une ambiance cosy et tamis\u00e9. Ce bougeoir, peut facilement habiller votre table \u00e0 manger ou votre chemin\u00e9e. C\u2019est certain il fera parler de lui.<\/p>\n","protected":false},"excerpt":{"rendered":"<p>Un bougeoir qui poss\u00e8de une forme g\u00e9om\u00e9trique mais simple attire toujours le regard. Ajoutez-y une combinaison de couleurs audacieuses, rose, jaune, vert et bleu, et vous obtenez ce magnifique bougeoir en cristal de verre. Allumer des bougies c\u2019est produire une ambiance cosy et tamis\u00e9. Ce bougeoir, peut facilement habiller votre table \u00e0 manger ou votre [&hellip;]<\/p>\n","protected":false},"featured_media":1114568,"template":"","meta":{"_acf_changed":false,"inline_featured_image":false},"product_brand":[],"product_cat":[4065,4066,6348,5026,6535,6971],"product_tag":[],"class_list":{"0":"post-398716","1":"product","2":"type-product","3":"status-publish","4":"has-post-thumbnail","6":"product_cat-bougeoirs-lanternes-fr","7":"product_cat-bougeoirs-et-photophores-fr","8":"product_cat-garden-selection-fr","9":"product_cat-bestsellers-fr","10":"product_cat-outlet-fr","11":"product_cat-paques","12":"product_shipping_class-pk","14":"pa_color-rouge-ple-2","15":"pa_material-cristal-fr","17":"first","18":"instock","19":"sale","20":"featured","21":"taxable","22":"shipping-taxable","23":"purchasable","24":"product-type-simple"},"exclude_global_add_ons":[],"addons":[],"acf":[],"yoast_head":"<!-- This site is optimized with the Yoast SEO plugin v26.4 - https:\/\/yoast.com\/wordpress\/plugins\/seo\/ -->\n<title>Astro Bougeoir Rouge P\u00e2le - H\u00fcbsch<\/title>\n<meta name=\"description\" content=\"Un bougeoir qui poss\u00e8de une forme g\u00e9om\u00e9trique mais simple attire toujours le regard. Ajoutez-y une combinaison de couleurs audacieuses, rose, jaune, vert\" \/>\n<meta name=\"robots\" content=\"index, follow, max-snippet:-1, max-image-preview:large, max-video-preview:-1\" \/>\n<link rel=\"canonical\" href=\"https:\/\/hubsch-interior.com\/fr\/wp-json\/wp\/v2\/product\/398716\" \/>\n<meta property=\"og:locale\" content=\"fr_FR\" \/>\n<meta property=\"og:type\" content=\"article\" \/>\n<meta property=\"og:title\" content=\"Astro Bougeoir Rouge P\u00e2le - H\u00fcbsch\" \/>\n<meta property=\"og:description\" content=\"Un bougeoir qui poss\u00e8de une forme g\u00e9om\u00e9trique mais simple attire toujours le regard. Ajoutez-y une combinaison de couleurs audacieuses, rose, jaune, vert\" \/>\n<meta property=\"og:url\" content=\"https:\/\/hubsch-interior.com\/fr\/produit\/astro-bougeoir-rouge-pale\/\" \/>\n<meta property=\"og:site_name\" content=\"H\u00fcbsch\" \/>\n<meta property=\"article:modified_time\" content=\"2026-04-09T03:16:11+00:00\" \/>\n<meta property=\"og:image\" content=\"https:\/\/hubsch-interior.com\/wp-content\/uploads\/2024\/01\/astro-candlestick-pink-48bbe3a455141ccf2e3a3679c1cde55e.jpg\" \/>\n\t<meta property=\"og:image:width\" content=\"1200\" \/>\n\t<meta property=\"og:image:height\" content=\"1200\" \/>\n\t<meta property=\"og:image:type\" content=\"image\/jpeg\" \/>\n<meta name=\"twitter:card\" content=\"summary_large_image\" \/>\n<script type=\"application\/ld+json\" class=\"yoast-schema-graph\">{\"@context\":\"https:\/\/schema.org\",\"@graph\":[{\"@type\":\"WebPage\",\"@id\":\"https:\/\/hubsch-interior.com\/fr\/produit\/astro-bougeoir-rouge-pale\/\",\"url\":\"https:\/\/hubsch-interior.com\/fr\/produit\/astro-bougeoir-rouge-pale\/\",\"name\":\"Astro Bougeoir Rouge P\u00e2le - H\u00fcbsch\",\"isPartOf\":{\"@id\":\"https:\/\/hubsch-interior.com\/fr\/#website\"},\"primaryImageOfPage\":{\"@id\":\"https:\/\/hubsch-interior.com\/fr\/produit\/astro-bougeoir-rouge-pale\/#primaryimage\"},\"image\":{\"@id\":\"https:\/\/hubsch-interior.com\/fr\/produit\/astro-bougeoir-rouge-pale\/#primaryimage\"},\"thumbnailUrl\":\"https:\/\/hubsch-interior.com\/wp-content\/uploads\/2026\/02\/astro-candlestick-pink-03564633b0a77183ebe5df0be64b8515.jpg\",\"datePublished\":\"2021-06-13T21:08:37+00:00\",\"dateModified\":\"2026-04-09T03:16:11+00:00\",\"description\":\"Un bougeoir qui poss\u00e8de une forme g\u00e9om\u00e9trique mais simple attire toujours le regard. Ajoutez-y une combinaison de couleurs audacieuses, rose, jaune, vert\",\"breadcrumb\":{\"@id\":\"https:\/\/hubsch-interior.com\/fr\/produit\/astro-bougeoir-rouge-pale\/#breadcrumb\"},\"inLanguage\":\"fr-FR\",\"potentialAction\":[{\"@type\":\"ReadAction\",\"target\":[\"https:\/\/hubsch-interior.com\/fr\/produit\/astro-bougeoir-rouge-pale\/\"]}]},{\"@type\":\"ImageObject\",\"inLanguage\":\"fr-FR\",\"@id\":\"https:\/\/hubsch-interior.com\/fr\/produit\/astro-bougeoir-rouge-pale\/#primaryimage\",\"url\":\"https:\/\/hubsch-interior.com\/wp-content\/uploads\/2026\/02\/astro-candlestick-pink-03564633b0a77183ebe5df0be64b8515.jpg\",\"contentUrl\":\"https:\/\/hubsch-interior.com\/wp-content\/uploads\/2026\/02\/astro-candlestick-pink-03564633b0a77183ebe5df0be64b8515.jpg\",\"width\":1024,\"height\":1024},{\"@type\":\"BreadcrumbList\",\"@id\":\"https:\/\/hubsch-interior.com\/fr\/produit\/astro-bougeoir-rouge-pale\/#breadcrumb\",\"itemListElement\":[{\"@type\":\"ListItem\",\"position\":1,\"name\":\"Page d'accueil\",\"item\":\"https:\/\/hubsch-interior.com\/fr\/\"},{\"@type\":\"ListItem\",\"position\":2,\"name\":\"Produits\",\"item\":\"https:\/\/hubsch-interior.com\/fr\/shop-2\/\"},{\"@type\":\"ListItem\",\"position\":3,\"name\":\"Accessoires maison\",\"item\":\"https:\/\/hubsch-interior.com\/fr\/categorie-produit\/accessoires-maison\/\"},{\"@type\":\"ListItem\",\"position\":4,\"name\":\"Bougeoirs &amp; lanternes\",\"item\":\"https:\/\/hubsch-interior.com\/fr\/categorie-produit\/accessoires-maison\/bougeoirs-lanternes-fr\/\"},{\"@type\":\"ListItem\",\"position\":5,\"name\":\"Bougeoirs et photophores\",\"item\":\"https:\/\/hubsch-interior.com\/fr\/categorie-produit\/accessoires-maison\/bougeoirs-lanternes-fr\/bougeoirs-et-photophores-fr\/\"},{\"@type\":\"ListItem\",\"position\":6,\"name\":\"Astro Bougeoir Rouge P\u00e2le\"}]},{\"@type\":\"WebSite\",\"@id\":\"https:\/\/hubsch-interior.com\/fr\/#website\",\"url\":\"https:\/\/hubsch-interior.com\/fr\/\",\"name\":\"H\u00fcbsch\",\"description\":\"Danish Home Interior and Design\",\"publisher\":{\"@id\":\"https:\/\/hubsch-interior.com\/fr\/#organization\"},\"potentialAction\":[{\"@type\":\"SearchAction\",\"target\":{\"@type\":\"EntryPoint\",\"urlTemplate\":\"https:\/\/hubsch-interior.com\/fr\/?s={search_term_string}\"},\"query-input\":{\"@type\":\"PropertyValueSpecification\",\"valueRequired\":true,\"valueName\":\"search_term_string\"}}],\"inLanguage\":\"fr-FR\"},{\"@type\":\"Organization\",\"@id\":\"https:\/\/hubsch-interior.com\/fr\/#organization\",\"name\":\"H\u00fcbsch\",\"url\":\"https:\/\/hubsch-interior.com\/fr\/\",\"logo\":{\"@type\":\"ImageObject\",\"inLanguage\":\"fr-FR\",\"@id\":\"https:\/\/hubsch-interior.com\/fr\/#\/schema\/logo\/image\/\",\"url\":\"https:\/\/hubsch-interior.com\/wp-content\/uploads\/2022\/12\/Hubsch_logo_black_one_line.svg\",\"contentUrl\":\"https:\/\/hubsch-interior.com\/wp-content\/uploads\/2022\/12\/Hubsch_logo_black_one_line.svg\",\"caption\":\"H\u00fcbsch\"},\"image\":{\"@id\":\"https:\/\/hubsch-interior.com\/fr\/#\/schema\/logo\/image\/\"}}]}<\/script>\n<!-- \/ Yoast SEO plugin. -->","yoast_head_json":{"title":"Astro Bougeoir Rouge P\u00e2le - H\u00fcbsch","description":"Un bougeoir qui poss\u00e8de une forme g\u00e9om\u00e9trique mais simple attire toujours le regard. Ajoutez-y une combinaison de couleurs audacieuses, rose, jaune, vert","robots":{"index":"index","follow":"follow","max-snippet":"max-snippet:-1","max-image-preview":"max-image-preview:large","max-video-preview":"max-video-preview:-1"},"canonical":"https:\/\/hubsch-interior.com\/fr\/wp-json\/wp\/v2\/product\/398716","og_locale":"fr_FR","og_type":"article","og_title":"Astro Bougeoir Rouge P\u00e2le - H\u00fcbsch","og_description":"Un bougeoir qui poss\u00e8de une forme g\u00e9om\u00e9trique mais simple attire toujours le regard. Ajoutez-y une combinaison de couleurs audacieuses, rose, jaune, vert","og_url":"https:\/\/hubsch-interior.com\/fr\/produit\/astro-bougeoir-rouge-pale\/","og_site_name":"H\u00fcbsch","article_modified_time":"2026-04-09T03:16:11+00:00","og_image":[{"width":1200,"height":1200,"url":"https:\/\/hubsch-interior.com\/wp-content\/uploads\/2024\/01\/astro-candlestick-pink-48bbe3a455141ccf2e3a3679c1cde55e.jpg","type":"image\/jpeg"}],"twitter_card":"summary_large_image","schema":{"@context":"https:\/\/schema.org","@graph":[{"@type":"WebPage","@id":"https:\/\/hubsch-interior.com\/fr\/produit\/astro-bougeoir-rouge-pale\/","url":"https:\/\/hubsch-interior.com\/fr\/produit\/astro-bougeoir-rouge-pale\/","name":"Astro Bougeoir Rouge P\u00e2le - H\u00fcbsch","isPartOf":{"@id":"https:\/\/hubsch-interior.com\/fr\/#website"},"primaryImageOfPage":{"@id":"https:\/\/hubsch-interior.com\/fr\/produit\/astro-bougeoir-rouge-pale\/#primaryimage"},"image":{"@id":"https:\/\/hubsch-interior.com\/fr\/produit\/astro-bougeoir-rouge-pale\/#primaryimage"},"thumbnailUrl":"https:\/\/hubsch-interior.com\/wp-content\/uploads\/2026\/02\/astro-candlestick-pink-03564633b0a77183ebe5df0be64b8515.jpg","datePublished":"2021-06-13T21:08:37+00:00","dateModified":"2026-04-09T03:16:11+00:00","description":"Un bougeoir qui poss\u00e8de une forme g\u00e9om\u00e9trique mais simple attire toujours le regard. Ajoutez-y une combinaison de couleurs audacieuses, rose, jaune, vert","breadcrumb":{"@id":"https:\/\/hubsch-interior.com\/fr\/produit\/astro-bougeoir-rouge-pale\/#breadcrumb"},"inLanguage":"fr-FR","potentialAction":[{"@type":"ReadAction","target":["https:\/\/hubsch-interior.com\/fr\/produit\/astro-bougeoir-rouge-pale\/"]}]},{"@type":"ImageObject","inLanguage":"fr-FR","@id":"https:\/\/hubsch-interior.com\/fr\/produit\/astro-bougeoir-rouge-pale\/#primaryimage","url":"https:\/\/hubsch-interior.com\/wp-content\/uploads\/2026\/02\/astro-candlestick-pink-03564633b0a77183ebe5df0be64b8515.jpg","contentUrl":"https:\/\/hubsch-interior.com\/wp-content\/uploads\/2026\/02\/astro-candlestick-pink-03564633b0a77183ebe5df0be64b8515.jpg","width":1024,"height":1024},{"@type":"BreadcrumbList","@id":"https:\/\/hubsch-interior.com\/fr\/produit\/astro-bougeoir-rouge-pale\/#breadcrumb","itemListElement":[{"@type":"ListItem","position":1,"name":"Page d'accueil","item":"https:\/\/hubsch-interior.com\/fr\/"},{"@type":"ListItem","position":2,"name":"Produits","item":"https:\/\/hubsch-interior.com\/fr\/shop-2\/"},{"@type":"ListItem","position":3,"name":"Accessoires maison","item":"https:\/\/hubsch-interior.com\/fr\/categorie-produit\/accessoires-maison\/"},{"@type":"ListItem","position":4,"name":"Bougeoirs &amp; lanternes","item":"https:\/\/hubsch-interior.com\/fr\/categorie-produit\/accessoires-maison\/bougeoirs-lanternes-fr\/"},{"@type":"ListItem","position":5,"name":"Bougeoirs et photophores","item":"https:\/\/hubsch-interior.com\/fr\/categorie-produit\/accessoires-maison\/bougeoirs-lanternes-fr\/bougeoirs-et-photophores-fr\/"},{"@type":"ListItem","position":6,"name":"Astro Bougeoir Rouge P\u00e2le"}]},{"@type":"WebSite","@id":"https:\/\/hubsch-interior.com\/fr\/#website","url":"https:\/\/hubsch-interior.com\/fr\/","name":"H\u00fcbsch","description":"Danish Home Interior and Design","publisher":{"@id":"https:\/\/hubsch-interior.com\/fr\/#organization"},"potentialAction":[{"@type":"SearchAction","target":{"@type":"EntryPoint","urlTemplate":"https:\/\/hubsch-interior.com\/fr\/?s={search_term_string}"},"query-input":{"@type":"PropertyValueSpecification","valueRequired":true,"valueName":"search_term_string"}}],"inLanguage":"fr-FR"},{"@type":"Organization","@id":"https:\/\/hubsch-interior.com\/fr\/#organization","name":"H\u00fcbsch","url":"https:\/\/hubsch-interior.com\/fr\/","logo":{"@type":"ImageObject","inLanguage":"fr-FR","@id":"https:\/\/hubsch-interior.com\/fr\/#\/schema\/logo\/image\/","url":"https:\/\/hubsch-interior.com\/wp-content\/uploads\/2022\/12\/Hubsch_logo_black_one_line.svg","contentUrl":"https:\/\/hubsch-interior.com\/wp-content\/uploads\/2022\/12\/Hubsch_logo_black_one_line.svg","caption":"H\u00fcbsch"},"image":{"@id":"https:\/\/hubsch-interior.com\/fr\/#\/schema\/logo\/image\/"}}]}},"_links":{"self":[{"href":"https:\/\/hubsch-interior.com\/fr\/wp-json\/wp\/v2\/product\/398716","targetHints":{"allow":["GET"]}}],"collection":[{"href":"https:\/\/hubsch-interior.com\/fr\/wp-json\/wp\/v2\/product"}],"about":[{"href":"https:\/\/hubsch-interior.com\/fr\/wp-json\/wp\/v2\/types\/product"}],"wp:featuredmedia":[{"embeddable":true,"href":"https:\/\/hubsch-interior.com\/fr\/wp-json\/wp\/v2\/media\/1114568"}],"wp:attachment":[{"href":"https:\/\/hubsch-interior.com\/fr\/wp-json\/wp\/v2\/media?parent=398716"}],"wp:term":[{"taxonomy":"product_brand","embeddable":true,"href":"https:\/\/hubsch-interior.com\/fr\/wp-json\/wp\/v2\/product_brand?post=398716"},{"taxonomy":"product_cat","embeddable":true,"href":"https:\/\/hubsch-interior.com\/fr\/wp-json\/wp\/v2\/product_cat?post=398716"},{"taxonomy":"product_tag","embeddable":true,"href":"https:\/\/hubsch-interior.com\/fr\/wp-json\/wp\/v2\/product_tag?post=398716"}],"curies":[{"name":"wp","href":"https:\/\/api.w.org\/{rel}","templated":true}]}}