{"id":39954,"date":"2020-12-15T09:50:55","date_gmt":"2020-12-15T08:50:55","guid":{"rendered":"https:\/\/hubsch-interior.com\/product\/product-27\/"},"modified":"2026-04-05T04:51:21","modified_gmt":"2026-04-05T02:51:21","slug":"nomad-pot-de-fleurs-small-naturel","status":"publish","type":"product","link":"https:\/\/hubsch-interior.com\/fr\/produit\/nomad-pot-de-fleurs-small-naturel\/","title":{"rendered":"Nomad Pot de fleurs Small Naturel"},"content":{"rendered":"<p>Le Nomad Pot de fleurs Naturel est fabriqu\u00e9 en bois de Ch\u00eane certifi\u00e9 FSC. Il s&#8217;int\u00e8gre parfaitement \u00e0 votre d\u00e9coration int\u00e9rieure, offrant une touche rustique \u00e0 votre int\u00e9rieur. Sa forme unique et son design \u00e9l\u00e9gant s&#8217;ajustent \u00e0 tous les styles de d\u00e9coration. Sa qualit\u00e9 et sa construction robuste sont garanties pour longtemps. Pratique et facile \u00e0 transporter, le Nomad Pot de fleurs Naturel est un must-have pour tous les amateurs de design.<\/p>\n","protected":false},"excerpt":{"rendered":"<p>Le Nomad Pot de fleurs Naturel est fabriqu\u00e9 en bois de Ch\u00eane certifi\u00e9 FSC. Il s&#8217;int\u00e8gre parfaitement \u00e0 votre d\u00e9coration int\u00e9rieure, offrant une touche rustique \u00e0 votre int\u00e9rieur. Sa forme unique et son design \u00e9l\u00e9gant s&#8217;ajustent \u00e0 tous les styles de d\u00e9coration. Sa qualit\u00e9 et sa construction robuste sont garanties pour longtemps. Pratique et facile [&hellip;]<\/p>\n","protected":false},"featured_media":1102463,"template":"","meta":{"_acf_changed":false,"inline_featured_image":false},"product_brand":[],"product_cat":[6943,4914,4915,5026],"product_tag":[],"class_list":{"0":"post-39954","1":"product","2":"type-product","3":"status-publish","4":"has-post-thumbnail","6":"product_cat-bestseller-2025-fr","7":"product_cat-pots-de-fleur-et-arrosior-fr","8":"product_cat-pots-de-fleurs-fr","9":"product_cat-bestsellers-fr","10":"product_shipping_class-pk","11":"pa_color-naturel-2","12":"pa_material-mdf-fr","13":"pa_material-bois-de-chne-2","14":"pa_material-placage-de-chne-2","16":"first","17":"outofstock","18":"featured","19":"taxable","20":"shipping-taxable","21":"purchasable","22":"product-type-simple"},"exclude_global_add_ons":[],"addons":[],"acf":[],"yoast_head":"<!-- This site is optimized with the Yoast SEO plugin v26.4 - https:\/\/yoast.com\/wordpress\/plugins\/seo\/ -->\n<title>Nomad Pot de fleurs Small Naturel - H\u00fcbsch<\/title>\n<meta name=\"description\" content=\"Le Nomad Pot de fleurs Naturel est fabriqu\u00e9 en bois de Ch\u00eane certifi\u00e9 FSC. Il s&#039;int\u00e8gre parfaitement \u00e0 votre d\u00e9coration int\u00e9rieure, offrant une touche\" \/>\n<meta name=\"robots\" content=\"index, follow, max-snippet:-1, max-image-preview:large, max-video-preview:-1\" \/>\n<link rel=\"canonical\" href=\"https:\/\/hubsch-interior.com\/fr\/wp-json\/wp\/v2\/product\/39954\" \/>\n<meta property=\"og:locale\" content=\"fr_FR\" \/>\n<meta property=\"og:type\" content=\"article\" \/>\n<meta property=\"og:title\" content=\"Nomad Pot de fleurs Small Naturel - H\u00fcbsch\" \/>\n<meta property=\"og:description\" content=\"Le Nomad Pot de fleurs Naturel est fabriqu\u00e9 en bois de Ch\u00eane certifi\u00e9 FSC. Il s&#039;int\u00e8gre parfaitement \u00e0 votre d\u00e9coration int\u00e9rieure, offrant une touche\" \/>\n<meta property=\"og:url\" content=\"https:\/\/hubsch-interior.com\/fr\/produit\/nomad-pot-de-fleurs-small-naturel\/\" \/>\n<meta property=\"og:site_name\" content=\"H\u00fcbsch\" \/>\n<meta property=\"article:modified_time\" content=\"2026-04-05T02:51:21+00:00\" \/>\n<meta property=\"og:image\" content=\"https:\/\/hubsch-interior.com\/wp-content\/uploads\/2023\/08\/nomad-plant-stand-natural-af87462b3efdde19b97a1d5af07c5e14.jpg\" \/>\n\t<meta property=\"og:image:width\" content=\"1200\" \/>\n\t<meta property=\"og:image:height\" content=\"1200\" \/>\n\t<meta property=\"og:image:type\" content=\"image\/jpeg\" \/>\n<meta name=\"twitter:card\" content=\"summary_large_image\" \/>\n<script type=\"application\/ld+json\" class=\"yoast-schema-graph\">{\"@context\":\"https:\/\/schema.org\",\"@graph\":[{\"@type\":\"WebPage\",\"@id\":\"https:\/\/hubsch-interior.com\/fr\/produit\/nomad-pot-de-fleurs-small-naturel\/\",\"url\":\"https:\/\/hubsch-interior.com\/fr\/produit\/nomad-pot-de-fleurs-small-naturel\/\",\"name\":\"Nomad Pot de fleurs Small Naturel - H\u00fcbsch\",\"isPartOf\":{\"@id\":\"https:\/\/hubsch-interior.com\/fr\/#website\"},\"primaryImageOfPage\":{\"@id\":\"https:\/\/hubsch-interior.com\/fr\/produit\/nomad-pot-de-fleurs-small-naturel\/#primaryimage\"},\"image\":{\"@id\":\"https:\/\/hubsch-interior.com\/fr\/produit\/nomad-pot-de-fleurs-small-naturel\/#primaryimage\"},\"thumbnailUrl\":\"https:\/\/hubsch-interior.com\/wp-content\/uploads\/2026\/02\/nomad-plant-stand-small-natural-27a19fac00400f6e3f1950ca8efc9e9e.jpg\",\"datePublished\":\"2020-12-15T08:50:55+00:00\",\"dateModified\":\"2026-04-05T02:51:21+00:00\",\"description\":\"Le Nomad Pot de fleurs Naturel est fabriqu\u00e9 en bois de Ch\u00eane certifi\u00e9 FSC. Il s'int\u00e8gre parfaitement \u00e0 votre d\u00e9coration int\u00e9rieure, offrant une touche\",\"breadcrumb\":{\"@id\":\"https:\/\/hubsch-interior.com\/fr\/produit\/nomad-pot-de-fleurs-small-naturel\/#breadcrumb\"},\"inLanguage\":\"fr-FR\",\"potentialAction\":[{\"@type\":\"ReadAction\",\"target\":[\"https:\/\/hubsch-interior.com\/fr\/produit\/nomad-pot-de-fleurs-small-naturel\/\"]}]},{\"@type\":\"ImageObject\",\"inLanguage\":\"fr-FR\",\"@id\":\"https:\/\/hubsch-interior.com\/fr\/produit\/nomad-pot-de-fleurs-small-naturel\/#primaryimage\",\"url\":\"https:\/\/hubsch-interior.com\/wp-content\/uploads\/2026\/02\/nomad-plant-stand-small-natural-27a19fac00400f6e3f1950ca8efc9e9e.jpg\",\"contentUrl\":\"https:\/\/hubsch-interior.com\/wp-content\/uploads\/2026\/02\/nomad-plant-stand-small-natural-27a19fac00400f6e3f1950ca8efc9e9e.jpg\",\"width\":1024,\"height\":1024},{\"@type\":\"BreadcrumbList\",\"@id\":\"https:\/\/hubsch-interior.com\/fr\/produit\/nomad-pot-de-fleurs-small-naturel\/#breadcrumb\",\"itemListElement\":[{\"@type\":\"ListItem\",\"position\":1,\"name\":\"Page d'accueil\",\"item\":\"https:\/\/hubsch-interior.com\/fr\/\"},{\"@type\":\"ListItem\",\"position\":2,\"name\":\"Produits\",\"item\":\"https:\/\/hubsch-interior.com\/fr\/shop-2\/\"},{\"@type\":\"ListItem\",\"position\":3,\"name\":\"Accessoires maison\",\"item\":\"https:\/\/hubsch-interior.com\/fr\/categorie-produit\/accessoires-maison\/\"},{\"@type\":\"ListItem\",\"position\":4,\"name\":\"Pots de fleur et arrosior\",\"item\":\"https:\/\/hubsch-interior.com\/fr\/categorie-produit\/accessoires-maison\/pots-de-fleur-et-arrosior-fr\/\"},{\"@type\":\"ListItem\",\"position\":5,\"name\":\"Pots de fleurs\",\"item\":\"https:\/\/hubsch-interior.com\/fr\/categorie-produit\/accessoires-maison\/pots-de-fleur-et-arrosior-fr\/pots-de-fleurs-fr\/\"},{\"@type\":\"ListItem\",\"position\":6,\"name\":\"Nomad Pot de fleurs Small Naturel\"}]},{\"@type\":\"WebSite\",\"@id\":\"https:\/\/hubsch-interior.com\/fr\/#website\",\"url\":\"https:\/\/hubsch-interior.com\/fr\/\",\"name\":\"H\u00fcbsch\",\"description\":\"Danish Home Interior and Design\",\"publisher\":{\"@id\":\"https:\/\/hubsch-interior.com\/fr\/#organization\"},\"potentialAction\":[{\"@type\":\"SearchAction\",\"target\":{\"@type\":\"EntryPoint\",\"urlTemplate\":\"https:\/\/hubsch-interior.com\/fr\/?s={search_term_string}\"},\"query-input\":{\"@type\":\"PropertyValueSpecification\",\"valueRequired\":true,\"valueName\":\"search_term_string\"}}],\"inLanguage\":\"fr-FR\"},{\"@type\":\"Organization\",\"@id\":\"https:\/\/hubsch-interior.com\/fr\/#organization\",\"name\":\"H\u00fcbsch\",\"url\":\"https:\/\/hubsch-interior.com\/fr\/\",\"logo\":{\"@type\":\"ImageObject\",\"inLanguage\":\"fr-FR\",\"@id\":\"https:\/\/hubsch-interior.com\/fr\/#\/schema\/logo\/image\/\",\"url\":\"https:\/\/hubsch-interior.com\/wp-content\/uploads\/2022\/12\/Hubsch_logo_black_one_line.svg\",\"contentUrl\":\"https:\/\/hubsch-interior.com\/wp-content\/uploads\/2022\/12\/Hubsch_logo_black_one_line.svg\",\"caption\":\"H\u00fcbsch\"},\"image\":{\"@id\":\"https:\/\/hubsch-interior.com\/fr\/#\/schema\/logo\/image\/\"}}]}<\/script>\n<!-- \/ Yoast SEO plugin. -->","yoast_head_json":{"title":"Nomad Pot de fleurs Small Naturel - H\u00fcbsch","description":"Le Nomad Pot de fleurs Naturel est fabriqu\u00e9 en bois de Ch\u00eane certifi\u00e9 FSC. Il s'int\u00e8gre parfaitement \u00e0 votre d\u00e9coration int\u00e9rieure, offrant une touche","robots":{"index":"index","follow":"follow","max-snippet":"max-snippet:-1","max-image-preview":"max-image-preview:large","max-video-preview":"max-video-preview:-1"},"canonical":"https:\/\/hubsch-interior.com\/fr\/wp-json\/wp\/v2\/product\/39954","og_locale":"fr_FR","og_type":"article","og_title":"Nomad Pot de fleurs Small Naturel - H\u00fcbsch","og_description":"Le Nomad Pot de fleurs Naturel est fabriqu\u00e9 en bois de Ch\u00eane certifi\u00e9 FSC. Il s'int\u00e8gre parfaitement \u00e0 votre d\u00e9coration int\u00e9rieure, offrant une touche","og_url":"https:\/\/hubsch-interior.com\/fr\/produit\/nomad-pot-de-fleurs-small-naturel\/","og_site_name":"H\u00fcbsch","article_modified_time":"2026-04-05T02:51:21+00:00","og_image":[{"width":1200,"height":1200,"url":"https:\/\/hubsch-interior.com\/wp-content\/uploads\/2023\/08\/nomad-plant-stand-natural-af87462b3efdde19b97a1d5af07c5e14.jpg","type":"image\/jpeg"}],"twitter_card":"summary_large_image","schema":{"@context":"https:\/\/schema.org","@graph":[{"@type":"WebPage","@id":"https:\/\/hubsch-interior.com\/fr\/produit\/nomad-pot-de-fleurs-small-naturel\/","url":"https:\/\/hubsch-interior.com\/fr\/produit\/nomad-pot-de-fleurs-small-naturel\/","name":"Nomad Pot de fleurs Small Naturel - H\u00fcbsch","isPartOf":{"@id":"https:\/\/hubsch-interior.com\/fr\/#website"},"primaryImageOfPage":{"@id":"https:\/\/hubsch-interior.com\/fr\/produit\/nomad-pot-de-fleurs-small-naturel\/#primaryimage"},"image":{"@id":"https:\/\/hubsch-interior.com\/fr\/produit\/nomad-pot-de-fleurs-small-naturel\/#primaryimage"},"thumbnailUrl":"https:\/\/hubsch-interior.com\/wp-content\/uploads\/2026\/02\/nomad-plant-stand-small-natural-27a19fac00400f6e3f1950ca8efc9e9e.jpg","datePublished":"2020-12-15T08:50:55+00:00","dateModified":"2026-04-05T02:51:21+00:00","description":"Le Nomad Pot de fleurs Naturel est fabriqu\u00e9 en bois de Ch\u00eane certifi\u00e9 FSC. Il s'int\u00e8gre parfaitement \u00e0 votre d\u00e9coration int\u00e9rieure, offrant une touche","breadcrumb":{"@id":"https:\/\/hubsch-interior.com\/fr\/produit\/nomad-pot-de-fleurs-small-naturel\/#breadcrumb"},"inLanguage":"fr-FR","potentialAction":[{"@type":"ReadAction","target":["https:\/\/hubsch-interior.com\/fr\/produit\/nomad-pot-de-fleurs-small-naturel\/"]}]},{"@type":"ImageObject","inLanguage":"fr-FR","@id":"https:\/\/hubsch-interior.com\/fr\/produit\/nomad-pot-de-fleurs-small-naturel\/#primaryimage","url":"https:\/\/hubsch-interior.com\/wp-content\/uploads\/2026\/02\/nomad-plant-stand-small-natural-27a19fac00400f6e3f1950ca8efc9e9e.jpg","contentUrl":"https:\/\/hubsch-interior.com\/wp-content\/uploads\/2026\/02\/nomad-plant-stand-small-natural-27a19fac00400f6e3f1950ca8efc9e9e.jpg","width":1024,"height":1024},{"@type":"BreadcrumbList","@id":"https:\/\/hubsch-interior.com\/fr\/produit\/nomad-pot-de-fleurs-small-naturel\/#breadcrumb","itemListElement":[{"@type":"ListItem","position":1,"name":"Page d'accueil","item":"https:\/\/hubsch-interior.com\/fr\/"},{"@type":"ListItem","position":2,"name":"Produits","item":"https:\/\/hubsch-interior.com\/fr\/shop-2\/"},{"@type":"ListItem","position":3,"name":"Accessoires maison","item":"https:\/\/hubsch-interior.com\/fr\/categorie-produit\/accessoires-maison\/"},{"@type":"ListItem","position":4,"name":"Pots de fleur et arrosior","item":"https:\/\/hubsch-interior.com\/fr\/categorie-produit\/accessoires-maison\/pots-de-fleur-et-arrosior-fr\/"},{"@type":"ListItem","position":5,"name":"Pots de fleurs","item":"https:\/\/hubsch-interior.com\/fr\/categorie-produit\/accessoires-maison\/pots-de-fleur-et-arrosior-fr\/pots-de-fleurs-fr\/"},{"@type":"ListItem","position":6,"name":"Nomad Pot de fleurs Small Naturel"}]},{"@type":"WebSite","@id":"https:\/\/hubsch-interior.com\/fr\/#website","url":"https:\/\/hubsch-interior.com\/fr\/","name":"H\u00fcbsch","description":"Danish Home Interior and Design","publisher":{"@id":"https:\/\/hubsch-interior.com\/fr\/#organization"},"potentialAction":[{"@type":"SearchAction","target":{"@type":"EntryPoint","urlTemplate":"https:\/\/hubsch-interior.com\/fr\/?s={search_term_string}"},"query-input":{"@type":"PropertyValueSpecification","valueRequired":true,"valueName":"search_term_string"}}],"inLanguage":"fr-FR"},{"@type":"Organization","@id":"https:\/\/hubsch-interior.com\/fr\/#organization","name":"H\u00fcbsch","url":"https:\/\/hubsch-interior.com\/fr\/","logo":{"@type":"ImageObject","inLanguage":"fr-FR","@id":"https:\/\/hubsch-interior.com\/fr\/#\/schema\/logo\/image\/","url":"https:\/\/hubsch-interior.com\/wp-content\/uploads\/2022\/12\/Hubsch_logo_black_one_line.svg","contentUrl":"https:\/\/hubsch-interior.com\/wp-content\/uploads\/2022\/12\/Hubsch_logo_black_one_line.svg","caption":"H\u00fcbsch"},"image":{"@id":"https:\/\/hubsch-interior.com\/fr\/#\/schema\/logo\/image\/"}}]}},"_links":{"self":[{"href":"https:\/\/hubsch-interior.com\/fr\/wp-json\/wp\/v2\/product\/39954","targetHints":{"allow":["GET"]}}],"collection":[{"href":"https:\/\/hubsch-interior.com\/fr\/wp-json\/wp\/v2\/product"}],"about":[{"href":"https:\/\/hubsch-interior.com\/fr\/wp-json\/wp\/v2\/types\/product"}],"wp:featuredmedia":[{"embeddable":true,"href":"https:\/\/hubsch-interior.com\/fr\/wp-json\/wp\/v2\/media\/1102463"}],"wp:attachment":[{"href":"https:\/\/hubsch-interior.com\/fr\/wp-json\/wp\/v2\/media?parent=39954"}],"wp:term":[{"taxonomy":"product_brand","embeddable":true,"href":"https:\/\/hubsch-interior.com\/fr\/wp-json\/wp\/v2\/product_brand?post=39954"},{"taxonomy":"product_cat","embeddable":true,"href":"https:\/\/hubsch-interior.com\/fr\/wp-json\/wp\/v2\/product_cat?post=39954"},{"taxonomy":"product_tag","embeddable":true,"href":"https:\/\/hubsch-interior.com\/fr\/wp-json\/wp\/v2\/product_tag?post=39954"}],"curies":[{"name":"wp","href":"https:\/\/api.w.org\/{rel}","templated":true}]}}