{"id":39978,"date":"2020-12-15T09:51:04","date_gmt":"2020-12-15T08:51:04","guid":{"rendered":"https:\/\/hubsch-interior.com\/product\/product-28\/"},"modified":"2026-04-05T04:51:25","modified_gmt":"2026-04-05T02:51:25","slug":"folk-bureau-mural-naturel","status":"publish","type":"product","link":"https:\/\/hubsch-interior.com\/fr\/produit\/folk-bureau-mural-naturel\/","title":{"rendered":"Folk Bureau mural Naturel"},"content":{"rendered":"<p>Le Folk Bureau mural Naturel est un meuble multifonctionnel et \u00e9l\u00e9gant qui offre beaucoup d&#8217;espace de rangement en peu d&#8217;encombrement. Fabriqu\u00e9 \u00e0 partir de bois de ch\u00eane certifi\u00e9 FSC, ce bureau mural est con\u00e7u pour \u00eatre robuste et durable. Sa finition naturelle est parfaite pour l&#8217;int\u00e9rieur de votre maison, et il s&#8217;int\u00e8gre facilement dans n&#8217;importe quel d\u00e9cor. Le Folk Bureau mural Naturel est l&#8217;ajout parfait \u00e0 votre espace de travail ou de jeu. Profitez de son design \u00e9l\u00e9gant, de sa solidit\u00e9 et de sa praticit\u00e9.<\/p>\n","protected":false},"excerpt":{"rendered":"<p>Le Folk Bureau mural Naturel est un meuble multifonctionnel et \u00e9l\u00e9gant qui offre beaucoup d&#8217;espace de rangement en peu d&#8217;encombrement. Fabriqu\u00e9 \u00e0 partir de bois de ch\u00eane certifi\u00e9 FSC, ce bureau mural est con\u00e7u pour \u00eatre robuste et durable. Sa finition naturelle est parfaite pour l&#8217;int\u00e9rieur de votre maison, et il s&#8217;int\u00e8gre facilement dans n&#8217;importe [&hellip;]<\/p>\n","protected":false},"featured_media":1102475,"template":"","meta":{"_acf_changed":false,"inline_featured_image":false},"product_brand":[],"product_cat":[2859,2905,4001,4023,5026],"product_tag":[],"class_list":{"0":"post-39978","1":"product","2":"type-product","3":"status-publish","4":"has-post-thumbnail","6":"product_cat-tables-fr","7":"product_cat-bureaux-fr","8":"product_cat-etageres-et-meubles-de-rangement-fr","9":"product_cat-etageres-murales-fr","10":"product_cat-bestsellers-fr","11":"product_shipping_class-pk","13":"pa_color-naturel-2","14":"pa_material-bois-de-chne-2","15":"pa_material-mdf-fr","16":"pa_material-placage-de-chne-2","18":"first","19":"outofstock","20":"featured","21":"taxable","22":"shipping-taxable","23":"purchasable","24":"product-type-simple"},"exclude_global_add_ons":[],"addons":[],"acf":[],"yoast_head":"<!-- This site is optimized with the Yoast SEO plugin v26.4 - https:\/\/yoast.com\/wordpress\/plugins\/seo\/ -->\n<title>Folk Bureau mural Naturel - H\u00fcbsch<\/title>\n<meta name=\"description\" content=\"Le Folk Bureau mural Naturel est un meuble multifonctionnel et \u00e9l\u00e9gant qui offre beaucoup d&#039;espace de rangement en peu d&#039;encombrement. Fabriqu\u00e9 \u00e0 partir\" \/>\n<meta name=\"robots\" content=\"index, follow, max-snippet:-1, max-image-preview:large, max-video-preview:-1\" \/>\n<link rel=\"canonical\" href=\"https:\/\/hubsch-interior.com\/fr\/wp-json\/wp\/v2\/product\/39978\" \/>\n<meta property=\"og:locale\" content=\"fr_FR\" \/>\n<meta property=\"og:type\" content=\"article\" \/>\n<meta property=\"og:title\" content=\"Folk Bureau mural Naturel - H\u00fcbsch\" \/>\n<meta property=\"og:description\" content=\"Le Folk Bureau mural Naturel est un meuble multifonctionnel et \u00e9l\u00e9gant qui offre beaucoup d&#039;espace de rangement en peu d&#039;encombrement. Fabriqu\u00e9 \u00e0 partir\" \/>\n<meta property=\"og:url\" content=\"https:\/\/hubsch-interior.com\/fr\/produit\/folk-bureau-mural-naturel\/\" \/>\n<meta property=\"og:site_name\" content=\"H\u00fcbsch\" \/>\n<meta property=\"article:modified_time\" content=\"2026-04-05T02:51:25+00:00\" \/>\n<meta property=\"og:image\" content=\"https:\/\/hubsch-interior.com\/wp-content\/uploads\/2023\/08\/folk-wall-mounted-desk-natural-d444852c6ac16705347e7b5379fea79e.jpg\" \/>\n\t<meta property=\"og:image:width\" content=\"1200\" \/>\n\t<meta property=\"og:image:height\" content=\"1200\" \/>\n\t<meta property=\"og:image:type\" content=\"image\/jpeg\" \/>\n<meta name=\"twitter:card\" content=\"summary_large_image\" \/>\n<script type=\"application\/ld+json\" class=\"yoast-schema-graph\">{\"@context\":\"https:\/\/schema.org\",\"@graph\":[{\"@type\":\"WebPage\",\"@id\":\"https:\/\/hubsch-interior.com\/fr\/produit\/folk-bureau-mural-naturel\/\",\"url\":\"https:\/\/hubsch-interior.com\/fr\/produit\/folk-bureau-mural-naturel\/\",\"name\":\"Folk Bureau mural Naturel - H\u00fcbsch\",\"isPartOf\":{\"@id\":\"https:\/\/hubsch-interior.com\/fr\/#website\"},\"primaryImageOfPage\":{\"@id\":\"https:\/\/hubsch-interior.com\/fr\/produit\/folk-bureau-mural-naturel\/#primaryimage\"},\"image\":{\"@id\":\"https:\/\/hubsch-interior.com\/fr\/produit\/folk-bureau-mural-naturel\/#primaryimage\"},\"thumbnailUrl\":\"https:\/\/hubsch-interior.com\/wp-content\/uploads\/2026\/02\/folk-wall-mounted-desk-natural-e5c1cee4c1da36a91aea3e12df951443.jpg\",\"datePublished\":\"2020-12-15T08:51:04+00:00\",\"dateModified\":\"2026-04-05T02:51:25+00:00\",\"description\":\"Le Folk Bureau mural Naturel est un meuble multifonctionnel et \u00e9l\u00e9gant qui offre beaucoup d'espace de rangement en peu d'encombrement. Fabriqu\u00e9 \u00e0 partir\",\"breadcrumb\":{\"@id\":\"https:\/\/hubsch-interior.com\/fr\/produit\/folk-bureau-mural-naturel\/#breadcrumb\"},\"inLanguage\":\"fr-FR\",\"potentialAction\":[{\"@type\":\"ReadAction\",\"target\":[\"https:\/\/hubsch-interior.com\/fr\/produit\/folk-bureau-mural-naturel\/\"]}]},{\"@type\":\"ImageObject\",\"inLanguage\":\"fr-FR\",\"@id\":\"https:\/\/hubsch-interior.com\/fr\/produit\/folk-bureau-mural-naturel\/#primaryimage\",\"url\":\"https:\/\/hubsch-interior.com\/wp-content\/uploads\/2026\/02\/folk-wall-mounted-desk-natural-e5c1cee4c1da36a91aea3e12df951443.jpg\",\"contentUrl\":\"https:\/\/hubsch-interior.com\/wp-content\/uploads\/2026\/02\/folk-wall-mounted-desk-natural-e5c1cee4c1da36a91aea3e12df951443.jpg\",\"width\":1024,\"height\":1024},{\"@type\":\"BreadcrumbList\",\"@id\":\"https:\/\/hubsch-interior.com\/fr\/produit\/folk-bureau-mural-naturel\/#breadcrumb\",\"itemListElement\":[{\"@type\":\"ListItem\",\"position\":1,\"name\":\"Page d'accueil\",\"item\":\"https:\/\/hubsch-interior.com\/fr\/\"},{\"@type\":\"ListItem\",\"position\":2,\"name\":\"Produits\",\"item\":\"https:\/\/hubsch-interior.com\/fr\/shop-2\/\"},{\"@type\":\"ListItem\",\"position\":3,\"name\":\"Meubles\",\"item\":\"https:\/\/hubsch-interior.com\/fr\/categorie-produit\/meubles\/\"},{\"@type\":\"ListItem\",\"position\":4,\"name\":\"Tables\",\"item\":\"https:\/\/hubsch-interior.com\/fr\/categorie-produit\/meubles\/tables-fr\/\"},{\"@type\":\"ListItem\",\"position\":5,\"name\":\"Bureaux\",\"item\":\"https:\/\/hubsch-interior.com\/fr\/categorie-produit\/meubles\/tables-fr\/bureaux-fr\/\"},{\"@type\":\"ListItem\",\"position\":6,\"name\":\"Folk Bureau mural Naturel\"}]},{\"@type\":\"WebSite\",\"@id\":\"https:\/\/hubsch-interior.com\/fr\/#website\",\"url\":\"https:\/\/hubsch-interior.com\/fr\/\",\"name\":\"H\u00fcbsch\",\"description\":\"Danish Home Interior and Design\",\"publisher\":{\"@id\":\"https:\/\/hubsch-interior.com\/fr\/#organization\"},\"potentialAction\":[{\"@type\":\"SearchAction\",\"target\":{\"@type\":\"EntryPoint\",\"urlTemplate\":\"https:\/\/hubsch-interior.com\/fr\/?s={search_term_string}\"},\"query-input\":{\"@type\":\"PropertyValueSpecification\",\"valueRequired\":true,\"valueName\":\"search_term_string\"}}],\"inLanguage\":\"fr-FR\"},{\"@type\":\"Organization\",\"@id\":\"https:\/\/hubsch-interior.com\/fr\/#organization\",\"name\":\"H\u00fcbsch\",\"url\":\"https:\/\/hubsch-interior.com\/fr\/\",\"logo\":{\"@type\":\"ImageObject\",\"inLanguage\":\"fr-FR\",\"@id\":\"https:\/\/hubsch-interior.com\/fr\/#\/schema\/logo\/image\/\",\"url\":\"https:\/\/hubsch-interior.com\/wp-content\/uploads\/2022\/12\/Hubsch_logo_black_one_line.svg\",\"contentUrl\":\"https:\/\/hubsch-interior.com\/wp-content\/uploads\/2022\/12\/Hubsch_logo_black_one_line.svg\",\"caption\":\"H\u00fcbsch\"},\"image\":{\"@id\":\"https:\/\/hubsch-interior.com\/fr\/#\/schema\/logo\/image\/\"}}]}<\/script>\n<!-- \/ Yoast SEO plugin. -->","yoast_head_json":{"title":"Folk Bureau mural Naturel - H\u00fcbsch","description":"Le Folk Bureau mural Naturel est un meuble multifonctionnel et \u00e9l\u00e9gant qui offre beaucoup d'espace de rangement en peu d'encombrement. Fabriqu\u00e9 \u00e0 partir","robots":{"index":"index","follow":"follow","max-snippet":"max-snippet:-1","max-image-preview":"max-image-preview:large","max-video-preview":"max-video-preview:-1"},"canonical":"https:\/\/hubsch-interior.com\/fr\/wp-json\/wp\/v2\/product\/39978","og_locale":"fr_FR","og_type":"article","og_title":"Folk Bureau mural Naturel - H\u00fcbsch","og_description":"Le Folk Bureau mural Naturel est un meuble multifonctionnel et \u00e9l\u00e9gant qui offre beaucoup d'espace de rangement en peu d'encombrement. Fabriqu\u00e9 \u00e0 partir","og_url":"https:\/\/hubsch-interior.com\/fr\/produit\/folk-bureau-mural-naturel\/","og_site_name":"H\u00fcbsch","article_modified_time":"2026-04-05T02:51:25+00:00","og_image":[{"width":1200,"height":1200,"url":"https:\/\/hubsch-interior.com\/wp-content\/uploads\/2023\/08\/folk-wall-mounted-desk-natural-d444852c6ac16705347e7b5379fea79e.jpg","type":"image\/jpeg"}],"twitter_card":"summary_large_image","schema":{"@context":"https:\/\/schema.org","@graph":[{"@type":"WebPage","@id":"https:\/\/hubsch-interior.com\/fr\/produit\/folk-bureau-mural-naturel\/","url":"https:\/\/hubsch-interior.com\/fr\/produit\/folk-bureau-mural-naturel\/","name":"Folk Bureau mural Naturel - H\u00fcbsch","isPartOf":{"@id":"https:\/\/hubsch-interior.com\/fr\/#website"},"primaryImageOfPage":{"@id":"https:\/\/hubsch-interior.com\/fr\/produit\/folk-bureau-mural-naturel\/#primaryimage"},"image":{"@id":"https:\/\/hubsch-interior.com\/fr\/produit\/folk-bureau-mural-naturel\/#primaryimage"},"thumbnailUrl":"https:\/\/hubsch-interior.com\/wp-content\/uploads\/2026\/02\/folk-wall-mounted-desk-natural-e5c1cee4c1da36a91aea3e12df951443.jpg","datePublished":"2020-12-15T08:51:04+00:00","dateModified":"2026-04-05T02:51:25+00:00","description":"Le Folk Bureau mural Naturel est un meuble multifonctionnel et \u00e9l\u00e9gant qui offre beaucoup d'espace de rangement en peu d'encombrement. Fabriqu\u00e9 \u00e0 partir","breadcrumb":{"@id":"https:\/\/hubsch-interior.com\/fr\/produit\/folk-bureau-mural-naturel\/#breadcrumb"},"inLanguage":"fr-FR","potentialAction":[{"@type":"ReadAction","target":["https:\/\/hubsch-interior.com\/fr\/produit\/folk-bureau-mural-naturel\/"]}]},{"@type":"ImageObject","inLanguage":"fr-FR","@id":"https:\/\/hubsch-interior.com\/fr\/produit\/folk-bureau-mural-naturel\/#primaryimage","url":"https:\/\/hubsch-interior.com\/wp-content\/uploads\/2026\/02\/folk-wall-mounted-desk-natural-e5c1cee4c1da36a91aea3e12df951443.jpg","contentUrl":"https:\/\/hubsch-interior.com\/wp-content\/uploads\/2026\/02\/folk-wall-mounted-desk-natural-e5c1cee4c1da36a91aea3e12df951443.jpg","width":1024,"height":1024},{"@type":"BreadcrumbList","@id":"https:\/\/hubsch-interior.com\/fr\/produit\/folk-bureau-mural-naturel\/#breadcrumb","itemListElement":[{"@type":"ListItem","position":1,"name":"Page d'accueil","item":"https:\/\/hubsch-interior.com\/fr\/"},{"@type":"ListItem","position":2,"name":"Produits","item":"https:\/\/hubsch-interior.com\/fr\/shop-2\/"},{"@type":"ListItem","position":3,"name":"Meubles","item":"https:\/\/hubsch-interior.com\/fr\/categorie-produit\/meubles\/"},{"@type":"ListItem","position":4,"name":"Tables","item":"https:\/\/hubsch-interior.com\/fr\/categorie-produit\/meubles\/tables-fr\/"},{"@type":"ListItem","position":5,"name":"Bureaux","item":"https:\/\/hubsch-interior.com\/fr\/categorie-produit\/meubles\/tables-fr\/bureaux-fr\/"},{"@type":"ListItem","position":6,"name":"Folk Bureau mural Naturel"}]},{"@type":"WebSite","@id":"https:\/\/hubsch-interior.com\/fr\/#website","url":"https:\/\/hubsch-interior.com\/fr\/","name":"H\u00fcbsch","description":"Danish Home Interior and Design","publisher":{"@id":"https:\/\/hubsch-interior.com\/fr\/#organization"},"potentialAction":[{"@type":"SearchAction","target":{"@type":"EntryPoint","urlTemplate":"https:\/\/hubsch-interior.com\/fr\/?s={search_term_string}"},"query-input":{"@type":"PropertyValueSpecification","valueRequired":true,"valueName":"search_term_string"}}],"inLanguage":"fr-FR"},{"@type":"Organization","@id":"https:\/\/hubsch-interior.com\/fr\/#organization","name":"H\u00fcbsch","url":"https:\/\/hubsch-interior.com\/fr\/","logo":{"@type":"ImageObject","inLanguage":"fr-FR","@id":"https:\/\/hubsch-interior.com\/fr\/#\/schema\/logo\/image\/","url":"https:\/\/hubsch-interior.com\/wp-content\/uploads\/2022\/12\/Hubsch_logo_black_one_line.svg","contentUrl":"https:\/\/hubsch-interior.com\/wp-content\/uploads\/2022\/12\/Hubsch_logo_black_one_line.svg","caption":"H\u00fcbsch"},"image":{"@id":"https:\/\/hubsch-interior.com\/fr\/#\/schema\/logo\/image\/"}}]}},"_links":{"self":[{"href":"https:\/\/hubsch-interior.com\/fr\/wp-json\/wp\/v2\/product\/39978","targetHints":{"allow":["GET"]}}],"collection":[{"href":"https:\/\/hubsch-interior.com\/fr\/wp-json\/wp\/v2\/product"}],"about":[{"href":"https:\/\/hubsch-interior.com\/fr\/wp-json\/wp\/v2\/types\/product"}],"wp:featuredmedia":[{"embeddable":true,"href":"https:\/\/hubsch-interior.com\/fr\/wp-json\/wp\/v2\/media\/1102475"}],"wp:attachment":[{"href":"https:\/\/hubsch-interior.com\/fr\/wp-json\/wp\/v2\/media?parent=39978"}],"wp:term":[{"taxonomy":"product_brand","embeddable":true,"href":"https:\/\/hubsch-interior.com\/fr\/wp-json\/wp\/v2\/product_brand?post=39978"},{"taxonomy":"product_cat","embeddable":true,"href":"https:\/\/hubsch-interior.com\/fr\/wp-json\/wp\/v2\/product_cat?post=39978"},{"taxonomy":"product_tag","embeddable":true,"href":"https:\/\/hubsch-interior.com\/fr\/wp-json\/wp\/v2\/product_tag?post=39978"}],"curies":[{"name":"wp","href":"https:\/\/api.w.org\/{rel}","templated":true}]}}