{"id":40082,"date":"2020-12-15T09:51:26","date_gmt":"2020-12-15T08:51:26","guid":{"rendered":"https:\/\/hubsch-interior.com\/product\/product-33\/"},"modified":"2026-04-09T04:49:26","modified_gmt":"2026-04-09T02:49:26","slug":"wave-porte-rouleau-de-cuisine-naturel","status":"publish","type":"product","link":"https:\/\/hubsch-interior.com\/fr\/produit\/wave-porte-rouleau-de-cuisine-naturel\/","title":{"rendered":"Wave Porte-rouleau de cuisine Naturel"},"content":{"rendered":"<p>Le Wave Porte-rouleau de cuisine Naturel est un produit fabriqu\u00e9 en bois de ch\u00eane certifi\u00e9 FSC. Il est parfait pour organiser et ranger votre cuisine, tout en ajoutant une touche de style \u00e0 votre d\u00e9cor. Ce produit est r\u00e9sistant et robuste, et sa finition naturelle donnera \u00e0 votre cuisine une touche rustique et \u00e9l\u00e9gante. De plus, le bois de ch\u00eane offre une durabilit\u00e9 \u00e0 long terme qui vous permet de profiter de votre porte-rouleau pendant des ann\u00e9es. Ne cherchez plus, ce produit est la solution id\u00e9ale pour am\u00e9liorer l&#8217;esth\u00e9tique et l&#8217;organisation de votre cuisine.<\/p>\n","protected":false},"excerpt":{"rendered":"<p>Le Wave Porte-rouleau de cuisine Naturel est un produit fabriqu\u00e9 en bois de ch\u00eane certifi\u00e9 FSC. Il est parfait pour organiser et ranger votre cuisine, tout en ajoutant une touche de style \u00e0 votre d\u00e9cor. Ce produit est r\u00e9sistant et robuste, et sa finition naturelle donnera \u00e0 votre cuisine une touche rustique et \u00e9l\u00e9gante. De [&hellip;]<\/p>\n","protected":false},"featured_media":1114468,"template":"","meta":{"_acf_changed":false,"inline_featured_image":false},"product_brand":[],"product_cat":[7059,7027,6322,4053,4095,5026],"product_tag":[],"class_list":{"0":"post-40082","1":"product","2":"type-product","3":"status-publish","4":"has-post-thumbnail","6":"product_cat-porte-rouleau-de-cuisine-fr","7":"product_cat-vaisselle-fr-2","8":"product_cat-fsc-fr","9":"product_cat-accessoires-de-cuisine-fr","10":"product_cat-vaisselle-fr","11":"product_cat-bestsellers-fr","12":"product_shipping_class-pk","14":"pa_color-naturel-2","15":"pa_material-bois-de-chne-2","17":"first","18":"instock","19":"featured","20":"taxable","21":"shipping-taxable","22":"purchasable","23":"product-type-simple"},"exclude_global_add_ons":[],"addons":[],"acf":[],"yoast_head":"<!-- This site is optimized with the Yoast SEO plugin v26.4 - https:\/\/yoast.com\/wordpress\/plugins\/seo\/ -->\n<title>Wave Porte-rouleau de cuisine Naturel - H\u00fcbsch<\/title>\n<meta name=\"description\" content=\"Le Wave Porte-rouleau de cuisine Naturel est un produit fabriqu\u00e9 en bois de ch\u00eane certifi\u00e9 FSC. Il est parfait pour organiser et ranger votre cuisine,\" \/>\n<meta name=\"robots\" content=\"index, follow, max-snippet:-1, max-image-preview:large, max-video-preview:-1\" \/>\n<link rel=\"canonical\" href=\"https:\/\/hubsch-interior.com\/fr\/wp-json\/wp\/v2\/product\/40082\" \/>\n<meta property=\"og:locale\" content=\"fr_FR\" \/>\n<meta property=\"og:type\" content=\"article\" \/>\n<meta property=\"og:title\" content=\"Wave Porte-rouleau de cuisine Naturel - H\u00fcbsch\" \/>\n<meta property=\"og:description\" content=\"Le Wave Porte-rouleau de cuisine Naturel est un produit fabriqu\u00e9 en bois de ch\u00eane certifi\u00e9 FSC. Il est parfait pour organiser et ranger votre cuisine,\" \/>\n<meta property=\"og:url\" content=\"https:\/\/hubsch-interior.com\/fr\/produit\/wave-porte-rouleau-de-cuisine-naturel\/\" \/>\n<meta property=\"og:site_name\" content=\"H\u00fcbsch\" \/>\n<meta property=\"article:modified_time\" content=\"2026-04-09T02:49:26+00:00\" \/>\n<meta property=\"og:image\" content=\"https:\/\/hubsch-interior.com\/wp-content\/uploads\/2023\/08\/wave-kitchen-roll-holder-natural-06e82b347482bc5a8970b1e5b9841a92.jpg\" \/>\n\t<meta property=\"og:image:width\" content=\"1200\" \/>\n\t<meta property=\"og:image:height\" content=\"1200\" \/>\n\t<meta property=\"og:image:type\" content=\"image\/jpeg\" \/>\n<meta name=\"twitter:card\" content=\"summary_large_image\" \/>\n<meta name=\"twitter:label1\" content=\"Dur\u00e9e de lecture estim\u00e9e\" \/>\n\t<meta name=\"twitter:data1\" content=\"1 minute\" \/>\n<script type=\"application\/ld+json\" class=\"yoast-schema-graph\">{\"@context\":\"https:\/\/schema.org\",\"@graph\":[{\"@type\":\"WebPage\",\"@id\":\"https:\/\/hubsch-interior.com\/fr\/produit\/wave-porte-rouleau-de-cuisine-naturel\/\",\"url\":\"https:\/\/hubsch-interior.com\/fr\/produit\/wave-porte-rouleau-de-cuisine-naturel\/\",\"name\":\"Wave Porte-rouleau de cuisine Naturel - H\u00fcbsch\",\"isPartOf\":{\"@id\":\"https:\/\/hubsch-interior.com\/fr\/#website\"},\"primaryImageOfPage\":{\"@id\":\"https:\/\/hubsch-interior.com\/fr\/produit\/wave-porte-rouleau-de-cuisine-naturel\/#primaryimage\"},\"image\":{\"@id\":\"https:\/\/hubsch-interior.com\/fr\/produit\/wave-porte-rouleau-de-cuisine-naturel\/#primaryimage\"},\"thumbnailUrl\":\"https:\/\/hubsch-interior.com\/wp-content\/uploads\/2026\/02\/wave-kitchen-roll-holder-natural-b7656ea6b867c90fbfbd25a1fde89851.jpg\",\"datePublished\":\"2020-12-15T08:51:26+00:00\",\"dateModified\":\"2026-04-09T02:49:26+00:00\",\"description\":\"Le Wave Porte-rouleau de cuisine Naturel est un produit fabriqu\u00e9 en bois de ch\u00eane certifi\u00e9 FSC. Il est parfait pour organiser et ranger votre cuisine,\",\"breadcrumb\":{\"@id\":\"https:\/\/hubsch-interior.com\/fr\/produit\/wave-porte-rouleau-de-cuisine-naturel\/#breadcrumb\"},\"inLanguage\":\"fr-FR\",\"potentialAction\":[{\"@type\":\"ReadAction\",\"target\":[\"https:\/\/hubsch-interior.com\/fr\/produit\/wave-porte-rouleau-de-cuisine-naturel\/\"]}]},{\"@type\":\"ImageObject\",\"inLanguage\":\"fr-FR\",\"@id\":\"https:\/\/hubsch-interior.com\/fr\/produit\/wave-porte-rouleau-de-cuisine-naturel\/#primaryimage\",\"url\":\"https:\/\/hubsch-interior.com\/wp-content\/uploads\/2026\/02\/wave-kitchen-roll-holder-natural-b7656ea6b867c90fbfbd25a1fde89851.jpg\",\"contentUrl\":\"https:\/\/hubsch-interior.com\/wp-content\/uploads\/2026\/02\/wave-kitchen-roll-holder-natural-b7656ea6b867c90fbfbd25a1fde89851.jpg\",\"width\":1024,\"height\":1024},{\"@type\":\"BreadcrumbList\",\"@id\":\"https:\/\/hubsch-interior.com\/fr\/produit\/wave-porte-rouleau-de-cuisine-naturel\/#breadcrumb\",\"itemListElement\":[{\"@type\":\"ListItem\",\"position\":1,\"name\":\"Page d'accueil\",\"item\":\"https:\/\/hubsch-interior.com\/fr\/\"},{\"@type\":\"ListItem\",\"position\":2,\"name\":\"Produits\",\"item\":\"https:\/\/hubsch-interior.com\/fr\/shop-2\/\"},{\"@type\":\"ListItem\",\"position\":3,\"name\":\"Cuisine\",\"item\":\"https:\/\/hubsch-interior.com\/fr\/categorie-produit\/cuisine\/\"},{\"@type\":\"ListItem\",\"position\":4,\"name\":\"Vaisselle\",\"item\":\"https:\/\/hubsch-interior.com\/fr\/categorie-produit\/cuisine\/vaisselle-fr-2\/\"},{\"@type\":\"ListItem\",\"position\":5,\"name\":\"Porte-rouleau de cuisine\",\"item\":\"https:\/\/hubsch-interior.com\/fr\/categorie-produit\/cuisine\/vaisselle-fr-2\/porte-rouleau-de-cuisine-fr\/\"},{\"@type\":\"ListItem\",\"position\":6,\"name\":\"Wave Porte-rouleau de cuisine Naturel\"}]},{\"@type\":\"WebSite\",\"@id\":\"https:\/\/hubsch-interior.com\/fr\/#website\",\"url\":\"https:\/\/hubsch-interior.com\/fr\/\",\"name\":\"H\u00fcbsch\",\"description\":\"Danish Home Interior and Design\",\"publisher\":{\"@id\":\"https:\/\/hubsch-interior.com\/fr\/#organization\"},\"potentialAction\":[{\"@type\":\"SearchAction\",\"target\":{\"@type\":\"EntryPoint\",\"urlTemplate\":\"https:\/\/hubsch-interior.com\/fr\/?s={search_term_string}\"},\"query-input\":{\"@type\":\"PropertyValueSpecification\",\"valueRequired\":true,\"valueName\":\"search_term_string\"}}],\"inLanguage\":\"fr-FR\"},{\"@type\":\"Organization\",\"@id\":\"https:\/\/hubsch-interior.com\/fr\/#organization\",\"name\":\"H\u00fcbsch\",\"url\":\"https:\/\/hubsch-interior.com\/fr\/\",\"logo\":{\"@type\":\"ImageObject\",\"inLanguage\":\"fr-FR\",\"@id\":\"https:\/\/hubsch-interior.com\/fr\/#\/schema\/logo\/image\/\",\"url\":\"https:\/\/hubsch-interior.com\/wp-content\/uploads\/2022\/12\/Hubsch_logo_black_one_line.svg\",\"contentUrl\":\"https:\/\/hubsch-interior.com\/wp-content\/uploads\/2022\/12\/Hubsch_logo_black_one_line.svg\",\"caption\":\"H\u00fcbsch\"},\"image\":{\"@id\":\"https:\/\/hubsch-interior.com\/fr\/#\/schema\/logo\/image\/\"}}]}<\/script>\n<!-- \/ Yoast SEO plugin. -->","yoast_head_json":{"title":"Wave Porte-rouleau de cuisine Naturel - H\u00fcbsch","description":"Le Wave Porte-rouleau de cuisine Naturel est un produit fabriqu\u00e9 en bois de ch\u00eane certifi\u00e9 FSC. Il est parfait pour organiser et ranger votre cuisine,","robots":{"index":"index","follow":"follow","max-snippet":"max-snippet:-1","max-image-preview":"max-image-preview:large","max-video-preview":"max-video-preview:-1"},"canonical":"https:\/\/hubsch-interior.com\/fr\/wp-json\/wp\/v2\/product\/40082","og_locale":"fr_FR","og_type":"article","og_title":"Wave Porte-rouleau de cuisine Naturel - H\u00fcbsch","og_description":"Le Wave Porte-rouleau de cuisine Naturel est un produit fabriqu\u00e9 en bois de ch\u00eane certifi\u00e9 FSC. Il est parfait pour organiser et ranger votre cuisine,","og_url":"https:\/\/hubsch-interior.com\/fr\/produit\/wave-porte-rouleau-de-cuisine-naturel\/","og_site_name":"H\u00fcbsch","article_modified_time":"2026-04-09T02:49:26+00:00","og_image":[{"width":1200,"height":1200,"url":"https:\/\/hubsch-interior.com\/wp-content\/uploads\/2023\/08\/wave-kitchen-roll-holder-natural-06e82b347482bc5a8970b1e5b9841a92.jpg","type":"image\/jpeg"}],"twitter_card":"summary_large_image","twitter_misc":{"Dur\u00e9e de lecture estim\u00e9e":"1 minute"},"schema":{"@context":"https:\/\/schema.org","@graph":[{"@type":"WebPage","@id":"https:\/\/hubsch-interior.com\/fr\/produit\/wave-porte-rouleau-de-cuisine-naturel\/","url":"https:\/\/hubsch-interior.com\/fr\/produit\/wave-porte-rouleau-de-cuisine-naturel\/","name":"Wave Porte-rouleau de cuisine Naturel - H\u00fcbsch","isPartOf":{"@id":"https:\/\/hubsch-interior.com\/fr\/#website"},"primaryImageOfPage":{"@id":"https:\/\/hubsch-interior.com\/fr\/produit\/wave-porte-rouleau-de-cuisine-naturel\/#primaryimage"},"image":{"@id":"https:\/\/hubsch-interior.com\/fr\/produit\/wave-porte-rouleau-de-cuisine-naturel\/#primaryimage"},"thumbnailUrl":"https:\/\/hubsch-interior.com\/wp-content\/uploads\/2026\/02\/wave-kitchen-roll-holder-natural-b7656ea6b867c90fbfbd25a1fde89851.jpg","datePublished":"2020-12-15T08:51:26+00:00","dateModified":"2026-04-09T02:49:26+00:00","description":"Le Wave Porte-rouleau de cuisine Naturel est un produit fabriqu\u00e9 en bois de ch\u00eane certifi\u00e9 FSC. Il est parfait pour organiser et ranger votre cuisine,","breadcrumb":{"@id":"https:\/\/hubsch-interior.com\/fr\/produit\/wave-porte-rouleau-de-cuisine-naturel\/#breadcrumb"},"inLanguage":"fr-FR","potentialAction":[{"@type":"ReadAction","target":["https:\/\/hubsch-interior.com\/fr\/produit\/wave-porte-rouleau-de-cuisine-naturel\/"]}]},{"@type":"ImageObject","inLanguage":"fr-FR","@id":"https:\/\/hubsch-interior.com\/fr\/produit\/wave-porte-rouleau-de-cuisine-naturel\/#primaryimage","url":"https:\/\/hubsch-interior.com\/wp-content\/uploads\/2026\/02\/wave-kitchen-roll-holder-natural-b7656ea6b867c90fbfbd25a1fde89851.jpg","contentUrl":"https:\/\/hubsch-interior.com\/wp-content\/uploads\/2026\/02\/wave-kitchen-roll-holder-natural-b7656ea6b867c90fbfbd25a1fde89851.jpg","width":1024,"height":1024},{"@type":"BreadcrumbList","@id":"https:\/\/hubsch-interior.com\/fr\/produit\/wave-porte-rouleau-de-cuisine-naturel\/#breadcrumb","itemListElement":[{"@type":"ListItem","position":1,"name":"Page d'accueil","item":"https:\/\/hubsch-interior.com\/fr\/"},{"@type":"ListItem","position":2,"name":"Produits","item":"https:\/\/hubsch-interior.com\/fr\/shop-2\/"},{"@type":"ListItem","position":3,"name":"Cuisine","item":"https:\/\/hubsch-interior.com\/fr\/categorie-produit\/cuisine\/"},{"@type":"ListItem","position":4,"name":"Vaisselle","item":"https:\/\/hubsch-interior.com\/fr\/categorie-produit\/cuisine\/vaisselle-fr-2\/"},{"@type":"ListItem","position":5,"name":"Porte-rouleau de cuisine","item":"https:\/\/hubsch-interior.com\/fr\/categorie-produit\/cuisine\/vaisselle-fr-2\/porte-rouleau-de-cuisine-fr\/"},{"@type":"ListItem","position":6,"name":"Wave Porte-rouleau de cuisine Naturel"}]},{"@type":"WebSite","@id":"https:\/\/hubsch-interior.com\/fr\/#website","url":"https:\/\/hubsch-interior.com\/fr\/","name":"H\u00fcbsch","description":"Danish Home Interior and Design","publisher":{"@id":"https:\/\/hubsch-interior.com\/fr\/#organization"},"potentialAction":[{"@type":"SearchAction","target":{"@type":"EntryPoint","urlTemplate":"https:\/\/hubsch-interior.com\/fr\/?s={search_term_string}"},"query-input":{"@type":"PropertyValueSpecification","valueRequired":true,"valueName":"search_term_string"}}],"inLanguage":"fr-FR"},{"@type":"Organization","@id":"https:\/\/hubsch-interior.com\/fr\/#organization","name":"H\u00fcbsch","url":"https:\/\/hubsch-interior.com\/fr\/","logo":{"@type":"ImageObject","inLanguage":"fr-FR","@id":"https:\/\/hubsch-interior.com\/fr\/#\/schema\/logo\/image\/","url":"https:\/\/hubsch-interior.com\/wp-content\/uploads\/2022\/12\/Hubsch_logo_black_one_line.svg","contentUrl":"https:\/\/hubsch-interior.com\/wp-content\/uploads\/2022\/12\/Hubsch_logo_black_one_line.svg","caption":"H\u00fcbsch"},"image":{"@id":"https:\/\/hubsch-interior.com\/fr\/#\/schema\/logo\/image\/"}}]}},"_links":{"self":[{"href":"https:\/\/hubsch-interior.com\/fr\/wp-json\/wp\/v2\/product\/40082","targetHints":{"allow":["GET"]}}],"collection":[{"href":"https:\/\/hubsch-interior.com\/fr\/wp-json\/wp\/v2\/product"}],"about":[{"href":"https:\/\/hubsch-interior.com\/fr\/wp-json\/wp\/v2\/types\/product"}],"wp:featuredmedia":[{"embeddable":true,"href":"https:\/\/hubsch-interior.com\/fr\/wp-json\/wp\/v2\/media\/1114468"}],"wp:attachment":[{"href":"https:\/\/hubsch-interior.com\/fr\/wp-json\/wp\/v2\/media?parent=40082"}],"wp:term":[{"taxonomy":"product_brand","embeddable":true,"href":"https:\/\/hubsch-interior.com\/fr\/wp-json\/wp\/v2\/product_brand?post=40082"},{"taxonomy":"product_cat","embeddable":true,"href":"https:\/\/hubsch-interior.com\/fr\/wp-json\/wp\/v2\/product_cat?post=40082"},{"taxonomy":"product_tag","embeddable":true,"href":"https:\/\/hubsch-interior.com\/fr\/wp-json\/wp\/v2\/product_tag?post=40082"}],"curies":[{"name":"wp","href":"https:\/\/api.w.org\/{rel}","templated":true}]}}