{"id":40134,"date":"2020-12-15T09:51:40","date_gmt":"2020-12-15T08:51:40","guid":{"rendered":"https:\/\/hubsch-interior.com\/product\/product-35\/"},"modified":"2026-04-29T05:01:55","modified_gmt":"2026-04-29T03:01:55","slug":"nomad-table-a-manger-bureau-naturel","status":"publish","type":"product","link":"https:\/\/hubsch-interior.com\/fr\/produit\/nomad-table-a-manger-bureau-naturel\/","title":{"rendered":"Nomad Table \u00e0 manger\/Bureau Naturel"},"content":{"rendered":"<p>Le Nomad Table \u00e0 manger Naturel vous offre un design \u00e9l\u00e9gant et contemporain qui s&#8217;adaptera \u00e0 tout type de d\u00e9cor. Fabriqu\u00e9 \u00e0 partir de bois de ch\u00eane et de placage de ch\u00eane, ce produit issu de sources durables est certifi\u00e9 FSC pour une utilisation responsable des for\u00eats. Avec une finition naturelle, ce produit intemporel est \u00e0 la fois chic et durable. La conception des pieds incurv\u00e9s offre une touche unique qui conf\u00e8rera \u00e0 votre espace une \u00e9l\u00e9gance moderne.<\/p>\n","protected":false},"excerpt":{"rendered":"<p>Le Nomad Table \u00e0 manger Naturel vous offre un design \u00e9l\u00e9gant et contemporain qui s&#8217;adaptera \u00e0 tout type de d\u00e9cor. Fabriqu\u00e9 \u00e0 partir de bois de ch\u00eane et de placage de ch\u00eane, ce produit issu de sources durables est certifi\u00e9 FSC pour une utilisation responsable des for\u00eats. Avec une finition naturelle, ce produit intemporel est [&hellip;]<\/p>\n","protected":false},"featured_media":1105632,"template":"","meta":{"_acf_changed":false,"inline_featured_image":false},"product_brand":[],"product_cat":[6322,2859,2905,4215,5026],"product_tag":[],"class_list":{"0":"post-40134","1":"product","2":"type-product","3":"status-publish","4":"has-post-thumbnail","6":"product_cat-fsc-fr","7":"product_cat-tables-fr","8":"product_cat-bureaux-fr","9":"product_cat-tables-a-manger-fr","10":"product_cat-bestsellers-fr","11":"product_shipping_class-p05","13":"pa_color-naturel-2","14":"pa_material-mdf-fr","15":"pa_material-bois-de-chne-2","16":"pa_material-placage-de-chne-2","18":"first","19":"instock","20":"featured","21":"taxable","22":"shipping-taxable","23":"purchasable","24":"product-type-simple"},"exclude_global_add_ons":[],"addons":[],"acf":[],"yoast_head":"<!-- This site is optimized with the Yoast SEO plugin v26.4 - https:\/\/yoast.com\/wordpress\/plugins\/seo\/ -->\n<title>Nomad Table \u00e0 manger\/Bureau Naturel - H\u00fcbsch<\/title>\n<meta name=\"description\" content=\"Le Nomad Table \u00e0 manger Naturel vous offre un design \u00e9l\u00e9gant et contemporain qui s&#039;adaptera \u00e0 tout type de d\u00e9cor. Fabriqu\u00e9 \u00e0 partir de bois de ch\u00eane et de\" \/>\n<meta name=\"robots\" content=\"index, follow, max-snippet:-1, max-image-preview:large, max-video-preview:-1\" \/>\n<link rel=\"canonical\" href=\"https:\/\/hubsch-interior.com\/fr\/wp-json\/wp\/v2\/product\/40134\" \/>\n<meta property=\"og:locale\" content=\"fr_FR\" \/>\n<meta property=\"og:type\" content=\"article\" \/>\n<meta property=\"og:title\" content=\"Nomad Table \u00e0 manger\/Bureau Naturel - H\u00fcbsch\" \/>\n<meta property=\"og:description\" content=\"Le Nomad Table \u00e0 manger Naturel vous offre un design \u00e9l\u00e9gant et contemporain qui s&#039;adaptera \u00e0 tout type de d\u00e9cor. Fabriqu\u00e9 \u00e0 partir de bois de ch\u00eane et de\" \/>\n<meta property=\"og:url\" content=\"https:\/\/hubsch-interior.com\/fr\/produit\/nomad-table-a-manger-bureau-naturel\/\" \/>\n<meta property=\"og:site_name\" content=\"H\u00fcbsch\" \/>\n<meta property=\"article:modified_time\" content=\"2026-04-29T03:01:55+00:00\" \/>\n<meta property=\"og:image\" content=\"https:\/\/hubsch-interior.com\/wp-content\/uploads\/2023\/08\/nomad-dining-table-natural-087e330df30cb858d470dcbef1abac31.jpg\" \/>\n\t<meta property=\"og:image:width\" content=\"1200\" \/>\n\t<meta property=\"og:image:height\" content=\"1200\" \/>\n\t<meta property=\"og:image:type\" content=\"image\/jpeg\" \/>\n<meta name=\"twitter:card\" content=\"summary_large_image\" \/>\n<script type=\"application\/ld+json\" class=\"yoast-schema-graph\">{\"@context\":\"https:\/\/schema.org\",\"@graph\":[{\"@type\":\"WebPage\",\"@id\":\"https:\/\/hubsch-interior.com\/fr\/produit\/nomad-table-a-manger-bureau-naturel\/\",\"url\":\"https:\/\/hubsch-interior.com\/fr\/produit\/nomad-table-a-manger-bureau-naturel\/\",\"name\":\"Nomad Table \u00e0 manger\/Bureau Naturel - H\u00fcbsch\",\"isPartOf\":{\"@id\":\"https:\/\/hubsch-interior.com\/fr\/#website\"},\"primaryImageOfPage\":{\"@id\":\"https:\/\/hubsch-interior.com\/fr\/produit\/nomad-table-a-manger-bureau-naturel\/#primaryimage\"},\"image\":{\"@id\":\"https:\/\/hubsch-interior.com\/fr\/produit\/nomad-table-a-manger-bureau-naturel\/#primaryimage\"},\"thumbnailUrl\":\"https:\/\/hubsch-interior.com\/wp-content\/uploads\/2026\/02\/nomad-dining-tabledesk-natural-c4831176cf9bf3bc0d8b39007db5c32a.jpg\",\"datePublished\":\"2020-12-15T08:51:40+00:00\",\"dateModified\":\"2026-04-29T03:01:55+00:00\",\"description\":\"Le Nomad Table \u00e0 manger Naturel vous offre un design \u00e9l\u00e9gant et contemporain qui s'adaptera \u00e0 tout type de d\u00e9cor. Fabriqu\u00e9 \u00e0 partir de bois de ch\u00eane et de\",\"breadcrumb\":{\"@id\":\"https:\/\/hubsch-interior.com\/fr\/produit\/nomad-table-a-manger-bureau-naturel\/#breadcrumb\"},\"inLanguage\":\"fr-FR\",\"potentialAction\":[{\"@type\":\"ReadAction\",\"target\":[\"https:\/\/hubsch-interior.com\/fr\/produit\/nomad-table-a-manger-bureau-naturel\/\"]}]},{\"@type\":\"ImageObject\",\"inLanguage\":\"fr-FR\",\"@id\":\"https:\/\/hubsch-interior.com\/fr\/produit\/nomad-table-a-manger-bureau-naturel\/#primaryimage\",\"url\":\"https:\/\/hubsch-interior.com\/wp-content\/uploads\/2026\/02\/nomad-dining-tabledesk-natural-c4831176cf9bf3bc0d8b39007db5c32a.jpg\",\"contentUrl\":\"https:\/\/hubsch-interior.com\/wp-content\/uploads\/2026\/02\/nomad-dining-tabledesk-natural-c4831176cf9bf3bc0d8b39007db5c32a.jpg\",\"width\":1024,\"height\":1024},{\"@type\":\"BreadcrumbList\",\"@id\":\"https:\/\/hubsch-interior.com\/fr\/produit\/nomad-table-a-manger-bureau-naturel\/#breadcrumb\",\"itemListElement\":[{\"@type\":\"ListItem\",\"position\":1,\"name\":\"Page d'accueil\",\"item\":\"https:\/\/hubsch-interior.com\/fr\/\"},{\"@type\":\"ListItem\",\"position\":2,\"name\":\"Produits\",\"item\":\"https:\/\/hubsch-interior.com\/fr\/shop-2\/\"},{\"@type\":\"ListItem\",\"position\":3,\"name\":\"Meubles\",\"item\":\"https:\/\/hubsch-interior.com\/fr\/categorie-produit\/meubles\/\"},{\"@type\":\"ListItem\",\"position\":4,\"name\":\"Tables\",\"item\":\"https:\/\/hubsch-interior.com\/fr\/categorie-produit\/meubles\/tables-fr\/\"},{\"@type\":\"ListItem\",\"position\":5,\"name\":\"Tables &agrave; manger\",\"item\":\"https:\/\/hubsch-interior.com\/fr\/categorie-produit\/meubles\/tables-fr\/tables-a-manger-fr\/\"},{\"@type\":\"ListItem\",\"position\":6,\"name\":\"Nomad Table \u00e0 manger\/Bureau Naturel\"}]},{\"@type\":\"WebSite\",\"@id\":\"https:\/\/hubsch-interior.com\/fr\/#website\",\"url\":\"https:\/\/hubsch-interior.com\/fr\/\",\"name\":\"H\u00fcbsch\",\"description\":\"Danish Home Interior and Design\",\"publisher\":{\"@id\":\"https:\/\/hubsch-interior.com\/fr\/#organization\"},\"potentialAction\":[{\"@type\":\"SearchAction\",\"target\":{\"@type\":\"EntryPoint\",\"urlTemplate\":\"https:\/\/hubsch-interior.com\/fr\/?s={search_term_string}\"},\"query-input\":{\"@type\":\"PropertyValueSpecification\",\"valueRequired\":true,\"valueName\":\"search_term_string\"}}],\"inLanguage\":\"fr-FR\"},{\"@type\":\"Organization\",\"@id\":\"https:\/\/hubsch-interior.com\/fr\/#organization\",\"name\":\"H\u00fcbsch\",\"url\":\"https:\/\/hubsch-interior.com\/fr\/\",\"logo\":{\"@type\":\"ImageObject\",\"inLanguage\":\"fr-FR\",\"@id\":\"https:\/\/hubsch-interior.com\/fr\/#\/schema\/logo\/image\/\",\"url\":\"https:\/\/hubsch-interior.com\/wp-content\/uploads\/2022\/12\/Hubsch_logo_black_one_line.svg\",\"contentUrl\":\"https:\/\/hubsch-interior.com\/wp-content\/uploads\/2022\/12\/Hubsch_logo_black_one_line.svg\",\"caption\":\"H\u00fcbsch\"},\"image\":{\"@id\":\"https:\/\/hubsch-interior.com\/fr\/#\/schema\/logo\/image\/\"}}]}<\/script>\n<!-- \/ Yoast SEO plugin. -->","yoast_head_json":{"title":"Nomad Table \u00e0 manger\/Bureau Naturel - H\u00fcbsch","description":"Le Nomad Table \u00e0 manger Naturel vous offre un design \u00e9l\u00e9gant et contemporain qui s'adaptera \u00e0 tout type de d\u00e9cor. Fabriqu\u00e9 \u00e0 partir de bois de ch\u00eane et de","robots":{"index":"index","follow":"follow","max-snippet":"max-snippet:-1","max-image-preview":"max-image-preview:large","max-video-preview":"max-video-preview:-1"},"canonical":"https:\/\/hubsch-interior.com\/fr\/wp-json\/wp\/v2\/product\/40134","og_locale":"fr_FR","og_type":"article","og_title":"Nomad Table \u00e0 manger\/Bureau Naturel - H\u00fcbsch","og_description":"Le Nomad Table \u00e0 manger Naturel vous offre un design \u00e9l\u00e9gant et contemporain qui s'adaptera \u00e0 tout type de d\u00e9cor. Fabriqu\u00e9 \u00e0 partir de bois de ch\u00eane et de","og_url":"https:\/\/hubsch-interior.com\/fr\/produit\/nomad-table-a-manger-bureau-naturel\/","og_site_name":"H\u00fcbsch","article_modified_time":"2026-04-29T03:01:55+00:00","og_image":[{"width":1200,"height":1200,"url":"https:\/\/hubsch-interior.com\/wp-content\/uploads\/2023\/08\/nomad-dining-table-natural-087e330df30cb858d470dcbef1abac31.jpg","type":"image\/jpeg"}],"twitter_card":"summary_large_image","schema":{"@context":"https:\/\/schema.org","@graph":[{"@type":"WebPage","@id":"https:\/\/hubsch-interior.com\/fr\/produit\/nomad-table-a-manger-bureau-naturel\/","url":"https:\/\/hubsch-interior.com\/fr\/produit\/nomad-table-a-manger-bureau-naturel\/","name":"Nomad Table \u00e0 manger\/Bureau Naturel - H\u00fcbsch","isPartOf":{"@id":"https:\/\/hubsch-interior.com\/fr\/#website"},"primaryImageOfPage":{"@id":"https:\/\/hubsch-interior.com\/fr\/produit\/nomad-table-a-manger-bureau-naturel\/#primaryimage"},"image":{"@id":"https:\/\/hubsch-interior.com\/fr\/produit\/nomad-table-a-manger-bureau-naturel\/#primaryimage"},"thumbnailUrl":"https:\/\/hubsch-interior.com\/wp-content\/uploads\/2026\/02\/nomad-dining-tabledesk-natural-c4831176cf9bf3bc0d8b39007db5c32a.jpg","datePublished":"2020-12-15T08:51:40+00:00","dateModified":"2026-04-29T03:01:55+00:00","description":"Le Nomad Table \u00e0 manger Naturel vous offre un design \u00e9l\u00e9gant et contemporain qui s'adaptera \u00e0 tout type de d\u00e9cor. Fabriqu\u00e9 \u00e0 partir de bois de ch\u00eane et de","breadcrumb":{"@id":"https:\/\/hubsch-interior.com\/fr\/produit\/nomad-table-a-manger-bureau-naturel\/#breadcrumb"},"inLanguage":"fr-FR","potentialAction":[{"@type":"ReadAction","target":["https:\/\/hubsch-interior.com\/fr\/produit\/nomad-table-a-manger-bureau-naturel\/"]}]},{"@type":"ImageObject","inLanguage":"fr-FR","@id":"https:\/\/hubsch-interior.com\/fr\/produit\/nomad-table-a-manger-bureau-naturel\/#primaryimage","url":"https:\/\/hubsch-interior.com\/wp-content\/uploads\/2026\/02\/nomad-dining-tabledesk-natural-c4831176cf9bf3bc0d8b39007db5c32a.jpg","contentUrl":"https:\/\/hubsch-interior.com\/wp-content\/uploads\/2026\/02\/nomad-dining-tabledesk-natural-c4831176cf9bf3bc0d8b39007db5c32a.jpg","width":1024,"height":1024},{"@type":"BreadcrumbList","@id":"https:\/\/hubsch-interior.com\/fr\/produit\/nomad-table-a-manger-bureau-naturel\/#breadcrumb","itemListElement":[{"@type":"ListItem","position":1,"name":"Page d'accueil","item":"https:\/\/hubsch-interior.com\/fr\/"},{"@type":"ListItem","position":2,"name":"Produits","item":"https:\/\/hubsch-interior.com\/fr\/shop-2\/"},{"@type":"ListItem","position":3,"name":"Meubles","item":"https:\/\/hubsch-interior.com\/fr\/categorie-produit\/meubles\/"},{"@type":"ListItem","position":4,"name":"Tables","item":"https:\/\/hubsch-interior.com\/fr\/categorie-produit\/meubles\/tables-fr\/"},{"@type":"ListItem","position":5,"name":"Tables &agrave; manger","item":"https:\/\/hubsch-interior.com\/fr\/categorie-produit\/meubles\/tables-fr\/tables-a-manger-fr\/"},{"@type":"ListItem","position":6,"name":"Nomad Table \u00e0 manger\/Bureau Naturel"}]},{"@type":"WebSite","@id":"https:\/\/hubsch-interior.com\/fr\/#website","url":"https:\/\/hubsch-interior.com\/fr\/","name":"H\u00fcbsch","description":"Danish Home Interior and Design","publisher":{"@id":"https:\/\/hubsch-interior.com\/fr\/#organization"},"potentialAction":[{"@type":"SearchAction","target":{"@type":"EntryPoint","urlTemplate":"https:\/\/hubsch-interior.com\/fr\/?s={search_term_string}"},"query-input":{"@type":"PropertyValueSpecification","valueRequired":true,"valueName":"search_term_string"}}],"inLanguage":"fr-FR"},{"@type":"Organization","@id":"https:\/\/hubsch-interior.com\/fr\/#organization","name":"H\u00fcbsch","url":"https:\/\/hubsch-interior.com\/fr\/","logo":{"@type":"ImageObject","inLanguage":"fr-FR","@id":"https:\/\/hubsch-interior.com\/fr\/#\/schema\/logo\/image\/","url":"https:\/\/hubsch-interior.com\/wp-content\/uploads\/2022\/12\/Hubsch_logo_black_one_line.svg","contentUrl":"https:\/\/hubsch-interior.com\/wp-content\/uploads\/2022\/12\/Hubsch_logo_black_one_line.svg","caption":"H\u00fcbsch"},"image":{"@id":"https:\/\/hubsch-interior.com\/fr\/#\/schema\/logo\/image\/"}}]}},"_links":{"self":[{"href":"https:\/\/hubsch-interior.com\/fr\/wp-json\/wp\/v2\/product\/40134","targetHints":{"allow":["GET"]}}],"collection":[{"href":"https:\/\/hubsch-interior.com\/fr\/wp-json\/wp\/v2\/product"}],"about":[{"href":"https:\/\/hubsch-interior.com\/fr\/wp-json\/wp\/v2\/types\/product"}],"wp:featuredmedia":[{"embeddable":true,"href":"https:\/\/hubsch-interior.com\/fr\/wp-json\/wp\/v2\/media\/1105632"}],"wp:attachment":[{"href":"https:\/\/hubsch-interior.com\/fr\/wp-json\/wp\/v2\/media?parent=40134"}],"wp:term":[{"taxonomy":"product_brand","embeddable":true,"href":"https:\/\/hubsch-interior.com\/fr\/wp-json\/wp\/v2\/product_brand?post=40134"},{"taxonomy":"product_cat","embeddable":true,"href":"https:\/\/hubsch-interior.com\/fr\/wp-json\/wp\/v2\/product_cat?post=40134"},{"taxonomy":"product_tag","embeddable":true,"href":"https:\/\/hubsch-interior.com\/fr\/wp-json\/wp\/v2\/product_tag?post=40134"}],"curies":[{"name":"wp","href":"https:\/\/api.w.org\/{rel}","templated":true}]}}