{"id":40138,"date":"2020-12-15T09:51:54","date_gmt":"2020-12-15T08:51:54","guid":{"rendered":"https:\/\/hubsch-interior.com\/product\/product-36\/"},"modified":"2026-04-09T04:59:20","modified_gmt":"2026-04-09T02:59:20","slug":"archive-boite-a-cartes-naturel","status":"publish","type":"product","link":"https:\/\/hubsch-interior.com\/fr\/produit\/archive-boite-a-cartes-naturel\/","title":{"rendered":"Archive Bo\u00eete \u00e0 cartes Naturel"},"content":{"rendered":"<p>Archive Bo\u00eete \u00e0 cartes Naturel est un produit unique et \u00e9l\u00e9gant con\u00e7u avec du placage de ch\u00eane FSC certifi\u00e9. Les mat\u00e9riaux utilis\u00e9s pour la fabrication de ce produit sont robustes et durables, ce qui le rend parfait pour un usage quotidien. La bo\u00eete a un design intemporel qui s&#8217;int\u00e9grera parfaitement \u00e0 tout environnement. Elle a \u00e9galement un int\u00e9rieur en lin qui est doux au toucher et qui ajoute \u00e0 l&#8217;aspect propre et \u00e9l\u00e9gant de la bo\u00eete. La bo\u00eete \u00e0 cartes est la pi\u00e8ce parfaite pour stocker et organiser vos cartes de cr\u00e9dit, cartes de fid\u00e9lit\u00e9 et autres objets essentiels.<\/p>\n","protected":false},"excerpt":{"rendered":"<p>Archive Bo\u00eete \u00e0 cartes Naturel est un produit unique et \u00e9l\u00e9gant con\u00e7u avec du placage de ch\u00eane FSC certifi\u00e9. Les mat\u00e9riaux utilis\u00e9s pour la fabrication de ce produit sont robustes et durables, ce qui le rend parfait pour un usage quotidien. La bo\u00eete a un design intemporel qui s&#8217;int\u00e9grera parfaitement \u00e0 tout environnement. Elle a [&hellip;]<\/p>\n","protected":false},"featured_media":1105741,"template":"","meta":{"_acf_changed":false,"inline_featured_image":false},"product_brand":[],"product_cat":[6322,3110,3645,4153,4154,5026],"product_tag":[],"class_list":{"0":"post-40138","1":"product","2":"type-product","3":"status-publish","4":"has-post-thumbnail","6":"product_cat-fsc-fr","7":"product_cat-espace-de-rangement-fr","8":"product_cat-boites-a-rangement-fr","9":"product_cat-espace-de-travail-fr","10":"product_cat-fournitures-de-bureau-fr","11":"product_cat-bestsellers-fr","12":"product_shipping_class-pk","14":"pa_color-naturel-2","15":"pa_material-mdf-fr","16":"pa_material-placage-de-chne-2","18":"first","19":"instock","20":"featured","21":"taxable","22":"shipping-taxable","23":"purchasable","24":"product-type-simple"},"exclude_global_add_ons":[],"addons":[],"acf":[],"yoast_head":"<!-- This site is optimized with the Yoast SEO plugin v26.4 - https:\/\/yoast.com\/wordpress\/plugins\/seo\/ -->\n<title>Archive Bo\u00eete \u00e0 cartes Naturel - H\u00fcbsch<\/title>\n<meta name=\"description\" content=\"Archive Bo\u00eete \u00e0 cartes Naturel est un produit unique et \u00e9l\u00e9gant con\u00e7u avec du placage de ch\u00eane FSC certifi\u00e9. Les mat\u00e9riaux utilis\u00e9s pour la fabrication de\" \/>\n<meta name=\"robots\" content=\"index, follow, max-snippet:-1, max-image-preview:large, max-video-preview:-1\" \/>\n<link rel=\"canonical\" href=\"https:\/\/hubsch-interior.com\/fr\/wp-json\/wp\/v2\/product\/40138\" \/>\n<meta property=\"og:locale\" content=\"fr_FR\" \/>\n<meta property=\"og:type\" content=\"article\" \/>\n<meta property=\"og:title\" content=\"Archive Bo\u00eete \u00e0 cartes Naturel - H\u00fcbsch\" \/>\n<meta property=\"og:description\" content=\"Archive Bo\u00eete \u00e0 cartes Naturel est un produit unique et \u00e9l\u00e9gant con\u00e7u avec du placage de ch\u00eane FSC certifi\u00e9. Les mat\u00e9riaux utilis\u00e9s pour la fabrication de\" \/>\n<meta property=\"og:url\" content=\"https:\/\/hubsch-interior.com\/fr\/produit\/archive-boite-a-cartes-naturel\/\" \/>\n<meta property=\"og:site_name\" content=\"H\u00fcbsch\" \/>\n<meta property=\"article:modified_time\" content=\"2026-04-09T02:59:20+00:00\" \/>\n<meta property=\"og:image\" content=\"https:\/\/hubsch-interior.com\/wp-content\/uploads\/2023\/08\/archive-card-box-natural-d722d33c30c41745bb42a7170108fa98.jpg\" \/>\n\t<meta property=\"og:image:width\" content=\"1200\" \/>\n\t<meta property=\"og:image:height\" content=\"1200\" \/>\n\t<meta property=\"og:image:type\" content=\"image\/jpeg\" \/>\n<meta name=\"twitter:card\" content=\"summary_large_image\" \/>\n<meta name=\"twitter:label1\" content=\"Dur\u00e9e de lecture estim\u00e9e\" \/>\n\t<meta name=\"twitter:data1\" content=\"1 minute\" \/>\n<script type=\"application\/ld+json\" class=\"yoast-schema-graph\">{\"@context\":\"https:\/\/schema.org\",\"@graph\":[{\"@type\":\"WebPage\",\"@id\":\"https:\/\/hubsch-interior.com\/fr\/produit\/archive-boite-a-cartes-naturel\/\",\"url\":\"https:\/\/hubsch-interior.com\/fr\/produit\/archive-boite-a-cartes-naturel\/\",\"name\":\"Archive Bo\u00eete \u00e0 cartes Naturel - H\u00fcbsch\",\"isPartOf\":{\"@id\":\"https:\/\/hubsch-interior.com\/fr\/#website\"},\"primaryImageOfPage\":{\"@id\":\"https:\/\/hubsch-interior.com\/fr\/produit\/archive-boite-a-cartes-naturel\/#primaryimage\"},\"image\":{\"@id\":\"https:\/\/hubsch-interior.com\/fr\/produit\/archive-boite-a-cartes-naturel\/#primaryimage\"},\"thumbnailUrl\":\"https:\/\/hubsch-interior.com\/wp-content\/uploads\/2026\/02\/archive-card-box-natural-70ad995cd399209365a33f05ce375f5d.jpg\",\"datePublished\":\"2020-12-15T08:51:54+00:00\",\"dateModified\":\"2026-04-09T02:59:20+00:00\",\"description\":\"Archive Bo\u00eete \u00e0 cartes Naturel est un produit unique et \u00e9l\u00e9gant con\u00e7u avec du placage de ch\u00eane FSC certifi\u00e9. Les mat\u00e9riaux utilis\u00e9s pour la fabrication de\",\"breadcrumb\":{\"@id\":\"https:\/\/hubsch-interior.com\/fr\/produit\/archive-boite-a-cartes-naturel\/#breadcrumb\"},\"inLanguage\":\"fr-FR\",\"potentialAction\":[{\"@type\":\"ReadAction\",\"target\":[\"https:\/\/hubsch-interior.com\/fr\/produit\/archive-boite-a-cartes-naturel\/\"]}]},{\"@type\":\"ImageObject\",\"inLanguage\":\"fr-FR\",\"@id\":\"https:\/\/hubsch-interior.com\/fr\/produit\/archive-boite-a-cartes-naturel\/#primaryimage\",\"url\":\"https:\/\/hubsch-interior.com\/wp-content\/uploads\/2026\/02\/archive-card-box-natural-70ad995cd399209365a33f05ce375f5d.jpg\",\"contentUrl\":\"https:\/\/hubsch-interior.com\/wp-content\/uploads\/2026\/02\/archive-card-box-natural-70ad995cd399209365a33f05ce375f5d.jpg\",\"width\":1024,\"height\":1024},{\"@type\":\"BreadcrumbList\",\"@id\":\"https:\/\/hubsch-interior.com\/fr\/produit\/archive-boite-a-cartes-naturel\/#breadcrumb\",\"itemListElement\":[{\"@type\":\"ListItem\",\"position\":1,\"name\":\"Page d'accueil\",\"item\":\"https:\/\/hubsch-interior.com\/fr\/\"},{\"@type\":\"ListItem\",\"position\":2,\"name\":\"Produits\",\"item\":\"https:\/\/hubsch-interior.com\/fr\/shop-2\/\"},{\"@type\":\"ListItem\",\"position\":3,\"name\":\"Accessoires maison\",\"item\":\"https:\/\/hubsch-interior.com\/fr\/categorie-produit\/accessoires-maison\/\"},{\"@type\":\"ListItem\",\"position\":4,\"name\":\"Espace de rangement\",\"item\":\"https:\/\/hubsch-interior.com\/fr\/categorie-produit\/accessoires-maison\/espace-de-rangement-fr\/\"},{\"@type\":\"ListItem\",\"position\":5,\"name\":\"Boites &agrave; rangement\",\"item\":\"https:\/\/hubsch-interior.com\/fr\/categorie-produit\/accessoires-maison\/espace-de-rangement-fr\/boites-a-rangement-fr\/\"},{\"@type\":\"ListItem\",\"position\":6,\"name\":\"Archive Bo\u00eete \u00e0 cartes Naturel\"}]},{\"@type\":\"WebSite\",\"@id\":\"https:\/\/hubsch-interior.com\/fr\/#website\",\"url\":\"https:\/\/hubsch-interior.com\/fr\/\",\"name\":\"H\u00fcbsch\",\"description\":\"Danish Home Interior and Design\",\"publisher\":{\"@id\":\"https:\/\/hubsch-interior.com\/fr\/#organization\"},\"potentialAction\":[{\"@type\":\"SearchAction\",\"target\":{\"@type\":\"EntryPoint\",\"urlTemplate\":\"https:\/\/hubsch-interior.com\/fr\/?s={search_term_string}\"},\"query-input\":{\"@type\":\"PropertyValueSpecification\",\"valueRequired\":true,\"valueName\":\"search_term_string\"}}],\"inLanguage\":\"fr-FR\"},{\"@type\":\"Organization\",\"@id\":\"https:\/\/hubsch-interior.com\/fr\/#organization\",\"name\":\"H\u00fcbsch\",\"url\":\"https:\/\/hubsch-interior.com\/fr\/\",\"logo\":{\"@type\":\"ImageObject\",\"inLanguage\":\"fr-FR\",\"@id\":\"https:\/\/hubsch-interior.com\/fr\/#\/schema\/logo\/image\/\",\"url\":\"https:\/\/hubsch-interior.com\/wp-content\/uploads\/2022\/12\/Hubsch_logo_black_one_line.svg\",\"contentUrl\":\"https:\/\/hubsch-interior.com\/wp-content\/uploads\/2022\/12\/Hubsch_logo_black_one_line.svg\",\"caption\":\"H\u00fcbsch\"},\"image\":{\"@id\":\"https:\/\/hubsch-interior.com\/fr\/#\/schema\/logo\/image\/\"}}]}<\/script>\n<!-- \/ Yoast SEO plugin. -->","yoast_head_json":{"title":"Archive Bo\u00eete \u00e0 cartes Naturel - H\u00fcbsch","description":"Archive Bo\u00eete \u00e0 cartes Naturel est un produit unique et \u00e9l\u00e9gant con\u00e7u avec du placage de ch\u00eane FSC certifi\u00e9. Les mat\u00e9riaux utilis\u00e9s pour la fabrication de","robots":{"index":"index","follow":"follow","max-snippet":"max-snippet:-1","max-image-preview":"max-image-preview:large","max-video-preview":"max-video-preview:-1"},"canonical":"https:\/\/hubsch-interior.com\/fr\/wp-json\/wp\/v2\/product\/40138","og_locale":"fr_FR","og_type":"article","og_title":"Archive Bo\u00eete \u00e0 cartes Naturel - H\u00fcbsch","og_description":"Archive Bo\u00eete \u00e0 cartes Naturel est un produit unique et \u00e9l\u00e9gant con\u00e7u avec du placage de ch\u00eane FSC certifi\u00e9. Les mat\u00e9riaux utilis\u00e9s pour la fabrication de","og_url":"https:\/\/hubsch-interior.com\/fr\/produit\/archive-boite-a-cartes-naturel\/","og_site_name":"H\u00fcbsch","article_modified_time":"2026-04-09T02:59:20+00:00","og_image":[{"width":1200,"height":1200,"url":"https:\/\/hubsch-interior.com\/wp-content\/uploads\/2023\/08\/archive-card-box-natural-d722d33c30c41745bb42a7170108fa98.jpg","type":"image\/jpeg"}],"twitter_card":"summary_large_image","twitter_misc":{"Dur\u00e9e de lecture estim\u00e9e":"1 minute"},"schema":{"@context":"https:\/\/schema.org","@graph":[{"@type":"WebPage","@id":"https:\/\/hubsch-interior.com\/fr\/produit\/archive-boite-a-cartes-naturel\/","url":"https:\/\/hubsch-interior.com\/fr\/produit\/archive-boite-a-cartes-naturel\/","name":"Archive Bo\u00eete \u00e0 cartes Naturel - H\u00fcbsch","isPartOf":{"@id":"https:\/\/hubsch-interior.com\/fr\/#website"},"primaryImageOfPage":{"@id":"https:\/\/hubsch-interior.com\/fr\/produit\/archive-boite-a-cartes-naturel\/#primaryimage"},"image":{"@id":"https:\/\/hubsch-interior.com\/fr\/produit\/archive-boite-a-cartes-naturel\/#primaryimage"},"thumbnailUrl":"https:\/\/hubsch-interior.com\/wp-content\/uploads\/2026\/02\/archive-card-box-natural-70ad995cd399209365a33f05ce375f5d.jpg","datePublished":"2020-12-15T08:51:54+00:00","dateModified":"2026-04-09T02:59:20+00:00","description":"Archive Bo\u00eete \u00e0 cartes Naturel est un produit unique et \u00e9l\u00e9gant con\u00e7u avec du placage de ch\u00eane FSC certifi\u00e9. Les mat\u00e9riaux utilis\u00e9s pour la fabrication de","breadcrumb":{"@id":"https:\/\/hubsch-interior.com\/fr\/produit\/archive-boite-a-cartes-naturel\/#breadcrumb"},"inLanguage":"fr-FR","potentialAction":[{"@type":"ReadAction","target":["https:\/\/hubsch-interior.com\/fr\/produit\/archive-boite-a-cartes-naturel\/"]}]},{"@type":"ImageObject","inLanguage":"fr-FR","@id":"https:\/\/hubsch-interior.com\/fr\/produit\/archive-boite-a-cartes-naturel\/#primaryimage","url":"https:\/\/hubsch-interior.com\/wp-content\/uploads\/2026\/02\/archive-card-box-natural-70ad995cd399209365a33f05ce375f5d.jpg","contentUrl":"https:\/\/hubsch-interior.com\/wp-content\/uploads\/2026\/02\/archive-card-box-natural-70ad995cd399209365a33f05ce375f5d.jpg","width":1024,"height":1024},{"@type":"BreadcrumbList","@id":"https:\/\/hubsch-interior.com\/fr\/produit\/archive-boite-a-cartes-naturel\/#breadcrumb","itemListElement":[{"@type":"ListItem","position":1,"name":"Page d'accueil","item":"https:\/\/hubsch-interior.com\/fr\/"},{"@type":"ListItem","position":2,"name":"Produits","item":"https:\/\/hubsch-interior.com\/fr\/shop-2\/"},{"@type":"ListItem","position":3,"name":"Accessoires maison","item":"https:\/\/hubsch-interior.com\/fr\/categorie-produit\/accessoires-maison\/"},{"@type":"ListItem","position":4,"name":"Espace de rangement","item":"https:\/\/hubsch-interior.com\/fr\/categorie-produit\/accessoires-maison\/espace-de-rangement-fr\/"},{"@type":"ListItem","position":5,"name":"Boites &agrave; rangement","item":"https:\/\/hubsch-interior.com\/fr\/categorie-produit\/accessoires-maison\/espace-de-rangement-fr\/boites-a-rangement-fr\/"},{"@type":"ListItem","position":6,"name":"Archive Bo\u00eete \u00e0 cartes Naturel"}]},{"@type":"WebSite","@id":"https:\/\/hubsch-interior.com\/fr\/#website","url":"https:\/\/hubsch-interior.com\/fr\/","name":"H\u00fcbsch","description":"Danish Home Interior and Design","publisher":{"@id":"https:\/\/hubsch-interior.com\/fr\/#organization"},"potentialAction":[{"@type":"SearchAction","target":{"@type":"EntryPoint","urlTemplate":"https:\/\/hubsch-interior.com\/fr\/?s={search_term_string}"},"query-input":{"@type":"PropertyValueSpecification","valueRequired":true,"valueName":"search_term_string"}}],"inLanguage":"fr-FR"},{"@type":"Organization","@id":"https:\/\/hubsch-interior.com\/fr\/#organization","name":"H\u00fcbsch","url":"https:\/\/hubsch-interior.com\/fr\/","logo":{"@type":"ImageObject","inLanguage":"fr-FR","@id":"https:\/\/hubsch-interior.com\/fr\/#\/schema\/logo\/image\/","url":"https:\/\/hubsch-interior.com\/wp-content\/uploads\/2022\/12\/Hubsch_logo_black_one_line.svg","contentUrl":"https:\/\/hubsch-interior.com\/wp-content\/uploads\/2022\/12\/Hubsch_logo_black_one_line.svg","caption":"H\u00fcbsch"},"image":{"@id":"https:\/\/hubsch-interior.com\/fr\/#\/schema\/logo\/image\/"}}]}},"_links":{"self":[{"href":"https:\/\/hubsch-interior.com\/fr\/wp-json\/wp\/v2\/product\/40138","targetHints":{"allow":["GET"]}}],"collection":[{"href":"https:\/\/hubsch-interior.com\/fr\/wp-json\/wp\/v2\/product"}],"about":[{"href":"https:\/\/hubsch-interior.com\/fr\/wp-json\/wp\/v2\/types\/product"}],"wp:featuredmedia":[{"embeddable":true,"href":"https:\/\/hubsch-interior.com\/fr\/wp-json\/wp\/v2\/media\/1105741"}],"wp:attachment":[{"href":"https:\/\/hubsch-interior.com\/fr\/wp-json\/wp\/v2\/media?parent=40138"}],"wp:term":[{"taxonomy":"product_brand","embeddable":true,"href":"https:\/\/hubsch-interior.com\/fr\/wp-json\/wp\/v2\/product_brand?post=40138"},{"taxonomy":"product_cat","embeddable":true,"href":"https:\/\/hubsch-interior.com\/fr\/wp-json\/wp\/v2\/product_cat?post=40138"},{"taxonomy":"product_tag","embeddable":true,"href":"https:\/\/hubsch-interior.com\/fr\/wp-json\/wp\/v2\/product_tag?post=40138"}],"curies":[{"name":"wp","href":"https:\/\/api.w.org\/{rel}","templated":true}]}}