{"id":40654,"date":"2020-12-15T09:57:06","date_gmt":"2020-12-15T08:57:06","guid":{"rendered":"https:\/\/hubsch-interior.com\/product\/product-37\/"},"modified":"2026-04-13T14:02:26","modified_gmt":"2026-04-13T12:02:26","slug":"ripple-pendule-ambre","status":"publish","type":"product","link":"https:\/\/hubsch-interior.com\/fr\/produit\/ripple-pendule-ambre\/","title":{"rendered":"Ripple Pendule Ambre"},"content":{"rendered":"<p>La Lampe Ambre Ripple est un produit unique et \u00e9l\u00e9gant. Fabriqu\u00e9 en verre, il est la pi\u00e8ce ma\u00eetresse id\u00e9ale pour ajouter une touche de luxe \u00e0 votre d\u00e9cor int\u00e9rieur. La lampe est con\u00e7ue avec des formes et des couleurs qui s&#8217;accordent \u00e0 divers styles d&#8217;int\u00e9rieur. Son design intemporel est parfait pour cr\u00e9er une ambiance relaxante \u00e0 la maison. La lampe Ambre Ripple est un produit pratique et durable qui illuminera votre int\u00e9rieur pendant de nombreuses ann\u00e9es.<\/p>\n","protected":false},"excerpt":{"rendered":"<p>La Lampe Ambre Ripple est un produit unique et \u00e9l\u00e9gant. Fabriqu\u00e9 en verre, il est la pi\u00e8ce ma\u00eetresse id\u00e9ale pour ajouter une touche de luxe \u00e0 votre d\u00e9cor int\u00e9rieur. La lampe est con\u00e7ue avec des formes et des couleurs qui s&#8217;accordent \u00e0 divers styles d&#8217;int\u00e9rieur. Son design intemporel est parfait pour cr\u00e9er une ambiance relaxante [&hellip;]<\/p>\n","protected":false},"featured_media":1109419,"template":"","meta":{"_acf_changed":false,"inline_featured_image":false},"product_brand":[],"product_cat":[6943,3810,4147,5026],"product_tag":[],"class_list":{"0":"post-40654","1":"product","2":"type-product","3":"status-publish","4":"has-post-thumbnail","6":"product_cat-bestseller-2025-fr","7":"product_cat-luminaires","8":"product_cat-suspensions-fr","9":"product_cat-bestsellers-fr","10":"product_shipping_class-pk","12":"pa_color-ambre","13":"pa_material-fer-fr","14":"pa_material-verre-fr","16":"first","17":"outofstock","18":"featured","19":"taxable","20":"shipping-taxable","21":"purchasable","22":"product-type-simple"},"exclude_global_add_ons":[],"addons":[],"acf":[],"yoast_head":"<!-- This site is optimized with the Yoast SEO plugin v26.4 - https:\/\/yoast.com\/wordpress\/plugins\/seo\/ -->\n<title>Ripple Pendule Ambre - H\u00fcbsch<\/title>\n<meta name=\"description\" content=\"La Lampe Ambre Ripple est un produit unique et \u00e9l\u00e9gant. Fabriqu\u00e9 en verre, il est la pi\u00e8ce ma\u00eetresse id\u00e9ale pour ajouter une touche de luxe \u00e0 votre d\u00e9cor\" \/>\n<meta name=\"robots\" content=\"index, follow, max-snippet:-1, max-image-preview:large, max-video-preview:-1\" \/>\n<link rel=\"canonical\" href=\"https:\/\/hubsch-interior.com\/fr\/wp-json\/wp\/v2\/product\/40654\" \/>\n<meta property=\"og:locale\" content=\"fr_FR\" \/>\n<meta property=\"og:type\" content=\"article\" \/>\n<meta property=\"og:title\" content=\"Ripple Pendule Ambre - H\u00fcbsch\" \/>\n<meta property=\"og:description\" content=\"La Lampe Ambre Ripple est un produit unique et \u00e9l\u00e9gant. Fabriqu\u00e9 en verre, il est la pi\u00e8ce ma\u00eetresse id\u00e9ale pour ajouter une touche de luxe \u00e0 votre d\u00e9cor\" \/>\n<meta property=\"og:url\" content=\"https:\/\/hubsch-interior.com\/fr\/produit\/ripple-pendule-ambre\/\" \/>\n<meta property=\"og:site_name\" content=\"H\u00fcbsch\" \/>\n<meta property=\"article:modified_time\" content=\"2026-04-13T12:02:26+00:00\" \/>\n<meta property=\"og:image\" content=\"https:\/\/hubsch-interior.com\/wp-content\/uploads\/2024\/09\/ripple-pendant-amber-f726f94a19d0376f492e9aa79761295e.jpg\" \/>\n\t<meta property=\"og:image:width\" content=\"1200\" \/>\n\t<meta property=\"og:image:height\" content=\"1200\" \/>\n\t<meta property=\"og:image:type\" content=\"image\/jpeg\" \/>\n<meta name=\"twitter:card\" content=\"summary_large_image\" \/>\n<script type=\"application\/ld+json\" class=\"yoast-schema-graph\">{\"@context\":\"https:\/\/schema.org\",\"@graph\":[{\"@type\":\"WebPage\",\"@id\":\"https:\/\/hubsch-interior.com\/fr\/produit\/ripple-pendule-ambre\/\",\"url\":\"https:\/\/hubsch-interior.com\/fr\/produit\/ripple-pendule-ambre\/\",\"name\":\"Ripple Pendule Ambre - H\u00fcbsch\",\"isPartOf\":{\"@id\":\"https:\/\/hubsch-interior.com\/fr\/#website\"},\"primaryImageOfPage\":{\"@id\":\"https:\/\/hubsch-interior.com\/fr\/produit\/ripple-pendule-ambre\/#primaryimage\"},\"image\":{\"@id\":\"https:\/\/hubsch-interior.com\/fr\/produit\/ripple-pendule-ambre\/#primaryimage\"},\"thumbnailUrl\":\"https:\/\/hubsch-interior.com\/wp-content\/uploads\/2026\/02\/ripple-pendant-amber-2b5d5754021b2d1164c96ac37d2d09fe.jpg\",\"datePublished\":\"2020-12-15T08:57:06+00:00\",\"dateModified\":\"2026-04-13T12:02:26+00:00\",\"description\":\"La Lampe Ambre Ripple est un produit unique et \u00e9l\u00e9gant. Fabriqu\u00e9 en verre, il est la pi\u00e8ce ma\u00eetresse id\u00e9ale pour ajouter une touche de luxe \u00e0 votre d\u00e9cor\",\"breadcrumb\":{\"@id\":\"https:\/\/hubsch-interior.com\/fr\/produit\/ripple-pendule-ambre\/#breadcrumb\"},\"inLanguage\":\"fr-FR\",\"potentialAction\":[{\"@type\":\"ReadAction\",\"target\":[\"https:\/\/hubsch-interior.com\/fr\/produit\/ripple-pendule-ambre\/\"]}]},{\"@type\":\"ImageObject\",\"inLanguage\":\"fr-FR\",\"@id\":\"https:\/\/hubsch-interior.com\/fr\/produit\/ripple-pendule-ambre\/#primaryimage\",\"url\":\"https:\/\/hubsch-interior.com\/wp-content\/uploads\/2026\/02\/ripple-pendant-amber-2b5d5754021b2d1164c96ac37d2d09fe.jpg\",\"contentUrl\":\"https:\/\/hubsch-interior.com\/wp-content\/uploads\/2026\/02\/ripple-pendant-amber-2b5d5754021b2d1164c96ac37d2d09fe.jpg\",\"width\":1024,\"height\":1024},{\"@type\":\"BreadcrumbList\",\"@id\":\"https:\/\/hubsch-interior.com\/fr\/produit\/ripple-pendule-ambre\/#breadcrumb\",\"itemListElement\":[{\"@type\":\"ListItem\",\"position\":1,\"name\":\"Page d'accueil\",\"item\":\"https:\/\/hubsch-interior.com\/fr\/\"},{\"@type\":\"ListItem\",\"position\":2,\"name\":\"Produits\",\"item\":\"https:\/\/hubsch-interior.com\/fr\/shop-2\/\"},{\"@type\":\"ListItem\",\"position\":3,\"name\":\"Luminaires\",\"item\":\"https:\/\/hubsch-interior.com\/fr\/categorie-produit\/luminaires\/\"},{\"@type\":\"ListItem\",\"position\":4,\"name\":\"Suspensions\",\"item\":\"https:\/\/hubsch-interior.com\/fr\/categorie-produit\/luminaires\/suspensions-fr\/\"},{\"@type\":\"ListItem\",\"position\":5,\"name\":\"Ripple Pendule Ambre\"}]},{\"@type\":\"WebSite\",\"@id\":\"https:\/\/hubsch-interior.com\/fr\/#website\",\"url\":\"https:\/\/hubsch-interior.com\/fr\/\",\"name\":\"H\u00fcbsch\",\"description\":\"Danish Home Interior and Design\",\"publisher\":{\"@id\":\"https:\/\/hubsch-interior.com\/fr\/#organization\"},\"potentialAction\":[{\"@type\":\"SearchAction\",\"target\":{\"@type\":\"EntryPoint\",\"urlTemplate\":\"https:\/\/hubsch-interior.com\/fr\/?s={search_term_string}\"},\"query-input\":{\"@type\":\"PropertyValueSpecification\",\"valueRequired\":true,\"valueName\":\"search_term_string\"}}],\"inLanguage\":\"fr-FR\"},{\"@type\":\"Organization\",\"@id\":\"https:\/\/hubsch-interior.com\/fr\/#organization\",\"name\":\"H\u00fcbsch\",\"url\":\"https:\/\/hubsch-interior.com\/fr\/\",\"logo\":{\"@type\":\"ImageObject\",\"inLanguage\":\"fr-FR\",\"@id\":\"https:\/\/hubsch-interior.com\/fr\/#\/schema\/logo\/image\/\",\"url\":\"https:\/\/hubsch-interior.com\/wp-content\/uploads\/2022\/12\/Hubsch_logo_black_one_line.svg\",\"contentUrl\":\"https:\/\/hubsch-interior.com\/wp-content\/uploads\/2022\/12\/Hubsch_logo_black_one_line.svg\",\"caption\":\"H\u00fcbsch\"},\"image\":{\"@id\":\"https:\/\/hubsch-interior.com\/fr\/#\/schema\/logo\/image\/\"}}]}<\/script>\n<!-- \/ Yoast SEO plugin. -->","yoast_head_json":{"title":"Ripple Pendule Ambre - H\u00fcbsch","description":"La Lampe Ambre Ripple est un produit unique et \u00e9l\u00e9gant. Fabriqu\u00e9 en verre, il est la pi\u00e8ce ma\u00eetresse id\u00e9ale pour ajouter une touche de luxe \u00e0 votre d\u00e9cor","robots":{"index":"index","follow":"follow","max-snippet":"max-snippet:-1","max-image-preview":"max-image-preview:large","max-video-preview":"max-video-preview:-1"},"canonical":"https:\/\/hubsch-interior.com\/fr\/wp-json\/wp\/v2\/product\/40654","og_locale":"fr_FR","og_type":"article","og_title":"Ripple Pendule Ambre - H\u00fcbsch","og_description":"La Lampe Ambre Ripple est un produit unique et \u00e9l\u00e9gant. Fabriqu\u00e9 en verre, il est la pi\u00e8ce ma\u00eetresse id\u00e9ale pour ajouter une touche de luxe \u00e0 votre d\u00e9cor","og_url":"https:\/\/hubsch-interior.com\/fr\/produit\/ripple-pendule-ambre\/","og_site_name":"H\u00fcbsch","article_modified_time":"2026-04-13T12:02:26+00:00","og_image":[{"width":1200,"height":1200,"url":"https:\/\/hubsch-interior.com\/wp-content\/uploads\/2024\/09\/ripple-pendant-amber-f726f94a19d0376f492e9aa79761295e.jpg","type":"image\/jpeg"}],"twitter_card":"summary_large_image","schema":{"@context":"https:\/\/schema.org","@graph":[{"@type":"WebPage","@id":"https:\/\/hubsch-interior.com\/fr\/produit\/ripple-pendule-ambre\/","url":"https:\/\/hubsch-interior.com\/fr\/produit\/ripple-pendule-ambre\/","name":"Ripple Pendule Ambre - H\u00fcbsch","isPartOf":{"@id":"https:\/\/hubsch-interior.com\/fr\/#website"},"primaryImageOfPage":{"@id":"https:\/\/hubsch-interior.com\/fr\/produit\/ripple-pendule-ambre\/#primaryimage"},"image":{"@id":"https:\/\/hubsch-interior.com\/fr\/produit\/ripple-pendule-ambre\/#primaryimage"},"thumbnailUrl":"https:\/\/hubsch-interior.com\/wp-content\/uploads\/2026\/02\/ripple-pendant-amber-2b5d5754021b2d1164c96ac37d2d09fe.jpg","datePublished":"2020-12-15T08:57:06+00:00","dateModified":"2026-04-13T12:02:26+00:00","description":"La Lampe Ambre Ripple est un produit unique et \u00e9l\u00e9gant. Fabriqu\u00e9 en verre, il est la pi\u00e8ce ma\u00eetresse id\u00e9ale pour ajouter une touche de luxe \u00e0 votre d\u00e9cor","breadcrumb":{"@id":"https:\/\/hubsch-interior.com\/fr\/produit\/ripple-pendule-ambre\/#breadcrumb"},"inLanguage":"fr-FR","potentialAction":[{"@type":"ReadAction","target":["https:\/\/hubsch-interior.com\/fr\/produit\/ripple-pendule-ambre\/"]}]},{"@type":"ImageObject","inLanguage":"fr-FR","@id":"https:\/\/hubsch-interior.com\/fr\/produit\/ripple-pendule-ambre\/#primaryimage","url":"https:\/\/hubsch-interior.com\/wp-content\/uploads\/2026\/02\/ripple-pendant-amber-2b5d5754021b2d1164c96ac37d2d09fe.jpg","contentUrl":"https:\/\/hubsch-interior.com\/wp-content\/uploads\/2026\/02\/ripple-pendant-amber-2b5d5754021b2d1164c96ac37d2d09fe.jpg","width":1024,"height":1024},{"@type":"BreadcrumbList","@id":"https:\/\/hubsch-interior.com\/fr\/produit\/ripple-pendule-ambre\/#breadcrumb","itemListElement":[{"@type":"ListItem","position":1,"name":"Page d'accueil","item":"https:\/\/hubsch-interior.com\/fr\/"},{"@type":"ListItem","position":2,"name":"Produits","item":"https:\/\/hubsch-interior.com\/fr\/shop-2\/"},{"@type":"ListItem","position":3,"name":"Luminaires","item":"https:\/\/hubsch-interior.com\/fr\/categorie-produit\/luminaires\/"},{"@type":"ListItem","position":4,"name":"Suspensions","item":"https:\/\/hubsch-interior.com\/fr\/categorie-produit\/luminaires\/suspensions-fr\/"},{"@type":"ListItem","position":5,"name":"Ripple Pendule Ambre"}]},{"@type":"WebSite","@id":"https:\/\/hubsch-interior.com\/fr\/#website","url":"https:\/\/hubsch-interior.com\/fr\/","name":"H\u00fcbsch","description":"Danish Home Interior and Design","publisher":{"@id":"https:\/\/hubsch-interior.com\/fr\/#organization"},"potentialAction":[{"@type":"SearchAction","target":{"@type":"EntryPoint","urlTemplate":"https:\/\/hubsch-interior.com\/fr\/?s={search_term_string}"},"query-input":{"@type":"PropertyValueSpecification","valueRequired":true,"valueName":"search_term_string"}}],"inLanguage":"fr-FR"},{"@type":"Organization","@id":"https:\/\/hubsch-interior.com\/fr\/#organization","name":"H\u00fcbsch","url":"https:\/\/hubsch-interior.com\/fr\/","logo":{"@type":"ImageObject","inLanguage":"fr-FR","@id":"https:\/\/hubsch-interior.com\/fr\/#\/schema\/logo\/image\/","url":"https:\/\/hubsch-interior.com\/wp-content\/uploads\/2022\/12\/Hubsch_logo_black_one_line.svg","contentUrl":"https:\/\/hubsch-interior.com\/wp-content\/uploads\/2022\/12\/Hubsch_logo_black_one_line.svg","caption":"H\u00fcbsch"},"image":{"@id":"https:\/\/hubsch-interior.com\/fr\/#\/schema\/logo\/image\/"}}]}},"_links":{"self":[{"href":"https:\/\/hubsch-interior.com\/fr\/wp-json\/wp\/v2\/product\/40654","targetHints":{"allow":["GET"]}}],"collection":[{"href":"https:\/\/hubsch-interior.com\/fr\/wp-json\/wp\/v2\/product"}],"about":[{"href":"https:\/\/hubsch-interior.com\/fr\/wp-json\/wp\/v2\/types\/product"}],"wp:featuredmedia":[{"embeddable":true,"href":"https:\/\/hubsch-interior.com\/fr\/wp-json\/wp\/v2\/media\/1109419"}],"wp:attachment":[{"href":"https:\/\/hubsch-interior.com\/fr\/wp-json\/wp\/v2\/media?parent=40654"}],"wp:term":[{"taxonomy":"product_brand","embeddable":true,"href":"https:\/\/hubsch-interior.com\/fr\/wp-json\/wp\/v2\/product_brand?post=40654"},{"taxonomy":"product_cat","embeddable":true,"href":"https:\/\/hubsch-interior.com\/fr\/wp-json\/wp\/v2\/product_cat?post=40654"},{"taxonomy":"product_tag","embeddable":true,"href":"https:\/\/hubsch-interior.com\/fr\/wp-json\/wp\/v2\/product_tag?post=40654"}],"curies":[{"name":"wp","href":"https:\/\/api.w.org\/{rel}","templated":true}]}}