{"id":40722,"date":"2020-12-15T09:57:19","date_gmt":"2020-12-15T08:57:19","guid":{"rendered":"https:\/\/hubsch-interior.com\/product\/product-40\/"},"modified":"2026-04-11T05:11:25","modified_gmt":"2026-04-11T03:11:25","slug":"drop-pendule-multicolore","status":"publish","type":"product","link":"https:\/\/hubsch-interior.com\/fr\/produit\/drop-pendule-multicolore\/","title":{"rendered":"Drop Pendule \u00a0Multicolor\u00e9"},"content":{"rendered":"<p>La Drop Lampe est un \u00e9l\u00e9gant luminaire en m\u00e9tal qui apportera de l&#8217;\u00e9clat \u00e0 votre maison. Disponible en blanc, rouge et laiton, cette lampe est l&#8217;accessoire id\u00e9al pour vos pi\u00e8ces int\u00e9rieures. Sa forme unique et ses mat\u00e9riaux de qualit\u00e9 en font un produit durable et s\u00fbr. La Drop Lampe est une addition parfaite \u00e0 votre d\u00e9cor int\u00e9rieur. Une fois allum\u00e9e, elle offrira une douce et chaleureuse lumi\u00e8re pour vous aider \u00e0 cr\u00e9er une atmosph\u00e8re accueillante et relaxante.<\/p>\n","protected":false},"excerpt":{"rendered":"<p>La Drop Lampe est un \u00e9l\u00e9gant luminaire en m\u00e9tal qui apportera de l&#8217;\u00e9clat \u00e0 votre maison. Disponible en blanc, rouge et laiton, cette lampe est l&#8217;accessoire id\u00e9al pour vos pi\u00e8ces int\u00e9rieures. Sa forme unique et ses mat\u00e9riaux de qualit\u00e9 en font un produit durable et s\u00fbr. La Drop Lampe est une addition parfaite \u00e0 votre [&hellip;]<\/p>\n","protected":false},"featured_media":1112935,"template":"","meta":{"_acf_changed":false,"inline_featured_image":false},"product_brand":[],"product_cat":[3810,4147],"product_tag":[],"class_list":{"0":"post-40722","1":"product","2":"type-product","3":"status-publish","4":"has-post-thumbnail","6":"product_cat-luminaires","7":"product_cat-suspensions-fr","8":"product_shipping_class-pk","10":"pa_color-multicolor-2","11":"pa_material-fer-fr","13":"first","14":"instock","15":"taxable","16":"shipping-taxable","17":"purchasable","18":"product-type-simple"},"exclude_global_add_ons":[],"addons":[],"acf":[],"yoast_head":"<!-- This site is optimized with the Yoast SEO plugin v26.4 - https:\/\/yoast.com\/wordpress\/plugins\/seo\/ -->\n<title>Drop Pendule \u00a0Multicolor\u00e9 - H\u00fcbsch<\/title>\n<meta name=\"description\" content=\"La Drop Lampe est un \u00e9l\u00e9gant luminaire en m\u00e9tal qui apportera de l&#039;\u00e9clat \u00e0 votre maison. Disponible en blanc, rouge et laiton, cette lampe est\" \/>\n<meta name=\"robots\" content=\"index, follow, max-snippet:-1, max-image-preview:large, max-video-preview:-1\" \/>\n<link rel=\"canonical\" href=\"https:\/\/hubsch-interior.com\/fr\/wp-json\/wp\/v2\/product\/40722\" \/>\n<meta property=\"og:locale\" content=\"fr_FR\" \/>\n<meta property=\"og:type\" content=\"article\" \/>\n<meta property=\"og:title\" content=\"Drop Pendule \u00a0Multicolor\u00e9 - H\u00fcbsch\" \/>\n<meta property=\"og:description\" content=\"La Drop Lampe est un \u00e9l\u00e9gant luminaire en m\u00e9tal qui apportera de l&#039;\u00e9clat \u00e0 votre maison. Disponible en blanc, rouge et laiton, cette lampe est\" \/>\n<meta property=\"og:url\" content=\"https:\/\/hubsch-interior.com\/fr\/produit\/drop-pendule-multicolore\/\" \/>\n<meta property=\"og:site_name\" content=\"H\u00fcbsch\" \/>\n<meta property=\"article:modified_time\" content=\"2026-04-11T03:11:25+00:00\" \/>\n<meta property=\"og:image\" content=\"https:\/\/hubsch-interior.com\/wp-content\/uploads\/2024\/05\/drop-lamp-multicolour-7c98c9c57d0e1e02ebd8d0c546dc99fb.jpg\" \/>\n\t<meta property=\"og:image:width\" content=\"1200\" \/>\n\t<meta property=\"og:image:height\" content=\"1200\" \/>\n\t<meta property=\"og:image:type\" content=\"image\/jpeg\" \/>\n<meta name=\"twitter:card\" content=\"summary_large_image\" \/>\n<script type=\"application\/ld+json\" class=\"yoast-schema-graph\">{\"@context\":\"https:\/\/schema.org\",\"@graph\":[{\"@type\":\"WebPage\",\"@id\":\"https:\/\/hubsch-interior.com\/fr\/produit\/drop-pendule-multicolore\/\",\"url\":\"https:\/\/hubsch-interior.com\/fr\/produit\/drop-pendule-multicolore\/\",\"name\":\"Drop Pendule \u00a0Multicolor\u00e9 - H\u00fcbsch\",\"isPartOf\":{\"@id\":\"https:\/\/hubsch-interior.com\/fr\/#website\"},\"primaryImageOfPage\":{\"@id\":\"https:\/\/hubsch-interior.com\/fr\/produit\/drop-pendule-multicolore\/#primaryimage\"},\"image\":{\"@id\":\"https:\/\/hubsch-interior.com\/fr\/produit\/drop-pendule-multicolore\/#primaryimage\"},\"thumbnailUrl\":\"https:\/\/hubsch-interior.com\/wp-content\/uploads\/2026\/02\/drop-pendant-multicolour-765ee3b231953a1d6403a61f46bcdca0.jpg\",\"datePublished\":\"2020-12-15T08:57:19+00:00\",\"dateModified\":\"2026-04-11T03:11:25+00:00\",\"description\":\"La Drop Lampe est un \u00e9l\u00e9gant luminaire en m\u00e9tal qui apportera de l'\u00e9clat \u00e0 votre maison. Disponible en blanc, rouge et laiton, cette lampe est\",\"breadcrumb\":{\"@id\":\"https:\/\/hubsch-interior.com\/fr\/produit\/drop-pendule-multicolore\/#breadcrumb\"},\"inLanguage\":\"fr-FR\",\"potentialAction\":[{\"@type\":\"ReadAction\",\"target\":[\"https:\/\/hubsch-interior.com\/fr\/produit\/drop-pendule-multicolore\/\"]}]},{\"@type\":\"ImageObject\",\"inLanguage\":\"fr-FR\",\"@id\":\"https:\/\/hubsch-interior.com\/fr\/produit\/drop-pendule-multicolore\/#primaryimage\",\"url\":\"https:\/\/hubsch-interior.com\/wp-content\/uploads\/2026\/02\/drop-pendant-multicolour-765ee3b231953a1d6403a61f46bcdca0.jpg\",\"contentUrl\":\"https:\/\/hubsch-interior.com\/wp-content\/uploads\/2026\/02\/drop-pendant-multicolour-765ee3b231953a1d6403a61f46bcdca0.jpg\",\"width\":1024,\"height\":1024},{\"@type\":\"BreadcrumbList\",\"@id\":\"https:\/\/hubsch-interior.com\/fr\/produit\/drop-pendule-multicolore\/#breadcrumb\",\"itemListElement\":[{\"@type\":\"ListItem\",\"position\":1,\"name\":\"Page d'accueil\",\"item\":\"https:\/\/hubsch-interior.com\/fr\/\"},{\"@type\":\"ListItem\",\"position\":2,\"name\":\"Produits\",\"item\":\"https:\/\/hubsch-interior.com\/fr\/shop-2\/\"},{\"@type\":\"ListItem\",\"position\":3,\"name\":\"Luminaires\",\"item\":\"https:\/\/hubsch-interior.com\/fr\/categorie-produit\/luminaires\/\"},{\"@type\":\"ListItem\",\"position\":4,\"name\":\"Suspensions\",\"item\":\"https:\/\/hubsch-interior.com\/fr\/categorie-produit\/luminaires\/suspensions-fr\/\"},{\"@type\":\"ListItem\",\"position\":5,\"name\":\"Drop Pendule \u00a0Multicolor\u00e9\"}]},{\"@type\":\"WebSite\",\"@id\":\"https:\/\/hubsch-interior.com\/fr\/#website\",\"url\":\"https:\/\/hubsch-interior.com\/fr\/\",\"name\":\"H\u00fcbsch\",\"description\":\"Danish Home Interior and Design\",\"publisher\":{\"@id\":\"https:\/\/hubsch-interior.com\/fr\/#organization\"},\"potentialAction\":[{\"@type\":\"SearchAction\",\"target\":{\"@type\":\"EntryPoint\",\"urlTemplate\":\"https:\/\/hubsch-interior.com\/fr\/?s={search_term_string}\"},\"query-input\":{\"@type\":\"PropertyValueSpecification\",\"valueRequired\":true,\"valueName\":\"search_term_string\"}}],\"inLanguage\":\"fr-FR\"},{\"@type\":\"Organization\",\"@id\":\"https:\/\/hubsch-interior.com\/fr\/#organization\",\"name\":\"H\u00fcbsch\",\"url\":\"https:\/\/hubsch-interior.com\/fr\/\",\"logo\":{\"@type\":\"ImageObject\",\"inLanguage\":\"fr-FR\",\"@id\":\"https:\/\/hubsch-interior.com\/fr\/#\/schema\/logo\/image\/\",\"url\":\"https:\/\/hubsch-interior.com\/wp-content\/uploads\/2022\/12\/Hubsch_logo_black_one_line.svg\",\"contentUrl\":\"https:\/\/hubsch-interior.com\/wp-content\/uploads\/2022\/12\/Hubsch_logo_black_one_line.svg\",\"caption\":\"H\u00fcbsch\"},\"image\":{\"@id\":\"https:\/\/hubsch-interior.com\/fr\/#\/schema\/logo\/image\/\"}}]}<\/script>\n<!-- \/ Yoast SEO plugin. -->","yoast_head_json":{"title":"Drop Pendule \u00a0Multicolor\u00e9 - H\u00fcbsch","description":"La Drop Lampe est un \u00e9l\u00e9gant luminaire en m\u00e9tal qui apportera de l'\u00e9clat \u00e0 votre maison. Disponible en blanc, rouge et laiton, cette lampe est","robots":{"index":"index","follow":"follow","max-snippet":"max-snippet:-1","max-image-preview":"max-image-preview:large","max-video-preview":"max-video-preview:-1"},"canonical":"https:\/\/hubsch-interior.com\/fr\/wp-json\/wp\/v2\/product\/40722","og_locale":"fr_FR","og_type":"article","og_title":"Drop Pendule \u00a0Multicolor\u00e9 - H\u00fcbsch","og_description":"La Drop Lampe est un \u00e9l\u00e9gant luminaire en m\u00e9tal qui apportera de l'\u00e9clat \u00e0 votre maison. Disponible en blanc, rouge et laiton, cette lampe est","og_url":"https:\/\/hubsch-interior.com\/fr\/produit\/drop-pendule-multicolore\/","og_site_name":"H\u00fcbsch","article_modified_time":"2026-04-11T03:11:25+00:00","og_image":[{"width":1200,"height":1200,"url":"https:\/\/hubsch-interior.com\/wp-content\/uploads\/2024\/05\/drop-lamp-multicolour-7c98c9c57d0e1e02ebd8d0c546dc99fb.jpg","type":"image\/jpeg"}],"twitter_card":"summary_large_image","schema":{"@context":"https:\/\/schema.org","@graph":[{"@type":"WebPage","@id":"https:\/\/hubsch-interior.com\/fr\/produit\/drop-pendule-multicolore\/","url":"https:\/\/hubsch-interior.com\/fr\/produit\/drop-pendule-multicolore\/","name":"Drop Pendule \u00a0Multicolor\u00e9 - H\u00fcbsch","isPartOf":{"@id":"https:\/\/hubsch-interior.com\/fr\/#website"},"primaryImageOfPage":{"@id":"https:\/\/hubsch-interior.com\/fr\/produit\/drop-pendule-multicolore\/#primaryimage"},"image":{"@id":"https:\/\/hubsch-interior.com\/fr\/produit\/drop-pendule-multicolore\/#primaryimage"},"thumbnailUrl":"https:\/\/hubsch-interior.com\/wp-content\/uploads\/2026\/02\/drop-pendant-multicolour-765ee3b231953a1d6403a61f46bcdca0.jpg","datePublished":"2020-12-15T08:57:19+00:00","dateModified":"2026-04-11T03:11:25+00:00","description":"La Drop Lampe est un \u00e9l\u00e9gant luminaire en m\u00e9tal qui apportera de l'\u00e9clat \u00e0 votre maison. Disponible en blanc, rouge et laiton, cette lampe est","breadcrumb":{"@id":"https:\/\/hubsch-interior.com\/fr\/produit\/drop-pendule-multicolore\/#breadcrumb"},"inLanguage":"fr-FR","potentialAction":[{"@type":"ReadAction","target":["https:\/\/hubsch-interior.com\/fr\/produit\/drop-pendule-multicolore\/"]}]},{"@type":"ImageObject","inLanguage":"fr-FR","@id":"https:\/\/hubsch-interior.com\/fr\/produit\/drop-pendule-multicolore\/#primaryimage","url":"https:\/\/hubsch-interior.com\/wp-content\/uploads\/2026\/02\/drop-pendant-multicolour-765ee3b231953a1d6403a61f46bcdca0.jpg","contentUrl":"https:\/\/hubsch-interior.com\/wp-content\/uploads\/2026\/02\/drop-pendant-multicolour-765ee3b231953a1d6403a61f46bcdca0.jpg","width":1024,"height":1024},{"@type":"BreadcrumbList","@id":"https:\/\/hubsch-interior.com\/fr\/produit\/drop-pendule-multicolore\/#breadcrumb","itemListElement":[{"@type":"ListItem","position":1,"name":"Page d'accueil","item":"https:\/\/hubsch-interior.com\/fr\/"},{"@type":"ListItem","position":2,"name":"Produits","item":"https:\/\/hubsch-interior.com\/fr\/shop-2\/"},{"@type":"ListItem","position":3,"name":"Luminaires","item":"https:\/\/hubsch-interior.com\/fr\/categorie-produit\/luminaires\/"},{"@type":"ListItem","position":4,"name":"Suspensions","item":"https:\/\/hubsch-interior.com\/fr\/categorie-produit\/luminaires\/suspensions-fr\/"},{"@type":"ListItem","position":5,"name":"Drop Pendule \u00a0Multicolor\u00e9"}]},{"@type":"WebSite","@id":"https:\/\/hubsch-interior.com\/fr\/#website","url":"https:\/\/hubsch-interior.com\/fr\/","name":"H\u00fcbsch","description":"Danish Home Interior and Design","publisher":{"@id":"https:\/\/hubsch-interior.com\/fr\/#organization"},"potentialAction":[{"@type":"SearchAction","target":{"@type":"EntryPoint","urlTemplate":"https:\/\/hubsch-interior.com\/fr\/?s={search_term_string}"},"query-input":{"@type":"PropertyValueSpecification","valueRequired":true,"valueName":"search_term_string"}}],"inLanguage":"fr-FR"},{"@type":"Organization","@id":"https:\/\/hubsch-interior.com\/fr\/#organization","name":"H\u00fcbsch","url":"https:\/\/hubsch-interior.com\/fr\/","logo":{"@type":"ImageObject","inLanguage":"fr-FR","@id":"https:\/\/hubsch-interior.com\/fr\/#\/schema\/logo\/image\/","url":"https:\/\/hubsch-interior.com\/wp-content\/uploads\/2022\/12\/Hubsch_logo_black_one_line.svg","contentUrl":"https:\/\/hubsch-interior.com\/wp-content\/uploads\/2022\/12\/Hubsch_logo_black_one_line.svg","caption":"H\u00fcbsch"},"image":{"@id":"https:\/\/hubsch-interior.com\/fr\/#\/schema\/logo\/image\/"}}]}},"_links":{"self":[{"href":"https:\/\/hubsch-interior.com\/fr\/wp-json\/wp\/v2\/product\/40722","targetHints":{"allow":["GET"]}}],"collection":[{"href":"https:\/\/hubsch-interior.com\/fr\/wp-json\/wp\/v2\/product"}],"about":[{"href":"https:\/\/hubsch-interior.com\/fr\/wp-json\/wp\/v2\/types\/product"}],"wp:featuredmedia":[{"embeddable":true,"href":"https:\/\/hubsch-interior.com\/fr\/wp-json\/wp\/v2\/media\/1112935"}],"wp:attachment":[{"href":"https:\/\/hubsch-interior.com\/fr\/wp-json\/wp\/v2\/media?parent=40722"}],"wp:term":[{"taxonomy":"product_brand","embeddable":true,"href":"https:\/\/hubsch-interior.com\/fr\/wp-json\/wp\/v2\/product_brand?post=40722"},{"taxonomy":"product_cat","embeddable":true,"href":"https:\/\/hubsch-interior.com\/fr\/wp-json\/wp\/v2\/product_cat?post=40722"},{"taxonomy":"product_tag","embeddable":true,"href":"https:\/\/hubsch-interior.com\/fr\/wp-json\/wp\/v2\/product_tag?post=40722"}],"curies":[{"name":"wp","href":"https:\/\/api.w.org\/{rel}","templated":true}]}}