{"id":40806,"date":"2020-12-15T09:57:33","date_gmt":"2020-12-15T08:57:33","guid":{"rendered":"https:\/\/hubsch-interior.com\/product\/product-42\/"},"modified":"2026-04-05T05:17:55","modified_gmt":"2026-04-05T03:17:55","slug":"pliss-applique-murale-beige","status":"publish","type":"product","link":"https:\/\/hubsch-interior.com\/fr\/produit\/pliss-applique-murale-beige\/","title":{"rendered":"Pliss Applique murale Beige"},"content":{"rendered":"<p>La Pliss Lampe murale Sable\/Laiton est parfaite pour donner une touche de style et d\u2019\u00e9l\u00e9gance \u00e0 votre int\u00e9rieur. Fabriqu\u00e9e \u00e0 partir de coton et de m\u00e9tal, cette lampe murale est con\u00e7ue pour s&#8217;adapter \u00e0 n&#8217;importe quel d\u00e9cor. Avec ses couleurs sable et laiton, elle peut facilement s&#8217;int\u00e9grer \u00e0 votre salon ou \u00e0 votre chambre \u00e0 coucher pour un look moderne et intemporel. Son design unique et \u00e9pur\u00e9 offre une luminosit\u00e9 douce et chaleureuse qui ajoute de la profondeur \u00e0 votre pi\u00e8ce. La Pliss Lampe murale Sable\/Laiton est la touche finale id\u00e9ale pour donner du style \u00e0 votre int\u00e9rieur.<\/p>\n","protected":false},"excerpt":{"rendered":"<p>La Pliss Lampe murale Sable\/Laiton est parfaite pour donner une touche de style et d\u2019\u00e9l\u00e9gance \u00e0 votre int\u00e9rieur. Fabriqu\u00e9e \u00e0 partir de coton et de m\u00e9tal, cette lampe murale est con\u00e7ue pour s&#8217;adapter \u00e0 n&#8217;importe quel d\u00e9cor. Avec ses couleurs sable et laiton, elle peut facilement s&#8217;int\u00e9grer \u00e0 votre salon ou \u00e0 votre chambre \u00e0 [&hellip;]<\/p>\n","protected":false},"featured_media":1112979,"template":"","meta":{"_acf_changed":false,"inline_featured_image":false},"product_brand":[],"product_cat":[6943,3810,3407,5026],"product_tag":[],"class_list":{"0":"post-40806","1":"product","2":"type-product","3":"status-publish","4":"has-post-thumbnail","6":"product_cat-bestseller-2025-fr","7":"product_cat-luminaires","8":"product_cat-appliques-murales-fr","9":"product_cat-bestsellers-fr","10":"product_shipping_class-pk","11":"pa_color-beige-3","12":"pa_material-cotton-30-fr","13":"pa_material-fer-fr","15":"first","16":"outofstock","17":"featured","18":"taxable","19":"shipping-taxable","20":"purchasable","21":"product-type-simple"},"exclude_global_add_ons":[],"addons":[],"acf":[],"yoast_head":"<!-- This site is optimized with the Yoast SEO plugin v26.4 - https:\/\/yoast.com\/wordpress\/plugins\/seo\/ -->\n<title>Pliss Applique murale Beige - H\u00fcbsch<\/title>\n<meta name=\"description\" content=\"La Pliss Lampe murale Sable\/Laiton est parfaite pour donner une touche de style et d\u2019\u00e9l\u00e9gance \u00e0 votre int\u00e9rieur. Fabriqu\u00e9e \u00e0 partir de coton et de m\u00e9tal,\" \/>\n<meta name=\"robots\" content=\"index, follow, max-snippet:-1, max-image-preview:large, max-video-preview:-1\" \/>\n<link rel=\"canonical\" href=\"https:\/\/hubsch-interior.com\/fr\/wp-json\/wp\/v2\/product\/40806\" \/>\n<meta property=\"og:locale\" content=\"fr_FR\" \/>\n<meta property=\"og:type\" content=\"article\" \/>\n<meta property=\"og:title\" content=\"Pliss Applique murale Beige - H\u00fcbsch\" \/>\n<meta property=\"og:description\" content=\"La Pliss Lampe murale Sable\/Laiton est parfaite pour donner une touche de style et d\u2019\u00e9l\u00e9gance \u00e0 votre int\u00e9rieur. Fabriqu\u00e9e \u00e0 partir de coton et de m\u00e9tal,\" \/>\n<meta property=\"og:url\" content=\"https:\/\/hubsch-interior.com\/fr\/produit\/pliss-applique-murale-beige\/\" \/>\n<meta property=\"og:site_name\" content=\"H\u00fcbsch\" \/>\n<meta property=\"article:modified_time\" content=\"2026-04-05T03:17:55+00:00\" \/>\n<meta property=\"og:image\" content=\"https:\/\/hubsch-interior.com\/wp-content\/uploads\/2024\/01\/pliss-wall-lamp-beige-52cd154100df833048ec052e37090de7.jpg\" \/>\n\t<meta property=\"og:image:width\" content=\"1200\" \/>\n\t<meta property=\"og:image:height\" content=\"1200\" \/>\n\t<meta property=\"og:image:type\" content=\"image\/jpeg\" \/>\n<meta name=\"twitter:card\" content=\"summary_large_image\" \/>\n<meta name=\"twitter:label1\" content=\"Dur\u00e9e de lecture estim\u00e9e\" \/>\n\t<meta name=\"twitter:data1\" content=\"1 minute\" \/>\n<script type=\"application\/ld+json\" class=\"yoast-schema-graph\">{\"@context\":\"https:\/\/schema.org\",\"@graph\":[{\"@type\":\"WebPage\",\"@id\":\"https:\/\/hubsch-interior.com\/fr\/produit\/pliss-applique-murale-beige\/\",\"url\":\"https:\/\/hubsch-interior.com\/fr\/produit\/pliss-applique-murale-beige\/\",\"name\":\"Pliss Applique murale Beige - H\u00fcbsch\",\"isPartOf\":{\"@id\":\"https:\/\/hubsch-interior.com\/fr\/#website\"},\"primaryImageOfPage\":{\"@id\":\"https:\/\/hubsch-interior.com\/fr\/produit\/pliss-applique-murale-beige\/#primaryimage\"},\"image\":{\"@id\":\"https:\/\/hubsch-interior.com\/fr\/produit\/pliss-applique-murale-beige\/#primaryimage\"},\"thumbnailUrl\":\"https:\/\/hubsch-interior.com\/wp-content\/uploads\/2026\/02\/pliss-wall-light-beige-ac0ebab7ee1c44211bc1be69d2365256.jpg\",\"datePublished\":\"2020-12-15T08:57:33+00:00\",\"dateModified\":\"2026-04-05T03:17:55+00:00\",\"description\":\"La Pliss Lampe murale Sable\/Laiton est parfaite pour donner une touche de style et d\u2019\u00e9l\u00e9gance \u00e0 votre int\u00e9rieur. Fabriqu\u00e9e \u00e0 partir de coton et de m\u00e9tal,\",\"breadcrumb\":{\"@id\":\"https:\/\/hubsch-interior.com\/fr\/produit\/pliss-applique-murale-beige\/#breadcrumb\"},\"inLanguage\":\"fr-FR\",\"potentialAction\":[{\"@type\":\"ReadAction\",\"target\":[\"https:\/\/hubsch-interior.com\/fr\/produit\/pliss-applique-murale-beige\/\"]}]},{\"@type\":\"ImageObject\",\"inLanguage\":\"fr-FR\",\"@id\":\"https:\/\/hubsch-interior.com\/fr\/produit\/pliss-applique-murale-beige\/#primaryimage\",\"url\":\"https:\/\/hubsch-interior.com\/wp-content\/uploads\/2026\/02\/pliss-wall-light-beige-ac0ebab7ee1c44211bc1be69d2365256.jpg\",\"contentUrl\":\"https:\/\/hubsch-interior.com\/wp-content\/uploads\/2026\/02\/pliss-wall-light-beige-ac0ebab7ee1c44211bc1be69d2365256.jpg\",\"width\":1024,\"height\":1024},{\"@type\":\"BreadcrumbList\",\"@id\":\"https:\/\/hubsch-interior.com\/fr\/produit\/pliss-applique-murale-beige\/#breadcrumb\",\"itemListElement\":[{\"@type\":\"ListItem\",\"position\":1,\"name\":\"Page d'accueil\",\"item\":\"https:\/\/hubsch-interior.com\/fr\/\"},{\"@type\":\"ListItem\",\"position\":2,\"name\":\"Produits\",\"item\":\"https:\/\/hubsch-interior.com\/fr\/shop-2\/\"},{\"@type\":\"ListItem\",\"position\":3,\"name\":\"Luminaires\",\"item\":\"https:\/\/hubsch-interior.com\/fr\/categorie-produit\/luminaires\/\"},{\"@type\":\"ListItem\",\"position\":4,\"name\":\"Appliques murales\",\"item\":\"https:\/\/hubsch-interior.com\/fr\/categorie-produit\/luminaires\/appliques-murales-fr\/\"},{\"@type\":\"ListItem\",\"position\":5,\"name\":\"Pliss Applique murale Beige\"}]},{\"@type\":\"WebSite\",\"@id\":\"https:\/\/hubsch-interior.com\/fr\/#website\",\"url\":\"https:\/\/hubsch-interior.com\/fr\/\",\"name\":\"H\u00fcbsch\",\"description\":\"Danish Home Interior and Design\",\"publisher\":{\"@id\":\"https:\/\/hubsch-interior.com\/fr\/#organization\"},\"potentialAction\":[{\"@type\":\"SearchAction\",\"target\":{\"@type\":\"EntryPoint\",\"urlTemplate\":\"https:\/\/hubsch-interior.com\/fr\/?s={search_term_string}\"},\"query-input\":{\"@type\":\"PropertyValueSpecification\",\"valueRequired\":true,\"valueName\":\"search_term_string\"}}],\"inLanguage\":\"fr-FR\"},{\"@type\":\"Organization\",\"@id\":\"https:\/\/hubsch-interior.com\/fr\/#organization\",\"name\":\"H\u00fcbsch\",\"url\":\"https:\/\/hubsch-interior.com\/fr\/\",\"logo\":{\"@type\":\"ImageObject\",\"inLanguage\":\"fr-FR\",\"@id\":\"https:\/\/hubsch-interior.com\/fr\/#\/schema\/logo\/image\/\",\"url\":\"https:\/\/hubsch-interior.com\/wp-content\/uploads\/2022\/12\/Hubsch_logo_black_one_line.svg\",\"contentUrl\":\"https:\/\/hubsch-interior.com\/wp-content\/uploads\/2022\/12\/Hubsch_logo_black_one_line.svg\",\"caption\":\"H\u00fcbsch\"},\"image\":{\"@id\":\"https:\/\/hubsch-interior.com\/fr\/#\/schema\/logo\/image\/\"}}]}<\/script>\n<!-- \/ Yoast SEO plugin. -->","yoast_head_json":{"title":"Pliss Applique murale Beige - H\u00fcbsch","description":"La Pliss Lampe murale Sable\/Laiton est parfaite pour donner une touche de style et d\u2019\u00e9l\u00e9gance \u00e0 votre int\u00e9rieur. Fabriqu\u00e9e \u00e0 partir de coton et de m\u00e9tal,","robots":{"index":"index","follow":"follow","max-snippet":"max-snippet:-1","max-image-preview":"max-image-preview:large","max-video-preview":"max-video-preview:-1"},"canonical":"https:\/\/hubsch-interior.com\/fr\/wp-json\/wp\/v2\/product\/40806","og_locale":"fr_FR","og_type":"article","og_title":"Pliss Applique murale Beige - H\u00fcbsch","og_description":"La Pliss Lampe murale Sable\/Laiton est parfaite pour donner une touche de style et d\u2019\u00e9l\u00e9gance \u00e0 votre int\u00e9rieur. Fabriqu\u00e9e \u00e0 partir de coton et de m\u00e9tal,","og_url":"https:\/\/hubsch-interior.com\/fr\/produit\/pliss-applique-murale-beige\/","og_site_name":"H\u00fcbsch","article_modified_time":"2026-04-05T03:17:55+00:00","og_image":[{"width":1200,"height":1200,"url":"https:\/\/hubsch-interior.com\/wp-content\/uploads\/2024\/01\/pliss-wall-lamp-beige-52cd154100df833048ec052e37090de7.jpg","type":"image\/jpeg"}],"twitter_card":"summary_large_image","twitter_misc":{"Dur\u00e9e de lecture estim\u00e9e":"1 minute"},"schema":{"@context":"https:\/\/schema.org","@graph":[{"@type":"WebPage","@id":"https:\/\/hubsch-interior.com\/fr\/produit\/pliss-applique-murale-beige\/","url":"https:\/\/hubsch-interior.com\/fr\/produit\/pliss-applique-murale-beige\/","name":"Pliss Applique murale Beige - H\u00fcbsch","isPartOf":{"@id":"https:\/\/hubsch-interior.com\/fr\/#website"},"primaryImageOfPage":{"@id":"https:\/\/hubsch-interior.com\/fr\/produit\/pliss-applique-murale-beige\/#primaryimage"},"image":{"@id":"https:\/\/hubsch-interior.com\/fr\/produit\/pliss-applique-murale-beige\/#primaryimage"},"thumbnailUrl":"https:\/\/hubsch-interior.com\/wp-content\/uploads\/2026\/02\/pliss-wall-light-beige-ac0ebab7ee1c44211bc1be69d2365256.jpg","datePublished":"2020-12-15T08:57:33+00:00","dateModified":"2026-04-05T03:17:55+00:00","description":"La Pliss Lampe murale Sable\/Laiton est parfaite pour donner une touche de style et d\u2019\u00e9l\u00e9gance \u00e0 votre int\u00e9rieur. Fabriqu\u00e9e \u00e0 partir de coton et de m\u00e9tal,","breadcrumb":{"@id":"https:\/\/hubsch-interior.com\/fr\/produit\/pliss-applique-murale-beige\/#breadcrumb"},"inLanguage":"fr-FR","potentialAction":[{"@type":"ReadAction","target":["https:\/\/hubsch-interior.com\/fr\/produit\/pliss-applique-murale-beige\/"]}]},{"@type":"ImageObject","inLanguage":"fr-FR","@id":"https:\/\/hubsch-interior.com\/fr\/produit\/pliss-applique-murale-beige\/#primaryimage","url":"https:\/\/hubsch-interior.com\/wp-content\/uploads\/2026\/02\/pliss-wall-light-beige-ac0ebab7ee1c44211bc1be69d2365256.jpg","contentUrl":"https:\/\/hubsch-interior.com\/wp-content\/uploads\/2026\/02\/pliss-wall-light-beige-ac0ebab7ee1c44211bc1be69d2365256.jpg","width":1024,"height":1024},{"@type":"BreadcrumbList","@id":"https:\/\/hubsch-interior.com\/fr\/produit\/pliss-applique-murale-beige\/#breadcrumb","itemListElement":[{"@type":"ListItem","position":1,"name":"Page d'accueil","item":"https:\/\/hubsch-interior.com\/fr\/"},{"@type":"ListItem","position":2,"name":"Produits","item":"https:\/\/hubsch-interior.com\/fr\/shop-2\/"},{"@type":"ListItem","position":3,"name":"Luminaires","item":"https:\/\/hubsch-interior.com\/fr\/categorie-produit\/luminaires\/"},{"@type":"ListItem","position":4,"name":"Appliques murales","item":"https:\/\/hubsch-interior.com\/fr\/categorie-produit\/luminaires\/appliques-murales-fr\/"},{"@type":"ListItem","position":5,"name":"Pliss Applique murale Beige"}]},{"@type":"WebSite","@id":"https:\/\/hubsch-interior.com\/fr\/#website","url":"https:\/\/hubsch-interior.com\/fr\/","name":"H\u00fcbsch","description":"Danish Home Interior and Design","publisher":{"@id":"https:\/\/hubsch-interior.com\/fr\/#organization"},"potentialAction":[{"@type":"SearchAction","target":{"@type":"EntryPoint","urlTemplate":"https:\/\/hubsch-interior.com\/fr\/?s={search_term_string}"},"query-input":{"@type":"PropertyValueSpecification","valueRequired":true,"valueName":"search_term_string"}}],"inLanguage":"fr-FR"},{"@type":"Organization","@id":"https:\/\/hubsch-interior.com\/fr\/#organization","name":"H\u00fcbsch","url":"https:\/\/hubsch-interior.com\/fr\/","logo":{"@type":"ImageObject","inLanguage":"fr-FR","@id":"https:\/\/hubsch-interior.com\/fr\/#\/schema\/logo\/image\/","url":"https:\/\/hubsch-interior.com\/wp-content\/uploads\/2022\/12\/Hubsch_logo_black_one_line.svg","contentUrl":"https:\/\/hubsch-interior.com\/wp-content\/uploads\/2022\/12\/Hubsch_logo_black_one_line.svg","caption":"H\u00fcbsch"},"image":{"@id":"https:\/\/hubsch-interior.com\/fr\/#\/schema\/logo\/image\/"}}]}},"_links":{"self":[{"href":"https:\/\/hubsch-interior.com\/fr\/wp-json\/wp\/v2\/product\/40806","targetHints":{"allow":["GET"]}}],"collection":[{"href":"https:\/\/hubsch-interior.com\/fr\/wp-json\/wp\/v2\/product"}],"about":[{"href":"https:\/\/hubsch-interior.com\/fr\/wp-json\/wp\/v2\/types\/product"}],"wp:featuredmedia":[{"embeddable":true,"href":"https:\/\/hubsch-interior.com\/fr\/wp-json\/wp\/v2\/media\/1112979"}],"wp:attachment":[{"href":"https:\/\/hubsch-interior.com\/fr\/wp-json\/wp\/v2\/media?parent=40806"}],"wp:term":[{"taxonomy":"product_brand","embeddable":true,"href":"https:\/\/hubsch-interior.com\/fr\/wp-json\/wp\/v2\/product_brand?post=40806"},{"taxonomy":"product_cat","embeddable":true,"href":"https:\/\/hubsch-interior.com\/fr\/wp-json\/wp\/v2\/product_cat?post=40806"},{"taxonomy":"product_tag","embeddable":true,"href":"https:\/\/hubsch-interior.com\/fr\/wp-json\/wp\/v2\/product_tag?post=40806"}],"curies":[{"name":"wp","href":"https:\/\/api.w.org\/{rel}","templated":true}]}}