{"id":40858,"date":"2020-12-15T09:57:45","date_gmt":"2020-12-15T08:57:45","guid":{"rendered":"https:\/\/hubsch-interior.com\/product\/product-44\/"},"modified":"2026-04-29T05:18:30","modified_gmt":"2026-04-29T03:18:30","slug":"kumu-lampe-o25-blanc","status":"publish","type":"product","link":"https:\/\/hubsch-interior.com\/fr\/produit\/kumu-lampe-o25-blanc\/","title":{"rendered":"Kumu Lampe \u00d825 Blanc"},"content":{"rendered":"<p>Kumu Lampe murale \u00d825 Blanc est une lampe design et moderne qui illuminera votre int\u00e9rieur. Elle est faite avec des mat\u00e9riaux de qualit\u00e9 : verre et m\u00e9tal. Elle est \u00e0 la fois durable et robuste. Sa taille de 25 cm de diam\u00e8tre et sa couleur blanche s\u2019int\u00e8greront \u00e0 n\u2019importe quel d\u00e9cor int\u00e9rieur. Sa forme ronde et minimaliste offre une lumi\u00e8re agr\u00e9able et douce. La lampe Kumu s\u2019adaptera \u00e0 votre style pour un \u00e9clairage parfait.<\/p>\n","protected":false},"excerpt":{"rendered":"<p>Kumu Lampe murale \u00d825 Blanc est une lampe design et moderne qui illuminera votre int\u00e9rieur. Elle est faite avec des mat\u00e9riaux de qualit\u00e9 : verre et m\u00e9tal. Elle est \u00e0 la fois durable et robuste. Sa taille de 25 cm de diam\u00e8tre et sa couleur blanche s\u2019int\u00e8greront \u00e0 n\u2019importe quel d\u00e9cor int\u00e9rieur. Sa forme ronde [&hellip;]<\/p>\n","protected":false},"featured_media":1109511,"template":"","meta":{"_acf_changed":false,"inline_featured_image":false},"product_brand":[],"product_cat":[3810,3407,4147,5026],"product_tag":[],"class_list":{"0":"post-40858","1":"product","2":"type-product","3":"status-publish","4":"has-post-thumbnail","6":"product_cat-luminaires","7":"product_cat-appliques-murales-fr","8":"product_cat-suspensions-fr","9":"product_cat-bestsellers-fr","10":"product_shipping_class-pk","12":"pa_color-blanc","13":"pa_material-fer-fr","14":"pa_material-verre-fr","16":"first","17":"instock","18":"featured","19":"taxable","20":"shipping-taxable","21":"purchasable","22":"product-type-simple"},"exclude_global_add_ons":[],"addons":[],"acf":[],"yoast_head":"<!-- This site is optimized with the Yoast SEO plugin v26.4 - https:\/\/yoast.com\/wordpress\/plugins\/seo\/ -->\n<title>Kumu Lampe \u00d825 Blanc - H\u00fcbsch<\/title>\n<meta name=\"description\" content=\"Kumu Lampe murale \u00d825 Blanc est une lampe design et moderne qui illuminera votre int\u00e9rieur. Elle est faite avec des mat\u00e9riaux de qualit\u00e9 : verre et m\u00e9tal.\" \/>\n<meta name=\"robots\" content=\"index, follow, max-snippet:-1, max-image-preview:large, max-video-preview:-1\" \/>\n<link rel=\"canonical\" href=\"https:\/\/hubsch-interior.com\/fr\/wp-json\/wp\/v2\/product\/40858\" \/>\n<meta property=\"og:locale\" content=\"fr_FR\" \/>\n<meta property=\"og:type\" content=\"article\" \/>\n<meta property=\"og:title\" content=\"Kumu Lampe \u00d825 Blanc - H\u00fcbsch\" \/>\n<meta property=\"og:description\" content=\"Kumu Lampe murale \u00d825 Blanc est une lampe design et moderne qui illuminera votre int\u00e9rieur. Elle est faite avec des mat\u00e9riaux de qualit\u00e9 : verre et m\u00e9tal.\" \/>\n<meta property=\"og:url\" content=\"https:\/\/hubsch-interior.com\/fr\/produit\/kumu-lampe-o25-blanc\/\" \/>\n<meta property=\"og:site_name\" content=\"H\u00fcbsch\" \/>\n<meta property=\"article:modified_time\" content=\"2026-04-29T03:18:30+00:00\" \/>\n<meta property=\"og:image\" content=\"https:\/\/hubsch-interior.com\/wp-content\/uploads\/2024\/01\/kumu-wall-lamp-O25-white-d6249724044b0d4d4fab1fc4e5ed6050.jpg\" \/>\n\t<meta property=\"og:image:width\" content=\"1200\" \/>\n\t<meta property=\"og:image:height\" content=\"1200\" \/>\n\t<meta property=\"og:image:type\" content=\"image\/jpeg\" \/>\n<meta name=\"twitter:card\" content=\"summary_large_image\" \/>\n<script type=\"application\/ld+json\" class=\"yoast-schema-graph\">{\"@context\":\"https:\/\/schema.org\",\"@graph\":[{\"@type\":\"WebPage\",\"@id\":\"https:\/\/hubsch-interior.com\/fr\/produit\/kumu-lampe-o25-blanc\/\",\"url\":\"https:\/\/hubsch-interior.com\/fr\/produit\/kumu-lampe-o25-blanc\/\",\"name\":\"Kumu Lampe \u00d825 Blanc - H\u00fcbsch\",\"isPartOf\":{\"@id\":\"https:\/\/hubsch-interior.com\/fr\/#website\"},\"primaryImageOfPage\":{\"@id\":\"https:\/\/hubsch-interior.com\/fr\/produit\/kumu-lampe-o25-blanc\/#primaryimage\"},\"image\":{\"@id\":\"https:\/\/hubsch-interior.com\/fr\/produit\/kumu-lampe-o25-blanc\/#primaryimage\"},\"thumbnailUrl\":\"https:\/\/hubsch-interior.com\/wp-content\/uploads\/2026\/02\/kumu-lamp-O25-white-c452559c87b5c830e62007761da1e630.jpg\",\"datePublished\":\"2020-12-15T08:57:45+00:00\",\"dateModified\":\"2026-04-29T03:18:30+00:00\",\"description\":\"Kumu Lampe murale \u00d825 Blanc est une lampe design et moderne qui illuminera votre int\u00e9rieur. Elle est faite avec des mat\u00e9riaux de qualit\u00e9 : verre et m\u00e9tal.\",\"breadcrumb\":{\"@id\":\"https:\/\/hubsch-interior.com\/fr\/produit\/kumu-lampe-o25-blanc\/#breadcrumb\"},\"inLanguage\":\"fr-FR\",\"potentialAction\":[{\"@type\":\"ReadAction\",\"target\":[\"https:\/\/hubsch-interior.com\/fr\/produit\/kumu-lampe-o25-blanc\/\"]}]},{\"@type\":\"ImageObject\",\"inLanguage\":\"fr-FR\",\"@id\":\"https:\/\/hubsch-interior.com\/fr\/produit\/kumu-lampe-o25-blanc\/#primaryimage\",\"url\":\"https:\/\/hubsch-interior.com\/wp-content\/uploads\/2026\/02\/kumu-lamp-O25-white-c452559c87b5c830e62007761da1e630.jpg\",\"contentUrl\":\"https:\/\/hubsch-interior.com\/wp-content\/uploads\/2026\/02\/kumu-lamp-O25-white-c452559c87b5c830e62007761da1e630.jpg\",\"width\":1024,\"height\":1024},{\"@type\":\"BreadcrumbList\",\"@id\":\"https:\/\/hubsch-interior.com\/fr\/produit\/kumu-lampe-o25-blanc\/#breadcrumb\",\"itemListElement\":[{\"@type\":\"ListItem\",\"position\":1,\"name\":\"Page d'accueil\",\"item\":\"https:\/\/hubsch-interior.com\/fr\/\"},{\"@type\":\"ListItem\",\"position\":2,\"name\":\"Produits\",\"item\":\"https:\/\/hubsch-interior.com\/fr\/shop-2\/\"},{\"@type\":\"ListItem\",\"position\":3,\"name\":\"Luminaires\",\"item\":\"https:\/\/hubsch-interior.com\/fr\/categorie-produit\/luminaires\/\"},{\"@type\":\"ListItem\",\"position\":4,\"name\":\"Appliques murales\",\"item\":\"https:\/\/hubsch-interior.com\/fr\/categorie-produit\/luminaires\/appliques-murales-fr\/\"},{\"@type\":\"ListItem\",\"position\":5,\"name\":\"Kumu Lampe \u00d825 Blanc\"}]},{\"@type\":\"WebSite\",\"@id\":\"https:\/\/hubsch-interior.com\/fr\/#website\",\"url\":\"https:\/\/hubsch-interior.com\/fr\/\",\"name\":\"H\u00fcbsch\",\"description\":\"Danish Home Interior and Design\",\"publisher\":{\"@id\":\"https:\/\/hubsch-interior.com\/fr\/#organization\"},\"potentialAction\":[{\"@type\":\"SearchAction\",\"target\":{\"@type\":\"EntryPoint\",\"urlTemplate\":\"https:\/\/hubsch-interior.com\/fr\/?s={search_term_string}\"},\"query-input\":{\"@type\":\"PropertyValueSpecification\",\"valueRequired\":true,\"valueName\":\"search_term_string\"}}],\"inLanguage\":\"fr-FR\"},{\"@type\":\"Organization\",\"@id\":\"https:\/\/hubsch-interior.com\/fr\/#organization\",\"name\":\"H\u00fcbsch\",\"url\":\"https:\/\/hubsch-interior.com\/fr\/\",\"logo\":{\"@type\":\"ImageObject\",\"inLanguage\":\"fr-FR\",\"@id\":\"https:\/\/hubsch-interior.com\/fr\/#\/schema\/logo\/image\/\",\"url\":\"https:\/\/hubsch-interior.com\/wp-content\/uploads\/2022\/12\/Hubsch_logo_black_one_line.svg\",\"contentUrl\":\"https:\/\/hubsch-interior.com\/wp-content\/uploads\/2022\/12\/Hubsch_logo_black_one_line.svg\",\"caption\":\"H\u00fcbsch\"},\"image\":{\"@id\":\"https:\/\/hubsch-interior.com\/fr\/#\/schema\/logo\/image\/\"}}]}<\/script>\n<!-- \/ Yoast SEO plugin. -->","yoast_head_json":{"title":"Kumu Lampe \u00d825 Blanc - H\u00fcbsch","description":"Kumu Lampe murale \u00d825 Blanc est une lampe design et moderne qui illuminera votre int\u00e9rieur. Elle est faite avec des mat\u00e9riaux de qualit\u00e9 : verre et m\u00e9tal.","robots":{"index":"index","follow":"follow","max-snippet":"max-snippet:-1","max-image-preview":"max-image-preview:large","max-video-preview":"max-video-preview:-1"},"canonical":"https:\/\/hubsch-interior.com\/fr\/wp-json\/wp\/v2\/product\/40858","og_locale":"fr_FR","og_type":"article","og_title":"Kumu Lampe \u00d825 Blanc - H\u00fcbsch","og_description":"Kumu Lampe murale \u00d825 Blanc est une lampe design et moderne qui illuminera votre int\u00e9rieur. Elle est faite avec des mat\u00e9riaux de qualit\u00e9 : verre et m\u00e9tal.","og_url":"https:\/\/hubsch-interior.com\/fr\/produit\/kumu-lampe-o25-blanc\/","og_site_name":"H\u00fcbsch","article_modified_time":"2026-04-29T03:18:30+00:00","og_image":[{"width":1200,"height":1200,"url":"https:\/\/hubsch-interior.com\/wp-content\/uploads\/2024\/01\/kumu-wall-lamp-O25-white-d6249724044b0d4d4fab1fc4e5ed6050.jpg","type":"image\/jpeg"}],"twitter_card":"summary_large_image","schema":{"@context":"https:\/\/schema.org","@graph":[{"@type":"WebPage","@id":"https:\/\/hubsch-interior.com\/fr\/produit\/kumu-lampe-o25-blanc\/","url":"https:\/\/hubsch-interior.com\/fr\/produit\/kumu-lampe-o25-blanc\/","name":"Kumu Lampe \u00d825 Blanc - H\u00fcbsch","isPartOf":{"@id":"https:\/\/hubsch-interior.com\/fr\/#website"},"primaryImageOfPage":{"@id":"https:\/\/hubsch-interior.com\/fr\/produit\/kumu-lampe-o25-blanc\/#primaryimage"},"image":{"@id":"https:\/\/hubsch-interior.com\/fr\/produit\/kumu-lampe-o25-blanc\/#primaryimage"},"thumbnailUrl":"https:\/\/hubsch-interior.com\/wp-content\/uploads\/2026\/02\/kumu-lamp-O25-white-c452559c87b5c830e62007761da1e630.jpg","datePublished":"2020-12-15T08:57:45+00:00","dateModified":"2026-04-29T03:18:30+00:00","description":"Kumu Lampe murale \u00d825 Blanc est une lampe design et moderne qui illuminera votre int\u00e9rieur. Elle est faite avec des mat\u00e9riaux de qualit\u00e9 : verre et m\u00e9tal.","breadcrumb":{"@id":"https:\/\/hubsch-interior.com\/fr\/produit\/kumu-lampe-o25-blanc\/#breadcrumb"},"inLanguage":"fr-FR","potentialAction":[{"@type":"ReadAction","target":["https:\/\/hubsch-interior.com\/fr\/produit\/kumu-lampe-o25-blanc\/"]}]},{"@type":"ImageObject","inLanguage":"fr-FR","@id":"https:\/\/hubsch-interior.com\/fr\/produit\/kumu-lampe-o25-blanc\/#primaryimage","url":"https:\/\/hubsch-interior.com\/wp-content\/uploads\/2026\/02\/kumu-lamp-O25-white-c452559c87b5c830e62007761da1e630.jpg","contentUrl":"https:\/\/hubsch-interior.com\/wp-content\/uploads\/2026\/02\/kumu-lamp-O25-white-c452559c87b5c830e62007761da1e630.jpg","width":1024,"height":1024},{"@type":"BreadcrumbList","@id":"https:\/\/hubsch-interior.com\/fr\/produit\/kumu-lampe-o25-blanc\/#breadcrumb","itemListElement":[{"@type":"ListItem","position":1,"name":"Page d'accueil","item":"https:\/\/hubsch-interior.com\/fr\/"},{"@type":"ListItem","position":2,"name":"Produits","item":"https:\/\/hubsch-interior.com\/fr\/shop-2\/"},{"@type":"ListItem","position":3,"name":"Luminaires","item":"https:\/\/hubsch-interior.com\/fr\/categorie-produit\/luminaires\/"},{"@type":"ListItem","position":4,"name":"Appliques murales","item":"https:\/\/hubsch-interior.com\/fr\/categorie-produit\/luminaires\/appliques-murales-fr\/"},{"@type":"ListItem","position":5,"name":"Kumu Lampe \u00d825 Blanc"}]},{"@type":"WebSite","@id":"https:\/\/hubsch-interior.com\/fr\/#website","url":"https:\/\/hubsch-interior.com\/fr\/","name":"H\u00fcbsch","description":"Danish Home Interior and Design","publisher":{"@id":"https:\/\/hubsch-interior.com\/fr\/#organization"},"potentialAction":[{"@type":"SearchAction","target":{"@type":"EntryPoint","urlTemplate":"https:\/\/hubsch-interior.com\/fr\/?s={search_term_string}"},"query-input":{"@type":"PropertyValueSpecification","valueRequired":true,"valueName":"search_term_string"}}],"inLanguage":"fr-FR"},{"@type":"Organization","@id":"https:\/\/hubsch-interior.com\/fr\/#organization","name":"H\u00fcbsch","url":"https:\/\/hubsch-interior.com\/fr\/","logo":{"@type":"ImageObject","inLanguage":"fr-FR","@id":"https:\/\/hubsch-interior.com\/fr\/#\/schema\/logo\/image\/","url":"https:\/\/hubsch-interior.com\/wp-content\/uploads\/2022\/12\/Hubsch_logo_black_one_line.svg","contentUrl":"https:\/\/hubsch-interior.com\/wp-content\/uploads\/2022\/12\/Hubsch_logo_black_one_line.svg","caption":"H\u00fcbsch"},"image":{"@id":"https:\/\/hubsch-interior.com\/fr\/#\/schema\/logo\/image\/"}}]}},"_links":{"self":[{"href":"https:\/\/hubsch-interior.com\/fr\/wp-json\/wp\/v2\/product\/40858","targetHints":{"allow":["GET"]}}],"collection":[{"href":"https:\/\/hubsch-interior.com\/fr\/wp-json\/wp\/v2\/product"}],"about":[{"href":"https:\/\/hubsch-interior.com\/fr\/wp-json\/wp\/v2\/types\/product"}],"wp:featuredmedia":[{"embeddable":true,"href":"https:\/\/hubsch-interior.com\/fr\/wp-json\/wp\/v2\/media\/1109511"}],"wp:attachment":[{"href":"https:\/\/hubsch-interior.com\/fr\/wp-json\/wp\/v2\/media?parent=40858"}],"wp:term":[{"taxonomy":"product_brand","embeddable":true,"href":"https:\/\/hubsch-interior.com\/fr\/wp-json\/wp\/v2\/product_brand?post=40858"},{"taxonomy":"product_cat","embeddable":true,"href":"https:\/\/hubsch-interior.com\/fr\/wp-json\/wp\/v2\/product_cat?post=40858"},{"taxonomy":"product_tag","embeddable":true,"href":"https:\/\/hubsch-interior.com\/fr\/wp-json\/wp\/v2\/product_tag?post=40858"}],"curies":[{"name":"wp","href":"https:\/\/api.w.org\/{rel}","templated":true}]}}