{"id":40934,"date":"2020-12-15T09:58:00","date_gmt":"2020-12-15T08:58:00","guid":{"rendered":"https:\/\/hubsch-interior.com\/product\/product-48\/"},"modified":"2026-04-09T05:15:00","modified_gmt":"2026-04-09T03:15:00","slug":"roll-bougeoir-laiton","status":"publish","type":"product","link":"https:\/\/hubsch-interior.com\/fr\/produit\/roll-bougeoir-laiton\/","title":{"rendered":"Roll Bougeoir Laiton"},"content":{"rendered":"<p>Le Roll Bougeoir en Laiton est un produit \u00e9l\u00e9gant et raffin\u00e9. Fabriqu\u00e9 en m\u00e9tal, il apportera une touche sophistiqu\u00e9e \u00e0 votre int\u00e9rieur. Vous pourrez le placer sur une table, une \u00e9tag\u00e8re ou un meuble pour ajouter une dimension suppl\u00e9mentaire \u00e0 votre d\u00e9cor. Son design unique le rend \u00e0 la fois simple et attrayant. Sa couleur dor\u00e9e et sa finition brillante conf\u00e8reront \u00e0 votre pi\u00e8ce une atmosph\u00e8re chaleureuse et intemporelle. D\u00e9corez votre maison avec le Roll Bougeoir en Laiton et laissez-vous s\u00e9duire par sa beaut\u00e9.<\/p>\n","protected":false},"excerpt":{"rendered":"<p>Le Roll Bougeoir en Laiton est un produit \u00e9l\u00e9gant et raffin\u00e9. Fabriqu\u00e9 en m\u00e9tal, il apportera une touche sophistiqu\u00e9e \u00e0 votre int\u00e9rieur. Vous pourrez le placer sur une table, une \u00e9tag\u00e8re ou un meuble pour ajouter une dimension suppl\u00e9mentaire \u00e0 votre d\u00e9cor. Son design unique le rend \u00e0 la fois simple et attrayant. Sa couleur [&hellip;]<\/p>\n","protected":false},"featured_media":1109571,"template":"","meta":{"_acf_changed":false,"inline_featured_image":false},"product_brand":[],"product_cat":[6971,4065,4066,6535],"product_tag":[],"class_list":{"0":"post-40934","1":"product","2":"type-product","3":"status-publish","4":"has-post-thumbnail","6":"product_cat-paques","7":"product_cat-bougeoirs-lanternes-fr","8":"product_cat-bougeoirs-et-photophores-fr","9":"product_cat-outlet-fr","10":"product_shipping_class-pk","12":"pa_color-laiton","13":"pa_material-fer-fr","15":"first","16":"instock","17":"sale","18":"taxable","19":"shipping-taxable","20":"purchasable","21":"product-type-simple"},"exclude_global_add_ons":[],"addons":[],"acf":[],"yoast_head":"<!-- This site is optimized with the Yoast SEO plugin v26.4 - https:\/\/yoast.com\/wordpress\/plugins\/seo\/ -->\n<title>Roll Bougeoir Laiton - H\u00fcbsch<\/title>\n<meta name=\"description\" content=\"Le Roll Bougeoir en Laiton est un produit \u00e9l\u00e9gant et raffin\u00e9. Fabriqu\u00e9 en m\u00e9tal, il apportera une touche sophistiqu\u00e9e \u00e0 votre int\u00e9rieur. Vous pourrez le\" \/>\n<meta name=\"robots\" content=\"index, follow, max-snippet:-1, max-image-preview:large, max-video-preview:-1\" \/>\n<link rel=\"canonical\" href=\"https:\/\/hubsch-interior.com\/fr\/wp-json\/wp\/v2\/product\/40934\" \/>\n<meta property=\"og:locale\" content=\"fr_FR\" \/>\n<meta property=\"og:type\" content=\"article\" \/>\n<meta property=\"og:title\" content=\"Roll Bougeoir Laiton - H\u00fcbsch\" \/>\n<meta property=\"og:description\" content=\"Le Roll Bougeoir en Laiton est un produit \u00e9l\u00e9gant et raffin\u00e9. Fabriqu\u00e9 en m\u00e9tal, il apportera une touche sophistiqu\u00e9e \u00e0 votre int\u00e9rieur. Vous pourrez le\" \/>\n<meta property=\"og:url\" content=\"https:\/\/hubsch-interior.com\/fr\/produit\/roll-bougeoir-laiton\/\" \/>\n<meta property=\"og:site_name\" content=\"H\u00fcbsch\" \/>\n<meta property=\"article:modified_time\" content=\"2026-04-09T03:15:00+00:00\" \/>\n<meta property=\"og:image\" content=\"https:\/\/hubsch-interior.com\/wp-content\/uploads\/2024\/01\/roll-candlestick-brass-67b8521fb57694d936452b3ce306a0bc.jpg\" \/>\n\t<meta property=\"og:image:width\" content=\"1200\" \/>\n\t<meta property=\"og:image:height\" content=\"1200\" \/>\n\t<meta property=\"og:image:type\" content=\"image\/jpeg\" \/>\n<meta name=\"twitter:card\" content=\"summary_large_image\" \/>\n<script type=\"application\/ld+json\" class=\"yoast-schema-graph\">{\"@context\":\"https:\/\/schema.org\",\"@graph\":[{\"@type\":\"WebPage\",\"@id\":\"https:\/\/hubsch-interior.com\/fr\/produit\/roll-bougeoir-laiton\/\",\"url\":\"https:\/\/hubsch-interior.com\/fr\/produit\/roll-bougeoir-laiton\/\",\"name\":\"Roll Bougeoir Laiton - H\u00fcbsch\",\"isPartOf\":{\"@id\":\"https:\/\/hubsch-interior.com\/fr\/#website\"},\"primaryImageOfPage\":{\"@id\":\"https:\/\/hubsch-interior.com\/fr\/produit\/roll-bougeoir-laiton\/#primaryimage\"},\"image\":{\"@id\":\"https:\/\/hubsch-interior.com\/fr\/produit\/roll-bougeoir-laiton\/#primaryimage\"},\"thumbnailUrl\":\"https:\/\/hubsch-interior.com\/wp-content\/uploads\/2026\/02\/roll-candlestick-brass-1599889e625ee2bb454f0f83dec157fd.jpg\",\"datePublished\":\"2020-12-15T08:58:00+00:00\",\"dateModified\":\"2026-04-09T03:15:00+00:00\",\"description\":\"Le Roll Bougeoir en Laiton est un produit \u00e9l\u00e9gant et raffin\u00e9. Fabriqu\u00e9 en m\u00e9tal, il apportera une touche sophistiqu\u00e9e \u00e0 votre int\u00e9rieur. Vous pourrez le\",\"breadcrumb\":{\"@id\":\"https:\/\/hubsch-interior.com\/fr\/produit\/roll-bougeoir-laiton\/#breadcrumb\"},\"inLanguage\":\"fr-FR\",\"potentialAction\":[{\"@type\":\"ReadAction\",\"target\":[\"https:\/\/hubsch-interior.com\/fr\/produit\/roll-bougeoir-laiton\/\"]}]},{\"@type\":\"ImageObject\",\"inLanguage\":\"fr-FR\",\"@id\":\"https:\/\/hubsch-interior.com\/fr\/produit\/roll-bougeoir-laiton\/#primaryimage\",\"url\":\"https:\/\/hubsch-interior.com\/wp-content\/uploads\/2026\/02\/roll-candlestick-brass-1599889e625ee2bb454f0f83dec157fd.jpg\",\"contentUrl\":\"https:\/\/hubsch-interior.com\/wp-content\/uploads\/2026\/02\/roll-candlestick-brass-1599889e625ee2bb454f0f83dec157fd.jpg\",\"width\":1024,\"height\":1024},{\"@type\":\"BreadcrumbList\",\"@id\":\"https:\/\/hubsch-interior.com\/fr\/produit\/roll-bougeoir-laiton\/#breadcrumb\",\"itemListElement\":[{\"@type\":\"ListItem\",\"position\":1,\"name\":\"Page d'accueil\",\"item\":\"https:\/\/hubsch-interior.com\/fr\/\"},{\"@type\":\"ListItem\",\"position\":2,\"name\":\"Produits\",\"item\":\"https:\/\/hubsch-interior.com\/fr\/shop-2\/\"},{\"@type\":\"ListItem\",\"position\":3,\"name\":\"Accessoires maison\",\"item\":\"https:\/\/hubsch-interior.com\/fr\/categorie-produit\/accessoires-maison\/\"},{\"@type\":\"ListItem\",\"position\":4,\"name\":\"Bougeoirs &amp; lanternes\",\"item\":\"https:\/\/hubsch-interior.com\/fr\/categorie-produit\/accessoires-maison\/bougeoirs-lanternes-fr\/\"},{\"@type\":\"ListItem\",\"position\":5,\"name\":\"Bougeoirs et photophores\",\"item\":\"https:\/\/hubsch-interior.com\/fr\/categorie-produit\/accessoires-maison\/bougeoirs-lanternes-fr\/bougeoirs-et-photophores-fr\/\"},{\"@type\":\"ListItem\",\"position\":6,\"name\":\"Roll Bougeoir Laiton\"}]},{\"@type\":\"WebSite\",\"@id\":\"https:\/\/hubsch-interior.com\/fr\/#website\",\"url\":\"https:\/\/hubsch-interior.com\/fr\/\",\"name\":\"H\u00fcbsch\",\"description\":\"Danish Home Interior and Design\",\"publisher\":{\"@id\":\"https:\/\/hubsch-interior.com\/fr\/#organization\"},\"potentialAction\":[{\"@type\":\"SearchAction\",\"target\":{\"@type\":\"EntryPoint\",\"urlTemplate\":\"https:\/\/hubsch-interior.com\/fr\/?s={search_term_string}\"},\"query-input\":{\"@type\":\"PropertyValueSpecification\",\"valueRequired\":true,\"valueName\":\"search_term_string\"}}],\"inLanguage\":\"fr-FR\"},{\"@type\":\"Organization\",\"@id\":\"https:\/\/hubsch-interior.com\/fr\/#organization\",\"name\":\"H\u00fcbsch\",\"url\":\"https:\/\/hubsch-interior.com\/fr\/\",\"logo\":{\"@type\":\"ImageObject\",\"inLanguage\":\"fr-FR\",\"@id\":\"https:\/\/hubsch-interior.com\/fr\/#\/schema\/logo\/image\/\",\"url\":\"https:\/\/hubsch-interior.com\/wp-content\/uploads\/2022\/12\/Hubsch_logo_black_one_line.svg\",\"contentUrl\":\"https:\/\/hubsch-interior.com\/wp-content\/uploads\/2022\/12\/Hubsch_logo_black_one_line.svg\",\"caption\":\"H\u00fcbsch\"},\"image\":{\"@id\":\"https:\/\/hubsch-interior.com\/fr\/#\/schema\/logo\/image\/\"}}]}<\/script>\n<!-- \/ Yoast SEO plugin. -->","yoast_head_json":{"title":"Roll Bougeoir Laiton - H\u00fcbsch","description":"Le Roll Bougeoir en Laiton est un produit \u00e9l\u00e9gant et raffin\u00e9. Fabriqu\u00e9 en m\u00e9tal, il apportera une touche sophistiqu\u00e9e \u00e0 votre int\u00e9rieur. Vous pourrez le","robots":{"index":"index","follow":"follow","max-snippet":"max-snippet:-1","max-image-preview":"max-image-preview:large","max-video-preview":"max-video-preview:-1"},"canonical":"https:\/\/hubsch-interior.com\/fr\/wp-json\/wp\/v2\/product\/40934","og_locale":"fr_FR","og_type":"article","og_title":"Roll Bougeoir Laiton - H\u00fcbsch","og_description":"Le Roll Bougeoir en Laiton est un produit \u00e9l\u00e9gant et raffin\u00e9. Fabriqu\u00e9 en m\u00e9tal, il apportera une touche sophistiqu\u00e9e \u00e0 votre int\u00e9rieur. Vous pourrez le","og_url":"https:\/\/hubsch-interior.com\/fr\/produit\/roll-bougeoir-laiton\/","og_site_name":"H\u00fcbsch","article_modified_time":"2026-04-09T03:15:00+00:00","og_image":[{"width":1200,"height":1200,"url":"https:\/\/hubsch-interior.com\/wp-content\/uploads\/2024\/01\/roll-candlestick-brass-67b8521fb57694d936452b3ce306a0bc.jpg","type":"image\/jpeg"}],"twitter_card":"summary_large_image","schema":{"@context":"https:\/\/schema.org","@graph":[{"@type":"WebPage","@id":"https:\/\/hubsch-interior.com\/fr\/produit\/roll-bougeoir-laiton\/","url":"https:\/\/hubsch-interior.com\/fr\/produit\/roll-bougeoir-laiton\/","name":"Roll Bougeoir Laiton - H\u00fcbsch","isPartOf":{"@id":"https:\/\/hubsch-interior.com\/fr\/#website"},"primaryImageOfPage":{"@id":"https:\/\/hubsch-interior.com\/fr\/produit\/roll-bougeoir-laiton\/#primaryimage"},"image":{"@id":"https:\/\/hubsch-interior.com\/fr\/produit\/roll-bougeoir-laiton\/#primaryimage"},"thumbnailUrl":"https:\/\/hubsch-interior.com\/wp-content\/uploads\/2026\/02\/roll-candlestick-brass-1599889e625ee2bb454f0f83dec157fd.jpg","datePublished":"2020-12-15T08:58:00+00:00","dateModified":"2026-04-09T03:15:00+00:00","description":"Le Roll Bougeoir en Laiton est un produit \u00e9l\u00e9gant et raffin\u00e9. Fabriqu\u00e9 en m\u00e9tal, il apportera une touche sophistiqu\u00e9e \u00e0 votre int\u00e9rieur. Vous pourrez le","breadcrumb":{"@id":"https:\/\/hubsch-interior.com\/fr\/produit\/roll-bougeoir-laiton\/#breadcrumb"},"inLanguage":"fr-FR","potentialAction":[{"@type":"ReadAction","target":["https:\/\/hubsch-interior.com\/fr\/produit\/roll-bougeoir-laiton\/"]}]},{"@type":"ImageObject","inLanguage":"fr-FR","@id":"https:\/\/hubsch-interior.com\/fr\/produit\/roll-bougeoir-laiton\/#primaryimage","url":"https:\/\/hubsch-interior.com\/wp-content\/uploads\/2026\/02\/roll-candlestick-brass-1599889e625ee2bb454f0f83dec157fd.jpg","contentUrl":"https:\/\/hubsch-interior.com\/wp-content\/uploads\/2026\/02\/roll-candlestick-brass-1599889e625ee2bb454f0f83dec157fd.jpg","width":1024,"height":1024},{"@type":"BreadcrumbList","@id":"https:\/\/hubsch-interior.com\/fr\/produit\/roll-bougeoir-laiton\/#breadcrumb","itemListElement":[{"@type":"ListItem","position":1,"name":"Page d'accueil","item":"https:\/\/hubsch-interior.com\/fr\/"},{"@type":"ListItem","position":2,"name":"Produits","item":"https:\/\/hubsch-interior.com\/fr\/shop-2\/"},{"@type":"ListItem","position":3,"name":"Accessoires maison","item":"https:\/\/hubsch-interior.com\/fr\/categorie-produit\/accessoires-maison\/"},{"@type":"ListItem","position":4,"name":"Bougeoirs &amp; lanternes","item":"https:\/\/hubsch-interior.com\/fr\/categorie-produit\/accessoires-maison\/bougeoirs-lanternes-fr\/"},{"@type":"ListItem","position":5,"name":"Bougeoirs et photophores","item":"https:\/\/hubsch-interior.com\/fr\/categorie-produit\/accessoires-maison\/bougeoirs-lanternes-fr\/bougeoirs-et-photophores-fr\/"},{"@type":"ListItem","position":6,"name":"Roll Bougeoir Laiton"}]},{"@type":"WebSite","@id":"https:\/\/hubsch-interior.com\/fr\/#website","url":"https:\/\/hubsch-interior.com\/fr\/","name":"H\u00fcbsch","description":"Danish Home Interior and Design","publisher":{"@id":"https:\/\/hubsch-interior.com\/fr\/#organization"},"potentialAction":[{"@type":"SearchAction","target":{"@type":"EntryPoint","urlTemplate":"https:\/\/hubsch-interior.com\/fr\/?s={search_term_string}"},"query-input":{"@type":"PropertyValueSpecification","valueRequired":true,"valueName":"search_term_string"}}],"inLanguage":"fr-FR"},{"@type":"Organization","@id":"https:\/\/hubsch-interior.com\/fr\/#organization","name":"H\u00fcbsch","url":"https:\/\/hubsch-interior.com\/fr\/","logo":{"@type":"ImageObject","inLanguage":"fr-FR","@id":"https:\/\/hubsch-interior.com\/fr\/#\/schema\/logo\/image\/","url":"https:\/\/hubsch-interior.com\/wp-content\/uploads\/2022\/12\/Hubsch_logo_black_one_line.svg","contentUrl":"https:\/\/hubsch-interior.com\/wp-content\/uploads\/2022\/12\/Hubsch_logo_black_one_line.svg","caption":"H\u00fcbsch"},"image":{"@id":"https:\/\/hubsch-interior.com\/fr\/#\/schema\/logo\/image\/"}}]}},"_links":{"self":[{"href":"https:\/\/hubsch-interior.com\/fr\/wp-json\/wp\/v2\/product\/40934","targetHints":{"allow":["GET"]}}],"collection":[{"href":"https:\/\/hubsch-interior.com\/fr\/wp-json\/wp\/v2\/product"}],"about":[{"href":"https:\/\/hubsch-interior.com\/fr\/wp-json\/wp\/v2\/types\/product"}],"wp:featuredmedia":[{"embeddable":true,"href":"https:\/\/hubsch-interior.com\/fr\/wp-json\/wp\/v2\/media\/1109571"}],"wp:attachment":[{"href":"https:\/\/hubsch-interior.com\/fr\/wp-json\/wp\/v2\/media?parent=40934"}],"wp:term":[{"taxonomy":"product_brand","embeddable":true,"href":"https:\/\/hubsch-interior.com\/fr\/wp-json\/wp\/v2\/product_brand?post=40934"},{"taxonomy":"product_cat","embeddable":true,"href":"https:\/\/hubsch-interior.com\/fr\/wp-json\/wp\/v2\/product_cat?post=40934"},{"taxonomy":"product_tag","embeddable":true,"href":"https:\/\/hubsch-interior.com\/fr\/wp-json\/wp\/v2\/product_tag?post=40934"}],"curies":[{"name":"wp","href":"https:\/\/api.w.org\/{rel}","templated":true}]}}