{"id":41086,"date":"2020-12-15T09:58:33","date_gmt":"2020-12-15T08:58:33","guid":{"rendered":"https:\/\/hubsch-interior.com\/product\/product-51\/"},"modified":"2026-04-11T05:12:00","modified_gmt":"2026-04-11T03:12:00","slug":"ripple-pendule-large-transparent","status":"publish","type":"product","link":"https:\/\/hubsch-interior.com\/fr\/produit\/ripple-pendule-large-transparent\/","title":{"rendered":"Ripple Pendule Large Transparent"},"content":{"rendered":"<p>Le Ripple Suspension Large Transparent est un design sophistiqu\u00e9 et \u00e9l\u00e9gant qui est parfait pour tout espace int\u00e9rieur. Fabriqu\u00e9 en verre et m\u00e9tal de qualit\u00e9 sup\u00e9rieure, ce luminaire est \u00e0 la fois robuste et durable. La suspension transparente est suffisamment grande pour remplir une pi\u00e8ce avec une belle lumi\u00e8re douce et diffuse. Elle est parfaite pour illuminer votre salon, votre bureau ou votre salle \u00e0 manger avec un look contemporain. Le Ripple Suspension Large Transparent est un excellent choix pour ajouter une touche de modernit\u00e9 \u00e0 votre d\u00e9cor.<\/p>\n","protected":false},"excerpt":{"rendered":"<p>Le Ripple Suspension Large Transparent est un design sophistiqu\u00e9 et \u00e9l\u00e9gant qui est parfait pour tout espace int\u00e9rieur. Fabriqu\u00e9 en verre et m\u00e9tal de qualit\u00e9 sup\u00e9rieure, ce luminaire est \u00e0 la fois robuste et durable. La suspension transparente est suffisamment grande pour remplir une pi\u00e8ce avec une belle lumi\u00e8re douce et diffuse. Elle est parfaite [&hellip;]<\/p>\n","protected":false},"featured_media":1113031,"template":"","meta":{"_acf_changed":false,"inline_featured_image":false},"product_brand":[],"product_cat":[3810,4147,5026],"product_tag":[],"class_list":{"0":"post-41086","1":"product","2":"type-product","3":"status-publish","4":"has-post-thumbnail","6":"product_cat-luminaires","7":"product_cat-suspensions-fr","8":"product_cat-bestsellers-fr","9":"product_shipping_class-pk","11":"pa_color-transparent","12":"pa_material-fer-fr","13":"pa_material-verre-fr","15":"first","16":"instock","17":"featured","18":"taxable","19":"shipping-taxable","20":"purchasable","21":"product-type-simple"},"exclude_global_add_ons":[],"addons":[],"acf":[],"yoast_head":"<!-- This site is optimized with the Yoast SEO plugin v26.4 - https:\/\/yoast.com\/wordpress\/plugins\/seo\/ -->\n<title>Ripple Pendule Large Transparent - H\u00fcbsch<\/title>\n<meta name=\"description\" content=\"Le Ripple Suspension Large Transparent est un design sophistiqu\u00e9 et \u00e9l\u00e9gant qui est parfait pour tout espace int\u00e9rieur. Fabriqu\u00e9 en verre et m\u00e9tal de\" \/>\n<meta name=\"robots\" content=\"index, follow, max-snippet:-1, max-image-preview:large, max-video-preview:-1\" \/>\n<link rel=\"canonical\" href=\"https:\/\/hubsch-interior.com\/fr\/wp-json\/wp\/v2\/product\/41086\" \/>\n<meta property=\"og:locale\" content=\"fr_FR\" \/>\n<meta property=\"og:type\" content=\"article\" \/>\n<meta property=\"og:title\" content=\"Ripple Pendule Large Transparent - H\u00fcbsch\" \/>\n<meta property=\"og:description\" content=\"Le Ripple Suspension Large Transparent est un design sophistiqu\u00e9 et \u00e9l\u00e9gant qui est parfait pour tout espace int\u00e9rieur. Fabriqu\u00e9 en verre et m\u00e9tal de\" \/>\n<meta property=\"og:url\" content=\"https:\/\/hubsch-interior.com\/fr\/produit\/ripple-pendule-large-transparent\/\" \/>\n<meta property=\"og:site_name\" content=\"H\u00fcbsch\" \/>\n<meta property=\"article:modified_time\" content=\"2026-04-11T03:12:00+00:00\" \/>\n<meta property=\"og:image\" content=\"https:\/\/hubsch-interior.com\/wp-content\/uploads\/2024\/01\/ripple-ceiling-lamp-large-clear-3807e1ea080e5c87cba6905ed96798e2.jpg\" \/>\n\t<meta property=\"og:image:width\" content=\"1200\" \/>\n\t<meta property=\"og:image:height\" content=\"1200\" \/>\n\t<meta property=\"og:image:type\" content=\"image\/jpeg\" \/>\n<meta name=\"twitter:card\" content=\"summary_large_image\" \/>\n<script type=\"application\/ld+json\" class=\"yoast-schema-graph\">{\"@context\":\"https:\/\/schema.org\",\"@graph\":[{\"@type\":\"WebPage\",\"@id\":\"https:\/\/hubsch-interior.com\/fr\/produit\/ripple-pendule-large-transparent\/\",\"url\":\"https:\/\/hubsch-interior.com\/fr\/produit\/ripple-pendule-large-transparent\/\",\"name\":\"Ripple Pendule Large Transparent - H\u00fcbsch\",\"isPartOf\":{\"@id\":\"https:\/\/hubsch-interior.com\/fr\/#website\"},\"primaryImageOfPage\":{\"@id\":\"https:\/\/hubsch-interior.com\/fr\/produit\/ripple-pendule-large-transparent\/#primaryimage\"},\"image\":{\"@id\":\"https:\/\/hubsch-interior.com\/fr\/produit\/ripple-pendule-large-transparent\/#primaryimage\"},\"thumbnailUrl\":\"https:\/\/hubsch-interior.com\/wp-content\/uploads\/2026\/02\/ripple-pendant-large-clear-c89965fcd1e1f4aebd43491a2dca6438.jpg\",\"datePublished\":\"2020-12-15T08:58:33+00:00\",\"dateModified\":\"2026-04-11T03:12:00+00:00\",\"description\":\"Le Ripple Suspension Large Transparent est un design sophistiqu\u00e9 et \u00e9l\u00e9gant qui est parfait pour tout espace int\u00e9rieur. Fabriqu\u00e9 en verre et m\u00e9tal de\",\"breadcrumb\":{\"@id\":\"https:\/\/hubsch-interior.com\/fr\/produit\/ripple-pendule-large-transparent\/#breadcrumb\"},\"inLanguage\":\"fr-FR\",\"potentialAction\":[{\"@type\":\"ReadAction\",\"target\":[\"https:\/\/hubsch-interior.com\/fr\/produit\/ripple-pendule-large-transparent\/\"]}]},{\"@type\":\"ImageObject\",\"inLanguage\":\"fr-FR\",\"@id\":\"https:\/\/hubsch-interior.com\/fr\/produit\/ripple-pendule-large-transparent\/#primaryimage\",\"url\":\"https:\/\/hubsch-interior.com\/wp-content\/uploads\/2026\/02\/ripple-pendant-large-clear-c89965fcd1e1f4aebd43491a2dca6438.jpg\",\"contentUrl\":\"https:\/\/hubsch-interior.com\/wp-content\/uploads\/2026\/02\/ripple-pendant-large-clear-c89965fcd1e1f4aebd43491a2dca6438.jpg\",\"width\":1024,\"height\":1024},{\"@type\":\"BreadcrumbList\",\"@id\":\"https:\/\/hubsch-interior.com\/fr\/produit\/ripple-pendule-large-transparent\/#breadcrumb\",\"itemListElement\":[{\"@type\":\"ListItem\",\"position\":1,\"name\":\"Page d'accueil\",\"item\":\"https:\/\/hubsch-interior.com\/fr\/\"},{\"@type\":\"ListItem\",\"position\":2,\"name\":\"Produits\",\"item\":\"https:\/\/hubsch-interior.com\/fr\/shop-2\/\"},{\"@type\":\"ListItem\",\"position\":3,\"name\":\"Luminaires\",\"item\":\"https:\/\/hubsch-interior.com\/fr\/categorie-produit\/luminaires\/\"},{\"@type\":\"ListItem\",\"position\":4,\"name\":\"Suspensions\",\"item\":\"https:\/\/hubsch-interior.com\/fr\/categorie-produit\/luminaires\/suspensions-fr\/\"},{\"@type\":\"ListItem\",\"position\":5,\"name\":\"Ripple Pendule Large Transparent\"}]},{\"@type\":\"WebSite\",\"@id\":\"https:\/\/hubsch-interior.com\/fr\/#website\",\"url\":\"https:\/\/hubsch-interior.com\/fr\/\",\"name\":\"H\u00fcbsch\",\"description\":\"Danish Home Interior and Design\",\"publisher\":{\"@id\":\"https:\/\/hubsch-interior.com\/fr\/#organization\"},\"potentialAction\":[{\"@type\":\"SearchAction\",\"target\":{\"@type\":\"EntryPoint\",\"urlTemplate\":\"https:\/\/hubsch-interior.com\/fr\/?s={search_term_string}\"},\"query-input\":{\"@type\":\"PropertyValueSpecification\",\"valueRequired\":true,\"valueName\":\"search_term_string\"}}],\"inLanguage\":\"fr-FR\"},{\"@type\":\"Organization\",\"@id\":\"https:\/\/hubsch-interior.com\/fr\/#organization\",\"name\":\"H\u00fcbsch\",\"url\":\"https:\/\/hubsch-interior.com\/fr\/\",\"logo\":{\"@type\":\"ImageObject\",\"inLanguage\":\"fr-FR\",\"@id\":\"https:\/\/hubsch-interior.com\/fr\/#\/schema\/logo\/image\/\",\"url\":\"https:\/\/hubsch-interior.com\/wp-content\/uploads\/2022\/12\/Hubsch_logo_black_one_line.svg\",\"contentUrl\":\"https:\/\/hubsch-interior.com\/wp-content\/uploads\/2022\/12\/Hubsch_logo_black_one_line.svg\",\"caption\":\"H\u00fcbsch\"},\"image\":{\"@id\":\"https:\/\/hubsch-interior.com\/fr\/#\/schema\/logo\/image\/\"}}]}<\/script>\n<!-- \/ Yoast SEO plugin. -->","yoast_head_json":{"title":"Ripple Pendule Large Transparent - H\u00fcbsch","description":"Le Ripple Suspension Large Transparent est un design sophistiqu\u00e9 et \u00e9l\u00e9gant qui est parfait pour tout espace int\u00e9rieur. Fabriqu\u00e9 en verre et m\u00e9tal de","robots":{"index":"index","follow":"follow","max-snippet":"max-snippet:-1","max-image-preview":"max-image-preview:large","max-video-preview":"max-video-preview:-1"},"canonical":"https:\/\/hubsch-interior.com\/fr\/wp-json\/wp\/v2\/product\/41086","og_locale":"fr_FR","og_type":"article","og_title":"Ripple Pendule Large Transparent - H\u00fcbsch","og_description":"Le Ripple Suspension Large Transparent est un design sophistiqu\u00e9 et \u00e9l\u00e9gant qui est parfait pour tout espace int\u00e9rieur. Fabriqu\u00e9 en verre et m\u00e9tal de","og_url":"https:\/\/hubsch-interior.com\/fr\/produit\/ripple-pendule-large-transparent\/","og_site_name":"H\u00fcbsch","article_modified_time":"2026-04-11T03:12:00+00:00","og_image":[{"width":1200,"height":1200,"url":"https:\/\/hubsch-interior.com\/wp-content\/uploads\/2024\/01\/ripple-ceiling-lamp-large-clear-3807e1ea080e5c87cba6905ed96798e2.jpg","type":"image\/jpeg"}],"twitter_card":"summary_large_image","schema":{"@context":"https:\/\/schema.org","@graph":[{"@type":"WebPage","@id":"https:\/\/hubsch-interior.com\/fr\/produit\/ripple-pendule-large-transparent\/","url":"https:\/\/hubsch-interior.com\/fr\/produit\/ripple-pendule-large-transparent\/","name":"Ripple Pendule Large Transparent - H\u00fcbsch","isPartOf":{"@id":"https:\/\/hubsch-interior.com\/fr\/#website"},"primaryImageOfPage":{"@id":"https:\/\/hubsch-interior.com\/fr\/produit\/ripple-pendule-large-transparent\/#primaryimage"},"image":{"@id":"https:\/\/hubsch-interior.com\/fr\/produit\/ripple-pendule-large-transparent\/#primaryimage"},"thumbnailUrl":"https:\/\/hubsch-interior.com\/wp-content\/uploads\/2026\/02\/ripple-pendant-large-clear-c89965fcd1e1f4aebd43491a2dca6438.jpg","datePublished":"2020-12-15T08:58:33+00:00","dateModified":"2026-04-11T03:12:00+00:00","description":"Le Ripple Suspension Large Transparent est un design sophistiqu\u00e9 et \u00e9l\u00e9gant qui est parfait pour tout espace int\u00e9rieur. Fabriqu\u00e9 en verre et m\u00e9tal de","breadcrumb":{"@id":"https:\/\/hubsch-interior.com\/fr\/produit\/ripple-pendule-large-transparent\/#breadcrumb"},"inLanguage":"fr-FR","potentialAction":[{"@type":"ReadAction","target":["https:\/\/hubsch-interior.com\/fr\/produit\/ripple-pendule-large-transparent\/"]}]},{"@type":"ImageObject","inLanguage":"fr-FR","@id":"https:\/\/hubsch-interior.com\/fr\/produit\/ripple-pendule-large-transparent\/#primaryimage","url":"https:\/\/hubsch-interior.com\/wp-content\/uploads\/2026\/02\/ripple-pendant-large-clear-c89965fcd1e1f4aebd43491a2dca6438.jpg","contentUrl":"https:\/\/hubsch-interior.com\/wp-content\/uploads\/2026\/02\/ripple-pendant-large-clear-c89965fcd1e1f4aebd43491a2dca6438.jpg","width":1024,"height":1024},{"@type":"BreadcrumbList","@id":"https:\/\/hubsch-interior.com\/fr\/produit\/ripple-pendule-large-transparent\/#breadcrumb","itemListElement":[{"@type":"ListItem","position":1,"name":"Page d'accueil","item":"https:\/\/hubsch-interior.com\/fr\/"},{"@type":"ListItem","position":2,"name":"Produits","item":"https:\/\/hubsch-interior.com\/fr\/shop-2\/"},{"@type":"ListItem","position":3,"name":"Luminaires","item":"https:\/\/hubsch-interior.com\/fr\/categorie-produit\/luminaires\/"},{"@type":"ListItem","position":4,"name":"Suspensions","item":"https:\/\/hubsch-interior.com\/fr\/categorie-produit\/luminaires\/suspensions-fr\/"},{"@type":"ListItem","position":5,"name":"Ripple Pendule Large Transparent"}]},{"@type":"WebSite","@id":"https:\/\/hubsch-interior.com\/fr\/#website","url":"https:\/\/hubsch-interior.com\/fr\/","name":"H\u00fcbsch","description":"Danish Home Interior and Design","publisher":{"@id":"https:\/\/hubsch-interior.com\/fr\/#organization"},"potentialAction":[{"@type":"SearchAction","target":{"@type":"EntryPoint","urlTemplate":"https:\/\/hubsch-interior.com\/fr\/?s={search_term_string}"},"query-input":{"@type":"PropertyValueSpecification","valueRequired":true,"valueName":"search_term_string"}}],"inLanguage":"fr-FR"},{"@type":"Organization","@id":"https:\/\/hubsch-interior.com\/fr\/#organization","name":"H\u00fcbsch","url":"https:\/\/hubsch-interior.com\/fr\/","logo":{"@type":"ImageObject","inLanguage":"fr-FR","@id":"https:\/\/hubsch-interior.com\/fr\/#\/schema\/logo\/image\/","url":"https:\/\/hubsch-interior.com\/wp-content\/uploads\/2022\/12\/Hubsch_logo_black_one_line.svg","contentUrl":"https:\/\/hubsch-interior.com\/wp-content\/uploads\/2022\/12\/Hubsch_logo_black_one_line.svg","caption":"H\u00fcbsch"},"image":{"@id":"https:\/\/hubsch-interior.com\/fr\/#\/schema\/logo\/image\/"}}]}},"_links":{"self":[{"href":"https:\/\/hubsch-interior.com\/fr\/wp-json\/wp\/v2\/product\/41086","targetHints":{"allow":["GET"]}}],"collection":[{"href":"https:\/\/hubsch-interior.com\/fr\/wp-json\/wp\/v2\/product"}],"about":[{"href":"https:\/\/hubsch-interior.com\/fr\/wp-json\/wp\/v2\/types\/product"}],"wp:featuredmedia":[{"embeddable":true,"href":"https:\/\/hubsch-interior.com\/fr\/wp-json\/wp\/v2\/media\/1113031"}],"wp:attachment":[{"href":"https:\/\/hubsch-interior.com\/fr\/wp-json\/wp\/v2\/media?parent=41086"}],"wp:term":[{"taxonomy":"product_brand","embeddable":true,"href":"https:\/\/hubsch-interior.com\/fr\/wp-json\/wp\/v2\/product_brand?post=41086"},{"taxonomy":"product_cat","embeddable":true,"href":"https:\/\/hubsch-interior.com\/fr\/wp-json\/wp\/v2\/product_cat?post=41086"},{"taxonomy":"product_tag","embeddable":true,"href":"https:\/\/hubsch-interior.com\/fr\/wp-json\/wp\/v2\/product_tag?post=41086"}],"curies":[{"name":"wp","href":"https:\/\/api.w.org\/{rel}","templated":true}]}}