{"id":41102,"date":"2020-12-15T09:58:39","date_gmt":"2020-12-15T08:58:39","guid":{"rendered":"https:\/\/hubsch-interior.com\/product\/product-51\/"},"modified":"2026-04-09T05:15:14","modified_gmt":"2026-04-09T03:15:14","slug":"fuse-applique-murale-nickel","status":"publish","type":"product","link":"https:\/\/hubsch-interior.com\/fr\/produit\/fuse-applique-murale-nickel\/","title":{"rendered":"Fuse Applique murale Nickel"},"content":{"rendered":"<p>La Fuse Lampe murale Nickel est le choix id\u00e9al pour un int\u00e9rieur contemporain. Faite de m\u00e9tal, elle s&#8217;installe facilement et ajoute une touche raffin\u00e9e \u00e0 votre d\u00e9coration int\u00e9rieure. Sa forme unique et son design minimaliste donne \u00e0 votre espace un look moderne et \u00e9l\u00e9gant. Facile \u00e0 installer et \u00e0 entretenir, cette lampe murale est une excellente option pour illuminer votre pi\u00e8ce. Une lumi\u00e8re douce et subtile pour un \u00e9clairage parfait. La Fuse Lampe murale Nickel est votre alli\u00e9e d\u00e9co par excellence.<\/p>\n","protected":false},"excerpt":{"rendered":"<p>La Fuse Lampe murale Nickel est le choix id\u00e9al pour un int\u00e9rieur contemporain. Faite de m\u00e9tal, elle s&#8217;installe facilement et ajoute une touche raffin\u00e9e \u00e0 votre d\u00e9coration int\u00e9rieure. Sa forme unique et son design minimaliste donne \u00e0 votre espace un look moderne et \u00e9l\u00e9gant. Facile \u00e0 installer et \u00e0 entretenir, cette lampe murale est une [&hellip;]<\/p>\n","protected":false},"featured_media":1109639,"template":"","meta":{"_acf_changed":false,"inline_featured_image":false},"product_brand":[],"product_cat":[3810,3407],"product_tag":[],"class_list":{"0":"post-41102","1":"product","2":"type-product","3":"status-publish","4":"has-post-thumbnail","6":"product_cat-luminaires","7":"product_cat-appliques-murales-fr","8":"product_shipping_class-pk","10":"pa_color-nickel-fr","11":"pa_material-fer-fr","13":"first","14":"instock","15":"taxable","16":"shipping-taxable","17":"purchasable","18":"product-type-simple"},"exclude_global_add_ons":[],"addons":[],"acf":[],"yoast_head":"<!-- This site is optimized with the Yoast SEO plugin v26.4 - https:\/\/yoast.com\/wordpress\/plugins\/seo\/ -->\n<title>Fuse Applique murale Nickel - H\u00fcbsch<\/title>\n<meta name=\"description\" content=\"La Fuse Lampe murale Nickel est le choix id\u00e9al pour un int\u00e9rieur contemporain. Faite de m\u00e9tal, elle s&#039;installe facilement et ajoute une touche raffin\u00e9e \u00e0\" \/>\n<meta name=\"robots\" content=\"index, follow, max-snippet:-1, max-image-preview:large, max-video-preview:-1\" \/>\n<link rel=\"canonical\" href=\"https:\/\/hubsch-interior.com\/fr\/wp-json\/wp\/v2\/product\/41102\" \/>\n<meta property=\"og:locale\" content=\"fr_FR\" \/>\n<meta property=\"og:type\" content=\"article\" \/>\n<meta property=\"og:title\" content=\"Fuse Applique murale Nickel - H\u00fcbsch\" \/>\n<meta property=\"og:description\" content=\"La Fuse Lampe murale Nickel est le choix id\u00e9al pour un int\u00e9rieur contemporain. Faite de m\u00e9tal, elle s&#039;installe facilement et ajoute une touche raffin\u00e9e \u00e0\" \/>\n<meta property=\"og:url\" content=\"https:\/\/hubsch-interior.com\/fr\/produit\/fuse-applique-murale-nickel\/\" \/>\n<meta property=\"og:site_name\" content=\"H\u00fcbsch\" \/>\n<meta property=\"article:modified_time\" content=\"2026-04-09T03:15:14+00:00\" \/>\n<meta property=\"og:image\" content=\"https:\/\/hubsch-interior.com\/wp-content\/uploads\/2024\/01\/fuse-wall-lamp-nickel-9ba2e0f5b220e351fff0ab34d9e7ad8e.jpg\" \/>\n\t<meta property=\"og:image:width\" content=\"1200\" \/>\n\t<meta property=\"og:image:height\" content=\"1200\" \/>\n\t<meta property=\"og:image:type\" content=\"image\/jpeg\" \/>\n<meta name=\"twitter:card\" content=\"summary_large_image\" \/>\n<script type=\"application\/ld+json\" class=\"yoast-schema-graph\">{\"@context\":\"https:\/\/schema.org\",\"@graph\":[{\"@type\":\"WebPage\",\"@id\":\"https:\/\/hubsch-interior.com\/fr\/produit\/fuse-applique-murale-nickel\/\",\"url\":\"https:\/\/hubsch-interior.com\/fr\/produit\/fuse-applique-murale-nickel\/\",\"name\":\"Fuse Applique murale Nickel - H\u00fcbsch\",\"isPartOf\":{\"@id\":\"https:\/\/hubsch-interior.com\/fr\/#website\"},\"primaryImageOfPage\":{\"@id\":\"https:\/\/hubsch-interior.com\/fr\/produit\/fuse-applique-murale-nickel\/#primaryimage\"},\"image\":{\"@id\":\"https:\/\/hubsch-interior.com\/fr\/produit\/fuse-applique-murale-nickel\/#primaryimage\"},\"thumbnailUrl\":\"https:\/\/hubsch-interior.com\/wp-content\/uploads\/2026\/02\/fuse-wall-light-nickel-b4aeb6ef0c0614f195c986fd29d5a1e3.jpg\",\"datePublished\":\"2020-12-15T08:58:39+00:00\",\"dateModified\":\"2026-04-09T03:15:14+00:00\",\"description\":\"La Fuse Lampe murale Nickel est le choix id\u00e9al pour un int\u00e9rieur contemporain. Faite de m\u00e9tal, elle s'installe facilement et ajoute une touche raffin\u00e9e \u00e0\",\"breadcrumb\":{\"@id\":\"https:\/\/hubsch-interior.com\/fr\/produit\/fuse-applique-murale-nickel\/#breadcrumb\"},\"inLanguage\":\"fr-FR\",\"potentialAction\":[{\"@type\":\"ReadAction\",\"target\":[\"https:\/\/hubsch-interior.com\/fr\/produit\/fuse-applique-murale-nickel\/\"]}]},{\"@type\":\"ImageObject\",\"inLanguage\":\"fr-FR\",\"@id\":\"https:\/\/hubsch-interior.com\/fr\/produit\/fuse-applique-murale-nickel\/#primaryimage\",\"url\":\"https:\/\/hubsch-interior.com\/wp-content\/uploads\/2026\/02\/fuse-wall-light-nickel-b4aeb6ef0c0614f195c986fd29d5a1e3.jpg\",\"contentUrl\":\"https:\/\/hubsch-interior.com\/wp-content\/uploads\/2026\/02\/fuse-wall-light-nickel-b4aeb6ef0c0614f195c986fd29d5a1e3.jpg\",\"width\":1024,\"height\":1024},{\"@type\":\"BreadcrumbList\",\"@id\":\"https:\/\/hubsch-interior.com\/fr\/produit\/fuse-applique-murale-nickel\/#breadcrumb\",\"itemListElement\":[{\"@type\":\"ListItem\",\"position\":1,\"name\":\"Page d'accueil\",\"item\":\"https:\/\/hubsch-interior.com\/fr\/\"},{\"@type\":\"ListItem\",\"position\":2,\"name\":\"Produits\",\"item\":\"https:\/\/hubsch-interior.com\/fr\/shop-2\/\"},{\"@type\":\"ListItem\",\"position\":3,\"name\":\"Luminaires\",\"item\":\"https:\/\/hubsch-interior.com\/fr\/categorie-produit\/luminaires\/\"},{\"@type\":\"ListItem\",\"position\":4,\"name\":\"Appliques murales\",\"item\":\"https:\/\/hubsch-interior.com\/fr\/categorie-produit\/luminaires\/appliques-murales-fr\/\"},{\"@type\":\"ListItem\",\"position\":5,\"name\":\"Fuse Applique murale Nickel\"}]},{\"@type\":\"WebSite\",\"@id\":\"https:\/\/hubsch-interior.com\/fr\/#website\",\"url\":\"https:\/\/hubsch-interior.com\/fr\/\",\"name\":\"H\u00fcbsch\",\"description\":\"Danish Home Interior and Design\",\"publisher\":{\"@id\":\"https:\/\/hubsch-interior.com\/fr\/#organization\"},\"potentialAction\":[{\"@type\":\"SearchAction\",\"target\":{\"@type\":\"EntryPoint\",\"urlTemplate\":\"https:\/\/hubsch-interior.com\/fr\/?s={search_term_string}\"},\"query-input\":{\"@type\":\"PropertyValueSpecification\",\"valueRequired\":true,\"valueName\":\"search_term_string\"}}],\"inLanguage\":\"fr-FR\"},{\"@type\":\"Organization\",\"@id\":\"https:\/\/hubsch-interior.com\/fr\/#organization\",\"name\":\"H\u00fcbsch\",\"url\":\"https:\/\/hubsch-interior.com\/fr\/\",\"logo\":{\"@type\":\"ImageObject\",\"inLanguage\":\"fr-FR\",\"@id\":\"https:\/\/hubsch-interior.com\/fr\/#\/schema\/logo\/image\/\",\"url\":\"https:\/\/hubsch-interior.com\/wp-content\/uploads\/2022\/12\/Hubsch_logo_black_one_line.svg\",\"contentUrl\":\"https:\/\/hubsch-interior.com\/wp-content\/uploads\/2022\/12\/Hubsch_logo_black_one_line.svg\",\"caption\":\"H\u00fcbsch\"},\"image\":{\"@id\":\"https:\/\/hubsch-interior.com\/fr\/#\/schema\/logo\/image\/\"}}]}<\/script>\n<!-- \/ Yoast SEO plugin. -->","yoast_head_json":{"title":"Fuse Applique murale Nickel - H\u00fcbsch","description":"La Fuse Lampe murale Nickel est le choix id\u00e9al pour un int\u00e9rieur contemporain. Faite de m\u00e9tal, elle s'installe facilement et ajoute une touche raffin\u00e9e \u00e0","robots":{"index":"index","follow":"follow","max-snippet":"max-snippet:-1","max-image-preview":"max-image-preview:large","max-video-preview":"max-video-preview:-1"},"canonical":"https:\/\/hubsch-interior.com\/fr\/wp-json\/wp\/v2\/product\/41102","og_locale":"fr_FR","og_type":"article","og_title":"Fuse Applique murale Nickel - H\u00fcbsch","og_description":"La Fuse Lampe murale Nickel est le choix id\u00e9al pour un int\u00e9rieur contemporain. Faite de m\u00e9tal, elle s'installe facilement et ajoute une touche raffin\u00e9e \u00e0","og_url":"https:\/\/hubsch-interior.com\/fr\/produit\/fuse-applique-murale-nickel\/","og_site_name":"H\u00fcbsch","article_modified_time":"2026-04-09T03:15:14+00:00","og_image":[{"width":1200,"height":1200,"url":"https:\/\/hubsch-interior.com\/wp-content\/uploads\/2024\/01\/fuse-wall-lamp-nickel-9ba2e0f5b220e351fff0ab34d9e7ad8e.jpg","type":"image\/jpeg"}],"twitter_card":"summary_large_image","schema":{"@context":"https:\/\/schema.org","@graph":[{"@type":"WebPage","@id":"https:\/\/hubsch-interior.com\/fr\/produit\/fuse-applique-murale-nickel\/","url":"https:\/\/hubsch-interior.com\/fr\/produit\/fuse-applique-murale-nickel\/","name":"Fuse Applique murale Nickel - H\u00fcbsch","isPartOf":{"@id":"https:\/\/hubsch-interior.com\/fr\/#website"},"primaryImageOfPage":{"@id":"https:\/\/hubsch-interior.com\/fr\/produit\/fuse-applique-murale-nickel\/#primaryimage"},"image":{"@id":"https:\/\/hubsch-interior.com\/fr\/produit\/fuse-applique-murale-nickel\/#primaryimage"},"thumbnailUrl":"https:\/\/hubsch-interior.com\/wp-content\/uploads\/2026\/02\/fuse-wall-light-nickel-b4aeb6ef0c0614f195c986fd29d5a1e3.jpg","datePublished":"2020-12-15T08:58:39+00:00","dateModified":"2026-04-09T03:15:14+00:00","description":"La Fuse Lampe murale Nickel est le choix id\u00e9al pour un int\u00e9rieur contemporain. Faite de m\u00e9tal, elle s'installe facilement et ajoute une touche raffin\u00e9e \u00e0","breadcrumb":{"@id":"https:\/\/hubsch-interior.com\/fr\/produit\/fuse-applique-murale-nickel\/#breadcrumb"},"inLanguage":"fr-FR","potentialAction":[{"@type":"ReadAction","target":["https:\/\/hubsch-interior.com\/fr\/produit\/fuse-applique-murale-nickel\/"]}]},{"@type":"ImageObject","inLanguage":"fr-FR","@id":"https:\/\/hubsch-interior.com\/fr\/produit\/fuse-applique-murale-nickel\/#primaryimage","url":"https:\/\/hubsch-interior.com\/wp-content\/uploads\/2026\/02\/fuse-wall-light-nickel-b4aeb6ef0c0614f195c986fd29d5a1e3.jpg","contentUrl":"https:\/\/hubsch-interior.com\/wp-content\/uploads\/2026\/02\/fuse-wall-light-nickel-b4aeb6ef0c0614f195c986fd29d5a1e3.jpg","width":1024,"height":1024},{"@type":"BreadcrumbList","@id":"https:\/\/hubsch-interior.com\/fr\/produit\/fuse-applique-murale-nickel\/#breadcrumb","itemListElement":[{"@type":"ListItem","position":1,"name":"Page d'accueil","item":"https:\/\/hubsch-interior.com\/fr\/"},{"@type":"ListItem","position":2,"name":"Produits","item":"https:\/\/hubsch-interior.com\/fr\/shop-2\/"},{"@type":"ListItem","position":3,"name":"Luminaires","item":"https:\/\/hubsch-interior.com\/fr\/categorie-produit\/luminaires\/"},{"@type":"ListItem","position":4,"name":"Appliques murales","item":"https:\/\/hubsch-interior.com\/fr\/categorie-produit\/luminaires\/appliques-murales-fr\/"},{"@type":"ListItem","position":5,"name":"Fuse Applique murale Nickel"}]},{"@type":"WebSite","@id":"https:\/\/hubsch-interior.com\/fr\/#website","url":"https:\/\/hubsch-interior.com\/fr\/","name":"H\u00fcbsch","description":"Danish Home Interior and Design","publisher":{"@id":"https:\/\/hubsch-interior.com\/fr\/#organization"},"potentialAction":[{"@type":"SearchAction","target":{"@type":"EntryPoint","urlTemplate":"https:\/\/hubsch-interior.com\/fr\/?s={search_term_string}"},"query-input":{"@type":"PropertyValueSpecification","valueRequired":true,"valueName":"search_term_string"}}],"inLanguage":"fr-FR"},{"@type":"Organization","@id":"https:\/\/hubsch-interior.com\/fr\/#organization","name":"H\u00fcbsch","url":"https:\/\/hubsch-interior.com\/fr\/","logo":{"@type":"ImageObject","inLanguage":"fr-FR","@id":"https:\/\/hubsch-interior.com\/fr\/#\/schema\/logo\/image\/","url":"https:\/\/hubsch-interior.com\/wp-content\/uploads\/2022\/12\/Hubsch_logo_black_one_line.svg","contentUrl":"https:\/\/hubsch-interior.com\/wp-content\/uploads\/2022\/12\/Hubsch_logo_black_one_line.svg","caption":"H\u00fcbsch"},"image":{"@id":"https:\/\/hubsch-interior.com\/fr\/#\/schema\/logo\/image\/"}}]}},"_links":{"self":[{"href":"https:\/\/hubsch-interior.com\/fr\/wp-json\/wp\/v2\/product\/41102","targetHints":{"allow":["GET"]}}],"collection":[{"href":"https:\/\/hubsch-interior.com\/fr\/wp-json\/wp\/v2\/product"}],"about":[{"href":"https:\/\/hubsch-interior.com\/fr\/wp-json\/wp\/v2\/types\/product"}],"wp:featuredmedia":[{"embeddable":true,"href":"https:\/\/hubsch-interior.com\/fr\/wp-json\/wp\/v2\/media\/1109639"}],"wp:attachment":[{"href":"https:\/\/hubsch-interior.com\/fr\/wp-json\/wp\/v2\/media?parent=41102"}],"wp:term":[{"taxonomy":"product_brand","embeddable":true,"href":"https:\/\/hubsch-interior.com\/fr\/wp-json\/wp\/v2\/product_brand?post=41102"},{"taxonomy":"product_cat","embeddable":true,"href":"https:\/\/hubsch-interior.com\/fr\/wp-json\/wp\/v2\/product_cat?post=41102"},{"taxonomy":"product_tag","embeddable":true,"href":"https:\/\/hubsch-interior.com\/fr\/wp-json\/wp\/v2\/product_tag?post=41102"}],"curies":[{"name":"wp","href":"https:\/\/api.w.org\/{rel}","templated":true}]}}