{"id":41134,"date":"2020-12-15T09:58:42","date_gmt":"2020-12-15T08:58:42","guid":{"rendered":"https:\/\/hubsch-interior.com\/product\/product-52\/"},"modified":"2026-04-09T05:15:17","modified_gmt":"2026-04-09T03:15:17","slug":"origami-serre-livres-orange","status":"publish","type":"product","link":"https:\/\/hubsch-interior.com\/fr\/produit\/origami-serre-livres-orange\/","title":{"rendered":"Origami Serre-livres Orange"},"content":{"rendered":"<p>Ce serre-livres &#8220;Origami&#8221; orange est un produit unique et \u00e9l\u00e9gant. Fabriqu\u00e9 \u00e0 partir de m\u00e9tal, il est l\u00e9ger et durable. Sa forme unique et originale s&#8217;adapte \u00e0 divers livres et magazines, ce qui le rend parfait pour le salon, la salle de bain ou la cuisine. Sa couleur fra\u00eeche et lumineuse apportera une touche de couleur \u00e0 tout d\u00e9cor. Ce serre-livres &#8220;Origami&#8221; orange est le compl\u00e9ment parfait pour vos livres et magazines.<\/p>\n","protected":false},"excerpt":{"rendered":"<p>Ce serre-livres &#8220;Origami&#8221; orange est un produit unique et \u00e9l\u00e9gant. Fabriqu\u00e9 \u00e0 partir de m\u00e9tal, il est l\u00e9ger et durable. Sa forme unique et originale s&#8217;adapte \u00e0 divers livres et magazines, ce qui le rend parfait pour le salon, la salle de bain ou la cuisine. Sa couleur fra\u00eeche et lumineuse apportera une touche de [&hellip;]<\/p>\n","protected":false},"featured_media":1113055,"template":"","meta":{"_acf_changed":false,"inline_featured_image":false},"product_brand":[],"product_cat":[4153,4159,5026],"product_tag":[],"class_list":{"0":"post-41134","1":"product","2":"type-product","3":"status-publish","4":"has-post-thumbnail","6":"product_cat-espace-de-travail-fr","7":"product_cat-serre-livres-fr","8":"product_cat-bestsellers-fr","9":"product_shipping_class-pk","11":"pa_color-orange-fr","12":"pa_material-fer-fr","14":"first","15":"instock","16":"featured","17":"taxable","18":"shipping-taxable","19":"purchasable","20":"product-type-simple"},"exclude_global_add_ons":[],"addons":[],"acf":[],"yoast_head":"<!-- This site is optimized with the Yoast SEO plugin v26.4 - https:\/\/yoast.com\/wordpress\/plugins\/seo\/ -->\n<title>Origami Serre-livres Orange - H\u00fcbsch<\/title>\n<meta name=\"description\" content=\"Ce serre-livres &quot;Origami&quot; orange est un produit unique et \u00e9l\u00e9gant. Fabriqu\u00e9 \u00e0 partir de m\u00e9tal, il est l\u00e9ger et durable. Sa forme unique et originale\" \/>\n<meta name=\"robots\" content=\"index, follow, max-snippet:-1, max-image-preview:large, max-video-preview:-1\" \/>\n<link rel=\"canonical\" href=\"https:\/\/hubsch-interior.com\/fr\/wp-json\/wp\/v2\/product\/41134\" \/>\n<meta property=\"og:locale\" content=\"fr_FR\" \/>\n<meta property=\"og:type\" content=\"article\" \/>\n<meta property=\"og:title\" content=\"Origami Serre-livres Orange - H\u00fcbsch\" \/>\n<meta property=\"og:description\" content=\"Ce serre-livres &quot;Origami&quot; orange est un produit unique et \u00e9l\u00e9gant. Fabriqu\u00e9 \u00e0 partir de m\u00e9tal, il est l\u00e9ger et durable. Sa forme unique et originale\" \/>\n<meta property=\"og:url\" content=\"https:\/\/hubsch-interior.com\/fr\/produit\/origami-serre-livres-orange\/\" \/>\n<meta property=\"og:site_name\" content=\"H\u00fcbsch\" \/>\n<meta property=\"article:modified_time\" content=\"2026-04-09T03:15:17+00:00\" \/>\n<meta property=\"og:image\" content=\"https:\/\/hubsch-interior.com\/wp-content\/uploads\/2024\/01\/origami-bookend-orange-a0986a59c4ff4bae4f0304dd1f75a516.jpg\" \/>\n\t<meta property=\"og:image:width\" content=\"1200\" \/>\n\t<meta property=\"og:image:height\" content=\"1200\" \/>\n\t<meta property=\"og:image:type\" content=\"image\/jpeg\" \/>\n<meta name=\"twitter:card\" content=\"summary_large_image\" \/>\n<script type=\"application\/ld+json\" class=\"yoast-schema-graph\">{\"@context\":\"https:\/\/schema.org\",\"@graph\":[{\"@type\":\"WebPage\",\"@id\":\"https:\/\/hubsch-interior.com\/fr\/produit\/origami-serre-livres-orange\/\",\"url\":\"https:\/\/hubsch-interior.com\/fr\/produit\/origami-serre-livres-orange\/\",\"name\":\"Origami Serre-livres Orange - H\u00fcbsch\",\"isPartOf\":{\"@id\":\"https:\/\/hubsch-interior.com\/fr\/#website\"},\"primaryImageOfPage\":{\"@id\":\"https:\/\/hubsch-interior.com\/fr\/produit\/origami-serre-livres-orange\/#primaryimage\"},\"image\":{\"@id\":\"https:\/\/hubsch-interior.com\/fr\/produit\/origami-serre-livres-orange\/#primaryimage\"},\"thumbnailUrl\":\"https:\/\/hubsch-interior.com\/wp-content\/uploads\/2026\/02\/origami-bookend-orange-8ceaeb7a2e77fd7570d1466d79731699.jpg\",\"datePublished\":\"2020-12-15T08:58:42+00:00\",\"dateModified\":\"2026-04-09T03:15:17+00:00\",\"description\":\"Ce serre-livres \\\"Origami\\\" orange est un produit unique et \u00e9l\u00e9gant. Fabriqu\u00e9 \u00e0 partir de m\u00e9tal, il est l\u00e9ger et durable. Sa forme unique et originale\",\"breadcrumb\":{\"@id\":\"https:\/\/hubsch-interior.com\/fr\/produit\/origami-serre-livres-orange\/#breadcrumb\"},\"inLanguage\":\"fr-FR\",\"potentialAction\":[{\"@type\":\"ReadAction\",\"target\":[\"https:\/\/hubsch-interior.com\/fr\/produit\/origami-serre-livres-orange\/\"]}]},{\"@type\":\"ImageObject\",\"inLanguage\":\"fr-FR\",\"@id\":\"https:\/\/hubsch-interior.com\/fr\/produit\/origami-serre-livres-orange\/#primaryimage\",\"url\":\"https:\/\/hubsch-interior.com\/wp-content\/uploads\/2026\/02\/origami-bookend-orange-8ceaeb7a2e77fd7570d1466d79731699.jpg\",\"contentUrl\":\"https:\/\/hubsch-interior.com\/wp-content\/uploads\/2026\/02\/origami-bookend-orange-8ceaeb7a2e77fd7570d1466d79731699.jpg\",\"width\":1024,\"height\":1024},{\"@type\":\"BreadcrumbList\",\"@id\":\"https:\/\/hubsch-interior.com\/fr\/produit\/origami-serre-livres-orange\/#breadcrumb\",\"itemListElement\":[{\"@type\":\"ListItem\",\"position\":1,\"name\":\"Page d'accueil\",\"item\":\"https:\/\/hubsch-interior.com\/fr\/\"},{\"@type\":\"ListItem\",\"position\":2,\"name\":\"Produits\",\"item\":\"https:\/\/hubsch-interior.com\/fr\/shop-2\/\"},{\"@type\":\"ListItem\",\"position\":3,\"name\":\"Accessoires maison\",\"item\":\"https:\/\/hubsch-interior.com\/fr\/categorie-produit\/accessoires-maison\/\"},{\"@type\":\"ListItem\",\"position\":4,\"name\":\"Espace de travail\",\"item\":\"https:\/\/hubsch-interior.com\/fr\/categorie-produit\/accessoires-maison\/espace-de-travail-fr\/\"},{\"@type\":\"ListItem\",\"position\":5,\"name\":\"Serre-livres\",\"item\":\"https:\/\/hubsch-interior.com\/fr\/categorie-produit\/accessoires-maison\/espace-de-travail-fr\/serre-livres-fr\/\"},{\"@type\":\"ListItem\",\"position\":6,\"name\":\"Origami Serre-livres Orange\"}]},{\"@type\":\"WebSite\",\"@id\":\"https:\/\/hubsch-interior.com\/fr\/#website\",\"url\":\"https:\/\/hubsch-interior.com\/fr\/\",\"name\":\"H\u00fcbsch\",\"description\":\"Danish Home Interior and Design\",\"publisher\":{\"@id\":\"https:\/\/hubsch-interior.com\/fr\/#organization\"},\"potentialAction\":[{\"@type\":\"SearchAction\",\"target\":{\"@type\":\"EntryPoint\",\"urlTemplate\":\"https:\/\/hubsch-interior.com\/fr\/?s={search_term_string}\"},\"query-input\":{\"@type\":\"PropertyValueSpecification\",\"valueRequired\":true,\"valueName\":\"search_term_string\"}}],\"inLanguage\":\"fr-FR\"},{\"@type\":\"Organization\",\"@id\":\"https:\/\/hubsch-interior.com\/fr\/#organization\",\"name\":\"H\u00fcbsch\",\"url\":\"https:\/\/hubsch-interior.com\/fr\/\",\"logo\":{\"@type\":\"ImageObject\",\"inLanguage\":\"fr-FR\",\"@id\":\"https:\/\/hubsch-interior.com\/fr\/#\/schema\/logo\/image\/\",\"url\":\"https:\/\/hubsch-interior.com\/wp-content\/uploads\/2022\/12\/Hubsch_logo_black_one_line.svg\",\"contentUrl\":\"https:\/\/hubsch-interior.com\/wp-content\/uploads\/2022\/12\/Hubsch_logo_black_one_line.svg\",\"caption\":\"H\u00fcbsch\"},\"image\":{\"@id\":\"https:\/\/hubsch-interior.com\/fr\/#\/schema\/logo\/image\/\"}}]}<\/script>\n<!-- \/ Yoast SEO plugin. -->","yoast_head_json":{"title":"Origami Serre-livres Orange - H\u00fcbsch","description":"Ce serre-livres \"Origami\" orange est un produit unique et \u00e9l\u00e9gant. Fabriqu\u00e9 \u00e0 partir de m\u00e9tal, il est l\u00e9ger et durable. Sa forme unique et originale","robots":{"index":"index","follow":"follow","max-snippet":"max-snippet:-1","max-image-preview":"max-image-preview:large","max-video-preview":"max-video-preview:-1"},"canonical":"https:\/\/hubsch-interior.com\/fr\/wp-json\/wp\/v2\/product\/41134","og_locale":"fr_FR","og_type":"article","og_title":"Origami Serre-livres Orange - H\u00fcbsch","og_description":"Ce serre-livres \"Origami\" orange est un produit unique et \u00e9l\u00e9gant. Fabriqu\u00e9 \u00e0 partir de m\u00e9tal, il est l\u00e9ger et durable. Sa forme unique et originale","og_url":"https:\/\/hubsch-interior.com\/fr\/produit\/origami-serre-livres-orange\/","og_site_name":"H\u00fcbsch","article_modified_time":"2026-04-09T03:15:17+00:00","og_image":[{"width":1200,"height":1200,"url":"https:\/\/hubsch-interior.com\/wp-content\/uploads\/2024\/01\/origami-bookend-orange-a0986a59c4ff4bae4f0304dd1f75a516.jpg","type":"image\/jpeg"}],"twitter_card":"summary_large_image","schema":{"@context":"https:\/\/schema.org","@graph":[{"@type":"WebPage","@id":"https:\/\/hubsch-interior.com\/fr\/produit\/origami-serre-livres-orange\/","url":"https:\/\/hubsch-interior.com\/fr\/produit\/origami-serre-livres-orange\/","name":"Origami Serre-livres Orange - H\u00fcbsch","isPartOf":{"@id":"https:\/\/hubsch-interior.com\/fr\/#website"},"primaryImageOfPage":{"@id":"https:\/\/hubsch-interior.com\/fr\/produit\/origami-serre-livres-orange\/#primaryimage"},"image":{"@id":"https:\/\/hubsch-interior.com\/fr\/produit\/origami-serre-livres-orange\/#primaryimage"},"thumbnailUrl":"https:\/\/hubsch-interior.com\/wp-content\/uploads\/2026\/02\/origami-bookend-orange-8ceaeb7a2e77fd7570d1466d79731699.jpg","datePublished":"2020-12-15T08:58:42+00:00","dateModified":"2026-04-09T03:15:17+00:00","description":"Ce serre-livres \"Origami\" orange est un produit unique et \u00e9l\u00e9gant. Fabriqu\u00e9 \u00e0 partir de m\u00e9tal, il est l\u00e9ger et durable. Sa forme unique et originale","breadcrumb":{"@id":"https:\/\/hubsch-interior.com\/fr\/produit\/origami-serre-livres-orange\/#breadcrumb"},"inLanguage":"fr-FR","potentialAction":[{"@type":"ReadAction","target":["https:\/\/hubsch-interior.com\/fr\/produit\/origami-serre-livres-orange\/"]}]},{"@type":"ImageObject","inLanguage":"fr-FR","@id":"https:\/\/hubsch-interior.com\/fr\/produit\/origami-serre-livres-orange\/#primaryimage","url":"https:\/\/hubsch-interior.com\/wp-content\/uploads\/2026\/02\/origami-bookend-orange-8ceaeb7a2e77fd7570d1466d79731699.jpg","contentUrl":"https:\/\/hubsch-interior.com\/wp-content\/uploads\/2026\/02\/origami-bookend-orange-8ceaeb7a2e77fd7570d1466d79731699.jpg","width":1024,"height":1024},{"@type":"BreadcrumbList","@id":"https:\/\/hubsch-interior.com\/fr\/produit\/origami-serre-livres-orange\/#breadcrumb","itemListElement":[{"@type":"ListItem","position":1,"name":"Page d'accueil","item":"https:\/\/hubsch-interior.com\/fr\/"},{"@type":"ListItem","position":2,"name":"Produits","item":"https:\/\/hubsch-interior.com\/fr\/shop-2\/"},{"@type":"ListItem","position":3,"name":"Accessoires maison","item":"https:\/\/hubsch-interior.com\/fr\/categorie-produit\/accessoires-maison\/"},{"@type":"ListItem","position":4,"name":"Espace de travail","item":"https:\/\/hubsch-interior.com\/fr\/categorie-produit\/accessoires-maison\/espace-de-travail-fr\/"},{"@type":"ListItem","position":5,"name":"Serre-livres","item":"https:\/\/hubsch-interior.com\/fr\/categorie-produit\/accessoires-maison\/espace-de-travail-fr\/serre-livres-fr\/"},{"@type":"ListItem","position":6,"name":"Origami Serre-livres Orange"}]},{"@type":"WebSite","@id":"https:\/\/hubsch-interior.com\/fr\/#website","url":"https:\/\/hubsch-interior.com\/fr\/","name":"H\u00fcbsch","description":"Danish Home Interior and Design","publisher":{"@id":"https:\/\/hubsch-interior.com\/fr\/#organization"},"potentialAction":[{"@type":"SearchAction","target":{"@type":"EntryPoint","urlTemplate":"https:\/\/hubsch-interior.com\/fr\/?s={search_term_string}"},"query-input":{"@type":"PropertyValueSpecification","valueRequired":true,"valueName":"search_term_string"}}],"inLanguage":"fr-FR"},{"@type":"Organization","@id":"https:\/\/hubsch-interior.com\/fr\/#organization","name":"H\u00fcbsch","url":"https:\/\/hubsch-interior.com\/fr\/","logo":{"@type":"ImageObject","inLanguage":"fr-FR","@id":"https:\/\/hubsch-interior.com\/fr\/#\/schema\/logo\/image\/","url":"https:\/\/hubsch-interior.com\/wp-content\/uploads\/2022\/12\/Hubsch_logo_black_one_line.svg","contentUrl":"https:\/\/hubsch-interior.com\/wp-content\/uploads\/2022\/12\/Hubsch_logo_black_one_line.svg","caption":"H\u00fcbsch"},"image":{"@id":"https:\/\/hubsch-interior.com\/fr\/#\/schema\/logo\/image\/"}}]}},"_links":{"self":[{"href":"https:\/\/hubsch-interior.com\/fr\/wp-json\/wp\/v2\/product\/41134","targetHints":{"allow":["GET"]}}],"collection":[{"href":"https:\/\/hubsch-interior.com\/fr\/wp-json\/wp\/v2\/product"}],"about":[{"href":"https:\/\/hubsch-interior.com\/fr\/wp-json\/wp\/v2\/types\/product"}],"wp:featuredmedia":[{"embeddable":true,"href":"https:\/\/hubsch-interior.com\/fr\/wp-json\/wp\/v2\/media\/1113055"}],"wp:attachment":[{"href":"https:\/\/hubsch-interior.com\/fr\/wp-json\/wp\/v2\/media?parent=41134"}],"wp:term":[{"taxonomy":"product_brand","embeddable":true,"href":"https:\/\/hubsch-interior.com\/fr\/wp-json\/wp\/v2\/product_brand?post=41134"},{"taxonomy":"product_cat","embeddable":true,"href":"https:\/\/hubsch-interior.com\/fr\/wp-json\/wp\/v2\/product_cat?post=41134"},{"taxonomy":"product_tag","embeddable":true,"href":"https:\/\/hubsch-interior.com\/fr\/wp-json\/wp\/v2\/product_tag?post=41134"}],"curies":[{"name":"wp","href":"https:\/\/api.w.org\/{rel}","templated":true}]}}