{"id":41230,"date":"2020-12-15T09:59:01","date_gmt":"2020-12-15T08:59:01","guid":{"rendered":"https:\/\/hubsch-interior.com\/product\/product-56\/"},"modified":"2026-04-09T05:15:26","modified_gmt":"2026-04-09T03:15:26","slug":"rest-crochet-nickel","status":"publish","type":"product","link":"https:\/\/hubsch-interior.com\/fr\/produit\/rest-crochet-nickel\/","title":{"rendered":"Rest Crochet Nickel"},"content":{"rendered":"<p>Rest Crochet Nickel est fabriqu\u00e9 en m\u00e9tal de haute qualit\u00e9 et offre une finition durable et \u00e9l\u00e9gante. Ce crochet est pratique et pr\u00e9sente une excellente r\u00e9sistance \u00e0 la corrosion et \u00e0 la rouille. Sa conception offre une vari\u00e9t\u00e9 d&#8217;utilisations et il est facile \u00e0 nettoyer et \u00e0 entretenir. Gr\u00e2ce \u00e0 son design \u00e9l\u00e9gant et intemporel, il s&#8217;int\u00e9grera parfaitement \u00e0 n&#8217;importe quelle d\u00e9coration int\u00e9rieure. Rest Crochet Nickel est le choix id\u00e9al pour un look haut de gamme et durable.<\/p>\n","protected":false},"excerpt":{"rendered":"<p>Rest Crochet Nickel est fabriqu\u00e9 en m\u00e9tal de haute qualit\u00e9 et offre une finition durable et \u00e9l\u00e9gante. Ce crochet est pratique et pr\u00e9sente une excellente r\u00e9sistance \u00e0 la corrosion et \u00e0 la rouille. Sa conception offre une vari\u00e9t\u00e9 d&#8217;utilisations et il est facile \u00e0 nettoyer et \u00e0 entretenir. Gr\u00e2ce \u00e0 son design \u00e9l\u00e9gant et intemporel, [&hellip;]<\/p>\n","protected":false},"featured_media":1113091,"template":"","meta":{"_acf_changed":false,"inline_featured_image":false},"product_brand":[],"product_cat":[7071,7066,4041,4107,5026],"product_tag":[],"class_list":{"0":"post-41230","1":"product","2":"type-product","3":"status-publish","4":"has-post-thumbnail","6":"product_cat-crochets-et-etageres-fr","7":"product_cat-cuisine-etageres-fr","8":"product_cat-pateres-porte-manteaux-fr","9":"product_cat-pateres-fr","10":"product_cat-bestsellers-fr","11":"product_shipping_class-pk","13":"pa_color-nickel-fr","14":"pa_material-fer-fr","16":"first","17":"instock","18":"featured","19":"taxable","20":"shipping-taxable","21":"purchasable","22":"product-type-simple"},"exclude_global_add_ons":[],"addons":[],"acf":[],"yoast_head":"<!-- This site is optimized with the Yoast SEO plugin v26.4 - https:\/\/yoast.com\/wordpress\/plugins\/seo\/ -->\n<title>Rest Crochet Nickel - H\u00fcbsch<\/title>\n<meta name=\"description\" content=\"Rest Crochet Nickel est fabriqu\u00e9 en m\u00e9tal de haute qualit\u00e9 et offre une finition durable et \u00e9l\u00e9gante. Ce crochet est pratique et pr\u00e9sente une excellente\" \/>\n<meta name=\"robots\" content=\"index, follow, max-snippet:-1, max-image-preview:large, max-video-preview:-1\" \/>\n<link rel=\"canonical\" href=\"https:\/\/hubsch-interior.com\/fr\/wp-json\/wp\/v2\/product\/41230\" \/>\n<meta property=\"og:locale\" content=\"fr_FR\" \/>\n<meta property=\"og:type\" content=\"article\" \/>\n<meta property=\"og:title\" content=\"Rest Crochet Nickel - H\u00fcbsch\" \/>\n<meta property=\"og:description\" content=\"Rest Crochet Nickel est fabriqu\u00e9 en m\u00e9tal de haute qualit\u00e9 et offre une finition durable et \u00e9l\u00e9gante. Ce crochet est pratique et pr\u00e9sente une excellente\" \/>\n<meta property=\"og:url\" content=\"https:\/\/hubsch-interior.com\/fr\/produit\/rest-crochet-nickel\/\" \/>\n<meta property=\"og:site_name\" content=\"H\u00fcbsch\" \/>\n<meta property=\"article:modified_time\" content=\"2026-04-09T03:15:26+00:00\" \/>\n<meta property=\"og:image\" content=\"https:\/\/hubsch-interior.com\/wp-content\/uploads\/2024\/01\/rest-hook-nickel-80e9c2e3e26d2c74db0b41b30ab1161f.jpg\" \/>\n\t<meta property=\"og:image:width\" content=\"1200\" \/>\n\t<meta property=\"og:image:height\" content=\"1200\" \/>\n\t<meta property=\"og:image:type\" content=\"image\/jpeg\" \/>\n<meta name=\"twitter:card\" content=\"summary_large_image\" \/>\n<script type=\"application\/ld+json\" class=\"yoast-schema-graph\">{\"@context\":\"https:\/\/schema.org\",\"@graph\":[{\"@type\":\"WebPage\",\"@id\":\"https:\/\/hubsch-interior.com\/fr\/produit\/rest-crochet-nickel\/\",\"url\":\"https:\/\/hubsch-interior.com\/fr\/produit\/rest-crochet-nickel\/\",\"name\":\"Rest Crochet Nickel - H\u00fcbsch\",\"isPartOf\":{\"@id\":\"https:\/\/hubsch-interior.com\/fr\/#website\"},\"primaryImageOfPage\":{\"@id\":\"https:\/\/hubsch-interior.com\/fr\/produit\/rest-crochet-nickel\/#primaryimage\"},\"image\":{\"@id\":\"https:\/\/hubsch-interior.com\/fr\/produit\/rest-crochet-nickel\/#primaryimage\"},\"thumbnailUrl\":\"https:\/\/hubsch-interior.com\/wp-content\/uploads\/2026\/02\/rest-hook-nickel-78d17c3b0882f3a7c39ac9dc09e61e0c.jpg\",\"datePublished\":\"2020-12-15T08:59:01+00:00\",\"dateModified\":\"2026-04-09T03:15:26+00:00\",\"description\":\"Rest Crochet Nickel est fabriqu\u00e9 en m\u00e9tal de haute qualit\u00e9 et offre une finition durable et \u00e9l\u00e9gante. Ce crochet est pratique et pr\u00e9sente une excellente\",\"breadcrumb\":{\"@id\":\"https:\/\/hubsch-interior.com\/fr\/produit\/rest-crochet-nickel\/#breadcrumb\"},\"inLanguage\":\"fr-FR\",\"potentialAction\":[{\"@type\":\"ReadAction\",\"target\":[\"https:\/\/hubsch-interior.com\/fr\/produit\/rest-crochet-nickel\/\"]}]},{\"@type\":\"ImageObject\",\"inLanguage\":\"fr-FR\",\"@id\":\"https:\/\/hubsch-interior.com\/fr\/produit\/rest-crochet-nickel\/#primaryimage\",\"url\":\"https:\/\/hubsch-interior.com\/wp-content\/uploads\/2026\/02\/rest-hook-nickel-78d17c3b0882f3a7c39ac9dc09e61e0c.jpg\",\"contentUrl\":\"https:\/\/hubsch-interior.com\/wp-content\/uploads\/2026\/02\/rest-hook-nickel-78d17c3b0882f3a7c39ac9dc09e61e0c.jpg\",\"width\":1024,\"height\":1024},{\"@type\":\"BreadcrumbList\",\"@id\":\"https:\/\/hubsch-interior.com\/fr\/produit\/rest-crochet-nickel\/#breadcrumb\",\"itemListElement\":[{\"@type\":\"ListItem\",\"position\":1,\"name\":\"Page d'accueil\",\"item\":\"https:\/\/hubsch-interior.com\/fr\/\"},{\"@type\":\"ListItem\",\"position\":2,\"name\":\"Produits\",\"item\":\"https:\/\/hubsch-interior.com\/fr\/shop-2\/\"},{\"@type\":\"ListItem\",\"position\":3,\"name\":\"Accessoires maison\",\"item\":\"https:\/\/hubsch-interior.com\/fr\/categorie-produit\/accessoires-maison\/\"},{\"@type\":\"ListItem\",\"position\":4,\"name\":\"Pat&egrave;res &amp; porte-manteaux\",\"item\":\"https:\/\/hubsch-interior.com\/fr\/categorie-produit\/accessoires-maison\/pateres-porte-manteaux-fr\/\"},{\"@type\":\"ListItem\",\"position\":5,\"name\":\"Pat&egrave;res\",\"item\":\"https:\/\/hubsch-interior.com\/fr\/categorie-produit\/accessoires-maison\/pateres-porte-manteaux-fr\/pateres-fr\/\"},{\"@type\":\"ListItem\",\"position\":6,\"name\":\"Rest Crochet Nickel\"}]},{\"@type\":\"WebSite\",\"@id\":\"https:\/\/hubsch-interior.com\/fr\/#website\",\"url\":\"https:\/\/hubsch-interior.com\/fr\/\",\"name\":\"H\u00fcbsch\",\"description\":\"Danish Home Interior and Design\",\"publisher\":{\"@id\":\"https:\/\/hubsch-interior.com\/fr\/#organization\"},\"potentialAction\":[{\"@type\":\"SearchAction\",\"target\":{\"@type\":\"EntryPoint\",\"urlTemplate\":\"https:\/\/hubsch-interior.com\/fr\/?s={search_term_string}\"},\"query-input\":{\"@type\":\"PropertyValueSpecification\",\"valueRequired\":true,\"valueName\":\"search_term_string\"}}],\"inLanguage\":\"fr-FR\"},{\"@type\":\"Organization\",\"@id\":\"https:\/\/hubsch-interior.com\/fr\/#organization\",\"name\":\"H\u00fcbsch\",\"url\":\"https:\/\/hubsch-interior.com\/fr\/\",\"logo\":{\"@type\":\"ImageObject\",\"inLanguage\":\"fr-FR\",\"@id\":\"https:\/\/hubsch-interior.com\/fr\/#\/schema\/logo\/image\/\",\"url\":\"https:\/\/hubsch-interior.com\/wp-content\/uploads\/2022\/12\/Hubsch_logo_black_one_line.svg\",\"contentUrl\":\"https:\/\/hubsch-interior.com\/wp-content\/uploads\/2022\/12\/Hubsch_logo_black_one_line.svg\",\"caption\":\"H\u00fcbsch\"},\"image\":{\"@id\":\"https:\/\/hubsch-interior.com\/fr\/#\/schema\/logo\/image\/\"}}]}<\/script>\n<!-- \/ Yoast SEO plugin. -->","yoast_head_json":{"title":"Rest Crochet Nickel - H\u00fcbsch","description":"Rest Crochet Nickel est fabriqu\u00e9 en m\u00e9tal de haute qualit\u00e9 et offre une finition durable et \u00e9l\u00e9gante. Ce crochet est pratique et pr\u00e9sente une excellente","robots":{"index":"index","follow":"follow","max-snippet":"max-snippet:-1","max-image-preview":"max-image-preview:large","max-video-preview":"max-video-preview:-1"},"canonical":"https:\/\/hubsch-interior.com\/fr\/wp-json\/wp\/v2\/product\/41230","og_locale":"fr_FR","og_type":"article","og_title":"Rest Crochet Nickel - H\u00fcbsch","og_description":"Rest Crochet Nickel est fabriqu\u00e9 en m\u00e9tal de haute qualit\u00e9 et offre une finition durable et \u00e9l\u00e9gante. Ce crochet est pratique et pr\u00e9sente une excellente","og_url":"https:\/\/hubsch-interior.com\/fr\/produit\/rest-crochet-nickel\/","og_site_name":"H\u00fcbsch","article_modified_time":"2026-04-09T03:15:26+00:00","og_image":[{"width":1200,"height":1200,"url":"https:\/\/hubsch-interior.com\/wp-content\/uploads\/2024\/01\/rest-hook-nickel-80e9c2e3e26d2c74db0b41b30ab1161f.jpg","type":"image\/jpeg"}],"twitter_card":"summary_large_image","schema":{"@context":"https:\/\/schema.org","@graph":[{"@type":"WebPage","@id":"https:\/\/hubsch-interior.com\/fr\/produit\/rest-crochet-nickel\/","url":"https:\/\/hubsch-interior.com\/fr\/produit\/rest-crochet-nickel\/","name":"Rest Crochet Nickel - H\u00fcbsch","isPartOf":{"@id":"https:\/\/hubsch-interior.com\/fr\/#website"},"primaryImageOfPage":{"@id":"https:\/\/hubsch-interior.com\/fr\/produit\/rest-crochet-nickel\/#primaryimage"},"image":{"@id":"https:\/\/hubsch-interior.com\/fr\/produit\/rest-crochet-nickel\/#primaryimage"},"thumbnailUrl":"https:\/\/hubsch-interior.com\/wp-content\/uploads\/2026\/02\/rest-hook-nickel-78d17c3b0882f3a7c39ac9dc09e61e0c.jpg","datePublished":"2020-12-15T08:59:01+00:00","dateModified":"2026-04-09T03:15:26+00:00","description":"Rest Crochet Nickel est fabriqu\u00e9 en m\u00e9tal de haute qualit\u00e9 et offre une finition durable et \u00e9l\u00e9gante. Ce crochet est pratique et pr\u00e9sente une excellente","breadcrumb":{"@id":"https:\/\/hubsch-interior.com\/fr\/produit\/rest-crochet-nickel\/#breadcrumb"},"inLanguage":"fr-FR","potentialAction":[{"@type":"ReadAction","target":["https:\/\/hubsch-interior.com\/fr\/produit\/rest-crochet-nickel\/"]}]},{"@type":"ImageObject","inLanguage":"fr-FR","@id":"https:\/\/hubsch-interior.com\/fr\/produit\/rest-crochet-nickel\/#primaryimage","url":"https:\/\/hubsch-interior.com\/wp-content\/uploads\/2026\/02\/rest-hook-nickel-78d17c3b0882f3a7c39ac9dc09e61e0c.jpg","contentUrl":"https:\/\/hubsch-interior.com\/wp-content\/uploads\/2026\/02\/rest-hook-nickel-78d17c3b0882f3a7c39ac9dc09e61e0c.jpg","width":1024,"height":1024},{"@type":"BreadcrumbList","@id":"https:\/\/hubsch-interior.com\/fr\/produit\/rest-crochet-nickel\/#breadcrumb","itemListElement":[{"@type":"ListItem","position":1,"name":"Page d'accueil","item":"https:\/\/hubsch-interior.com\/fr\/"},{"@type":"ListItem","position":2,"name":"Produits","item":"https:\/\/hubsch-interior.com\/fr\/shop-2\/"},{"@type":"ListItem","position":3,"name":"Accessoires maison","item":"https:\/\/hubsch-interior.com\/fr\/categorie-produit\/accessoires-maison\/"},{"@type":"ListItem","position":4,"name":"Pat&egrave;res &amp; porte-manteaux","item":"https:\/\/hubsch-interior.com\/fr\/categorie-produit\/accessoires-maison\/pateres-porte-manteaux-fr\/"},{"@type":"ListItem","position":5,"name":"Pat&egrave;res","item":"https:\/\/hubsch-interior.com\/fr\/categorie-produit\/accessoires-maison\/pateres-porte-manteaux-fr\/pateres-fr\/"},{"@type":"ListItem","position":6,"name":"Rest Crochet Nickel"}]},{"@type":"WebSite","@id":"https:\/\/hubsch-interior.com\/fr\/#website","url":"https:\/\/hubsch-interior.com\/fr\/","name":"H\u00fcbsch","description":"Danish Home Interior and Design","publisher":{"@id":"https:\/\/hubsch-interior.com\/fr\/#organization"},"potentialAction":[{"@type":"SearchAction","target":{"@type":"EntryPoint","urlTemplate":"https:\/\/hubsch-interior.com\/fr\/?s={search_term_string}"},"query-input":{"@type":"PropertyValueSpecification","valueRequired":true,"valueName":"search_term_string"}}],"inLanguage":"fr-FR"},{"@type":"Organization","@id":"https:\/\/hubsch-interior.com\/fr\/#organization","name":"H\u00fcbsch","url":"https:\/\/hubsch-interior.com\/fr\/","logo":{"@type":"ImageObject","inLanguage":"fr-FR","@id":"https:\/\/hubsch-interior.com\/fr\/#\/schema\/logo\/image\/","url":"https:\/\/hubsch-interior.com\/wp-content\/uploads\/2022\/12\/Hubsch_logo_black_one_line.svg","contentUrl":"https:\/\/hubsch-interior.com\/wp-content\/uploads\/2022\/12\/Hubsch_logo_black_one_line.svg","caption":"H\u00fcbsch"},"image":{"@id":"https:\/\/hubsch-interior.com\/fr\/#\/schema\/logo\/image\/"}}]}},"_links":{"self":[{"href":"https:\/\/hubsch-interior.com\/fr\/wp-json\/wp\/v2\/product\/41230","targetHints":{"allow":["GET"]}}],"collection":[{"href":"https:\/\/hubsch-interior.com\/fr\/wp-json\/wp\/v2\/product"}],"about":[{"href":"https:\/\/hubsch-interior.com\/fr\/wp-json\/wp\/v2\/types\/product"}],"wp:featuredmedia":[{"embeddable":true,"href":"https:\/\/hubsch-interior.com\/fr\/wp-json\/wp\/v2\/media\/1113091"}],"wp:attachment":[{"href":"https:\/\/hubsch-interior.com\/fr\/wp-json\/wp\/v2\/media?parent=41230"}],"wp:term":[{"taxonomy":"product_brand","embeddable":true,"href":"https:\/\/hubsch-interior.com\/fr\/wp-json\/wp\/v2\/product_brand?post=41230"},{"taxonomy":"product_cat","embeddable":true,"href":"https:\/\/hubsch-interior.com\/fr\/wp-json\/wp\/v2\/product_cat?post=41230"},{"taxonomy":"product_tag","embeddable":true,"href":"https:\/\/hubsch-interior.com\/fr\/wp-json\/wp\/v2\/product_tag?post=41230"}],"curies":[{"name":"wp","href":"https:\/\/api.w.org\/{rel}","templated":true}]}}