{"id":694036,"date":"2021-08-31T09:29:23","date_gmt":"2021-08-31T07:29:23","guid":{"rendered":"https:\/\/hubsch-interior.com\/shop-b2c\/product\/product\/"},"modified":"2026-04-09T04:23:21","modified_gmt":"2026-04-09T02:23:21","slug":"ontop-pots-a-suspendre-blanc","status":"publish","type":"product","link":"https:\/\/hubsch-interior.com\/fr\/produit\/ontop-pots-a-suspendre-blanc\/","title":{"rendered":"Ontop Pots \u00e0 suspendre Blanc"},"content":{"rendered":"<p>Le Ontop Pots \u00e0 suspendre Blanc\/Naturel est le produit id\u00e9al pour ajouter une touche unique \u00e0 votre d\u00e9coration int\u00e9rieure. Fabriqu\u00e9 en c\u00e9ramique et cuivre avec une sangle en cuir, ce pot double est \u00e0 la fois robuste et \u00e9l\u00e9gant. Sa couleur blanc et naturel ajoutera une touche de modernit\u00e9 \u00e0 votre int\u00e9rieur. Disponible en deux tailles, ce produit est parfait pour toutes les pi\u00e8ces de votre maison.<\/p>\n","protected":false},"excerpt":{"rendered":"<p>Le Ontop Pots \u00e0 suspendre Blanc\/Naturel est le produit id\u00e9al pour ajouter une touche unique \u00e0 votre d\u00e9coration int\u00e9rieure. Fabriqu\u00e9 en c\u00e9ramique et cuivre avec une sangle en cuir, ce pot double est \u00e0 la fois robuste et \u00e9l\u00e9gant. Sa couleur blanc et naturel ajoutera une touche de modernit\u00e9 \u00e0 votre int\u00e9rieur. Disponible en deux [&hellip;]<\/p>\n","protected":false},"featured_media":1095285,"template":"","meta":{"_acf_changed":false,"inline_featured_image":false},"product_brand":[],"product_cat":[4914,4928],"product_tag":[],"class_list":{"0":"post-694036","1":"product","2":"type-product","3":"status-publish","4":"has-post-thumbnail","6":"product_cat-pots-de-fleur-et-arrosior-fr","7":"product_cat-pots-a-suspendre-fr","8":"product_shipping_class-pk","10":"pa_color-blanc","11":"pa_material-cuivre-fr","12":"pa_material-cramique","13":"pa_material-cuir","15":"first","16":"instock","17":"taxable","18":"shipping-taxable","19":"purchasable","20":"product-type-simple"},"exclude_global_add_ons":[],"addons":[],"acf":[],"yoast_head":"<!-- This site is optimized with the Yoast SEO plugin v26.4 - https:\/\/yoast.com\/wordpress\/plugins\/seo\/ -->\n<title>Ontop Pots \u00e0 suspendre Blanc - H\u00fcbsch<\/title>\n<meta name=\"description\" content=\"Le Ontop Pots \u00e0 suspendre Blanc\/Naturel est le produit id\u00e9al pour ajouter une touche unique \u00e0 votre d\u00e9coration int\u00e9rieure. Fabriqu\u00e9 en c\u00e9ramique et cuivre\" \/>\n<meta name=\"robots\" content=\"index, follow, max-snippet:-1, max-image-preview:large, max-video-preview:-1\" \/>\n<link rel=\"canonical\" href=\"https:\/\/hubsch-interior.com\/fr\/wp-json\/wp\/v2\/product\/694036\" \/>\n<meta property=\"og:locale\" content=\"fr_FR\" \/>\n<meta property=\"og:type\" content=\"article\" \/>\n<meta property=\"og:title\" content=\"Ontop Pots \u00e0 suspendre Blanc - H\u00fcbsch\" \/>\n<meta property=\"og:description\" content=\"Le Ontop Pots \u00e0 suspendre Blanc\/Naturel est le produit id\u00e9al pour ajouter une touche unique \u00e0 votre d\u00e9coration int\u00e9rieure. Fabriqu\u00e9 en c\u00e9ramique et cuivre\" \/>\n<meta property=\"og:url\" content=\"https:\/\/hubsch-interior.com\/fr\/produit\/ontop-pots-a-suspendre-blanc\/\" \/>\n<meta property=\"og:site_name\" content=\"H\u00fcbsch\" \/>\n<meta property=\"article:modified_time\" content=\"2026-04-09T02:23:21+00:00\" \/>\n<meta property=\"og:image\" content=\"https:\/\/hubsch-interior.com\/wp-content\/uploads\/2023\/08\/ontop-hanging-pots-whitenatural-7c12d0e508f93f30d3734e48c34e4a9c.jpg\" \/>\n\t<meta property=\"og:image:width\" content=\"1200\" \/>\n\t<meta property=\"og:image:height\" content=\"1200\" \/>\n\t<meta property=\"og:image:type\" content=\"image\/jpeg\" \/>\n<meta name=\"twitter:card\" content=\"summary_large_image\" \/>\n<script type=\"application\/ld+json\" class=\"yoast-schema-graph\">{\"@context\":\"https:\/\/schema.org\",\"@graph\":[{\"@type\":\"WebPage\",\"@id\":\"https:\/\/hubsch-interior.com\/fr\/produit\/ontop-pots-a-suspendre-blanc\/\",\"url\":\"https:\/\/hubsch-interior.com\/fr\/produit\/ontop-pots-a-suspendre-blanc\/\",\"name\":\"Ontop Pots \u00e0 suspendre Blanc - H\u00fcbsch\",\"isPartOf\":{\"@id\":\"https:\/\/hubsch-interior.com\/fr\/#website\"},\"primaryImageOfPage\":{\"@id\":\"https:\/\/hubsch-interior.com\/fr\/produit\/ontop-pots-a-suspendre-blanc\/#primaryimage\"},\"image\":{\"@id\":\"https:\/\/hubsch-interior.com\/fr\/produit\/ontop-pots-a-suspendre-blanc\/#primaryimage\"},\"thumbnailUrl\":\"https:\/\/hubsch-interior.com\/wp-content\/uploads\/2026\/02\/ontop-hanging-pots-white-3f7dcc5f3a046aacd39bc7f41c62859e.jpg\",\"datePublished\":\"2021-08-31T07:29:23+00:00\",\"dateModified\":\"2026-04-09T02:23:21+00:00\",\"description\":\"Le Ontop Pots \u00e0 suspendre Blanc\/Naturel est le produit id\u00e9al pour ajouter une touche unique \u00e0 votre d\u00e9coration int\u00e9rieure. Fabriqu\u00e9 en c\u00e9ramique et cuivre\",\"breadcrumb\":{\"@id\":\"https:\/\/hubsch-interior.com\/fr\/produit\/ontop-pots-a-suspendre-blanc\/#breadcrumb\"},\"inLanguage\":\"fr-FR\",\"potentialAction\":[{\"@type\":\"ReadAction\",\"target\":[\"https:\/\/hubsch-interior.com\/fr\/produit\/ontop-pots-a-suspendre-blanc\/\"]}]},{\"@type\":\"ImageObject\",\"inLanguage\":\"fr-FR\",\"@id\":\"https:\/\/hubsch-interior.com\/fr\/produit\/ontop-pots-a-suspendre-blanc\/#primaryimage\",\"url\":\"https:\/\/hubsch-interior.com\/wp-content\/uploads\/2026\/02\/ontop-hanging-pots-white-3f7dcc5f3a046aacd39bc7f41c62859e.jpg\",\"contentUrl\":\"https:\/\/hubsch-interior.com\/wp-content\/uploads\/2026\/02\/ontop-hanging-pots-white-3f7dcc5f3a046aacd39bc7f41c62859e.jpg\",\"width\":1024,\"height\":1024},{\"@type\":\"BreadcrumbList\",\"@id\":\"https:\/\/hubsch-interior.com\/fr\/produit\/ontop-pots-a-suspendre-blanc\/#breadcrumb\",\"itemListElement\":[{\"@type\":\"ListItem\",\"position\":1,\"name\":\"Page d'accueil\",\"item\":\"https:\/\/hubsch-interior.com\/fr\/\"},{\"@type\":\"ListItem\",\"position\":2,\"name\":\"Produits\",\"item\":\"https:\/\/hubsch-interior.com\/fr\/shop-2\/\"},{\"@type\":\"ListItem\",\"position\":3,\"name\":\"Accessoires maison\",\"item\":\"https:\/\/hubsch-interior.com\/fr\/categorie-produit\/accessoires-maison\/\"},{\"@type\":\"ListItem\",\"position\":4,\"name\":\"Pots de fleur et arrosior\",\"item\":\"https:\/\/hubsch-interior.com\/fr\/categorie-produit\/accessoires-maison\/pots-de-fleur-et-arrosior-fr\/\"},{\"@type\":\"ListItem\",\"position\":5,\"name\":\"Pots &agrave; suspendre\",\"item\":\"https:\/\/hubsch-interior.com\/fr\/categorie-produit\/accessoires-maison\/pots-de-fleur-et-arrosior-fr\/pots-a-suspendre-fr\/\"},{\"@type\":\"ListItem\",\"position\":6,\"name\":\"Ontop Pots \u00e0 suspendre Blanc\"}]},{\"@type\":\"WebSite\",\"@id\":\"https:\/\/hubsch-interior.com\/fr\/#website\",\"url\":\"https:\/\/hubsch-interior.com\/fr\/\",\"name\":\"H\u00fcbsch\",\"description\":\"Danish Home Interior and Design\",\"publisher\":{\"@id\":\"https:\/\/hubsch-interior.com\/fr\/#organization\"},\"potentialAction\":[{\"@type\":\"SearchAction\",\"target\":{\"@type\":\"EntryPoint\",\"urlTemplate\":\"https:\/\/hubsch-interior.com\/fr\/?s={search_term_string}\"},\"query-input\":{\"@type\":\"PropertyValueSpecification\",\"valueRequired\":true,\"valueName\":\"search_term_string\"}}],\"inLanguage\":\"fr-FR\"},{\"@type\":\"Organization\",\"@id\":\"https:\/\/hubsch-interior.com\/fr\/#organization\",\"name\":\"H\u00fcbsch\",\"url\":\"https:\/\/hubsch-interior.com\/fr\/\",\"logo\":{\"@type\":\"ImageObject\",\"inLanguage\":\"fr-FR\",\"@id\":\"https:\/\/hubsch-interior.com\/fr\/#\/schema\/logo\/image\/\",\"url\":\"https:\/\/hubsch-interior.com\/wp-content\/uploads\/2022\/12\/Hubsch_logo_black_one_line.svg\",\"contentUrl\":\"https:\/\/hubsch-interior.com\/wp-content\/uploads\/2022\/12\/Hubsch_logo_black_one_line.svg\",\"caption\":\"H\u00fcbsch\"},\"image\":{\"@id\":\"https:\/\/hubsch-interior.com\/fr\/#\/schema\/logo\/image\/\"}}]}<\/script>\n<!-- \/ Yoast SEO plugin. -->","yoast_head_json":{"title":"Ontop Pots \u00e0 suspendre Blanc - H\u00fcbsch","description":"Le Ontop Pots \u00e0 suspendre Blanc\/Naturel est le produit id\u00e9al pour ajouter une touche unique \u00e0 votre d\u00e9coration int\u00e9rieure. Fabriqu\u00e9 en c\u00e9ramique et cuivre","robots":{"index":"index","follow":"follow","max-snippet":"max-snippet:-1","max-image-preview":"max-image-preview:large","max-video-preview":"max-video-preview:-1"},"canonical":"https:\/\/hubsch-interior.com\/fr\/wp-json\/wp\/v2\/product\/694036","og_locale":"fr_FR","og_type":"article","og_title":"Ontop Pots \u00e0 suspendre Blanc - H\u00fcbsch","og_description":"Le Ontop Pots \u00e0 suspendre Blanc\/Naturel est le produit id\u00e9al pour ajouter une touche unique \u00e0 votre d\u00e9coration int\u00e9rieure. Fabriqu\u00e9 en c\u00e9ramique et cuivre","og_url":"https:\/\/hubsch-interior.com\/fr\/produit\/ontop-pots-a-suspendre-blanc\/","og_site_name":"H\u00fcbsch","article_modified_time":"2026-04-09T02:23:21+00:00","og_image":[{"width":1200,"height":1200,"url":"https:\/\/hubsch-interior.com\/wp-content\/uploads\/2023\/08\/ontop-hanging-pots-whitenatural-7c12d0e508f93f30d3734e48c34e4a9c.jpg","type":"image\/jpeg"}],"twitter_card":"summary_large_image","schema":{"@context":"https:\/\/schema.org","@graph":[{"@type":"WebPage","@id":"https:\/\/hubsch-interior.com\/fr\/produit\/ontop-pots-a-suspendre-blanc\/","url":"https:\/\/hubsch-interior.com\/fr\/produit\/ontop-pots-a-suspendre-blanc\/","name":"Ontop Pots \u00e0 suspendre Blanc - H\u00fcbsch","isPartOf":{"@id":"https:\/\/hubsch-interior.com\/fr\/#website"},"primaryImageOfPage":{"@id":"https:\/\/hubsch-interior.com\/fr\/produit\/ontop-pots-a-suspendre-blanc\/#primaryimage"},"image":{"@id":"https:\/\/hubsch-interior.com\/fr\/produit\/ontop-pots-a-suspendre-blanc\/#primaryimage"},"thumbnailUrl":"https:\/\/hubsch-interior.com\/wp-content\/uploads\/2026\/02\/ontop-hanging-pots-white-3f7dcc5f3a046aacd39bc7f41c62859e.jpg","datePublished":"2021-08-31T07:29:23+00:00","dateModified":"2026-04-09T02:23:21+00:00","description":"Le Ontop Pots \u00e0 suspendre Blanc\/Naturel est le produit id\u00e9al pour ajouter une touche unique \u00e0 votre d\u00e9coration int\u00e9rieure. Fabriqu\u00e9 en c\u00e9ramique et cuivre","breadcrumb":{"@id":"https:\/\/hubsch-interior.com\/fr\/produit\/ontop-pots-a-suspendre-blanc\/#breadcrumb"},"inLanguage":"fr-FR","potentialAction":[{"@type":"ReadAction","target":["https:\/\/hubsch-interior.com\/fr\/produit\/ontop-pots-a-suspendre-blanc\/"]}]},{"@type":"ImageObject","inLanguage":"fr-FR","@id":"https:\/\/hubsch-interior.com\/fr\/produit\/ontop-pots-a-suspendre-blanc\/#primaryimage","url":"https:\/\/hubsch-interior.com\/wp-content\/uploads\/2026\/02\/ontop-hanging-pots-white-3f7dcc5f3a046aacd39bc7f41c62859e.jpg","contentUrl":"https:\/\/hubsch-interior.com\/wp-content\/uploads\/2026\/02\/ontop-hanging-pots-white-3f7dcc5f3a046aacd39bc7f41c62859e.jpg","width":1024,"height":1024},{"@type":"BreadcrumbList","@id":"https:\/\/hubsch-interior.com\/fr\/produit\/ontop-pots-a-suspendre-blanc\/#breadcrumb","itemListElement":[{"@type":"ListItem","position":1,"name":"Page d'accueil","item":"https:\/\/hubsch-interior.com\/fr\/"},{"@type":"ListItem","position":2,"name":"Produits","item":"https:\/\/hubsch-interior.com\/fr\/shop-2\/"},{"@type":"ListItem","position":3,"name":"Accessoires maison","item":"https:\/\/hubsch-interior.com\/fr\/categorie-produit\/accessoires-maison\/"},{"@type":"ListItem","position":4,"name":"Pots de fleur et arrosior","item":"https:\/\/hubsch-interior.com\/fr\/categorie-produit\/accessoires-maison\/pots-de-fleur-et-arrosior-fr\/"},{"@type":"ListItem","position":5,"name":"Pots &agrave; suspendre","item":"https:\/\/hubsch-interior.com\/fr\/categorie-produit\/accessoires-maison\/pots-de-fleur-et-arrosior-fr\/pots-a-suspendre-fr\/"},{"@type":"ListItem","position":6,"name":"Ontop Pots \u00e0 suspendre Blanc"}]},{"@type":"WebSite","@id":"https:\/\/hubsch-interior.com\/fr\/#website","url":"https:\/\/hubsch-interior.com\/fr\/","name":"H\u00fcbsch","description":"Danish Home Interior and Design","publisher":{"@id":"https:\/\/hubsch-interior.com\/fr\/#organization"},"potentialAction":[{"@type":"SearchAction","target":{"@type":"EntryPoint","urlTemplate":"https:\/\/hubsch-interior.com\/fr\/?s={search_term_string}"},"query-input":{"@type":"PropertyValueSpecification","valueRequired":true,"valueName":"search_term_string"}}],"inLanguage":"fr-FR"},{"@type":"Organization","@id":"https:\/\/hubsch-interior.com\/fr\/#organization","name":"H\u00fcbsch","url":"https:\/\/hubsch-interior.com\/fr\/","logo":{"@type":"ImageObject","inLanguage":"fr-FR","@id":"https:\/\/hubsch-interior.com\/fr\/#\/schema\/logo\/image\/","url":"https:\/\/hubsch-interior.com\/wp-content\/uploads\/2022\/12\/Hubsch_logo_black_one_line.svg","contentUrl":"https:\/\/hubsch-interior.com\/wp-content\/uploads\/2022\/12\/Hubsch_logo_black_one_line.svg","caption":"H\u00fcbsch"},"image":{"@id":"https:\/\/hubsch-interior.com\/fr\/#\/schema\/logo\/image\/"}}]}},"_links":{"self":[{"href":"https:\/\/hubsch-interior.com\/fr\/wp-json\/wp\/v2\/product\/694036","targetHints":{"allow":["GET"]}}],"collection":[{"href":"https:\/\/hubsch-interior.com\/fr\/wp-json\/wp\/v2\/product"}],"about":[{"href":"https:\/\/hubsch-interior.com\/fr\/wp-json\/wp\/v2\/types\/product"}],"wp:featuredmedia":[{"embeddable":true,"href":"https:\/\/hubsch-interior.com\/fr\/wp-json\/wp\/v2\/media\/1095285"}],"wp:attachment":[{"href":"https:\/\/hubsch-interior.com\/fr\/wp-json\/wp\/v2\/media?parent=694036"}],"wp:term":[{"taxonomy":"product_brand","embeddable":true,"href":"https:\/\/hubsch-interior.com\/fr\/wp-json\/wp\/v2\/product_brand?post=694036"},{"taxonomy":"product_cat","embeddable":true,"href":"https:\/\/hubsch-interior.com\/fr\/wp-json\/wp\/v2\/product_cat?post=694036"},{"taxonomy":"product_tag","embeddable":true,"href":"https:\/\/hubsch-interior.com\/fr\/wp-json\/wp\/v2\/product_tag?post=694036"}],"curies":[{"name":"wp","href":"https:\/\/api.w.org\/{rel}","templated":true}]}}