{"id":694181,"date":"2021-08-31T09:33:19","date_gmt":"2021-08-31T07:33:19","guid":{"rendered":"https:\/\/hubsch-interior.com\/shop-b2c\/product\/product\/"},"modified":"2026-04-29T04:29:33","modified_gmt":"2026-04-29T02:29:33","slug":"gleaming-vase-gris-set-de-3","status":"publish","type":"product","link":"https:\/\/hubsch-interior.com\/fr\/produit\/gleaming-vase-gris-set-de-3\/","title":{"rendered":"Gleaming Vase Gris (set de 3)"},"content":{"rendered":"<p>Vase Gris \u00e9tincelant (ensemble de 3) est le produit parfait pour ajouter une touche de sophistication \u00e0 chaque pi\u00e8ce. Ces vases sont fabriqu\u00e9s en m\u00e9tal gris, qui donnent un look \u00e9l\u00e9gant \u00e0 chaque ensemble. Chaque vase mesure entre 15 et 20cm et est livr\u00e9 avec 3 vases dans un ensemble. Les vases peuvent \u00eatre plac\u00e9es sur une table, une \u00e9tag\u00e8re ou une armoire pour ajouter une touche de d\u00e9coration suppl\u00e9mentaire \u00e0 votre maison. Vase Gris \u00e9tincelant (ensemble de 3) est id\u00e9al pour ceux qui veulent un look \u00e9l\u00e9gant et raffin\u00e9.<\/p>\n","protected":false},"excerpt":{"rendered":"<p>Vase Gris \u00e9tincelant (ensemble de 3) est le produit parfait pour ajouter une touche de sophistication \u00e0 chaque pi\u00e8ce. Ces vases sont fabriqu\u00e9s en m\u00e9tal gris, qui donnent un look \u00e9l\u00e9gant \u00e0 chaque ensemble. Chaque vase mesure entre 15 et 20cm et est livr\u00e9 avec 3 vases dans un ensemble. Les vases peuvent \u00eatre plac\u00e9es [&hellip;]<\/p>\n","protected":false},"featured_media":1096759,"template":"","meta":{"_acf_changed":false,"inline_featured_image":false},"product_brand":[],"product_cat":[3154],"product_tag":[],"class_list":{"0":"post-694181","1":"product","2":"type-product","3":"status-publish","4":"has-post-thumbnail","6":"product_cat-vases-fr","7":"product_shipping_class-pk","9":"pa_color-gris-2","10":"pa_material-fer-fr","12":"first","13":"instock","14":"taxable","15":"shipping-taxable","16":"purchasable","17":"product-type-simple"},"exclude_global_add_ons":[],"addons":[],"acf":[],"yoast_head":"<!-- This site is optimized with the Yoast SEO plugin v26.4 - https:\/\/yoast.com\/wordpress\/plugins\/seo\/ -->\n<title>Gleaming Vase Gris (set de 3) - H\u00fcbsch<\/title>\n<meta name=\"description\" content=\"Vase Gris \u00e9tincelant (ensemble de 3) est le produit parfait pour ajouter une touche de sophistication \u00e0 chaque pi\u00e8ce. Ces vases sont fabriqu\u00e9s en m\u00e9tal\" \/>\n<meta name=\"robots\" content=\"index, follow, max-snippet:-1, max-image-preview:large, max-video-preview:-1\" \/>\n<link rel=\"canonical\" href=\"https:\/\/hubsch-interior.com\/fr\/wp-json\/wp\/v2\/product\/694181\" \/>\n<meta property=\"og:locale\" content=\"fr_FR\" \/>\n<meta property=\"og:type\" content=\"article\" \/>\n<meta property=\"og:title\" content=\"Gleaming Vase Gris (set de 3) - H\u00fcbsch\" \/>\n<meta property=\"og:description\" content=\"Vase Gris \u00e9tincelant (ensemble de 3) est le produit parfait pour ajouter une touche de sophistication \u00e0 chaque pi\u00e8ce. Ces vases sont fabriqu\u00e9s en m\u00e9tal\" \/>\n<meta property=\"og:url\" content=\"https:\/\/hubsch-interior.com\/fr\/produit\/gleaming-vase-gris-set-de-3\/\" \/>\n<meta property=\"og:site_name\" content=\"H\u00fcbsch\" \/>\n<meta property=\"article:modified_time\" content=\"2026-04-29T02:29:33+00:00\" \/>\n<meta property=\"og:image\" content=\"https:\/\/hubsch-interior.com\/wp-content\/uploads\/2023\/08\/gleaming-vase-grey-set-of-3-615be6b60747b5aab6f51ad2bcf0c8ce.jpg\" \/>\n\t<meta property=\"og:image:width\" content=\"1200\" \/>\n\t<meta property=\"og:image:height\" content=\"1200\" \/>\n\t<meta property=\"og:image:type\" content=\"image\/jpeg\" \/>\n<meta name=\"twitter:card\" content=\"summary_large_image\" \/>\n<script type=\"application\/ld+json\" class=\"yoast-schema-graph\">{\"@context\":\"https:\/\/schema.org\",\"@graph\":[{\"@type\":\"WebPage\",\"@id\":\"https:\/\/hubsch-interior.com\/fr\/produit\/gleaming-vase-gris-set-de-3\/\",\"url\":\"https:\/\/hubsch-interior.com\/fr\/produit\/gleaming-vase-gris-set-de-3\/\",\"name\":\"Gleaming Vase Gris (set de 3) - H\u00fcbsch\",\"isPartOf\":{\"@id\":\"https:\/\/hubsch-interior.com\/fr\/#website\"},\"primaryImageOfPage\":{\"@id\":\"https:\/\/hubsch-interior.com\/fr\/produit\/gleaming-vase-gris-set-de-3\/#primaryimage\"},\"image\":{\"@id\":\"https:\/\/hubsch-interior.com\/fr\/produit\/gleaming-vase-gris-set-de-3\/#primaryimage\"},\"thumbnailUrl\":\"https:\/\/hubsch-interior.com\/wp-content\/uploads\/2026\/02\/gleaming-vase-grey-set-of-3-7f2d8511651d0975cc907608cc0e59bc.jpg\",\"datePublished\":\"2021-08-31T07:33:19+00:00\",\"dateModified\":\"2026-04-29T02:29:33+00:00\",\"description\":\"Vase Gris \u00e9tincelant (ensemble de 3) est le produit parfait pour ajouter une touche de sophistication \u00e0 chaque pi\u00e8ce. Ces vases sont fabriqu\u00e9s en m\u00e9tal\",\"breadcrumb\":{\"@id\":\"https:\/\/hubsch-interior.com\/fr\/produit\/gleaming-vase-gris-set-de-3\/#breadcrumb\"},\"inLanguage\":\"fr-FR\",\"potentialAction\":[{\"@type\":\"ReadAction\",\"target\":[\"https:\/\/hubsch-interior.com\/fr\/produit\/gleaming-vase-gris-set-de-3\/\"]}]},{\"@type\":\"ImageObject\",\"inLanguage\":\"fr-FR\",\"@id\":\"https:\/\/hubsch-interior.com\/fr\/produit\/gleaming-vase-gris-set-de-3\/#primaryimage\",\"url\":\"https:\/\/hubsch-interior.com\/wp-content\/uploads\/2026\/02\/gleaming-vase-grey-set-of-3-7f2d8511651d0975cc907608cc0e59bc.jpg\",\"contentUrl\":\"https:\/\/hubsch-interior.com\/wp-content\/uploads\/2026\/02\/gleaming-vase-grey-set-of-3-7f2d8511651d0975cc907608cc0e59bc.jpg\",\"width\":1024,\"height\":1024},{\"@type\":\"BreadcrumbList\",\"@id\":\"https:\/\/hubsch-interior.com\/fr\/produit\/gleaming-vase-gris-set-de-3\/#breadcrumb\",\"itemListElement\":[{\"@type\":\"ListItem\",\"position\":1,\"name\":\"Page d'accueil\",\"item\":\"https:\/\/hubsch-interior.com\/fr\/\"},{\"@type\":\"ListItem\",\"position\":2,\"name\":\"Produits\",\"item\":\"https:\/\/hubsch-interior.com\/fr\/shop-2\/\"},{\"@type\":\"ListItem\",\"position\":3,\"name\":\"Accessoires maison\",\"item\":\"https:\/\/hubsch-interior.com\/fr\/categorie-produit\/accessoires-maison\/\"},{\"@type\":\"ListItem\",\"position\":4,\"name\":\"Vases\",\"item\":\"https:\/\/hubsch-interior.com\/fr\/categorie-produit\/accessoires-maison\/vases-fr\/\"},{\"@type\":\"ListItem\",\"position\":5,\"name\":\"Gleaming Vase Gris (set de 3)\"}]},{\"@type\":\"WebSite\",\"@id\":\"https:\/\/hubsch-interior.com\/fr\/#website\",\"url\":\"https:\/\/hubsch-interior.com\/fr\/\",\"name\":\"H\u00fcbsch\",\"description\":\"Danish Home Interior and Design\",\"publisher\":{\"@id\":\"https:\/\/hubsch-interior.com\/fr\/#organization\"},\"potentialAction\":[{\"@type\":\"SearchAction\",\"target\":{\"@type\":\"EntryPoint\",\"urlTemplate\":\"https:\/\/hubsch-interior.com\/fr\/?s={search_term_string}\"},\"query-input\":{\"@type\":\"PropertyValueSpecification\",\"valueRequired\":true,\"valueName\":\"search_term_string\"}}],\"inLanguage\":\"fr-FR\"},{\"@type\":\"Organization\",\"@id\":\"https:\/\/hubsch-interior.com\/fr\/#organization\",\"name\":\"H\u00fcbsch\",\"url\":\"https:\/\/hubsch-interior.com\/fr\/\",\"logo\":{\"@type\":\"ImageObject\",\"inLanguage\":\"fr-FR\",\"@id\":\"https:\/\/hubsch-interior.com\/fr\/#\/schema\/logo\/image\/\",\"url\":\"https:\/\/hubsch-interior.com\/wp-content\/uploads\/2022\/12\/Hubsch_logo_black_one_line.svg\",\"contentUrl\":\"https:\/\/hubsch-interior.com\/wp-content\/uploads\/2022\/12\/Hubsch_logo_black_one_line.svg\",\"caption\":\"H\u00fcbsch\"},\"image\":{\"@id\":\"https:\/\/hubsch-interior.com\/fr\/#\/schema\/logo\/image\/\"}}]}<\/script>\n<!-- \/ Yoast SEO plugin. -->","yoast_head_json":{"title":"Gleaming Vase Gris (set de 3) - H\u00fcbsch","description":"Vase Gris \u00e9tincelant (ensemble de 3) est le produit parfait pour ajouter une touche de sophistication \u00e0 chaque pi\u00e8ce. Ces vases sont fabriqu\u00e9s en m\u00e9tal","robots":{"index":"index","follow":"follow","max-snippet":"max-snippet:-1","max-image-preview":"max-image-preview:large","max-video-preview":"max-video-preview:-1"},"canonical":"https:\/\/hubsch-interior.com\/fr\/wp-json\/wp\/v2\/product\/694181","og_locale":"fr_FR","og_type":"article","og_title":"Gleaming Vase Gris (set de 3) - H\u00fcbsch","og_description":"Vase Gris \u00e9tincelant (ensemble de 3) est le produit parfait pour ajouter une touche de sophistication \u00e0 chaque pi\u00e8ce. Ces vases sont fabriqu\u00e9s en m\u00e9tal","og_url":"https:\/\/hubsch-interior.com\/fr\/produit\/gleaming-vase-gris-set-de-3\/","og_site_name":"H\u00fcbsch","article_modified_time":"2026-04-29T02:29:33+00:00","og_image":[{"width":1200,"height":1200,"url":"https:\/\/hubsch-interior.com\/wp-content\/uploads\/2023\/08\/gleaming-vase-grey-set-of-3-615be6b60747b5aab6f51ad2bcf0c8ce.jpg","type":"image\/jpeg"}],"twitter_card":"summary_large_image","schema":{"@context":"https:\/\/schema.org","@graph":[{"@type":"WebPage","@id":"https:\/\/hubsch-interior.com\/fr\/produit\/gleaming-vase-gris-set-de-3\/","url":"https:\/\/hubsch-interior.com\/fr\/produit\/gleaming-vase-gris-set-de-3\/","name":"Gleaming Vase Gris (set de 3) - H\u00fcbsch","isPartOf":{"@id":"https:\/\/hubsch-interior.com\/fr\/#website"},"primaryImageOfPage":{"@id":"https:\/\/hubsch-interior.com\/fr\/produit\/gleaming-vase-gris-set-de-3\/#primaryimage"},"image":{"@id":"https:\/\/hubsch-interior.com\/fr\/produit\/gleaming-vase-gris-set-de-3\/#primaryimage"},"thumbnailUrl":"https:\/\/hubsch-interior.com\/wp-content\/uploads\/2026\/02\/gleaming-vase-grey-set-of-3-7f2d8511651d0975cc907608cc0e59bc.jpg","datePublished":"2021-08-31T07:33:19+00:00","dateModified":"2026-04-29T02:29:33+00:00","description":"Vase Gris \u00e9tincelant (ensemble de 3) est le produit parfait pour ajouter une touche de sophistication \u00e0 chaque pi\u00e8ce. Ces vases sont fabriqu\u00e9s en m\u00e9tal","breadcrumb":{"@id":"https:\/\/hubsch-interior.com\/fr\/produit\/gleaming-vase-gris-set-de-3\/#breadcrumb"},"inLanguage":"fr-FR","potentialAction":[{"@type":"ReadAction","target":["https:\/\/hubsch-interior.com\/fr\/produit\/gleaming-vase-gris-set-de-3\/"]}]},{"@type":"ImageObject","inLanguage":"fr-FR","@id":"https:\/\/hubsch-interior.com\/fr\/produit\/gleaming-vase-gris-set-de-3\/#primaryimage","url":"https:\/\/hubsch-interior.com\/wp-content\/uploads\/2026\/02\/gleaming-vase-grey-set-of-3-7f2d8511651d0975cc907608cc0e59bc.jpg","contentUrl":"https:\/\/hubsch-interior.com\/wp-content\/uploads\/2026\/02\/gleaming-vase-grey-set-of-3-7f2d8511651d0975cc907608cc0e59bc.jpg","width":1024,"height":1024},{"@type":"BreadcrumbList","@id":"https:\/\/hubsch-interior.com\/fr\/produit\/gleaming-vase-gris-set-de-3\/#breadcrumb","itemListElement":[{"@type":"ListItem","position":1,"name":"Page d'accueil","item":"https:\/\/hubsch-interior.com\/fr\/"},{"@type":"ListItem","position":2,"name":"Produits","item":"https:\/\/hubsch-interior.com\/fr\/shop-2\/"},{"@type":"ListItem","position":3,"name":"Accessoires maison","item":"https:\/\/hubsch-interior.com\/fr\/categorie-produit\/accessoires-maison\/"},{"@type":"ListItem","position":4,"name":"Vases","item":"https:\/\/hubsch-interior.com\/fr\/categorie-produit\/accessoires-maison\/vases-fr\/"},{"@type":"ListItem","position":5,"name":"Gleaming Vase Gris (set de 3)"}]},{"@type":"WebSite","@id":"https:\/\/hubsch-interior.com\/fr\/#website","url":"https:\/\/hubsch-interior.com\/fr\/","name":"H\u00fcbsch","description":"Danish Home Interior and Design","publisher":{"@id":"https:\/\/hubsch-interior.com\/fr\/#organization"},"potentialAction":[{"@type":"SearchAction","target":{"@type":"EntryPoint","urlTemplate":"https:\/\/hubsch-interior.com\/fr\/?s={search_term_string}"},"query-input":{"@type":"PropertyValueSpecification","valueRequired":true,"valueName":"search_term_string"}}],"inLanguage":"fr-FR"},{"@type":"Organization","@id":"https:\/\/hubsch-interior.com\/fr\/#organization","name":"H\u00fcbsch","url":"https:\/\/hubsch-interior.com\/fr\/","logo":{"@type":"ImageObject","inLanguage":"fr-FR","@id":"https:\/\/hubsch-interior.com\/fr\/#\/schema\/logo\/image\/","url":"https:\/\/hubsch-interior.com\/wp-content\/uploads\/2022\/12\/Hubsch_logo_black_one_line.svg","contentUrl":"https:\/\/hubsch-interior.com\/wp-content\/uploads\/2022\/12\/Hubsch_logo_black_one_line.svg","caption":"H\u00fcbsch"},"image":{"@id":"https:\/\/hubsch-interior.com\/fr\/#\/schema\/logo\/image\/"}}]}},"_links":{"self":[{"href":"https:\/\/hubsch-interior.com\/fr\/wp-json\/wp\/v2\/product\/694181","targetHints":{"allow":["GET"]}}],"collection":[{"href":"https:\/\/hubsch-interior.com\/fr\/wp-json\/wp\/v2\/product"}],"about":[{"href":"https:\/\/hubsch-interior.com\/fr\/wp-json\/wp\/v2\/types\/product"}],"wp:featuredmedia":[{"embeddable":true,"href":"https:\/\/hubsch-interior.com\/fr\/wp-json\/wp\/v2\/media\/1096759"}],"wp:attachment":[{"href":"https:\/\/hubsch-interior.com\/fr\/wp-json\/wp\/v2\/media?parent=694181"}],"wp:term":[{"taxonomy":"product_brand","embeddable":true,"href":"https:\/\/hubsch-interior.com\/fr\/wp-json\/wp\/v2\/product_brand?post=694181"},{"taxonomy":"product_cat","embeddable":true,"href":"https:\/\/hubsch-interior.com\/fr\/wp-json\/wp\/v2\/product_cat?post=694181"},{"taxonomy":"product_tag","embeddable":true,"href":"https:\/\/hubsch-interior.com\/fr\/wp-json\/wp\/v2\/product_tag?post=694181"}],"curies":[{"name":"wp","href":"https:\/\/api.w.org\/{rel}","templated":true}]}}