{"id":694225,"date":"2021-08-31T09:34:51","date_gmt":"2021-08-31T07:34:51","guid":{"rendered":"https:\/\/hubsch-interior.com\/shop-b2c\/product\/product\/"},"modified":"2026-04-09T04:31:29","modified_gmt":"2026-04-09T02:31:29","slug":"retro-miroir-mural-ronde-nickel-brosse","status":"publish","type":"product","link":"https:\/\/hubsch-interior.com\/fr\/produit\/retro-miroir-mural-ronde-nickel-brosse\/","title":{"rendered":"Retro Miroir mural Ronde Nickel Bross\u00e9"},"content":{"rendered":"<p>Le Retro Miroir mural Ronde Nickel est le miroir id\u00e9al pour embellir votre int\u00e9rieur. Fabriqu\u00e9 en m\u00e9tal et en verre miroir, ce miroir a un cadre de fer rond avec une finition nickel. Ce miroir est parfait pour ajouter une touche de sophistication \u00e0 votre int\u00e9rieur et pour en faire un espace unique et accueillant. Il est le compl\u00e9ment parfait pour votre d\u00e9coration. Ajoutez-le \u00e0 votre salle de bain ou \u00e0 votre salon pour une atmosph\u00e8re moderne et chic.<\/p>\n","protected":false},"excerpt":{"rendered":"<p>Le Retro Miroir mural Ronde Nickel est le miroir id\u00e9al pour embellir votre int\u00e9rieur. Fabriqu\u00e9 en m\u00e9tal et en verre miroir, ce miroir a un cadre de fer rond avec une finition nickel. Ce miroir est parfait pour ajouter une touche de sophistication \u00e0 votre int\u00e9rieur et pour en faire un espace unique et accueillant. [&hellip;]<\/p>\n","protected":false},"featured_media":1097250,"template":"","meta":{"_acf_changed":false,"inline_featured_image":false},"product_brand":[],"product_cat":[2923,2924],"product_tag":[],"class_list":{"0":"post-694225","1":"product","2":"type-product","3":"status-publish","4":"has-post-thumbnail","6":"product_cat-miroirs-fr","7":"product_cat-miroirs-muraux-fr","8":"product_shipping_class-pk","10":"pa_color-nickel-bross","11":"pa_material-fer-fr","12":"pa_material-verre","14":"first","15":"instock","16":"taxable","17":"shipping-taxable","18":"purchasable","19":"product-type-simple"},"exclude_global_add_ons":[],"addons":[],"acf":[],"yoast_head":"<!-- This site is optimized with the Yoast SEO plugin v26.4 - https:\/\/yoast.com\/wordpress\/plugins\/seo\/ -->\n<title>Retro Miroir mural Ronde Nickel Bross\u00e9 - H\u00fcbsch<\/title>\n<meta name=\"description\" content=\"Le Retro Miroir mural Ronde Nickel est le miroir id\u00e9al pour embellir votre int\u00e9rieur. Fabriqu\u00e9 en m\u00e9tal et en verre miroir, ce miroir a un cadre de fer\" \/>\n<meta name=\"robots\" content=\"index, follow, max-snippet:-1, max-image-preview:large, max-video-preview:-1\" \/>\n<link rel=\"canonical\" href=\"https:\/\/hubsch-interior.com\/fr\/wp-json\/wp\/v2\/product\/694225\" \/>\n<meta property=\"og:locale\" content=\"fr_FR\" \/>\n<meta property=\"og:type\" content=\"article\" \/>\n<meta property=\"og:title\" content=\"Retro Miroir mural Ronde Nickel Bross\u00e9 - H\u00fcbsch\" \/>\n<meta property=\"og:description\" content=\"Le Retro Miroir mural Ronde Nickel est le miroir id\u00e9al pour embellir votre int\u00e9rieur. Fabriqu\u00e9 en m\u00e9tal et en verre miroir, ce miroir a un cadre de fer\" \/>\n<meta property=\"og:url\" content=\"https:\/\/hubsch-interior.com\/fr\/produit\/retro-miroir-mural-ronde-nickel-brosse\/\" \/>\n<meta property=\"og:site_name\" content=\"H\u00fcbsch\" \/>\n<meta property=\"article:modified_time\" content=\"2026-04-09T02:31:29+00:00\" \/>\n<meta property=\"og:image\" content=\"https:\/\/hubsch-interior.com\/wp-content\/uploads\/2024\/10\/retro-wall-mirror-round-brushed-nickel-6b88e4d2df5b4ad7994120b0a7239112.jpg\" \/>\n\t<meta property=\"og:image:width\" content=\"1200\" \/>\n\t<meta property=\"og:image:height\" content=\"1200\" \/>\n\t<meta property=\"og:image:type\" content=\"image\/jpeg\" \/>\n<meta name=\"twitter:card\" content=\"summary_large_image\" \/>\n<script type=\"application\/ld+json\" class=\"yoast-schema-graph\">{\"@context\":\"https:\/\/schema.org\",\"@graph\":[{\"@type\":\"WebPage\",\"@id\":\"https:\/\/hubsch-interior.com\/fr\/produit\/retro-miroir-mural-ronde-nickel-brosse\/\",\"url\":\"https:\/\/hubsch-interior.com\/fr\/produit\/retro-miroir-mural-ronde-nickel-brosse\/\",\"name\":\"Retro Miroir mural Ronde Nickel Bross\u00e9 - H\u00fcbsch\",\"isPartOf\":{\"@id\":\"https:\/\/hubsch-interior.com\/fr\/#website\"},\"primaryImageOfPage\":{\"@id\":\"https:\/\/hubsch-interior.com\/fr\/produit\/retro-miroir-mural-ronde-nickel-brosse\/#primaryimage\"},\"image\":{\"@id\":\"https:\/\/hubsch-interior.com\/fr\/produit\/retro-miroir-mural-ronde-nickel-brosse\/#primaryimage\"},\"thumbnailUrl\":\"https:\/\/hubsch-interior.com\/wp-content\/uploads\/2026\/02\/retro-wall-mirror-round-brushed-nickel-e5cd293cd64a75b00b321ec99682d169.jpg\",\"datePublished\":\"2021-08-31T07:34:51+00:00\",\"dateModified\":\"2026-04-09T02:31:29+00:00\",\"description\":\"Le Retro Miroir mural Ronde Nickel est le miroir id\u00e9al pour embellir votre int\u00e9rieur. Fabriqu\u00e9 en m\u00e9tal et en verre miroir, ce miroir a un cadre de fer\",\"breadcrumb\":{\"@id\":\"https:\/\/hubsch-interior.com\/fr\/produit\/retro-miroir-mural-ronde-nickel-brosse\/#breadcrumb\"},\"inLanguage\":\"fr-FR\",\"potentialAction\":[{\"@type\":\"ReadAction\",\"target\":[\"https:\/\/hubsch-interior.com\/fr\/produit\/retro-miroir-mural-ronde-nickel-brosse\/\"]}]},{\"@type\":\"ImageObject\",\"inLanguage\":\"fr-FR\",\"@id\":\"https:\/\/hubsch-interior.com\/fr\/produit\/retro-miroir-mural-ronde-nickel-brosse\/#primaryimage\",\"url\":\"https:\/\/hubsch-interior.com\/wp-content\/uploads\/2026\/02\/retro-wall-mirror-round-brushed-nickel-e5cd293cd64a75b00b321ec99682d169.jpg\",\"contentUrl\":\"https:\/\/hubsch-interior.com\/wp-content\/uploads\/2026\/02\/retro-wall-mirror-round-brushed-nickel-e5cd293cd64a75b00b321ec99682d169.jpg\",\"width\":1024,\"height\":1024},{\"@type\":\"BreadcrumbList\",\"@id\":\"https:\/\/hubsch-interior.com\/fr\/produit\/retro-miroir-mural-ronde-nickel-brosse\/#breadcrumb\",\"itemListElement\":[{\"@type\":\"ListItem\",\"position\":1,\"name\":\"Page d'accueil\",\"item\":\"https:\/\/hubsch-interior.com\/fr\/\"},{\"@type\":\"ListItem\",\"position\":2,\"name\":\"Produits\",\"item\":\"https:\/\/hubsch-interior.com\/fr\/shop-2\/\"},{\"@type\":\"ListItem\",\"position\":3,\"name\":\"Accessoires maison\",\"item\":\"https:\/\/hubsch-interior.com\/fr\/categorie-produit\/accessoires-maison\/\"},{\"@type\":\"ListItem\",\"position\":4,\"name\":\"Miroirs\",\"item\":\"https:\/\/hubsch-interior.com\/fr\/categorie-produit\/accessoires-maison\/miroirs-fr\/\"},{\"@type\":\"ListItem\",\"position\":5,\"name\":\"Miroirs muraux\",\"item\":\"https:\/\/hubsch-interior.com\/fr\/categorie-produit\/accessoires-maison\/miroirs-fr\/miroirs-muraux-fr\/\"},{\"@type\":\"ListItem\",\"position\":6,\"name\":\"Retro Miroir mural Ronde Nickel Bross\u00e9\"}]},{\"@type\":\"WebSite\",\"@id\":\"https:\/\/hubsch-interior.com\/fr\/#website\",\"url\":\"https:\/\/hubsch-interior.com\/fr\/\",\"name\":\"H\u00fcbsch\",\"description\":\"Danish Home Interior and Design\",\"publisher\":{\"@id\":\"https:\/\/hubsch-interior.com\/fr\/#organization\"},\"potentialAction\":[{\"@type\":\"SearchAction\",\"target\":{\"@type\":\"EntryPoint\",\"urlTemplate\":\"https:\/\/hubsch-interior.com\/fr\/?s={search_term_string}\"},\"query-input\":{\"@type\":\"PropertyValueSpecification\",\"valueRequired\":true,\"valueName\":\"search_term_string\"}}],\"inLanguage\":\"fr-FR\"},{\"@type\":\"Organization\",\"@id\":\"https:\/\/hubsch-interior.com\/fr\/#organization\",\"name\":\"H\u00fcbsch\",\"url\":\"https:\/\/hubsch-interior.com\/fr\/\",\"logo\":{\"@type\":\"ImageObject\",\"inLanguage\":\"fr-FR\",\"@id\":\"https:\/\/hubsch-interior.com\/fr\/#\/schema\/logo\/image\/\",\"url\":\"https:\/\/hubsch-interior.com\/wp-content\/uploads\/2022\/12\/Hubsch_logo_black_one_line.svg\",\"contentUrl\":\"https:\/\/hubsch-interior.com\/wp-content\/uploads\/2022\/12\/Hubsch_logo_black_one_line.svg\",\"caption\":\"H\u00fcbsch\"},\"image\":{\"@id\":\"https:\/\/hubsch-interior.com\/fr\/#\/schema\/logo\/image\/\"}}]}<\/script>\n<!-- \/ Yoast SEO plugin. -->","yoast_head_json":{"title":"Retro Miroir mural Ronde Nickel Bross\u00e9 - H\u00fcbsch","description":"Le Retro Miroir mural Ronde Nickel est le miroir id\u00e9al pour embellir votre int\u00e9rieur. Fabriqu\u00e9 en m\u00e9tal et en verre miroir, ce miroir a un cadre de fer","robots":{"index":"index","follow":"follow","max-snippet":"max-snippet:-1","max-image-preview":"max-image-preview:large","max-video-preview":"max-video-preview:-1"},"canonical":"https:\/\/hubsch-interior.com\/fr\/wp-json\/wp\/v2\/product\/694225","og_locale":"fr_FR","og_type":"article","og_title":"Retro Miroir mural Ronde Nickel Bross\u00e9 - H\u00fcbsch","og_description":"Le Retro Miroir mural Ronde Nickel est le miroir id\u00e9al pour embellir votre int\u00e9rieur. Fabriqu\u00e9 en m\u00e9tal et en verre miroir, ce miroir a un cadre de fer","og_url":"https:\/\/hubsch-interior.com\/fr\/produit\/retro-miroir-mural-ronde-nickel-brosse\/","og_site_name":"H\u00fcbsch","article_modified_time":"2026-04-09T02:31:29+00:00","og_image":[{"width":1200,"height":1200,"url":"https:\/\/hubsch-interior.com\/wp-content\/uploads\/2024\/10\/retro-wall-mirror-round-brushed-nickel-6b88e4d2df5b4ad7994120b0a7239112.jpg","type":"image\/jpeg"}],"twitter_card":"summary_large_image","schema":{"@context":"https:\/\/schema.org","@graph":[{"@type":"WebPage","@id":"https:\/\/hubsch-interior.com\/fr\/produit\/retro-miroir-mural-ronde-nickel-brosse\/","url":"https:\/\/hubsch-interior.com\/fr\/produit\/retro-miroir-mural-ronde-nickel-brosse\/","name":"Retro Miroir mural Ronde Nickel Bross\u00e9 - H\u00fcbsch","isPartOf":{"@id":"https:\/\/hubsch-interior.com\/fr\/#website"},"primaryImageOfPage":{"@id":"https:\/\/hubsch-interior.com\/fr\/produit\/retro-miroir-mural-ronde-nickel-brosse\/#primaryimage"},"image":{"@id":"https:\/\/hubsch-interior.com\/fr\/produit\/retro-miroir-mural-ronde-nickel-brosse\/#primaryimage"},"thumbnailUrl":"https:\/\/hubsch-interior.com\/wp-content\/uploads\/2026\/02\/retro-wall-mirror-round-brushed-nickel-e5cd293cd64a75b00b321ec99682d169.jpg","datePublished":"2021-08-31T07:34:51+00:00","dateModified":"2026-04-09T02:31:29+00:00","description":"Le Retro Miroir mural Ronde Nickel est le miroir id\u00e9al pour embellir votre int\u00e9rieur. Fabriqu\u00e9 en m\u00e9tal et en verre miroir, ce miroir a un cadre de fer","breadcrumb":{"@id":"https:\/\/hubsch-interior.com\/fr\/produit\/retro-miroir-mural-ronde-nickel-brosse\/#breadcrumb"},"inLanguage":"fr-FR","potentialAction":[{"@type":"ReadAction","target":["https:\/\/hubsch-interior.com\/fr\/produit\/retro-miroir-mural-ronde-nickel-brosse\/"]}]},{"@type":"ImageObject","inLanguage":"fr-FR","@id":"https:\/\/hubsch-interior.com\/fr\/produit\/retro-miroir-mural-ronde-nickel-brosse\/#primaryimage","url":"https:\/\/hubsch-interior.com\/wp-content\/uploads\/2026\/02\/retro-wall-mirror-round-brushed-nickel-e5cd293cd64a75b00b321ec99682d169.jpg","contentUrl":"https:\/\/hubsch-interior.com\/wp-content\/uploads\/2026\/02\/retro-wall-mirror-round-brushed-nickel-e5cd293cd64a75b00b321ec99682d169.jpg","width":1024,"height":1024},{"@type":"BreadcrumbList","@id":"https:\/\/hubsch-interior.com\/fr\/produit\/retro-miroir-mural-ronde-nickel-brosse\/#breadcrumb","itemListElement":[{"@type":"ListItem","position":1,"name":"Page d'accueil","item":"https:\/\/hubsch-interior.com\/fr\/"},{"@type":"ListItem","position":2,"name":"Produits","item":"https:\/\/hubsch-interior.com\/fr\/shop-2\/"},{"@type":"ListItem","position":3,"name":"Accessoires maison","item":"https:\/\/hubsch-interior.com\/fr\/categorie-produit\/accessoires-maison\/"},{"@type":"ListItem","position":4,"name":"Miroirs","item":"https:\/\/hubsch-interior.com\/fr\/categorie-produit\/accessoires-maison\/miroirs-fr\/"},{"@type":"ListItem","position":5,"name":"Miroirs muraux","item":"https:\/\/hubsch-interior.com\/fr\/categorie-produit\/accessoires-maison\/miroirs-fr\/miroirs-muraux-fr\/"},{"@type":"ListItem","position":6,"name":"Retro Miroir mural Ronde Nickel Bross\u00e9"}]},{"@type":"WebSite","@id":"https:\/\/hubsch-interior.com\/fr\/#website","url":"https:\/\/hubsch-interior.com\/fr\/","name":"H\u00fcbsch","description":"Danish Home Interior and Design","publisher":{"@id":"https:\/\/hubsch-interior.com\/fr\/#organization"},"potentialAction":[{"@type":"SearchAction","target":{"@type":"EntryPoint","urlTemplate":"https:\/\/hubsch-interior.com\/fr\/?s={search_term_string}"},"query-input":{"@type":"PropertyValueSpecification","valueRequired":true,"valueName":"search_term_string"}}],"inLanguage":"fr-FR"},{"@type":"Organization","@id":"https:\/\/hubsch-interior.com\/fr\/#organization","name":"H\u00fcbsch","url":"https:\/\/hubsch-interior.com\/fr\/","logo":{"@type":"ImageObject","inLanguage":"fr-FR","@id":"https:\/\/hubsch-interior.com\/fr\/#\/schema\/logo\/image\/","url":"https:\/\/hubsch-interior.com\/wp-content\/uploads\/2022\/12\/Hubsch_logo_black_one_line.svg","contentUrl":"https:\/\/hubsch-interior.com\/wp-content\/uploads\/2022\/12\/Hubsch_logo_black_one_line.svg","caption":"H\u00fcbsch"},"image":{"@id":"https:\/\/hubsch-interior.com\/fr\/#\/schema\/logo\/image\/"}}]}},"_links":{"self":[{"href":"https:\/\/hubsch-interior.com\/fr\/wp-json\/wp\/v2\/product\/694225","targetHints":{"allow":["GET"]}}],"collection":[{"href":"https:\/\/hubsch-interior.com\/fr\/wp-json\/wp\/v2\/product"}],"about":[{"href":"https:\/\/hubsch-interior.com\/fr\/wp-json\/wp\/v2\/types\/product"}],"wp:featuredmedia":[{"embeddable":true,"href":"https:\/\/hubsch-interior.com\/fr\/wp-json\/wp\/v2\/media\/1097250"}],"wp:attachment":[{"href":"https:\/\/hubsch-interior.com\/fr\/wp-json\/wp\/v2\/media?parent=694225"}],"wp:term":[{"taxonomy":"product_brand","embeddable":true,"href":"https:\/\/hubsch-interior.com\/fr\/wp-json\/wp\/v2\/product_brand?post=694225"},{"taxonomy":"product_cat","embeddable":true,"href":"https:\/\/hubsch-interior.com\/fr\/wp-json\/wp\/v2\/product_cat?post=694225"},{"taxonomy":"product_tag","embeddable":true,"href":"https:\/\/hubsch-interior.com\/fr\/wp-json\/wp\/v2\/product_tag?post=694225"}],"curies":[{"name":"wp","href":"https:\/\/api.w.org\/{rel}","templated":true}]}}