{"id":694361,"date":"2021-08-31T09:36:51","date_gmt":"2021-08-31T07:36:51","guid":{"rendered":"https:\/\/hubsch-interior.com\/shop-b2c\/product\/product\/"},"modified":"2026-04-18T04:33:11","modified_gmt":"2026-04-18T02:33:11","slug":"select-boules-multicolore-set-de-5","status":"publish","type":"product","link":"https:\/\/hubsch-interior.com\/fr\/produit\/select-boules-multicolore-set-de-5\/","title":{"rendered":"Select Boules \u00a0Multicolor\u00e9 (set de 5)"},"content":{"rendered":"<p>Le Set de 5 Boules Multicolor\u00e9es Select est un produit unique et pratique. Fabriqu\u00e9 en porcelaine, ce set d&#8217;accessoires est compos\u00e9 de 5 boules color\u00e9es. Elles peuvent \u00eatre utilis\u00e9es comme d\u00e9coration int\u00e9rieure ou pour ajouter une touche personnelle \u00e0 votre int\u00e9rieur. Leur couleur vive et leurs formes arrondies vous offriront une d\u00e9coration int\u00e9rieure unique et charmante. Vous serez s\u00fbr de trouver votre bonheur gr\u00e2ce \u00e0 ce Set de 5 Boules Multicolor\u00e9es Select !<\/p>\n","protected":false},"excerpt":{"rendered":"<p>Le Set de 5 Boules Multicolor\u00e9es Select est un produit unique et pratique. Fabriqu\u00e9 en porcelaine, ce set d&#8217;accessoires est compos\u00e9 de 5 boules color\u00e9es. Elles peuvent \u00eatre utilis\u00e9es comme d\u00e9coration int\u00e9rieure ou pour ajouter une touche personnelle \u00e0 votre int\u00e9rieur. Leur couleur vive et leurs formes arrondies vous offriront une d\u00e9coration int\u00e9rieure unique et [&hellip;]<\/p>\n","protected":false},"featured_media":1098090,"template":"","meta":{"_acf_changed":false,"inline_featured_image":false},"product_brand":[],"product_cat":[4053,7043,5026,4095,7027],"product_tag":[],"class_list":{"0":"post-694361","1":"product","2":"type-product","3":"status-publish","4":"has-post-thumbnail","6":"product_cat-accessoires-de-cuisine-fr","7":"product_cat-bols-de-service-fr","8":"product_cat-bestsellers-fr","9":"product_cat-vaisselle-fr","10":"product_cat-vaisselle-fr-2","11":"product_shipping_class-pk","13":"pa_color-multicolor-2","14":"pa_material-porcelaine-fr","16":"first","17":"instock","18":"featured","19":"taxable","20":"shipping-taxable","21":"purchasable","22":"product-type-simple"},"exclude_global_add_ons":[],"addons":[],"acf":[],"yoast_head":"<!-- This site is optimized with the Yoast SEO plugin v26.4 - https:\/\/yoast.com\/wordpress\/plugins\/seo\/ -->\n<title>Select Boules \u00a0Multicolor\u00e9 (set de 5) - H\u00fcbsch<\/title>\n<meta name=\"description\" content=\"Le Set de 5 Boules Multicolor\u00e9es Select est un produit unique et pratique. Fabriqu\u00e9 en porcelaine, ce set d&#039;accessoires est compos\u00e9 de 5 boules color\u00e9es.\" \/>\n<meta name=\"robots\" content=\"index, follow, max-snippet:-1, max-image-preview:large, max-video-preview:-1\" \/>\n<link rel=\"canonical\" href=\"https:\/\/hubsch-interior.com\/fr\/wp-json\/wp\/v2\/product\/694361\" \/>\n<meta property=\"og:locale\" content=\"fr_FR\" \/>\n<meta property=\"og:type\" content=\"article\" \/>\n<meta property=\"og:title\" content=\"Select Boules \u00a0Multicolor\u00e9 (set de 5) - H\u00fcbsch\" \/>\n<meta property=\"og:description\" content=\"Le Set de 5 Boules Multicolor\u00e9es Select est un produit unique et pratique. Fabriqu\u00e9 en porcelaine, ce set d&#039;accessoires est compos\u00e9 de 5 boules color\u00e9es.\" \/>\n<meta property=\"og:url\" content=\"https:\/\/hubsch-interior.com\/fr\/produit\/select-boules-multicolore-set-de-5\/\" \/>\n<meta property=\"og:site_name\" content=\"H\u00fcbsch\" \/>\n<meta property=\"article:modified_time\" content=\"2026-04-18T02:33:11+00:00\" \/>\n<meta property=\"og:image\" content=\"https:\/\/hubsch-interior.com\/wp-content\/uploads\/2023\/08\/select-bowls-multicolour-set-of-5-c290d66a4bcddb3cd8665d1ce72ffe22.jpg\" \/>\n\t<meta property=\"og:image:width\" content=\"1200\" \/>\n\t<meta property=\"og:image:height\" content=\"1200\" \/>\n\t<meta property=\"og:image:type\" content=\"image\/jpeg\" \/>\n<meta name=\"twitter:card\" content=\"summary_large_image\" \/>\n<script type=\"application\/ld+json\" class=\"yoast-schema-graph\">{\"@context\":\"https:\/\/schema.org\",\"@graph\":[{\"@type\":\"WebPage\",\"@id\":\"https:\/\/hubsch-interior.com\/fr\/produit\/select-boules-multicolore-set-de-5\/\",\"url\":\"https:\/\/hubsch-interior.com\/fr\/produit\/select-boules-multicolore-set-de-5\/\",\"name\":\"Select Boules \u00a0Multicolor\u00e9 (set de 5) - H\u00fcbsch\",\"isPartOf\":{\"@id\":\"https:\/\/hubsch-interior.com\/fr\/#website\"},\"primaryImageOfPage\":{\"@id\":\"https:\/\/hubsch-interior.com\/fr\/produit\/select-boules-multicolore-set-de-5\/#primaryimage\"},\"image\":{\"@id\":\"https:\/\/hubsch-interior.com\/fr\/produit\/select-boules-multicolore-set-de-5\/#primaryimage\"},\"thumbnailUrl\":\"https:\/\/hubsch-interior.com\/wp-content\/uploads\/2026\/02\/select-bowls-multicolour-set-of-5-f32ca16b284d93461652a1640116701d.jpg\",\"datePublished\":\"2021-08-31T07:36:51+00:00\",\"dateModified\":\"2026-04-18T02:33:11+00:00\",\"description\":\"Le Set de 5 Boules Multicolor\u00e9es Select est un produit unique et pratique. Fabriqu\u00e9 en porcelaine, ce set d'accessoires est compos\u00e9 de 5 boules color\u00e9es.\",\"breadcrumb\":{\"@id\":\"https:\/\/hubsch-interior.com\/fr\/produit\/select-boules-multicolore-set-de-5\/#breadcrumb\"},\"inLanguage\":\"fr-FR\",\"potentialAction\":[{\"@type\":\"ReadAction\",\"target\":[\"https:\/\/hubsch-interior.com\/fr\/produit\/select-boules-multicolore-set-de-5\/\"]}]},{\"@type\":\"ImageObject\",\"inLanguage\":\"fr-FR\",\"@id\":\"https:\/\/hubsch-interior.com\/fr\/produit\/select-boules-multicolore-set-de-5\/#primaryimage\",\"url\":\"https:\/\/hubsch-interior.com\/wp-content\/uploads\/2026\/02\/select-bowls-multicolour-set-of-5-f32ca16b284d93461652a1640116701d.jpg\",\"contentUrl\":\"https:\/\/hubsch-interior.com\/wp-content\/uploads\/2026\/02\/select-bowls-multicolour-set-of-5-f32ca16b284d93461652a1640116701d.jpg\",\"width\":1024,\"height\":1024},{\"@type\":\"BreadcrumbList\",\"@id\":\"https:\/\/hubsch-interior.com\/fr\/produit\/select-boules-multicolore-set-de-5\/#breadcrumb\",\"itemListElement\":[{\"@type\":\"ListItem\",\"position\":1,\"name\":\"Page d'accueil\",\"item\":\"https:\/\/hubsch-interior.com\/fr\/\"},{\"@type\":\"ListItem\",\"position\":2,\"name\":\"Produits\",\"item\":\"https:\/\/hubsch-interior.com\/fr\/shop-2\/\"},{\"@type\":\"ListItem\",\"position\":3,\"name\":\"Cuisine\",\"item\":\"https:\/\/hubsch-interior.com\/fr\/categorie-produit\/cuisine\/\"},{\"@type\":\"ListItem\",\"position\":4,\"name\":\"Vaisselle\",\"item\":\"https:\/\/hubsch-interior.com\/fr\/categorie-produit\/cuisine\/vaisselle-fr-2\/\"},{\"@type\":\"ListItem\",\"position\":5,\"name\":\"Bols de service\",\"item\":\"https:\/\/hubsch-interior.com\/fr\/categorie-produit\/cuisine\/vaisselle-fr-2\/bols-de-service-fr\/\"},{\"@type\":\"ListItem\",\"position\":6,\"name\":\"Select Boules \u00a0Multicolor\u00e9 (set de 5)\"}]},{\"@type\":\"WebSite\",\"@id\":\"https:\/\/hubsch-interior.com\/fr\/#website\",\"url\":\"https:\/\/hubsch-interior.com\/fr\/\",\"name\":\"H\u00fcbsch\",\"description\":\"Danish Home Interior and Design\",\"publisher\":{\"@id\":\"https:\/\/hubsch-interior.com\/fr\/#organization\"},\"potentialAction\":[{\"@type\":\"SearchAction\",\"target\":{\"@type\":\"EntryPoint\",\"urlTemplate\":\"https:\/\/hubsch-interior.com\/fr\/?s={search_term_string}\"},\"query-input\":{\"@type\":\"PropertyValueSpecification\",\"valueRequired\":true,\"valueName\":\"search_term_string\"}}],\"inLanguage\":\"fr-FR\"},{\"@type\":\"Organization\",\"@id\":\"https:\/\/hubsch-interior.com\/fr\/#organization\",\"name\":\"H\u00fcbsch\",\"url\":\"https:\/\/hubsch-interior.com\/fr\/\",\"logo\":{\"@type\":\"ImageObject\",\"inLanguage\":\"fr-FR\",\"@id\":\"https:\/\/hubsch-interior.com\/fr\/#\/schema\/logo\/image\/\",\"url\":\"https:\/\/hubsch-interior.com\/wp-content\/uploads\/2022\/12\/Hubsch_logo_black_one_line.svg\",\"contentUrl\":\"https:\/\/hubsch-interior.com\/wp-content\/uploads\/2022\/12\/Hubsch_logo_black_one_line.svg\",\"caption\":\"H\u00fcbsch\"},\"image\":{\"@id\":\"https:\/\/hubsch-interior.com\/fr\/#\/schema\/logo\/image\/\"}}]}<\/script>\n<!-- \/ Yoast SEO plugin. -->","yoast_head_json":{"title":"Select Boules \u00a0Multicolor\u00e9 (set de 5) - H\u00fcbsch","description":"Le Set de 5 Boules Multicolor\u00e9es Select est un produit unique et pratique. Fabriqu\u00e9 en porcelaine, ce set d'accessoires est compos\u00e9 de 5 boules color\u00e9es.","robots":{"index":"index","follow":"follow","max-snippet":"max-snippet:-1","max-image-preview":"max-image-preview:large","max-video-preview":"max-video-preview:-1"},"canonical":"https:\/\/hubsch-interior.com\/fr\/wp-json\/wp\/v2\/product\/694361","og_locale":"fr_FR","og_type":"article","og_title":"Select Boules \u00a0Multicolor\u00e9 (set de 5) - H\u00fcbsch","og_description":"Le Set de 5 Boules Multicolor\u00e9es Select est un produit unique et pratique. Fabriqu\u00e9 en porcelaine, ce set d'accessoires est compos\u00e9 de 5 boules color\u00e9es.","og_url":"https:\/\/hubsch-interior.com\/fr\/produit\/select-boules-multicolore-set-de-5\/","og_site_name":"H\u00fcbsch","article_modified_time":"2026-04-18T02:33:11+00:00","og_image":[{"width":1200,"height":1200,"url":"https:\/\/hubsch-interior.com\/wp-content\/uploads\/2023\/08\/select-bowls-multicolour-set-of-5-c290d66a4bcddb3cd8665d1ce72ffe22.jpg","type":"image\/jpeg"}],"twitter_card":"summary_large_image","schema":{"@context":"https:\/\/schema.org","@graph":[{"@type":"WebPage","@id":"https:\/\/hubsch-interior.com\/fr\/produit\/select-boules-multicolore-set-de-5\/","url":"https:\/\/hubsch-interior.com\/fr\/produit\/select-boules-multicolore-set-de-5\/","name":"Select Boules \u00a0Multicolor\u00e9 (set de 5) - H\u00fcbsch","isPartOf":{"@id":"https:\/\/hubsch-interior.com\/fr\/#website"},"primaryImageOfPage":{"@id":"https:\/\/hubsch-interior.com\/fr\/produit\/select-boules-multicolore-set-de-5\/#primaryimage"},"image":{"@id":"https:\/\/hubsch-interior.com\/fr\/produit\/select-boules-multicolore-set-de-5\/#primaryimage"},"thumbnailUrl":"https:\/\/hubsch-interior.com\/wp-content\/uploads\/2026\/02\/select-bowls-multicolour-set-of-5-f32ca16b284d93461652a1640116701d.jpg","datePublished":"2021-08-31T07:36:51+00:00","dateModified":"2026-04-18T02:33:11+00:00","description":"Le Set de 5 Boules Multicolor\u00e9es Select est un produit unique et pratique. Fabriqu\u00e9 en porcelaine, ce set d'accessoires est compos\u00e9 de 5 boules color\u00e9es.","breadcrumb":{"@id":"https:\/\/hubsch-interior.com\/fr\/produit\/select-boules-multicolore-set-de-5\/#breadcrumb"},"inLanguage":"fr-FR","potentialAction":[{"@type":"ReadAction","target":["https:\/\/hubsch-interior.com\/fr\/produit\/select-boules-multicolore-set-de-5\/"]}]},{"@type":"ImageObject","inLanguage":"fr-FR","@id":"https:\/\/hubsch-interior.com\/fr\/produit\/select-boules-multicolore-set-de-5\/#primaryimage","url":"https:\/\/hubsch-interior.com\/wp-content\/uploads\/2026\/02\/select-bowls-multicolour-set-of-5-f32ca16b284d93461652a1640116701d.jpg","contentUrl":"https:\/\/hubsch-interior.com\/wp-content\/uploads\/2026\/02\/select-bowls-multicolour-set-of-5-f32ca16b284d93461652a1640116701d.jpg","width":1024,"height":1024},{"@type":"BreadcrumbList","@id":"https:\/\/hubsch-interior.com\/fr\/produit\/select-boules-multicolore-set-de-5\/#breadcrumb","itemListElement":[{"@type":"ListItem","position":1,"name":"Page d'accueil","item":"https:\/\/hubsch-interior.com\/fr\/"},{"@type":"ListItem","position":2,"name":"Produits","item":"https:\/\/hubsch-interior.com\/fr\/shop-2\/"},{"@type":"ListItem","position":3,"name":"Cuisine","item":"https:\/\/hubsch-interior.com\/fr\/categorie-produit\/cuisine\/"},{"@type":"ListItem","position":4,"name":"Vaisselle","item":"https:\/\/hubsch-interior.com\/fr\/categorie-produit\/cuisine\/vaisselle-fr-2\/"},{"@type":"ListItem","position":5,"name":"Bols de service","item":"https:\/\/hubsch-interior.com\/fr\/categorie-produit\/cuisine\/vaisselle-fr-2\/bols-de-service-fr\/"},{"@type":"ListItem","position":6,"name":"Select Boules \u00a0Multicolor\u00e9 (set de 5)"}]},{"@type":"WebSite","@id":"https:\/\/hubsch-interior.com\/fr\/#website","url":"https:\/\/hubsch-interior.com\/fr\/","name":"H\u00fcbsch","description":"Danish Home Interior and Design","publisher":{"@id":"https:\/\/hubsch-interior.com\/fr\/#organization"},"potentialAction":[{"@type":"SearchAction","target":{"@type":"EntryPoint","urlTemplate":"https:\/\/hubsch-interior.com\/fr\/?s={search_term_string}"},"query-input":{"@type":"PropertyValueSpecification","valueRequired":true,"valueName":"search_term_string"}}],"inLanguage":"fr-FR"},{"@type":"Organization","@id":"https:\/\/hubsch-interior.com\/fr\/#organization","name":"H\u00fcbsch","url":"https:\/\/hubsch-interior.com\/fr\/","logo":{"@type":"ImageObject","inLanguage":"fr-FR","@id":"https:\/\/hubsch-interior.com\/fr\/#\/schema\/logo\/image\/","url":"https:\/\/hubsch-interior.com\/wp-content\/uploads\/2022\/12\/Hubsch_logo_black_one_line.svg","contentUrl":"https:\/\/hubsch-interior.com\/wp-content\/uploads\/2022\/12\/Hubsch_logo_black_one_line.svg","caption":"H\u00fcbsch"},"image":{"@id":"https:\/\/hubsch-interior.com\/fr\/#\/schema\/logo\/image\/"}}]}},"_links":{"self":[{"href":"https:\/\/hubsch-interior.com\/fr\/wp-json\/wp\/v2\/product\/694361","targetHints":{"allow":["GET"]}}],"collection":[{"href":"https:\/\/hubsch-interior.com\/fr\/wp-json\/wp\/v2\/product"}],"about":[{"href":"https:\/\/hubsch-interior.com\/fr\/wp-json\/wp\/v2\/types\/product"}],"wp:featuredmedia":[{"embeddable":true,"href":"https:\/\/hubsch-interior.com\/fr\/wp-json\/wp\/v2\/media\/1098090"}],"wp:attachment":[{"href":"https:\/\/hubsch-interior.com\/fr\/wp-json\/wp\/v2\/media?parent=694361"}],"wp:term":[{"taxonomy":"product_brand","embeddable":true,"href":"https:\/\/hubsch-interior.com\/fr\/wp-json\/wp\/v2\/product_brand?post=694361"},{"taxonomy":"product_cat","embeddable":true,"href":"https:\/\/hubsch-interior.com\/fr\/wp-json\/wp\/v2\/product_cat?post=694361"},{"taxonomy":"product_tag","embeddable":true,"href":"https:\/\/hubsch-interior.com\/fr\/wp-json\/wp\/v2\/product_tag?post=694361"}],"curies":[{"name":"wp","href":"https:\/\/api.w.org\/{rel}","templated":true}]}}