{"id":694385,"date":"2021-08-31T09:37:06","date_gmt":"2021-08-31T07:37:06","guid":{"rendered":"https:\/\/hubsch-interior.com\/shop-b2c\/product\/product\/"},"modified":"2026-04-05T04:34:20","modified_gmt":"2026-04-05T02:34:20","slug":"flicker-photophore-burgundy","status":"publish","type":"product","link":"https:\/\/hubsch-interior.com\/fr\/produit\/flicker-photophore-burgundy\/","title":{"rendered":"Flicker Photophore Burgundy"},"content":{"rendered":"<p>Le Flicker Photophore Violet est une d\u00e9licate pi\u00e8ce artisanale faite de verre. Sa couleur violet \u00e9clatant est s\u00fbre de captiver votre attention. Il est fait \u00e0 la main et poss\u00e8de une forme classique de photophore avec un bord l\u00e9g\u00e8rement incurv\u00e9. Sa lueur douce et chaleureuse est la touche finale \u00e0 tout int\u00e9rieur. \u00c0 la fois beau et pratique, le Flicker Photophore Violet est l&#8217;accessoire d\u00e9coratif parfait pour votre maison.<\/p>\n","protected":false},"excerpt":{"rendered":"<p>Le Flicker Photophore Violet est une d\u00e9licate pi\u00e8ce artisanale faite de verre. Sa couleur violet \u00e9clatant est s\u00fbre de captiver votre attention. Il est fait \u00e0 la main et poss\u00e8de une forme classique de photophore avec un bord l\u00e9g\u00e8rement incurv\u00e9. Sa lueur douce et chaleureuse est la touche finale \u00e0 tout int\u00e9rieur. \u00c0 la fois [&hellip;]<\/p>\n","protected":false},"featured_media":1098106,"template":"","meta":{"_acf_changed":false,"inline_featured_image":false},"product_brand":[],"product_cat":[4065,4066],"product_tag":[],"class_list":{"0":"post-694385","1":"product","2":"type-product","3":"status-publish","4":"has-post-thumbnail","6":"product_cat-bougeoirs-lanternes-fr","7":"product_cat-bougeoirs-et-photophores-fr","8":"product_shipping_class-pk","10":"pa_color-burgundy-fr","11":"pa_material-verre-fr","13":"first","14":"instock","15":"taxable","16":"shipping-taxable","17":"purchasable","18":"product-type-simple"},"exclude_global_add_ons":[],"addons":[],"acf":[],"yoast_head":"<!-- This site is optimized with the Yoast SEO plugin v26.4 - https:\/\/yoast.com\/wordpress\/plugins\/seo\/ -->\n<title>Flicker Photophore Burgundy - H\u00fcbsch<\/title>\n<meta name=\"description\" content=\"Le Flicker Photophore Violet est une d\u00e9licate pi\u00e8ce artisanale faite de verre. Sa couleur violet \u00e9clatant est s\u00fbre de captiver votre attention. Il est\" \/>\n<meta name=\"robots\" content=\"index, follow, max-snippet:-1, max-image-preview:large, max-video-preview:-1\" \/>\n<link rel=\"canonical\" href=\"https:\/\/hubsch-interior.com\/fr\/wp-json\/wp\/v2\/product\/694385\" \/>\n<meta property=\"og:locale\" content=\"fr_FR\" \/>\n<meta property=\"og:type\" content=\"article\" \/>\n<meta property=\"og:title\" content=\"Flicker Photophore Burgundy - H\u00fcbsch\" \/>\n<meta property=\"og:description\" content=\"Le Flicker Photophore Violet est une d\u00e9licate pi\u00e8ce artisanale faite de verre. Sa couleur violet \u00e9clatant est s\u00fbre de captiver votre attention. Il est\" \/>\n<meta property=\"og:url\" content=\"https:\/\/hubsch-interior.com\/fr\/produit\/flicker-photophore-burgundy\/\" \/>\n<meta property=\"og:site_name\" content=\"H\u00fcbsch\" \/>\n<meta property=\"article:modified_time\" content=\"2026-04-05T02:34:20+00:00\" \/>\n<meta property=\"og:image\" content=\"https:\/\/hubsch-interior.com\/wp-content\/uploads\/2023\/08\/flicker-tealight-holder-purple-a23b9714e5b93c7274aa451d108bac78.jpg\" \/>\n\t<meta property=\"og:image:width\" content=\"1200\" \/>\n\t<meta property=\"og:image:height\" content=\"1200\" \/>\n\t<meta property=\"og:image:type\" content=\"image\/jpeg\" \/>\n<meta name=\"twitter:card\" content=\"summary_large_image\" \/>\n<script type=\"application\/ld+json\" class=\"yoast-schema-graph\">{\"@context\":\"https:\/\/schema.org\",\"@graph\":[{\"@type\":\"WebPage\",\"@id\":\"https:\/\/hubsch-interior.com\/fr\/produit\/flicker-photophore-burgundy\/\",\"url\":\"https:\/\/hubsch-interior.com\/fr\/produit\/flicker-photophore-burgundy\/\",\"name\":\"Flicker Photophore Burgundy - H\u00fcbsch\",\"isPartOf\":{\"@id\":\"https:\/\/hubsch-interior.com\/fr\/#website\"},\"primaryImageOfPage\":{\"@id\":\"https:\/\/hubsch-interior.com\/fr\/produit\/flicker-photophore-burgundy\/#primaryimage\"},\"image\":{\"@id\":\"https:\/\/hubsch-interior.com\/fr\/produit\/flicker-photophore-burgundy\/#primaryimage\"},\"thumbnailUrl\":\"https:\/\/hubsch-interior.com\/wp-content\/uploads\/2026\/02\/flicker-tealight-holder-burgundy-2621662619433235ec9a22aeb9f34e94.jpg\",\"datePublished\":\"2021-08-31T07:37:06+00:00\",\"dateModified\":\"2026-04-05T02:34:20+00:00\",\"description\":\"Le Flicker Photophore Violet est une d\u00e9licate pi\u00e8ce artisanale faite de verre. Sa couleur violet \u00e9clatant est s\u00fbre de captiver votre attention. Il est\",\"breadcrumb\":{\"@id\":\"https:\/\/hubsch-interior.com\/fr\/produit\/flicker-photophore-burgundy\/#breadcrumb\"},\"inLanguage\":\"fr-FR\",\"potentialAction\":[{\"@type\":\"ReadAction\",\"target\":[\"https:\/\/hubsch-interior.com\/fr\/produit\/flicker-photophore-burgundy\/\"]}]},{\"@type\":\"ImageObject\",\"inLanguage\":\"fr-FR\",\"@id\":\"https:\/\/hubsch-interior.com\/fr\/produit\/flicker-photophore-burgundy\/#primaryimage\",\"url\":\"https:\/\/hubsch-interior.com\/wp-content\/uploads\/2026\/02\/flicker-tealight-holder-burgundy-2621662619433235ec9a22aeb9f34e94.jpg\",\"contentUrl\":\"https:\/\/hubsch-interior.com\/wp-content\/uploads\/2026\/02\/flicker-tealight-holder-burgundy-2621662619433235ec9a22aeb9f34e94.jpg\",\"width\":1024,\"height\":1024},{\"@type\":\"BreadcrumbList\",\"@id\":\"https:\/\/hubsch-interior.com\/fr\/produit\/flicker-photophore-burgundy\/#breadcrumb\",\"itemListElement\":[{\"@type\":\"ListItem\",\"position\":1,\"name\":\"Page d'accueil\",\"item\":\"https:\/\/hubsch-interior.com\/fr\/\"},{\"@type\":\"ListItem\",\"position\":2,\"name\":\"Produits\",\"item\":\"https:\/\/hubsch-interior.com\/fr\/shop-2\/\"},{\"@type\":\"ListItem\",\"position\":3,\"name\":\"Accessoires maison\",\"item\":\"https:\/\/hubsch-interior.com\/fr\/categorie-produit\/accessoires-maison\/\"},{\"@type\":\"ListItem\",\"position\":4,\"name\":\"Bougeoirs &amp; lanternes\",\"item\":\"https:\/\/hubsch-interior.com\/fr\/categorie-produit\/accessoires-maison\/bougeoirs-lanternes-fr\/\"},{\"@type\":\"ListItem\",\"position\":5,\"name\":\"Bougeoirs et photophores\",\"item\":\"https:\/\/hubsch-interior.com\/fr\/categorie-produit\/accessoires-maison\/bougeoirs-lanternes-fr\/bougeoirs-et-photophores-fr\/\"},{\"@type\":\"ListItem\",\"position\":6,\"name\":\"Flicker Photophore Burgundy\"}]},{\"@type\":\"WebSite\",\"@id\":\"https:\/\/hubsch-interior.com\/fr\/#website\",\"url\":\"https:\/\/hubsch-interior.com\/fr\/\",\"name\":\"H\u00fcbsch\",\"description\":\"Danish Home Interior and Design\",\"publisher\":{\"@id\":\"https:\/\/hubsch-interior.com\/fr\/#organization\"},\"potentialAction\":[{\"@type\":\"SearchAction\",\"target\":{\"@type\":\"EntryPoint\",\"urlTemplate\":\"https:\/\/hubsch-interior.com\/fr\/?s={search_term_string}\"},\"query-input\":{\"@type\":\"PropertyValueSpecification\",\"valueRequired\":true,\"valueName\":\"search_term_string\"}}],\"inLanguage\":\"fr-FR\"},{\"@type\":\"Organization\",\"@id\":\"https:\/\/hubsch-interior.com\/fr\/#organization\",\"name\":\"H\u00fcbsch\",\"url\":\"https:\/\/hubsch-interior.com\/fr\/\",\"logo\":{\"@type\":\"ImageObject\",\"inLanguage\":\"fr-FR\",\"@id\":\"https:\/\/hubsch-interior.com\/fr\/#\/schema\/logo\/image\/\",\"url\":\"https:\/\/hubsch-interior.com\/wp-content\/uploads\/2022\/12\/Hubsch_logo_black_one_line.svg\",\"contentUrl\":\"https:\/\/hubsch-interior.com\/wp-content\/uploads\/2022\/12\/Hubsch_logo_black_one_line.svg\",\"caption\":\"H\u00fcbsch\"},\"image\":{\"@id\":\"https:\/\/hubsch-interior.com\/fr\/#\/schema\/logo\/image\/\"}}]}<\/script>\n<!-- \/ Yoast SEO plugin. -->","yoast_head_json":{"title":"Flicker Photophore Burgundy - H\u00fcbsch","description":"Le Flicker Photophore Violet est une d\u00e9licate pi\u00e8ce artisanale faite de verre. Sa couleur violet \u00e9clatant est s\u00fbre de captiver votre attention. Il est","robots":{"index":"index","follow":"follow","max-snippet":"max-snippet:-1","max-image-preview":"max-image-preview:large","max-video-preview":"max-video-preview:-1"},"canonical":"https:\/\/hubsch-interior.com\/fr\/wp-json\/wp\/v2\/product\/694385","og_locale":"fr_FR","og_type":"article","og_title":"Flicker Photophore Burgundy - H\u00fcbsch","og_description":"Le Flicker Photophore Violet est une d\u00e9licate pi\u00e8ce artisanale faite de verre. Sa couleur violet \u00e9clatant est s\u00fbre de captiver votre attention. Il est","og_url":"https:\/\/hubsch-interior.com\/fr\/produit\/flicker-photophore-burgundy\/","og_site_name":"H\u00fcbsch","article_modified_time":"2026-04-05T02:34:20+00:00","og_image":[{"width":1200,"height":1200,"url":"https:\/\/hubsch-interior.com\/wp-content\/uploads\/2023\/08\/flicker-tealight-holder-purple-a23b9714e5b93c7274aa451d108bac78.jpg","type":"image\/jpeg"}],"twitter_card":"summary_large_image","schema":{"@context":"https:\/\/schema.org","@graph":[{"@type":"WebPage","@id":"https:\/\/hubsch-interior.com\/fr\/produit\/flicker-photophore-burgundy\/","url":"https:\/\/hubsch-interior.com\/fr\/produit\/flicker-photophore-burgundy\/","name":"Flicker Photophore Burgundy - H\u00fcbsch","isPartOf":{"@id":"https:\/\/hubsch-interior.com\/fr\/#website"},"primaryImageOfPage":{"@id":"https:\/\/hubsch-interior.com\/fr\/produit\/flicker-photophore-burgundy\/#primaryimage"},"image":{"@id":"https:\/\/hubsch-interior.com\/fr\/produit\/flicker-photophore-burgundy\/#primaryimage"},"thumbnailUrl":"https:\/\/hubsch-interior.com\/wp-content\/uploads\/2026\/02\/flicker-tealight-holder-burgundy-2621662619433235ec9a22aeb9f34e94.jpg","datePublished":"2021-08-31T07:37:06+00:00","dateModified":"2026-04-05T02:34:20+00:00","description":"Le Flicker Photophore Violet est une d\u00e9licate pi\u00e8ce artisanale faite de verre. Sa couleur violet \u00e9clatant est s\u00fbre de captiver votre attention. Il est","breadcrumb":{"@id":"https:\/\/hubsch-interior.com\/fr\/produit\/flicker-photophore-burgundy\/#breadcrumb"},"inLanguage":"fr-FR","potentialAction":[{"@type":"ReadAction","target":["https:\/\/hubsch-interior.com\/fr\/produit\/flicker-photophore-burgundy\/"]}]},{"@type":"ImageObject","inLanguage":"fr-FR","@id":"https:\/\/hubsch-interior.com\/fr\/produit\/flicker-photophore-burgundy\/#primaryimage","url":"https:\/\/hubsch-interior.com\/wp-content\/uploads\/2026\/02\/flicker-tealight-holder-burgundy-2621662619433235ec9a22aeb9f34e94.jpg","contentUrl":"https:\/\/hubsch-interior.com\/wp-content\/uploads\/2026\/02\/flicker-tealight-holder-burgundy-2621662619433235ec9a22aeb9f34e94.jpg","width":1024,"height":1024},{"@type":"BreadcrumbList","@id":"https:\/\/hubsch-interior.com\/fr\/produit\/flicker-photophore-burgundy\/#breadcrumb","itemListElement":[{"@type":"ListItem","position":1,"name":"Page d'accueil","item":"https:\/\/hubsch-interior.com\/fr\/"},{"@type":"ListItem","position":2,"name":"Produits","item":"https:\/\/hubsch-interior.com\/fr\/shop-2\/"},{"@type":"ListItem","position":3,"name":"Accessoires maison","item":"https:\/\/hubsch-interior.com\/fr\/categorie-produit\/accessoires-maison\/"},{"@type":"ListItem","position":4,"name":"Bougeoirs &amp; lanternes","item":"https:\/\/hubsch-interior.com\/fr\/categorie-produit\/accessoires-maison\/bougeoirs-lanternes-fr\/"},{"@type":"ListItem","position":5,"name":"Bougeoirs et photophores","item":"https:\/\/hubsch-interior.com\/fr\/categorie-produit\/accessoires-maison\/bougeoirs-lanternes-fr\/bougeoirs-et-photophores-fr\/"},{"@type":"ListItem","position":6,"name":"Flicker Photophore Burgundy"}]},{"@type":"WebSite","@id":"https:\/\/hubsch-interior.com\/fr\/#website","url":"https:\/\/hubsch-interior.com\/fr\/","name":"H\u00fcbsch","description":"Danish Home Interior and Design","publisher":{"@id":"https:\/\/hubsch-interior.com\/fr\/#organization"},"potentialAction":[{"@type":"SearchAction","target":{"@type":"EntryPoint","urlTemplate":"https:\/\/hubsch-interior.com\/fr\/?s={search_term_string}"},"query-input":{"@type":"PropertyValueSpecification","valueRequired":true,"valueName":"search_term_string"}}],"inLanguage":"fr-FR"},{"@type":"Organization","@id":"https:\/\/hubsch-interior.com\/fr\/#organization","name":"H\u00fcbsch","url":"https:\/\/hubsch-interior.com\/fr\/","logo":{"@type":"ImageObject","inLanguage":"fr-FR","@id":"https:\/\/hubsch-interior.com\/fr\/#\/schema\/logo\/image\/","url":"https:\/\/hubsch-interior.com\/wp-content\/uploads\/2022\/12\/Hubsch_logo_black_one_line.svg","contentUrl":"https:\/\/hubsch-interior.com\/wp-content\/uploads\/2022\/12\/Hubsch_logo_black_one_line.svg","caption":"H\u00fcbsch"},"image":{"@id":"https:\/\/hubsch-interior.com\/fr\/#\/schema\/logo\/image\/"}}]}},"_links":{"self":[{"href":"https:\/\/hubsch-interior.com\/fr\/wp-json\/wp\/v2\/product\/694385","targetHints":{"allow":["GET"]}}],"collection":[{"href":"https:\/\/hubsch-interior.com\/fr\/wp-json\/wp\/v2\/product"}],"about":[{"href":"https:\/\/hubsch-interior.com\/fr\/wp-json\/wp\/v2\/types\/product"}],"wp:featuredmedia":[{"embeddable":true,"href":"https:\/\/hubsch-interior.com\/fr\/wp-json\/wp\/v2\/media\/1098106"}],"wp:attachment":[{"href":"https:\/\/hubsch-interior.com\/fr\/wp-json\/wp\/v2\/media?parent=694385"}],"wp:term":[{"taxonomy":"product_brand","embeddable":true,"href":"https:\/\/hubsch-interior.com\/fr\/wp-json\/wp\/v2\/product_brand?post=694385"},{"taxonomy":"product_cat","embeddable":true,"href":"https:\/\/hubsch-interior.com\/fr\/wp-json\/wp\/v2\/product_cat?post=694385"},{"taxonomy":"product_tag","embeddable":true,"href":"https:\/\/hubsch-interior.com\/fr\/wp-json\/wp\/v2\/product_tag?post=694385"}],"curies":[{"name":"wp","href":"https:\/\/api.w.org\/{rel}","templated":true}]}}