{"id":694393,"date":"2021-08-31T09:37:08","date_gmt":"2021-08-31T07:37:08","guid":{"rendered":"https:\/\/hubsch-interior.com\/shop-b2c\/product\/product\/"},"modified":"2026-04-09T04:34:31","modified_gmt":"2026-04-09T02:34:31","slug":"lunar-verre-a-eau-gris","status":"publish","type":"product","link":"https:\/\/hubsch-interior.com\/fr\/produit\/lunar-verre-a-eau-gris\/","title":{"rendered":"Lunar Verre \u00e0 eau Gris"},"content":{"rendered":"<p>Le Lunar Verre \u00e0 eau Gris Fum\u00e9 est un verre \u00e9l\u00e9gant et styl\u00e9 fabriqu\u00e9 en verre. Fabriqu\u00e9 \u00e0 partir d\u2019un mat\u00e9riau de qualit\u00e9 sup\u00e9rieure, ce verre est dot\u00e9 d\u2019une couleur gris fum\u00e9 \u00e9l\u00e9gante et intemporelle. Sa texture douce et lisse rend le verre agr\u00e9able \u00e0 tenir et \u00e0 boire. Id\u00e9al pour une utilisation \u00e0 la maison ou pour accompagner un repas sp\u00e9cial. Le Lunar Verre \u00e0 eau Gris Fum\u00e9 est le choix parfait pour votre verre \u00e0 boire.<\/p>\n","protected":false},"excerpt":{"rendered":"<p>Le Lunar Verre \u00e0 eau Gris Fum\u00e9 est un verre \u00e9l\u00e9gant et styl\u00e9 fabriqu\u00e9 en verre. Fabriqu\u00e9 \u00e0 partir d\u2019un mat\u00e9riau de qualit\u00e9 sup\u00e9rieure, ce verre est dot\u00e9 d\u2019une couleur gris fum\u00e9 \u00e9l\u00e9gante et intemporelle. Sa texture douce et lisse rend le verre agr\u00e9able \u00e0 tenir et \u00e0 boire. Id\u00e9al pour une utilisation \u00e0 la [&hellip;]<\/p>\n","protected":false},"featured_media":1098114,"template":"","meta":{"_acf_changed":false,"inline_featured_image":false},"product_brand":[],"product_cat":[4053,7027,4095,7033],"product_tag":[],"class_list":{"0":"post-694393","1":"product","2":"type-product","3":"status-publish","4":"has-post-thumbnail","6":"product_cat-accessoires-de-cuisine-fr","7":"product_cat-vaisselle-fr-2","8":"product_cat-vaisselle-fr","9":"product_cat-verres-et-carafes-fr","10":"product_shipping_class-pk","12":"pa_color-gris-2","13":"pa_material-verre-fr","15":"first","16":"instock","17":"taxable","18":"shipping-taxable","19":"purchasable","20":"product-type-simple"},"exclude_global_add_ons":[],"addons":[],"acf":[],"yoast_head":"<!-- This site is optimized with the Yoast SEO plugin v26.4 - https:\/\/yoast.com\/wordpress\/plugins\/seo\/ -->\n<title>Lunar Verre \u00e0 eau Gris - H\u00fcbsch<\/title>\n<meta name=\"description\" content=\"Le Lunar Verre \u00e0 eau Gris Fum\u00e9 est un verre \u00e9l\u00e9gant et styl\u00e9 fabriqu\u00e9 en verre. Fabriqu\u00e9 \u00e0 partir d\u2019un mat\u00e9riau de qualit\u00e9 sup\u00e9rieure, ce verre est dot\u00e9\" \/>\n<meta name=\"robots\" content=\"index, follow, max-snippet:-1, max-image-preview:large, max-video-preview:-1\" \/>\n<link rel=\"canonical\" href=\"https:\/\/hubsch-interior.com\/fr\/wp-json\/wp\/v2\/product\/694393\" \/>\n<meta property=\"og:locale\" content=\"fr_FR\" \/>\n<meta property=\"og:type\" content=\"article\" \/>\n<meta property=\"og:title\" content=\"Lunar Verre \u00e0 eau Gris - H\u00fcbsch\" \/>\n<meta property=\"og:description\" content=\"Le Lunar Verre \u00e0 eau Gris Fum\u00e9 est un verre \u00e9l\u00e9gant et styl\u00e9 fabriqu\u00e9 en verre. Fabriqu\u00e9 \u00e0 partir d\u2019un mat\u00e9riau de qualit\u00e9 sup\u00e9rieure, ce verre est dot\u00e9\" \/>\n<meta property=\"og:url\" content=\"https:\/\/hubsch-interior.com\/fr\/produit\/lunar-verre-a-eau-gris\/\" \/>\n<meta property=\"og:site_name\" content=\"H\u00fcbsch\" \/>\n<meta property=\"article:modified_time\" content=\"2026-04-09T02:34:31+00:00\" \/>\n<meta property=\"og:image\" content=\"https:\/\/hubsch-interior.com\/wp-content\/uploads\/2023\/08\/lunar-drinking-glass-smoked-384aed6e626b697e213b5d3bb7274b6a.jpg\" \/>\n\t<meta property=\"og:image:width\" content=\"1200\" \/>\n\t<meta property=\"og:image:height\" content=\"1200\" \/>\n\t<meta property=\"og:image:type\" content=\"image\/jpeg\" \/>\n<meta name=\"twitter:card\" content=\"summary_large_image\" \/>\n<script type=\"application\/ld+json\" class=\"yoast-schema-graph\">{\"@context\":\"https:\/\/schema.org\",\"@graph\":[{\"@type\":\"WebPage\",\"@id\":\"https:\/\/hubsch-interior.com\/fr\/produit\/lunar-verre-a-eau-gris\/\",\"url\":\"https:\/\/hubsch-interior.com\/fr\/produit\/lunar-verre-a-eau-gris\/\",\"name\":\"Lunar Verre \u00e0 eau Gris - H\u00fcbsch\",\"isPartOf\":{\"@id\":\"https:\/\/hubsch-interior.com\/fr\/#website\"},\"primaryImageOfPage\":{\"@id\":\"https:\/\/hubsch-interior.com\/fr\/produit\/lunar-verre-a-eau-gris\/#primaryimage\"},\"image\":{\"@id\":\"https:\/\/hubsch-interior.com\/fr\/produit\/lunar-verre-a-eau-gris\/#primaryimage\"},\"thumbnailUrl\":\"https:\/\/hubsch-interior.com\/wp-content\/uploads\/2026\/02\/lunar-drinking-glass-grey-d43831eb7560e7e6d2c4be925cee0765.jpg\",\"datePublished\":\"2021-08-31T07:37:08+00:00\",\"dateModified\":\"2026-04-09T02:34:31+00:00\",\"description\":\"Le Lunar Verre \u00e0 eau Gris Fum\u00e9 est un verre \u00e9l\u00e9gant et styl\u00e9 fabriqu\u00e9 en verre. Fabriqu\u00e9 \u00e0 partir d\u2019un mat\u00e9riau de qualit\u00e9 sup\u00e9rieure, ce verre est dot\u00e9\",\"breadcrumb\":{\"@id\":\"https:\/\/hubsch-interior.com\/fr\/produit\/lunar-verre-a-eau-gris\/#breadcrumb\"},\"inLanguage\":\"fr-FR\",\"potentialAction\":[{\"@type\":\"ReadAction\",\"target\":[\"https:\/\/hubsch-interior.com\/fr\/produit\/lunar-verre-a-eau-gris\/\"]}]},{\"@type\":\"ImageObject\",\"inLanguage\":\"fr-FR\",\"@id\":\"https:\/\/hubsch-interior.com\/fr\/produit\/lunar-verre-a-eau-gris\/#primaryimage\",\"url\":\"https:\/\/hubsch-interior.com\/wp-content\/uploads\/2026\/02\/lunar-drinking-glass-grey-d43831eb7560e7e6d2c4be925cee0765.jpg\",\"contentUrl\":\"https:\/\/hubsch-interior.com\/wp-content\/uploads\/2026\/02\/lunar-drinking-glass-grey-d43831eb7560e7e6d2c4be925cee0765.jpg\",\"width\":1024,\"height\":1024},{\"@type\":\"BreadcrumbList\",\"@id\":\"https:\/\/hubsch-interior.com\/fr\/produit\/lunar-verre-a-eau-gris\/#breadcrumb\",\"itemListElement\":[{\"@type\":\"ListItem\",\"position\":1,\"name\":\"Page d'accueil\",\"item\":\"https:\/\/hubsch-interior.com\/fr\/\"},{\"@type\":\"ListItem\",\"position\":2,\"name\":\"Produits\",\"item\":\"https:\/\/hubsch-interior.com\/fr\/shop-2\/\"},{\"@type\":\"ListItem\",\"position\":3,\"name\":\"Cuisine\",\"item\":\"https:\/\/hubsch-interior.com\/fr\/categorie-produit\/cuisine\/\"},{\"@type\":\"ListItem\",\"position\":4,\"name\":\"Vaisselle\",\"item\":\"https:\/\/hubsch-interior.com\/fr\/categorie-produit\/cuisine\/vaisselle-fr-2\/\"},{\"@type\":\"ListItem\",\"position\":5,\"name\":\"Verres et Carafes\",\"item\":\"https:\/\/hubsch-interior.com\/fr\/categorie-produit\/cuisine\/vaisselle-fr-2\/verres-et-carafes-fr\/\"},{\"@type\":\"ListItem\",\"position\":6,\"name\":\"Lunar Verre \u00e0 eau Gris\"}]},{\"@type\":\"WebSite\",\"@id\":\"https:\/\/hubsch-interior.com\/fr\/#website\",\"url\":\"https:\/\/hubsch-interior.com\/fr\/\",\"name\":\"H\u00fcbsch\",\"description\":\"Danish Home Interior and Design\",\"publisher\":{\"@id\":\"https:\/\/hubsch-interior.com\/fr\/#organization\"},\"potentialAction\":[{\"@type\":\"SearchAction\",\"target\":{\"@type\":\"EntryPoint\",\"urlTemplate\":\"https:\/\/hubsch-interior.com\/fr\/?s={search_term_string}\"},\"query-input\":{\"@type\":\"PropertyValueSpecification\",\"valueRequired\":true,\"valueName\":\"search_term_string\"}}],\"inLanguage\":\"fr-FR\"},{\"@type\":\"Organization\",\"@id\":\"https:\/\/hubsch-interior.com\/fr\/#organization\",\"name\":\"H\u00fcbsch\",\"url\":\"https:\/\/hubsch-interior.com\/fr\/\",\"logo\":{\"@type\":\"ImageObject\",\"inLanguage\":\"fr-FR\",\"@id\":\"https:\/\/hubsch-interior.com\/fr\/#\/schema\/logo\/image\/\",\"url\":\"https:\/\/hubsch-interior.com\/wp-content\/uploads\/2022\/12\/Hubsch_logo_black_one_line.svg\",\"contentUrl\":\"https:\/\/hubsch-interior.com\/wp-content\/uploads\/2022\/12\/Hubsch_logo_black_one_line.svg\",\"caption\":\"H\u00fcbsch\"},\"image\":{\"@id\":\"https:\/\/hubsch-interior.com\/fr\/#\/schema\/logo\/image\/\"}}]}<\/script>\n<!-- \/ Yoast SEO plugin. -->","yoast_head_json":{"title":"Lunar Verre \u00e0 eau Gris - H\u00fcbsch","description":"Le Lunar Verre \u00e0 eau Gris Fum\u00e9 est un verre \u00e9l\u00e9gant et styl\u00e9 fabriqu\u00e9 en verre. Fabriqu\u00e9 \u00e0 partir d\u2019un mat\u00e9riau de qualit\u00e9 sup\u00e9rieure, ce verre est dot\u00e9","robots":{"index":"index","follow":"follow","max-snippet":"max-snippet:-1","max-image-preview":"max-image-preview:large","max-video-preview":"max-video-preview:-1"},"canonical":"https:\/\/hubsch-interior.com\/fr\/wp-json\/wp\/v2\/product\/694393","og_locale":"fr_FR","og_type":"article","og_title":"Lunar Verre \u00e0 eau Gris - H\u00fcbsch","og_description":"Le Lunar Verre \u00e0 eau Gris Fum\u00e9 est un verre \u00e9l\u00e9gant et styl\u00e9 fabriqu\u00e9 en verre. Fabriqu\u00e9 \u00e0 partir d\u2019un mat\u00e9riau de qualit\u00e9 sup\u00e9rieure, ce verre est dot\u00e9","og_url":"https:\/\/hubsch-interior.com\/fr\/produit\/lunar-verre-a-eau-gris\/","og_site_name":"H\u00fcbsch","article_modified_time":"2026-04-09T02:34:31+00:00","og_image":[{"width":1200,"height":1200,"url":"https:\/\/hubsch-interior.com\/wp-content\/uploads\/2023\/08\/lunar-drinking-glass-smoked-384aed6e626b697e213b5d3bb7274b6a.jpg","type":"image\/jpeg"}],"twitter_card":"summary_large_image","schema":{"@context":"https:\/\/schema.org","@graph":[{"@type":"WebPage","@id":"https:\/\/hubsch-interior.com\/fr\/produit\/lunar-verre-a-eau-gris\/","url":"https:\/\/hubsch-interior.com\/fr\/produit\/lunar-verre-a-eau-gris\/","name":"Lunar Verre \u00e0 eau Gris - H\u00fcbsch","isPartOf":{"@id":"https:\/\/hubsch-interior.com\/fr\/#website"},"primaryImageOfPage":{"@id":"https:\/\/hubsch-interior.com\/fr\/produit\/lunar-verre-a-eau-gris\/#primaryimage"},"image":{"@id":"https:\/\/hubsch-interior.com\/fr\/produit\/lunar-verre-a-eau-gris\/#primaryimage"},"thumbnailUrl":"https:\/\/hubsch-interior.com\/wp-content\/uploads\/2026\/02\/lunar-drinking-glass-grey-d43831eb7560e7e6d2c4be925cee0765.jpg","datePublished":"2021-08-31T07:37:08+00:00","dateModified":"2026-04-09T02:34:31+00:00","description":"Le Lunar Verre \u00e0 eau Gris Fum\u00e9 est un verre \u00e9l\u00e9gant et styl\u00e9 fabriqu\u00e9 en verre. Fabriqu\u00e9 \u00e0 partir d\u2019un mat\u00e9riau de qualit\u00e9 sup\u00e9rieure, ce verre est dot\u00e9","breadcrumb":{"@id":"https:\/\/hubsch-interior.com\/fr\/produit\/lunar-verre-a-eau-gris\/#breadcrumb"},"inLanguage":"fr-FR","potentialAction":[{"@type":"ReadAction","target":["https:\/\/hubsch-interior.com\/fr\/produit\/lunar-verre-a-eau-gris\/"]}]},{"@type":"ImageObject","inLanguage":"fr-FR","@id":"https:\/\/hubsch-interior.com\/fr\/produit\/lunar-verre-a-eau-gris\/#primaryimage","url":"https:\/\/hubsch-interior.com\/wp-content\/uploads\/2026\/02\/lunar-drinking-glass-grey-d43831eb7560e7e6d2c4be925cee0765.jpg","contentUrl":"https:\/\/hubsch-interior.com\/wp-content\/uploads\/2026\/02\/lunar-drinking-glass-grey-d43831eb7560e7e6d2c4be925cee0765.jpg","width":1024,"height":1024},{"@type":"BreadcrumbList","@id":"https:\/\/hubsch-interior.com\/fr\/produit\/lunar-verre-a-eau-gris\/#breadcrumb","itemListElement":[{"@type":"ListItem","position":1,"name":"Page d'accueil","item":"https:\/\/hubsch-interior.com\/fr\/"},{"@type":"ListItem","position":2,"name":"Produits","item":"https:\/\/hubsch-interior.com\/fr\/shop-2\/"},{"@type":"ListItem","position":3,"name":"Cuisine","item":"https:\/\/hubsch-interior.com\/fr\/categorie-produit\/cuisine\/"},{"@type":"ListItem","position":4,"name":"Vaisselle","item":"https:\/\/hubsch-interior.com\/fr\/categorie-produit\/cuisine\/vaisselle-fr-2\/"},{"@type":"ListItem","position":5,"name":"Verres et Carafes","item":"https:\/\/hubsch-interior.com\/fr\/categorie-produit\/cuisine\/vaisselle-fr-2\/verres-et-carafes-fr\/"},{"@type":"ListItem","position":6,"name":"Lunar Verre \u00e0 eau Gris"}]},{"@type":"WebSite","@id":"https:\/\/hubsch-interior.com\/fr\/#website","url":"https:\/\/hubsch-interior.com\/fr\/","name":"H\u00fcbsch","description":"Danish Home Interior and Design","publisher":{"@id":"https:\/\/hubsch-interior.com\/fr\/#organization"},"potentialAction":[{"@type":"SearchAction","target":{"@type":"EntryPoint","urlTemplate":"https:\/\/hubsch-interior.com\/fr\/?s={search_term_string}"},"query-input":{"@type":"PropertyValueSpecification","valueRequired":true,"valueName":"search_term_string"}}],"inLanguage":"fr-FR"},{"@type":"Organization","@id":"https:\/\/hubsch-interior.com\/fr\/#organization","name":"H\u00fcbsch","url":"https:\/\/hubsch-interior.com\/fr\/","logo":{"@type":"ImageObject","inLanguage":"fr-FR","@id":"https:\/\/hubsch-interior.com\/fr\/#\/schema\/logo\/image\/","url":"https:\/\/hubsch-interior.com\/wp-content\/uploads\/2022\/12\/Hubsch_logo_black_one_line.svg","contentUrl":"https:\/\/hubsch-interior.com\/wp-content\/uploads\/2022\/12\/Hubsch_logo_black_one_line.svg","caption":"H\u00fcbsch"},"image":{"@id":"https:\/\/hubsch-interior.com\/fr\/#\/schema\/logo\/image\/"}}]}},"_links":{"self":[{"href":"https:\/\/hubsch-interior.com\/fr\/wp-json\/wp\/v2\/product\/694393","targetHints":{"allow":["GET"]}}],"collection":[{"href":"https:\/\/hubsch-interior.com\/fr\/wp-json\/wp\/v2\/product"}],"about":[{"href":"https:\/\/hubsch-interior.com\/fr\/wp-json\/wp\/v2\/types\/product"}],"wp:featuredmedia":[{"embeddable":true,"href":"https:\/\/hubsch-interior.com\/fr\/wp-json\/wp\/v2\/media\/1098114"}],"wp:attachment":[{"href":"https:\/\/hubsch-interior.com\/fr\/wp-json\/wp\/v2\/media?parent=694393"}],"wp:term":[{"taxonomy":"product_brand","embeddable":true,"href":"https:\/\/hubsch-interior.com\/fr\/wp-json\/wp\/v2\/product_brand?post=694393"},{"taxonomy":"product_cat","embeddable":true,"href":"https:\/\/hubsch-interior.com\/fr\/wp-json\/wp\/v2\/product_cat?post=694393"},{"taxonomy":"product_tag","embeddable":true,"href":"https:\/\/hubsch-interior.com\/fr\/wp-json\/wp\/v2\/product_tag?post=694393"}],"curies":[{"name":"wp","href":"https:\/\/api.w.org\/{rel}","templated":true}]}}