{"id":694401,"date":"2021-08-31T09:37:12","date_gmt":"2021-08-31T07:37:12","guid":{"rendered":"https:\/\/hubsch-interior.com\/shop-b2c\/product\/product\/"},"modified":"2026-04-09T04:34:35","modified_gmt":"2026-04-09T02:34:35","slug":"lunar-verre-a-eau-transparent","status":"publish","type":"product","link":"https:\/\/hubsch-interior.com\/fr\/produit\/lunar-verre-a-eau-transparent\/","title":{"rendered":"Lunar Verre \u00e0 eau Transparent"},"content":{"rendered":"<p>Le Lunar Verre \u00e0 eau Transparent est le compagnon id\u00e9al pour tous vos besoins en mati\u00e8re de boisson. Fabriqu\u00e9 en verre, le verre est l\u00e9ger et transparent, ce qui vous permet de voir tr\u00e8s clairement ce que vous buvez. Avec un design \u00e9l\u00e9gant et \u00e9pur\u00e9, c&#8217;est un excellent choix pour toutes les occasions. Utilisez-le \u00e0 table pour vos boissons pr\u00e9f\u00e9r\u00e9es et profitez de ses avantages!<\/p>\n","protected":false},"excerpt":{"rendered":"<p>Le Lunar Verre \u00e0 eau Transparent est le compagnon id\u00e9al pour tous vos besoins en mati\u00e8re de boisson. Fabriqu\u00e9 en verre, le verre est l\u00e9ger et transparent, ce qui vous permet de voir tr\u00e8s clairement ce que vous buvez. Avec un design \u00e9l\u00e9gant et \u00e9pur\u00e9, c&#8217;est un excellent choix pour toutes les occasions. Utilisez-le \u00e0 [&hellip;]<\/p>\n","protected":false},"featured_media":1098118,"template":"","meta":{"_acf_changed":false,"inline_featured_image":false},"product_brand":[],"product_cat":[4053,5026,4095,7027,7033],"product_tag":[],"class_list":{"0":"post-694401","1":"product","2":"type-product","3":"status-publish","4":"has-post-thumbnail","6":"product_cat-accessoires-de-cuisine-fr","7":"product_cat-bestsellers-fr","8":"product_cat-vaisselle-fr","9":"product_cat-vaisselle-fr-2","10":"product_cat-verres-et-carafes-fr","11":"product_shipping_class-pk","13":"pa_color-transparent","14":"pa_material-verre-fr","16":"first","17":"instock","18":"featured","19":"taxable","20":"shipping-taxable","21":"purchasable","22":"product-type-simple"},"exclude_global_add_ons":[],"addons":[],"acf":[],"yoast_head":"<!-- This site is optimized with the Yoast SEO plugin v26.4 - https:\/\/yoast.com\/wordpress\/plugins\/seo\/ -->\n<title>Lunar Verre \u00e0 eau Transparent - H\u00fcbsch<\/title>\n<meta name=\"description\" content=\"Le Lunar Verre \u00e0 eau Transparent est le compagnon id\u00e9al pour tous vos besoins en mati\u00e8re de boisson. Fabriqu\u00e9 en verre, le verre est l\u00e9ger et transparent,\" \/>\n<meta name=\"robots\" content=\"index, follow, max-snippet:-1, max-image-preview:large, max-video-preview:-1\" \/>\n<link rel=\"canonical\" href=\"https:\/\/hubsch-interior.com\/fr\/wp-json\/wp\/v2\/product\/694401\" \/>\n<meta property=\"og:locale\" content=\"fr_FR\" \/>\n<meta property=\"og:type\" content=\"article\" \/>\n<meta property=\"og:title\" content=\"Lunar Verre \u00e0 eau Transparent - H\u00fcbsch\" \/>\n<meta property=\"og:description\" content=\"Le Lunar Verre \u00e0 eau Transparent est le compagnon id\u00e9al pour tous vos besoins en mati\u00e8re de boisson. Fabriqu\u00e9 en verre, le verre est l\u00e9ger et transparent,\" \/>\n<meta property=\"og:url\" content=\"https:\/\/hubsch-interior.com\/fr\/produit\/lunar-verre-a-eau-transparent\/\" \/>\n<meta property=\"og:site_name\" content=\"H\u00fcbsch\" \/>\n<meta property=\"article:modified_time\" content=\"2026-04-09T02:34:35+00:00\" \/>\n<meta property=\"og:image\" content=\"https:\/\/hubsch-interior.com\/wp-content\/uploads\/2023\/08\/lunar-drinking-glass-clear-47684947806d5df421f1c8126f686ab3.jpg\" \/>\n\t<meta property=\"og:image:width\" content=\"1200\" \/>\n\t<meta property=\"og:image:height\" content=\"1200\" \/>\n\t<meta property=\"og:image:type\" content=\"image\/jpeg\" \/>\n<meta name=\"twitter:card\" content=\"summary_large_image\" \/>\n<script type=\"application\/ld+json\" class=\"yoast-schema-graph\">{\"@context\":\"https:\/\/schema.org\",\"@graph\":[{\"@type\":\"WebPage\",\"@id\":\"https:\/\/hubsch-interior.com\/fr\/produit\/lunar-verre-a-eau-transparent\/\",\"url\":\"https:\/\/hubsch-interior.com\/fr\/produit\/lunar-verre-a-eau-transparent\/\",\"name\":\"Lunar Verre \u00e0 eau Transparent - H\u00fcbsch\",\"isPartOf\":{\"@id\":\"https:\/\/hubsch-interior.com\/fr\/#website\"},\"primaryImageOfPage\":{\"@id\":\"https:\/\/hubsch-interior.com\/fr\/produit\/lunar-verre-a-eau-transparent\/#primaryimage\"},\"image\":{\"@id\":\"https:\/\/hubsch-interior.com\/fr\/produit\/lunar-verre-a-eau-transparent\/#primaryimage\"},\"thumbnailUrl\":\"https:\/\/hubsch-interior.com\/wp-content\/uploads\/2026\/02\/lunar-drinking-glass-clear-7fdf7b8961475b36147bce95b76f84f5.jpg\",\"datePublished\":\"2021-08-31T07:37:12+00:00\",\"dateModified\":\"2026-04-09T02:34:35+00:00\",\"description\":\"Le Lunar Verre \u00e0 eau Transparent est le compagnon id\u00e9al pour tous vos besoins en mati\u00e8re de boisson. Fabriqu\u00e9 en verre, le verre est l\u00e9ger et transparent,\",\"breadcrumb\":{\"@id\":\"https:\/\/hubsch-interior.com\/fr\/produit\/lunar-verre-a-eau-transparent\/#breadcrumb\"},\"inLanguage\":\"fr-FR\",\"potentialAction\":[{\"@type\":\"ReadAction\",\"target\":[\"https:\/\/hubsch-interior.com\/fr\/produit\/lunar-verre-a-eau-transparent\/\"]}]},{\"@type\":\"ImageObject\",\"inLanguage\":\"fr-FR\",\"@id\":\"https:\/\/hubsch-interior.com\/fr\/produit\/lunar-verre-a-eau-transparent\/#primaryimage\",\"url\":\"https:\/\/hubsch-interior.com\/wp-content\/uploads\/2026\/02\/lunar-drinking-glass-clear-7fdf7b8961475b36147bce95b76f84f5.jpg\",\"contentUrl\":\"https:\/\/hubsch-interior.com\/wp-content\/uploads\/2026\/02\/lunar-drinking-glass-clear-7fdf7b8961475b36147bce95b76f84f5.jpg\",\"width\":1024,\"height\":1024},{\"@type\":\"BreadcrumbList\",\"@id\":\"https:\/\/hubsch-interior.com\/fr\/produit\/lunar-verre-a-eau-transparent\/#breadcrumb\",\"itemListElement\":[{\"@type\":\"ListItem\",\"position\":1,\"name\":\"Page d'accueil\",\"item\":\"https:\/\/hubsch-interior.com\/fr\/\"},{\"@type\":\"ListItem\",\"position\":2,\"name\":\"Produits\",\"item\":\"https:\/\/hubsch-interior.com\/fr\/shop-2\/\"},{\"@type\":\"ListItem\",\"position\":3,\"name\":\"Cuisine\",\"item\":\"https:\/\/hubsch-interior.com\/fr\/categorie-produit\/cuisine\/\"},{\"@type\":\"ListItem\",\"position\":4,\"name\":\"Vaisselle\",\"item\":\"https:\/\/hubsch-interior.com\/fr\/categorie-produit\/cuisine\/vaisselle-fr-2\/\"},{\"@type\":\"ListItem\",\"position\":5,\"name\":\"Verres et Carafes\",\"item\":\"https:\/\/hubsch-interior.com\/fr\/categorie-produit\/cuisine\/vaisselle-fr-2\/verres-et-carafes-fr\/\"},{\"@type\":\"ListItem\",\"position\":6,\"name\":\"Lunar Verre \u00e0 eau Transparent\"}]},{\"@type\":\"WebSite\",\"@id\":\"https:\/\/hubsch-interior.com\/fr\/#website\",\"url\":\"https:\/\/hubsch-interior.com\/fr\/\",\"name\":\"H\u00fcbsch\",\"description\":\"Danish Home Interior and Design\",\"publisher\":{\"@id\":\"https:\/\/hubsch-interior.com\/fr\/#organization\"},\"potentialAction\":[{\"@type\":\"SearchAction\",\"target\":{\"@type\":\"EntryPoint\",\"urlTemplate\":\"https:\/\/hubsch-interior.com\/fr\/?s={search_term_string}\"},\"query-input\":{\"@type\":\"PropertyValueSpecification\",\"valueRequired\":true,\"valueName\":\"search_term_string\"}}],\"inLanguage\":\"fr-FR\"},{\"@type\":\"Organization\",\"@id\":\"https:\/\/hubsch-interior.com\/fr\/#organization\",\"name\":\"H\u00fcbsch\",\"url\":\"https:\/\/hubsch-interior.com\/fr\/\",\"logo\":{\"@type\":\"ImageObject\",\"inLanguage\":\"fr-FR\",\"@id\":\"https:\/\/hubsch-interior.com\/fr\/#\/schema\/logo\/image\/\",\"url\":\"https:\/\/hubsch-interior.com\/wp-content\/uploads\/2022\/12\/Hubsch_logo_black_one_line.svg\",\"contentUrl\":\"https:\/\/hubsch-interior.com\/wp-content\/uploads\/2022\/12\/Hubsch_logo_black_one_line.svg\",\"caption\":\"H\u00fcbsch\"},\"image\":{\"@id\":\"https:\/\/hubsch-interior.com\/fr\/#\/schema\/logo\/image\/\"}}]}<\/script>\n<!-- \/ Yoast SEO plugin. -->","yoast_head_json":{"title":"Lunar Verre \u00e0 eau Transparent - H\u00fcbsch","description":"Le Lunar Verre \u00e0 eau Transparent est le compagnon id\u00e9al pour tous vos besoins en mati\u00e8re de boisson. Fabriqu\u00e9 en verre, le verre est l\u00e9ger et transparent,","robots":{"index":"index","follow":"follow","max-snippet":"max-snippet:-1","max-image-preview":"max-image-preview:large","max-video-preview":"max-video-preview:-1"},"canonical":"https:\/\/hubsch-interior.com\/fr\/wp-json\/wp\/v2\/product\/694401","og_locale":"fr_FR","og_type":"article","og_title":"Lunar Verre \u00e0 eau Transparent - H\u00fcbsch","og_description":"Le Lunar Verre \u00e0 eau Transparent est le compagnon id\u00e9al pour tous vos besoins en mati\u00e8re de boisson. Fabriqu\u00e9 en verre, le verre est l\u00e9ger et transparent,","og_url":"https:\/\/hubsch-interior.com\/fr\/produit\/lunar-verre-a-eau-transparent\/","og_site_name":"H\u00fcbsch","article_modified_time":"2026-04-09T02:34:35+00:00","og_image":[{"width":1200,"height":1200,"url":"https:\/\/hubsch-interior.com\/wp-content\/uploads\/2023\/08\/lunar-drinking-glass-clear-47684947806d5df421f1c8126f686ab3.jpg","type":"image\/jpeg"}],"twitter_card":"summary_large_image","schema":{"@context":"https:\/\/schema.org","@graph":[{"@type":"WebPage","@id":"https:\/\/hubsch-interior.com\/fr\/produit\/lunar-verre-a-eau-transparent\/","url":"https:\/\/hubsch-interior.com\/fr\/produit\/lunar-verre-a-eau-transparent\/","name":"Lunar Verre \u00e0 eau Transparent - H\u00fcbsch","isPartOf":{"@id":"https:\/\/hubsch-interior.com\/fr\/#website"},"primaryImageOfPage":{"@id":"https:\/\/hubsch-interior.com\/fr\/produit\/lunar-verre-a-eau-transparent\/#primaryimage"},"image":{"@id":"https:\/\/hubsch-interior.com\/fr\/produit\/lunar-verre-a-eau-transparent\/#primaryimage"},"thumbnailUrl":"https:\/\/hubsch-interior.com\/wp-content\/uploads\/2026\/02\/lunar-drinking-glass-clear-7fdf7b8961475b36147bce95b76f84f5.jpg","datePublished":"2021-08-31T07:37:12+00:00","dateModified":"2026-04-09T02:34:35+00:00","description":"Le Lunar Verre \u00e0 eau Transparent est le compagnon id\u00e9al pour tous vos besoins en mati\u00e8re de boisson. Fabriqu\u00e9 en verre, le verre est l\u00e9ger et transparent,","breadcrumb":{"@id":"https:\/\/hubsch-interior.com\/fr\/produit\/lunar-verre-a-eau-transparent\/#breadcrumb"},"inLanguage":"fr-FR","potentialAction":[{"@type":"ReadAction","target":["https:\/\/hubsch-interior.com\/fr\/produit\/lunar-verre-a-eau-transparent\/"]}]},{"@type":"ImageObject","inLanguage":"fr-FR","@id":"https:\/\/hubsch-interior.com\/fr\/produit\/lunar-verre-a-eau-transparent\/#primaryimage","url":"https:\/\/hubsch-interior.com\/wp-content\/uploads\/2026\/02\/lunar-drinking-glass-clear-7fdf7b8961475b36147bce95b76f84f5.jpg","contentUrl":"https:\/\/hubsch-interior.com\/wp-content\/uploads\/2026\/02\/lunar-drinking-glass-clear-7fdf7b8961475b36147bce95b76f84f5.jpg","width":1024,"height":1024},{"@type":"BreadcrumbList","@id":"https:\/\/hubsch-interior.com\/fr\/produit\/lunar-verre-a-eau-transparent\/#breadcrumb","itemListElement":[{"@type":"ListItem","position":1,"name":"Page d'accueil","item":"https:\/\/hubsch-interior.com\/fr\/"},{"@type":"ListItem","position":2,"name":"Produits","item":"https:\/\/hubsch-interior.com\/fr\/shop-2\/"},{"@type":"ListItem","position":3,"name":"Cuisine","item":"https:\/\/hubsch-interior.com\/fr\/categorie-produit\/cuisine\/"},{"@type":"ListItem","position":4,"name":"Vaisselle","item":"https:\/\/hubsch-interior.com\/fr\/categorie-produit\/cuisine\/vaisselle-fr-2\/"},{"@type":"ListItem","position":5,"name":"Verres et Carafes","item":"https:\/\/hubsch-interior.com\/fr\/categorie-produit\/cuisine\/vaisselle-fr-2\/verres-et-carafes-fr\/"},{"@type":"ListItem","position":6,"name":"Lunar Verre \u00e0 eau Transparent"}]},{"@type":"WebSite","@id":"https:\/\/hubsch-interior.com\/fr\/#website","url":"https:\/\/hubsch-interior.com\/fr\/","name":"H\u00fcbsch","description":"Danish Home Interior and Design","publisher":{"@id":"https:\/\/hubsch-interior.com\/fr\/#organization"},"potentialAction":[{"@type":"SearchAction","target":{"@type":"EntryPoint","urlTemplate":"https:\/\/hubsch-interior.com\/fr\/?s={search_term_string}"},"query-input":{"@type":"PropertyValueSpecification","valueRequired":true,"valueName":"search_term_string"}}],"inLanguage":"fr-FR"},{"@type":"Organization","@id":"https:\/\/hubsch-interior.com\/fr\/#organization","name":"H\u00fcbsch","url":"https:\/\/hubsch-interior.com\/fr\/","logo":{"@type":"ImageObject","inLanguage":"fr-FR","@id":"https:\/\/hubsch-interior.com\/fr\/#\/schema\/logo\/image\/","url":"https:\/\/hubsch-interior.com\/wp-content\/uploads\/2022\/12\/Hubsch_logo_black_one_line.svg","contentUrl":"https:\/\/hubsch-interior.com\/wp-content\/uploads\/2022\/12\/Hubsch_logo_black_one_line.svg","caption":"H\u00fcbsch"},"image":{"@id":"https:\/\/hubsch-interior.com\/fr\/#\/schema\/logo\/image\/"}}]}},"_links":{"self":[{"href":"https:\/\/hubsch-interior.com\/fr\/wp-json\/wp\/v2\/product\/694401","targetHints":{"allow":["GET"]}}],"collection":[{"href":"https:\/\/hubsch-interior.com\/fr\/wp-json\/wp\/v2\/product"}],"about":[{"href":"https:\/\/hubsch-interior.com\/fr\/wp-json\/wp\/v2\/types\/product"}],"wp:featuredmedia":[{"embeddable":true,"href":"https:\/\/hubsch-interior.com\/fr\/wp-json\/wp\/v2\/media\/1098118"}],"wp:attachment":[{"href":"https:\/\/hubsch-interior.com\/fr\/wp-json\/wp\/v2\/media?parent=694401"}],"wp:term":[{"taxonomy":"product_brand","embeddable":true,"href":"https:\/\/hubsch-interior.com\/fr\/wp-json\/wp\/v2\/product_brand?post=694401"},{"taxonomy":"product_cat","embeddable":true,"href":"https:\/\/hubsch-interior.com\/fr\/wp-json\/wp\/v2\/product_cat?post=694401"},{"taxonomy":"product_tag","embeddable":true,"href":"https:\/\/hubsch-interior.com\/fr\/wp-json\/wp\/v2\/product_tag?post=694401"}],"curies":[{"name":"wp","href":"https:\/\/api.w.org\/{rel}","templated":true}]}}