{"id":694589,"date":"2021-08-31T09:41:26","date_gmt":"2021-08-31T07:41:26","guid":{"rendered":"https:\/\/hubsch-interior.com\/shop-b2c\/product\/product\/"},"modified":"2026-04-09T04:40:30","modified_gmt":"2026-04-09T02:40:30","slug":"loft-cadre-chaine-large-noir","status":"publish","type":"product","link":"https:\/\/hubsch-interior.com\/fr\/produit\/loft-cadre-chaine-large-noir\/","title":{"rendered":"Loft Cadre Chaine Large Noir"},"content":{"rendered":"<p>Le Loft Cadre Chaine Large Noir est un accessoire d\u00e9coratif parfait pour int\u00e9grer de la modernit\u00e9 \u00e0 votre maison. Fabriqu\u00e9 en verre et m\u00e9tal, ce cadre est solide et durable et offre une touche d&#8217;\u00e9l\u00e9gance suppl\u00e9mentaire \u00e0 la pi\u00e8ce. Sa cha\u00eene en m\u00e9tal noir et sa finition mate lui donnent un look contemporain. Ce cadre est parfait pour afficher vos plus beaux souvenirs et les conserver pour des ann\u00e9es \u00e0 venir.<\/p>\n","protected":false},"excerpt":{"rendered":"<p>Le Loft Cadre Chaine Large Noir est un accessoire d\u00e9coratif parfait pour int\u00e9grer de la modernit\u00e9 \u00e0 votre maison. Fabriqu\u00e9 en verre et m\u00e9tal, ce cadre est solide et durable et offre une touche d&#8217;\u00e9l\u00e9gance suppl\u00e9mentaire \u00e0 la pi\u00e8ce. Sa cha\u00eene en m\u00e9tal noir et sa finition mate lui donnent un look contemporain. Ce cadre [&hellip;]<\/p>\n","protected":false},"featured_media":1099760,"template":"","meta":{"_acf_changed":false,"inline_featured_image":false},"product_brand":[],"product_cat":[3116,4936,5026],"product_tag":[],"class_list":{"0":"post-694589","1":"product","2":"type-product","3":"status-publish","4":"has-post-thumbnail","6":"product_cat-decoration-murale-fr","7":"product_cat-cadres-fr","8":"product_cat-bestsellers-fr","9":"product_shipping_class-pk","11":"pa_color-noir","12":"pa_material-fer-fr","13":"pa_material-verre-fr","15":"first","16":"instock","17":"featured","18":"taxable","19":"shipping-taxable","20":"purchasable","21":"product-type-simple"},"exclude_global_add_ons":[],"addons":[],"acf":[],"yoast_head":"<!-- This site is optimized with the Yoast SEO plugin v26.4 - https:\/\/yoast.com\/wordpress\/plugins\/seo\/ -->\n<title>Loft Cadre Chaine Large Noir - H\u00fcbsch<\/title>\n<meta name=\"description\" content=\"Le Loft Cadre Chaine Large Noir est un accessoire d\u00e9coratif parfait pour int\u00e9grer de la modernit\u00e9 \u00e0 votre maison. Fabriqu\u00e9 en verre et m\u00e9tal, ce cadre est\" \/>\n<meta name=\"robots\" content=\"index, follow, max-snippet:-1, max-image-preview:large, max-video-preview:-1\" \/>\n<link rel=\"canonical\" href=\"https:\/\/hubsch-interior.com\/fr\/wp-json\/wp\/v2\/product\/694589\" \/>\n<meta property=\"og:locale\" content=\"fr_FR\" \/>\n<meta property=\"og:type\" content=\"article\" \/>\n<meta property=\"og:title\" content=\"Loft Cadre Chaine Large Noir - H\u00fcbsch\" \/>\n<meta property=\"og:description\" content=\"Le Loft Cadre Chaine Large Noir est un accessoire d\u00e9coratif parfait pour int\u00e9grer de la modernit\u00e9 \u00e0 votre maison. Fabriqu\u00e9 en verre et m\u00e9tal, ce cadre est\" \/>\n<meta property=\"og:url\" content=\"https:\/\/hubsch-interior.com\/fr\/produit\/loft-cadre-chaine-large-noir\/\" \/>\n<meta property=\"og:site_name\" content=\"H\u00fcbsch\" \/>\n<meta property=\"article:modified_time\" content=\"2026-04-09T02:40:30+00:00\" \/>\n<meta property=\"og:image\" content=\"https:\/\/hubsch-interior.com\/wp-content\/uploads\/2024\/01\/loft-frame-chained-large-black-5b196f9dd3ea1d3645a1071d9b6be85f.jpg\" \/>\n\t<meta property=\"og:image:width\" content=\"1200\" \/>\n\t<meta property=\"og:image:height\" content=\"1200\" \/>\n\t<meta property=\"og:image:type\" content=\"image\/jpeg\" \/>\n<meta name=\"twitter:card\" content=\"summary_large_image\" \/>\n<script type=\"application\/ld+json\" class=\"yoast-schema-graph\">{\"@context\":\"https:\/\/schema.org\",\"@graph\":[{\"@type\":\"WebPage\",\"@id\":\"https:\/\/hubsch-interior.com\/fr\/produit\/loft-cadre-chaine-large-noir\/\",\"url\":\"https:\/\/hubsch-interior.com\/fr\/produit\/loft-cadre-chaine-large-noir\/\",\"name\":\"Loft Cadre Chaine Large Noir - H\u00fcbsch\",\"isPartOf\":{\"@id\":\"https:\/\/hubsch-interior.com\/fr\/#website\"},\"primaryImageOfPage\":{\"@id\":\"https:\/\/hubsch-interior.com\/fr\/produit\/loft-cadre-chaine-large-noir\/#primaryimage\"},\"image\":{\"@id\":\"https:\/\/hubsch-interior.com\/fr\/produit\/loft-cadre-chaine-large-noir\/#primaryimage\"},\"thumbnailUrl\":\"https:\/\/hubsch-interior.com\/wp-content\/uploads\/2026\/02\/loft-frame-chained-large-black-b4843a3d8efc774af6c57a9a5b61020a.jpg\",\"datePublished\":\"2021-08-31T07:41:26+00:00\",\"dateModified\":\"2026-04-09T02:40:30+00:00\",\"description\":\"Le Loft Cadre Chaine Large Noir est un accessoire d\u00e9coratif parfait pour int\u00e9grer de la modernit\u00e9 \u00e0 votre maison. Fabriqu\u00e9 en verre et m\u00e9tal, ce cadre est\",\"breadcrumb\":{\"@id\":\"https:\/\/hubsch-interior.com\/fr\/produit\/loft-cadre-chaine-large-noir\/#breadcrumb\"},\"inLanguage\":\"fr-FR\",\"potentialAction\":[{\"@type\":\"ReadAction\",\"target\":[\"https:\/\/hubsch-interior.com\/fr\/produit\/loft-cadre-chaine-large-noir\/\"]}]},{\"@type\":\"ImageObject\",\"inLanguage\":\"fr-FR\",\"@id\":\"https:\/\/hubsch-interior.com\/fr\/produit\/loft-cadre-chaine-large-noir\/#primaryimage\",\"url\":\"https:\/\/hubsch-interior.com\/wp-content\/uploads\/2026\/02\/loft-frame-chained-large-black-b4843a3d8efc774af6c57a9a5b61020a.jpg\",\"contentUrl\":\"https:\/\/hubsch-interior.com\/wp-content\/uploads\/2026\/02\/loft-frame-chained-large-black-b4843a3d8efc774af6c57a9a5b61020a.jpg\",\"width\":1024,\"height\":1024},{\"@type\":\"BreadcrumbList\",\"@id\":\"https:\/\/hubsch-interior.com\/fr\/produit\/loft-cadre-chaine-large-noir\/#breadcrumb\",\"itemListElement\":[{\"@type\":\"ListItem\",\"position\":1,\"name\":\"Page d'accueil\",\"item\":\"https:\/\/hubsch-interior.com\/fr\/\"},{\"@type\":\"ListItem\",\"position\":2,\"name\":\"Produits\",\"item\":\"https:\/\/hubsch-interior.com\/fr\/shop-2\/\"},{\"@type\":\"ListItem\",\"position\":3,\"name\":\"Accessoires maison\",\"item\":\"https:\/\/hubsch-interior.com\/fr\/categorie-produit\/accessoires-maison\/\"},{\"@type\":\"ListItem\",\"position\":4,\"name\":\"D&eacute;coration murale\",\"item\":\"https:\/\/hubsch-interior.com\/fr\/categorie-produit\/accessoires-maison\/decoration-murale-fr\/\"},{\"@type\":\"ListItem\",\"position\":5,\"name\":\"Cadres\",\"item\":\"https:\/\/hubsch-interior.com\/fr\/categorie-produit\/accessoires-maison\/decoration-murale-fr\/cadres-fr\/\"},{\"@type\":\"ListItem\",\"position\":6,\"name\":\"Loft Cadre Chaine Large Noir\"}]},{\"@type\":\"WebSite\",\"@id\":\"https:\/\/hubsch-interior.com\/fr\/#website\",\"url\":\"https:\/\/hubsch-interior.com\/fr\/\",\"name\":\"H\u00fcbsch\",\"description\":\"Danish Home Interior and Design\",\"publisher\":{\"@id\":\"https:\/\/hubsch-interior.com\/fr\/#organization\"},\"potentialAction\":[{\"@type\":\"SearchAction\",\"target\":{\"@type\":\"EntryPoint\",\"urlTemplate\":\"https:\/\/hubsch-interior.com\/fr\/?s={search_term_string}\"},\"query-input\":{\"@type\":\"PropertyValueSpecification\",\"valueRequired\":true,\"valueName\":\"search_term_string\"}}],\"inLanguage\":\"fr-FR\"},{\"@type\":\"Organization\",\"@id\":\"https:\/\/hubsch-interior.com\/fr\/#organization\",\"name\":\"H\u00fcbsch\",\"url\":\"https:\/\/hubsch-interior.com\/fr\/\",\"logo\":{\"@type\":\"ImageObject\",\"inLanguage\":\"fr-FR\",\"@id\":\"https:\/\/hubsch-interior.com\/fr\/#\/schema\/logo\/image\/\",\"url\":\"https:\/\/hubsch-interior.com\/wp-content\/uploads\/2022\/12\/Hubsch_logo_black_one_line.svg\",\"contentUrl\":\"https:\/\/hubsch-interior.com\/wp-content\/uploads\/2022\/12\/Hubsch_logo_black_one_line.svg\",\"caption\":\"H\u00fcbsch\"},\"image\":{\"@id\":\"https:\/\/hubsch-interior.com\/fr\/#\/schema\/logo\/image\/\"}}]}<\/script>\n<!-- \/ Yoast SEO plugin. -->","yoast_head_json":{"title":"Loft Cadre Chaine Large Noir - H\u00fcbsch","description":"Le Loft Cadre Chaine Large Noir est un accessoire d\u00e9coratif parfait pour int\u00e9grer de la modernit\u00e9 \u00e0 votre maison. Fabriqu\u00e9 en verre et m\u00e9tal, ce cadre est","robots":{"index":"index","follow":"follow","max-snippet":"max-snippet:-1","max-image-preview":"max-image-preview:large","max-video-preview":"max-video-preview:-1"},"canonical":"https:\/\/hubsch-interior.com\/fr\/wp-json\/wp\/v2\/product\/694589","og_locale":"fr_FR","og_type":"article","og_title":"Loft Cadre Chaine Large Noir - H\u00fcbsch","og_description":"Le Loft Cadre Chaine Large Noir est un accessoire d\u00e9coratif parfait pour int\u00e9grer de la modernit\u00e9 \u00e0 votre maison. Fabriqu\u00e9 en verre et m\u00e9tal, ce cadre est","og_url":"https:\/\/hubsch-interior.com\/fr\/produit\/loft-cadre-chaine-large-noir\/","og_site_name":"H\u00fcbsch","article_modified_time":"2026-04-09T02:40:30+00:00","og_image":[{"width":1200,"height":1200,"url":"https:\/\/hubsch-interior.com\/wp-content\/uploads\/2024\/01\/loft-frame-chained-large-black-5b196f9dd3ea1d3645a1071d9b6be85f.jpg","type":"image\/jpeg"}],"twitter_card":"summary_large_image","schema":{"@context":"https:\/\/schema.org","@graph":[{"@type":"WebPage","@id":"https:\/\/hubsch-interior.com\/fr\/produit\/loft-cadre-chaine-large-noir\/","url":"https:\/\/hubsch-interior.com\/fr\/produit\/loft-cadre-chaine-large-noir\/","name":"Loft Cadre Chaine Large Noir - H\u00fcbsch","isPartOf":{"@id":"https:\/\/hubsch-interior.com\/fr\/#website"},"primaryImageOfPage":{"@id":"https:\/\/hubsch-interior.com\/fr\/produit\/loft-cadre-chaine-large-noir\/#primaryimage"},"image":{"@id":"https:\/\/hubsch-interior.com\/fr\/produit\/loft-cadre-chaine-large-noir\/#primaryimage"},"thumbnailUrl":"https:\/\/hubsch-interior.com\/wp-content\/uploads\/2026\/02\/loft-frame-chained-large-black-b4843a3d8efc774af6c57a9a5b61020a.jpg","datePublished":"2021-08-31T07:41:26+00:00","dateModified":"2026-04-09T02:40:30+00:00","description":"Le Loft Cadre Chaine Large Noir est un accessoire d\u00e9coratif parfait pour int\u00e9grer de la modernit\u00e9 \u00e0 votre maison. Fabriqu\u00e9 en verre et m\u00e9tal, ce cadre est","breadcrumb":{"@id":"https:\/\/hubsch-interior.com\/fr\/produit\/loft-cadre-chaine-large-noir\/#breadcrumb"},"inLanguage":"fr-FR","potentialAction":[{"@type":"ReadAction","target":["https:\/\/hubsch-interior.com\/fr\/produit\/loft-cadre-chaine-large-noir\/"]}]},{"@type":"ImageObject","inLanguage":"fr-FR","@id":"https:\/\/hubsch-interior.com\/fr\/produit\/loft-cadre-chaine-large-noir\/#primaryimage","url":"https:\/\/hubsch-interior.com\/wp-content\/uploads\/2026\/02\/loft-frame-chained-large-black-b4843a3d8efc774af6c57a9a5b61020a.jpg","contentUrl":"https:\/\/hubsch-interior.com\/wp-content\/uploads\/2026\/02\/loft-frame-chained-large-black-b4843a3d8efc774af6c57a9a5b61020a.jpg","width":1024,"height":1024},{"@type":"BreadcrumbList","@id":"https:\/\/hubsch-interior.com\/fr\/produit\/loft-cadre-chaine-large-noir\/#breadcrumb","itemListElement":[{"@type":"ListItem","position":1,"name":"Page d'accueil","item":"https:\/\/hubsch-interior.com\/fr\/"},{"@type":"ListItem","position":2,"name":"Produits","item":"https:\/\/hubsch-interior.com\/fr\/shop-2\/"},{"@type":"ListItem","position":3,"name":"Accessoires maison","item":"https:\/\/hubsch-interior.com\/fr\/categorie-produit\/accessoires-maison\/"},{"@type":"ListItem","position":4,"name":"D&eacute;coration murale","item":"https:\/\/hubsch-interior.com\/fr\/categorie-produit\/accessoires-maison\/decoration-murale-fr\/"},{"@type":"ListItem","position":5,"name":"Cadres","item":"https:\/\/hubsch-interior.com\/fr\/categorie-produit\/accessoires-maison\/decoration-murale-fr\/cadres-fr\/"},{"@type":"ListItem","position":6,"name":"Loft Cadre Chaine Large Noir"}]},{"@type":"WebSite","@id":"https:\/\/hubsch-interior.com\/fr\/#website","url":"https:\/\/hubsch-interior.com\/fr\/","name":"H\u00fcbsch","description":"Danish Home Interior and Design","publisher":{"@id":"https:\/\/hubsch-interior.com\/fr\/#organization"},"potentialAction":[{"@type":"SearchAction","target":{"@type":"EntryPoint","urlTemplate":"https:\/\/hubsch-interior.com\/fr\/?s={search_term_string}"},"query-input":{"@type":"PropertyValueSpecification","valueRequired":true,"valueName":"search_term_string"}}],"inLanguage":"fr-FR"},{"@type":"Organization","@id":"https:\/\/hubsch-interior.com\/fr\/#organization","name":"H\u00fcbsch","url":"https:\/\/hubsch-interior.com\/fr\/","logo":{"@type":"ImageObject","inLanguage":"fr-FR","@id":"https:\/\/hubsch-interior.com\/fr\/#\/schema\/logo\/image\/","url":"https:\/\/hubsch-interior.com\/wp-content\/uploads\/2022\/12\/Hubsch_logo_black_one_line.svg","contentUrl":"https:\/\/hubsch-interior.com\/wp-content\/uploads\/2022\/12\/Hubsch_logo_black_one_line.svg","caption":"H\u00fcbsch"},"image":{"@id":"https:\/\/hubsch-interior.com\/fr\/#\/schema\/logo\/image\/"}}]}},"_links":{"self":[{"href":"https:\/\/hubsch-interior.com\/fr\/wp-json\/wp\/v2\/product\/694589","targetHints":{"allow":["GET"]}}],"collection":[{"href":"https:\/\/hubsch-interior.com\/fr\/wp-json\/wp\/v2\/product"}],"about":[{"href":"https:\/\/hubsch-interior.com\/fr\/wp-json\/wp\/v2\/types\/product"}],"wp:featuredmedia":[{"embeddable":true,"href":"https:\/\/hubsch-interior.com\/fr\/wp-json\/wp\/v2\/media\/1099760"}],"wp:attachment":[{"href":"https:\/\/hubsch-interior.com\/fr\/wp-json\/wp\/v2\/media?parent=694589"}],"wp:term":[{"taxonomy":"product_brand","embeddable":true,"href":"https:\/\/hubsch-interior.com\/fr\/wp-json\/wp\/v2\/product_brand?post=694589"},{"taxonomy":"product_cat","embeddable":true,"href":"https:\/\/hubsch-interior.com\/fr\/wp-json\/wp\/v2\/product_cat?post=694589"},{"taxonomy":"product_tag","embeddable":true,"href":"https:\/\/hubsch-interior.com\/fr\/wp-json\/wp\/v2\/product_tag?post=694589"}],"curies":[{"name":"wp","href":"https:\/\/api.w.org\/{rel}","templated":true}]}}