{"id":694669,"date":"2021-08-31T09:42:50","date_gmt":"2021-08-31T07:42:50","guid":{"rendered":"https:\/\/hubsch-interior.com\/shop-b2c\/product\/product\/"},"modified":"2026-04-05T04:41:12","modified_gmt":"2026-04-05T02:41:12","slug":"rhomb-tapis-blanc-burgundy","status":"publish","type":"product","link":"https:\/\/hubsch-interior.com\/fr\/produit\/rhomb-tapis-blanc-burgundy\/","title":{"rendered":"Rhomb Tapis Blanc\/Burgundy"},"content":{"rendered":"<p>Le Rhomb Tapis Gris\/Burgundy est un tapis \u00e9l\u00e9gant et intemporel fait de polyester. Con\u00e7u pour s&#8217;adapter \u00e0 tous les int\u00e9rieurs, ce tapis tiss\u00e9 offre une couleur gris et bordeaux qui s&#8217;accordera \u00e0 votre d\u00e9cor. Sa texture douce et moelleuse offre un confort durable et vous fera sentir \u00e0 l&#8217;aise. Disponible dans des tailles diff\u00e9rentes, le Rhomb Tapis Gris\/Burgundy est le choix parfait pour une maison chaleureuse et moderne.<\/p>\n","protected":false},"excerpt":{"rendered":"<p>Le Rhomb Tapis Gris\/Burgundy est un tapis \u00e9l\u00e9gant et intemporel fait de polyester. Con\u00e7u pour s&#8217;adapter \u00e0 tous les int\u00e9rieurs, ce tapis tiss\u00e9 offre une couleur gris et bordeaux qui s&#8217;accordera \u00e0 votre d\u00e9cor. Sa texture douce et moelleuse offre un confort durable et vous fera sentir \u00e0 l&#8217;aise. Disponible dans des tailles diff\u00e9rentes, le [&hellip;]<\/p>\n","protected":false},"featured_media":1099940,"template":"","meta":{"_acf_changed":false,"inline_featured_image":false},"product_brand":[],"product_cat":[3002,3324,5026],"product_tag":[],"class_list":{"0":"post-694669","1":"product","2":"type-product","3":"status-publish","4":"has-post-thumbnail","6":"product_cat-textile","7":"product_cat-tapis-fr","8":"product_cat-bestsellers-fr","9":"product_shipping_class-pk","11":"pa_color-blanc","12":"pa_color-burgundy-fr","13":"pa_material-polyester-100-fr","15":"first","16":"instock","17":"featured","18":"taxable","19":"shipping-taxable","20":"purchasable","21":"product-type-simple"},"exclude_global_add_ons":[],"addons":[],"acf":[],"yoast_head":"<!-- This site is optimized with the Yoast SEO plugin v26.4 - https:\/\/yoast.com\/wordpress\/plugins\/seo\/ -->\n<title>Rhomb Tapis Blanc\/Burgundy - H\u00fcbsch<\/title>\n<meta name=\"description\" content=\"Le Rhomb Tapis Gris\/Burgundy est un tapis \u00e9l\u00e9gant et intemporel fait de polyester. Con\u00e7u pour s&#039;adapter \u00e0 tous les int\u00e9rieurs, ce tapis tiss\u00e9 offre une\" \/>\n<meta name=\"robots\" content=\"index, follow, max-snippet:-1, max-image-preview:large, max-video-preview:-1\" \/>\n<link rel=\"canonical\" href=\"https:\/\/hubsch-interior.com\/fr\/wp-json\/wp\/v2\/product\/694669\" \/>\n<meta property=\"og:locale\" content=\"fr_FR\" \/>\n<meta property=\"og:type\" content=\"article\" \/>\n<meta property=\"og:title\" content=\"Rhomb Tapis Blanc\/Burgundy - H\u00fcbsch\" \/>\n<meta property=\"og:description\" content=\"Le Rhomb Tapis Gris\/Burgundy est un tapis \u00e9l\u00e9gant et intemporel fait de polyester. Con\u00e7u pour s&#039;adapter \u00e0 tous les int\u00e9rieurs, ce tapis tiss\u00e9 offre une\" \/>\n<meta property=\"og:url\" content=\"https:\/\/hubsch-interior.com\/fr\/produit\/rhomb-tapis-blanc-burgundy\/\" \/>\n<meta property=\"og:site_name\" content=\"H\u00fcbsch\" \/>\n<meta property=\"article:modified_time\" content=\"2026-04-05T02:41:12+00:00\" \/>\n<meta property=\"og:image\" content=\"https:\/\/hubsch-interior.com\/wp-content\/uploads\/2024\/01\/rhomb-rug-whiteburgundy-bf7a9d18477466e1115396e9f3fde5c1.jpg\" \/>\n\t<meta property=\"og:image:width\" content=\"1200\" \/>\n\t<meta property=\"og:image:height\" content=\"1200\" \/>\n\t<meta property=\"og:image:type\" content=\"image\/jpeg\" \/>\n<meta name=\"twitter:card\" content=\"summary_large_image\" \/>\n<script type=\"application\/ld+json\" class=\"yoast-schema-graph\">{\"@context\":\"https:\/\/schema.org\",\"@graph\":[{\"@type\":\"WebPage\",\"@id\":\"https:\/\/hubsch-interior.com\/fr\/produit\/rhomb-tapis-blanc-burgundy\/\",\"url\":\"https:\/\/hubsch-interior.com\/fr\/produit\/rhomb-tapis-blanc-burgundy\/\",\"name\":\"Rhomb Tapis Blanc\/Burgundy - H\u00fcbsch\",\"isPartOf\":{\"@id\":\"https:\/\/hubsch-interior.com\/fr\/#website\"},\"primaryImageOfPage\":{\"@id\":\"https:\/\/hubsch-interior.com\/fr\/produit\/rhomb-tapis-blanc-burgundy\/#primaryimage\"},\"image\":{\"@id\":\"https:\/\/hubsch-interior.com\/fr\/produit\/rhomb-tapis-blanc-burgundy\/#primaryimage\"},\"thumbnailUrl\":\"https:\/\/hubsch-interior.com\/wp-content\/uploads\/2026\/02\/rhomb-rug-whiteburgundy-5498d76a9f065c5cbf2f94968f68baff.jpg\",\"datePublished\":\"2021-08-31T07:42:50+00:00\",\"dateModified\":\"2026-04-05T02:41:12+00:00\",\"description\":\"Le Rhomb Tapis Gris\/Burgundy est un tapis \u00e9l\u00e9gant et intemporel fait de polyester. Con\u00e7u pour s'adapter \u00e0 tous les int\u00e9rieurs, ce tapis tiss\u00e9 offre une\",\"breadcrumb\":{\"@id\":\"https:\/\/hubsch-interior.com\/fr\/produit\/rhomb-tapis-blanc-burgundy\/#breadcrumb\"},\"inLanguage\":\"fr-FR\",\"potentialAction\":[{\"@type\":\"ReadAction\",\"target\":[\"https:\/\/hubsch-interior.com\/fr\/produit\/rhomb-tapis-blanc-burgundy\/\"]}]},{\"@type\":\"ImageObject\",\"inLanguage\":\"fr-FR\",\"@id\":\"https:\/\/hubsch-interior.com\/fr\/produit\/rhomb-tapis-blanc-burgundy\/#primaryimage\",\"url\":\"https:\/\/hubsch-interior.com\/wp-content\/uploads\/2026\/02\/rhomb-rug-whiteburgundy-5498d76a9f065c5cbf2f94968f68baff.jpg\",\"contentUrl\":\"https:\/\/hubsch-interior.com\/wp-content\/uploads\/2026\/02\/rhomb-rug-whiteburgundy-5498d76a9f065c5cbf2f94968f68baff.jpg\",\"width\":1024,\"height\":1024},{\"@type\":\"BreadcrumbList\",\"@id\":\"https:\/\/hubsch-interior.com\/fr\/produit\/rhomb-tapis-blanc-burgundy\/#breadcrumb\",\"itemListElement\":[{\"@type\":\"ListItem\",\"position\":1,\"name\":\"Page d'accueil\",\"item\":\"https:\/\/hubsch-interior.com\/fr\/\"},{\"@type\":\"ListItem\",\"position\":2,\"name\":\"Produits\",\"item\":\"https:\/\/hubsch-interior.com\/fr\/shop-2\/\"},{\"@type\":\"ListItem\",\"position\":3,\"name\":\"Textiles\",\"item\":\"https:\/\/hubsch-interior.com\/fr\/categorie-produit\/textile\/\"},{\"@type\":\"ListItem\",\"position\":4,\"name\":\"Tapis\",\"item\":\"https:\/\/hubsch-interior.com\/fr\/categorie-produit\/textile\/tapis-fr\/\"},{\"@type\":\"ListItem\",\"position\":5,\"name\":\"Rhomb Tapis Blanc\/Burgundy\"}]},{\"@type\":\"WebSite\",\"@id\":\"https:\/\/hubsch-interior.com\/fr\/#website\",\"url\":\"https:\/\/hubsch-interior.com\/fr\/\",\"name\":\"H\u00fcbsch\",\"description\":\"Danish Home Interior and Design\",\"publisher\":{\"@id\":\"https:\/\/hubsch-interior.com\/fr\/#organization\"},\"potentialAction\":[{\"@type\":\"SearchAction\",\"target\":{\"@type\":\"EntryPoint\",\"urlTemplate\":\"https:\/\/hubsch-interior.com\/fr\/?s={search_term_string}\"},\"query-input\":{\"@type\":\"PropertyValueSpecification\",\"valueRequired\":true,\"valueName\":\"search_term_string\"}}],\"inLanguage\":\"fr-FR\"},{\"@type\":\"Organization\",\"@id\":\"https:\/\/hubsch-interior.com\/fr\/#organization\",\"name\":\"H\u00fcbsch\",\"url\":\"https:\/\/hubsch-interior.com\/fr\/\",\"logo\":{\"@type\":\"ImageObject\",\"inLanguage\":\"fr-FR\",\"@id\":\"https:\/\/hubsch-interior.com\/fr\/#\/schema\/logo\/image\/\",\"url\":\"https:\/\/hubsch-interior.com\/wp-content\/uploads\/2022\/12\/Hubsch_logo_black_one_line.svg\",\"contentUrl\":\"https:\/\/hubsch-interior.com\/wp-content\/uploads\/2022\/12\/Hubsch_logo_black_one_line.svg\",\"caption\":\"H\u00fcbsch\"},\"image\":{\"@id\":\"https:\/\/hubsch-interior.com\/fr\/#\/schema\/logo\/image\/\"}}]}<\/script>\n<!-- \/ Yoast SEO plugin. -->","yoast_head_json":{"title":"Rhomb Tapis Blanc\/Burgundy - H\u00fcbsch","description":"Le Rhomb Tapis Gris\/Burgundy est un tapis \u00e9l\u00e9gant et intemporel fait de polyester. Con\u00e7u pour s'adapter \u00e0 tous les int\u00e9rieurs, ce tapis tiss\u00e9 offre une","robots":{"index":"index","follow":"follow","max-snippet":"max-snippet:-1","max-image-preview":"max-image-preview:large","max-video-preview":"max-video-preview:-1"},"canonical":"https:\/\/hubsch-interior.com\/fr\/wp-json\/wp\/v2\/product\/694669","og_locale":"fr_FR","og_type":"article","og_title":"Rhomb Tapis Blanc\/Burgundy - H\u00fcbsch","og_description":"Le Rhomb Tapis Gris\/Burgundy est un tapis \u00e9l\u00e9gant et intemporel fait de polyester. Con\u00e7u pour s'adapter \u00e0 tous les int\u00e9rieurs, ce tapis tiss\u00e9 offre une","og_url":"https:\/\/hubsch-interior.com\/fr\/produit\/rhomb-tapis-blanc-burgundy\/","og_site_name":"H\u00fcbsch","article_modified_time":"2026-04-05T02:41:12+00:00","og_image":[{"width":1200,"height":1200,"url":"https:\/\/hubsch-interior.com\/wp-content\/uploads\/2024\/01\/rhomb-rug-whiteburgundy-bf7a9d18477466e1115396e9f3fde5c1.jpg","type":"image\/jpeg"}],"twitter_card":"summary_large_image","schema":{"@context":"https:\/\/schema.org","@graph":[{"@type":"WebPage","@id":"https:\/\/hubsch-interior.com\/fr\/produit\/rhomb-tapis-blanc-burgundy\/","url":"https:\/\/hubsch-interior.com\/fr\/produit\/rhomb-tapis-blanc-burgundy\/","name":"Rhomb Tapis Blanc\/Burgundy - H\u00fcbsch","isPartOf":{"@id":"https:\/\/hubsch-interior.com\/fr\/#website"},"primaryImageOfPage":{"@id":"https:\/\/hubsch-interior.com\/fr\/produit\/rhomb-tapis-blanc-burgundy\/#primaryimage"},"image":{"@id":"https:\/\/hubsch-interior.com\/fr\/produit\/rhomb-tapis-blanc-burgundy\/#primaryimage"},"thumbnailUrl":"https:\/\/hubsch-interior.com\/wp-content\/uploads\/2026\/02\/rhomb-rug-whiteburgundy-5498d76a9f065c5cbf2f94968f68baff.jpg","datePublished":"2021-08-31T07:42:50+00:00","dateModified":"2026-04-05T02:41:12+00:00","description":"Le Rhomb Tapis Gris\/Burgundy est un tapis \u00e9l\u00e9gant et intemporel fait de polyester. Con\u00e7u pour s'adapter \u00e0 tous les int\u00e9rieurs, ce tapis tiss\u00e9 offre une","breadcrumb":{"@id":"https:\/\/hubsch-interior.com\/fr\/produit\/rhomb-tapis-blanc-burgundy\/#breadcrumb"},"inLanguage":"fr-FR","potentialAction":[{"@type":"ReadAction","target":["https:\/\/hubsch-interior.com\/fr\/produit\/rhomb-tapis-blanc-burgundy\/"]}]},{"@type":"ImageObject","inLanguage":"fr-FR","@id":"https:\/\/hubsch-interior.com\/fr\/produit\/rhomb-tapis-blanc-burgundy\/#primaryimage","url":"https:\/\/hubsch-interior.com\/wp-content\/uploads\/2026\/02\/rhomb-rug-whiteburgundy-5498d76a9f065c5cbf2f94968f68baff.jpg","contentUrl":"https:\/\/hubsch-interior.com\/wp-content\/uploads\/2026\/02\/rhomb-rug-whiteburgundy-5498d76a9f065c5cbf2f94968f68baff.jpg","width":1024,"height":1024},{"@type":"BreadcrumbList","@id":"https:\/\/hubsch-interior.com\/fr\/produit\/rhomb-tapis-blanc-burgundy\/#breadcrumb","itemListElement":[{"@type":"ListItem","position":1,"name":"Page d'accueil","item":"https:\/\/hubsch-interior.com\/fr\/"},{"@type":"ListItem","position":2,"name":"Produits","item":"https:\/\/hubsch-interior.com\/fr\/shop-2\/"},{"@type":"ListItem","position":3,"name":"Textiles","item":"https:\/\/hubsch-interior.com\/fr\/categorie-produit\/textile\/"},{"@type":"ListItem","position":4,"name":"Tapis","item":"https:\/\/hubsch-interior.com\/fr\/categorie-produit\/textile\/tapis-fr\/"},{"@type":"ListItem","position":5,"name":"Rhomb Tapis Blanc\/Burgundy"}]},{"@type":"WebSite","@id":"https:\/\/hubsch-interior.com\/fr\/#website","url":"https:\/\/hubsch-interior.com\/fr\/","name":"H\u00fcbsch","description":"Danish Home Interior and Design","publisher":{"@id":"https:\/\/hubsch-interior.com\/fr\/#organization"},"potentialAction":[{"@type":"SearchAction","target":{"@type":"EntryPoint","urlTemplate":"https:\/\/hubsch-interior.com\/fr\/?s={search_term_string}"},"query-input":{"@type":"PropertyValueSpecification","valueRequired":true,"valueName":"search_term_string"}}],"inLanguage":"fr-FR"},{"@type":"Organization","@id":"https:\/\/hubsch-interior.com\/fr\/#organization","name":"H\u00fcbsch","url":"https:\/\/hubsch-interior.com\/fr\/","logo":{"@type":"ImageObject","inLanguage":"fr-FR","@id":"https:\/\/hubsch-interior.com\/fr\/#\/schema\/logo\/image\/","url":"https:\/\/hubsch-interior.com\/wp-content\/uploads\/2022\/12\/Hubsch_logo_black_one_line.svg","contentUrl":"https:\/\/hubsch-interior.com\/wp-content\/uploads\/2022\/12\/Hubsch_logo_black_one_line.svg","caption":"H\u00fcbsch"},"image":{"@id":"https:\/\/hubsch-interior.com\/fr\/#\/schema\/logo\/image\/"}}]}},"_links":{"self":[{"href":"https:\/\/hubsch-interior.com\/fr\/wp-json\/wp\/v2\/product\/694669","targetHints":{"allow":["GET"]}}],"collection":[{"href":"https:\/\/hubsch-interior.com\/fr\/wp-json\/wp\/v2\/product"}],"about":[{"href":"https:\/\/hubsch-interior.com\/fr\/wp-json\/wp\/v2\/types\/product"}],"wp:featuredmedia":[{"embeddable":true,"href":"https:\/\/hubsch-interior.com\/fr\/wp-json\/wp\/v2\/media\/1099940"}],"wp:attachment":[{"href":"https:\/\/hubsch-interior.com\/fr\/wp-json\/wp\/v2\/media?parent=694669"}],"wp:term":[{"taxonomy":"product_brand","embeddable":true,"href":"https:\/\/hubsch-interior.com\/fr\/wp-json\/wp\/v2\/product_brand?post=694669"},{"taxonomy":"product_cat","embeddable":true,"href":"https:\/\/hubsch-interior.com\/fr\/wp-json\/wp\/v2\/product_cat?post=694669"},{"taxonomy":"product_tag","embeddable":true,"href":"https:\/\/hubsch-interior.com\/fr\/wp-json\/wp\/v2\/product_tag?post=694669"}],"curies":[{"name":"wp","href":"https:\/\/api.w.org\/{rel}","templated":true}]}}