{"id":694713,"date":"2021-08-31T09:44:59","date_gmt":"2021-08-31T07:44:59","guid":{"rendered":"https:\/\/hubsch-interior.com\/shop-b2c\/product\/product\/"},"modified":"2026-04-09T04:45:33","modified_gmt":"2026-04-09T02:45:33","slug":"mix-bougeoir-vert-naturel-set-de-2","status":"publish","type":"product","link":"https:\/\/hubsch-interior.com\/fr\/produit\/mix-bougeoir-vert-naturel-set-de-2\/","title":{"rendered":"Mix Bougeoir Vert\/Naturel (set de 2)"},"content":{"rendered":"<p>Mix Bougeoir Vert\/Naturel (set de 2) permet \u00e0 chacun de cr\u00e9er l&#8217;ambiance qu&#8217;ils d\u00e9sirent. Cr\u00e9\u00e9s avec une combinaison de bambou et de c\u00e9ramique, ces bougeoirs offrent une touche naturelle et \u00e9l\u00e9gante \u00e0 n&#8217;importe quelle pi\u00e8ce de votre maison. Ces pi\u00e8ces uniques sont disponibles en deux couleurs: vert et naturel. Elles sont parfaites pour ajouter une lumi\u00e8re douce et intime \u00e0 votre salon, chambre ou bureau. Les hauteurs des bougeoirs sont diff\u00e9rentes pour cr\u00e9er une composition dynamique et int\u00e9ressante. Des bougies sont incluses pour illuminer votre maison imm\u00e9diatement.<\/p>\n","protected":false},"excerpt":{"rendered":"<p>Mix Bougeoir Vert\/Naturel (set de 2) permet \u00e0 chacun de cr\u00e9er l&#8217;ambiance qu&#8217;ils d\u00e9sirent. Cr\u00e9\u00e9s avec une combinaison de bambou et de c\u00e9ramique, ces bougeoirs offrent une touche naturelle et \u00e9l\u00e9gante \u00e0 n&#8217;importe quelle pi\u00e8ce de votre maison. Ces pi\u00e8ces uniques sont disponibles en deux couleurs: vert et naturel. Elles sont parfaites pour ajouter une [&hellip;]<\/p>\n","protected":false},"featured_media":1101120,"template":"","meta":{"_acf_changed":false,"inline_featured_image":false},"product_brand":[],"product_cat":[4065,4066],"product_tag":[],"class_list":{"0":"post-694713","1":"product","2":"type-product","3":"status-publish","4":"has-post-thumbnail","6":"product_cat-bougeoirs-lanternes-fr","7":"product_cat-bougeoirs-et-photophores-fr","8":"product_shipping_class-pk","10":"pa_color-naturel","11":"pa_color-vert-2","12":"pa_material-bambou-fr","13":"pa_material-cramique","15":"first","16":"instock","17":"taxable","18":"shipping-taxable","19":"purchasable","20":"product-type-simple"},"exclude_global_add_ons":[],"addons":[],"acf":[],"yoast_head":"<!-- This site is optimized with the Yoast SEO plugin v26.4 - https:\/\/yoast.com\/wordpress\/plugins\/seo\/ -->\n<title>Mix Bougeoir Vert\/Naturel (set de 2) - H\u00fcbsch<\/title>\n<meta name=\"description\" content=\"Mix Bougeoir Vert\/Naturel (set de 2) permet \u00e0 chacun de cr\u00e9er l&#039;ambiance qu&#039;ils d\u00e9sirent. Cr\u00e9\u00e9s avec une combinaison de bambou et de c\u00e9ramique, ces\" \/>\n<meta name=\"robots\" content=\"index, follow, max-snippet:-1, max-image-preview:large, max-video-preview:-1\" \/>\n<link rel=\"canonical\" href=\"https:\/\/hubsch-interior.com\/fr\/wp-json\/wp\/v2\/product\/694713\" \/>\n<meta property=\"og:locale\" content=\"fr_FR\" \/>\n<meta property=\"og:type\" content=\"article\" \/>\n<meta property=\"og:title\" content=\"Mix Bougeoir Vert\/Naturel (set de 2) - H\u00fcbsch\" \/>\n<meta property=\"og:description\" content=\"Mix Bougeoir Vert\/Naturel (set de 2) permet \u00e0 chacun de cr\u00e9er l&#039;ambiance qu&#039;ils d\u00e9sirent. Cr\u00e9\u00e9s avec une combinaison de bambou et de c\u00e9ramique, ces\" \/>\n<meta property=\"og:url\" content=\"https:\/\/hubsch-interior.com\/fr\/produit\/mix-bougeoir-vert-naturel-set-de-2\/\" \/>\n<meta property=\"og:site_name\" content=\"H\u00fcbsch\" \/>\n<meta property=\"article:modified_time\" content=\"2026-04-09T02:45:33+00:00\" \/>\n<meta property=\"og:image\" content=\"https:\/\/hubsch-interior.com\/wp-content\/uploads\/2024\/01\/mix-candlestick-greennatural-set-of-2-4bc22768cb575daed8cbf589b8c287f4.jpg\" \/>\n\t<meta property=\"og:image:width\" content=\"1200\" \/>\n\t<meta property=\"og:image:height\" content=\"1200\" \/>\n\t<meta property=\"og:image:type\" content=\"image\/jpeg\" \/>\n<meta name=\"twitter:card\" content=\"summary_large_image\" \/>\n<script type=\"application\/ld+json\" class=\"yoast-schema-graph\">{\"@context\":\"https:\/\/schema.org\",\"@graph\":[{\"@type\":\"WebPage\",\"@id\":\"https:\/\/hubsch-interior.com\/fr\/produit\/mix-bougeoir-vert-naturel-set-de-2\/\",\"url\":\"https:\/\/hubsch-interior.com\/fr\/produit\/mix-bougeoir-vert-naturel-set-de-2\/\",\"name\":\"Mix Bougeoir Vert\/Naturel (set de 2) - H\u00fcbsch\",\"isPartOf\":{\"@id\":\"https:\/\/hubsch-interior.com\/fr\/#website\"},\"primaryImageOfPage\":{\"@id\":\"https:\/\/hubsch-interior.com\/fr\/produit\/mix-bougeoir-vert-naturel-set-de-2\/#primaryimage\"},\"image\":{\"@id\":\"https:\/\/hubsch-interior.com\/fr\/produit\/mix-bougeoir-vert-naturel-set-de-2\/#primaryimage\"},\"thumbnailUrl\":\"https:\/\/hubsch-interior.com\/wp-content\/uploads\/2026\/02\/mix-candlestick-greennatural-set-of-2-b6f2076895e6c889e5e4fdfcf5ef8eb6.jpg\",\"datePublished\":\"2021-08-31T07:44:59+00:00\",\"dateModified\":\"2026-04-09T02:45:33+00:00\",\"description\":\"Mix Bougeoir Vert\/Naturel (set de 2) permet \u00e0 chacun de cr\u00e9er l'ambiance qu'ils d\u00e9sirent. Cr\u00e9\u00e9s avec une combinaison de bambou et de c\u00e9ramique, ces\",\"breadcrumb\":{\"@id\":\"https:\/\/hubsch-interior.com\/fr\/produit\/mix-bougeoir-vert-naturel-set-de-2\/#breadcrumb\"},\"inLanguage\":\"fr-FR\",\"potentialAction\":[{\"@type\":\"ReadAction\",\"target\":[\"https:\/\/hubsch-interior.com\/fr\/produit\/mix-bougeoir-vert-naturel-set-de-2\/\"]}]},{\"@type\":\"ImageObject\",\"inLanguage\":\"fr-FR\",\"@id\":\"https:\/\/hubsch-interior.com\/fr\/produit\/mix-bougeoir-vert-naturel-set-de-2\/#primaryimage\",\"url\":\"https:\/\/hubsch-interior.com\/wp-content\/uploads\/2026\/02\/mix-candlestick-greennatural-set-of-2-b6f2076895e6c889e5e4fdfcf5ef8eb6.jpg\",\"contentUrl\":\"https:\/\/hubsch-interior.com\/wp-content\/uploads\/2026\/02\/mix-candlestick-greennatural-set-of-2-b6f2076895e6c889e5e4fdfcf5ef8eb6.jpg\",\"width\":1024,\"height\":1024},{\"@type\":\"BreadcrumbList\",\"@id\":\"https:\/\/hubsch-interior.com\/fr\/produit\/mix-bougeoir-vert-naturel-set-de-2\/#breadcrumb\",\"itemListElement\":[{\"@type\":\"ListItem\",\"position\":1,\"name\":\"Page d'accueil\",\"item\":\"https:\/\/hubsch-interior.com\/fr\/\"},{\"@type\":\"ListItem\",\"position\":2,\"name\":\"Produits\",\"item\":\"https:\/\/hubsch-interior.com\/fr\/shop-2\/\"},{\"@type\":\"ListItem\",\"position\":3,\"name\":\"Accessoires maison\",\"item\":\"https:\/\/hubsch-interior.com\/fr\/categorie-produit\/accessoires-maison\/\"},{\"@type\":\"ListItem\",\"position\":4,\"name\":\"Bougeoirs &amp; lanternes\",\"item\":\"https:\/\/hubsch-interior.com\/fr\/categorie-produit\/accessoires-maison\/bougeoirs-lanternes-fr\/\"},{\"@type\":\"ListItem\",\"position\":5,\"name\":\"Bougeoirs et photophores\",\"item\":\"https:\/\/hubsch-interior.com\/fr\/categorie-produit\/accessoires-maison\/bougeoirs-lanternes-fr\/bougeoirs-et-photophores-fr\/\"},{\"@type\":\"ListItem\",\"position\":6,\"name\":\"Mix Bougeoir Vert\/Naturel (set de 2)\"}]},{\"@type\":\"WebSite\",\"@id\":\"https:\/\/hubsch-interior.com\/fr\/#website\",\"url\":\"https:\/\/hubsch-interior.com\/fr\/\",\"name\":\"H\u00fcbsch\",\"description\":\"Danish Home Interior and Design\",\"publisher\":{\"@id\":\"https:\/\/hubsch-interior.com\/fr\/#organization\"},\"potentialAction\":[{\"@type\":\"SearchAction\",\"target\":{\"@type\":\"EntryPoint\",\"urlTemplate\":\"https:\/\/hubsch-interior.com\/fr\/?s={search_term_string}\"},\"query-input\":{\"@type\":\"PropertyValueSpecification\",\"valueRequired\":true,\"valueName\":\"search_term_string\"}}],\"inLanguage\":\"fr-FR\"},{\"@type\":\"Organization\",\"@id\":\"https:\/\/hubsch-interior.com\/fr\/#organization\",\"name\":\"H\u00fcbsch\",\"url\":\"https:\/\/hubsch-interior.com\/fr\/\",\"logo\":{\"@type\":\"ImageObject\",\"inLanguage\":\"fr-FR\",\"@id\":\"https:\/\/hubsch-interior.com\/fr\/#\/schema\/logo\/image\/\",\"url\":\"https:\/\/hubsch-interior.com\/wp-content\/uploads\/2022\/12\/Hubsch_logo_black_one_line.svg\",\"contentUrl\":\"https:\/\/hubsch-interior.com\/wp-content\/uploads\/2022\/12\/Hubsch_logo_black_one_line.svg\",\"caption\":\"H\u00fcbsch\"},\"image\":{\"@id\":\"https:\/\/hubsch-interior.com\/fr\/#\/schema\/logo\/image\/\"}}]}<\/script>\n<!-- \/ Yoast SEO plugin. -->","yoast_head_json":{"title":"Mix Bougeoir Vert\/Naturel (set de 2) - H\u00fcbsch","description":"Mix Bougeoir Vert\/Naturel (set de 2) permet \u00e0 chacun de cr\u00e9er l'ambiance qu'ils d\u00e9sirent. Cr\u00e9\u00e9s avec une combinaison de bambou et de c\u00e9ramique, ces","robots":{"index":"index","follow":"follow","max-snippet":"max-snippet:-1","max-image-preview":"max-image-preview:large","max-video-preview":"max-video-preview:-1"},"canonical":"https:\/\/hubsch-interior.com\/fr\/wp-json\/wp\/v2\/product\/694713","og_locale":"fr_FR","og_type":"article","og_title":"Mix Bougeoir Vert\/Naturel (set de 2) - H\u00fcbsch","og_description":"Mix Bougeoir Vert\/Naturel (set de 2) permet \u00e0 chacun de cr\u00e9er l'ambiance qu'ils d\u00e9sirent. Cr\u00e9\u00e9s avec une combinaison de bambou et de c\u00e9ramique, ces","og_url":"https:\/\/hubsch-interior.com\/fr\/produit\/mix-bougeoir-vert-naturel-set-de-2\/","og_site_name":"H\u00fcbsch","article_modified_time":"2026-04-09T02:45:33+00:00","og_image":[{"width":1200,"height":1200,"url":"https:\/\/hubsch-interior.com\/wp-content\/uploads\/2024\/01\/mix-candlestick-greennatural-set-of-2-4bc22768cb575daed8cbf589b8c287f4.jpg","type":"image\/jpeg"}],"twitter_card":"summary_large_image","schema":{"@context":"https:\/\/schema.org","@graph":[{"@type":"WebPage","@id":"https:\/\/hubsch-interior.com\/fr\/produit\/mix-bougeoir-vert-naturel-set-de-2\/","url":"https:\/\/hubsch-interior.com\/fr\/produit\/mix-bougeoir-vert-naturel-set-de-2\/","name":"Mix Bougeoir Vert\/Naturel (set de 2) - H\u00fcbsch","isPartOf":{"@id":"https:\/\/hubsch-interior.com\/fr\/#website"},"primaryImageOfPage":{"@id":"https:\/\/hubsch-interior.com\/fr\/produit\/mix-bougeoir-vert-naturel-set-de-2\/#primaryimage"},"image":{"@id":"https:\/\/hubsch-interior.com\/fr\/produit\/mix-bougeoir-vert-naturel-set-de-2\/#primaryimage"},"thumbnailUrl":"https:\/\/hubsch-interior.com\/wp-content\/uploads\/2026\/02\/mix-candlestick-greennatural-set-of-2-b6f2076895e6c889e5e4fdfcf5ef8eb6.jpg","datePublished":"2021-08-31T07:44:59+00:00","dateModified":"2026-04-09T02:45:33+00:00","description":"Mix Bougeoir Vert\/Naturel (set de 2) permet \u00e0 chacun de cr\u00e9er l'ambiance qu'ils d\u00e9sirent. Cr\u00e9\u00e9s avec une combinaison de bambou et de c\u00e9ramique, ces","breadcrumb":{"@id":"https:\/\/hubsch-interior.com\/fr\/produit\/mix-bougeoir-vert-naturel-set-de-2\/#breadcrumb"},"inLanguage":"fr-FR","potentialAction":[{"@type":"ReadAction","target":["https:\/\/hubsch-interior.com\/fr\/produit\/mix-bougeoir-vert-naturel-set-de-2\/"]}]},{"@type":"ImageObject","inLanguage":"fr-FR","@id":"https:\/\/hubsch-interior.com\/fr\/produit\/mix-bougeoir-vert-naturel-set-de-2\/#primaryimage","url":"https:\/\/hubsch-interior.com\/wp-content\/uploads\/2026\/02\/mix-candlestick-greennatural-set-of-2-b6f2076895e6c889e5e4fdfcf5ef8eb6.jpg","contentUrl":"https:\/\/hubsch-interior.com\/wp-content\/uploads\/2026\/02\/mix-candlestick-greennatural-set-of-2-b6f2076895e6c889e5e4fdfcf5ef8eb6.jpg","width":1024,"height":1024},{"@type":"BreadcrumbList","@id":"https:\/\/hubsch-interior.com\/fr\/produit\/mix-bougeoir-vert-naturel-set-de-2\/#breadcrumb","itemListElement":[{"@type":"ListItem","position":1,"name":"Page d'accueil","item":"https:\/\/hubsch-interior.com\/fr\/"},{"@type":"ListItem","position":2,"name":"Produits","item":"https:\/\/hubsch-interior.com\/fr\/shop-2\/"},{"@type":"ListItem","position":3,"name":"Accessoires maison","item":"https:\/\/hubsch-interior.com\/fr\/categorie-produit\/accessoires-maison\/"},{"@type":"ListItem","position":4,"name":"Bougeoirs &amp; lanternes","item":"https:\/\/hubsch-interior.com\/fr\/categorie-produit\/accessoires-maison\/bougeoirs-lanternes-fr\/"},{"@type":"ListItem","position":5,"name":"Bougeoirs et photophores","item":"https:\/\/hubsch-interior.com\/fr\/categorie-produit\/accessoires-maison\/bougeoirs-lanternes-fr\/bougeoirs-et-photophores-fr\/"},{"@type":"ListItem","position":6,"name":"Mix Bougeoir Vert\/Naturel (set de 2)"}]},{"@type":"WebSite","@id":"https:\/\/hubsch-interior.com\/fr\/#website","url":"https:\/\/hubsch-interior.com\/fr\/","name":"H\u00fcbsch","description":"Danish Home Interior and Design","publisher":{"@id":"https:\/\/hubsch-interior.com\/fr\/#organization"},"potentialAction":[{"@type":"SearchAction","target":{"@type":"EntryPoint","urlTemplate":"https:\/\/hubsch-interior.com\/fr\/?s={search_term_string}"},"query-input":{"@type":"PropertyValueSpecification","valueRequired":true,"valueName":"search_term_string"}}],"inLanguage":"fr-FR"},{"@type":"Organization","@id":"https:\/\/hubsch-interior.com\/fr\/#organization","name":"H\u00fcbsch","url":"https:\/\/hubsch-interior.com\/fr\/","logo":{"@type":"ImageObject","inLanguage":"fr-FR","@id":"https:\/\/hubsch-interior.com\/fr\/#\/schema\/logo\/image\/","url":"https:\/\/hubsch-interior.com\/wp-content\/uploads\/2022\/12\/Hubsch_logo_black_one_line.svg","contentUrl":"https:\/\/hubsch-interior.com\/wp-content\/uploads\/2022\/12\/Hubsch_logo_black_one_line.svg","caption":"H\u00fcbsch"},"image":{"@id":"https:\/\/hubsch-interior.com\/fr\/#\/schema\/logo\/image\/"}}]}},"_links":{"self":[{"href":"https:\/\/hubsch-interior.com\/fr\/wp-json\/wp\/v2\/product\/694713","targetHints":{"allow":["GET"]}}],"collection":[{"href":"https:\/\/hubsch-interior.com\/fr\/wp-json\/wp\/v2\/product"}],"about":[{"href":"https:\/\/hubsch-interior.com\/fr\/wp-json\/wp\/v2\/types\/product"}],"wp:featuredmedia":[{"embeddable":true,"href":"https:\/\/hubsch-interior.com\/fr\/wp-json\/wp\/v2\/media\/1101120"}],"wp:attachment":[{"href":"https:\/\/hubsch-interior.com\/fr\/wp-json\/wp\/v2\/media?parent=694713"}],"wp:term":[{"taxonomy":"product_brand","embeddable":true,"href":"https:\/\/hubsch-interior.com\/fr\/wp-json\/wp\/v2\/product_brand?post=694713"},{"taxonomy":"product_cat","embeddable":true,"href":"https:\/\/hubsch-interior.com\/fr\/wp-json\/wp\/v2\/product_cat?post=694713"},{"taxonomy":"product_tag","embeddable":true,"href":"https:\/\/hubsch-interior.com\/fr\/wp-json\/wp\/v2\/product_tag?post=694713"}],"curies":[{"name":"wp","href":"https:\/\/api.w.org\/{rel}","templated":true}]}}