{"id":694821,"date":"2021-08-31T09:56:08","date_gmt":"2021-08-31T07:56:08","guid":{"rendered":"https:\/\/hubsch-interior.com\/shop-b2c\/product\/product\/"},"modified":"2026-04-09T05:00:37","modified_gmt":"2026-04-09T03:00:37","slug":"champ-lampe-de-table-noir-gris-fume","status":"publish","type":"product","link":"https:\/\/hubsch-interior.com\/fr\/produit\/champ-lampe-de-table-noir-gris-fume\/","title":{"rendered":"Champ Lampe de table Noir\/Gris fum\u00e9"},"content":{"rendered":"<p>Cette lampe de table en verre est un produit \u00e9l\u00e9gant et fonctionnel. Elle est disponible en noir et gris fum\u00e9. Elle est faite en verre et sa structure en m\u00e9tal est robuste et r\u00e9sistante. La Champ Lampe de table Noir\/Gris fum\u00e9 est parfaite pour une utilisation int\u00e9rieure et ajoutera une touche unique \u00e0 votre d\u00e9coration. Avec un design moderne et un look intemporel, cette lampe est une pi\u00e8ce int\u00e9ressante et originale qui s&#8217;int\u00e8gre parfaitement \u00e0 votre d\u00e9cor.<\/p>\n","protected":false},"excerpt":{"rendered":"<p>Cette lampe de table en verre est un produit \u00e9l\u00e9gant et fonctionnel. Elle est disponible en noir et gris fum\u00e9. Elle est faite en verre et sa structure en m\u00e9tal est robuste et r\u00e9sistante. La Champ Lampe de table Noir\/Gris fum\u00e9 est parfaite pour une utilisation int\u00e9rieure et ajoutera une touche unique \u00e0 votre d\u00e9coration. [&hellip;]<\/p>\n","protected":false},"featured_media":1105933,"template":"","meta":{"_acf_changed":false,"inline_featured_image":false},"product_brand":[],"product_cat":[3810,3500],"product_tag":[],"class_list":{"0":"post-694821","1":"product","2":"type-product","3":"status-publish","4":"has-post-thumbnail","6":"product_cat-luminaires","7":"product_cat-lampes-a-poser-fr","8":"product_shipping_class-pk","10":"pa_color-noir","11":"pa_color-gris-fum-2","12":"pa_material-verre-fr","14":"first","15":"instock","16":"taxable","17":"shipping-taxable","18":"purchasable","19":"product-type-simple"},"exclude_global_add_ons":[],"addons":[],"acf":[],"yoast_head":"<!-- This site is optimized with the Yoast SEO plugin v26.4 - https:\/\/yoast.com\/wordpress\/plugins\/seo\/ -->\n<title>Champ Lampe de table Noir\/Gris fum\u00e9 - H\u00fcbsch<\/title>\n<meta name=\"description\" content=\"Cette lampe de table en verre est un produit \u00e9l\u00e9gant et fonctionnel. Elle est disponible en noir et gris fum\u00e9. Elle est faite en verre et sa structure en\" \/>\n<meta name=\"robots\" content=\"index, follow, max-snippet:-1, max-image-preview:large, max-video-preview:-1\" \/>\n<link rel=\"canonical\" href=\"https:\/\/hubsch-interior.com\/fr\/wp-json\/wp\/v2\/product\/694821\" \/>\n<meta property=\"og:locale\" content=\"fr_FR\" \/>\n<meta property=\"og:type\" content=\"article\" \/>\n<meta property=\"og:title\" content=\"Champ Lampe de table Noir\/Gris fum\u00e9 - H\u00fcbsch\" \/>\n<meta property=\"og:description\" content=\"Cette lampe de table en verre est un produit \u00e9l\u00e9gant et fonctionnel. Elle est disponible en noir et gris fum\u00e9. Elle est faite en verre et sa structure en\" \/>\n<meta property=\"og:url\" content=\"https:\/\/hubsch-interior.com\/fr\/produit\/champ-lampe-de-table-noir-gris-fume\/\" \/>\n<meta property=\"og:site_name\" content=\"H\u00fcbsch\" \/>\n<meta property=\"article:modified_time\" content=\"2026-04-09T03:00:37+00:00\" \/>\n<meta property=\"og:image\" content=\"https:\/\/hubsch-interior.com\/wp-content\/uploads\/2023\/11\/champ-table-lamp-blacksmoked-3575dc86871f58943e5cb3ba3469cf1e.jpg\" \/>\n\t<meta property=\"og:image:width\" content=\"1200\" \/>\n\t<meta property=\"og:image:height\" content=\"1200\" \/>\n\t<meta property=\"og:image:type\" content=\"image\/jpeg\" \/>\n<meta name=\"twitter:card\" content=\"summary_large_image\" \/>\n<script type=\"application\/ld+json\" class=\"yoast-schema-graph\">{\"@context\":\"https:\/\/schema.org\",\"@graph\":[{\"@type\":\"WebPage\",\"@id\":\"https:\/\/hubsch-interior.com\/fr\/produit\/champ-lampe-de-table-noir-gris-fume\/\",\"url\":\"https:\/\/hubsch-interior.com\/fr\/produit\/champ-lampe-de-table-noir-gris-fume\/\",\"name\":\"Champ Lampe de table Noir\/Gris fum\u00e9 - H\u00fcbsch\",\"isPartOf\":{\"@id\":\"https:\/\/hubsch-interior.com\/fr\/#website\"},\"primaryImageOfPage\":{\"@id\":\"https:\/\/hubsch-interior.com\/fr\/produit\/champ-lampe-de-table-noir-gris-fume\/#primaryimage\"},\"image\":{\"@id\":\"https:\/\/hubsch-interior.com\/fr\/produit\/champ-lampe-de-table-noir-gris-fume\/#primaryimage\"},\"thumbnailUrl\":\"https:\/\/hubsch-interior.com\/wp-content\/uploads\/2026\/02\/champ-table-lamp-blacksmoked-49d4cc9e4fd2a2acbe22ca6d4955ff30.jpg\",\"datePublished\":\"2021-08-31T07:56:08+00:00\",\"dateModified\":\"2026-04-09T03:00:37+00:00\",\"description\":\"Cette lampe de table en verre est un produit \u00e9l\u00e9gant et fonctionnel. Elle est disponible en noir et gris fum\u00e9. Elle est faite en verre et sa structure en\",\"breadcrumb\":{\"@id\":\"https:\/\/hubsch-interior.com\/fr\/produit\/champ-lampe-de-table-noir-gris-fume\/#breadcrumb\"},\"inLanguage\":\"fr-FR\",\"potentialAction\":[{\"@type\":\"ReadAction\",\"target\":[\"https:\/\/hubsch-interior.com\/fr\/produit\/champ-lampe-de-table-noir-gris-fume\/\"]}]},{\"@type\":\"ImageObject\",\"inLanguage\":\"fr-FR\",\"@id\":\"https:\/\/hubsch-interior.com\/fr\/produit\/champ-lampe-de-table-noir-gris-fume\/#primaryimage\",\"url\":\"https:\/\/hubsch-interior.com\/wp-content\/uploads\/2026\/02\/champ-table-lamp-blacksmoked-49d4cc9e4fd2a2acbe22ca6d4955ff30.jpg\",\"contentUrl\":\"https:\/\/hubsch-interior.com\/wp-content\/uploads\/2026\/02\/champ-table-lamp-blacksmoked-49d4cc9e4fd2a2acbe22ca6d4955ff30.jpg\",\"width\":1024,\"height\":1024},{\"@type\":\"BreadcrumbList\",\"@id\":\"https:\/\/hubsch-interior.com\/fr\/produit\/champ-lampe-de-table-noir-gris-fume\/#breadcrumb\",\"itemListElement\":[{\"@type\":\"ListItem\",\"position\":1,\"name\":\"Page d'accueil\",\"item\":\"https:\/\/hubsch-interior.com\/fr\/\"},{\"@type\":\"ListItem\",\"position\":2,\"name\":\"Produits\",\"item\":\"https:\/\/hubsch-interior.com\/fr\/shop-2\/\"},{\"@type\":\"ListItem\",\"position\":3,\"name\":\"Luminaires\",\"item\":\"https:\/\/hubsch-interior.com\/fr\/categorie-produit\/luminaires\/\"},{\"@type\":\"ListItem\",\"position\":4,\"name\":\"Lampes &agrave; poser\",\"item\":\"https:\/\/hubsch-interior.com\/fr\/categorie-produit\/luminaires\/lampes-a-poser-fr\/\"},{\"@type\":\"ListItem\",\"position\":5,\"name\":\"Champ Lampe de table Noir\/Gris fum\u00e9\"}]},{\"@type\":\"WebSite\",\"@id\":\"https:\/\/hubsch-interior.com\/fr\/#website\",\"url\":\"https:\/\/hubsch-interior.com\/fr\/\",\"name\":\"H\u00fcbsch\",\"description\":\"Danish Home Interior and Design\",\"publisher\":{\"@id\":\"https:\/\/hubsch-interior.com\/fr\/#organization\"},\"potentialAction\":[{\"@type\":\"SearchAction\",\"target\":{\"@type\":\"EntryPoint\",\"urlTemplate\":\"https:\/\/hubsch-interior.com\/fr\/?s={search_term_string}\"},\"query-input\":{\"@type\":\"PropertyValueSpecification\",\"valueRequired\":true,\"valueName\":\"search_term_string\"}}],\"inLanguage\":\"fr-FR\"},{\"@type\":\"Organization\",\"@id\":\"https:\/\/hubsch-interior.com\/fr\/#organization\",\"name\":\"H\u00fcbsch\",\"url\":\"https:\/\/hubsch-interior.com\/fr\/\",\"logo\":{\"@type\":\"ImageObject\",\"inLanguage\":\"fr-FR\",\"@id\":\"https:\/\/hubsch-interior.com\/fr\/#\/schema\/logo\/image\/\",\"url\":\"https:\/\/hubsch-interior.com\/wp-content\/uploads\/2022\/12\/Hubsch_logo_black_one_line.svg\",\"contentUrl\":\"https:\/\/hubsch-interior.com\/wp-content\/uploads\/2022\/12\/Hubsch_logo_black_one_line.svg\",\"caption\":\"H\u00fcbsch\"},\"image\":{\"@id\":\"https:\/\/hubsch-interior.com\/fr\/#\/schema\/logo\/image\/\"}}]}<\/script>\n<!-- \/ Yoast SEO plugin. -->","yoast_head_json":{"title":"Champ Lampe de table Noir\/Gris fum\u00e9 - H\u00fcbsch","description":"Cette lampe de table en verre est un produit \u00e9l\u00e9gant et fonctionnel. Elle est disponible en noir et gris fum\u00e9. Elle est faite en verre et sa structure en","robots":{"index":"index","follow":"follow","max-snippet":"max-snippet:-1","max-image-preview":"max-image-preview:large","max-video-preview":"max-video-preview:-1"},"canonical":"https:\/\/hubsch-interior.com\/fr\/wp-json\/wp\/v2\/product\/694821","og_locale":"fr_FR","og_type":"article","og_title":"Champ Lampe de table Noir\/Gris fum\u00e9 - H\u00fcbsch","og_description":"Cette lampe de table en verre est un produit \u00e9l\u00e9gant et fonctionnel. Elle est disponible en noir et gris fum\u00e9. Elle est faite en verre et sa structure en","og_url":"https:\/\/hubsch-interior.com\/fr\/produit\/champ-lampe-de-table-noir-gris-fume\/","og_site_name":"H\u00fcbsch","article_modified_time":"2026-04-09T03:00:37+00:00","og_image":[{"width":1200,"height":1200,"url":"https:\/\/hubsch-interior.com\/wp-content\/uploads\/2023\/11\/champ-table-lamp-blacksmoked-3575dc86871f58943e5cb3ba3469cf1e.jpg","type":"image\/jpeg"}],"twitter_card":"summary_large_image","schema":{"@context":"https:\/\/schema.org","@graph":[{"@type":"WebPage","@id":"https:\/\/hubsch-interior.com\/fr\/produit\/champ-lampe-de-table-noir-gris-fume\/","url":"https:\/\/hubsch-interior.com\/fr\/produit\/champ-lampe-de-table-noir-gris-fume\/","name":"Champ Lampe de table Noir\/Gris fum\u00e9 - H\u00fcbsch","isPartOf":{"@id":"https:\/\/hubsch-interior.com\/fr\/#website"},"primaryImageOfPage":{"@id":"https:\/\/hubsch-interior.com\/fr\/produit\/champ-lampe-de-table-noir-gris-fume\/#primaryimage"},"image":{"@id":"https:\/\/hubsch-interior.com\/fr\/produit\/champ-lampe-de-table-noir-gris-fume\/#primaryimage"},"thumbnailUrl":"https:\/\/hubsch-interior.com\/wp-content\/uploads\/2026\/02\/champ-table-lamp-blacksmoked-49d4cc9e4fd2a2acbe22ca6d4955ff30.jpg","datePublished":"2021-08-31T07:56:08+00:00","dateModified":"2026-04-09T03:00:37+00:00","description":"Cette lampe de table en verre est un produit \u00e9l\u00e9gant et fonctionnel. Elle est disponible en noir et gris fum\u00e9. Elle est faite en verre et sa structure en","breadcrumb":{"@id":"https:\/\/hubsch-interior.com\/fr\/produit\/champ-lampe-de-table-noir-gris-fume\/#breadcrumb"},"inLanguage":"fr-FR","potentialAction":[{"@type":"ReadAction","target":["https:\/\/hubsch-interior.com\/fr\/produit\/champ-lampe-de-table-noir-gris-fume\/"]}]},{"@type":"ImageObject","inLanguage":"fr-FR","@id":"https:\/\/hubsch-interior.com\/fr\/produit\/champ-lampe-de-table-noir-gris-fume\/#primaryimage","url":"https:\/\/hubsch-interior.com\/wp-content\/uploads\/2026\/02\/champ-table-lamp-blacksmoked-49d4cc9e4fd2a2acbe22ca6d4955ff30.jpg","contentUrl":"https:\/\/hubsch-interior.com\/wp-content\/uploads\/2026\/02\/champ-table-lamp-blacksmoked-49d4cc9e4fd2a2acbe22ca6d4955ff30.jpg","width":1024,"height":1024},{"@type":"BreadcrumbList","@id":"https:\/\/hubsch-interior.com\/fr\/produit\/champ-lampe-de-table-noir-gris-fume\/#breadcrumb","itemListElement":[{"@type":"ListItem","position":1,"name":"Page d'accueil","item":"https:\/\/hubsch-interior.com\/fr\/"},{"@type":"ListItem","position":2,"name":"Produits","item":"https:\/\/hubsch-interior.com\/fr\/shop-2\/"},{"@type":"ListItem","position":3,"name":"Luminaires","item":"https:\/\/hubsch-interior.com\/fr\/categorie-produit\/luminaires\/"},{"@type":"ListItem","position":4,"name":"Lampes &agrave; poser","item":"https:\/\/hubsch-interior.com\/fr\/categorie-produit\/luminaires\/lampes-a-poser-fr\/"},{"@type":"ListItem","position":5,"name":"Champ Lampe de table Noir\/Gris fum\u00e9"}]},{"@type":"WebSite","@id":"https:\/\/hubsch-interior.com\/fr\/#website","url":"https:\/\/hubsch-interior.com\/fr\/","name":"H\u00fcbsch","description":"Danish Home Interior and Design","publisher":{"@id":"https:\/\/hubsch-interior.com\/fr\/#organization"},"potentialAction":[{"@type":"SearchAction","target":{"@type":"EntryPoint","urlTemplate":"https:\/\/hubsch-interior.com\/fr\/?s={search_term_string}"},"query-input":{"@type":"PropertyValueSpecification","valueRequired":true,"valueName":"search_term_string"}}],"inLanguage":"fr-FR"},{"@type":"Organization","@id":"https:\/\/hubsch-interior.com\/fr\/#organization","name":"H\u00fcbsch","url":"https:\/\/hubsch-interior.com\/fr\/","logo":{"@type":"ImageObject","inLanguage":"fr-FR","@id":"https:\/\/hubsch-interior.com\/fr\/#\/schema\/logo\/image\/","url":"https:\/\/hubsch-interior.com\/wp-content\/uploads\/2022\/12\/Hubsch_logo_black_one_line.svg","contentUrl":"https:\/\/hubsch-interior.com\/wp-content\/uploads\/2022\/12\/Hubsch_logo_black_one_line.svg","caption":"H\u00fcbsch"},"image":{"@id":"https:\/\/hubsch-interior.com\/fr\/#\/schema\/logo\/image\/"}}]}},"_links":{"self":[{"href":"https:\/\/hubsch-interior.com\/fr\/wp-json\/wp\/v2\/product\/694821","targetHints":{"allow":["GET"]}}],"collection":[{"href":"https:\/\/hubsch-interior.com\/fr\/wp-json\/wp\/v2\/product"}],"about":[{"href":"https:\/\/hubsch-interior.com\/fr\/wp-json\/wp\/v2\/types\/product"}],"wp:featuredmedia":[{"embeddable":true,"href":"https:\/\/hubsch-interior.com\/fr\/wp-json\/wp\/v2\/media\/1105933"}],"wp:attachment":[{"href":"https:\/\/hubsch-interior.com\/fr\/wp-json\/wp\/v2\/media?parent=694821"}],"wp:term":[{"taxonomy":"product_brand","embeddable":true,"href":"https:\/\/hubsch-interior.com\/fr\/wp-json\/wp\/v2\/product_brand?post=694821"},{"taxonomy":"product_cat","embeddable":true,"href":"https:\/\/hubsch-interior.com\/fr\/wp-json\/wp\/v2\/product_cat?post=694821"},{"taxonomy":"product_tag","embeddable":true,"href":"https:\/\/hubsch-interior.com\/fr\/wp-json\/wp\/v2\/product_tag?post=694821"}],"curies":[{"name":"wp","href":"https:\/\/api.w.org\/{rel}","templated":true}]}}