{"id":716711,"date":"2021-11-22T15:25:14","date_gmt":"2021-11-22T14:25:14","guid":{"rendered":"https:\/\/hubsch-interior.com\/shop-b2c\/product\/product\/"},"modified":"2026-04-09T04:24:34","modified_gmt":"2026-04-09T02:24:34","slug":"daze-paniers-noir-naturel-set-de-2","status":"publish","type":"product","link":"https:\/\/hubsch-interior.com\/fr\/produit\/daze-paniers-noir-naturel-set-de-2\/","title":{"rendered":"Daze Paniers Noir\/Naturel (set de 2)"},"content":{"rendered":"<p>D\u00e9couvrez les Daze Paniers Noir\/Naturel, un set de deux paniers en bambou et rotin. Ces paniers sont disponibles en noir et naturel. Ils sont faits de mat\u00e9riaux robustes et sont parfaits pour ranger et organiser votre maison. Les paniers sont \u00e9galement tr\u00e8s d\u00e9coratifs et ajouteront une touche d\u00e9corative \u00e0 votre int\u00e9rieur. Achetez les Daze Paniers Noir\/Naturel pour ranger et organiser votre maison avec style.<\/p>\n","protected":false},"excerpt":{"rendered":"<p>D\u00e9couvrez les Daze Paniers Noir\/Naturel, un set de deux paniers en bambou et rotin. Ces paniers sont disponibles en noir et naturel. Ils sont faits de mat\u00e9riaux robustes et sont parfaits pour ranger et organiser votre maison. Les paniers sont \u00e9galement tr\u00e8s d\u00e9coratifs et ajouteront une touche d\u00e9corative \u00e0 votre int\u00e9rieur. Achetez les Daze Paniers [&hellip;]<\/p>\n","protected":false},"featured_media":1095548,"template":"","meta":{"_acf_changed":false,"inline_featured_image":false},"product_brand":[],"product_cat":[3110,4075],"product_tag":[],"class_list":{"0":"post-716711","1":"product","2":"type-product","3":"status-publish","4":"has-post-thumbnail","6":"product_cat-espace-de-rangement-fr","7":"product_cat-paniers-fr","8":"product_shipping_class-pk","10":"pa_color-noir","11":"pa_color-naturel-2","12":"pa_material-bambou-fr","13":"pa_material-rotin-fr","15":"first","16":"instock","17":"taxable","18":"shipping-taxable","19":"purchasable","20":"product-type-simple"},"exclude_global_add_ons":[],"addons":[],"acf":[],"yoast_head":"<!-- This site is optimized with the Yoast SEO plugin v26.4 - https:\/\/yoast.com\/wordpress\/plugins\/seo\/ -->\n<title>Daze Paniers Noir\/Naturel (set de 2) - H\u00fcbsch<\/title>\n<meta name=\"description\" content=\"D\u00e9couvrez les Daze Paniers Noir\/Naturel, un set de deux paniers en bambou et rotin. Ces paniers sont disponibles en noir et naturel. Ils sont faits de\" \/>\n<meta name=\"robots\" content=\"index, follow, max-snippet:-1, max-image-preview:large, max-video-preview:-1\" \/>\n<link rel=\"canonical\" href=\"https:\/\/hubsch-interior.com\/fr\/wp-json\/wp\/v2\/product\/716711\" \/>\n<meta property=\"og:locale\" content=\"fr_FR\" \/>\n<meta property=\"og:type\" content=\"article\" \/>\n<meta property=\"og:title\" content=\"Daze Paniers Noir\/Naturel (set de 2) - H\u00fcbsch\" \/>\n<meta property=\"og:description\" content=\"D\u00e9couvrez les Daze Paniers Noir\/Naturel, un set de deux paniers en bambou et rotin. Ces paniers sont disponibles en noir et naturel. Ils sont faits de\" \/>\n<meta property=\"og:url\" content=\"https:\/\/hubsch-interior.com\/fr\/produit\/daze-paniers-noir-naturel-set-de-2\/\" \/>\n<meta property=\"og:site_name\" content=\"H\u00fcbsch\" \/>\n<meta property=\"article:modified_time\" content=\"2026-04-09T02:24:34+00:00\" \/>\n<meta property=\"og:image\" content=\"https:\/\/hubsch-interior.com\/wp-content\/uploads\/2024\/12\/daze-baskets-blacknatural-set-of-2-676764ccb6ad3705562f5f29cc278cb9.jpg\" \/>\n\t<meta property=\"og:image:width\" content=\"1200\" \/>\n\t<meta property=\"og:image:height\" content=\"1200\" \/>\n\t<meta property=\"og:image:type\" content=\"image\/jpeg\" \/>\n<meta name=\"twitter:card\" content=\"summary_large_image\" \/>\n<script type=\"application\/ld+json\" class=\"yoast-schema-graph\">{\"@context\":\"https:\/\/schema.org\",\"@graph\":[{\"@type\":\"WebPage\",\"@id\":\"https:\/\/hubsch-interior.com\/fr\/produit\/daze-paniers-noir-naturel-set-de-2\/\",\"url\":\"https:\/\/hubsch-interior.com\/fr\/produit\/daze-paniers-noir-naturel-set-de-2\/\",\"name\":\"Daze Paniers Noir\/Naturel (set de 2) - H\u00fcbsch\",\"isPartOf\":{\"@id\":\"https:\/\/hubsch-interior.com\/fr\/#website\"},\"primaryImageOfPage\":{\"@id\":\"https:\/\/hubsch-interior.com\/fr\/produit\/daze-paniers-noir-naturel-set-de-2\/#primaryimage\"},\"image\":{\"@id\":\"https:\/\/hubsch-interior.com\/fr\/produit\/daze-paniers-noir-naturel-set-de-2\/#primaryimage\"},\"thumbnailUrl\":\"https:\/\/hubsch-interior.com\/wp-content\/uploads\/2026\/02\/daze-baskets-blacknatural-set-of-2-e357927918914ad529c171c990adf115.jpg\",\"datePublished\":\"2021-11-22T14:25:14+00:00\",\"dateModified\":\"2026-04-09T02:24:34+00:00\",\"description\":\"D\u00e9couvrez les Daze Paniers Noir\/Naturel, un set de deux paniers en bambou et rotin. Ces paniers sont disponibles en noir et naturel. Ils sont faits de\",\"breadcrumb\":{\"@id\":\"https:\/\/hubsch-interior.com\/fr\/produit\/daze-paniers-noir-naturel-set-de-2\/#breadcrumb\"},\"inLanguage\":\"fr-FR\",\"potentialAction\":[{\"@type\":\"ReadAction\",\"target\":[\"https:\/\/hubsch-interior.com\/fr\/produit\/daze-paniers-noir-naturel-set-de-2\/\"]}]},{\"@type\":\"ImageObject\",\"inLanguage\":\"fr-FR\",\"@id\":\"https:\/\/hubsch-interior.com\/fr\/produit\/daze-paniers-noir-naturel-set-de-2\/#primaryimage\",\"url\":\"https:\/\/hubsch-interior.com\/wp-content\/uploads\/2026\/02\/daze-baskets-blacknatural-set-of-2-e357927918914ad529c171c990adf115.jpg\",\"contentUrl\":\"https:\/\/hubsch-interior.com\/wp-content\/uploads\/2026\/02\/daze-baskets-blacknatural-set-of-2-e357927918914ad529c171c990adf115.jpg\",\"width\":1024,\"height\":1024},{\"@type\":\"BreadcrumbList\",\"@id\":\"https:\/\/hubsch-interior.com\/fr\/produit\/daze-paniers-noir-naturel-set-de-2\/#breadcrumb\",\"itemListElement\":[{\"@type\":\"ListItem\",\"position\":1,\"name\":\"Page d'accueil\",\"item\":\"https:\/\/hubsch-interior.com\/fr\/\"},{\"@type\":\"ListItem\",\"position\":2,\"name\":\"Produits\",\"item\":\"https:\/\/hubsch-interior.com\/fr\/shop-2\/\"},{\"@type\":\"ListItem\",\"position\":3,\"name\":\"Accessoires maison\",\"item\":\"https:\/\/hubsch-interior.com\/fr\/categorie-produit\/accessoires-maison\/\"},{\"@type\":\"ListItem\",\"position\":4,\"name\":\"Espace de rangement\",\"item\":\"https:\/\/hubsch-interior.com\/fr\/categorie-produit\/accessoires-maison\/espace-de-rangement-fr\/\"},{\"@type\":\"ListItem\",\"position\":5,\"name\":\"Paniers\",\"item\":\"https:\/\/hubsch-interior.com\/fr\/categorie-produit\/accessoires-maison\/espace-de-rangement-fr\/paniers-fr\/\"},{\"@type\":\"ListItem\",\"position\":6,\"name\":\"Daze Paniers Noir\/Naturel (set de 2)\"}]},{\"@type\":\"WebSite\",\"@id\":\"https:\/\/hubsch-interior.com\/fr\/#website\",\"url\":\"https:\/\/hubsch-interior.com\/fr\/\",\"name\":\"H\u00fcbsch\",\"description\":\"Danish Home Interior and Design\",\"publisher\":{\"@id\":\"https:\/\/hubsch-interior.com\/fr\/#organization\"},\"potentialAction\":[{\"@type\":\"SearchAction\",\"target\":{\"@type\":\"EntryPoint\",\"urlTemplate\":\"https:\/\/hubsch-interior.com\/fr\/?s={search_term_string}\"},\"query-input\":{\"@type\":\"PropertyValueSpecification\",\"valueRequired\":true,\"valueName\":\"search_term_string\"}}],\"inLanguage\":\"fr-FR\"},{\"@type\":\"Organization\",\"@id\":\"https:\/\/hubsch-interior.com\/fr\/#organization\",\"name\":\"H\u00fcbsch\",\"url\":\"https:\/\/hubsch-interior.com\/fr\/\",\"logo\":{\"@type\":\"ImageObject\",\"inLanguage\":\"fr-FR\",\"@id\":\"https:\/\/hubsch-interior.com\/fr\/#\/schema\/logo\/image\/\",\"url\":\"https:\/\/hubsch-interior.com\/wp-content\/uploads\/2022\/12\/Hubsch_logo_black_one_line.svg\",\"contentUrl\":\"https:\/\/hubsch-interior.com\/wp-content\/uploads\/2022\/12\/Hubsch_logo_black_one_line.svg\",\"caption\":\"H\u00fcbsch\"},\"image\":{\"@id\":\"https:\/\/hubsch-interior.com\/fr\/#\/schema\/logo\/image\/\"}}]}<\/script>\n<!-- \/ Yoast SEO plugin. -->","yoast_head_json":{"title":"Daze Paniers Noir\/Naturel (set de 2) - H\u00fcbsch","description":"D\u00e9couvrez les Daze Paniers Noir\/Naturel, un set de deux paniers en bambou et rotin. Ces paniers sont disponibles en noir et naturel. Ils sont faits de","robots":{"index":"index","follow":"follow","max-snippet":"max-snippet:-1","max-image-preview":"max-image-preview:large","max-video-preview":"max-video-preview:-1"},"canonical":"https:\/\/hubsch-interior.com\/fr\/wp-json\/wp\/v2\/product\/716711","og_locale":"fr_FR","og_type":"article","og_title":"Daze Paniers Noir\/Naturel (set de 2) - H\u00fcbsch","og_description":"D\u00e9couvrez les Daze Paniers Noir\/Naturel, un set de deux paniers en bambou et rotin. Ces paniers sont disponibles en noir et naturel. Ils sont faits de","og_url":"https:\/\/hubsch-interior.com\/fr\/produit\/daze-paniers-noir-naturel-set-de-2\/","og_site_name":"H\u00fcbsch","article_modified_time":"2026-04-09T02:24:34+00:00","og_image":[{"width":1200,"height":1200,"url":"https:\/\/hubsch-interior.com\/wp-content\/uploads\/2024\/12\/daze-baskets-blacknatural-set-of-2-676764ccb6ad3705562f5f29cc278cb9.jpg","type":"image\/jpeg"}],"twitter_card":"summary_large_image","schema":{"@context":"https:\/\/schema.org","@graph":[{"@type":"WebPage","@id":"https:\/\/hubsch-interior.com\/fr\/produit\/daze-paniers-noir-naturel-set-de-2\/","url":"https:\/\/hubsch-interior.com\/fr\/produit\/daze-paniers-noir-naturel-set-de-2\/","name":"Daze Paniers Noir\/Naturel (set de 2) - H\u00fcbsch","isPartOf":{"@id":"https:\/\/hubsch-interior.com\/fr\/#website"},"primaryImageOfPage":{"@id":"https:\/\/hubsch-interior.com\/fr\/produit\/daze-paniers-noir-naturel-set-de-2\/#primaryimage"},"image":{"@id":"https:\/\/hubsch-interior.com\/fr\/produit\/daze-paniers-noir-naturel-set-de-2\/#primaryimage"},"thumbnailUrl":"https:\/\/hubsch-interior.com\/wp-content\/uploads\/2026\/02\/daze-baskets-blacknatural-set-of-2-e357927918914ad529c171c990adf115.jpg","datePublished":"2021-11-22T14:25:14+00:00","dateModified":"2026-04-09T02:24:34+00:00","description":"D\u00e9couvrez les Daze Paniers Noir\/Naturel, un set de deux paniers en bambou et rotin. Ces paniers sont disponibles en noir et naturel. Ils sont faits de","breadcrumb":{"@id":"https:\/\/hubsch-interior.com\/fr\/produit\/daze-paniers-noir-naturel-set-de-2\/#breadcrumb"},"inLanguage":"fr-FR","potentialAction":[{"@type":"ReadAction","target":["https:\/\/hubsch-interior.com\/fr\/produit\/daze-paniers-noir-naturel-set-de-2\/"]}]},{"@type":"ImageObject","inLanguage":"fr-FR","@id":"https:\/\/hubsch-interior.com\/fr\/produit\/daze-paniers-noir-naturel-set-de-2\/#primaryimage","url":"https:\/\/hubsch-interior.com\/wp-content\/uploads\/2026\/02\/daze-baskets-blacknatural-set-of-2-e357927918914ad529c171c990adf115.jpg","contentUrl":"https:\/\/hubsch-interior.com\/wp-content\/uploads\/2026\/02\/daze-baskets-blacknatural-set-of-2-e357927918914ad529c171c990adf115.jpg","width":1024,"height":1024},{"@type":"BreadcrumbList","@id":"https:\/\/hubsch-interior.com\/fr\/produit\/daze-paniers-noir-naturel-set-de-2\/#breadcrumb","itemListElement":[{"@type":"ListItem","position":1,"name":"Page d'accueil","item":"https:\/\/hubsch-interior.com\/fr\/"},{"@type":"ListItem","position":2,"name":"Produits","item":"https:\/\/hubsch-interior.com\/fr\/shop-2\/"},{"@type":"ListItem","position":3,"name":"Accessoires maison","item":"https:\/\/hubsch-interior.com\/fr\/categorie-produit\/accessoires-maison\/"},{"@type":"ListItem","position":4,"name":"Espace de rangement","item":"https:\/\/hubsch-interior.com\/fr\/categorie-produit\/accessoires-maison\/espace-de-rangement-fr\/"},{"@type":"ListItem","position":5,"name":"Paniers","item":"https:\/\/hubsch-interior.com\/fr\/categorie-produit\/accessoires-maison\/espace-de-rangement-fr\/paniers-fr\/"},{"@type":"ListItem","position":6,"name":"Daze Paniers Noir\/Naturel (set de 2)"}]},{"@type":"WebSite","@id":"https:\/\/hubsch-interior.com\/fr\/#website","url":"https:\/\/hubsch-interior.com\/fr\/","name":"H\u00fcbsch","description":"Danish Home Interior and Design","publisher":{"@id":"https:\/\/hubsch-interior.com\/fr\/#organization"},"potentialAction":[{"@type":"SearchAction","target":{"@type":"EntryPoint","urlTemplate":"https:\/\/hubsch-interior.com\/fr\/?s={search_term_string}"},"query-input":{"@type":"PropertyValueSpecification","valueRequired":true,"valueName":"search_term_string"}}],"inLanguage":"fr-FR"},{"@type":"Organization","@id":"https:\/\/hubsch-interior.com\/fr\/#organization","name":"H\u00fcbsch","url":"https:\/\/hubsch-interior.com\/fr\/","logo":{"@type":"ImageObject","inLanguage":"fr-FR","@id":"https:\/\/hubsch-interior.com\/fr\/#\/schema\/logo\/image\/","url":"https:\/\/hubsch-interior.com\/wp-content\/uploads\/2022\/12\/Hubsch_logo_black_one_line.svg","contentUrl":"https:\/\/hubsch-interior.com\/wp-content\/uploads\/2022\/12\/Hubsch_logo_black_one_line.svg","caption":"H\u00fcbsch"},"image":{"@id":"https:\/\/hubsch-interior.com\/fr\/#\/schema\/logo\/image\/"}}]}},"_links":{"self":[{"href":"https:\/\/hubsch-interior.com\/fr\/wp-json\/wp\/v2\/product\/716711","targetHints":{"allow":["GET"]}}],"collection":[{"href":"https:\/\/hubsch-interior.com\/fr\/wp-json\/wp\/v2\/product"}],"about":[{"href":"https:\/\/hubsch-interior.com\/fr\/wp-json\/wp\/v2\/types\/product"}],"wp:featuredmedia":[{"embeddable":true,"href":"https:\/\/hubsch-interior.com\/fr\/wp-json\/wp\/v2\/media\/1095548"}],"wp:attachment":[{"href":"https:\/\/hubsch-interior.com\/fr\/wp-json\/wp\/v2\/media?parent=716711"}],"wp:term":[{"taxonomy":"product_brand","embeddable":true,"href":"https:\/\/hubsch-interior.com\/fr\/wp-json\/wp\/v2\/product_brand?post=716711"},{"taxonomy":"product_cat","embeddable":true,"href":"https:\/\/hubsch-interior.com\/fr\/wp-json\/wp\/v2\/product_cat?post=716711"},{"taxonomy":"product_tag","embeddable":true,"href":"https:\/\/hubsch-interior.com\/fr\/wp-json\/wp\/v2\/product_tag?post=716711"}],"curies":[{"name":"wp","href":"https:\/\/api.w.org\/{rel}","templated":true}]}}