{"id":716743,"date":"2021-11-22T15:25:28","date_gmt":"2021-11-22T14:25:28","guid":{"rendered":"https:\/\/hubsch-interior.com\/shop-b2c\/product\/product\/"},"modified":"2026-04-09T04:24:54","modified_gmt":"2026-04-09T02:24:54","slug":"laundromat-panier-a-linge-carre-bleu-naturel-set-de-2","status":"publish","type":"product","link":"https:\/\/hubsch-interior.com\/fr\/produit\/laundromat-panier-a-linge-carre-bleu-naturel-set-de-2\/","title":{"rendered":"Laundromat Panier \u00e0 linge Carr\u00e9 Bleu\/Naturel (set de 2)"},"content":{"rendered":"<p>Ces paniers \u00e0 linge carr\u00e9s bleu\/beige (set de 2) en papier lavable sont parfaits pour un usage domestique. Ils sont tr\u00e8s solides et faciles \u00e0 manipuler, et leur design carr\u00e9 offre un grand espace de rangement pour votre linge. Les paniers sont \u00e9galement tr\u00e8s esth\u00e9tiques et se marieront \u00e0 merveille \u00e0 votre d\u00e9cor. Vous appr\u00e9cierez leur r\u00e9sistance et leur maniabilit\u00e9. Ils sont id\u00e9als pour votre buanderie.<\/p>\n","protected":false},"excerpt":{"rendered":"<p>Ces paniers \u00e0 linge carr\u00e9s bleu\/beige (set de 2) en papier lavable sont parfaits pour un usage domestique. Ils sont tr\u00e8s solides et faciles \u00e0 manipuler, et leur design carr\u00e9 offre un grand espace de rangement pour votre linge. Les paniers sont \u00e9galement tr\u00e8s esth\u00e9tiques et se marieront \u00e0 merveille \u00e0 votre d\u00e9cor. Vous appr\u00e9cierez [&hellip;]<\/p>\n","protected":false},"featured_media":1095632,"template":"","meta":{"_acf_changed":false,"inline_featured_image":false},"product_brand":[],"product_cat":[3110,4075],"product_tag":[],"class_list":{"0":"post-716743","1":"product","2":"type-product","3":"status-publish","4":"has-post-thumbnail","6":"product_cat-espace-de-rangement-fr","7":"product_cat-paniers-fr","8":"product_shipping_class-pk","10":"pa_color-bleu-2","11":"pa_color-naturel-2","12":"pa_material-papier-fr","14":"first","15":"instock","16":"taxable","17":"shipping-taxable","18":"purchasable","19":"product-type-simple"},"exclude_global_add_ons":[],"addons":[],"acf":[],"yoast_head":"<!-- This site is optimized with the Yoast SEO plugin v26.4 - https:\/\/yoast.com\/wordpress\/plugins\/seo\/ -->\n<title>Laundromat Panier \u00e0 linge Carr\u00e9 Bleu\/Naturel (set de 2) - H\u00fcbsch<\/title>\n<meta name=\"description\" content=\"Ces paniers \u00e0 linge carr\u00e9s bleu\/beige (set de 2) en papier lavable sont parfaits pour un usage domestique. Ils sont tr\u00e8s solides et faciles \u00e0 manipuler,\" \/>\n<meta name=\"robots\" content=\"index, follow, max-snippet:-1, max-image-preview:large, max-video-preview:-1\" \/>\n<link rel=\"canonical\" href=\"https:\/\/hubsch-interior.com\/fr\/wp-json\/wp\/v2\/product\/716743\" \/>\n<meta property=\"og:locale\" content=\"fr_FR\" \/>\n<meta property=\"og:type\" content=\"article\" \/>\n<meta property=\"og:title\" content=\"Laundromat Panier \u00e0 linge Carr\u00e9 Bleu\/Naturel (set de 2) - H\u00fcbsch\" \/>\n<meta property=\"og:description\" content=\"Ces paniers \u00e0 linge carr\u00e9s bleu\/beige (set de 2) en papier lavable sont parfaits pour un usage domestique. Ils sont tr\u00e8s solides et faciles \u00e0 manipuler,\" \/>\n<meta property=\"og:url\" content=\"https:\/\/hubsch-interior.com\/fr\/produit\/laundromat-panier-a-linge-carre-bleu-naturel-set-de-2\/\" \/>\n<meta property=\"og:site_name\" content=\"H\u00fcbsch\" \/>\n<meta property=\"article:modified_time\" content=\"2026-04-09T02:24:54+00:00\" \/>\n<meta property=\"og:image\" content=\"https:\/\/hubsch-interior.com\/wp-content\/uploads\/2023\/08\/laundromat-laundry-basket-square-bluebeige-set-of-2-8456be6459c4bd4b9943244223349810.jpg\" \/>\n\t<meta property=\"og:image:width\" content=\"1200\" \/>\n\t<meta property=\"og:image:height\" content=\"1200\" \/>\n\t<meta property=\"og:image:type\" content=\"image\/jpeg\" \/>\n<meta name=\"twitter:card\" content=\"summary_large_image\" \/>\n<script type=\"application\/ld+json\" class=\"yoast-schema-graph\">{\"@context\":\"https:\/\/schema.org\",\"@graph\":[{\"@type\":\"WebPage\",\"@id\":\"https:\/\/hubsch-interior.com\/fr\/produit\/laundromat-panier-a-linge-carre-bleu-naturel-set-de-2\/\",\"url\":\"https:\/\/hubsch-interior.com\/fr\/produit\/laundromat-panier-a-linge-carre-bleu-naturel-set-de-2\/\",\"name\":\"Laundromat Panier \u00e0 linge Carr\u00e9 Bleu\/Naturel (set de 2) - H\u00fcbsch\",\"isPartOf\":{\"@id\":\"https:\/\/hubsch-interior.com\/fr\/#website\"},\"primaryImageOfPage\":{\"@id\":\"https:\/\/hubsch-interior.com\/fr\/produit\/laundromat-panier-a-linge-carre-bleu-naturel-set-de-2\/#primaryimage\"},\"image\":{\"@id\":\"https:\/\/hubsch-interior.com\/fr\/produit\/laundromat-panier-a-linge-carre-bleu-naturel-set-de-2\/#primaryimage\"},\"thumbnailUrl\":\"https:\/\/hubsch-interior.com\/wp-content\/uploads\/2026\/02\/laundromat-laundry-basket-square-bluenatural-set-of-2-efead24986ef56d92e3fdd6e09e33168.jpg\",\"datePublished\":\"2021-11-22T14:25:28+00:00\",\"dateModified\":\"2026-04-09T02:24:54+00:00\",\"description\":\"Ces paniers \u00e0 linge carr\u00e9s bleu\/beige (set de 2) en papier lavable sont parfaits pour un usage domestique. Ils sont tr\u00e8s solides et faciles \u00e0 manipuler,\",\"breadcrumb\":{\"@id\":\"https:\/\/hubsch-interior.com\/fr\/produit\/laundromat-panier-a-linge-carre-bleu-naturel-set-de-2\/#breadcrumb\"},\"inLanguage\":\"fr-FR\",\"potentialAction\":[{\"@type\":\"ReadAction\",\"target\":[\"https:\/\/hubsch-interior.com\/fr\/produit\/laundromat-panier-a-linge-carre-bleu-naturel-set-de-2\/\"]}]},{\"@type\":\"ImageObject\",\"inLanguage\":\"fr-FR\",\"@id\":\"https:\/\/hubsch-interior.com\/fr\/produit\/laundromat-panier-a-linge-carre-bleu-naturel-set-de-2\/#primaryimage\",\"url\":\"https:\/\/hubsch-interior.com\/wp-content\/uploads\/2026\/02\/laundromat-laundry-basket-square-bluenatural-set-of-2-efead24986ef56d92e3fdd6e09e33168.jpg\",\"contentUrl\":\"https:\/\/hubsch-interior.com\/wp-content\/uploads\/2026\/02\/laundromat-laundry-basket-square-bluenatural-set-of-2-efead24986ef56d92e3fdd6e09e33168.jpg\",\"width\":1024,\"height\":1024},{\"@type\":\"BreadcrumbList\",\"@id\":\"https:\/\/hubsch-interior.com\/fr\/produit\/laundromat-panier-a-linge-carre-bleu-naturel-set-de-2\/#breadcrumb\",\"itemListElement\":[{\"@type\":\"ListItem\",\"position\":1,\"name\":\"Page d'accueil\",\"item\":\"https:\/\/hubsch-interior.com\/fr\/\"},{\"@type\":\"ListItem\",\"position\":2,\"name\":\"Produits\",\"item\":\"https:\/\/hubsch-interior.com\/fr\/shop-2\/\"},{\"@type\":\"ListItem\",\"position\":3,\"name\":\"Accessoires maison\",\"item\":\"https:\/\/hubsch-interior.com\/fr\/categorie-produit\/accessoires-maison\/\"},{\"@type\":\"ListItem\",\"position\":4,\"name\":\"Espace de rangement\",\"item\":\"https:\/\/hubsch-interior.com\/fr\/categorie-produit\/accessoires-maison\/espace-de-rangement-fr\/\"},{\"@type\":\"ListItem\",\"position\":5,\"name\":\"Paniers\",\"item\":\"https:\/\/hubsch-interior.com\/fr\/categorie-produit\/accessoires-maison\/espace-de-rangement-fr\/paniers-fr\/\"},{\"@type\":\"ListItem\",\"position\":6,\"name\":\"Laundromat Panier \u00e0 linge Carr\u00e9 Bleu\/Naturel (set de 2)\"}]},{\"@type\":\"WebSite\",\"@id\":\"https:\/\/hubsch-interior.com\/fr\/#website\",\"url\":\"https:\/\/hubsch-interior.com\/fr\/\",\"name\":\"H\u00fcbsch\",\"description\":\"Danish Home Interior and Design\",\"publisher\":{\"@id\":\"https:\/\/hubsch-interior.com\/fr\/#organization\"},\"potentialAction\":[{\"@type\":\"SearchAction\",\"target\":{\"@type\":\"EntryPoint\",\"urlTemplate\":\"https:\/\/hubsch-interior.com\/fr\/?s={search_term_string}\"},\"query-input\":{\"@type\":\"PropertyValueSpecification\",\"valueRequired\":true,\"valueName\":\"search_term_string\"}}],\"inLanguage\":\"fr-FR\"},{\"@type\":\"Organization\",\"@id\":\"https:\/\/hubsch-interior.com\/fr\/#organization\",\"name\":\"H\u00fcbsch\",\"url\":\"https:\/\/hubsch-interior.com\/fr\/\",\"logo\":{\"@type\":\"ImageObject\",\"inLanguage\":\"fr-FR\",\"@id\":\"https:\/\/hubsch-interior.com\/fr\/#\/schema\/logo\/image\/\",\"url\":\"https:\/\/hubsch-interior.com\/wp-content\/uploads\/2022\/12\/Hubsch_logo_black_one_line.svg\",\"contentUrl\":\"https:\/\/hubsch-interior.com\/wp-content\/uploads\/2022\/12\/Hubsch_logo_black_one_line.svg\",\"caption\":\"H\u00fcbsch\"},\"image\":{\"@id\":\"https:\/\/hubsch-interior.com\/fr\/#\/schema\/logo\/image\/\"}}]}<\/script>\n<!-- \/ Yoast SEO plugin. -->","yoast_head_json":{"title":"Laundromat Panier \u00e0 linge Carr\u00e9 Bleu\/Naturel (set de 2) - H\u00fcbsch","description":"Ces paniers \u00e0 linge carr\u00e9s bleu\/beige (set de 2) en papier lavable sont parfaits pour un usage domestique. Ils sont tr\u00e8s solides et faciles \u00e0 manipuler,","robots":{"index":"index","follow":"follow","max-snippet":"max-snippet:-1","max-image-preview":"max-image-preview:large","max-video-preview":"max-video-preview:-1"},"canonical":"https:\/\/hubsch-interior.com\/fr\/wp-json\/wp\/v2\/product\/716743","og_locale":"fr_FR","og_type":"article","og_title":"Laundromat Panier \u00e0 linge Carr\u00e9 Bleu\/Naturel (set de 2) - H\u00fcbsch","og_description":"Ces paniers \u00e0 linge carr\u00e9s bleu\/beige (set de 2) en papier lavable sont parfaits pour un usage domestique. Ils sont tr\u00e8s solides et faciles \u00e0 manipuler,","og_url":"https:\/\/hubsch-interior.com\/fr\/produit\/laundromat-panier-a-linge-carre-bleu-naturel-set-de-2\/","og_site_name":"H\u00fcbsch","article_modified_time":"2026-04-09T02:24:54+00:00","og_image":[{"width":1200,"height":1200,"url":"https:\/\/hubsch-interior.com\/wp-content\/uploads\/2023\/08\/laundromat-laundry-basket-square-bluebeige-set-of-2-8456be6459c4bd4b9943244223349810.jpg","type":"image\/jpeg"}],"twitter_card":"summary_large_image","schema":{"@context":"https:\/\/schema.org","@graph":[{"@type":"WebPage","@id":"https:\/\/hubsch-interior.com\/fr\/produit\/laundromat-panier-a-linge-carre-bleu-naturel-set-de-2\/","url":"https:\/\/hubsch-interior.com\/fr\/produit\/laundromat-panier-a-linge-carre-bleu-naturel-set-de-2\/","name":"Laundromat Panier \u00e0 linge Carr\u00e9 Bleu\/Naturel (set de 2) - H\u00fcbsch","isPartOf":{"@id":"https:\/\/hubsch-interior.com\/fr\/#website"},"primaryImageOfPage":{"@id":"https:\/\/hubsch-interior.com\/fr\/produit\/laundromat-panier-a-linge-carre-bleu-naturel-set-de-2\/#primaryimage"},"image":{"@id":"https:\/\/hubsch-interior.com\/fr\/produit\/laundromat-panier-a-linge-carre-bleu-naturel-set-de-2\/#primaryimage"},"thumbnailUrl":"https:\/\/hubsch-interior.com\/wp-content\/uploads\/2026\/02\/laundromat-laundry-basket-square-bluenatural-set-of-2-efead24986ef56d92e3fdd6e09e33168.jpg","datePublished":"2021-11-22T14:25:28+00:00","dateModified":"2026-04-09T02:24:54+00:00","description":"Ces paniers \u00e0 linge carr\u00e9s bleu\/beige (set de 2) en papier lavable sont parfaits pour un usage domestique. Ils sont tr\u00e8s solides et faciles \u00e0 manipuler,","breadcrumb":{"@id":"https:\/\/hubsch-interior.com\/fr\/produit\/laundromat-panier-a-linge-carre-bleu-naturel-set-de-2\/#breadcrumb"},"inLanguage":"fr-FR","potentialAction":[{"@type":"ReadAction","target":["https:\/\/hubsch-interior.com\/fr\/produit\/laundromat-panier-a-linge-carre-bleu-naturel-set-de-2\/"]}]},{"@type":"ImageObject","inLanguage":"fr-FR","@id":"https:\/\/hubsch-interior.com\/fr\/produit\/laundromat-panier-a-linge-carre-bleu-naturel-set-de-2\/#primaryimage","url":"https:\/\/hubsch-interior.com\/wp-content\/uploads\/2026\/02\/laundromat-laundry-basket-square-bluenatural-set-of-2-efead24986ef56d92e3fdd6e09e33168.jpg","contentUrl":"https:\/\/hubsch-interior.com\/wp-content\/uploads\/2026\/02\/laundromat-laundry-basket-square-bluenatural-set-of-2-efead24986ef56d92e3fdd6e09e33168.jpg","width":1024,"height":1024},{"@type":"BreadcrumbList","@id":"https:\/\/hubsch-interior.com\/fr\/produit\/laundromat-panier-a-linge-carre-bleu-naturel-set-de-2\/#breadcrumb","itemListElement":[{"@type":"ListItem","position":1,"name":"Page d'accueil","item":"https:\/\/hubsch-interior.com\/fr\/"},{"@type":"ListItem","position":2,"name":"Produits","item":"https:\/\/hubsch-interior.com\/fr\/shop-2\/"},{"@type":"ListItem","position":3,"name":"Accessoires maison","item":"https:\/\/hubsch-interior.com\/fr\/categorie-produit\/accessoires-maison\/"},{"@type":"ListItem","position":4,"name":"Espace de rangement","item":"https:\/\/hubsch-interior.com\/fr\/categorie-produit\/accessoires-maison\/espace-de-rangement-fr\/"},{"@type":"ListItem","position":5,"name":"Paniers","item":"https:\/\/hubsch-interior.com\/fr\/categorie-produit\/accessoires-maison\/espace-de-rangement-fr\/paniers-fr\/"},{"@type":"ListItem","position":6,"name":"Laundromat Panier \u00e0 linge Carr\u00e9 Bleu\/Naturel (set de 2)"}]},{"@type":"WebSite","@id":"https:\/\/hubsch-interior.com\/fr\/#website","url":"https:\/\/hubsch-interior.com\/fr\/","name":"H\u00fcbsch","description":"Danish Home Interior and Design","publisher":{"@id":"https:\/\/hubsch-interior.com\/fr\/#organization"},"potentialAction":[{"@type":"SearchAction","target":{"@type":"EntryPoint","urlTemplate":"https:\/\/hubsch-interior.com\/fr\/?s={search_term_string}"},"query-input":{"@type":"PropertyValueSpecification","valueRequired":true,"valueName":"search_term_string"}}],"inLanguage":"fr-FR"},{"@type":"Organization","@id":"https:\/\/hubsch-interior.com\/fr\/#organization","name":"H\u00fcbsch","url":"https:\/\/hubsch-interior.com\/fr\/","logo":{"@type":"ImageObject","inLanguage":"fr-FR","@id":"https:\/\/hubsch-interior.com\/fr\/#\/schema\/logo\/image\/","url":"https:\/\/hubsch-interior.com\/wp-content\/uploads\/2022\/12\/Hubsch_logo_black_one_line.svg","contentUrl":"https:\/\/hubsch-interior.com\/wp-content\/uploads\/2022\/12\/Hubsch_logo_black_one_line.svg","caption":"H\u00fcbsch"},"image":{"@id":"https:\/\/hubsch-interior.com\/fr\/#\/schema\/logo\/image\/"}}]}},"_links":{"self":[{"href":"https:\/\/hubsch-interior.com\/fr\/wp-json\/wp\/v2\/product\/716743","targetHints":{"allow":["GET"]}}],"collection":[{"href":"https:\/\/hubsch-interior.com\/fr\/wp-json\/wp\/v2\/product"}],"about":[{"href":"https:\/\/hubsch-interior.com\/fr\/wp-json\/wp\/v2\/types\/product"}],"wp:featuredmedia":[{"embeddable":true,"href":"https:\/\/hubsch-interior.com\/fr\/wp-json\/wp\/v2\/media\/1095632"}],"wp:attachment":[{"href":"https:\/\/hubsch-interior.com\/fr\/wp-json\/wp\/v2\/media?parent=716743"}],"wp:term":[{"taxonomy":"product_brand","embeddable":true,"href":"https:\/\/hubsch-interior.com\/fr\/wp-json\/wp\/v2\/product_brand?post=716743"},{"taxonomy":"product_cat","embeddable":true,"href":"https:\/\/hubsch-interior.com\/fr\/wp-json\/wp\/v2\/product_cat?post=716743"},{"taxonomy":"product_tag","embeddable":true,"href":"https:\/\/hubsch-interior.com\/fr\/wp-json\/wp\/v2\/product_tag?post=716743"}],"curies":[{"name":"wp","href":"https:\/\/api.w.org\/{rel}","templated":true}]}}