{"id":716847,"date":"2021-11-22T15:26:32","date_gmt":"2021-11-22T14:26:32","guid":{"rendered":"https:\/\/hubsch-interior.com\/shop-b2c\/product\/product\/"},"modified":"2026-04-09T04:40:52","modified_gmt":"2026-04-09T02:40:52","slug":"mochi-pouf-o70-bleu","status":"publish","type":"product","link":"https:\/\/hubsch-interior.com\/fr\/produit\/mochi-pouf-o70-bleu\/","title":{"rendered":"Mochi Pouf \u00d870 Bleu"},"content":{"rendered":"<p>Le Mochi Pouf \u00d870 Bleu claire est le compl\u00e9ment parfait pour n&#8217;importe quel d\u00e9cor int\u00e9rieur. Fabriqu\u00e9 \u00e0 partir d&#8217;acrylique, de cuir, de nylon, de polyester et de laine, ce pouf est dot\u00e9 d&#8217;une sangle en cuir, d&#8217;une trame en losange et d&#8217;un bleu clair, ce qui en fait un ajout unique et raffin\u00e9 \u00e0 votre pi\u00e8ce. Sa taille compacte et son remplissage en mousse de haute qualit\u00e9 vous assure une assise confortable et durable.<\/p>\n","protected":false},"excerpt":{"rendered":"<p>Le Mochi Pouf \u00d870 Bleu claire est le compl\u00e9ment parfait pour n&#8217;importe quel d\u00e9cor int\u00e9rieur. Fabriqu\u00e9 \u00e0 partir d&#8217;acrylique, de cuir, de nylon, de polyester et de laine, ce pouf est dot\u00e9 d&#8217;une sangle en cuir, d&#8217;une trame en losange et d&#8217;un bleu clair, ce qui en fait un ajout unique et raffin\u00e9 \u00e0 votre [&hellip;]<\/p>\n","protected":false},"featured_media":1099856,"template":"","meta":{"_acf_changed":false,"inline_featured_image":false},"product_brand":[],"product_cat":[2843,5457],"product_tag":[],"class_list":{"0":"post-716847","1":"product","2":"type-product","3":"status-publish","4":"has-post-thumbnail","6":"product_cat-assises-fr","7":"product_cat-poufs-fr","8":"product_shipping_class-p05","10":"pa_color-bleu-2","11":"pa_material-acrylic-10-fr","12":"pa_material-nylon-10-fr","13":"pa_material-polyester-15-fr","14":"pa_material-wool-65-fr","15":"pa_material-cuir","17":"first","18":"instock","19":"taxable","20":"shipping-taxable","21":"purchasable","22":"product-type-simple"},"exclude_global_add_ons":[],"addons":[],"acf":[],"yoast_head":"<!-- This site is optimized with the Yoast SEO plugin v26.4 - https:\/\/yoast.com\/wordpress\/plugins\/seo\/ -->\n<title>Mochi Pouf \u00d870 Bleu - H\u00fcbsch<\/title>\n<meta name=\"description\" content=\"Le Mochi Pouf \u00d870 Bleu claire est le compl\u00e9ment parfait pour n&#039;importe quel d\u00e9cor int\u00e9rieur. Fabriqu\u00e9 \u00e0 partir d&#039;acrylique, de cuir, de nylon, de\" \/>\n<meta name=\"robots\" content=\"index, follow, max-snippet:-1, max-image-preview:large, max-video-preview:-1\" \/>\n<link rel=\"canonical\" href=\"https:\/\/hubsch-interior.com\/fr\/wp-json\/wp\/v2\/product\/716847\" \/>\n<meta property=\"og:locale\" content=\"fr_FR\" \/>\n<meta property=\"og:type\" content=\"article\" \/>\n<meta property=\"og:title\" content=\"Mochi Pouf \u00d870 Bleu - H\u00fcbsch\" \/>\n<meta property=\"og:description\" content=\"Le Mochi Pouf \u00d870 Bleu claire est le compl\u00e9ment parfait pour n&#039;importe quel d\u00e9cor int\u00e9rieur. Fabriqu\u00e9 \u00e0 partir d&#039;acrylique, de cuir, de nylon, de\" \/>\n<meta property=\"og:url\" content=\"https:\/\/hubsch-interior.com\/fr\/produit\/mochi-pouf-o70-bleu\/\" \/>\n<meta property=\"og:site_name\" content=\"H\u00fcbsch\" \/>\n<meta property=\"article:modified_time\" content=\"2026-04-09T02:40:52+00:00\" \/>\n<meta property=\"og:image\" content=\"https:\/\/hubsch-interior.com\/wp-content\/uploads\/2025\/04\/mochi-pouffe-O70-blue-64805723d441edda7245523a9b8cea6c.jpg\" \/>\n\t<meta property=\"og:image:width\" content=\"1200\" \/>\n\t<meta property=\"og:image:height\" content=\"1200\" \/>\n\t<meta property=\"og:image:type\" content=\"image\/jpeg\" \/>\n<meta name=\"twitter:card\" content=\"summary_large_image\" \/>\n<script type=\"application\/ld+json\" class=\"yoast-schema-graph\">{\"@context\":\"https:\/\/schema.org\",\"@graph\":[{\"@type\":\"WebPage\",\"@id\":\"https:\/\/hubsch-interior.com\/fr\/produit\/mochi-pouf-o70-bleu\/\",\"url\":\"https:\/\/hubsch-interior.com\/fr\/produit\/mochi-pouf-o70-bleu\/\",\"name\":\"Mochi Pouf \u00d870 Bleu - H\u00fcbsch\",\"isPartOf\":{\"@id\":\"https:\/\/hubsch-interior.com\/fr\/#website\"},\"primaryImageOfPage\":{\"@id\":\"https:\/\/hubsch-interior.com\/fr\/produit\/mochi-pouf-o70-bleu\/#primaryimage\"},\"image\":{\"@id\":\"https:\/\/hubsch-interior.com\/fr\/produit\/mochi-pouf-o70-bleu\/#primaryimage\"},\"thumbnailUrl\":\"https:\/\/hubsch-interior.com\/wp-content\/uploads\/2026\/02\/mochi-pouffe-O70-blue-1a7468e6a34536e0c4efb5d49a7a7528.jpg\",\"datePublished\":\"2021-11-22T14:26:32+00:00\",\"dateModified\":\"2026-04-09T02:40:52+00:00\",\"description\":\"Le Mochi Pouf \u00d870 Bleu claire est le compl\u00e9ment parfait pour n'importe quel d\u00e9cor int\u00e9rieur. Fabriqu\u00e9 \u00e0 partir d'acrylique, de cuir, de nylon, de\",\"breadcrumb\":{\"@id\":\"https:\/\/hubsch-interior.com\/fr\/produit\/mochi-pouf-o70-bleu\/#breadcrumb\"},\"inLanguage\":\"fr-FR\",\"potentialAction\":[{\"@type\":\"ReadAction\",\"target\":[\"https:\/\/hubsch-interior.com\/fr\/produit\/mochi-pouf-o70-bleu\/\"]}]},{\"@type\":\"ImageObject\",\"inLanguage\":\"fr-FR\",\"@id\":\"https:\/\/hubsch-interior.com\/fr\/produit\/mochi-pouf-o70-bleu\/#primaryimage\",\"url\":\"https:\/\/hubsch-interior.com\/wp-content\/uploads\/2026\/02\/mochi-pouffe-O70-blue-1a7468e6a34536e0c4efb5d49a7a7528.jpg\",\"contentUrl\":\"https:\/\/hubsch-interior.com\/wp-content\/uploads\/2026\/02\/mochi-pouffe-O70-blue-1a7468e6a34536e0c4efb5d49a7a7528.jpg\",\"width\":1024,\"height\":1024},{\"@type\":\"BreadcrumbList\",\"@id\":\"https:\/\/hubsch-interior.com\/fr\/produit\/mochi-pouf-o70-bleu\/#breadcrumb\",\"itemListElement\":[{\"@type\":\"ListItem\",\"position\":1,\"name\":\"Page d'accueil\",\"item\":\"https:\/\/hubsch-interior.com\/fr\/\"},{\"@type\":\"ListItem\",\"position\":2,\"name\":\"Produits\",\"item\":\"https:\/\/hubsch-interior.com\/fr\/shop-2\/\"},{\"@type\":\"ListItem\",\"position\":3,\"name\":\"Meubles\",\"item\":\"https:\/\/hubsch-interior.com\/fr\/categorie-produit\/meubles\/\"},{\"@type\":\"ListItem\",\"position\":4,\"name\":\"Assises\",\"item\":\"https:\/\/hubsch-interior.com\/fr\/categorie-produit\/meubles\/assises-fr\/\"},{\"@type\":\"ListItem\",\"position\":5,\"name\":\"Poufs\",\"item\":\"https:\/\/hubsch-interior.com\/fr\/categorie-produit\/meubles\/assises-fr\/poufs-fr\/\"},{\"@type\":\"ListItem\",\"position\":6,\"name\":\"Mochi Pouf \u00d870 Bleu\"}]},{\"@type\":\"WebSite\",\"@id\":\"https:\/\/hubsch-interior.com\/fr\/#website\",\"url\":\"https:\/\/hubsch-interior.com\/fr\/\",\"name\":\"H\u00fcbsch\",\"description\":\"Danish Home Interior and Design\",\"publisher\":{\"@id\":\"https:\/\/hubsch-interior.com\/fr\/#organization\"},\"potentialAction\":[{\"@type\":\"SearchAction\",\"target\":{\"@type\":\"EntryPoint\",\"urlTemplate\":\"https:\/\/hubsch-interior.com\/fr\/?s={search_term_string}\"},\"query-input\":{\"@type\":\"PropertyValueSpecification\",\"valueRequired\":true,\"valueName\":\"search_term_string\"}}],\"inLanguage\":\"fr-FR\"},{\"@type\":\"Organization\",\"@id\":\"https:\/\/hubsch-interior.com\/fr\/#organization\",\"name\":\"H\u00fcbsch\",\"url\":\"https:\/\/hubsch-interior.com\/fr\/\",\"logo\":{\"@type\":\"ImageObject\",\"inLanguage\":\"fr-FR\",\"@id\":\"https:\/\/hubsch-interior.com\/fr\/#\/schema\/logo\/image\/\",\"url\":\"https:\/\/hubsch-interior.com\/wp-content\/uploads\/2022\/12\/Hubsch_logo_black_one_line.svg\",\"contentUrl\":\"https:\/\/hubsch-interior.com\/wp-content\/uploads\/2022\/12\/Hubsch_logo_black_one_line.svg\",\"caption\":\"H\u00fcbsch\"},\"image\":{\"@id\":\"https:\/\/hubsch-interior.com\/fr\/#\/schema\/logo\/image\/\"}}]}<\/script>\n<!-- \/ Yoast SEO plugin. -->","yoast_head_json":{"title":"Mochi Pouf \u00d870 Bleu - H\u00fcbsch","description":"Le Mochi Pouf \u00d870 Bleu claire est le compl\u00e9ment parfait pour n'importe quel d\u00e9cor int\u00e9rieur. Fabriqu\u00e9 \u00e0 partir d'acrylique, de cuir, de nylon, de","robots":{"index":"index","follow":"follow","max-snippet":"max-snippet:-1","max-image-preview":"max-image-preview:large","max-video-preview":"max-video-preview:-1"},"canonical":"https:\/\/hubsch-interior.com\/fr\/wp-json\/wp\/v2\/product\/716847","og_locale":"fr_FR","og_type":"article","og_title":"Mochi Pouf \u00d870 Bleu - H\u00fcbsch","og_description":"Le Mochi Pouf \u00d870 Bleu claire est le compl\u00e9ment parfait pour n'importe quel d\u00e9cor int\u00e9rieur. Fabriqu\u00e9 \u00e0 partir d'acrylique, de cuir, de nylon, de","og_url":"https:\/\/hubsch-interior.com\/fr\/produit\/mochi-pouf-o70-bleu\/","og_site_name":"H\u00fcbsch","article_modified_time":"2026-04-09T02:40:52+00:00","og_image":[{"width":1200,"height":1200,"url":"https:\/\/hubsch-interior.com\/wp-content\/uploads\/2025\/04\/mochi-pouffe-O70-blue-64805723d441edda7245523a9b8cea6c.jpg","type":"image\/jpeg"}],"twitter_card":"summary_large_image","schema":{"@context":"https:\/\/schema.org","@graph":[{"@type":"WebPage","@id":"https:\/\/hubsch-interior.com\/fr\/produit\/mochi-pouf-o70-bleu\/","url":"https:\/\/hubsch-interior.com\/fr\/produit\/mochi-pouf-o70-bleu\/","name":"Mochi Pouf \u00d870 Bleu - H\u00fcbsch","isPartOf":{"@id":"https:\/\/hubsch-interior.com\/fr\/#website"},"primaryImageOfPage":{"@id":"https:\/\/hubsch-interior.com\/fr\/produit\/mochi-pouf-o70-bleu\/#primaryimage"},"image":{"@id":"https:\/\/hubsch-interior.com\/fr\/produit\/mochi-pouf-o70-bleu\/#primaryimage"},"thumbnailUrl":"https:\/\/hubsch-interior.com\/wp-content\/uploads\/2026\/02\/mochi-pouffe-O70-blue-1a7468e6a34536e0c4efb5d49a7a7528.jpg","datePublished":"2021-11-22T14:26:32+00:00","dateModified":"2026-04-09T02:40:52+00:00","description":"Le Mochi Pouf \u00d870 Bleu claire est le compl\u00e9ment parfait pour n'importe quel d\u00e9cor int\u00e9rieur. Fabriqu\u00e9 \u00e0 partir d'acrylique, de cuir, de nylon, de","breadcrumb":{"@id":"https:\/\/hubsch-interior.com\/fr\/produit\/mochi-pouf-o70-bleu\/#breadcrumb"},"inLanguage":"fr-FR","potentialAction":[{"@type":"ReadAction","target":["https:\/\/hubsch-interior.com\/fr\/produit\/mochi-pouf-o70-bleu\/"]}]},{"@type":"ImageObject","inLanguage":"fr-FR","@id":"https:\/\/hubsch-interior.com\/fr\/produit\/mochi-pouf-o70-bleu\/#primaryimage","url":"https:\/\/hubsch-interior.com\/wp-content\/uploads\/2026\/02\/mochi-pouffe-O70-blue-1a7468e6a34536e0c4efb5d49a7a7528.jpg","contentUrl":"https:\/\/hubsch-interior.com\/wp-content\/uploads\/2026\/02\/mochi-pouffe-O70-blue-1a7468e6a34536e0c4efb5d49a7a7528.jpg","width":1024,"height":1024},{"@type":"BreadcrumbList","@id":"https:\/\/hubsch-interior.com\/fr\/produit\/mochi-pouf-o70-bleu\/#breadcrumb","itemListElement":[{"@type":"ListItem","position":1,"name":"Page d'accueil","item":"https:\/\/hubsch-interior.com\/fr\/"},{"@type":"ListItem","position":2,"name":"Produits","item":"https:\/\/hubsch-interior.com\/fr\/shop-2\/"},{"@type":"ListItem","position":3,"name":"Meubles","item":"https:\/\/hubsch-interior.com\/fr\/categorie-produit\/meubles\/"},{"@type":"ListItem","position":4,"name":"Assises","item":"https:\/\/hubsch-interior.com\/fr\/categorie-produit\/meubles\/assises-fr\/"},{"@type":"ListItem","position":5,"name":"Poufs","item":"https:\/\/hubsch-interior.com\/fr\/categorie-produit\/meubles\/assises-fr\/poufs-fr\/"},{"@type":"ListItem","position":6,"name":"Mochi Pouf \u00d870 Bleu"}]},{"@type":"WebSite","@id":"https:\/\/hubsch-interior.com\/fr\/#website","url":"https:\/\/hubsch-interior.com\/fr\/","name":"H\u00fcbsch","description":"Danish Home Interior and Design","publisher":{"@id":"https:\/\/hubsch-interior.com\/fr\/#organization"},"potentialAction":[{"@type":"SearchAction","target":{"@type":"EntryPoint","urlTemplate":"https:\/\/hubsch-interior.com\/fr\/?s={search_term_string}"},"query-input":{"@type":"PropertyValueSpecification","valueRequired":true,"valueName":"search_term_string"}}],"inLanguage":"fr-FR"},{"@type":"Organization","@id":"https:\/\/hubsch-interior.com\/fr\/#organization","name":"H\u00fcbsch","url":"https:\/\/hubsch-interior.com\/fr\/","logo":{"@type":"ImageObject","inLanguage":"fr-FR","@id":"https:\/\/hubsch-interior.com\/fr\/#\/schema\/logo\/image\/","url":"https:\/\/hubsch-interior.com\/wp-content\/uploads\/2022\/12\/Hubsch_logo_black_one_line.svg","contentUrl":"https:\/\/hubsch-interior.com\/wp-content\/uploads\/2022\/12\/Hubsch_logo_black_one_line.svg","caption":"H\u00fcbsch"},"image":{"@id":"https:\/\/hubsch-interior.com\/fr\/#\/schema\/logo\/image\/"}}]}},"_links":{"self":[{"href":"https:\/\/hubsch-interior.com\/fr\/wp-json\/wp\/v2\/product\/716847","targetHints":{"allow":["GET"]}}],"collection":[{"href":"https:\/\/hubsch-interior.com\/fr\/wp-json\/wp\/v2\/product"}],"about":[{"href":"https:\/\/hubsch-interior.com\/fr\/wp-json\/wp\/v2\/types\/product"}],"wp:featuredmedia":[{"embeddable":true,"href":"https:\/\/hubsch-interior.com\/fr\/wp-json\/wp\/v2\/media\/1099856"}],"wp:attachment":[{"href":"https:\/\/hubsch-interior.com\/fr\/wp-json\/wp\/v2\/media?parent=716847"}],"wp:term":[{"taxonomy":"product_brand","embeddable":true,"href":"https:\/\/hubsch-interior.com\/fr\/wp-json\/wp\/v2\/product_brand?post=716847"},{"taxonomy":"product_cat","embeddable":true,"href":"https:\/\/hubsch-interior.com\/fr\/wp-json\/wp\/v2\/product_cat?post=716847"},{"taxonomy":"product_tag","embeddable":true,"href":"https:\/\/hubsch-interior.com\/fr\/wp-json\/wp\/v2\/product_tag?post=716847"}],"curies":[{"name":"wp","href":"https:\/\/api.w.org\/{rel}","templated":true}]}}