{"id":739247,"date":"2022-02-08T14:32:36","date_gmt":"2022-02-08T13:32:36","guid":{"rendered":"https:\/\/hubsch-interior.com\/product\/product\/"},"modified":"2026-04-09T04:16:59","modified_gmt":"2026-04-09T02:16:59","slug":"beam-table-d-noir","status":"publish","type":"product","link":"https:\/\/hubsch-interior.com\/fr\/produit\/beam-table-d-noir\/","title":{"rendered":"Beam Table d Noir"},"content":{"rendered":"<p>Cette table d\u2019appoint est un petit bijou. La forme incurv\u00e9e du plateau en verre associ\u00e9e \u00e0 sa base en m\u00e9tal noir profond lui donne un air sophistiqu\u00e9 et a\u00e9r\u00e9. Laissez la \u00e9pur\u00e9e pour un look minimaliste, ou posez quelques objets pour apporter plus de mati\u00e8re.<\/p>\n","protected":false},"excerpt":{"rendered":"<p>Cette table d\u2019appoint est un petit bijou. La forme incurv\u00e9e du plateau en verre associ\u00e9e \u00e0 sa base en m\u00e9tal noir profond lui donne un air sophistiqu\u00e9 et a\u00e9r\u00e9. Laissez la \u00e9pur\u00e9e pour un look minimaliste, ou posez quelques objets pour apporter plus de mati\u00e8re.<\/p>\n","protected":false},"featured_media":1093151,"template":"","meta":{"_acf_changed":false,"inline_featured_image":false},"product_brand":[],"product_cat":[2859,4027],"product_tag":[],"class_list":{"0":"post-739247","1":"product","2":"type-product","3":"status-publish","4":"has-post-thumbnail","6":"product_cat-tables-fr","7":"product_cat-tables-dappoint-fr","8":"product_shipping_class-pk","10":"pa_color-noir","11":"pa_material-fer-fr","12":"pa_material-verre-fr","14":"first","15":"instock","16":"taxable","17":"shipping-taxable","18":"purchasable","19":"product-type-simple"},"exclude_global_add_ons":[],"addons":[],"acf":[],"yoast_head":"<!-- This site is optimized with the Yoast SEO plugin v26.4 - https:\/\/yoast.com\/wordpress\/plugins\/seo\/ -->\n<title>Beam Table d Noir - H\u00fcbsch<\/title>\n<meta name=\"description\" content=\"Cette table d\u2019appoint est un petit bijou. La forme incurv\u00e9e du plateau en verre associ\u00e9e \u00e0 sa base en m\u00e9tal noir profond lui donne un air sophistiqu\u00e9 et\" \/>\n<meta name=\"robots\" content=\"index, follow, max-snippet:-1, max-image-preview:large, max-video-preview:-1\" \/>\n<link rel=\"canonical\" href=\"https:\/\/hubsch-interior.com\/fr\/wp-json\/wp\/v2\/product\/739247\" \/>\n<meta property=\"og:locale\" content=\"fr_FR\" \/>\n<meta property=\"og:type\" content=\"article\" \/>\n<meta property=\"og:title\" content=\"Beam Table d Noir - H\u00fcbsch\" \/>\n<meta property=\"og:description\" content=\"Cette table d\u2019appoint est un petit bijou. La forme incurv\u00e9e du plateau en verre associ\u00e9e \u00e0 sa base en m\u00e9tal noir profond lui donne un air sophistiqu\u00e9 et\" \/>\n<meta property=\"og:url\" content=\"https:\/\/hubsch-interior.com\/fr\/produit\/beam-table-d-noir\/\" \/>\n<meta property=\"og:site_name\" content=\"H\u00fcbsch\" \/>\n<meta property=\"article:modified_time\" content=\"2026-04-09T02:16:59+00:00\" \/>\n<meta property=\"og:image\" content=\"https:\/\/hubsch-interior.com\/wp-content\/uploads\/2025\/05\/beam-side-table-black-959ae7054163efe14a6d6569ccf4870a.jpg\" \/>\n\t<meta property=\"og:image:width\" content=\"1200\" \/>\n\t<meta property=\"og:image:height\" content=\"1200\" \/>\n\t<meta property=\"og:image:type\" content=\"image\/jpeg\" \/>\n<meta name=\"twitter:card\" content=\"summary_large_image\" \/>\n<script type=\"application\/ld+json\" class=\"yoast-schema-graph\">{\"@context\":\"https:\/\/schema.org\",\"@graph\":[{\"@type\":\"WebPage\",\"@id\":\"https:\/\/hubsch-interior.com\/fr\/produit\/beam-table-d-noir\/\",\"url\":\"https:\/\/hubsch-interior.com\/fr\/produit\/beam-table-d-noir\/\",\"name\":\"Beam Table d Noir - H\u00fcbsch\",\"isPartOf\":{\"@id\":\"https:\/\/hubsch-interior.com\/fr\/#website\"},\"primaryImageOfPage\":{\"@id\":\"https:\/\/hubsch-interior.com\/fr\/produit\/beam-table-d-noir\/#primaryimage\"},\"image\":{\"@id\":\"https:\/\/hubsch-interior.com\/fr\/produit\/beam-table-d-noir\/#primaryimage\"},\"thumbnailUrl\":\"https:\/\/hubsch-interior.com\/wp-content\/uploads\/2026\/02\/beam-side-table-black-00b6827dea2e885c88eb640e66553da5.jpg\",\"datePublished\":\"2022-02-08T13:32:36+00:00\",\"dateModified\":\"2026-04-09T02:16:59+00:00\",\"description\":\"Cette table d\u2019appoint est un petit bijou. La forme incurv\u00e9e du plateau en verre associ\u00e9e \u00e0 sa base en m\u00e9tal noir profond lui donne un air sophistiqu\u00e9 et\",\"breadcrumb\":{\"@id\":\"https:\/\/hubsch-interior.com\/fr\/produit\/beam-table-d-noir\/#breadcrumb\"},\"inLanguage\":\"fr-FR\",\"potentialAction\":[{\"@type\":\"ReadAction\",\"target\":[\"https:\/\/hubsch-interior.com\/fr\/produit\/beam-table-d-noir\/\"]}]},{\"@type\":\"ImageObject\",\"inLanguage\":\"fr-FR\",\"@id\":\"https:\/\/hubsch-interior.com\/fr\/produit\/beam-table-d-noir\/#primaryimage\",\"url\":\"https:\/\/hubsch-interior.com\/wp-content\/uploads\/2026\/02\/beam-side-table-black-00b6827dea2e885c88eb640e66553da5.jpg\",\"contentUrl\":\"https:\/\/hubsch-interior.com\/wp-content\/uploads\/2026\/02\/beam-side-table-black-00b6827dea2e885c88eb640e66553da5.jpg\",\"width\":1024,\"height\":1024},{\"@type\":\"BreadcrumbList\",\"@id\":\"https:\/\/hubsch-interior.com\/fr\/produit\/beam-table-d-noir\/#breadcrumb\",\"itemListElement\":[{\"@type\":\"ListItem\",\"position\":1,\"name\":\"Page d'accueil\",\"item\":\"https:\/\/hubsch-interior.com\/fr\/\"},{\"@type\":\"ListItem\",\"position\":2,\"name\":\"Produits\",\"item\":\"https:\/\/hubsch-interior.com\/fr\/shop-2\/\"},{\"@type\":\"ListItem\",\"position\":3,\"name\":\"Meubles\",\"item\":\"https:\/\/hubsch-interior.com\/fr\/categorie-produit\/meubles\/\"},{\"@type\":\"ListItem\",\"position\":4,\"name\":\"Tables\",\"item\":\"https:\/\/hubsch-interior.com\/fr\/categorie-produit\/meubles\/tables-fr\/\"},{\"@type\":\"ListItem\",\"position\":5,\"name\":\"Tables d&#039;appoint\",\"item\":\"https:\/\/hubsch-interior.com\/fr\/categorie-produit\/meubles\/tables-fr\/tables-dappoint-fr\/\"},{\"@type\":\"ListItem\",\"position\":6,\"name\":\"Beam Table d Noir\"}]},{\"@type\":\"WebSite\",\"@id\":\"https:\/\/hubsch-interior.com\/fr\/#website\",\"url\":\"https:\/\/hubsch-interior.com\/fr\/\",\"name\":\"H\u00fcbsch\",\"description\":\"Danish Home Interior and Design\",\"publisher\":{\"@id\":\"https:\/\/hubsch-interior.com\/fr\/#organization\"},\"potentialAction\":[{\"@type\":\"SearchAction\",\"target\":{\"@type\":\"EntryPoint\",\"urlTemplate\":\"https:\/\/hubsch-interior.com\/fr\/?s={search_term_string}\"},\"query-input\":{\"@type\":\"PropertyValueSpecification\",\"valueRequired\":true,\"valueName\":\"search_term_string\"}}],\"inLanguage\":\"fr-FR\"},{\"@type\":\"Organization\",\"@id\":\"https:\/\/hubsch-interior.com\/fr\/#organization\",\"name\":\"H\u00fcbsch\",\"url\":\"https:\/\/hubsch-interior.com\/fr\/\",\"logo\":{\"@type\":\"ImageObject\",\"inLanguage\":\"fr-FR\",\"@id\":\"https:\/\/hubsch-interior.com\/fr\/#\/schema\/logo\/image\/\",\"url\":\"https:\/\/hubsch-interior.com\/wp-content\/uploads\/2022\/12\/Hubsch_logo_black_one_line.svg\",\"contentUrl\":\"https:\/\/hubsch-interior.com\/wp-content\/uploads\/2022\/12\/Hubsch_logo_black_one_line.svg\",\"caption\":\"H\u00fcbsch\"},\"image\":{\"@id\":\"https:\/\/hubsch-interior.com\/fr\/#\/schema\/logo\/image\/\"}}]}<\/script>\n<!-- \/ Yoast SEO plugin. -->","yoast_head_json":{"title":"Beam Table d Noir - H\u00fcbsch","description":"Cette table d\u2019appoint est un petit bijou. La forme incurv\u00e9e du plateau en verre associ\u00e9e \u00e0 sa base en m\u00e9tal noir profond lui donne un air sophistiqu\u00e9 et","robots":{"index":"index","follow":"follow","max-snippet":"max-snippet:-1","max-image-preview":"max-image-preview:large","max-video-preview":"max-video-preview:-1"},"canonical":"https:\/\/hubsch-interior.com\/fr\/wp-json\/wp\/v2\/product\/739247","og_locale":"fr_FR","og_type":"article","og_title":"Beam Table d Noir - H\u00fcbsch","og_description":"Cette table d\u2019appoint est un petit bijou. La forme incurv\u00e9e du plateau en verre associ\u00e9e \u00e0 sa base en m\u00e9tal noir profond lui donne un air sophistiqu\u00e9 et","og_url":"https:\/\/hubsch-interior.com\/fr\/produit\/beam-table-d-noir\/","og_site_name":"H\u00fcbsch","article_modified_time":"2026-04-09T02:16:59+00:00","og_image":[{"width":1200,"height":1200,"url":"https:\/\/hubsch-interior.com\/wp-content\/uploads\/2025\/05\/beam-side-table-black-959ae7054163efe14a6d6569ccf4870a.jpg","type":"image\/jpeg"}],"twitter_card":"summary_large_image","schema":{"@context":"https:\/\/schema.org","@graph":[{"@type":"WebPage","@id":"https:\/\/hubsch-interior.com\/fr\/produit\/beam-table-d-noir\/","url":"https:\/\/hubsch-interior.com\/fr\/produit\/beam-table-d-noir\/","name":"Beam Table d Noir - H\u00fcbsch","isPartOf":{"@id":"https:\/\/hubsch-interior.com\/fr\/#website"},"primaryImageOfPage":{"@id":"https:\/\/hubsch-interior.com\/fr\/produit\/beam-table-d-noir\/#primaryimage"},"image":{"@id":"https:\/\/hubsch-interior.com\/fr\/produit\/beam-table-d-noir\/#primaryimage"},"thumbnailUrl":"https:\/\/hubsch-interior.com\/wp-content\/uploads\/2026\/02\/beam-side-table-black-00b6827dea2e885c88eb640e66553da5.jpg","datePublished":"2022-02-08T13:32:36+00:00","dateModified":"2026-04-09T02:16:59+00:00","description":"Cette table d\u2019appoint est un petit bijou. La forme incurv\u00e9e du plateau en verre associ\u00e9e \u00e0 sa base en m\u00e9tal noir profond lui donne un air sophistiqu\u00e9 et","breadcrumb":{"@id":"https:\/\/hubsch-interior.com\/fr\/produit\/beam-table-d-noir\/#breadcrumb"},"inLanguage":"fr-FR","potentialAction":[{"@type":"ReadAction","target":["https:\/\/hubsch-interior.com\/fr\/produit\/beam-table-d-noir\/"]}]},{"@type":"ImageObject","inLanguage":"fr-FR","@id":"https:\/\/hubsch-interior.com\/fr\/produit\/beam-table-d-noir\/#primaryimage","url":"https:\/\/hubsch-interior.com\/wp-content\/uploads\/2026\/02\/beam-side-table-black-00b6827dea2e885c88eb640e66553da5.jpg","contentUrl":"https:\/\/hubsch-interior.com\/wp-content\/uploads\/2026\/02\/beam-side-table-black-00b6827dea2e885c88eb640e66553da5.jpg","width":1024,"height":1024},{"@type":"BreadcrumbList","@id":"https:\/\/hubsch-interior.com\/fr\/produit\/beam-table-d-noir\/#breadcrumb","itemListElement":[{"@type":"ListItem","position":1,"name":"Page d'accueil","item":"https:\/\/hubsch-interior.com\/fr\/"},{"@type":"ListItem","position":2,"name":"Produits","item":"https:\/\/hubsch-interior.com\/fr\/shop-2\/"},{"@type":"ListItem","position":3,"name":"Meubles","item":"https:\/\/hubsch-interior.com\/fr\/categorie-produit\/meubles\/"},{"@type":"ListItem","position":4,"name":"Tables","item":"https:\/\/hubsch-interior.com\/fr\/categorie-produit\/meubles\/tables-fr\/"},{"@type":"ListItem","position":5,"name":"Tables d&#039;appoint","item":"https:\/\/hubsch-interior.com\/fr\/categorie-produit\/meubles\/tables-fr\/tables-dappoint-fr\/"},{"@type":"ListItem","position":6,"name":"Beam Table d Noir"}]},{"@type":"WebSite","@id":"https:\/\/hubsch-interior.com\/fr\/#website","url":"https:\/\/hubsch-interior.com\/fr\/","name":"H\u00fcbsch","description":"Danish Home Interior and Design","publisher":{"@id":"https:\/\/hubsch-interior.com\/fr\/#organization"},"potentialAction":[{"@type":"SearchAction","target":{"@type":"EntryPoint","urlTemplate":"https:\/\/hubsch-interior.com\/fr\/?s={search_term_string}"},"query-input":{"@type":"PropertyValueSpecification","valueRequired":true,"valueName":"search_term_string"}}],"inLanguage":"fr-FR"},{"@type":"Organization","@id":"https:\/\/hubsch-interior.com\/fr\/#organization","name":"H\u00fcbsch","url":"https:\/\/hubsch-interior.com\/fr\/","logo":{"@type":"ImageObject","inLanguage":"fr-FR","@id":"https:\/\/hubsch-interior.com\/fr\/#\/schema\/logo\/image\/","url":"https:\/\/hubsch-interior.com\/wp-content\/uploads\/2022\/12\/Hubsch_logo_black_one_line.svg","contentUrl":"https:\/\/hubsch-interior.com\/wp-content\/uploads\/2022\/12\/Hubsch_logo_black_one_line.svg","caption":"H\u00fcbsch"},"image":{"@id":"https:\/\/hubsch-interior.com\/fr\/#\/schema\/logo\/image\/"}}]}},"_links":{"self":[{"href":"https:\/\/hubsch-interior.com\/fr\/wp-json\/wp\/v2\/product\/739247","targetHints":{"allow":["GET"]}}],"collection":[{"href":"https:\/\/hubsch-interior.com\/fr\/wp-json\/wp\/v2\/product"}],"about":[{"href":"https:\/\/hubsch-interior.com\/fr\/wp-json\/wp\/v2\/types\/product"}],"wp:featuredmedia":[{"embeddable":true,"href":"https:\/\/hubsch-interior.com\/fr\/wp-json\/wp\/v2\/media\/1093151"}],"wp:attachment":[{"href":"https:\/\/hubsch-interior.com\/fr\/wp-json\/wp\/v2\/media?parent=739247"}],"wp:term":[{"taxonomy":"product_brand","embeddable":true,"href":"https:\/\/hubsch-interior.com\/fr\/wp-json\/wp\/v2\/product_brand?post=739247"},{"taxonomy":"product_cat","embeddable":true,"href":"https:\/\/hubsch-interior.com\/fr\/wp-json\/wp\/v2\/product_cat?post=739247"},{"taxonomy":"product_tag","embeddable":true,"href":"https:\/\/hubsch-interior.com\/fr\/wp-json\/wp\/v2\/product_tag?post=739247"}],"curies":[{"name":"wp","href":"https:\/\/api.w.org\/{rel}","templated":true}]}}