{"id":739295,"date":"2022-02-08T14:32:48","date_gmt":"2022-02-08T13:32:48","guid":{"rendered":"https:\/\/hubsch-interior.com\/product\/product\/"},"modified":"2026-04-09T04:17:05","modified_gmt":"2026-04-09T02:17:05","slug":"shine-miroir-small-bleu","status":"publish","type":"product","link":"https:\/\/hubsch-interior.com\/fr\/produit\/shine-miroir-small-bleu\/","title":{"rendered":"Shine Miroir Small Bleu"},"content":{"rendered":"<p>D\u00e9marrez votre plus belle journ\u00e9e avec ces miroirs ! La gamme de miroirs Shine se d\u00e9cline en quatre tailles. Vous pouvez accrocher un seul miroir ou en disposer plusieurs \u00e0 votre convenance pour un effet cumul\u00e9 et styl\u00e9. Ce petit miroir avec un cadre bleu est parfait comme \u00e9l\u00e9ment de d\u00e9coration sur une \u00e9tag\u00e8re ou accroch\u00e9 seul sur un mur. Tous les miroirs Shine peuvent \u00eatre positionn\u00e9s verticalement ou horizontalement.<\/p>\n","protected":false},"excerpt":{"rendered":"<p>D\u00e9marrez votre plus belle journ\u00e9e avec ces miroirs ! La gamme de miroirs Shine se d\u00e9cline en quatre tailles. Vous pouvez accrocher un seul miroir ou en disposer plusieurs \u00e0 votre convenance pour un effet cumul\u00e9 et styl\u00e9. Ce petit miroir avec un cadre bleu est parfait comme \u00e9l\u00e9ment de d\u00e9coration sur une \u00e9tag\u00e8re ou [&hellip;]<\/p>\n","protected":false},"featured_media":1093186,"template":"","meta":{"_acf_changed":false,"inline_featured_image":false},"product_brand":[],"product_cat":[2923,2924],"product_tag":[],"class_list":{"0":"post-739295","1":"product","2":"type-product","3":"status-publish","4":"has-post-thumbnail","6":"product_cat-miroirs-fr","7":"product_cat-miroirs-muraux-fr","8":"product_shipping_class-pk","10":"pa_color-bleu-2","11":"pa_material-fer-fr","12":"pa_material-verre","14":"first","15":"instock","16":"taxable","17":"shipping-taxable","18":"purchasable","19":"product-type-simple"},"exclude_global_add_ons":[],"addons":[],"acf":[],"yoast_head":"<!-- This site is optimized with the Yoast SEO plugin v26.4 - https:\/\/yoast.com\/wordpress\/plugins\/seo\/ -->\n<title>Shine Miroir Small Bleu - H\u00fcbsch<\/title>\n<meta name=\"description\" content=\"D\u00e9marrez votre plus belle journ\u00e9e avec ces miroirs ! La gamme de miroirs Shine se d\u00e9cline en quatre tailles. Vous pouvez accrocher un seul miroir ou en\" \/>\n<meta name=\"robots\" content=\"index, follow, max-snippet:-1, max-image-preview:large, max-video-preview:-1\" \/>\n<link rel=\"canonical\" href=\"https:\/\/hubsch-interior.com\/fr\/wp-json\/wp\/v2\/product\/739295\" \/>\n<meta property=\"og:locale\" content=\"fr_FR\" \/>\n<meta property=\"og:type\" content=\"article\" \/>\n<meta property=\"og:title\" content=\"Shine Miroir Small Bleu - H\u00fcbsch\" \/>\n<meta property=\"og:description\" content=\"D\u00e9marrez votre plus belle journ\u00e9e avec ces miroirs ! La gamme de miroirs Shine se d\u00e9cline en quatre tailles. Vous pouvez accrocher un seul miroir ou en\" \/>\n<meta property=\"og:url\" content=\"https:\/\/hubsch-interior.com\/fr\/produit\/shine-miroir-small-bleu\/\" \/>\n<meta property=\"og:site_name\" content=\"H\u00fcbsch\" \/>\n<meta property=\"article:modified_time\" content=\"2026-04-09T02:17:05+00:00\" \/>\n<meta property=\"og:image\" content=\"https:\/\/hubsch-interior.com\/wp-content\/uploads\/2023\/08\/shine-mirror-small-blue-103731b27bb7638f0fd98a9b733d6832.jpg\" \/>\n\t<meta property=\"og:image:width\" content=\"1200\" \/>\n\t<meta property=\"og:image:height\" content=\"1200\" \/>\n\t<meta property=\"og:image:type\" content=\"image\/jpeg\" \/>\n<meta name=\"twitter:card\" content=\"summary_large_image\" \/>\n<script type=\"application\/ld+json\" class=\"yoast-schema-graph\">{\"@context\":\"https:\/\/schema.org\",\"@graph\":[{\"@type\":\"WebPage\",\"@id\":\"https:\/\/hubsch-interior.com\/fr\/produit\/shine-miroir-small-bleu\/\",\"url\":\"https:\/\/hubsch-interior.com\/fr\/produit\/shine-miroir-small-bleu\/\",\"name\":\"Shine Miroir Small Bleu - H\u00fcbsch\",\"isPartOf\":{\"@id\":\"https:\/\/hubsch-interior.com\/fr\/#website\"},\"primaryImageOfPage\":{\"@id\":\"https:\/\/hubsch-interior.com\/fr\/produit\/shine-miroir-small-bleu\/#primaryimage\"},\"image\":{\"@id\":\"https:\/\/hubsch-interior.com\/fr\/produit\/shine-miroir-small-bleu\/#primaryimage\"},\"thumbnailUrl\":\"https:\/\/hubsch-interior.com\/wp-content\/uploads\/2026\/02\/shine-mirror-small-blue-e75e05d6220c9784ee2d74cd6ca825a0.jpg\",\"datePublished\":\"2022-02-08T13:32:48+00:00\",\"dateModified\":\"2026-04-09T02:17:05+00:00\",\"description\":\"D\u00e9marrez votre plus belle journ\u00e9e avec ces miroirs ! La gamme de miroirs Shine se d\u00e9cline en quatre tailles. Vous pouvez accrocher un seul miroir ou en\",\"breadcrumb\":{\"@id\":\"https:\/\/hubsch-interior.com\/fr\/produit\/shine-miroir-small-bleu\/#breadcrumb\"},\"inLanguage\":\"fr-FR\",\"potentialAction\":[{\"@type\":\"ReadAction\",\"target\":[\"https:\/\/hubsch-interior.com\/fr\/produit\/shine-miroir-small-bleu\/\"]}]},{\"@type\":\"ImageObject\",\"inLanguage\":\"fr-FR\",\"@id\":\"https:\/\/hubsch-interior.com\/fr\/produit\/shine-miroir-small-bleu\/#primaryimage\",\"url\":\"https:\/\/hubsch-interior.com\/wp-content\/uploads\/2026\/02\/shine-mirror-small-blue-e75e05d6220c9784ee2d74cd6ca825a0.jpg\",\"contentUrl\":\"https:\/\/hubsch-interior.com\/wp-content\/uploads\/2026\/02\/shine-mirror-small-blue-e75e05d6220c9784ee2d74cd6ca825a0.jpg\",\"width\":1024,\"height\":1024},{\"@type\":\"BreadcrumbList\",\"@id\":\"https:\/\/hubsch-interior.com\/fr\/produit\/shine-miroir-small-bleu\/#breadcrumb\",\"itemListElement\":[{\"@type\":\"ListItem\",\"position\":1,\"name\":\"Page d'accueil\",\"item\":\"https:\/\/hubsch-interior.com\/fr\/\"},{\"@type\":\"ListItem\",\"position\":2,\"name\":\"Produits\",\"item\":\"https:\/\/hubsch-interior.com\/fr\/shop-2\/\"},{\"@type\":\"ListItem\",\"position\":3,\"name\":\"Accessoires maison\",\"item\":\"https:\/\/hubsch-interior.com\/fr\/categorie-produit\/accessoires-maison\/\"},{\"@type\":\"ListItem\",\"position\":4,\"name\":\"Miroirs\",\"item\":\"https:\/\/hubsch-interior.com\/fr\/categorie-produit\/accessoires-maison\/miroirs-fr\/\"},{\"@type\":\"ListItem\",\"position\":5,\"name\":\"Miroirs muraux\",\"item\":\"https:\/\/hubsch-interior.com\/fr\/categorie-produit\/accessoires-maison\/miroirs-fr\/miroirs-muraux-fr\/\"},{\"@type\":\"ListItem\",\"position\":6,\"name\":\"Shine Miroir Small Bleu\"}]},{\"@type\":\"WebSite\",\"@id\":\"https:\/\/hubsch-interior.com\/fr\/#website\",\"url\":\"https:\/\/hubsch-interior.com\/fr\/\",\"name\":\"H\u00fcbsch\",\"description\":\"Danish Home Interior and Design\",\"publisher\":{\"@id\":\"https:\/\/hubsch-interior.com\/fr\/#organization\"},\"potentialAction\":[{\"@type\":\"SearchAction\",\"target\":{\"@type\":\"EntryPoint\",\"urlTemplate\":\"https:\/\/hubsch-interior.com\/fr\/?s={search_term_string}\"},\"query-input\":{\"@type\":\"PropertyValueSpecification\",\"valueRequired\":true,\"valueName\":\"search_term_string\"}}],\"inLanguage\":\"fr-FR\"},{\"@type\":\"Organization\",\"@id\":\"https:\/\/hubsch-interior.com\/fr\/#organization\",\"name\":\"H\u00fcbsch\",\"url\":\"https:\/\/hubsch-interior.com\/fr\/\",\"logo\":{\"@type\":\"ImageObject\",\"inLanguage\":\"fr-FR\",\"@id\":\"https:\/\/hubsch-interior.com\/fr\/#\/schema\/logo\/image\/\",\"url\":\"https:\/\/hubsch-interior.com\/wp-content\/uploads\/2022\/12\/Hubsch_logo_black_one_line.svg\",\"contentUrl\":\"https:\/\/hubsch-interior.com\/wp-content\/uploads\/2022\/12\/Hubsch_logo_black_one_line.svg\",\"caption\":\"H\u00fcbsch\"},\"image\":{\"@id\":\"https:\/\/hubsch-interior.com\/fr\/#\/schema\/logo\/image\/\"}}]}<\/script>\n<!-- \/ Yoast SEO plugin. -->","yoast_head_json":{"title":"Shine Miroir Small Bleu - H\u00fcbsch","description":"D\u00e9marrez votre plus belle journ\u00e9e avec ces miroirs ! La gamme de miroirs Shine se d\u00e9cline en quatre tailles. Vous pouvez accrocher un seul miroir ou en","robots":{"index":"index","follow":"follow","max-snippet":"max-snippet:-1","max-image-preview":"max-image-preview:large","max-video-preview":"max-video-preview:-1"},"canonical":"https:\/\/hubsch-interior.com\/fr\/wp-json\/wp\/v2\/product\/739295","og_locale":"fr_FR","og_type":"article","og_title":"Shine Miroir Small Bleu - H\u00fcbsch","og_description":"D\u00e9marrez votre plus belle journ\u00e9e avec ces miroirs ! La gamme de miroirs Shine se d\u00e9cline en quatre tailles. Vous pouvez accrocher un seul miroir ou en","og_url":"https:\/\/hubsch-interior.com\/fr\/produit\/shine-miroir-small-bleu\/","og_site_name":"H\u00fcbsch","article_modified_time":"2026-04-09T02:17:05+00:00","og_image":[{"width":1200,"height":1200,"url":"https:\/\/hubsch-interior.com\/wp-content\/uploads\/2023\/08\/shine-mirror-small-blue-103731b27bb7638f0fd98a9b733d6832.jpg","type":"image\/jpeg"}],"twitter_card":"summary_large_image","schema":{"@context":"https:\/\/schema.org","@graph":[{"@type":"WebPage","@id":"https:\/\/hubsch-interior.com\/fr\/produit\/shine-miroir-small-bleu\/","url":"https:\/\/hubsch-interior.com\/fr\/produit\/shine-miroir-small-bleu\/","name":"Shine Miroir Small Bleu - H\u00fcbsch","isPartOf":{"@id":"https:\/\/hubsch-interior.com\/fr\/#website"},"primaryImageOfPage":{"@id":"https:\/\/hubsch-interior.com\/fr\/produit\/shine-miroir-small-bleu\/#primaryimage"},"image":{"@id":"https:\/\/hubsch-interior.com\/fr\/produit\/shine-miroir-small-bleu\/#primaryimage"},"thumbnailUrl":"https:\/\/hubsch-interior.com\/wp-content\/uploads\/2026\/02\/shine-mirror-small-blue-e75e05d6220c9784ee2d74cd6ca825a0.jpg","datePublished":"2022-02-08T13:32:48+00:00","dateModified":"2026-04-09T02:17:05+00:00","description":"D\u00e9marrez votre plus belle journ\u00e9e avec ces miroirs ! La gamme de miroirs Shine se d\u00e9cline en quatre tailles. Vous pouvez accrocher un seul miroir ou en","breadcrumb":{"@id":"https:\/\/hubsch-interior.com\/fr\/produit\/shine-miroir-small-bleu\/#breadcrumb"},"inLanguage":"fr-FR","potentialAction":[{"@type":"ReadAction","target":["https:\/\/hubsch-interior.com\/fr\/produit\/shine-miroir-small-bleu\/"]}]},{"@type":"ImageObject","inLanguage":"fr-FR","@id":"https:\/\/hubsch-interior.com\/fr\/produit\/shine-miroir-small-bleu\/#primaryimage","url":"https:\/\/hubsch-interior.com\/wp-content\/uploads\/2026\/02\/shine-mirror-small-blue-e75e05d6220c9784ee2d74cd6ca825a0.jpg","contentUrl":"https:\/\/hubsch-interior.com\/wp-content\/uploads\/2026\/02\/shine-mirror-small-blue-e75e05d6220c9784ee2d74cd6ca825a0.jpg","width":1024,"height":1024},{"@type":"BreadcrumbList","@id":"https:\/\/hubsch-interior.com\/fr\/produit\/shine-miroir-small-bleu\/#breadcrumb","itemListElement":[{"@type":"ListItem","position":1,"name":"Page d'accueil","item":"https:\/\/hubsch-interior.com\/fr\/"},{"@type":"ListItem","position":2,"name":"Produits","item":"https:\/\/hubsch-interior.com\/fr\/shop-2\/"},{"@type":"ListItem","position":3,"name":"Accessoires maison","item":"https:\/\/hubsch-interior.com\/fr\/categorie-produit\/accessoires-maison\/"},{"@type":"ListItem","position":4,"name":"Miroirs","item":"https:\/\/hubsch-interior.com\/fr\/categorie-produit\/accessoires-maison\/miroirs-fr\/"},{"@type":"ListItem","position":5,"name":"Miroirs muraux","item":"https:\/\/hubsch-interior.com\/fr\/categorie-produit\/accessoires-maison\/miroirs-fr\/miroirs-muraux-fr\/"},{"@type":"ListItem","position":6,"name":"Shine Miroir Small Bleu"}]},{"@type":"WebSite","@id":"https:\/\/hubsch-interior.com\/fr\/#website","url":"https:\/\/hubsch-interior.com\/fr\/","name":"H\u00fcbsch","description":"Danish Home Interior and Design","publisher":{"@id":"https:\/\/hubsch-interior.com\/fr\/#organization"},"potentialAction":[{"@type":"SearchAction","target":{"@type":"EntryPoint","urlTemplate":"https:\/\/hubsch-interior.com\/fr\/?s={search_term_string}"},"query-input":{"@type":"PropertyValueSpecification","valueRequired":true,"valueName":"search_term_string"}}],"inLanguage":"fr-FR"},{"@type":"Organization","@id":"https:\/\/hubsch-interior.com\/fr\/#organization","name":"H\u00fcbsch","url":"https:\/\/hubsch-interior.com\/fr\/","logo":{"@type":"ImageObject","inLanguage":"fr-FR","@id":"https:\/\/hubsch-interior.com\/fr\/#\/schema\/logo\/image\/","url":"https:\/\/hubsch-interior.com\/wp-content\/uploads\/2022\/12\/Hubsch_logo_black_one_line.svg","contentUrl":"https:\/\/hubsch-interior.com\/wp-content\/uploads\/2022\/12\/Hubsch_logo_black_one_line.svg","caption":"H\u00fcbsch"},"image":{"@id":"https:\/\/hubsch-interior.com\/fr\/#\/schema\/logo\/image\/"}}]}},"_links":{"self":[{"href":"https:\/\/hubsch-interior.com\/fr\/wp-json\/wp\/v2\/product\/739295","targetHints":{"allow":["GET"]}}],"collection":[{"href":"https:\/\/hubsch-interior.com\/fr\/wp-json\/wp\/v2\/product"}],"about":[{"href":"https:\/\/hubsch-interior.com\/fr\/wp-json\/wp\/v2\/types\/product"}],"wp:featuredmedia":[{"embeddable":true,"href":"https:\/\/hubsch-interior.com\/fr\/wp-json\/wp\/v2\/media\/1093186"}],"wp:attachment":[{"href":"https:\/\/hubsch-interior.com\/fr\/wp-json\/wp\/v2\/media?parent=739295"}],"wp:term":[{"taxonomy":"product_brand","embeddable":true,"href":"https:\/\/hubsch-interior.com\/fr\/wp-json\/wp\/v2\/product_brand?post=739295"},{"taxonomy":"product_cat","embeddable":true,"href":"https:\/\/hubsch-interior.com\/fr\/wp-json\/wp\/v2\/product_cat?post=739295"},{"taxonomy":"product_tag","embeddable":true,"href":"https:\/\/hubsch-interior.com\/fr\/wp-json\/wp\/v2\/product_tag?post=739295"}],"curies":[{"name":"wp","href":"https:\/\/api.w.org\/{rel}","templated":true}]}}