{"id":739519,"date":"2022-02-08T14:33:59","date_gmt":"2022-02-08T13:33:59","guid":{"rendered":"https:\/\/hubsch-interior.com\/product\/product\/"},"modified":"2026-04-09T04:17:15","modified_gmt":"2026-04-09T02:17:15","slug":"silo-tabouret-beige","status":"publish","type":"product","link":"https:\/\/hubsch-interior.com\/fr\/produit\/silo-tabouret-beige\/","title":{"rendered":"Silo Tabouret Beige"},"content":{"rendered":"<p>Un tabouret pratique, fonctionnel et confortable est toujours un \u00e9l\u00e9ment indispensable dans votre habitat. Ce tabouret peut accueillir \u00e0 la fois des invit\u00e9s inattendus ou offrir une assise d\u00e9coration suppl\u00e9mentaire et utile. Ce tabouret a un style unique et \u00e9l\u00e9gant, avec des pieds gris clair et une assise rembourr\u00e9e de couleur sable ; il apporte un look fantaisiste \u00e0 une d\u00e9coration tendance ou classique.<\/p>\n","protected":false},"excerpt":{"rendered":"<p>Un tabouret pratique, fonctionnel et confortable est toujours un \u00e9l\u00e9ment indispensable dans votre habitat. Ce tabouret peut accueillir \u00e0 la fois des invit\u00e9s inattendus ou offrir une assise d\u00e9coration suppl\u00e9mentaire et utile. Ce tabouret a un style unique et \u00e9l\u00e9gant, avec des pieds gris clair et une assise rembourr\u00e9e de couleur sable ; il apporte [&hellip;]<\/p>\n","protected":false},"featured_media":1112776,"template":"","meta":{"_acf_changed":false,"inline_featured_image":false},"product_brand":[],"product_cat":[2843,3041,5030],"product_tag":[],"class_list":{"0":"post-739519","1":"product","2":"type-product","3":"status-publish","4":"has-post-thumbnail","6":"product_cat-assises-fr","7":"product_cat-tabouret-fr","8":"product_cat-de-nouveau-en-stock-fr","9":"product_shipping_class-pk","11":"pa_color-beige-3","12":"pa_material-acrylic-10-fr","13":"pa_material-polyester-90-fr","14":"pa_material-acier","16":"first","17":"instock","18":"taxable","19":"shipping-taxable","20":"purchasable","21":"product-type-simple"},"exclude_global_add_ons":[],"addons":[],"acf":[],"yoast_head":"<!-- This site is optimized with the Yoast SEO plugin v26.4 - https:\/\/yoast.com\/wordpress\/plugins\/seo\/ -->\n<title>Silo Tabouret Beige - H\u00fcbsch<\/title>\n<meta name=\"description\" content=\"Un tabouret pratique, fonctionnel et confortable est toujours un \u00e9l\u00e9ment indispensable dans votre habitat. Ce tabouret peut accueillir \u00e0 la fois des\" \/>\n<meta name=\"robots\" content=\"index, follow, max-snippet:-1, max-image-preview:large, max-video-preview:-1\" \/>\n<link rel=\"canonical\" href=\"https:\/\/hubsch-interior.com\/fr\/wp-json\/wp\/v2\/product\/739519\" \/>\n<meta property=\"og:locale\" content=\"fr_FR\" \/>\n<meta property=\"og:type\" content=\"article\" \/>\n<meta property=\"og:title\" content=\"Silo Tabouret Beige - H\u00fcbsch\" \/>\n<meta property=\"og:description\" content=\"Un tabouret pratique, fonctionnel et confortable est toujours un \u00e9l\u00e9ment indispensable dans votre habitat. Ce tabouret peut accueillir \u00e0 la fois des\" \/>\n<meta property=\"og:url\" content=\"https:\/\/hubsch-interior.com\/fr\/produit\/silo-tabouret-beige\/\" \/>\n<meta property=\"og:site_name\" content=\"H\u00fcbsch\" \/>\n<meta property=\"article:modified_time\" content=\"2026-04-09T02:17:15+00:00\" \/>\n<meta property=\"og:image\" content=\"https:\/\/hubsch-interior.com\/wp-content\/uploads\/2026\/02\/silo-stool-beige-b5790138eeab731408de319c854ad7a1.jpg\" \/>\n\t<meta property=\"og:image:width\" content=\"1024\" \/>\n\t<meta property=\"og:image:height\" content=\"1024\" \/>\n\t<meta property=\"og:image:type\" content=\"image\/jpeg\" \/>\n<meta name=\"twitter:card\" content=\"summary_large_image\" \/>\n<script type=\"application\/ld+json\" class=\"yoast-schema-graph\">{\"@context\":\"https:\/\/schema.org\",\"@graph\":[{\"@type\":\"WebPage\",\"@id\":\"https:\/\/hubsch-interior.com\/fr\/produit\/silo-tabouret-beige\/\",\"url\":\"https:\/\/hubsch-interior.com\/fr\/produit\/silo-tabouret-beige\/\",\"name\":\"Silo Tabouret Beige - H\u00fcbsch\",\"isPartOf\":{\"@id\":\"https:\/\/hubsch-interior.com\/fr\/#website\"},\"primaryImageOfPage\":{\"@id\":\"https:\/\/hubsch-interior.com\/fr\/produit\/silo-tabouret-beige\/#primaryimage\"},\"image\":{\"@id\":\"https:\/\/hubsch-interior.com\/fr\/produit\/silo-tabouret-beige\/#primaryimage\"},\"thumbnailUrl\":\"https:\/\/hubsch-interior.com\/wp-content\/uploads\/2026\/02\/silo-stool-beige-b5790138eeab731408de319c854ad7a1.jpg\",\"datePublished\":\"2022-02-08T13:33:59+00:00\",\"dateModified\":\"2026-04-09T02:17:15+00:00\",\"description\":\"Un tabouret pratique, fonctionnel et confortable est toujours un \u00e9l\u00e9ment indispensable dans votre habitat. Ce tabouret peut accueillir \u00e0 la fois des\",\"breadcrumb\":{\"@id\":\"https:\/\/hubsch-interior.com\/fr\/produit\/silo-tabouret-beige\/#breadcrumb\"},\"inLanguage\":\"fr-FR\",\"potentialAction\":[{\"@type\":\"ReadAction\",\"target\":[\"https:\/\/hubsch-interior.com\/fr\/produit\/silo-tabouret-beige\/\"]}]},{\"@type\":\"ImageObject\",\"inLanguage\":\"fr-FR\",\"@id\":\"https:\/\/hubsch-interior.com\/fr\/produit\/silo-tabouret-beige\/#primaryimage\",\"url\":\"https:\/\/hubsch-interior.com\/wp-content\/uploads\/2026\/02\/silo-stool-beige-b5790138eeab731408de319c854ad7a1.jpg\",\"contentUrl\":\"https:\/\/hubsch-interior.com\/wp-content\/uploads\/2026\/02\/silo-stool-beige-b5790138eeab731408de319c854ad7a1.jpg\",\"width\":1024,\"height\":1024},{\"@type\":\"BreadcrumbList\",\"@id\":\"https:\/\/hubsch-interior.com\/fr\/produit\/silo-tabouret-beige\/#breadcrumb\",\"itemListElement\":[{\"@type\":\"ListItem\",\"position\":1,\"name\":\"Page d'accueil\",\"item\":\"https:\/\/hubsch-interior.com\/fr\/\"},{\"@type\":\"ListItem\",\"position\":2,\"name\":\"Produits\",\"item\":\"https:\/\/hubsch-interior.com\/fr\/shop-2\/\"},{\"@type\":\"ListItem\",\"position\":3,\"name\":\"Meubles\",\"item\":\"https:\/\/hubsch-interior.com\/fr\/categorie-produit\/meubles\/\"},{\"@type\":\"ListItem\",\"position\":4,\"name\":\"Assises\",\"item\":\"https:\/\/hubsch-interior.com\/fr\/categorie-produit\/meubles\/assises-fr\/\"},{\"@type\":\"ListItem\",\"position\":5,\"name\":\"Tabouret\",\"item\":\"https:\/\/hubsch-interior.com\/fr\/categorie-produit\/meubles\/assises-fr\/tabouret-fr\/\"},{\"@type\":\"ListItem\",\"position\":6,\"name\":\"Silo Tabouret Beige\"}]},{\"@type\":\"WebSite\",\"@id\":\"https:\/\/hubsch-interior.com\/fr\/#website\",\"url\":\"https:\/\/hubsch-interior.com\/fr\/\",\"name\":\"H\u00fcbsch\",\"description\":\"Danish Home Interior and Design\",\"publisher\":{\"@id\":\"https:\/\/hubsch-interior.com\/fr\/#organization\"},\"potentialAction\":[{\"@type\":\"SearchAction\",\"target\":{\"@type\":\"EntryPoint\",\"urlTemplate\":\"https:\/\/hubsch-interior.com\/fr\/?s={search_term_string}\"},\"query-input\":{\"@type\":\"PropertyValueSpecification\",\"valueRequired\":true,\"valueName\":\"search_term_string\"}}],\"inLanguage\":\"fr-FR\"},{\"@type\":\"Organization\",\"@id\":\"https:\/\/hubsch-interior.com\/fr\/#organization\",\"name\":\"H\u00fcbsch\",\"url\":\"https:\/\/hubsch-interior.com\/fr\/\",\"logo\":{\"@type\":\"ImageObject\",\"inLanguage\":\"fr-FR\",\"@id\":\"https:\/\/hubsch-interior.com\/fr\/#\/schema\/logo\/image\/\",\"url\":\"https:\/\/hubsch-interior.com\/wp-content\/uploads\/2022\/12\/Hubsch_logo_black_one_line.svg\",\"contentUrl\":\"https:\/\/hubsch-interior.com\/wp-content\/uploads\/2022\/12\/Hubsch_logo_black_one_line.svg\",\"caption\":\"H\u00fcbsch\"},\"image\":{\"@id\":\"https:\/\/hubsch-interior.com\/fr\/#\/schema\/logo\/image\/\"}}]}<\/script>\n<!-- \/ Yoast SEO plugin. -->","yoast_head_json":{"title":"Silo Tabouret Beige - H\u00fcbsch","description":"Un tabouret pratique, fonctionnel et confortable est toujours un \u00e9l\u00e9ment indispensable dans votre habitat. Ce tabouret peut accueillir \u00e0 la fois des","robots":{"index":"index","follow":"follow","max-snippet":"max-snippet:-1","max-image-preview":"max-image-preview:large","max-video-preview":"max-video-preview:-1"},"canonical":"https:\/\/hubsch-interior.com\/fr\/wp-json\/wp\/v2\/product\/739519","og_locale":"fr_FR","og_type":"article","og_title":"Silo Tabouret Beige - H\u00fcbsch","og_description":"Un tabouret pratique, fonctionnel et confortable est toujours un \u00e9l\u00e9ment indispensable dans votre habitat. Ce tabouret peut accueillir \u00e0 la fois des","og_url":"https:\/\/hubsch-interior.com\/fr\/produit\/silo-tabouret-beige\/","og_site_name":"H\u00fcbsch","article_modified_time":"2026-04-09T02:17:15+00:00","og_image":[{"width":1024,"height":1024,"url":"https:\/\/hubsch-interior.com\/wp-content\/uploads\/2026\/02\/silo-stool-beige-b5790138eeab731408de319c854ad7a1.jpg","type":"image\/jpeg"}],"twitter_card":"summary_large_image","schema":{"@context":"https:\/\/schema.org","@graph":[{"@type":"WebPage","@id":"https:\/\/hubsch-interior.com\/fr\/produit\/silo-tabouret-beige\/","url":"https:\/\/hubsch-interior.com\/fr\/produit\/silo-tabouret-beige\/","name":"Silo Tabouret Beige - H\u00fcbsch","isPartOf":{"@id":"https:\/\/hubsch-interior.com\/fr\/#website"},"primaryImageOfPage":{"@id":"https:\/\/hubsch-interior.com\/fr\/produit\/silo-tabouret-beige\/#primaryimage"},"image":{"@id":"https:\/\/hubsch-interior.com\/fr\/produit\/silo-tabouret-beige\/#primaryimage"},"thumbnailUrl":"https:\/\/hubsch-interior.com\/wp-content\/uploads\/2026\/02\/silo-stool-beige-b5790138eeab731408de319c854ad7a1.jpg","datePublished":"2022-02-08T13:33:59+00:00","dateModified":"2026-04-09T02:17:15+00:00","description":"Un tabouret pratique, fonctionnel et confortable est toujours un \u00e9l\u00e9ment indispensable dans votre habitat. Ce tabouret peut accueillir \u00e0 la fois des","breadcrumb":{"@id":"https:\/\/hubsch-interior.com\/fr\/produit\/silo-tabouret-beige\/#breadcrumb"},"inLanguage":"fr-FR","potentialAction":[{"@type":"ReadAction","target":["https:\/\/hubsch-interior.com\/fr\/produit\/silo-tabouret-beige\/"]}]},{"@type":"ImageObject","inLanguage":"fr-FR","@id":"https:\/\/hubsch-interior.com\/fr\/produit\/silo-tabouret-beige\/#primaryimage","url":"https:\/\/hubsch-interior.com\/wp-content\/uploads\/2026\/02\/silo-stool-beige-b5790138eeab731408de319c854ad7a1.jpg","contentUrl":"https:\/\/hubsch-interior.com\/wp-content\/uploads\/2026\/02\/silo-stool-beige-b5790138eeab731408de319c854ad7a1.jpg","width":1024,"height":1024},{"@type":"BreadcrumbList","@id":"https:\/\/hubsch-interior.com\/fr\/produit\/silo-tabouret-beige\/#breadcrumb","itemListElement":[{"@type":"ListItem","position":1,"name":"Page d'accueil","item":"https:\/\/hubsch-interior.com\/fr\/"},{"@type":"ListItem","position":2,"name":"Produits","item":"https:\/\/hubsch-interior.com\/fr\/shop-2\/"},{"@type":"ListItem","position":3,"name":"Meubles","item":"https:\/\/hubsch-interior.com\/fr\/categorie-produit\/meubles\/"},{"@type":"ListItem","position":4,"name":"Assises","item":"https:\/\/hubsch-interior.com\/fr\/categorie-produit\/meubles\/assises-fr\/"},{"@type":"ListItem","position":5,"name":"Tabouret","item":"https:\/\/hubsch-interior.com\/fr\/categorie-produit\/meubles\/assises-fr\/tabouret-fr\/"},{"@type":"ListItem","position":6,"name":"Silo Tabouret Beige"}]},{"@type":"WebSite","@id":"https:\/\/hubsch-interior.com\/fr\/#website","url":"https:\/\/hubsch-interior.com\/fr\/","name":"H\u00fcbsch","description":"Danish Home Interior and Design","publisher":{"@id":"https:\/\/hubsch-interior.com\/fr\/#organization"},"potentialAction":[{"@type":"SearchAction","target":{"@type":"EntryPoint","urlTemplate":"https:\/\/hubsch-interior.com\/fr\/?s={search_term_string}"},"query-input":{"@type":"PropertyValueSpecification","valueRequired":true,"valueName":"search_term_string"}}],"inLanguage":"fr-FR"},{"@type":"Organization","@id":"https:\/\/hubsch-interior.com\/fr\/#organization","name":"H\u00fcbsch","url":"https:\/\/hubsch-interior.com\/fr\/","logo":{"@type":"ImageObject","inLanguage":"fr-FR","@id":"https:\/\/hubsch-interior.com\/fr\/#\/schema\/logo\/image\/","url":"https:\/\/hubsch-interior.com\/wp-content\/uploads\/2022\/12\/Hubsch_logo_black_one_line.svg","contentUrl":"https:\/\/hubsch-interior.com\/wp-content\/uploads\/2022\/12\/Hubsch_logo_black_one_line.svg","caption":"H\u00fcbsch"},"image":{"@id":"https:\/\/hubsch-interior.com\/fr\/#\/schema\/logo\/image\/"}}]}},"_links":{"self":[{"href":"https:\/\/hubsch-interior.com\/fr\/wp-json\/wp\/v2\/product\/739519","targetHints":{"allow":["GET"]}}],"collection":[{"href":"https:\/\/hubsch-interior.com\/fr\/wp-json\/wp\/v2\/product"}],"about":[{"href":"https:\/\/hubsch-interior.com\/fr\/wp-json\/wp\/v2\/types\/product"}],"wp:featuredmedia":[{"embeddable":true,"href":"https:\/\/hubsch-interior.com\/fr\/wp-json\/wp\/v2\/media\/1112776"}],"wp:attachment":[{"href":"https:\/\/hubsch-interior.com\/fr\/wp-json\/wp\/v2\/media?parent=739519"}],"wp:term":[{"taxonomy":"product_brand","embeddable":true,"href":"https:\/\/hubsch-interior.com\/fr\/wp-json\/wp\/v2\/product_brand?post=739519"},{"taxonomy":"product_cat","embeddable":true,"href":"https:\/\/hubsch-interior.com\/fr\/wp-json\/wp\/v2\/product_cat?post=739519"},{"taxonomy":"product_tag","embeddable":true,"href":"https:\/\/hubsch-interior.com\/fr\/wp-json\/wp\/v2\/product_tag?post=739519"}],"curies":[{"name":"wp","href":"https:\/\/api.w.org\/{rel}","templated":true}]}}