{"id":739811,"date":"2022-02-08T14:35:38","date_gmt":"2022-02-08T13:35:38","guid":{"rendered":"https:\/\/hubsch-interior.com\/product\/product\/"},"modified":"2026-04-09T04:21:45","modified_gmt":"2026-04-09T02:21:45","slug":"formu-paniers-large-naturel-set-de-2","status":"publish","type":"product","link":"https:\/\/hubsch-interior.com\/fr\/produit\/formu-paniers-large-naturel-set-de-2\/","title":{"rendered":"Formu Paniers Large Naturel (set de 2)"},"content":{"rendered":"<p>Ces plateaux en bambou sont une invitation \u00e0 prendre un th\u00e9 par un bel apr\u00e8s-midi tranquille. Offrez-vous une pause th\u00e9 tr\u00e8s british avec des scones et de la confiture de fraises ou appr\u00e9ciez un th\u00e9 bien chaud avec quelques douceurs. Vous pouvez \u00e9galement utiliser ces plateaux pour y poser des d\u00e9corations diverses, fleurs s\u00e9ch\u00e9es, bougies &#8230; A vous de vous laisser porter par votre imagination !<\/p>\n","protected":false},"excerpt":{"rendered":"<p>Ces plateaux en bambou sont une invitation \u00e0 prendre un th\u00e9 par un bel apr\u00e8s-midi tranquille. Offrez-vous une pause th\u00e9 tr\u00e8s british avec des scones et de la confiture de fraises ou appr\u00e9ciez un th\u00e9 bien chaud avec quelques douceurs. Vous pouvez \u00e9galement utiliser ces plateaux pour y poser des d\u00e9corations diverses, fleurs s\u00e9ch\u00e9es, bougies [&hellip;]<\/p>\n","protected":false},"featured_media":1094712,"template":"","meta":{"_acf_changed":false,"inline_featured_image":false},"product_brand":[],"product_cat":[7039,6971,7027,6348,3110,4075,6535],"product_tag":[],"class_list":{"0":"post-739811","1":"product","2":"type-product","3":"status-publish","4":"has-post-thumbnail","6":"product_cat-cuisine-plateaux-fr","7":"product_cat-paques","8":"product_cat-vaisselle-fr-2","9":"product_cat-garden-selection-fr","10":"product_cat-espace-de-rangement-fr","11":"product_cat-paniers-fr","12":"product_cat-outlet-fr","13":"product_shipping_class-pk","15":"pa_color-naturel-2","16":"pa_material-bambou-fr","18":"first","19":"instock","20":"sale","21":"taxable","22":"shipping-taxable","23":"purchasable","24":"product-type-simple"},"exclude_global_add_ons":[],"addons":[],"acf":[],"yoast_head":"<!-- This site is optimized with the Yoast SEO plugin v26.4 - https:\/\/yoast.com\/wordpress\/plugins\/seo\/ -->\n<title>Formu Paniers Large Naturel (set de 2) - H\u00fcbsch<\/title>\n<meta name=\"description\" content=\"Ces plateaux en bambou sont une invitation \u00e0 prendre un th\u00e9 par un bel apr\u00e8s-midi tranquille. Offrez-vous une pause th\u00e9 tr\u00e8s british avec des scones et de\" \/>\n<meta name=\"robots\" content=\"index, follow, max-snippet:-1, max-image-preview:large, max-video-preview:-1\" \/>\n<link rel=\"canonical\" href=\"https:\/\/hubsch-interior.com\/fr\/wp-json\/wp\/v2\/product\/739811\" \/>\n<meta property=\"og:locale\" content=\"fr_FR\" \/>\n<meta property=\"og:type\" content=\"article\" \/>\n<meta property=\"og:title\" content=\"Formu Paniers Large Naturel (set de 2) - H\u00fcbsch\" \/>\n<meta property=\"og:description\" content=\"Ces plateaux en bambou sont une invitation \u00e0 prendre un th\u00e9 par un bel apr\u00e8s-midi tranquille. Offrez-vous une pause th\u00e9 tr\u00e8s british avec des scones et de\" \/>\n<meta property=\"og:url\" content=\"https:\/\/hubsch-interior.com\/fr\/produit\/formu-paniers-large-naturel-set-de-2\/\" \/>\n<meta property=\"og:site_name\" content=\"H\u00fcbsch\" \/>\n<meta property=\"article:modified_time\" content=\"2026-04-09T02:21:45+00:00\" \/>\n<meta property=\"og:image\" content=\"https:\/\/hubsch-interior.com\/wp-content\/uploads\/2023\/08\/formu-baskets-large-natural-set-of-2-f923dbf45d0f9c1f78829d112d574598.jpg\" \/>\n\t<meta property=\"og:image:width\" content=\"1200\" \/>\n\t<meta property=\"og:image:height\" content=\"1200\" \/>\n\t<meta property=\"og:image:type\" content=\"image\/jpeg\" \/>\n<meta name=\"twitter:card\" content=\"summary_large_image\" \/>\n<script type=\"application\/ld+json\" class=\"yoast-schema-graph\">{\"@context\":\"https:\/\/schema.org\",\"@graph\":[{\"@type\":\"WebPage\",\"@id\":\"https:\/\/hubsch-interior.com\/fr\/produit\/formu-paniers-large-naturel-set-de-2\/\",\"url\":\"https:\/\/hubsch-interior.com\/fr\/produit\/formu-paniers-large-naturel-set-de-2\/\",\"name\":\"Formu Paniers Large Naturel (set de 2) - H\u00fcbsch\",\"isPartOf\":{\"@id\":\"https:\/\/hubsch-interior.com\/fr\/#website\"},\"primaryImageOfPage\":{\"@id\":\"https:\/\/hubsch-interior.com\/fr\/produit\/formu-paniers-large-naturel-set-de-2\/#primaryimage\"},\"image\":{\"@id\":\"https:\/\/hubsch-interior.com\/fr\/produit\/formu-paniers-large-naturel-set-de-2\/#primaryimage\"},\"thumbnailUrl\":\"https:\/\/hubsch-interior.com\/wp-content\/uploads\/2026\/02\/formu-baskets-large-natural-set-of-2-f2a1d5dc74aae1b866cd35ebd8214c19.jpg\",\"datePublished\":\"2022-02-08T13:35:38+00:00\",\"dateModified\":\"2026-04-09T02:21:45+00:00\",\"description\":\"Ces plateaux en bambou sont une invitation \u00e0 prendre un th\u00e9 par un bel apr\u00e8s-midi tranquille. Offrez-vous une pause th\u00e9 tr\u00e8s british avec des scones et de\",\"breadcrumb\":{\"@id\":\"https:\/\/hubsch-interior.com\/fr\/produit\/formu-paniers-large-naturel-set-de-2\/#breadcrumb\"},\"inLanguage\":\"fr-FR\",\"potentialAction\":[{\"@type\":\"ReadAction\",\"target\":[\"https:\/\/hubsch-interior.com\/fr\/produit\/formu-paniers-large-naturel-set-de-2\/\"]}]},{\"@type\":\"ImageObject\",\"inLanguage\":\"fr-FR\",\"@id\":\"https:\/\/hubsch-interior.com\/fr\/produit\/formu-paniers-large-naturel-set-de-2\/#primaryimage\",\"url\":\"https:\/\/hubsch-interior.com\/wp-content\/uploads\/2026\/02\/formu-baskets-large-natural-set-of-2-f2a1d5dc74aae1b866cd35ebd8214c19.jpg\",\"contentUrl\":\"https:\/\/hubsch-interior.com\/wp-content\/uploads\/2026\/02\/formu-baskets-large-natural-set-of-2-f2a1d5dc74aae1b866cd35ebd8214c19.jpg\",\"width\":1024,\"height\":1024},{\"@type\":\"BreadcrumbList\",\"@id\":\"https:\/\/hubsch-interior.com\/fr\/produit\/formu-paniers-large-naturel-set-de-2\/#breadcrumb\",\"itemListElement\":[{\"@type\":\"ListItem\",\"position\":1,\"name\":\"Page d'accueil\",\"item\":\"https:\/\/hubsch-interior.com\/fr\/\"},{\"@type\":\"ListItem\",\"position\":2,\"name\":\"Produits\",\"item\":\"https:\/\/hubsch-interior.com\/fr\/shop-2\/\"},{\"@type\":\"ListItem\",\"position\":3,\"name\":\"Cuisine\",\"item\":\"https:\/\/hubsch-interior.com\/fr\/categorie-produit\/cuisine\/\"},{\"@type\":\"ListItem\",\"position\":4,\"name\":\"Vaisselle\",\"item\":\"https:\/\/hubsch-interior.com\/fr\/categorie-produit\/cuisine\/vaisselle-fr-2\/\"},{\"@type\":\"ListItem\",\"position\":5,\"name\":\"Plateaux\",\"item\":\"https:\/\/hubsch-interior.com\/fr\/categorie-produit\/cuisine\/vaisselle-fr-2\/cuisine-plateaux-fr\/\"},{\"@type\":\"ListItem\",\"position\":6,\"name\":\"Formu Paniers Large Naturel (set de 2)\"}]},{\"@type\":\"WebSite\",\"@id\":\"https:\/\/hubsch-interior.com\/fr\/#website\",\"url\":\"https:\/\/hubsch-interior.com\/fr\/\",\"name\":\"H\u00fcbsch\",\"description\":\"Danish Home Interior and Design\",\"publisher\":{\"@id\":\"https:\/\/hubsch-interior.com\/fr\/#organization\"},\"potentialAction\":[{\"@type\":\"SearchAction\",\"target\":{\"@type\":\"EntryPoint\",\"urlTemplate\":\"https:\/\/hubsch-interior.com\/fr\/?s={search_term_string}\"},\"query-input\":{\"@type\":\"PropertyValueSpecification\",\"valueRequired\":true,\"valueName\":\"search_term_string\"}}],\"inLanguage\":\"fr-FR\"},{\"@type\":\"Organization\",\"@id\":\"https:\/\/hubsch-interior.com\/fr\/#organization\",\"name\":\"H\u00fcbsch\",\"url\":\"https:\/\/hubsch-interior.com\/fr\/\",\"logo\":{\"@type\":\"ImageObject\",\"inLanguage\":\"fr-FR\",\"@id\":\"https:\/\/hubsch-interior.com\/fr\/#\/schema\/logo\/image\/\",\"url\":\"https:\/\/hubsch-interior.com\/wp-content\/uploads\/2022\/12\/Hubsch_logo_black_one_line.svg\",\"contentUrl\":\"https:\/\/hubsch-interior.com\/wp-content\/uploads\/2022\/12\/Hubsch_logo_black_one_line.svg\",\"caption\":\"H\u00fcbsch\"},\"image\":{\"@id\":\"https:\/\/hubsch-interior.com\/fr\/#\/schema\/logo\/image\/\"}}]}<\/script>\n<!-- \/ Yoast SEO plugin. -->","yoast_head_json":{"title":"Formu Paniers Large Naturel (set de 2) - H\u00fcbsch","description":"Ces plateaux en bambou sont une invitation \u00e0 prendre un th\u00e9 par un bel apr\u00e8s-midi tranquille. Offrez-vous une pause th\u00e9 tr\u00e8s british avec des scones et de","robots":{"index":"index","follow":"follow","max-snippet":"max-snippet:-1","max-image-preview":"max-image-preview:large","max-video-preview":"max-video-preview:-1"},"canonical":"https:\/\/hubsch-interior.com\/fr\/wp-json\/wp\/v2\/product\/739811","og_locale":"fr_FR","og_type":"article","og_title":"Formu Paniers Large Naturel (set de 2) - H\u00fcbsch","og_description":"Ces plateaux en bambou sont une invitation \u00e0 prendre un th\u00e9 par un bel apr\u00e8s-midi tranquille. Offrez-vous une pause th\u00e9 tr\u00e8s british avec des scones et de","og_url":"https:\/\/hubsch-interior.com\/fr\/produit\/formu-paniers-large-naturel-set-de-2\/","og_site_name":"H\u00fcbsch","article_modified_time":"2026-04-09T02:21:45+00:00","og_image":[{"width":1200,"height":1200,"url":"https:\/\/hubsch-interior.com\/wp-content\/uploads\/2023\/08\/formu-baskets-large-natural-set-of-2-f923dbf45d0f9c1f78829d112d574598.jpg","type":"image\/jpeg"}],"twitter_card":"summary_large_image","schema":{"@context":"https:\/\/schema.org","@graph":[{"@type":"WebPage","@id":"https:\/\/hubsch-interior.com\/fr\/produit\/formu-paniers-large-naturel-set-de-2\/","url":"https:\/\/hubsch-interior.com\/fr\/produit\/formu-paniers-large-naturel-set-de-2\/","name":"Formu Paniers Large Naturel (set de 2) - H\u00fcbsch","isPartOf":{"@id":"https:\/\/hubsch-interior.com\/fr\/#website"},"primaryImageOfPage":{"@id":"https:\/\/hubsch-interior.com\/fr\/produit\/formu-paniers-large-naturel-set-de-2\/#primaryimage"},"image":{"@id":"https:\/\/hubsch-interior.com\/fr\/produit\/formu-paniers-large-naturel-set-de-2\/#primaryimage"},"thumbnailUrl":"https:\/\/hubsch-interior.com\/wp-content\/uploads\/2026\/02\/formu-baskets-large-natural-set-of-2-f2a1d5dc74aae1b866cd35ebd8214c19.jpg","datePublished":"2022-02-08T13:35:38+00:00","dateModified":"2026-04-09T02:21:45+00:00","description":"Ces plateaux en bambou sont une invitation \u00e0 prendre un th\u00e9 par un bel apr\u00e8s-midi tranquille. Offrez-vous une pause th\u00e9 tr\u00e8s british avec des scones et de","breadcrumb":{"@id":"https:\/\/hubsch-interior.com\/fr\/produit\/formu-paniers-large-naturel-set-de-2\/#breadcrumb"},"inLanguage":"fr-FR","potentialAction":[{"@type":"ReadAction","target":["https:\/\/hubsch-interior.com\/fr\/produit\/formu-paniers-large-naturel-set-de-2\/"]}]},{"@type":"ImageObject","inLanguage":"fr-FR","@id":"https:\/\/hubsch-interior.com\/fr\/produit\/formu-paniers-large-naturel-set-de-2\/#primaryimage","url":"https:\/\/hubsch-interior.com\/wp-content\/uploads\/2026\/02\/formu-baskets-large-natural-set-of-2-f2a1d5dc74aae1b866cd35ebd8214c19.jpg","contentUrl":"https:\/\/hubsch-interior.com\/wp-content\/uploads\/2026\/02\/formu-baskets-large-natural-set-of-2-f2a1d5dc74aae1b866cd35ebd8214c19.jpg","width":1024,"height":1024},{"@type":"BreadcrumbList","@id":"https:\/\/hubsch-interior.com\/fr\/produit\/formu-paniers-large-naturel-set-de-2\/#breadcrumb","itemListElement":[{"@type":"ListItem","position":1,"name":"Page d'accueil","item":"https:\/\/hubsch-interior.com\/fr\/"},{"@type":"ListItem","position":2,"name":"Produits","item":"https:\/\/hubsch-interior.com\/fr\/shop-2\/"},{"@type":"ListItem","position":3,"name":"Cuisine","item":"https:\/\/hubsch-interior.com\/fr\/categorie-produit\/cuisine\/"},{"@type":"ListItem","position":4,"name":"Vaisselle","item":"https:\/\/hubsch-interior.com\/fr\/categorie-produit\/cuisine\/vaisselle-fr-2\/"},{"@type":"ListItem","position":5,"name":"Plateaux","item":"https:\/\/hubsch-interior.com\/fr\/categorie-produit\/cuisine\/vaisselle-fr-2\/cuisine-plateaux-fr\/"},{"@type":"ListItem","position":6,"name":"Formu Paniers Large Naturel (set de 2)"}]},{"@type":"WebSite","@id":"https:\/\/hubsch-interior.com\/fr\/#website","url":"https:\/\/hubsch-interior.com\/fr\/","name":"H\u00fcbsch","description":"Danish Home Interior and Design","publisher":{"@id":"https:\/\/hubsch-interior.com\/fr\/#organization"},"potentialAction":[{"@type":"SearchAction","target":{"@type":"EntryPoint","urlTemplate":"https:\/\/hubsch-interior.com\/fr\/?s={search_term_string}"},"query-input":{"@type":"PropertyValueSpecification","valueRequired":true,"valueName":"search_term_string"}}],"inLanguage":"fr-FR"},{"@type":"Organization","@id":"https:\/\/hubsch-interior.com\/fr\/#organization","name":"H\u00fcbsch","url":"https:\/\/hubsch-interior.com\/fr\/","logo":{"@type":"ImageObject","inLanguage":"fr-FR","@id":"https:\/\/hubsch-interior.com\/fr\/#\/schema\/logo\/image\/","url":"https:\/\/hubsch-interior.com\/wp-content\/uploads\/2022\/12\/Hubsch_logo_black_one_line.svg","contentUrl":"https:\/\/hubsch-interior.com\/wp-content\/uploads\/2022\/12\/Hubsch_logo_black_one_line.svg","caption":"H\u00fcbsch"},"image":{"@id":"https:\/\/hubsch-interior.com\/fr\/#\/schema\/logo\/image\/"}}]}},"_links":{"self":[{"href":"https:\/\/hubsch-interior.com\/fr\/wp-json\/wp\/v2\/product\/739811","targetHints":{"allow":["GET"]}}],"collection":[{"href":"https:\/\/hubsch-interior.com\/fr\/wp-json\/wp\/v2\/product"}],"about":[{"href":"https:\/\/hubsch-interior.com\/fr\/wp-json\/wp\/v2\/types\/product"}],"wp:featuredmedia":[{"embeddable":true,"href":"https:\/\/hubsch-interior.com\/fr\/wp-json\/wp\/v2\/media\/1094712"}],"wp:attachment":[{"href":"https:\/\/hubsch-interior.com\/fr\/wp-json\/wp\/v2\/media?parent=739811"}],"wp:term":[{"taxonomy":"product_brand","embeddable":true,"href":"https:\/\/hubsch-interior.com\/fr\/wp-json\/wp\/v2\/product_brand?post=739811"},{"taxonomy":"product_cat","embeddable":true,"href":"https:\/\/hubsch-interior.com\/fr\/wp-json\/wp\/v2\/product_cat?post=739811"},{"taxonomy":"product_tag","embeddable":true,"href":"https:\/\/hubsch-interior.com\/fr\/wp-json\/wp\/v2\/product_tag?post=739811"}],"curies":[{"name":"wp","href":"https:\/\/api.w.org\/{rel}","templated":true}]}}