{"id":739831,"date":"2022-02-08T14:35:47","date_gmt":"2022-02-08T13:35:47","guid":{"rendered":"https:\/\/hubsch-interior.com\/product\/product\/"},"modified":"2026-04-09T04:21:53","modified_gmt":"2026-04-09T02:21:53","slug":"hexa-lanternes-noir-set-de-2","status":"publish","type":"product","link":"https:\/\/hubsch-interior.com\/fr\/produit\/hexa-lanternes-noir-set-de-2\/","title":{"rendered":"Hexa Lanternes Noir (set de 2)"},"content":{"rendered":"<p>De magnifiques et imposantes lanternes. Vous craquez ? Ces lanternes, en plus d&#8217;\u00eatre sublimes, apportent de de la joie, de l&#8217;intimit\u00e9 et de la lumi\u00e8re pour cr\u00e9er une atmosph\u00e8re cosy. Les lanternes Hexa en bambou noir sont parfaites pour un \u00e9clairage d&#8217;int\u00e9rieur doux et tamis\u00e9 le soir ou lorsque les jours raccourcissent et que les int\u00e9rieurs deviennent plus sombres. Allumez des bougies, posez-vous et laissez-vous tenter par un film ou un livre captivant. Ils sont parfaits en paires ou juste seuls.<\/p>\n","protected":false},"excerpt":{"rendered":"<p>De magnifiques et imposantes lanternes. Vous craquez ? Ces lanternes, en plus d&#8217;\u00eatre sublimes, apportent de de la joie, de l&#8217;intimit\u00e9 et de la lumi\u00e8re pour cr\u00e9er une atmosph\u00e8re cosy. Les lanternes Hexa en bambou noir sont parfaites pour un \u00e9clairage d&#8217;int\u00e9rieur doux et tamis\u00e9 le soir ou lorsque les jours raccourcissent et que les [&hellip;]<\/p>\n","protected":false},"featured_media":1094740,"template":"","meta":{"_acf_changed":false,"inline_featured_image":false},"product_brand":[],"product_cat":[6348,4065,4079],"product_tag":[],"class_list":{"0":"post-739831","1":"product","2":"type-product","3":"status-publish","4":"has-post-thumbnail","6":"product_cat-garden-selection-fr","7":"product_cat-bougeoirs-lanternes-fr","8":"product_cat-lanternes-fr","9":"product_shipping_class-pk","11":"pa_color-noir","12":"pa_material-bambou-fr","13":"pa_material-verre-fr","15":"first","16":"instock","17":"taxable","18":"shipping-taxable","19":"purchasable","20":"product-type-simple"},"exclude_global_add_ons":[],"addons":[],"acf":[],"yoast_head":"<!-- This site is optimized with the Yoast SEO plugin v26.4 - https:\/\/yoast.com\/wordpress\/plugins\/seo\/ -->\n<title>Hexa Lanternes Noir (set de 2) - H\u00fcbsch<\/title>\n<meta name=\"description\" content=\"De magnifiques et imposantes lanternes. Vous craquez ? Ces lanternes, en plus d&#039;\u00eatre sublimes, apportent de de la joie, de l&#039;intimit\u00e9 et de la lumi\u00e8re\" \/>\n<meta name=\"robots\" content=\"index, follow, max-snippet:-1, max-image-preview:large, max-video-preview:-1\" \/>\n<link rel=\"canonical\" href=\"https:\/\/hubsch-interior.com\/fr\/wp-json\/wp\/v2\/product\/739831\" \/>\n<meta property=\"og:locale\" content=\"fr_FR\" \/>\n<meta property=\"og:type\" content=\"article\" \/>\n<meta property=\"og:title\" content=\"Hexa Lanternes Noir (set de 2) - H\u00fcbsch\" \/>\n<meta property=\"og:description\" content=\"De magnifiques et imposantes lanternes. Vous craquez ? Ces lanternes, en plus d&#039;\u00eatre sublimes, apportent de de la joie, de l&#039;intimit\u00e9 et de la lumi\u00e8re\" \/>\n<meta property=\"og:url\" content=\"https:\/\/hubsch-interior.com\/fr\/produit\/hexa-lanternes-noir-set-de-2\/\" \/>\n<meta property=\"og:site_name\" content=\"H\u00fcbsch\" \/>\n<meta property=\"article:modified_time\" content=\"2026-04-09T02:21:53+00:00\" \/>\n<meta property=\"og:image\" content=\"https:\/\/hubsch-interior.com\/wp-content\/uploads\/2023\/08\/hexa-lanterns-black-set-of-2-984b26fb6c854d837b28eff2dfeafa6d.jpg\" \/>\n\t<meta property=\"og:image:width\" content=\"1200\" \/>\n\t<meta property=\"og:image:height\" content=\"1200\" \/>\n\t<meta property=\"og:image:type\" content=\"image\/jpeg\" \/>\n<meta name=\"twitter:card\" content=\"summary_large_image\" \/>\n<script type=\"application\/ld+json\" class=\"yoast-schema-graph\">{\"@context\":\"https:\/\/schema.org\",\"@graph\":[{\"@type\":\"WebPage\",\"@id\":\"https:\/\/hubsch-interior.com\/fr\/produit\/hexa-lanternes-noir-set-de-2\/\",\"url\":\"https:\/\/hubsch-interior.com\/fr\/produit\/hexa-lanternes-noir-set-de-2\/\",\"name\":\"Hexa Lanternes Noir (set de 2) - H\u00fcbsch\",\"isPartOf\":{\"@id\":\"https:\/\/hubsch-interior.com\/fr\/#website\"},\"primaryImageOfPage\":{\"@id\":\"https:\/\/hubsch-interior.com\/fr\/produit\/hexa-lanternes-noir-set-de-2\/#primaryimage\"},\"image\":{\"@id\":\"https:\/\/hubsch-interior.com\/fr\/produit\/hexa-lanternes-noir-set-de-2\/#primaryimage\"},\"thumbnailUrl\":\"https:\/\/hubsch-interior.com\/wp-content\/uploads\/2026\/02\/hexa-lanterns-black-set-of-2-a996be08566c5a66fa4c0813bf640b44.jpg\",\"datePublished\":\"2022-02-08T13:35:47+00:00\",\"dateModified\":\"2026-04-09T02:21:53+00:00\",\"description\":\"De magnifiques et imposantes lanternes. Vous craquez ? Ces lanternes, en plus d'\u00eatre sublimes, apportent de de la joie, de l'intimit\u00e9 et de la lumi\u00e8re\",\"breadcrumb\":{\"@id\":\"https:\/\/hubsch-interior.com\/fr\/produit\/hexa-lanternes-noir-set-de-2\/#breadcrumb\"},\"inLanguage\":\"fr-FR\",\"potentialAction\":[{\"@type\":\"ReadAction\",\"target\":[\"https:\/\/hubsch-interior.com\/fr\/produit\/hexa-lanternes-noir-set-de-2\/\"]}]},{\"@type\":\"ImageObject\",\"inLanguage\":\"fr-FR\",\"@id\":\"https:\/\/hubsch-interior.com\/fr\/produit\/hexa-lanternes-noir-set-de-2\/#primaryimage\",\"url\":\"https:\/\/hubsch-interior.com\/wp-content\/uploads\/2026\/02\/hexa-lanterns-black-set-of-2-a996be08566c5a66fa4c0813bf640b44.jpg\",\"contentUrl\":\"https:\/\/hubsch-interior.com\/wp-content\/uploads\/2026\/02\/hexa-lanterns-black-set-of-2-a996be08566c5a66fa4c0813bf640b44.jpg\",\"width\":1024,\"height\":1024},{\"@type\":\"BreadcrumbList\",\"@id\":\"https:\/\/hubsch-interior.com\/fr\/produit\/hexa-lanternes-noir-set-de-2\/#breadcrumb\",\"itemListElement\":[{\"@type\":\"ListItem\",\"position\":1,\"name\":\"Page d'accueil\",\"item\":\"https:\/\/hubsch-interior.com\/fr\/\"},{\"@type\":\"ListItem\",\"position\":2,\"name\":\"Produits\",\"item\":\"https:\/\/hubsch-interior.com\/fr\/shop-2\/\"},{\"@type\":\"ListItem\",\"position\":3,\"name\":\"Accessoires maison\",\"item\":\"https:\/\/hubsch-interior.com\/fr\/categorie-produit\/accessoires-maison\/\"},{\"@type\":\"ListItem\",\"position\":4,\"name\":\"Bougeoirs &amp; lanternes\",\"item\":\"https:\/\/hubsch-interior.com\/fr\/categorie-produit\/accessoires-maison\/bougeoirs-lanternes-fr\/\"},{\"@type\":\"ListItem\",\"position\":5,\"name\":\"Lanternes\",\"item\":\"https:\/\/hubsch-interior.com\/fr\/categorie-produit\/accessoires-maison\/bougeoirs-lanternes-fr\/lanternes-fr\/\"},{\"@type\":\"ListItem\",\"position\":6,\"name\":\"Hexa Lanternes Noir (set de 2)\"}]},{\"@type\":\"WebSite\",\"@id\":\"https:\/\/hubsch-interior.com\/fr\/#website\",\"url\":\"https:\/\/hubsch-interior.com\/fr\/\",\"name\":\"H\u00fcbsch\",\"description\":\"Danish Home Interior and Design\",\"publisher\":{\"@id\":\"https:\/\/hubsch-interior.com\/fr\/#organization\"},\"potentialAction\":[{\"@type\":\"SearchAction\",\"target\":{\"@type\":\"EntryPoint\",\"urlTemplate\":\"https:\/\/hubsch-interior.com\/fr\/?s={search_term_string}\"},\"query-input\":{\"@type\":\"PropertyValueSpecification\",\"valueRequired\":true,\"valueName\":\"search_term_string\"}}],\"inLanguage\":\"fr-FR\"},{\"@type\":\"Organization\",\"@id\":\"https:\/\/hubsch-interior.com\/fr\/#organization\",\"name\":\"H\u00fcbsch\",\"url\":\"https:\/\/hubsch-interior.com\/fr\/\",\"logo\":{\"@type\":\"ImageObject\",\"inLanguage\":\"fr-FR\",\"@id\":\"https:\/\/hubsch-interior.com\/fr\/#\/schema\/logo\/image\/\",\"url\":\"https:\/\/hubsch-interior.com\/wp-content\/uploads\/2022\/12\/Hubsch_logo_black_one_line.svg\",\"contentUrl\":\"https:\/\/hubsch-interior.com\/wp-content\/uploads\/2022\/12\/Hubsch_logo_black_one_line.svg\",\"caption\":\"H\u00fcbsch\"},\"image\":{\"@id\":\"https:\/\/hubsch-interior.com\/fr\/#\/schema\/logo\/image\/\"}}]}<\/script>\n<!-- \/ Yoast SEO plugin. -->","yoast_head_json":{"title":"Hexa Lanternes Noir (set de 2) - H\u00fcbsch","description":"De magnifiques et imposantes lanternes. Vous craquez ? Ces lanternes, en plus d'\u00eatre sublimes, apportent de de la joie, de l'intimit\u00e9 et de la lumi\u00e8re","robots":{"index":"index","follow":"follow","max-snippet":"max-snippet:-1","max-image-preview":"max-image-preview:large","max-video-preview":"max-video-preview:-1"},"canonical":"https:\/\/hubsch-interior.com\/fr\/wp-json\/wp\/v2\/product\/739831","og_locale":"fr_FR","og_type":"article","og_title":"Hexa Lanternes Noir (set de 2) - H\u00fcbsch","og_description":"De magnifiques et imposantes lanternes. Vous craquez ? Ces lanternes, en plus d'\u00eatre sublimes, apportent de de la joie, de l'intimit\u00e9 et de la lumi\u00e8re","og_url":"https:\/\/hubsch-interior.com\/fr\/produit\/hexa-lanternes-noir-set-de-2\/","og_site_name":"H\u00fcbsch","article_modified_time":"2026-04-09T02:21:53+00:00","og_image":[{"width":1200,"height":1200,"url":"https:\/\/hubsch-interior.com\/wp-content\/uploads\/2023\/08\/hexa-lanterns-black-set-of-2-984b26fb6c854d837b28eff2dfeafa6d.jpg","type":"image\/jpeg"}],"twitter_card":"summary_large_image","schema":{"@context":"https:\/\/schema.org","@graph":[{"@type":"WebPage","@id":"https:\/\/hubsch-interior.com\/fr\/produit\/hexa-lanternes-noir-set-de-2\/","url":"https:\/\/hubsch-interior.com\/fr\/produit\/hexa-lanternes-noir-set-de-2\/","name":"Hexa Lanternes Noir (set de 2) - H\u00fcbsch","isPartOf":{"@id":"https:\/\/hubsch-interior.com\/fr\/#website"},"primaryImageOfPage":{"@id":"https:\/\/hubsch-interior.com\/fr\/produit\/hexa-lanternes-noir-set-de-2\/#primaryimage"},"image":{"@id":"https:\/\/hubsch-interior.com\/fr\/produit\/hexa-lanternes-noir-set-de-2\/#primaryimage"},"thumbnailUrl":"https:\/\/hubsch-interior.com\/wp-content\/uploads\/2026\/02\/hexa-lanterns-black-set-of-2-a996be08566c5a66fa4c0813bf640b44.jpg","datePublished":"2022-02-08T13:35:47+00:00","dateModified":"2026-04-09T02:21:53+00:00","description":"De magnifiques et imposantes lanternes. Vous craquez ? Ces lanternes, en plus d'\u00eatre sublimes, apportent de de la joie, de l'intimit\u00e9 et de la lumi\u00e8re","breadcrumb":{"@id":"https:\/\/hubsch-interior.com\/fr\/produit\/hexa-lanternes-noir-set-de-2\/#breadcrumb"},"inLanguage":"fr-FR","potentialAction":[{"@type":"ReadAction","target":["https:\/\/hubsch-interior.com\/fr\/produit\/hexa-lanternes-noir-set-de-2\/"]}]},{"@type":"ImageObject","inLanguage":"fr-FR","@id":"https:\/\/hubsch-interior.com\/fr\/produit\/hexa-lanternes-noir-set-de-2\/#primaryimage","url":"https:\/\/hubsch-interior.com\/wp-content\/uploads\/2026\/02\/hexa-lanterns-black-set-of-2-a996be08566c5a66fa4c0813bf640b44.jpg","contentUrl":"https:\/\/hubsch-interior.com\/wp-content\/uploads\/2026\/02\/hexa-lanterns-black-set-of-2-a996be08566c5a66fa4c0813bf640b44.jpg","width":1024,"height":1024},{"@type":"BreadcrumbList","@id":"https:\/\/hubsch-interior.com\/fr\/produit\/hexa-lanternes-noir-set-de-2\/#breadcrumb","itemListElement":[{"@type":"ListItem","position":1,"name":"Page d'accueil","item":"https:\/\/hubsch-interior.com\/fr\/"},{"@type":"ListItem","position":2,"name":"Produits","item":"https:\/\/hubsch-interior.com\/fr\/shop-2\/"},{"@type":"ListItem","position":3,"name":"Accessoires maison","item":"https:\/\/hubsch-interior.com\/fr\/categorie-produit\/accessoires-maison\/"},{"@type":"ListItem","position":4,"name":"Bougeoirs &amp; lanternes","item":"https:\/\/hubsch-interior.com\/fr\/categorie-produit\/accessoires-maison\/bougeoirs-lanternes-fr\/"},{"@type":"ListItem","position":5,"name":"Lanternes","item":"https:\/\/hubsch-interior.com\/fr\/categorie-produit\/accessoires-maison\/bougeoirs-lanternes-fr\/lanternes-fr\/"},{"@type":"ListItem","position":6,"name":"Hexa Lanternes Noir (set de 2)"}]},{"@type":"WebSite","@id":"https:\/\/hubsch-interior.com\/fr\/#website","url":"https:\/\/hubsch-interior.com\/fr\/","name":"H\u00fcbsch","description":"Danish Home Interior and Design","publisher":{"@id":"https:\/\/hubsch-interior.com\/fr\/#organization"},"potentialAction":[{"@type":"SearchAction","target":{"@type":"EntryPoint","urlTemplate":"https:\/\/hubsch-interior.com\/fr\/?s={search_term_string}"},"query-input":{"@type":"PropertyValueSpecification","valueRequired":true,"valueName":"search_term_string"}}],"inLanguage":"fr-FR"},{"@type":"Organization","@id":"https:\/\/hubsch-interior.com\/fr\/#organization","name":"H\u00fcbsch","url":"https:\/\/hubsch-interior.com\/fr\/","logo":{"@type":"ImageObject","inLanguage":"fr-FR","@id":"https:\/\/hubsch-interior.com\/fr\/#\/schema\/logo\/image\/","url":"https:\/\/hubsch-interior.com\/wp-content\/uploads\/2022\/12\/Hubsch_logo_black_one_line.svg","contentUrl":"https:\/\/hubsch-interior.com\/wp-content\/uploads\/2022\/12\/Hubsch_logo_black_one_line.svg","caption":"H\u00fcbsch"},"image":{"@id":"https:\/\/hubsch-interior.com\/fr\/#\/schema\/logo\/image\/"}}]}},"_links":{"self":[{"href":"https:\/\/hubsch-interior.com\/fr\/wp-json\/wp\/v2\/product\/739831","targetHints":{"allow":["GET"]}}],"collection":[{"href":"https:\/\/hubsch-interior.com\/fr\/wp-json\/wp\/v2\/product"}],"about":[{"href":"https:\/\/hubsch-interior.com\/fr\/wp-json\/wp\/v2\/types\/product"}],"wp:featuredmedia":[{"embeddable":true,"href":"https:\/\/hubsch-interior.com\/fr\/wp-json\/wp\/v2\/media\/1094740"}],"wp:attachment":[{"href":"https:\/\/hubsch-interior.com\/fr\/wp-json\/wp\/v2\/media?parent=739831"}],"wp:term":[{"taxonomy":"product_brand","embeddable":true,"href":"https:\/\/hubsch-interior.com\/fr\/wp-json\/wp\/v2\/product_brand?post=739831"},{"taxonomy":"product_cat","embeddable":true,"href":"https:\/\/hubsch-interior.com\/fr\/wp-json\/wp\/v2\/product_cat?post=739831"},{"taxonomy":"product_tag","embeddable":true,"href":"https:\/\/hubsch-interior.com\/fr\/wp-json\/wp\/v2\/product_tag?post=739831"}],"curies":[{"name":"wp","href":"https:\/\/api.w.org\/{rel}","templated":true}]}}