{"id":739927,"date":"2022-02-08T14:40:25","date_gmt":"2022-02-08T13:40:25","guid":{"rendered":"https:\/\/hubsch-interior.com\/product\/product\/"},"modified":"2026-04-09T04:24:23","modified_gmt":"2026-04-09T02:24:23","slug":"confetti-boules-multicolore-set-de-2","status":"publish","type":"product","link":"https:\/\/hubsch-interior.com\/fr\/produit\/confetti-boules-multicolore-set-de-2\/","title":{"rendered":"Confetti Boules \u00a0Multicolor\u00e9 (set de 2)"},"content":{"rendered":"<p>Vous souvenez-vous de l&#8217;\u00e9tat de vos sols le 1er janvier ? Plein de confettis et de joyeux souvenirs des f\u00eates du Nouvel An, n&#8217;est-ce pas ? Les bols en verre Confetti sont la quintessence de ces souvenirs. Nous savons d\u00e9j\u00e0 que vous sourirez en regardant ces magnifiques bols en verre car ils sont joyeux, frais, uniques. Les bols sont disponibles en deux tailles diff\u00e9rentes et se pr\u00e9sentent par paires ou seuls.<\/p>\n","protected":false},"excerpt":{"rendered":"<p>Vous souvenez-vous de l&#8217;\u00e9tat de vos sols le 1er janvier ? Plein de confettis et de joyeux souvenirs des f\u00eates du Nouvel An, n&#8217;est-ce pas ? Les bols en verre Confetti sont la quintessence de ces souvenirs. Nous savons d\u00e9j\u00e0 que vous sourirez en regardant ces magnifiques bols en verre car ils sont joyeux, frais, [&hellip;]<\/p>\n","protected":false},"featured_media":1095523,"template":"","meta":{"_acf_changed":false,"inline_featured_image":false},"product_brand":[],"product_cat":[4053,7043,6348,6535,6971,4095,7027],"product_tag":[],"class_list":{"0":"post-739927","1":"product","2":"type-product","3":"status-publish","4":"has-post-thumbnail","6":"product_cat-accessoires-de-cuisine-fr","7":"product_cat-bols-de-service-fr","8":"product_cat-garden-selection-fr","9":"product_cat-outlet-fr","10":"product_cat-paques","11":"product_cat-vaisselle-fr","12":"product_cat-vaisselle-fr-2","13":"product_shipping_class-pk","15":"pa_color-multicolor-2","16":"pa_material-verre-fr","18":"first","19":"instock","20":"sale","21":"taxable","22":"shipping-taxable","23":"purchasable","24":"product-type-simple"},"exclude_global_add_ons":[],"addons":[],"acf":[],"yoast_head":"<!-- This site is optimized with the Yoast SEO plugin v26.4 - https:\/\/yoast.com\/wordpress\/plugins\/seo\/ -->\n<title>Confetti Boules \u00a0Multicolor\u00e9 (set de 2) - H\u00fcbsch<\/title>\n<meta name=\"description\" content=\"Vous souvenez-vous de l&#039;\u00e9tat de vos sols le 1er janvier ? Plein de confettis et de joyeux souvenirs des f\u00eates du Nouvel An, n&#039;est-ce pas ? Les bols en\" \/>\n<meta name=\"robots\" content=\"index, follow, max-snippet:-1, max-image-preview:large, max-video-preview:-1\" \/>\n<link rel=\"canonical\" href=\"https:\/\/hubsch-interior.com\/fr\/wp-json\/wp\/v2\/product\/739927\" \/>\n<meta property=\"og:locale\" content=\"fr_FR\" \/>\n<meta property=\"og:type\" content=\"article\" \/>\n<meta property=\"og:title\" content=\"Confetti Boules \u00a0Multicolor\u00e9 (set de 2) - H\u00fcbsch\" \/>\n<meta property=\"og:description\" content=\"Vous souvenez-vous de l&#039;\u00e9tat de vos sols le 1er janvier ? Plein de confettis et de joyeux souvenirs des f\u00eates du Nouvel An, n&#039;est-ce pas ? Les bols en\" \/>\n<meta property=\"og:url\" content=\"https:\/\/hubsch-interior.com\/fr\/produit\/confetti-boules-multicolore-set-de-2\/\" \/>\n<meta property=\"og:site_name\" content=\"H\u00fcbsch\" \/>\n<meta property=\"article:modified_time\" content=\"2026-04-09T02:24:23+00:00\" \/>\n<meta property=\"og:image\" content=\"https:\/\/hubsch-interior.com\/wp-content\/uploads\/2023\/08\/confetti-bowls-multicolour-set-of-2-9eedeb6c0c6f5c1cac93dbd03a27b60a.jpg\" \/>\n\t<meta property=\"og:image:width\" content=\"1200\" \/>\n\t<meta property=\"og:image:height\" content=\"1200\" \/>\n\t<meta property=\"og:image:type\" content=\"image\/jpeg\" \/>\n<meta name=\"twitter:card\" content=\"summary_large_image\" \/>\n<script type=\"application\/ld+json\" class=\"yoast-schema-graph\">{\"@context\":\"https:\/\/schema.org\",\"@graph\":[{\"@type\":\"WebPage\",\"@id\":\"https:\/\/hubsch-interior.com\/fr\/produit\/confetti-boules-multicolore-set-de-2\/\",\"url\":\"https:\/\/hubsch-interior.com\/fr\/produit\/confetti-boules-multicolore-set-de-2\/\",\"name\":\"Confetti Boules \u00a0Multicolor\u00e9 (set de 2) - H\u00fcbsch\",\"isPartOf\":{\"@id\":\"https:\/\/hubsch-interior.com\/fr\/#website\"},\"primaryImageOfPage\":{\"@id\":\"https:\/\/hubsch-interior.com\/fr\/produit\/confetti-boules-multicolore-set-de-2\/#primaryimage\"},\"image\":{\"@id\":\"https:\/\/hubsch-interior.com\/fr\/produit\/confetti-boules-multicolore-set-de-2\/#primaryimage\"},\"thumbnailUrl\":\"https:\/\/hubsch-interior.com\/wp-content\/uploads\/2026\/02\/confetti-bowls-multicolour-set-of-2-38f4be496d0722782486439d8ce4c4f8.jpg\",\"datePublished\":\"2022-02-08T13:40:25+00:00\",\"dateModified\":\"2026-04-09T02:24:23+00:00\",\"description\":\"Vous souvenez-vous de l'\u00e9tat de vos sols le 1er janvier ? Plein de confettis et de joyeux souvenirs des f\u00eates du Nouvel An, n'est-ce pas ? Les bols en\",\"breadcrumb\":{\"@id\":\"https:\/\/hubsch-interior.com\/fr\/produit\/confetti-boules-multicolore-set-de-2\/#breadcrumb\"},\"inLanguage\":\"fr-FR\",\"potentialAction\":[{\"@type\":\"ReadAction\",\"target\":[\"https:\/\/hubsch-interior.com\/fr\/produit\/confetti-boules-multicolore-set-de-2\/\"]}]},{\"@type\":\"ImageObject\",\"inLanguage\":\"fr-FR\",\"@id\":\"https:\/\/hubsch-interior.com\/fr\/produit\/confetti-boules-multicolore-set-de-2\/#primaryimage\",\"url\":\"https:\/\/hubsch-interior.com\/wp-content\/uploads\/2026\/02\/confetti-bowls-multicolour-set-of-2-38f4be496d0722782486439d8ce4c4f8.jpg\",\"contentUrl\":\"https:\/\/hubsch-interior.com\/wp-content\/uploads\/2026\/02\/confetti-bowls-multicolour-set-of-2-38f4be496d0722782486439d8ce4c4f8.jpg\",\"width\":1024,\"height\":1024},{\"@type\":\"BreadcrumbList\",\"@id\":\"https:\/\/hubsch-interior.com\/fr\/produit\/confetti-boules-multicolore-set-de-2\/#breadcrumb\",\"itemListElement\":[{\"@type\":\"ListItem\",\"position\":1,\"name\":\"Page d'accueil\",\"item\":\"https:\/\/hubsch-interior.com\/fr\/\"},{\"@type\":\"ListItem\",\"position\":2,\"name\":\"Produits\",\"item\":\"https:\/\/hubsch-interior.com\/fr\/shop-2\/\"},{\"@type\":\"ListItem\",\"position\":3,\"name\":\"Cuisine\",\"item\":\"https:\/\/hubsch-interior.com\/fr\/categorie-produit\/cuisine\/\"},{\"@type\":\"ListItem\",\"position\":4,\"name\":\"Vaisselle\",\"item\":\"https:\/\/hubsch-interior.com\/fr\/categorie-produit\/cuisine\/vaisselle-fr-2\/\"},{\"@type\":\"ListItem\",\"position\":5,\"name\":\"Bols de service\",\"item\":\"https:\/\/hubsch-interior.com\/fr\/categorie-produit\/cuisine\/vaisselle-fr-2\/bols-de-service-fr\/\"},{\"@type\":\"ListItem\",\"position\":6,\"name\":\"Confetti Boules \u00a0Multicolor\u00e9 (set de 2)\"}]},{\"@type\":\"WebSite\",\"@id\":\"https:\/\/hubsch-interior.com\/fr\/#website\",\"url\":\"https:\/\/hubsch-interior.com\/fr\/\",\"name\":\"H\u00fcbsch\",\"description\":\"Danish Home Interior and Design\",\"publisher\":{\"@id\":\"https:\/\/hubsch-interior.com\/fr\/#organization\"},\"potentialAction\":[{\"@type\":\"SearchAction\",\"target\":{\"@type\":\"EntryPoint\",\"urlTemplate\":\"https:\/\/hubsch-interior.com\/fr\/?s={search_term_string}\"},\"query-input\":{\"@type\":\"PropertyValueSpecification\",\"valueRequired\":true,\"valueName\":\"search_term_string\"}}],\"inLanguage\":\"fr-FR\"},{\"@type\":\"Organization\",\"@id\":\"https:\/\/hubsch-interior.com\/fr\/#organization\",\"name\":\"H\u00fcbsch\",\"url\":\"https:\/\/hubsch-interior.com\/fr\/\",\"logo\":{\"@type\":\"ImageObject\",\"inLanguage\":\"fr-FR\",\"@id\":\"https:\/\/hubsch-interior.com\/fr\/#\/schema\/logo\/image\/\",\"url\":\"https:\/\/hubsch-interior.com\/wp-content\/uploads\/2022\/12\/Hubsch_logo_black_one_line.svg\",\"contentUrl\":\"https:\/\/hubsch-interior.com\/wp-content\/uploads\/2022\/12\/Hubsch_logo_black_one_line.svg\",\"caption\":\"H\u00fcbsch\"},\"image\":{\"@id\":\"https:\/\/hubsch-interior.com\/fr\/#\/schema\/logo\/image\/\"}}]}<\/script>\n<!-- \/ Yoast SEO plugin. -->","yoast_head_json":{"title":"Confetti Boules \u00a0Multicolor\u00e9 (set de 2) - H\u00fcbsch","description":"Vous souvenez-vous de l'\u00e9tat de vos sols le 1er janvier ? Plein de confettis et de joyeux souvenirs des f\u00eates du Nouvel An, n'est-ce pas ? Les bols en","robots":{"index":"index","follow":"follow","max-snippet":"max-snippet:-1","max-image-preview":"max-image-preview:large","max-video-preview":"max-video-preview:-1"},"canonical":"https:\/\/hubsch-interior.com\/fr\/wp-json\/wp\/v2\/product\/739927","og_locale":"fr_FR","og_type":"article","og_title":"Confetti Boules \u00a0Multicolor\u00e9 (set de 2) - H\u00fcbsch","og_description":"Vous souvenez-vous de l'\u00e9tat de vos sols le 1er janvier ? Plein de confettis et de joyeux souvenirs des f\u00eates du Nouvel An, n'est-ce pas ? Les bols en","og_url":"https:\/\/hubsch-interior.com\/fr\/produit\/confetti-boules-multicolore-set-de-2\/","og_site_name":"H\u00fcbsch","article_modified_time":"2026-04-09T02:24:23+00:00","og_image":[{"width":1200,"height":1200,"url":"https:\/\/hubsch-interior.com\/wp-content\/uploads\/2023\/08\/confetti-bowls-multicolour-set-of-2-9eedeb6c0c6f5c1cac93dbd03a27b60a.jpg","type":"image\/jpeg"}],"twitter_card":"summary_large_image","schema":{"@context":"https:\/\/schema.org","@graph":[{"@type":"WebPage","@id":"https:\/\/hubsch-interior.com\/fr\/produit\/confetti-boules-multicolore-set-de-2\/","url":"https:\/\/hubsch-interior.com\/fr\/produit\/confetti-boules-multicolore-set-de-2\/","name":"Confetti Boules \u00a0Multicolor\u00e9 (set de 2) - H\u00fcbsch","isPartOf":{"@id":"https:\/\/hubsch-interior.com\/fr\/#website"},"primaryImageOfPage":{"@id":"https:\/\/hubsch-interior.com\/fr\/produit\/confetti-boules-multicolore-set-de-2\/#primaryimage"},"image":{"@id":"https:\/\/hubsch-interior.com\/fr\/produit\/confetti-boules-multicolore-set-de-2\/#primaryimage"},"thumbnailUrl":"https:\/\/hubsch-interior.com\/wp-content\/uploads\/2026\/02\/confetti-bowls-multicolour-set-of-2-38f4be496d0722782486439d8ce4c4f8.jpg","datePublished":"2022-02-08T13:40:25+00:00","dateModified":"2026-04-09T02:24:23+00:00","description":"Vous souvenez-vous de l'\u00e9tat de vos sols le 1er janvier ? Plein de confettis et de joyeux souvenirs des f\u00eates du Nouvel An, n'est-ce pas ? Les bols en","breadcrumb":{"@id":"https:\/\/hubsch-interior.com\/fr\/produit\/confetti-boules-multicolore-set-de-2\/#breadcrumb"},"inLanguage":"fr-FR","potentialAction":[{"@type":"ReadAction","target":["https:\/\/hubsch-interior.com\/fr\/produit\/confetti-boules-multicolore-set-de-2\/"]}]},{"@type":"ImageObject","inLanguage":"fr-FR","@id":"https:\/\/hubsch-interior.com\/fr\/produit\/confetti-boules-multicolore-set-de-2\/#primaryimage","url":"https:\/\/hubsch-interior.com\/wp-content\/uploads\/2026\/02\/confetti-bowls-multicolour-set-of-2-38f4be496d0722782486439d8ce4c4f8.jpg","contentUrl":"https:\/\/hubsch-interior.com\/wp-content\/uploads\/2026\/02\/confetti-bowls-multicolour-set-of-2-38f4be496d0722782486439d8ce4c4f8.jpg","width":1024,"height":1024},{"@type":"BreadcrumbList","@id":"https:\/\/hubsch-interior.com\/fr\/produit\/confetti-boules-multicolore-set-de-2\/#breadcrumb","itemListElement":[{"@type":"ListItem","position":1,"name":"Page d'accueil","item":"https:\/\/hubsch-interior.com\/fr\/"},{"@type":"ListItem","position":2,"name":"Produits","item":"https:\/\/hubsch-interior.com\/fr\/shop-2\/"},{"@type":"ListItem","position":3,"name":"Cuisine","item":"https:\/\/hubsch-interior.com\/fr\/categorie-produit\/cuisine\/"},{"@type":"ListItem","position":4,"name":"Vaisselle","item":"https:\/\/hubsch-interior.com\/fr\/categorie-produit\/cuisine\/vaisselle-fr-2\/"},{"@type":"ListItem","position":5,"name":"Bols de service","item":"https:\/\/hubsch-interior.com\/fr\/categorie-produit\/cuisine\/vaisselle-fr-2\/bols-de-service-fr\/"},{"@type":"ListItem","position":6,"name":"Confetti Boules \u00a0Multicolor\u00e9 (set de 2)"}]},{"@type":"WebSite","@id":"https:\/\/hubsch-interior.com\/fr\/#website","url":"https:\/\/hubsch-interior.com\/fr\/","name":"H\u00fcbsch","description":"Danish Home Interior and Design","publisher":{"@id":"https:\/\/hubsch-interior.com\/fr\/#organization"},"potentialAction":[{"@type":"SearchAction","target":{"@type":"EntryPoint","urlTemplate":"https:\/\/hubsch-interior.com\/fr\/?s={search_term_string}"},"query-input":{"@type":"PropertyValueSpecification","valueRequired":true,"valueName":"search_term_string"}}],"inLanguage":"fr-FR"},{"@type":"Organization","@id":"https:\/\/hubsch-interior.com\/fr\/#organization","name":"H\u00fcbsch","url":"https:\/\/hubsch-interior.com\/fr\/","logo":{"@type":"ImageObject","inLanguage":"fr-FR","@id":"https:\/\/hubsch-interior.com\/fr\/#\/schema\/logo\/image\/","url":"https:\/\/hubsch-interior.com\/wp-content\/uploads\/2022\/12\/Hubsch_logo_black_one_line.svg","contentUrl":"https:\/\/hubsch-interior.com\/wp-content\/uploads\/2022\/12\/Hubsch_logo_black_one_line.svg","caption":"H\u00fcbsch"},"image":{"@id":"https:\/\/hubsch-interior.com\/fr\/#\/schema\/logo\/image\/"}}]}},"_links":{"self":[{"href":"https:\/\/hubsch-interior.com\/fr\/wp-json\/wp\/v2\/product\/739927","targetHints":{"allow":["GET"]}}],"collection":[{"href":"https:\/\/hubsch-interior.com\/fr\/wp-json\/wp\/v2\/product"}],"about":[{"href":"https:\/\/hubsch-interior.com\/fr\/wp-json\/wp\/v2\/types\/product"}],"wp:featuredmedia":[{"embeddable":true,"href":"https:\/\/hubsch-interior.com\/fr\/wp-json\/wp\/v2\/media\/1095523"}],"wp:attachment":[{"href":"https:\/\/hubsch-interior.com\/fr\/wp-json\/wp\/v2\/media?parent=739927"}],"wp:term":[{"taxonomy":"product_brand","embeddable":true,"href":"https:\/\/hubsch-interior.com\/fr\/wp-json\/wp\/v2\/product_brand?post=739927"},{"taxonomy":"product_cat","embeddable":true,"href":"https:\/\/hubsch-interior.com\/fr\/wp-json\/wp\/v2\/product_cat?post=739927"},{"taxonomy":"product_tag","embeddable":true,"href":"https:\/\/hubsch-interior.com\/fr\/wp-json\/wp\/v2\/product_tag?post=739927"}],"curies":[{"name":"wp","href":"https:\/\/api.w.org\/{rel}","templated":true}]}}