{"id":739991,"date":"2022-02-08T14:48:44","date_gmt":"2022-02-08T13:48:44","guid":{"rendered":"https:\/\/hubsch-interior.com\/product\/product\/"},"modified":"2026-04-30T04:35:16","modified_gmt":"2026-04-30T02:35:16","slug":"mist-paniers-marron-bleu-set-de-2","status":"publish","type":"product","link":"https:\/\/hubsch-interior.com\/fr\/produit\/mist-paniers-marron-bleu-set-de-2\/","title":{"rendered":"Mist Paniers Marron\/Bleu (set de 2)"},"content":{"rendered":"<p>Ces grands paniers faits main sont litt\u00e9ralement \u00e0 tomber par terre. Nous aimons les d\u00e9tails qui font la diff\u00e9rence dans tous nos produits et les paniers Mist en ont plusieurs. De loin, nous avons l&#8217;impression qu&#8217;ils sont violets, mais en regardant de plus pr\u00e8s, vous remarquerez que les d\u00e9tails de tissage de corde en papier marron et bleu clair sont entrelac\u00e9s. Et nous, on adore \u00e7a. Ces paniers sont parfaits pour le linge, les plaids ou le linge de lit. Succomberez-vous ?<\/p>\n","protected":false},"excerpt":{"rendered":"<p>Ces grands paniers faits main sont litt\u00e9ralement \u00e0 tomber par terre. Nous aimons les d\u00e9tails qui font la diff\u00e9rence dans tous nos produits et les paniers Mist en ont plusieurs. De loin, nous avons l&#8217;impression qu&#8217;ils sont violets, mais en regardant de plus pr\u00e8s, vous remarquerez que les d\u00e9tails de tissage de corde en papier [&hellip;]<\/p>\n","protected":false},"featured_media":1098386,"template":"","meta":{"_acf_changed":false,"inline_featured_image":false},"product_brand":[],"product_cat":[3110,4075],"product_tag":[],"class_list":{"0":"post-739991","1":"product","2":"type-product","3":"status-publish","4":"has-post-thumbnail","6":"product_cat-espace-de-rangement-fr","7":"product_cat-paniers-fr","8":"product_shipping_class-pk","10":"pa_color-marron","11":"pa_color-bleu-2","12":"pa_material-papier-fr","14":"first","15":"instock","16":"taxable","17":"shipping-taxable","18":"purchasable","19":"product-type-simple"},"exclude_global_add_ons":[],"addons":[],"acf":[],"yoast_head":"<!-- This site is optimized with the Yoast SEO plugin v26.4 - https:\/\/yoast.com\/wordpress\/plugins\/seo\/ -->\n<title>Mist Paniers Marron\/Bleu (set de 2) - H\u00fcbsch<\/title>\n<meta name=\"description\" content=\"Ces grands paniers faits main sont litt\u00e9ralement \u00e0 tomber par terre. Nous aimons les d\u00e9tails qui font la diff\u00e9rence dans tous nos produits et les paniers\" \/>\n<meta name=\"robots\" content=\"index, follow, max-snippet:-1, max-image-preview:large, max-video-preview:-1\" \/>\n<link rel=\"canonical\" href=\"https:\/\/hubsch-interior.com\/fr\/wp-json\/wp\/v2\/product\/739991\" \/>\n<meta property=\"og:locale\" content=\"fr_FR\" \/>\n<meta property=\"og:type\" content=\"article\" \/>\n<meta property=\"og:title\" content=\"Mist Paniers Marron\/Bleu (set de 2) - H\u00fcbsch\" \/>\n<meta property=\"og:description\" content=\"Ces grands paniers faits main sont litt\u00e9ralement \u00e0 tomber par terre. Nous aimons les d\u00e9tails qui font la diff\u00e9rence dans tous nos produits et les paniers\" \/>\n<meta property=\"og:url\" content=\"https:\/\/hubsch-interior.com\/fr\/produit\/mist-paniers-marron-bleu-set-de-2\/\" \/>\n<meta property=\"og:site_name\" content=\"H\u00fcbsch\" \/>\n<meta property=\"article:modified_time\" content=\"2026-04-30T02:35:16+00:00\" \/>\n<meta property=\"og:image\" content=\"https:\/\/hubsch-interior.com\/wp-content\/uploads\/2023\/08\/mist-baskets-brown-set-of-2-a231db7f320e57ac6da84876d8f53f51.jpg\" \/>\n\t<meta property=\"og:image:width\" content=\"1200\" \/>\n\t<meta property=\"og:image:height\" content=\"1200\" \/>\n\t<meta property=\"og:image:type\" content=\"image\/jpeg\" \/>\n<meta name=\"twitter:card\" content=\"summary_large_image\" \/>\n<script type=\"application\/ld+json\" class=\"yoast-schema-graph\">{\"@context\":\"https:\/\/schema.org\",\"@graph\":[{\"@type\":\"WebPage\",\"@id\":\"https:\/\/hubsch-interior.com\/fr\/produit\/mist-paniers-marron-bleu-set-de-2\/\",\"url\":\"https:\/\/hubsch-interior.com\/fr\/produit\/mist-paniers-marron-bleu-set-de-2\/\",\"name\":\"Mist Paniers Marron\/Bleu (set de 2) - H\u00fcbsch\",\"isPartOf\":{\"@id\":\"https:\/\/hubsch-interior.com\/fr\/#website\"},\"primaryImageOfPage\":{\"@id\":\"https:\/\/hubsch-interior.com\/fr\/produit\/mist-paniers-marron-bleu-set-de-2\/#primaryimage\"},\"image\":{\"@id\":\"https:\/\/hubsch-interior.com\/fr\/produit\/mist-paniers-marron-bleu-set-de-2\/#primaryimage\"},\"thumbnailUrl\":\"https:\/\/hubsch-interior.com\/wp-content\/uploads\/2026\/02\/mist-baskets-brownblue-set-of-2-c42176e4be02006907a8d38bfb05a007.jpg\",\"datePublished\":\"2022-02-08T13:48:44+00:00\",\"dateModified\":\"2026-04-30T02:35:16+00:00\",\"description\":\"Ces grands paniers faits main sont litt\u00e9ralement \u00e0 tomber par terre. Nous aimons les d\u00e9tails qui font la diff\u00e9rence dans tous nos produits et les paniers\",\"breadcrumb\":{\"@id\":\"https:\/\/hubsch-interior.com\/fr\/produit\/mist-paniers-marron-bleu-set-de-2\/#breadcrumb\"},\"inLanguage\":\"fr-FR\",\"potentialAction\":[{\"@type\":\"ReadAction\",\"target\":[\"https:\/\/hubsch-interior.com\/fr\/produit\/mist-paniers-marron-bleu-set-de-2\/\"]}]},{\"@type\":\"ImageObject\",\"inLanguage\":\"fr-FR\",\"@id\":\"https:\/\/hubsch-interior.com\/fr\/produit\/mist-paniers-marron-bleu-set-de-2\/#primaryimage\",\"url\":\"https:\/\/hubsch-interior.com\/wp-content\/uploads\/2026\/02\/mist-baskets-brownblue-set-of-2-c42176e4be02006907a8d38bfb05a007.jpg\",\"contentUrl\":\"https:\/\/hubsch-interior.com\/wp-content\/uploads\/2026\/02\/mist-baskets-brownblue-set-of-2-c42176e4be02006907a8d38bfb05a007.jpg\",\"width\":1024,\"height\":1024},{\"@type\":\"BreadcrumbList\",\"@id\":\"https:\/\/hubsch-interior.com\/fr\/produit\/mist-paniers-marron-bleu-set-de-2\/#breadcrumb\",\"itemListElement\":[{\"@type\":\"ListItem\",\"position\":1,\"name\":\"Page d'accueil\",\"item\":\"https:\/\/hubsch-interior.com\/fr\/\"},{\"@type\":\"ListItem\",\"position\":2,\"name\":\"Produits\",\"item\":\"https:\/\/hubsch-interior.com\/fr\/shop-2\/\"},{\"@type\":\"ListItem\",\"position\":3,\"name\":\"Accessoires maison\",\"item\":\"https:\/\/hubsch-interior.com\/fr\/categorie-produit\/accessoires-maison\/\"},{\"@type\":\"ListItem\",\"position\":4,\"name\":\"Espace de rangement\",\"item\":\"https:\/\/hubsch-interior.com\/fr\/categorie-produit\/accessoires-maison\/espace-de-rangement-fr\/\"},{\"@type\":\"ListItem\",\"position\":5,\"name\":\"Paniers\",\"item\":\"https:\/\/hubsch-interior.com\/fr\/categorie-produit\/accessoires-maison\/espace-de-rangement-fr\/paniers-fr\/\"},{\"@type\":\"ListItem\",\"position\":6,\"name\":\"Mist Paniers Marron\/Bleu (set de 2)\"}]},{\"@type\":\"WebSite\",\"@id\":\"https:\/\/hubsch-interior.com\/fr\/#website\",\"url\":\"https:\/\/hubsch-interior.com\/fr\/\",\"name\":\"H\u00fcbsch\",\"description\":\"Danish Home Interior and Design\",\"publisher\":{\"@id\":\"https:\/\/hubsch-interior.com\/fr\/#organization\"},\"potentialAction\":[{\"@type\":\"SearchAction\",\"target\":{\"@type\":\"EntryPoint\",\"urlTemplate\":\"https:\/\/hubsch-interior.com\/fr\/?s={search_term_string}\"},\"query-input\":{\"@type\":\"PropertyValueSpecification\",\"valueRequired\":true,\"valueName\":\"search_term_string\"}}],\"inLanguage\":\"fr-FR\"},{\"@type\":\"Organization\",\"@id\":\"https:\/\/hubsch-interior.com\/fr\/#organization\",\"name\":\"H\u00fcbsch\",\"url\":\"https:\/\/hubsch-interior.com\/fr\/\",\"logo\":{\"@type\":\"ImageObject\",\"inLanguage\":\"fr-FR\",\"@id\":\"https:\/\/hubsch-interior.com\/fr\/#\/schema\/logo\/image\/\",\"url\":\"https:\/\/hubsch-interior.com\/wp-content\/uploads\/2022\/12\/Hubsch_logo_black_one_line.svg\",\"contentUrl\":\"https:\/\/hubsch-interior.com\/wp-content\/uploads\/2022\/12\/Hubsch_logo_black_one_line.svg\",\"caption\":\"H\u00fcbsch\"},\"image\":{\"@id\":\"https:\/\/hubsch-interior.com\/fr\/#\/schema\/logo\/image\/\"}}]}<\/script>\n<!-- \/ Yoast SEO plugin. -->","yoast_head_json":{"title":"Mist Paniers Marron\/Bleu (set de 2) - H\u00fcbsch","description":"Ces grands paniers faits main sont litt\u00e9ralement \u00e0 tomber par terre. Nous aimons les d\u00e9tails qui font la diff\u00e9rence dans tous nos produits et les paniers","robots":{"index":"index","follow":"follow","max-snippet":"max-snippet:-1","max-image-preview":"max-image-preview:large","max-video-preview":"max-video-preview:-1"},"canonical":"https:\/\/hubsch-interior.com\/fr\/wp-json\/wp\/v2\/product\/739991","og_locale":"fr_FR","og_type":"article","og_title":"Mist Paniers Marron\/Bleu (set de 2) - H\u00fcbsch","og_description":"Ces grands paniers faits main sont litt\u00e9ralement \u00e0 tomber par terre. Nous aimons les d\u00e9tails qui font la diff\u00e9rence dans tous nos produits et les paniers","og_url":"https:\/\/hubsch-interior.com\/fr\/produit\/mist-paniers-marron-bleu-set-de-2\/","og_site_name":"H\u00fcbsch","article_modified_time":"2026-04-30T02:35:16+00:00","og_image":[{"width":1200,"height":1200,"url":"https:\/\/hubsch-interior.com\/wp-content\/uploads\/2023\/08\/mist-baskets-brown-set-of-2-a231db7f320e57ac6da84876d8f53f51.jpg","type":"image\/jpeg"}],"twitter_card":"summary_large_image","schema":{"@context":"https:\/\/schema.org","@graph":[{"@type":"WebPage","@id":"https:\/\/hubsch-interior.com\/fr\/produit\/mist-paniers-marron-bleu-set-de-2\/","url":"https:\/\/hubsch-interior.com\/fr\/produit\/mist-paniers-marron-bleu-set-de-2\/","name":"Mist Paniers Marron\/Bleu (set de 2) - H\u00fcbsch","isPartOf":{"@id":"https:\/\/hubsch-interior.com\/fr\/#website"},"primaryImageOfPage":{"@id":"https:\/\/hubsch-interior.com\/fr\/produit\/mist-paniers-marron-bleu-set-de-2\/#primaryimage"},"image":{"@id":"https:\/\/hubsch-interior.com\/fr\/produit\/mist-paniers-marron-bleu-set-de-2\/#primaryimage"},"thumbnailUrl":"https:\/\/hubsch-interior.com\/wp-content\/uploads\/2026\/02\/mist-baskets-brownblue-set-of-2-c42176e4be02006907a8d38bfb05a007.jpg","datePublished":"2022-02-08T13:48:44+00:00","dateModified":"2026-04-30T02:35:16+00:00","description":"Ces grands paniers faits main sont litt\u00e9ralement \u00e0 tomber par terre. Nous aimons les d\u00e9tails qui font la diff\u00e9rence dans tous nos produits et les paniers","breadcrumb":{"@id":"https:\/\/hubsch-interior.com\/fr\/produit\/mist-paniers-marron-bleu-set-de-2\/#breadcrumb"},"inLanguage":"fr-FR","potentialAction":[{"@type":"ReadAction","target":["https:\/\/hubsch-interior.com\/fr\/produit\/mist-paniers-marron-bleu-set-de-2\/"]}]},{"@type":"ImageObject","inLanguage":"fr-FR","@id":"https:\/\/hubsch-interior.com\/fr\/produit\/mist-paniers-marron-bleu-set-de-2\/#primaryimage","url":"https:\/\/hubsch-interior.com\/wp-content\/uploads\/2026\/02\/mist-baskets-brownblue-set-of-2-c42176e4be02006907a8d38bfb05a007.jpg","contentUrl":"https:\/\/hubsch-interior.com\/wp-content\/uploads\/2026\/02\/mist-baskets-brownblue-set-of-2-c42176e4be02006907a8d38bfb05a007.jpg","width":1024,"height":1024},{"@type":"BreadcrumbList","@id":"https:\/\/hubsch-interior.com\/fr\/produit\/mist-paniers-marron-bleu-set-de-2\/#breadcrumb","itemListElement":[{"@type":"ListItem","position":1,"name":"Page d'accueil","item":"https:\/\/hubsch-interior.com\/fr\/"},{"@type":"ListItem","position":2,"name":"Produits","item":"https:\/\/hubsch-interior.com\/fr\/shop-2\/"},{"@type":"ListItem","position":3,"name":"Accessoires maison","item":"https:\/\/hubsch-interior.com\/fr\/categorie-produit\/accessoires-maison\/"},{"@type":"ListItem","position":4,"name":"Espace de rangement","item":"https:\/\/hubsch-interior.com\/fr\/categorie-produit\/accessoires-maison\/espace-de-rangement-fr\/"},{"@type":"ListItem","position":5,"name":"Paniers","item":"https:\/\/hubsch-interior.com\/fr\/categorie-produit\/accessoires-maison\/espace-de-rangement-fr\/paniers-fr\/"},{"@type":"ListItem","position":6,"name":"Mist Paniers Marron\/Bleu (set de 2)"}]},{"@type":"WebSite","@id":"https:\/\/hubsch-interior.com\/fr\/#website","url":"https:\/\/hubsch-interior.com\/fr\/","name":"H\u00fcbsch","description":"Danish Home Interior and Design","publisher":{"@id":"https:\/\/hubsch-interior.com\/fr\/#organization"},"potentialAction":[{"@type":"SearchAction","target":{"@type":"EntryPoint","urlTemplate":"https:\/\/hubsch-interior.com\/fr\/?s={search_term_string}"},"query-input":{"@type":"PropertyValueSpecification","valueRequired":true,"valueName":"search_term_string"}}],"inLanguage":"fr-FR"},{"@type":"Organization","@id":"https:\/\/hubsch-interior.com\/fr\/#organization","name":"H\u00fcbsch","url":"https:\/\/hubsch-interior.com\/fr\/","logo":{"@type":"ImageObject","inLanguage":"fr-FR","@id":"https:\/\/hubsch-interior.com\/fr\/#\/schema\/logo\/image\/","url":"https:\/\/hubsch-interior.com\/wp-content\/uploads\/2022\/12\/Hubsch_logo_black_one_line.svg","contentUrl":"https:\/\/hubsch-interior.com\/wp-content\/uploads\/2022\/12\/Hubsch_logo_black_one_line.svg","caption":"H\u00fcbsch"},"image":{"@id":"https:\/\/hubsch-interior.com\/fr\/#\/schema\/logo\/image\/"}}]}},"_links":{"self":[{"href":"https:\/\/hubsch-interior.com\/fr\/wp-json\/wp\/v2\/product\/739991","targetHints":{"allow":["GET"]}}],"collection":[{"href":"https:\/\/hubsch-interior.com\/fr\/wp-json\/wp\/v2\/product"}],"about":[{"href":"https:\/\/hubsch-interior.com\/fr\/wp-json\/wp\/v2\/types\/product"}],"wp:featuredmedia":[{"embeddable":true,"href":"https:\/\/hubsch-interior.com\/fr\/wp-json\/wp\/v2\/media\/1098386"}],"wp:attachment":[{"href":"https:\/\/hubsch-interior.com\/fr\/wp-json\/wp\/v2\/media?parent=739991"}],"wp:term":[{"taxonomy":"product_brand","embeddable":true,"href":"https:\/\/hubsch-interior.com\/fr\/wp-json\/wp\/v2\/product_brand?post=739991"},{"taxonomy":"product_cat","embeddable":true,"href":"https:\/\/hubsch-interior.com\/fr\/wp-json\/wp\/v2\/product_cat?post=739991"},{"taxonomy":"product_tag","embeddable":true,"href":"https:\/\/hubsch-interior.com\/fr\/wp-json\/wp\/v2\/product_tag?post=739991"}],"curies":[{"name":"wp","href":"https:\/\/api.w.org\/{rel}","templated":true}]}}