{"id":740043,"date":"2022-02-08T14:49:01","date_gmt":"2022-02-08T13:49:01","guid":{"rendered":"https:\/\/hubsch-interior.com\/product\/product\/"},"modified":"2026-04-09T04:36:04","modified_gmt":"2026-04-09T02:36:04","slug":"faye-panier-airy-beige-marron-maroon","status":"publish","type":"product","link":"https:\/\/hubsch-interior.com\/fr\/produit\/faye-panier-airy-beige-marron-maroon\/","title":{"rendered":"Faye Panier Airy Beige\/Marron\/Maroon"},"content":{"rendered":"<p>Original et joli ; c&#8217;est ainsi que nous qualifierions le panier suspendu Faye fait main. Le tissage \u00e0 carreaux de la corde en papier noir, marron et naturel apporte fraicheur et douceur. Si vous souhaitez cr\u00e9er une ambiance de patio parfaite \u00e0 l&#8217;int\u00e9rieur, alors ce panier suspendu est celui qu&#8217;il vous faut. Accrochez-le seul ou par paires pour un peu ou plus de charme et accumulez des plantes pour plus de vert dans votre int\u00e9rieur.<\/p>\n","protected":false},"excerpt":{"rendered":"<p>Original et joli ; c&#8217;est ainsi que nous qualifierions le panier suspendu Faye fait main. Le tissage \u00e0 carreaux de la corde en papier noir, marron et naturel apporte fraicheur et douceur. Si vous souhaitez cr\u00e9er une ambiance de patio parfaite \u00e0 l&#8217;int\u00e9rieur, alors ce panier suspendu est celui qu&#8217;il vous faut. Accrochez-le seul ou [&hellip;]<\/p>\n","protected":false},"featured_media":1098414,"template":"","meta":{"_acf_changed":false,"inline_featured_image":false},"product_brand":[],"product_cat":[3110,4075,4914,4928],"product_tag":[],"class_list":{"0":"post-740043","1":"product","2":"type-product","3":"status-publish","4":"has-post-thumbnail","6":"product_cat-espace-de-rangement-fr","7":"product_cat-paniers-fr","8":"product_cat-pots-de-fleur-et-arrosior-fr","9":"product_cat-pots-a-suspendre-fr","10":"product_shipping_class-pk","12":"pa_color-beige-3","13":"pa_color-marron","14":"pa_color-maroon-2","15":"pa_material-papier-fr","17":"first","18":"instock","19":"taxable","20":"shipping-taxable","21":"purchasable","22":"product-type-simple"},"exclude_global_add_ons":[],"addons":[],"acf":[],"yoast_head":"<!-- This site is optimized with the Yoast SEO plugin v26.4 - https:\/\/yoast.com\/wordpress\/plugins\/seo\/ -->\n<title>Faye Panier Airy Beige\/Marron\/Maroon - H\u00fcbsch<\/title>\n<meta name=\"description\" content=\"Original et joli ; c&#039;est ainsi que nous qualifierions le panier suspendu Faye fait main. Le tissage \u00e0 carreaux de la corde en papier noir, marron et\" \/>\n<meta name=\"robots\" content=\"index, follow, max-snippet:-1, max-image-preview:large, max-video-preview:-1\" \/>\n<link rel=\"canonical\" href=\"https:\/\/hubsch-interior.com\/fr\/wp-json\/wp\/v2\/product\/740043\" \/>\n<meta property=\"og:locale\" content=\"fr_FR\" \/>\n<meta property=\"og:type\" content=\"article\" \/>\n<meta property=\"og:title\" content=\"Faye Panier Airy Beige\/Marron\/Maroon - H\u00fcbsch\" \/>\n<meta property=\"og:description\" content=\"Original et joli ; c&#039;est ainsi que nous qualifierions le panier suspendu Faye fait main. Le tissage \u00e0 carreaux de la corde en papier noir, marron et\" \/>\n<meta property=\"og:url\" content=\"https:\/\/hubsch-interior.com\/fr\/produit\/faye-panier-airy-beige-marron-maroon\/\" \/>\n<meta property=\"og:site_name\" content=\"H\u00fcbsch\" \/>\n<meta property=\"article:modified_time\" content=\"2026-04-09T02:36:04+00:00\" \/>\n<meta property=\"og:image\" content=\"https:\/\/hubsch-interior.com\/wp-content\/uploads\/2025\/05\/faye-basket-airy-beigebrownmaroon-7f672b73c705cf1763c3f19c3b16108f.jpg\" \/>\n\t<meta property=\"og:image:width\" content=\"1200\" \/>\n\t<meta property=\"og:image:height\" content=\"1200\" \/>\n\t<meta property=\"og:image:type\" content=\"image\/jpeg\" \/>\n<meta name=\"twitter:card\" content=\"summary_large_image\" \/>\n<script type=\"application\/ld+json\" class=\"yoast-schema-graph\">{\"@context\":\"https:\/\/schema.org\",\"@graph\":[{\"@type\":\"WebPage\",\"@id\":\"https:\/\/hubsch-interior.com\/fr\/produit\/faye-panier-airy-beige-marron-maroon\/\",\"url\":\"https:\/\/hubsch-interior.com\/fr\/produit\/faye-panier-airy-beige-marron-maroon\/\",\"name\":\"Faye Panier Airy Beige\/Marron\/Maroon - H\u00fcbsch\",\"isPartOf\":{\"@id\":\"https:\/\/hubsch-interior.com\/fr\/#website\"},\"primaryImageOfPage\":{\"@id\":\"https:\/\/hubsch-interior.com\/fr\/produit\/faye-panier-airy-beige-marron-maroon\/#primaryimage\"},\"image\":{\"@id\":\"https:\/\/hubsch-interior.com\/fr\/produit\/faye-panier-airy-beige-marron-maroon\/#primaryimage\"},\"thumbnailUrl\":\"https:\/\/hubsch-interior.com\/wp-content\/uploads\/2026\/02\/faye-basket-airy-beigebrownmaroon-baab53d75bbff2ea94439a20e545e5a6.jpg\",\"datePublished\":\"2022-02-08T13:49:01+00:00\",\"dateModified\":\"2026-04-09T02:36:04+00:00\",\"description\":\"Original et joli ; c'est ainsi que nous qualifierions le panier suspendu Faye fait main. Le tissage \u00e0 carreaux de la corde en papier noir, marron et\",\"breadcrumb\":{\"@id\":\"https:\/\/hubsch-interior.com\/fr\/produit\/faye-panier-airy-beige-marron-maroon\/#breadcrumb\"},\"inLanguage\":\"fr-FR\",\"potentialAction\":[{\"@type\":\"ReadAction\",\"target\":[\"https:\/\/hubsch-interior.com\/fr\/produit\/faye-panier-airy-beige-marron-maroon\/\"]}]},{\"@type\":\"ImageObject\",\"inLanguage\":\"fr-FR\",\"@id\":\"https:\/\/hubsch-interior.com\/fr\/produit\/faye-panier-airy-beige-marron-maroon\/#primaryimage\",\"url\":\"https:\/\/hubsch-interior.com\/wp-content\/uploads\/2026\/02\/faye-basket-airy-beigebrownmaroon-baab53d75bbff2ea94439a20e545e5a6.jpg\",\"contentUrl\":\"https:\/\/hubsch-interior.com\/wp-content\/uploads\/2026\/02\/faye-basket-airy-beigebrownmaroon-baab53d75bbff2ea94439a20e545e5a6.jpg\",\"width\":1024,\"height\":1024},{\"@type\":\"BreadcrumbList\",\"@id\":\"https:\/\/hubsch-interior.com\/fr\/produit\/faye-panier-airy-beige-marron-maroon\/#breadcrumb\",\"itemListElement\":[{\"@type\":\"ListItem\",\"position\":1,\"name\":\"Page d'accueil\",\"item\":\"https:\/\/hubsch-interior.com\/fr\/\"},{\"@type\":\"ListItem\",\"position\":2,\"name\":\"Produits\",\"item\":\"https:\/\/hubsch-interior.com\/fr\/shop-2\/\"},{\"@type\":\"ListItem\",\"position\":3,\"name\":\"Accessoires maison\",\"item\":\"https:\/\/hubsch-interior.com\/fr\/categorie-produit\/accessoires-maison\/\"},{\"@type\":\"ListItem\",\"position\":4,\"name\":\"Espace de rangement\",\"item\":\"https:\/\/hubsch-interior.com\/fr\/categorie-produit\/accessoires-maison\/espace-de-rangement-fr\/\"},{\"@type\":\"ListItem\",\"position\":5,\"name\":\"Paniers\",\"item\":\"https:\/\/hubsch-interior.com\/fr\/categorie-produit\/accessoires-maison\/espace-de-rangement-fr\/paniers-fr\/\"},{\"@type\":\"ListItem\",\"position\":6,\"name\":\"Faye Panier Airy Beige\/Marron\/Maroon\"}]},{\"@type\":\"WebSite\",\"@id\":\"https:\/\/hubsch-interior.com\/fr\/#website\",\"url\":\"https:\/\/hubsch-interior.com\/fr\/\",\"name\":\"H\u00fcbsch\",\"description\":\"Danish Home Interior and Design\",\"publisher\":{\"@id\":\"https:\/\/hubsch-interior.com\/fr\/#organization\"},\"potentialAction\":[{\"@type\":\"SearchAction\",\"target\":{\"@type\":\"EntryPoint\",\"urlTemplate\":\"https:\/\/hubsch-interior.com\/fr\/?s={search_term_string}\"},\"query-input\":{\"@type\":\"PropertyValueSpecification\",\"valueRequired\":true,\"valueName\":\"search_term_string\"}}],\"inLanguage\":\"fr-FR\"},{\"@type\":\"Organization\",\"@id\":\"https:\/\/hubsch-interior.com\/fr\/#organization\",\"name\":\"H\u00fcbsch\",\"url\":\"https:\/\/hubsch-interior.com\/fr\/\",\"logo\":{\"@type\":\"ImageObject\",\"inLanguage\":\"fr-FR\",\"@id\":\"https:\/\/hubsch-interior.com\/fr\/#\/schema\/logo\/image\/\",\"url\":\"https:\/\/hubsch-interior.com\/wp-content\/uploads\/2022\/12\/Hubsch_logo_black_one_line.svg\",\"contentUrl\":\"https:\/\/hubsch-interior.com\/wp-content\/uploads\/2022\/12\/Hubsch_logo_black_one_line.svg\",\"caption\":\"H\u00fcbsch\"},\"image\":{\"@id\":\"https:\/\/hubsch-interior.com\/fr\/#\/schema\/logo\/image\/\"}}]}<\/script>\n<!-- \/ Yoast SEO plugin. -->","yoast_head_json":{"title":"Faye Panier Airy Beige\/Marron\/Maroon - H\u00fcbsch","description":"Original et joli ; c'est ainsi que nous qualifierions le panier suspendu Faye fait main. Le tissage \u00e0 carreaux de la corde en papier noir, marron et","robots":{"index":"index","follow":"follow","max-snippet":"max-snippet:-1","max-image-preview":"max-image-preview:large","max-video-preview":"max-video-preview:-1"},"canonical":"https:\/\/hubsch-interior.com\/fr\/wp-json\/wp\/v2\/product\/740043","og_locale":"fr_FR","og_type":"article","og_title":"Faye Panier Airy Beige\/Marron\/Maroon - H\u00fcbsch","og_description":"Original et joli ; c'est ainsi que nous qualifierions le panier suspendu Faye fait main. Le tissage \u00e0 carreaux de la corde en papier noir, marron et","og_url":"https:\/\/hubsch-interior.com\/fr\/produit\/faye-panier-airy-beige-marron-maroon\/","og_site_name":"H\u00fcbsch","article_modified_time":"2026-04-09T02:36:04+00:00","og_image":[{"width":1200,"height":1200,"url":"https:\/\/hubsch-interior.com\/wp-content\/uploads\/2025\/05\/faye-basket-airy-beigebrownmaroon-7f672b73c705cf1763c3f19c3b16108f.jpg","type":"image\/jpeg"}],"twitter_card":"summary_large_image","schema":{"@context":"https:\/\/schema.org","@graph":[{"@type":"WebPage","@id":"https:\/\/hubsch-interior.com\/fr\/produit\/faye-panier-airy-beige-marron-maroon\/","url":"https:\/\/hubsch-interior.com\/fr\/produit\/faye-panier-airy-beige-marron-maroon\/","name":"Faye Panier Airy Beige\/Marron\/Maroon - H\u00fcbsch","isPartOf":{"@id":"https:\/\/hubsch-interior.com\/fr\/#website"},"primaryImageOfPage":{"@id":"https:\/\/hubsch-interior.com\/fr\/produit\/faye-panier-airy-beige-marron-maroon\/#primaryimage"},"image":{"@id":"https:\/\/hubsch-interior.com\/fr\/produit\/faye-panier-airy-beige-marron-maroon\/#primaryimage"},"thumbnailUrl":"https:\/\/hubsch-interior.com\/wp-content\/uploads\/2026\/02\/faye-basket-airy-beigebrownmaroon-baab53d75bbff2ea94439a20e545e5a6.jpg","datePublished":"2022-02-08T13:49:01+00:00","dateModified":"2026-04-09T02:36:04+00:00","description":"Original et joli ; c'est ainsi que nous qualifierions le panier suspendu Faye fait main. Le tissage \u00e0 carreaux de la corde en papier noir, marron et","breadcrumb":{"@id":"https:\/\/hubsch-interior.com\/fr\/produit\/faye-panier-airy-beige-marron-maroon\/#breadcrumb"},"inLanguage":"fr-FR","potentialAction":[{"@type":"ReadAction","target":["https:\/\/hubsch-interior.com\/fr\/produit\/faye-panier-airy-beige-marron-maroon\/"]}]},{"@type":"ImageObject","inLanguage":"fr-FR","@id":"https:\/\/hubsch-interior.com\/fr\/produit\/faye-panier-airy-beige-marron-maroon\/#primaryimage","url":"https:\/\/hubsch-interior.com\/wp-content\/uploads\/2026\/02\/faye-basket-airy-beigebrownmaroon-baab53d75bbff2ea94439a20e545e5a6.jpg","contentUrl":"https:\/\/hubsch-interior.com\/wp-content\/uploads\/2026\/02\/faye-basket-airy-beigebrownmaroon-baab53d75bbff2ea94439a20e545e5a6.jpg","width":1024,"height":1024},{"@type":"BreadcrumbList","@id":"https:\/\/hubsch-interior.com\/fr\/produit\/faye-panier-airy-beige-marron-maroon\/#breadcrumb","itemListElement":[{"@type":"ListItem","position":1,"name":"Page d'accueil","item":"https:\/\/hubsch-interior.com\/fr\/"},{"@type":"ListItem","position":2,"name":"Produits","item":"https:\/\/hubsch-interior.com\/fr\/shop-2\/"},{"@type":"ListItem","position":3,"name":"Accessoires maison","item":"https:\/\/hubsch-interior.com\/fr\/categorie-produit\/accessoires-maison\/"},{"@type":"ListItem","position":4,"name":"Espace de rangement","item":"https:\/\/hubsch-interior.com\/fr\/categorie-produit\/accessoires-maison\/espace-de-rangement-fr\/"},{"@type":"ListItem","position":5,"name":"Paniers","item":"https:\/\/hubsch-interior.com\/fr\/categorie-produit\/accessoires-maison\/espace-de-rangement-fr\/paniers-fr\/"},{"@type":"ListItem","position":6,"name":"Faye Panier Airy Beige\/Marron\/Maroon"}]},{"@type":"WebSite","@id":"https:\/\/hubsch-interior.com\/fr\/#website","url":"https:\/\/hubsch-interior.com\/fr\/","name":"H\u00fcbsch","description":"Danish Home Interior and Design","publisher":{"@id":"https:\/\/hubsch-interior.com\/fr\/#organization"},"potentialAction":[{"@type":"SearchAction","target":{"@type":"EntryPoint","urlTemplate":"https:\/\/hubsch-interior.com\/fr\/?s={search_term_string}"},"query-input":{"@type":"PropertyValueSpecification","valueRequired":true,"valueName":"search_term_string"}}],"inLanguage":"fr-FR"},{"@type":"Organization","@id":"https:\/\/hubsch-interior.com\/fr\/#organization","name":"H\u00fcbsch","url":"https:\/\/hubsch-interior.com\/fr\/","logo":{"@type":"ImageObject","inLanguage":"fr-FR","@id":"https:\/\/hubsch-interior.com\/fr\/#\/schema\/logo\/image\/","url":"https:\/\/hubsch-interior.com\/wp-content\/uploads\/2022\/12\/Hubsch_logo_black_one_line.svg","contentUrl":"https:\/\/hubsch-interior.com\/wp-content\/uploads\/2022\/12\/Hubsch_logo_black_one_line.svg","caption":"H\u00fcbsch"},"image":{"@id":"https:\/\/hubsch-interior.com\/fr\/#\/schema\/logo\/image\/"}}]}},"_links":{"self":[{"href":"https:\/\/hubsch-interior.com\/fr\/wp-json\/wp\/v2\/product\/740043","targetHints":{"allow":["GET"]}}],"collection":[{"href":"https:\/\/hubsch-interior.com\/fr\/wp-json\/wp\/v2\/product"}],"about":[{"href":"https:\/\/hubsch-interior.com\/fr\/wp-json\/wp\/v2\/types\/product"}],"wp:featuredmedia":[{"embeddable":true,"href":"https:\/\/hubsch-interior.com\/fr\/wp-json\/wp\/v2\/media\/1098414"}],"wp:attachment":[{"href":"https:\/\/hubsch-interior.com\/fr\/wp-json\/wp\/v2\/media?parent=740043"}],"wp:term":[{"taxonomy":"product_brand","embeddable":true,"href":"https:\/\/hubsch-interior.com\/fr\/wp-json\/wp\/v2\/product_brand?post=740043"},{"taxonomy":"product_cat","embeddable":true,"href":"https:\/\/hubsch-interior.com\/fr\/wp-json\/wp\/v2\/product_cat?post=740043"},{"taxonomy":"product_tag","embeddable":true,"href":"https:\/\/hubsch-interior.com\/fr\/wp-json\/wp\/v2\/product_tag?post=740043"}],"curies":[{"name":"wp","href":"https:\/\/api.w.org\/{rel}","templated":true}]}}