{"id":740103,"date":"2022-02-08T14:51:35","date_gmt":"2022-02-08T13:51:35","guid":{"rendered":"https:\/\/hubsch-interior.com\/product\/product\/"},"modified":"2026-04-09T04:37:55","modified_gmt":"2026-04-09T02:37:55","slug":"akin-bougeoirs-vert-set-de-2","status":"publish","type":"product","link":"https:\/\/hubsch-interior.com\/fr\/produit\/akin-bougeoirs-vert-set-de-2\/","title":{"rendered":"Akin Bougeoirs Vert (set de 2)"},"content":{"rendered":"<p>Parfaits avec une bougie droite, ces bougeoirs en verre vert apportent une ambiance cosy \u00e0 votre int\u00e9rieur. De forme intemporelle, ces objets peuvent \u00eatre utilis\u00e9s comme bougeoirs mais aussi comme cache-pot pour une belle plante d&#8217;int\u00e9rieur ou des herbes aromatiques. Le verre \u00e9pais rappelle les ann\u00e9es 70, mais les couleurs nous ram\u00e8nent directement au 21e si\u00e8cle. Disponible en trois couleurs.<\/p>\n","protected":false},"excerpt":{"rendered":"<p>Parfaits avec une bougie droite, ces bougeoirs en verre vert apportent une ambiance cosy \u00e0 votre int\u00e9rieur. De forme intemporelle, ces objets peuvent \u00eatre utilis\u00e9s comme bougeoirs mais aussi comme cache-pot pour une belle plante d&#8217;int\u00e9rieur ou des herbes aromatiques. Le verre \u00e9pais rappelle les ann\u00e9es 70, mais les couleurs nous ram\u00e8nent directement au 21e [&hellip;]<\/p>\n","protected":false},"featured_media":1099015,"template":"","meta":{"_acf_changed":false,"inline_featured_image":false},"product_brand":[],"product_cat":[6971,4065,4066,6535],"product_tag":[],"class_list":{"0":"post-740103","1":"product","2":"type-product","3":"status-publish","4":"has-post-thumbnail","6":"product_cat-paques","7":"product_cat-bougeoirs-lanternes-fr","8":"product_cat-bougeoirs-et-photophores-fr","9":"product_cat-outlet-fr","10":"product_shipping_class-pk","12":"pa_color-vert-2","13":"pa_material-verre-fr","15":"first","16":"instock","17":"sale","18":"taxable","19":"shipping-taxable","20":"purchasable","21":"product-type-simple"},"exclude_global_add_ons":[],"addons":[],"acf":[],"yoast_head":"<!-- This site is optimized with the Yoast SEO plugin v26.4 - https:\/\/yoast.com\/wordpress\/plugins\/seo\/ -->\n<title>Akin Bougeoirs Vert (set de 2) - H\u00fcbsch<\/title>\n<meta name=\"description\" content=\"Parfaits avec une bougie droite, ces bougeoirs en verre vert apportent une ambiance cosy \u00e0 votre int\u00e9rieur. De forme intemporelle, ces objets peuvent \u00eatre\" \/>\n<meta name=\"robots\" content=\"index, follow, max-snippet:-1, max-image-preview:large, max-video-preview:-1\" \/>\n<link rel=\"canonical\" href=\"https:\/\/hubsch-interior.com\/fr\/wp-json\/wp\/v2\/product\/740103\" \/>\n<meta property=\"og:locale\" content=\"fr_FR\" \/>\n<meta property=\"og:type\" content=\"article\" \/>\n<meta property=\"og:title\" content=\"Akin Bougeoirs Vert (set de 2) - H\u00fcbsch\" \/>\n<meta property=\"og:description\" content=\"Parfaits avec une bougie droite, ces bougeoirs en verre vert apportent une ambiance cosy \u00e0 votre int\u00e9rieur. De forme intemporelle, ces objets peuvent \u00eatre\" \/>\n<meta property=\"og:url\" content=\"https:\/\/hubsch-interior.com\/fr\/produit\/akin-bougeoirs-vert-set-de-2\/\" \/>\n<meta property=\"og:site_name\" content=\"H\u00fcbsch\" \/>\n<meta property=\"article:modified_time\" content=\"2026-04-09T02:37:55+00:00\" \/>\n<meta property=\"og:image\" content=\"https:\/\/hubsch-interior.com\/wp-content\/uploads\/2024\/01\/akin-candleholders-green-set-of-2-01d23be9a6a6ac11b12ecd8c071dc573.jpg\" \/>\n\t<meta property=\"og:image:width\" content=\"1200\" \/>\n\t<meta property=\"og:image:height\" content=\"1200\" \/>\n\t<meta property=\"og:image:type\" content=\"image\/jpeg\" \/>\n<meta name=\"twitter:card\" content=\"summary_large_image\" \/>\n<script type=\"application\/ld+json\" class=\"yoast-schema-graph\">{\"@context\":\"https:\/\/schema.org\",\"@graph\":[{\"@type\":\"WebPage\",\"@id\":\"https:\/\/hubsch-interior.com\/fr\/produit\/akin-bougeoirs-vert-set-de-2\/\",\"url\":\"https:\/\/hubsch-interior.com\/fr\/produit\/akin-bougeoirs-vert-set-de-2\/\",\"name\":\"Akin Bougeoirs Vert (set de 2) - H\u00fcbsch\",\"isPartOf\":{\"@id\":\"https:\/\/hubsch-interior.com\/fr\/#website\"},\"primaryImageOfPage\":{\"@id\":\"https:\/\/hubsch-interior.com\/fr\/produit\/akin-bougeoirs-vert-set-de-2\/#primaryimage\"},\"image\":{\"@id\":\"https:\/\/hubsch-interior.com\/fr\/produit\/akin-bougeoirs-vert-set-de-2\/#primaryimage\"},\"thumbnailUrl\":\"https:\/\/hubsch-interior.com\/wp-content\/uploads\/2026\/02\/akin-candleholders-green-set-of-2-7305b7cc9e9dbdc49390b4090879b5e5.jpg\",\"datePublished\":\"2022-02-08T13:51:35+00:00\",\"dateModified\":\"2026-04-09T02:37:55+00:00\",\"description\":\"Parfaits avec une bougie droite, ces bougeoirs en verre vert apportent une ambiance cosy \u00e0 votre int\u00e9rieur. De forme intemporelle, ces objets peuvent \u00eatre\",\"breadcrumb\":{\"@id\":\"https:\/\/hubsch-interior.com\/fr\/produit\/akin-bougeoirs-vert-set-de-2\/#breadcrumb\"},\"inLanguage\":\"fr-FR\",\"potentialAction\":[{\"@type\":\"ReadAction\",\"target\":[\"https:\/\/hubsch-interior.com\/fr\/produit\/akin-bougeoirs-vert-set-de-2\/\"]}]},{\"@type\":\"ImageObject\",\"inLanguage\":\"fr-FR\",\"@id\":\"https:\/\/hubsch-interior.com\/fr\/produit\/akin-bougeoirs-vert-set-de-2\/#primaryimage\",\"url\":\"https:\/\/hubsch-interior.com\/wp-content\/uploads\/2026\/02\/akin-candleholders-green-set-of-2-7305b7cc9e9dbdc49390b4090879b5e5.jpg\",\"contentUrl\":\"https:\/\/hubsch-interior.com\/wp-content\/uploads\/2026\/02\/akin-candleholders-green-set-of-2-7305b7cc9e9dbdc49390b4090879b5e5.jpg\",\"width\":1024,\"height\":1024},{\"@type\":\"BreadcrumbList\",\"@id\":\"https:\/\/hubsch-interior.com\/fr\/produit\/akin-bougeoirs-vert-set-de-2\/#breadcrumb\",\"itemListElement\":[{\"@type\":\"ListItem\",\"position\":1,\"name\":\"Page d'accueil\",\"item\":\"https:\/\/hubsch-interior.com\/fr\/\"},{\"@type\":\"ListItem\",\"position\":2,\"name\":\"Produits\",\"item\":\"https:\/\/hubsch-interior.com\/fr\/shop-2\/\"},{\"@type\":\"ListItem\",\"position\":3,\"name\":\"Accessoires maison\",\"item\":\"https:\/\/hubsch-interior.com\/fr\/categorie-produit\/accessoires-maison\/\"},{\"@type\":\"ListItem\",\"position\":4,\"name\":\"Bougeoirs &amp; lanternes\",\"item\":\"https:\/\/hubsch-interior.com\/fr\/categorie-produit\/accessoires-maison\/bougeoirs-lanternes-fr\/\"},{\"@type\":\"ListItem\",\"position\":5,\"name\":\"Bougeoirs et photophores\",\"item\":\"https:\/\/hubsch-interior.com\/fr\/categorie-produit\/accessoires-maison\/bougeoirs-lanternes-fr\/bougeoirs-et-photophores-fr\/\"},{\"@type\":\"ListItem\",\"position\":6,\"name\":\"Akin Bougeoirs Vert (set de 2)\"}]},{\"@type\":\"WebSite\",\"@id\":\"https:\/\/hubsch-interior.com\/fr\/#website\",\"url\":\"https:\/\/hubsch-interior.com\/fr\/\",\"name\":\"H\u00fcbsch\",\"description\":\"Danish Home Interior and Design\",\"publisher\":{\"@id\":\"https:\/\/hubsch-interior.com\/fr\/#organization\"},\"potentialAction\":[{\"@type\":\"SearchAction\",\"target\":{\"@type\":\"EntryPoint\",\"urlTemplate\":\"https:\/\/hubsch-interior.com\/fr\/?s={search_term_string}\"},\"query-input\":{\"@type\":\"PropertyValueSpecification\",\"valueRequired\":true,\"valueName\":\"search_term_string\"}}],\"inLanguage\":\"fr-FR\"},{\"@type\":\"Organization\",\"@id\":\"https:\/\/hubsch-interior.com\/fr\/#organization\",\"name\":\"H\u00fcbsch\",\"url\":\"https:\/\/hubsch-interior.com\/fr\/\",\"logo\":{\"@type\":\"ImageObject\",\"inLanguage\":\"fr-FR\",\"@id\":\"https:\/\/hubsch-interior.com\/fr\/#\/schema\/logo\/image\/\",\"url\":\"https:\/\/hubsch-interior.com\/wp-content\/uploads\/2022\/12\/Hubsch_logo_black_one_line.svg\",\"contentUrl\":\"https:\/\/hubsch-interior.com\/wp-content\/uploads\/2022\/12\/Hubsch_logo_black_one_line.svg\",\"caption\":\"H\u00fcbsch\"},\"image\":{\"@id\":\"https:\/\/hubsch-interior.com\/fr\/#\/schema\/logo\/image\/\"}}]}<\/script>\n<!-- \/ Yoast SEO plugin. -->","yoast_head_json":{"title":"Akin Bougeoirs Vert (set de 2) - H\u00fcbsch","description":"Parfaits avec une bougie droite, ces bougeoirs en verre vert apportent une ambiance cosy \u00e0 votre int\u00e9rieur. De forme intemporelle, ces objets peuvent \u00eatre","robots":{"index":"index","follow":"follow","max-snippet":"max-snippet:-1","max-image-preview":"max-image-preview:large","max-video-preview":"max-video-preview:-1"},"canonical":"https:\/\/hubsch-interior.com\/fr\/wp-json\/wp\/v2\/product\/740103","og_locale":"fr_FR","og_type":"article","og_title":"Akin Bougeoirs Vert (set de 2) - H\u00fcbsch","og_description":"Parfaits avec une bougie droite, ces bougeoirs en verre vert apportent une ambiance cosy \u00e0 votre int\u00e9rieur. De forme intemporelle, ces objets peuvent \u00eatre","og_url":"https:\/\/hubsch-interior.com\/fr\/produit\/akin-bougeoirs-vert-set-de-2\/","og_site_name":"H\u00fcbsch","article_modified_time":"2026-04-09T02:37:55+00:00","og_image":[{"width":1200,"height":1200,"url":"https:\/\/hubsch-interior.com\/wp-content\/uploads\/2024\/01\/akin-candleholders-green-set-of-2-01d23be9a6a6ac11b12ecd8c071dc573.jpg","type":"image\/jpeg"}],"twitter_card":"summary_large_image","schema":{"@context":"https:\/\/schema.org","@graph":[{"@type":"WebPage","@id":"https:\/\/hubsch-interior.com\/fr\/produit\/akin-bougeoirs-vert-set-de-2\/","url":"https:\/\/hubsch-interior.com\/fr\/produit\/akin-bougeoirs-vert-set-de-2\/","name":"Akin Bougeoirs Vert (set de 2) - H\u00fcbsch","isPartOf":{"@id":"https:\/\/hubsch-interior.com\/fr\/#website"},"primaryImageOfPage":{"@id":"https:\/\/hubsch-interior.com\/fr\/produit\/akin-bougeoirs-vert-set-de-2\/#primaryimage"},"image":{"@id":"https:\/\/hubsch-interior.com\/fr\/produit\/akin-bougeoirs-vert-set-de-2\/#primaryimage"},"thumbnailUrl":"https:\/\/hubsch-interior.com\/wp-content\/uploads\/2026\/02\/akin-candleholders-green-set-of-2-7305b7cc9e9dbdc49390b4090879b5e5.jpg","datePublished":"2022-02-08T13:51:35+00:00","dateModified":"2026-04-09T02:37:55+00:00","description":"Parfaits avec une bougie droite, ces bougeoirs en verre vert apportent une ambiance cosy \u00e0 votre int\u00e9rieur. De forme intemporelle, ces objets peuvent \u00eatre","breadcrumb":{"@id":"https:\/\/hubsch-interior.com\/fr\/produit\/akin-bougeoirs-vert-set-de-2\/#breadcrumb"},"inLanguage":"fr-FR","potentialAction":[{"@type":"ReadAction","target":["https:\/\/hubsch-interior.com\/fr\/produit\/akin-bougeoirs-vert-set-de-2\/"]}]},{"@type":"ImageObject","inLanguage":"fr-FR","@id":"https:\/\/hubsch-interior.com\/fr\/produit\/akin-bougeoirs-vert-set-de-2\/#primaryimage","url":"https:\/\/hubsch-interior.com\/wp-content\/uploads\/2026\/02\/akin-candleholders-green-set-of-2-7305b7cc9e9dbdc49390b4090879b5e5.jpg","contentUrl":"https:\/\/hubsch-interior.com\/wp-content\/uploads\/2026\/02\/akin-candleholders-green-set-of-2-7305b7cc9e9dbdc49390b4090879b5e5.jpg","width":1024,"height":1024},{"@type":"BreadcrumbList","@id":"https:\/\/hubsch-interior.com\/fr\/produit\/akin-bougeoirs-vert-set-de-2\/#breadcrumb","itemListElement":[{"@type":"ListItem","position":1,"name":"Page d'accueil","item":"https:\/\/hubsch-interior.com\/fr\/"},{"@type":"ListItem","position":2,"name":"Produits","item":"https:\/\/hubsch-interior.com\/fr\/shop-2\/"},{"@type":"ListItem","position":3,"name":"Accessoires maison","item":"https:\/\/hubsch-interior.com\/fr\/categorie-produit\/accessoires-maison\/"},{"@type":"ListItem","position":4,"name":"Bougeoirs &amp; lanternes","item":"https:\/\/hubsch-interior.com\/fr\/categorie-produit\/accessoires-maison\/bougeoirs-lanternes-fr\/"},{"@type":"ListItem","position":5,"name":"Bougeoirs et photophores","item":"https:\/\/hubsch-interior.com\/fr\/categorie-produit\/accessoires-maison\/bougeoirs-lanternes-fr\/bougeoirs-et-photophores-fr\/"},{"@type":"ListItem","position":6,"name":"Akin Bougeoirs Vert (set de 2)"}]},{"@type":"WebSite","@id":"https:\/\/hubsch-interior.com\/fr\/#website","url":"https:\/\/hubsch-interior.com\/fr\/","name":"H\u00fcbsch","description":"Danish Home Interior and Design","publisher":{"@id":"https:\/\/hubsch-interior.com\/fr\/#organization"},"potentialAction":[{"@type":"SearchAction","target":{"@type":"EntryPoint","urlTemplate":"https:\/\/hubsch-interior.com\/fr\/?s={search_term_string}"},"query-input":{"@type":"PropertyValueSpecification","valueRequired":true,"valueName":"search_term_string"}}],"inLanguage":"fr-FR"},{"@type":"Organization","@id":"https:\/\/hubsch-interior.com\/fr\/#organization","name":"H\u00fcbsch","url":"https:\/\/hubsch-interior.com\/fr\/","logo":{"@type":"ImageObject","inLanguage":"fr-FR","@id":"https:\/\/hubsch-interior.com\/fr\/#\/schema\/logo\/image\/","url":"https:\/\/hubsch-interior.com\/wp-content\/uploads\/2022\/12\/Hubsch_logo_black_one_line.svg","contentUrl":"https:\/\/hubsch-interior.com\/wp-content\/uploads\/2022\/12\/Hubsch_logo_black_one_line.svg","caption":"H\u00fcbsch"},"image":{"@id":"https:\/\/hubsch-interior.com\/fr\/#\/schema\/logo\/image\/"}}]}},"_links":{"self":[{"href":"https:\/\/hubsch-interior.com\/fr\/wp-json\/wp\/v2\/product\/740103","targetHints":{"allow":["GET"]}}],"collection":[{"href":"https:\/\/hubsch-interior.com\/fr\/wp-json\/wp\/v2\/product"}],"about":[{"href":"https:\/\/hubsch-interior.com\/fr\/wp-json\/wp\/v2\/types\/product"}],"wp:featuredmedia":[{"embeddable":true,"href":"https:\/\/hubsch-interior.com\/fr\/wp-json\/wp\/v2\/media\/1099015"}],"wp:attachment":[{"href":"https:\/\/hubsch-interior.com\/fr\/wp-json\/wp\/v2\/media?parent=740103"}],"wp:term":[{"taxonomy":"product_brand","embeddable":true,"href":"https:\/\/hubsch-interior.com\/fr\/wp-json\/wp\/v2\/product_brand?post=740103"},{"taxonomy":"product_cat","embeddable":true,"href":"https:\/\/hubsch-interior.com\/fr\/wp-json\/wp\/v2\/product_cat?post=740103"},{"taxonomy":"product_tag","embeddable":true,"href":"https:\/\/hubsch-interior.com\/fr\/wp-json\/wp\/v2\/product_tag?post=740103"}],"curies":[{"name":"wp","href":"https:\/\/api.w.org\/{rel}","templated":true}]}}