{"id":740945,"date":"2022-02-08T15:29:54","date_gmt":"2022-02-08T14:29:54","guid":{"rendered":"https:\/\/hubsch-interior.com\/product\/product\/"},"modified":"2026-04-09T04:38:08","modified_gmt":"2026-04-09T02:38:08","slug":"flora-arrosoir-vert-ambre","status":"publish","type":"product","link":"https:\/\/hubsch-interior.com\/fr\/produit\/flora-arrosoir-vert-ambre\/","title":{"rendered":"Flora Arrosoir Vert\/Ambre"},"content":{"rendered":"<p>On a toujours r\u00eav\u00e9 d&#8217;avoir un joli arrosoir pour arroser nos plantes d&#8217;int\u00e9rieur et le ranger &#8230; dans la cuisine par exemple. Avec ce tr\u00e8s bel arrosoir en verre, plus besoin de le cacher ! Imposant, \u00e9pur\u00e9 et color\u00e9, vous pouvez l&#8217;exposer ou le ranger o\u00f9 bon vous semble. Nous pensons m\u00eame qu&#8217;il m\u00e9rite une place de choix dans votre int\u00e9rieur. Disponible en deux couleurs.<\/p>\n","protected":false},"excerpt":{"rendered":"<p>On a toujours r\u00eav\u00e9 d&#8217;avoir un joli arrosoir pour arroser nos plantes d&#8217;int\u00e9rieur et le ranger &#8230; dans la cuisine par exemple. Avec ce tr\u00e8s bel arrosoir en verre, plus besoin de le cacher ! Imposant, \u00e9pur\u00e9 et color\u00e9, vous pouvez l&#8217;exposer ou le ranger o\u00f9 bon vous semble. Nous pensons m\u00eame qu&#8217;il m\u00e9rite une [&hellip;]<\/p>\n","protected":false},"featured_media":1099087,"template":"","meta":{"_acf_changed":false,"inline_featured_image":false},"product_brand":[],"product_cat":[6943,6348,4914,5016,5026],"product_tag":[],"class_list":{"0":"post-740945","1":"product","2":"type-product","3":"status-publish","4":"has-post-thumbnail","6":"product_cat-bestseller-2025-fr","7":"product_cat-garden-selection-fr","8":"product_cat-pots-de-fleur-et-arrosior-fr","9":"product_cat-arrosior-fr","10":"product_cat-bestsellers-fr","11":"product_shipping_class-pk","13":"pa_color-ambre","14":"pa_color-vert-2","15":"pa_material-verre-fr","17":"first","18":"instock","19":"featured","20":"taxable","21":"shipping-taxable","22":"purchasable","23":"product-type-simple"},"exclude_global_add_ons":[],"addons":[],"acf":[],"yoast_head":"<!-- This site is optimized with the Yoast SEO plugin v26.4 - https:\/\/yoast.com\/wordpress\/plugins\/seo\/ -->\n<title>Flora Arrosoir Vert\/Ambre - H\u00fcbsch<\/title>\n<meta name=\"description\" content=\"On a toujours r\u00eav\u00e9 d&#039;avoir un joli arrosoir pour arroser nos plantes d&#039;int\u00e9rieur et le ranger ... dans la cuisine par exemple. Avec ce tr\u00e8s bel arrosoir\" \/>\n<meta name=\"robots\" content=\"index, follow, max-snippet:-1, max-image-preview:large, max-video-preview:-1\" \/>\n<link rel=\"canonical\" href=\"https:\/\/hubsch-interior.com\/fr\/wp-json\/wp\/v2\/product\/740945\" \/>\n<meta property=\"og:locale\" content=\"fr_FR\" \/>\n<meta property=\"og:type\" content=\"article\" \/>\n<meta property=\"og:title\" content=\"Flora Arrosoir Vert\/Ambre - H\u00fcbsch\" \/>\n<meta property=\"og:description\" content=\"On a toujours r\u00eav\u00e9 d&#039;avoir un joli arrosoir pour arroser nos plantes d&#039;int\u00e9rieur et le ranger ... dans la cuisine par exemple. Avec ce tr\u00e8s bel arrosoir\" \/>\n<meta property=\"og:url\" content=\"https:\/\/hubsch-interior.com\/fr\/produit\/flora-arrosoir-vert-ambre\/\" \/>\n<meta property=\"og:site_name\" content=\"H\u00fcbsch\" \/>\n<meta property=\"article:modified_time\" content=\"2026-04-09T02:38:08+00:00\" \/>\n<meta property=\"og:image\" content=\"https:\/\/hubsch-interior.com\/wp-content\/uploads\/2024\/01\/flora-watering-can-greenamber-b256ec041b1e0fe609e7c5aa1fa4ebfc.jpg\" \/>\n\t<meta property=\"og:image:width\" content=\"1200\" \/>\n\t<meta property=\"og:image:height\" content=\"1200\" \/>\n\t<meta property=\"og:image:type\" content=\"image\/jpeg\" \/>\n<meta name=\"twitter:card\" content=\"summary_large_image\" \/>\n<script type=\"application\/ld+json\" class=\"yoast-schema-graph\">{\"@context\":\"https:\/\/schema.org\",\"@graph\":[{\"@type\":\"WebPage\",\"@id\":\"https:\/\/hubsch-interior.com\/fr\/produit\/flora-arrosoir-vert-ambre\/\",\"url\":\"https:\/\/hubsch-interior.com\/fr\/produit\/flora-arrosoir-vert-ambre\/\",\"name\":\"Flora Arrosoir Vert\/Ambre - H\u00fcbsch\",\"isPartOf\":{\"@id\":\"https:\/\/hubsch-interior.com\/fr\/#website\"},\"primaryImageOfPage\":{\"@id\":\"https:\/\/hubsch-interior.com\/fr\/produit\/flora-arrosoir-vert-ambre\/#primaryimage\"},\"image\":{\"@id\":\"https:\/\/hubsch-interior.com\/fr\/produit\/flora-arrosoir-vert-ambre\/#primaryimage\"},\"thumbnailUrl\":\"https:\/\/hubsch-interior.com\/wp-content\/uploads\/2026\/02\/flora-watering-can-greenamber-6f68c0eebff8b57b1cecec92ffb6996c.jpg\",\"datePublished\":\"2022-02-08T14:29:54+00:00\",\"dateModified\":\"2026-04-09T02:38:08+00:00\",\"description\":\"On a toujours r\u00eav\u00e9 d'avoir un joli arrosoir pour arroser nos plantes d'int\u00e9rieur et le ranger ... dans la cuisine par exemple. Avec ce tr\u00e8s bel arrosoir\",\"breadcrumb\":{\"@id\":\"https:\/\/hubsch-interior.com\/fr\/produit\/flora-arrosoir-vert-ambre\/#breadcrumb\"},\"inLanguage\":\"fr-FR\",\"potentialAction\":[{\"@type\":\"ReadAction\",\"target\":[\"https:\/\/hubsch-interior.com\/fr\/produit\/flora-arrosoir-vert-ambre\/\"]}]},{\"@type\":\"ImageObject\",\"inLanguage\":\"fr-FR\",\"@id\":\"https:\/\/hubsch-interior.com\/fr\/produit\/flora-arrosoir-vert-ambre\/#primaryimage\",\"url\":\"https:\/\/hubsch-interior.com\/wp-content\/uploads\/2026\/02\/flora-watering-can-greenamber-6f68c0eebff8b57b1cecec92ffb6996c.jpg\",\"contentUrl\":\"https:\/\/hubsch-interior.com\/wp-content\/uploads\/2026\/02\/flora-watering-can-greenamber-6f68c0eebff8b57b1cecec92ffb6996c.jpg\",\"width\":1024,\"height\":1024},{\"@type\":\"BreadcrumbList\",\"@id\":\"https:\/\/hubsch-interior.com\/fr\/produit\/flora-arrosoir-vert-ambre\/#breadcrumb\",\"itemListElement\":[{\"@type\":\"ListItem\",\"position\":1,\"name\":\"Page d'accueil\",\"item\":\"https:\/\/hubsch-interior.com\/fr\/\"},{\"@type\":\"ListItem\",\"position\":2,\"name\":\"Produits\",\"item\":\"https:\/\/hubsch-interior.com\/fr\/shop-2\/\"},{\"@type\":\"ListItem\",\"position\":3,\"name\":\"Accessoires maison\",\"item\":\"https:\/\/hubsch-interior.com\/fr\/categorie-produit\/accessoires-maison\/\"},{\"@type\":\"ListItem\",\"position\":4,\"name\":\"Pots de fleur et arrosior\",\"item\":\"https:\/\/hubsch-interior.com\/fr\/categorie-produit\/accessoires-maison\/pots-de-fleur-et-arrosior-fr\/\"},{\"@type\":\"ListItem\",\"position\":5,\"name\":\"Arrosior\",\"item\":\"https:\/\/hubsch-interior.com\/fr\/categorie-produit\/accessoires-maison\/pots-de-fleur-et-arrosior-fr\/arrosior-fr\/\"},{\"@type\":\"ListItem\",\"position\":6,\"name\":\"Flora Arrosoir Vert\/Ambre\"}]},{\"@type\":\"WebSite\",\"@id\":\"https:\/\/hubsch-interior.com\/fr\/#website\",\"url\":\"https:\/\/hubsch-interior.com\/fr\/\",\"name\":\"H\u00fcbsch\",\"description\":\"Danish Home Interior and Design\",\"publisher\":{\"@id\":\"https:\/\/hubsch-interior.com\/fr\/#organization\"},\"potentialAction\":[{\"@type\":\"SearchAction\",\"target\":{\"@type\":\"EntryPoint\",\"urlTemplate\":\"https:\/\/hubsch-interior.com\/fr\/?s={search_term_string}\"},\"query-input\":{\"@type\":\"PropertyValueSpecification\",\"valueRequired\":true,\"valueName\":\"search_term_string\"}}],\"inLanguage\":\"fr-FR\"},{\"@type\":\"Organization\",\"@id\":\"https:\/\/hubsch-interior.com\/fr\/#organization\",\"name\":\"H\u00fcbsch\",\"url\":\"https:\/\/hubsch-interior.com\/fr\/\",\"logo\":{\"@type\":\"ImageObject\",\"inLanguage\":\"fr-FR\",\"@id\":\"https:\/\/hubsch-interior.com\/fr\/#\/schema\/logo\/image\/\",\"url\":\"https:\/\/hubsch-interior.com\/wp-content\/uploads\/2022\/12\/Hubsch_logo_black_one_line.svg\",\"contentUrl\":\"https:\/\/hubsch-interior.com\/wp-content\/uploads\/2022\/12\/Hubsch_logo_black_one_line.svg\",\"caption\":\"H\u00fcbsch\"},\"image\":{\"@id\":\"https:\/\/hubsch-interior.com\/fr\/#\/schema\/logo\/image\/\"}}]}<\/script>\n<!-- \/ Yoast SEO plugin. -->","yoast_head_json":{"title":"Flora Arrosoir Vert\/Ambre - H\u00fcbsch","description":"On a toujours r\u00eav\u00e9 d'avoir un joli arrosoir pour arroser nos plantes d'int\u00e9rieur et le ranger ... dans la cuisine par exemple. Avec ce tr\u00e8s bel arrosoir","robots":{"index":"index","follow":"follow","max-snippet":"max-snippet:-1","max-image-preview":"max-image-preview:large","max-video-preview":"max-video-preview:-1"},"canonical":"https:\/\/hubsch-interior.com\/fr\/wp-json\/wp\/v2\/product\/740945","og_locale":"fr_FR","og_type":"article","og_title":"Flora Arrosoir Vert\/Ambre - H\u00fcbsch","og_description":"On a toujours r\u00eav\u00e9 d'avoir un joli arrosoir pour arroser nos plantes d'int\u00e9rieur et le ranger ... dans la cuisine par exemple. Avec ce tr\u00e8s bel arrosoir","og_url":"https:\/\/hubsch-interior.com\/fr\/produit\/flora-arrosoir-vert-ambre\/","og_site_name":"H\u00fcbsch","article_modified_time":"2026-04-09T02:38:08+00:00","og_image":[{"width":1200,"height":1200,"url":"https:\/\/hubsch-interior.com\/wp-content\/uploads\/2024\/01\/flora-watering-can-greenamber-b256ec041b1e0fe609e7c5aa1fa4ebfc.jpg","type":"image\/jpeg"}],"twitter_card":"summary_large_image","schema":{"@context":"https:\/\/schema.org","@graph":[{"@type":"WebPage","@id":"https:\/\/hubsch-interior.com\/fr\/produit\/flora-arrosoir-vert-ambre\/","url":"https:\/\/hubsch-interior.com\/fr\/produit\/flora-arrosoir-vert-ambre\/","name":"Flora Arrosoir Vert\/Ambre - H\u00fcbsch","isPartOf":{"@id":"https:\/\/hubsch-interior.com\/fr\/#website"},"primaryImageOfPage":{"@id":"https:\/\/hubsch-interior.com\/fr\/produit\/flora-arrosoir-vert-ambre\/#primaryimage"},"image":{"@id":"https:\/\/hubsch-interior.com\/fr\/produit\/flora-arrosoir-vert-ambre\/#primaryimage"},"thumbnailUrl":"https:\/\/hubsch-interior.com\/wp-content\/uploads\/2026\/02\/flora-watering-can-greenamber-6f68c0eebff8b57b1cecec92ffb6996c.jpg","datePublished":"2022-02-08T14:29:54+00:00","dateModified":"2026-04-09T02:38:08+00:00","description":"On a toujours r\u00eav\u00e9 d'avoir un joli arrosoir pour arroser nos plantes d'int\u00e9rieur et le ranger ... dans la cuisine par exemple. Avec ce tr\u00e8s bel arrosoir","breadcrumb":{"@id":"https:\/\/hubsch-interior.com\/fr\/produit\/flora-arrosoir-vert-ambre\/#breadcrumb"},"inLanguage":"fr-FR","potentialAction":[{"@type":"ReadAction","target":["https:\/\/hubsch-interior.com\/fr\/produit\/flora-arrosoir-vert-ambre\/"]}]},{"@type":"ImageObject","inLanguage":"fr-FR","@id":"https:\/\/hubsch-interior.com\/fr\/produit\/flora-arrosoir-vert-ambre\/#primaryimage","url":"https:\/\/hubsch-interior.com\/wp-content\/uploads\/2026\/02\/flora-watering-can-greenamber-6f68c0eebff8b57b1cecec92ffb6996c.jpg","contentUrl":"https:\/\/hubsch-interior.com\/wp-content\/uploads\/2026\/02\/flora-watering-can-greenamber-6f68c0eebff8b57b1cecec92ffb6996c.jpg","width":1024,"height":1024},{"@type":"BreadcrumbList","@id":"https:\/\/hubsch-interior.com\/fr\/produit\/flora-arrosoir-vert-ambre\/#breadcrumb","itemListElement":[{"@type":"ListItem","position":1,"name":"Page d'accueil","item":"https:\/\/hubsch-interior.com\/fr\/"},{"@type":"ListItem","position":2,"name":"Produits","item":"https:\/\/hubsch-interior.com\/fr\/shop-2\/"},{"@type":"ListItem","position":3,"name":"Accessoires maison","item":"https:\/\/hubsch-interior.com\/fr\/categorie-produit\/accessoires-maison\/"},{"@type":"ListItem","position":4,"name":"Pots de fleur et arrosior","item":"https:\/\/hubsch-interior.com\/fr\/categorie-produit\/accessoires-maison\/pots-de-fleur-et-arrosior-fr\/"},{"@type":"ListItem","position":5,"name":"Arrosior","item":"https:\/\/hubsch-interior.com\/fr\/categorie-produit\/accessoires-maison\/pots-de-fleur-et-arrosior-fr\/arrosior-fr\/"},{"@type":"ListItem","position":6,"name":"Flora Arrosoir Vert\/Ambre"}]},{"@type":"WebSite","@id":"https:\/\/hubsch-interior.com\/fr\/#website","url":"https:\/\/hubsch-interior.com\/fr\/","name":"H\u00fcbsch","description":"Danish Home Interior and Design","publisher":{"@id":"https:\/\/hubsch-interior.com\/fr\/#organization"},"potentialAction":[{"@type":"SearchAction","target":{"@type":"EntryPoint","urlTemplate":"https:\/\/hubsch-interior.com\/fr\/?s={search_term_string}"},"query-input":{"@type":"PropertyValueSpecification","valueRequired":true,"valueName":"search_term_string"}}],"inLanguage":"fr-FR"},{"@type":"Organization","@id":"https:\/\/hubsch-interior.com\/fr\/#organization","name":"H\u00fcbsch","url":"https:\/\/hubsch-interior.com\/fr\/","logo":{"@type":"ImageObject","inLanguage":"fr-FR","@id":"https:\/\/hubsch-interior.com\/fr\/#\/schema\/logo\/image\/","url":"https:\/\/hubsch-interior.com\/wp-content\/uploads\/2022\/12\/Hubsch_logo_black_one_line.svg","contentUrl":"https:\/\/hubsch-interior.com\/wp-content\/uploads\/2022\/12\/Hubsch_logo_black_one_line.svg","caption":"H\u00fcbsch"},"image":{"@id":"https:\/\/hubsch-interior.com\/fr\/#\/schema\/logo\/image\/"}}]}},"_links":{"self":[{"href":"https:\/\/hubsch-interior.com\/fr\/wp-json\/wp\/v2\/product\/740945","targetHints":{"allow":["GET"]}}],"collection":[{"href":"https:\/\/hubsch-interior.com\/fr\/wp-json\/wp\/v2\/product"}],"about":[{"href":"https:\/\/hubsch-interior.com\/fr\/wp-json\/wp\/v2\/types\/product"}],"wp:featuredmedia":[{"embeddable":true,"href":"https:\/\/hubsch-interior.com\/fr\/wp-json\/wp\/v2\/media\/1099087"}],"wp:attachment":[{"href":"https:\/\/hubsch-interior.com\/fr\/wp-json\/wp\/v2\/media?parent=740945"}],"wp:term":[{"taxonomy":"product_brand","embeddable":true,"href":"https:\/\/hubsch-interior.com\/fr\/wp-json\/wp\/v2\/product_brand?post=740945"},{"taxonomy":"product_cat","embeddable":true,"href":"https:\/\/hubsch-interior.com\/fr\/wp-json\/wp\/v2\/product_cat?post=740945"},{"taxonomy":"product_tag","embeddable":true,"href":"https:\/\/hubsch-interior.com\/fr\/wp-json\/wp\/v2\/product_tag?post=740945"}],"curies":[{"name":"wp","href":"https:\/\/api.w.org\/{rel}","templated":true}]}}