{"id":741334,"date":"2022-02-08T15:34:04","date_gmt":"2022-02-08T14:34:04","guid":{"rendered":"https:\/\/hubsch-interior.com\/product\/product\/"},"modified":"2026-04-05T04:41:53","modified_gmt":"2026-04-05T02:41:53","slug":"capri-tapis-naturel","status":"publish","type":"product","link":"https:\/\/hubsch-interior.com\/fr\/produit\/capri-tapis-naturel\/","title":{"rendered":"Capri Tapis Naturel"},"content":{"rendered":"<p>Ce tapis en jute avec son motif tiss\u00e9 si particulier est un incontournable pour les int\u00e9rieurs contemporains. Tr\u00e8s confortable sous la plante des pieds, il apporte un aspect chaleureux aux planchers en bois, aux parquets ou aux carrelages. Le tapis Capri se caract\u00e9rise par un beau tissage vert et doux qui cr\u00e9e un motif carr\u00e9 singulier. A adopter d&#8217;urgence pour les beaux int\u00e9rieurs !<\/p>\n","protected":false},"excerpt":{"rendered":"<p>Ce tapis en jute avec son motif tiss\u00e9 si particulier est un incontournable pour les int\u00e9rieurs contemporains. Tr\u00e8s confortable sous la plante des pieds, il apporte un aspect chaleureux aux planchers en bois, aux parquets ou aux carrelages. Le tapis Capri se caract\u00e9rise par un beau tissage vert et doux qui cr\u00e9e un motif carr\u00e9 [&hellip;]<\/p>\n","protected":false},"featured_media":1100136,"template":"","meta":{"_acf_changed":false,"inline_featured_image":false},"product_brand":[],"product_cat":[3002,3324],"product_tag":[],"class_list":{"0":"post-741334","1":"product","2":"type-product","3":"status-publish","4":"has-post-thumbnail","6":"product_cat-textile","7":"product_cat-tapis-fr","8":"product_shipping_class-pk","10":"pa_color-naturel-2","11":"pa_material-jute-fr","13":"first","14":"instock","15":"taxable","16":"shipping-taxable","17":"purchasable","18":"product-type-simple"},"exclude_global_add_ons":[],"addons":[],"acf":[],"yoast_head":"<!-- This site is optimized with the Yoast SEO plugin v26.4 - https:\/\/yoast.com\/wordpress\/plugins\/seo\/ -->\n<title>Capri Tapis Naturel - H\u00fcbsch<\/title>\n<meta name=\"description\" content=\"Ce tapis en jute avec son motif tiss\u00e9 si particulier est un incontournable pour les int\u00e9rieurs contemporains. Tr\u00e8s confortable sous la plante des pieds,\" \/>\n<meta name=\"robots\" content=\"index, follow, max-snippet:-1, max-image-preview:large, max-video-preview:-1\" \/>\n<link rel=\"canonical\" href=\"https:\/\/hubsch-interior.com\/fr\/wp-json\/wp\/v2\/product\/741334\" \/>\n<meta property=\"og:locale\" content=\"fr_FR\" \/>\n<meta property=\"og:type\" content=\"article\" \/>\n<meta property=\"og:title\" content=\"Capri Tapis Naturel - H\u00fcbsch\" \/>\n<meta property=\"og:description\" content=\"Ce tapis en jute avec son motif tiss\u00e9 si particulier est un incontournable pour les int\u00e9rieurs contemporains. Tr\u00e8s confortable sous la plante des pieds,\" \/>\n<meta property=\"og:url\" content=\"https:\/\/hubsch-interior.com\/fr\/produit\/capri-tapis-naturel\/\" \/>\n<meta property=\"og:site_name\" content=\"H\u00fcbsch\" \/>\n<meta property=\"article:modified_time\" content=\"2026-04-05T02:41:53+00:00\" \/>\n<meta property=\"og:image\" content=\"https:\/\/hubsch-interior.com\/wp-content\/uploads\/2024\/01\/capri-rug-natural-5fe9a2b0f8209bc92e0ea78729365457.jpg\" \/>\n\t<meta property=\"og:image:width\" content=\"1200\" \/>\n\t<meta property=\"og:image:height\" content=\"1200\" \/>\n\t<meta property=\"og:image:type\" content=\"image\/jpeg\" \/>\n<meta name=\"twitter:card\" content=\"summary_large_image\" \/>\n<script type=\"application\/ld+json\" class=\"yoast-schema-graph\">{\"@context\":\"https:\/\/schema.org\",\"@graph\":[{\"@type\":\"WebPage\",\"@id\":\"https:\/\/hubsch-interior.com\/fr\/produit\/capri-tapis-naturel\/\",\"url\":\"https:\/\/hubsch-interior.com\/fr\/produit\/capri-tapis-naturel\/\",\"name\":\"Capri Tapis Naturel - H\u00fcbsch\",\"isPartOf\":{\"@id\":\"https:\/\/hubsch-interior.com\/fr\/#website\"},\"primaryImageOfPage\":{\"@id\":\"https:\/\/hubsch-interior.com\/fr\/produit\/capri-tapis-naturel\/#primaryimage\"},\"image\":{\"@id\":\"https:\/\/hubsch-interior.com\/fr\/produit\/capri-tapis-naturel\/#primaryimage\"},\"thumbnailUrl\":\"https:\/\/hubsch-interior.com\/wp-content\/uploads\/2026\/02\/capri-rug-natural-93028c53aacf0f5b0929537ed85bb02d.jpg\",\"datePublished\":\"2022-02-08T14:34:04+00:00\",\"dateModified\":\"2026-04-05T02:41:53+00:00\",\"description\":\"Ce tapis en jute avec son motif tiss\u00e9 si particulier est un incontournable pour les int\u00e9rieurs contemporains. Tr\u00e8s confortable sous la plante des pieds,\",\"breadcrumb\":{\"@id\":\"https:\/\/hubsch-interior.com\/fr\/produit\/capri-tapis-naturel\/#breadcrumb\"},\"inLanguage\":\"fr-FR\",\"potentialAction\":[{\"@type\":\"ReadAction\",\"target\":[\"https:\/\/hubsch-interior.com\/fr\/produit\/capri-tapis-naturel\/\"]}]},{\"@type\":\"ImageObject\",\"inLanguage\":\"fr-FR\",\"@id\":\"https:\/\/hubsch-interior.com\/fr\/produit\/capri-tapis-naturel\/#primaryimage\",\"url\":\"https:\/\/hubsch-interior.com\/wp-content\/uploads\/2026\/02\/capri-rug-natural-93028c53aacf0f5b0929537ed85bb02d.jpg\",\"contentUrl\":\"https:\/\/hubsch-interior.com\/wp-content\/uploads\/2026\/02\/capri-rug-natural-93028c53aacf0f5b0929537ed85bb02d.jpg\",\"width\":1024,\"height\":1024},{\"@type\":\"BreadcrumbList\",\"@id\":\"https:\/\/hubsch-interior.com\/fr\/produit\/capri-tapis-naturel\/#breadcrumb\",\"itemListElement\":[{\"@type\":\"ListItem\",\"position\":1,\"name\":\"Page d'accueil\",\"item\":\"https:\/\/hubsch-interior.com\/fr\/\"},{\"@type\":\"ListItem\",\"position\":2,\"name\":\"Produits\",\"item\":\"https:\/\/hubsch-interior.com\/fr\/shop-2\/\"},{\"@type\":\"ListItem\",\"position\":3,\"name\":\"Textiles\",\"item\":\"https:\/\/hubsch-interior.com\/fr\/categorie-produit\/textile\/\"},{\"@type\":\"ListItem\",\"position\":4,\"name\":\"Tapis\",\"item\":\"https:\/\/hubsch-interior.com\/fr\/categorie-produit\/textile\/tapis-fr\/\"},{\"@type\":\"ListItem\",\"position\":5,\"name\":\"Capri Tapis Naturel\"}]},{\"@type\":\"WebSite\",\"@id\":\"https:\/\/hubsch-interior.com\/fr\/#website\",\"url\":\"https:\/\/hubsch-interior.com\/fr\/\",\"name\":\"H\u00fcbsch\",\"description\":\"Danish Home Interior and Design\",\"publisher\":{\"@id\":\"https:\/\/hubsch-interior.com\/fr\/#organization\"},\"potentialAction\":[{\"@type\":\"SearchAction\",\"target\":{\"@type\":\"EntryPoint\",\"urlTemplate\":\"https:\/\/hubsch-interior.com\/fr\/?s={search_term_string}\"},\"query-input\":{\"@type\":\"PropertyValueSpecification\",\"valueRequired\":true,\"valueName\":\"search_term_string\"}}],\"inLanguage\":\"fr-FR\"},{\"@type\":\"Organization\",\"@id\":\"https:\/\/hubsch-interior.com\/fr\/#organization\",\"name\":\"H\u00fcbsch\",\"url\":\"https:\/\/hubsch-interior.com\/fr\/\",\"logo\":{\"@type\":\"ImageObject\",\"inLanguage\":\"fr-FR\",\"@id\":\"https:\/\/hubsch-interior.com\/fr\/#\/schema\/logo\/image\/\",\"url\":\"https:\/\/hubsch-interior.com\/wp-content\/uploads\/2022\/12\/Hubsch_logo_black_one_line.svg\",\"contentUrl\":\"https:\/\/hubsch-interior.com\/wp-content\/uploads\/2022\/12\/Hubsch_logo_black_one_line.svg\",\"caption\":\"H\u00fcbsch\"},\"image\":{\"@id\":\"https:\/\/hubsch-interior.com\/fr\/#\/schema\/logo\/image\/\"}}]}<\/script>\n<!-- \/ Yoast SEO plugin. -->","yoast_head_json":{"title":"Capri Tapis Naturel - H\u00fcbsch","description":"Ce tapis en jute avec son motif tiss\u00e9 si particulier est un incontournable pour les int\u00e9rieurs contemporains. Tr\u00e8s confortable sous la plante des pieds,","robots":{"index":"index","follow":"follow","max-snippet":"max-snippet:-1","max-image-preview":"max-image-preview:large","max-video-preview":"max-video-preview:-1"},"canonical":"https:\/\/hubsch-interior.com\/fr\/wp-json\/wp\/v2\/product\/741334","og_locale":"fr_FR","og_type":"article","og_title":"Capri Tapis Naturel - H\u00fcbsch","og_description":"Ce tapis en jute avec son motif tiss\u00e9 si particulier est un incontournable pour les int\u00e9rieurs contemporains. Tr\u00e8s confortable sous la plante des pieds,","og_url":"https:\/\/hubsch-interior.com\/fr\/produit\/capri-tapis-naturel\/","og_site_name":"H\u00fcbsch","article_modified_time":"2026-04-05T02:41:53+00:00","og_image":[{"width":1200,"height":1200,"url":"https:\/\/hubsch-interior.com\/wp-content\/uploads\/2024\/01\/capri-rug-natural-5fe9a2b0f8209bc92e0ea78729365457.jpg","type":"image\/jpeg"}],"twitter_card":"summary_large_image","schema":{"@context":"https:\/\/schema.org","@graph":[{"@type":"WebPage","@id":"https:\/\/hubsch-interior.com\/fr\/produit\/capri-tapis-naturel\/","url":"https:\/\/hubsch-interior.com\/fr\/produit\/capri-tapis-naturel\/","name":"Capri Tapis Naturel - H\u00fcbsch","isPartOf":{"@id":"https:\/\/hubsch-interior.com\/fr\/#website"},"primaryImageOfPage":{"@id":"https:\/\/hubsch-interior.com\/fr\/produit\/capri-tapis-naturel\/#primaryimage"},"image":{"@id":"https:\/\/hubsch-interior.com\/fr\/produit\/capri-tapis-naturel\/#primaryimage"},"thumbnailUrl":"https:\/\/hubsch-interior.com\/wp-content\/uploads\/2026\/02\/capri-rug-natural-93028c53aacf0f5b0929537ed85bb02d.jpg","datePublished":"2022-02-08T14:34:04+00:00","dateModified":"2026-04-05T02:41:53+00:00","description":"Ce tapis en jute avec son motif tiss\u00e9 si particulier est un incontournable pour les int\u00e9rieurs contemporains. Tr\u00e8s confortable sous la plante des pieds,","breadcrumb":{"@id":"https:\/\/hubsch-interior.com\/fr\/produit\/capri-tapis-naturel\/#breadcrumb"},"inLanguage":"fr-FR","potentialAction":[{"@type":"ReadAction","target":["https:\/\/hubsch-interior.com\/fr\/produit\/capri-tapis-naturel\/"]}]},{"@type":"ImageObject","inLanguage":"fr-FR","@id":"https:\/\/hubsch-interior.com\/fr\/produit\/capri-tapis-naturel\/#primaryimage","url":"https:\/\/hubsch-interior.com\/wp-content\/uploads\/2026\/02\/capri-rug-natural-93028c53aacf0f5b0929537ed85bb02d.jpg","contentUrl":"https:\/\/hubsch-interior.com\/wp-content\/uploads\/2026\/02\/capri-rug-natural-93028c53aacf0f5b0929537ed85bb02d.jpg","width":1024,"height":1024},{"@type":"BreadcrumbList","@id":"https:\/\/hubsch-interior.com\/fr\/produit\/capri-tapis-naturel\/#breadcrumb","itemListElement":[{"@type":"ListItem","position":1,"name":"Page d'accueil","item":"https:\/\/hubsch-interior.com\/fr\/"},{"@type":"ListItem","position":2,"name":"Produits","item":"https:\/\/hubsch-interior.com\/fr\/shop-2\/"},{"@type":"ListItem","position":3,"name":"Textiles","item":"https:\/\/hubsch-interior.com\/fr\/categorie-produit\/textile\/"},{"@type":"ListItem","position":4,"name":"Tapis","item":"https:\/\/hubsch-interior.com\/fr\/categorie-produit\/textile\/tapis-fr\/"},{"@type":"ListItem","position":5,"name":"Capri Tapis Naturel"}]},{"@type":"WebSite","@id":"https:\/\/hubsch-interior.com\/fr\/#website","url":"https:\/\/hubsch-interior.com\/fr\/","name":"H\u00fcbsch","description":"Danish Home Interior and Design","publisher":{"@id":"https:\/\/hubsch-interior.com\/fr\/#organization"},"potentialAction":[{"@type":"SearchAction","target":{"@type":"EntryPoint","urlTemplate":"https:\/\/hubsch-interior.com\/fr\/?s={search_term_string}"},"query-input":{"@type":"PropertyValueSpecification","valueRequired":true,"valueName":"search_term_string"}}],"inLanguage":"fr-FR"},{"@type":"Organization","@id":"https:\/\/hubsch-interior.com\/fr\/#organization","name":"H\u00fcbsch","url":"https:\/\/hubsch-interior.com\/fr\/","logo":{"@type":"ImageObject","inLanguage":"fr-FR","@id":"https:\/\/hubsch-interior.com\/fr\/#\/schema\/logo\/image\/","url":"https:\/\/hubsch-interior.com\/wp-content\/uploads\/2022\/12\/Hubsch_logo_black_one_line.svg","contentUrl":"https:\/\/hubsch-interior.com\/wp-content\/uploads\/2022\/12\/Hubsch_logo_black_one_line.svg","caption":"H\u00fcbsch"},"image":{"@id":"https:\/\/hubsch-interior.com\/fr\/#\/schema\/logo\/image\/"}}]}},"_links":{"self":[{"href":"https:\/\/hubsch-interior.com\/fr\/wp-json\/wp\/v2\/product\/741334","targetHints":{"allow":["GET"]}}],"collection":[{"href":"https:\/\/hubsch-interior.com\/fr\/wp-json\/wp\/v2\/product"}],"about":[{"href":"https:\/\/hubsch-interior.com\/fr\/wp-json\/wp\/v2\/types\/product"}],"wp:featuredmedia":[{"embeddable":true,"href":"https:\/\/hubsch-interior.com\/fr\/wp-json\/wp\/v2\/media\/1100136"}],"wp:attachment":[{"href":"https:\/\/hubsch-interior.com\/fr\/wp-json\/wp\/v2\/media?parent=741334"}],"wp:term":[{"taxonomy":"product_brand","embeddable":true,"href":"https:\/\/hubsch-interior.com\/fr\/wp-json\/wp\/v2\/product_brand?post=741334"},{"taxonomy":"product_cat","embeddable":true,"href":"https:\/\/hubsch-interior.com\/fr\/wp-json\/wp\/v2\/product_cat?post=741334"},{"taxonomy":"product_tag","embeddable":true,"href":"https:\/\/hubsch-interior.com\/fr\/wp-json\/wp\/v2\/product_tag?post=741334"}],"curies":[{"name":"wp","href":"https:\/\/api.w.org\/{rel}","templated":true}]}}