{"id":741490,"date":"2022-02-08T15:35:24","date_gmt":"2022-02-08T14:35:24","guid":{"rendered":"https:\/\/hubsch-interior.com\/product\/product\/"},"modified":"2026-04-09T04:44:44","modified_gmt":"2026-04-09T02:44:44","slug":"era-pots-marron-set-de-2","status":"publish","type":"product","link":"https:\/\/hubsch-interior.com\/fr\/produit\/era-pots-marron-set-de-2\/","title":{"rendered":"Era Pots Marron (set de 2)"},"content":{"rendered":"<p>Les cache-pots pour les plantes en c\u00e9ramique Era apportent une touche tr\u00e8s contemporaine \u00e0 un int\u00e9rieur. Par cons\u00e9quent, si vous aimez les tendances et avez un engouement prononc\u00e9 pour les plantes d&#8217;int\u00e9rieur, vous allez \u00eatre s\u00e9duit par ces jolis pots. Les pots Era sont livr\u00e9s avec une soucoupe tr\u00e8s pratique pour \u00e9viter les taches d&#8217;eau.<\/p>\n","protected":false},"excerpt":{"rendered":"<p>Les cache-pots pour les plantes en c\u00e9ramique Era apportent une touche tr\u00e8s contemporaine \u00e0 un int\u00e9rieur. Par cons\u00e9quent, si vous aimez les tendances et avez un engouement prononc\u00e9 pour les plantes d&#8217;int\u00e9rieur, vous allez \u00eatre s\u00e9duit par ces jolis pots. Les pots Era sont livr\u00e9s avec une soucoupe tr\u00e8s pratique pour \u00e9viter les taches d&#8217;eau.<\/p>\n","protected":false},"featured_media":1100896,"template":"","meta":{"_acf_changed":false,"inline_featured_image":false},"product_brand":[],"product_cat":[6348,4914,4924,5026],"product_tag":[],"class_list":{"0":"post-741490","1":"product","2":"type-product","3":"status-publish","4":"has-post-thumbnail","6":"product_cat-garden-selection-fr","7":"product_cat-pots-de-fleur-et-arrosior-fr","8":"product_cat-cache-pots-fr","9":"product_cat-bestsellers-fr","10":"product_shipping_class-pk","12":"pa_color-marron","13":"pa_material-cramique","15":"first","16":"instock","17":"featured","18":"taxable","19":"shipping-taxable","20":"purchasable","21":"product-type-simple"},"exclude_global_add_ons":[],"addons":[],"acf":[],"yoast_head":"<!-- This site is optimized with the Yoast SEO plugin v26.4 - https:\/\/yoast.com\/wordpress\/plugins\/seo\/ -->\n<title>Era Pots Marron (set de 2) - H\u00fcbsch<\/title>\n<meta name=\"description\" content=\"Les cache-pots pour les plantes en c\u00e9ramique Era apportent une touche tr\u00e8s contemporaine \u00e0 un int\u00e9rieur. Par cons\u00e9quent, si vous aimez les tendances et\" \/>\n<meta name=\"robots\" content=\"index, follow, max-snippet:-1, max-image-preview:large, max-video-preview:-1\" \/>\n<link rel=\"canonical\" href=\"https:\/\/hubsch-interior.com\/fr\/wp-json\/wp\/v2\/product\/741490\" \/>\n<meta property=\"og:locale\" content=\"fr_FR\" \/>\n<meta property=\"og:type\" content=\"article\" \/>\n<meta property=\"og:title\" content=\"Era Pots Marron (set de 2) - H\u00fcbsch\" \/>\n<meta property=\"og:description\" content=\"Les cache-pots pour les plantes en c\u00e9ramique Era apportent une touche tr\u00e8s contemporaine \u00e0 un int\u00e9rieur. Par cons\u00e9quent, si vous aimez les tendances et\" \/>\n<meta property=\"og:url\" content=\"https:\/\/hubsch-interior.com\/fr\/produit\/era-pots-marron-set-de-2\/\" \/>\n<meta property=\"og:site_name\" content=\"H\u00fcbsch\" \/>\n<meta property=\"article:modified_time\" content=\"2026-04-09T02:44:44+00:00\" \/>\n<meta property=\"og:image\" content=\"https:\/\/hubsch-interior.com\/wp-content\/uploads\/2024\/05\/era-pots-brown-set-of-2-85055f7083461b404caf96ec460f31ab.jpg\" \/>\n\t<meta property=\"og:image:width\" content=\"1200\" \/>\n\t<meta property=\"og:image:height\" content=\"1200\" \/>\n\t<meta property=\"og:image:type\" content=\"image\/jpeg\" \/>\n<meta name=\"twitter:card\" content=\"summary_large_image\" \/>\n<script type=\"application\/ld+json\" class=\"yoast-schema-graph\">{\"@context\":\"https:\/\/schema.org\",\"@graph\":[{\"@type\":\"WebPage\",\"@id\":\"https:\/\/hubsch-interior.com\/fr\/produit\/era-pots-marron-set-de-2\/\",\"url\":\"https:\/\/hubsch-interior.com\/fr\/produit\/era-pots-marron-set-de-2\/\",\"name\":\"Era Pots Marron (set de 2) - H\u00fcbsch\",\"isPartOf\":{\"@id\":\"https:\/\/hubsch-interior.com\/fr\/#website\"},\"primaryImageOfPage\":{\"@id\":\"https:\/\/hubsch-interior.com\/fr\/produit\/era-pots-marron-set-de-2\/#primaryimage\"},\"image\":{\"@id\":\"https:\/\/hubsch-interior.com\/fr\/produit\/era-pots-marron-set-de-2\/#primaryimage\"},\"thumbnailUrl\":\"https:\/\/hubsch-interior.com\/wp-content\/uploads\/2026\/02\/era-pots-brown-set-of-2-7c4c6d1b39efa75be8e8fb6c2728ff02.jpg\",\"datePublished\":\"2022-02-08T14:35:24+00:00\",\"dateModified\":\"2026-04-09T02:44:44+00:00\",\"description\":\"Les cache-pots pour les plantes en c\u00e9ramique Era apportent une touche tr\u00e8s contemporaine \u00e0 un int\u00e9rieur. Par cons\u00e9quent, si vous aimez les tendances et\",\"breadcrumb\":{\"@id\":\"https:\/\/hubsch-interior.com\/fr\/produit\/era-pots-marron-set-de-2\/#breadcrumb\"},\"inLanguage\":\"fr-FR\",\"potentialAction\":[{\"@type\":\"ReadAction\",\"target\":[\"https:\/\/hubsch-interior.com\/fr\/produit\/era-pots-marron-set-de-2\/\"]}]},{\"@type\":\"ImageObject\",\"inLanguage\":\"fr-FR\",\"@id\":\"https:\/\/hubsch-interior.com\/fr\/produit\/era-pots-marron-set-de-2\/#primaryimage\",\"url\":\"https:\/\/hubsch-interior.com\/wp-content\/uploads\/2026\/02\/era-pots-brown-set-of-2-7c4c6d1b39efa75be8e8fb6c2728ff02.jpg\",\"contentUrl\":\"https:\/\/hubsch-interior.com\/wp-content\/uploads\/2026\/02\/era-pots-brown-set-of-2-7c4c6d1b39efa75be8e8fb6c2728ff02.jpg\",\"width\":1024,\"height\":1024},{\"@type\":\"BreadcrumbList\",\"@id\":\"https:\/\/hubsch-interior.com\/fr\/produit\/era-pots-marron-set-de-2\/#breadcrumb\",\"itemListElement\":[{\"@type\":\"ListItem\",\"position\":1,\"name\":\"Page d'accueil\",\"item\":\"https:\/\/hubsch-interior.com\/fr\/\"},{\"@type\":\"ListItem\",\"position\":2,\"name\":\"Produits\",\"item\":\"https:\/\/hubsch-interior.com\/fr\/shop-2\/\"},{\"@type\":\"ListItem\",\"position\":3,\"name\":\"Accessoires maison\",\"item\":\"https:\/\/hubsch-interior.com\/fr\/categorie-produit\/accessoires-maison\/\"},{\"@type\":\"ListItem\",\"position\":4,\"name\":\"Pots de fleur et arrosior\",\"item\":\"https:\/\/hubsch-interior.com\/fr\/categorie-produit\/accessoires-maison\/pots-de-fleur-et-arrosior-fr\/\"},{\"@type\":\"ListItem\",\"position\":5,\"name\":\"Cache pots\",\"item\":\"https:\/\/hubsch-interior.com\/fr\/categorie-produit\/accessoires-maison\/pots-de-fleur-et-arrosior-fr\/cache-pots-fr\/\"},{\"@type\":\"ListItem\",\"position\":6,\"name\":\"Era Pots Marron (set de 2)\"}]},{\"@type\":\"WebSite\",\"@id\":\"https:\/\/hubsch-interior.com\/fr\/#website\",\"url\":\"https:\/\/hubsch-interior.com\/fr\/\",\"name\":\"H\u00fcbsch\",\"description\":\"Danish Home Interior and Design\",\"publisher\":{\"@id\":\"https:\/\/hubsch-interior.com\/fr\/#organization\"},\"potentialAction\":[{\"@type\":\"SearchAction\",\"target\":{\"@type\":\"EntryPoint\",\"urlTemplate\":\"https:\/\/hubsch-interior.com\/fr\/?s={search_term_string}\"},\"query-input\":{\"@type\":\"PropertyValueSpecification\",\"valueRequired\":true,\"valueName\":\"search_term_string\"}}],\"inLanguage\":\"fr-FR\"},{\"@type\":\"Organization\",\"@id\":\"https:\/\/hubsch-interior.com\/fr\/#organization\",\"name\":\"H\u00fcbsch\",\"url\":\"https:\/\/hubsch-interior.com\/fr\/\",\"logo\":{\"@type\":\"ImageObject\",\"inLanguage\":\"fr-FR\",\"@id\":\"https:\/\/hubsch-interior.com\/fr\/#\/schema\/logo\/image\/\",\"url\":\"https:\/\/hubsch-interior.com\/wp-content\/uploads\/2022\/12\/Hubsch_logo_black_one_line.svg\",\"contentUrl\":\"https:\/\/hubsch-interior.com\/wp-content\/uploads\/2022\/12\/Hubsch_logo_black_one_line.svg\",\"caption\":\"H\u00fcbsch\"},\"image\":{\"@id\":\"https:\/\/hubsch-interior.com\/fr\/#\/schema\/logo\/image\/\"}}]}<\/script>\n<!-- \/ Yoast SEO plugin. -->","yoast_head_json":{"title":"Era Pots Marron (set de 2) - H\u00fcbsch","description":"Les cache-pots pour les plantes en c\u00e9ramique Era apportent une touche tr\u00e8s contemporaine \u00e0 un int\u00e9rieur. Par cons\u00e9quent, si vous aimez les tendances et","robots":{"index":"index","follow":"follow","max-snippet":"max-snippet:-1","max-image-preview":"max-image-preview:large","max-video-preview":"max-video-preview:-1"},"canonical":"https:\/\/hubsch-interior.com\/fr\/wp-json\/wp\/v2\/product\/741490","og_locale":"fr_FR","og_type":"article","og_title":"Era Pots Marron (set de 2) - H\u00fcbsch","og_description":"Les cache-pots pour les plantes en c\u00e9ramique Era apportent une touche tr\u00e8s contemporaine \u00e0 un int\u00e9rieur. Par cons\u00e9quent, si vous aimez les tendances et","og_url":"https:\/\/hubsch-interior.com\/fr\/produit\/era-pots-marron-set-de-2\/","og_site_name":"H\u00fcbsch","article_modified_time":"2026-04-09T02:44:44+00:00","og_image":[{"width":1200,"height":1200,"url":"https:\/\/hubsch-interior.com\/wp-content\/uploads\/2024\/05\/era-pots-brown-set-of-2-85055f7083461b404caf96ec460f31ab.jpg","type":"image\/jpeg"}],"twitter_card":"summary_large_image","schema":{"@context":"https:\/\/schema.org","@graph":[{"@type":"WebPage","@id":"https:\/\/hubsch-interior.com\/fr\/produit\/era-pots-marron-set-de-2\/","url":"https:\/\/hubsch-interior.com\/fr\/produit\/era-pots-marron-set-de-2\/","name":"Era Pots Marron (set de 2) - H\u00fcbsch","isPartOf":{"@id":"https:\/\/hubsch-interior.com\/fr\/#website"},"primaryImageOfPage":{"@id":"https:\/\/hubsch-interior.com\/fr\/produit\/era-pots-marron-set-de-2\/#primaryimage"},"image":{"@id":"https:\/\/hubsch-interior.com\/fr\/produit\/era-pots-marron-set-de-2\/#primaryimage"},"thumbnailUrl":"https:\/\/hubsch-interior.com\/wp-content\/uploads\/2026\/02\/era-pots-brown-set-of-2-7c4c6d1b39efa75be8e8fb6c2728ff02.jpg","datePublished":"2022-02-08T14:35:24+00:00","dateModified":"2026-04-09T02:44:44+00:00","description":"Les cache-pots pour les plantes en c\u00e9ramique Era apportent une touche tr\u00e8s contemporaine \u00e0 un int\u00e9rieur. Par cons\u00e9quent, si vous aimez les tendances et","breadcrumb":{"@id":"https:\/\/hubsch-interior.com\/fr\/produit\/era-pots-marron-set-de-2\/#breadcrumb"},"inLanguage":"fr-FR","potentialAction":[{"@type":"ReadAction","target":["https:\/\/hubsch-interior.com\/fr\/produit\/era-pots-marron-set-de-2\/"]}]},{"@type":"ImageObject","inLanguage":"fr-FR","@id":"https:\/\/hubsch-interior.com\/fr\/produit\/era-pots-marron-set-de-2\/#primaryimage","url":"https:\/\/hubsch-interior.com\/wp-content\/uploads\/2026\/02\/era-pots-brown-set-of-2-7c4c6d1b39efa75be8e8fb6c2728ff02.jpg","contentUrl":"https:\/\/hubsch-interior.com\/wp-content\/uploads\/2026\/02\/era-pots-brown-set-of-2-7c4c6d1b39efa75be8e8fb6c2728ff02.jpg","width":1024,"height":1024},{"@type":"BreadcrumbList","@id":"https:\/\/hubsch-interior.com\/fr\/produit\/era-pots-marron-set-de-2\/#breadcrumb","itemListElement":[{"@type":"ListItem","position":1,"name":"Page d'accueil","item":"https:\/\/hubsch-interior.com\/fr\/"},{"@type":"ListItem","position":2,"name":"Produits","item":"https:\/\/hubsch-interior.com\/fr\/shop-2\/"},{"@type":"ListItem","position":3,"name":"Accessoires maison","item":"https:\/\/hubsch-interior.com\/fr\/categorie-produit\/accessoires-maison\/"},{"@type":"ListItem","position":4,"name":"Pots de fleur et arrosior","item":"https:\/\/hubsch-interior.com\/fr\/categorie-produit\/accessoires-maison\/pots-de-fleur-et-arrosior-fr\/"},{"@type":"ListItem","position":5,"name":"Cache pots","item":"https:\/\/hubsch-interior.com\/fr\/categorie-produit\/accessoires-maison\/pots-de-fleur-et-arrosior-fr\/cache-pots-fr\/"},{"@type":"ListItem","position":6,"name":"Era Pots Marron (set de 2)"}]},{"@type":"WebSite","@id":"https:\/\/hubsch-interior.com\/fr\/#website","url":"https:\/\/hubsch-interior.com\/fr\/","name":"H\u00fcbsch","description":"Danish Home Interior and Design","publisher":{"@id":"https:\/\/hubsch-interior.com\/fr\/#organization"},"potentialAction":[{"@type":"SearchAction","target":{"@type":"EntryPoint","urlTemplate":"https:\/\/hubsch-interior.com\/fr\/?s={search_term_string}"},"query-input":{"@type":"PropertyValueSpecification","valueRequired":true,"valueName":"search_term_string"}}],"inLanguage":"fr-FR"},{"@type":"Organization","@id":"https:\/\/hubsch-interior.com\/fr\/#organization","name":"H\u00fcbsch","url":"https:\/\/hubsch-interior.com\/fr\/","logo":{"@type":"ImageObject","inLanguage":"fr-FR","@id":"https:\/\/hubsch-interior.com\/fr\/#\/schema\/logo\/image\/","url":"https:\/\/hubsch-interior.com\/wp-content\/uploads\/2022\/12\/Hubsch_logo_black_one_line.svg","contentUrl":"https:\/\/hubsch-interior.com\/wp-content\/uploads\/2022\/12\/Hubsch_logo_black_one_line.svg","caption":"H\u00fcbsch"},"image":{"@id":"https:\/\/hubsch-interior.com\/fr\/#\/schema\/logo\/image\/"}}]}},"_links":{"self":[{"href":"https:\/\/hubsch-interior.com\/fr\/wp-json\/wp\/v2\/product\/741490","targetHints":{"allow":["GET"]}}],"collection":[{"href":"https:\/\/hubsch-interior.com\/fr\/wp-json\/wp\/v2\/product"}],"about":[{"href":"https:\/\/hubsch-interior.com\/fr\/wp-json\/wp\/v2\/types\/product"}],"wp:featuredmedia":[{"embeddable":true,"href":"https:\/\/hubsch-interior.com\/fr\/wp-json\/wp\/v2\/media\/1100896"}],"wp:attachment":[{"href":"https:\/\/hubsch-interior.com\/fr\/wp-json\/wp\/v2\/media?parent=741490"}],"wp:term":[{"taxonomy":"product_brand","embeddable":true,"href":"https:\/\/hubsch-interior.com\/fr\/wp-json\/wp\/v2\/product_brand?post=741490"},{"taxonomy":"product_cat","embeddable":true,"href":"https:\/\/hubsch-interior.com\/fr\/wp-json\/wp\/v2\/product_cat?post=741490"},{"taxonomy":"product_tag","embeddable":true,"href":"https:\/\/hubsch-interior.com\/fr\/wp-json\/wp\/v2\/product_tag?post=741490"}],"curies":[{"name":"wp","href":"https:\/\/api.w.org\/{rel}","templated":true}]}}