{"id":741550,"date":"2022-02-08T15:36:04","date_gmt":"2022-02-08T14:36:04","guid":{"rendered":"https:\/\/hubsch-interior.com\/product\/product\/"},"modified":"2026-04-08T04:45:13","modified_gmt":"2026-04-08T02:45:13","slug":"twist-paniers-multicolore-set-de-2","status":"publish","type":"product","link":"https:\/\/hubsch-interior.com\/fr\/produit\/twist-paniers-multicolore-set-de-2\/","title":{"rendered":"Twist Paniers \u00a0Multicolor\u00e9 (set de 2)"},"content":{"rendered":"<p>Nous sommes de vrais fans des paniers faits main. Et les paniers Twist ont cette \u00e9l\u00e9gance inn\u00e9e avec ce tressage de corde en papier jaune et vert. Et puis, l&#8217;avantage des paniers, c&#8217;est que nous pouvons en avoir dans toutes les pi\u00e8ces de la maison ! Ils apportent un certain charme et un vrai c\u00f4t\u00e9 chaleureux dans un int\u00e9rieur, avec en plus une vraie fonction pratique ! Vous pouvez utiliser un panier en osier d&#8217;innombrables fa\u00e7ons dans la maison. Dans la salle de bain pour y glisser des serviettes propres, dans la chambre des enfants pour ranger les jouets ou dans votre salon pour y d\u00e9poser les magazines et les journaux.<\/p>\n","protected":false},"excerpt":{"rendered":"<p>Nous sommes de vrais fans des paniers faits main. Et les paniers Twist ont cette \u00e9l\u00e9gance inn\u00e9e avec ce tressage de corde en papier jaune et vert. Et puis, l&#8217;avantage des paniers, c&#8217;est que nous pouvons en avoir dans toutes les pi\u00e8ces de la maison ! Ils apportent un certain charme et un vrai c\u00f4t\u00e9 [&hellip;]<\/p>\n","protected":false},"featured_media":1101056,"template":"","meta":{"_acf_changed":false,"inline_featured_image":false},"product_brand":[],"product_cat":[3110,4075],"product_tag":[],"class_list":{"0":"post-741550","1":"product","2":"type-product","3":"status-publish","4":"has-post-thumbnail","6":"product_cat-espace-de-rangement-fr","7":"product_cat-paniers-fr","8":"product_shipping_class-pk","9":"pa_color-multicolor-2","10":"pa_material-abaca-fr","12":"first","13":"instock","14":"taxable","15":"shipping-taxable","16":"purchasable","17":"product-type-simple"},"exclude_global_add_ons":[],"addons":[],"acf":[],"yoast_head":"<!-- This site is optimized with the Yoast SEO plugin v26.4 - https:\/\/yoast.com\/wordpress\/plugins\/seo\/ -->\n<title>Twist Paniers \u00a0Multicolor\u00e9 (set de 2) - H\u00fcbsch<\/title>\n<meta name=\"description\" content=\"Nous sommes de vrais fans des paniers faits main. Et les paniers Twist ont cette \u00e9l\u00e9gance inn\u00e9e avec ce tressage de corde en papier jaune et vert. Et\" \/>\n<meta name=\"robots\" content=\"index, follow, max-snippet:-1, max-image-preview:large, max-video-preview:-1\" \/>\n<link rel=\"canonical\" href=\"https:\/\/hubsch-interior.com\/fr\/wp-json\/wp\/v2\/product\/741550\" \/>\n<meta property=\"og:locale\" content=\"fr_FR\" \/>\n<meta property=\"og:type\" content=\"article\" \/>\n<meta property=\"og:title\" content=\"Twist Paniers \u00a0Multicolor\u00e9 (set de 2) - H\u00fcbsch\" \/>\n<meta property=\"og:description\" content=\"Nous sommes de vrais fans des paniers faits main. Et les paniers Twist ont cette \u00e9l\u00e9gance inn\u00e9e avec ce tressage de corde en papier jaune et vert. Et\" \/>\n<meta property=\"og:url\" content=\"https:\/\/hubsch-interior.com\/fr\/produit\/twist-paniers-multicolore-set-de-2\/\" \/>\n<meta property=\"og:site_name\" content=\"H\u00fcbsch\" \/>\n<meta property=\"article:modified_time\" content=\"2026-04-08T02:45:13+00:00\" \/>\n<meta property=\"og:image\" content=\"https:\/\/hubsch-interior.com\/wp-content\/uploads\/2024\/01\/twist-baskets-multicolour-set-of-2-c7f094c293627efcfd7fdd0b23d79916.jpg\" \/>\n\t<meta property=\"og:image:width\" content=\"1200\" \/>\n\t<meta property=\"og:image:height\" content=\"1200\" \/>\n\t<meta property=\"og:image:type\" content=\"image\/jpeg\" \/>\n<meta name=\"twitter:card\" content=\"summary_large_image\" \/>\n<meta name=\"twitter:label1\" content=\"Dur\u00e9e de lecture estim\u00e9e\" \/>\n\t<meta name=\"twitter:data1\" content=\"1 minute\" \/>\n<script type=\"application\/ld+json\" class=\"yoast-schema-graph\">{\"@context\":\"https:\/\/schema.org\",\"@graph\":[{\"@type\":\"WebPage\",\"@id\":\"https:\/\/hubsch-interior.com\/fr\/produit\/twist-paniers-multicolore-set-de-2\/\",\"url\":\"https:\/\/hubsch-interior.com\/fr\/produit\/twist-paniers-multicolore-set-de-2\/\",\"name\":\"Twist Paniers \u00a0Multicolor\u00e9 (set de 2) - H\u00fcbsch\",\"isPartOf\":{\"@id\":\"https:\/\/hubsch-interior.com\/fr\/#website\"},\"primaryImageOfPage\":{\"@id\":\"https:\/\/hubsch-interior.com\/fr\/produit\/twist-paniers-multicolore-set-de-2\/#primaryimage\"},\"image\":{\"@id\":\"https:\/\/hubsch-interior.com\/fr\/produit\/twist-paniers-multicolore-set-de-2\/#primaryimage\"},\"thumbnailUrl\":\"https:\/\/hubsch-interior.com\/wp-content\/uploads\/2026\/02\/twist-baskets-multicolour-set-of-2-7e7e35f2429b21a2fb61af133fbd7f24.jpg\",\"datePublished\":\"2022-02-08T14:36:04+00:00\",\"dateModified\":\"2026-04-08T02:45:13+00:00\",\"description\":\"Nous sommes de vrais fans des paniers faits main. Et les paniers Twist ont cette \u00e9l\u00e9gance inn\u00e9e avec ce tressage de corde en papier jaune et vert. Et\",\"breadcrumb\":{\"@id\":\"https:\/\/hubsch-interior.com\/fr\/produit\/twist-paniers-multicolore-set-de-2\/#breadcrumb\"},\"inLanguage\":\"fr-FR\",\"potentialAction\":[{\"@type\":\"ReadAction\",\"target\":[\"https:\/\/hubsch-interior.com\/fr\/produit\/twist-paniers-multicolore-set-de-2\/\"]}]},{\"@type\":\"ImageObject\",\"inLanguage\":\"fr-FR\",\"@id\":\"https:\/\/hubsch-interior.com\/fr\/produit\/twist-paniers-multicolore-set-de-2\/#primaryimage\",\"url\":\"https:\/\/hubsch-interior.com\/wp-content\/uploads\/2026\/02\/twist-baskets-multicolour-set-of-2-7e7e35f2429b21a2fb61af133fbd7f24.jpg\",\"contentUrl\":\"https:\/\/hubsch-interior.com\/wp-content\/uploads\/2026\/02\/twist-baskets-multicolour-set-of-2-7e7e35f2429b21a2fb61af133fbd7f24.jpg\",\"width\":1024,\"height\":1024},{\"@type\":\"BreadcrumbList\",\"@id\":\"https:\/\/hubsch-interior.com\/fr\/produit\/twist-paniers-multicolore-set-de-2\/#breadcrumb\",\"itemListElement\":[{\"@type\":\"ListItem\",\"position\":1,\"name\":\"Page d'accueil\",\"item\":\"https:\/\/hubsch-interior.com\/fr\/\"},{\"@type\":\"ListItem\",\"position\":2,\"name\":\"Produits\",\"item\":\"https:\/\/hubsch-interior.com\/fr\/shop-2\/\"},{\"@type\":\"ListItem\",\"position\":3,\"name\":\"Accessoires maison\",\"item\":\"https:\/\/hubsch-interior.com\/fr\/categorie-produit\/accessoires-maison\/\"},{\"@type\":\"ListItem\",\"position\":4,\"name\":\"Espace de rangement\",\"item\":\"https:\/\/hubsch-interior.com\/fr\/categorie-produit\/accessoires-maison\/espace-de-rangement-fr\/\"},{\"@type\":\"ListItem\",\"position\":5,\"name\":\"Paniers\",\"item\":\"https:\/\/hubsch-interior.com\/fr\/categorie-produit\/accessoires-maison\/espace-de-rangement-fr\/paniers-fr\/\"},{\"@type\":\"ListItem\",\"position\":6,\"name\":\"Twist Paniers \u00a0Multicolor\u00e9 (set de 2)\"}]},{\"@type\":\"WebSite\",\"@id\":\"https:\/\/hubsch-interior.com\/fr\/#website\",\"url\":\"https:\/\/hubsch-interior.com\/fr\/\",\"name\":\"H\u00fcbsch\",\"description\":\"Danish Home Interior and Design\",\"publisher\":{\"@id\":\"https:\/\/hubsch-interior.com\/fr\/#organization\"},\"potentialAction\":[{\"@type\":\"SearchAction\",\"target\":{\"@type\":\"EntryPoint\",\"urlTemplate\":\"https:\/\/hubsch-interior.com\/fr\/?s={search_term_string}\"},\"query-input\":{\"@type\":\"PropertyValueSpecification\",\"valueRequired\":true,\"valueName\":\"search_term_string\"}}],\"inLanguage\":\"fr-FR\"},{\"@type\":\"Organization\",\"@id\":\"https:\/\/hubsch-interior.com\/fr\/#organization\",\"name\":\"H\u00fcbsch\",\"url\":\"https:\/\/hubsch-interior.com\/fr\/\",\"logo\":{\"@type\":\"ImageObject\",\"inLanguage\":\"fr-FR\",\"@id\":\"https:\/\/hubsch-interior.com\/fr\/#\/schema\/logo\/image\/\",\"url\":\"https:\/\/hubsch-interior.com\/wp-content\/uploads\/2022\/12\/Hubsch_logo_black_one_line.svg\",\"contentUrl\":\"https:\/\/hubsch-interior.com\/wp-content\/uploads\/2022\/12\/Hubsch_logo_black_one_line.svg\",\"caption\":\"H\u00fcbsch\"},\"image\":{\"@id\":\"https:\/\/hubsch-interior.com\/fr\/#\/schema\/logo\/image\/\"}}]}<\/script>\n<!-- \/ Yoast SEO plugin. -->","yoast_head_json":{"title":"Twist Paniers \u00a0Multicolor\u00e9 (set de 2) - H\u00fcbsch","description":"Nous sommes de vrais fans des paniers faits main. Et les paniers Twist ont cette \u00e9l\u00e9gance inn\u00e9e avec ce tressage de corde en papier jaune et vert. Et","robots":{"index":"index","follow":"follow","max-snippet":"max-snippet:-1","max-image-preview":"max-image-preview:large","max-video-preview":"max-video-preview:-1"},"canonical":"https:\/\/hubsch-interior.com\/fr\/wp-json\/wp\/v2\/product\/741550","og_locale":"fr_FR","og_type":"article","og_title":"Twist Paniers \u00a0Multicolor\u00e9 (set de 2) - H\u00fcbsch","og_description":"Nous sommes de vrais fans des paniers faits main. Et les paniers Twist ont cette \u00e9l\u00e9gance inn\u00e9e avec ce tressage de corde en papier jaune et vert. Et","og_url":"https:\/\/hubsch-interior.com\/fr\/produit\/twist-paniers-multicolore-set-de-2\/","og_site_name":"H\u00fcbsch","article_modified_time":"2026-04-08T02:45:13+00:00","og_image":[{"width":1200,"height":1200,"url":"https:\/\/hubsch-interior.com\/wp-content\/uploads\/2024\/01\/twist-baskets-multicolour-set-of-2-c7f094c293627efcfd7fdd0b23d79916.jpg","type":"image\/jpeg"}],"twitter_card":"summary_large_image","twitter_misc":{"Dur\u00e9e de lecture estim\u00e9e":"1 minute"},"schema":{"@context":"https:\/\/schema.org","@graph":[{"@type":"WebPage","@id":"https:\/\/hubsch-interior.com\/fr\/produit\/twist-paniers-multicolore-set-de-2\/","url":"https:\/\/hubsch-interior.com\/fr\/produit\/twist-paniers-multicolore-set-de-2\/","name":"Twist Paniers \u00a0Multicolor\u00e9 (set de 2) - H\u00fcbsch","isPartOf":{"@id":"https:\/\/hubsch-interior.com\/fr\/#website"},"primaryImageOfPage":{"@id":"https:\/\/hubsch-interior.com\/fr\/produit\/twist-paniers-multicolore-set-de-2\/#primaryimage"},"image":{"@id":"https:\/\/hubsch-interior.com\/fr\/produit\/twist-paniers-multicolore-set-de-2\/#primaryimage"},"thumbnailUrl":"https:\/\/hubsch-interior.com\/wp-content\/uploads\/2026\/02\/twist-baskets-multicolour-set-of-2-7e7e35f2429b21a2fb61af133fbd7f24.jpg","datePublished":"2022-02-08T14:36:04+00:00","dateModified":"2026-04-08T02:45:13+00:00","description":"Nous sommes de vrais fans des paniers faits main. Et les paniers Twist ont cette \u00e9l\u00e9gance inn\u00e9e avec ce tressage de corde en papier jaune et vert. Et","breadcrumb":{"@id":"https:\/\/hubsch-interior.com\/fr\/produit\/twist-paniers-multicolore-set-de-2\/#breadcrumb"},"inLanguage":"fr-FR","potentialAction":[{"@type":"ReadAction","target":["https:\/\/hubsch-interior.com\/fr\/produit\/twist-paniers-multicolore-set-de-2\/"]}]},{"@type":"ImageObject","inLanguage":"fr-FR","@id":"https:\/\/hubsch-interior.com\/fr\/produit\/twist-paniers-multicolore-set-de-2\/#primaryimage","url":"https:\/\/hubsch-interior.com\/wp-content\/uploads\/2026\/02\/twist-baskets-multicolour-set-of-2-7e7e35f2429b21a2fb61af133fbd7f24.jpg","contentUrl":"https:\/\/hubsch-interior.com\/wp-content\/uploads\/2026\/02\/twist-baskets-multicolour-set-of-2-7e7e35f2429b21a2fb61af133fbd7f24.jpg","width":1024,"height":1024},{"@type":"BreadcrumbList","@id":"https:\/\/hubsch-interior.com\/fr\/produit\/twist-paniers-multicolore-set-de-2\/#breadcrumb","itemListElement":[{"@type":"ListItem","position":1,"name":"Page d'accueil","item":"https:\/\/hubsch-interior.com\/fr\/"},{"@type":"ListItem","position":2,"name":"Produits","item":"https:\/\/hubsch-interior.com\/fr\/shop-2\/"},{"@type":"ListItem","position":3,"name":"Accessoires maison","item":"https:\/\/hubsch-interior.com\/fr\/categorie-produit\/accessoires-maison\/"},{"@type":"ListItem","position":4,"name":"Espace de rangement","item":"https:\/\/hubsch-interior.com\/fr\/categorie-produit\/accessoires-maison\/espace-de-rangement-fr\/"},{"@type":"ListItem","position":5,"name":"Paniers","item":"https:\/\/hubsch-interior.com\/fr\/categorie-produit\/accessoires-maison\/espace-de-rangement-fr\/paniers-fr\/"},{"@type":"ListItem","position":6,"name":"Twist Paniers \u00a0Multicolor\u00e9 (set de 2)"}]},{"@type":"WebSite","@id":"https:\/\/hubsch-interior.com\/fr\/#website","url":"https:\/\/hubsch-interior.com\/fr\/","name":"H\u00fcbsch","description":"Danish Home Interior and Design","publisher":{"@id":"https:\/\/hubsch-interior.com\/fr\/#organization"},"potentialAction":[{"@type":"SearchAction","target":{"@type":"EntryPoint","urlTemplate":"https:\/\/hubsch-interior.com\/fr\/?s={search_term_string}"},"query-input":{"@type":"PropertyValueSpecification","valueRequired":true,"valueName":"search_term_string"}}],"inLanguage":"fr-FR"},{"@type":"Organization","@id":"https:\/\/hubsch-interior.com\/fr\/#organization","name":"H\u00fcbsch","url":"https:\/\/hubsch-interior.com\/fr\/","logo":{"@type":"ImageObject","inLanguage":"fr-FR","@id":"https:\/\/hubsch-interior.com\/fr\/#\/schema\/logo\/image\/","url":"https:\/\/hubsch-interior.com\/wp-content\/uploads\/2022\/12\/Hubsch_logo_black_one_line.svg","contentUrl":"https:\/\/hubsch-interior.com\/wp-content\/uploads\/2022\/12\/Hubsch_logo_black_one_line.svg","caption":"H\u00fcbsch"},"image":{"@id":"https:\/\/hubsch-interior.com\/fr\/#\/schema\/logo\/image\/"}}]}},"_links":{"self":[{"href":"https:\/\/hubsch-interior.com\/fr\/wp-json\/wp\/v2\/product\/741550","targetHints":{"allow":["GET"]}}],"collection":[{"href":"https:\/\/hubsch-interior.com\/fr\/wp-json\/wp\/v2\/product"}],"about":[{"href":"https:\/\/hubsch-interior.com\/fr\/wp-json\/wp\/v2\/types\/product"}],"wp:featuredmedia":[{"embeddable":true,"href":"https:\/\/hubsch-interior.com\/fr\/wp-json\/wp\/v2\/media\/1101056"}],"wp:attachment":[{"href":"https:\/\/hubsch-interior.com\/fr\/wp-json\/wp\/v2\/media?parent=741550"}],"wp:term":[{"taxonomy":"product_brand","embeddable":true,"href":"https:\/\/hubsch-interior.com\/fr\/wp-json\/wp\/v2\/product_brand?post=741550"},{"taxonomy":"product_cat","embeddable":true,"href":"https:\/\/hubsch-interior.com\/fr\/wp-json\/wp\/v2\/product_cat?post=741550"},{"taxonomy":"product_tag","embeddable":true,"href":"https:\/\/hubsch-interior.com\/fr\/wp-json\/wp\/v2\/product_tag?post=741550"}],"curies":[{"name":"wp","href":"https:\/\/api.w.org\/{rel}","templated":true}]}}