{"id":742334,"date":"2022-02-08T15:50:07","date_gmt":"2022-02-08T14:50:07","guid":{"rendered":"https:\/\/hubsch-interior.com\/product\/product\/"},"modified":"2026-04-09T05:01:19","modified_gmt":"2026-04-09T03:01:19","slug":"lotus-pots-a-suspendre-khaki-set-de-2","status":"publish","type":"product","link":"https:\/\/hubsch-interior.com\/fr\/produit\/lotus-pots-a-suspendre-khaki-set-de-2\/","title":{"rendered":"Lotus Pots \u00e0 suspendre Khaki (set de 2)"},"content":{"rendered":"<p>Une alternative pour vos plantes est clairement de pouvoir s&#8217;\u00e9lever un peu &#8230; Avec ces cache-pots suspendus tr\u00e8s design, succombez au charme des plantes qui se frayent une place sur un espace habituellement vide, et apportent un c\u00f4t\u00e9 chaleureux ind\u00e9niable \u00e0 votre int\u00e9rieur. Posez ces pots suspendus Lotus dans votre cuisine, votre superbe espace de vie ou votre v\u00e9randa. <\/p>\n","protected":false},"excerpt":{"rendered":"<p>Une alternative pour vos plantes est clairement de pouvoir s&#8217;\u00e9lever un peu &#8230; Avec ces cache-pots suspendus tr\u00e8s design, succombez au charme des plantes qui se frayent une place sur un espace habituellement vide, et apportent un c\u00f4t\u00e9 chaleureux ind\u00e9niable \u00e0 votre int\u00e9rieur. Posez ces pots suspendus Lotus dans votre cuisine, votre superbe espace de [&hellip;]<\/p>\n","protected":false},"featured_media":1106081,"template":"","meta":{"_acf_changed":false,"inline_featured_image":false},"product_brand":[],"product_cat":[4914,4928],"product_tag":[],"class_list":{"0":"post-742334","1":"product","2":"type-product","3":"status-publish","4":"has-post-thumbnail","6":"product_cat-pots-de-fleur-et-arrosior-fr","7":"product_cat-pots-a-suspendre-fr","8":"product_shipping_class-pk","10":"pa_color-khaki-3","11":"pa_material-fer-fr","13":"first","14":"instock","15":"taxable","16":"shipping-taxable","17":"purchasable","18":"product-type-simple"},"exclude_global_add_ons":[],"addons":[],"acf":[],"yoast_head":"<!-- This site is optimized with the Yoast SEO plugin v26.4 - https:\/\/yoast.com\/wordpress\/plugins\/seo\/ -->\n<title>Lotus Pots \u00e0 suspendre Khaki (set de 2) - H\u00fcbsch<\/title>\n<meta name=\"description\" content=\"Une alternative pour vos plantes est clairement de pouvoir s&#039;\u00e9lever un peu ... Avec ces cache-pots suspendus tr\u00e8s design, succombez au charme des plantes\" \/>\n<meta name=\"robots\" content=\"index, follow, max-snippet:-1, max-image-preview:large, max-video-preview:-1\" \/>\n<link rel=\"canonical\" href=\"https:\/\/hubsch-interior.com\/fr\/wp-json\/wp\/v2\/product\/742334\" \/>\n<meta property=\"og:locale\" content=\"fr_FR\" \/>\n<meta property=\"og:type\" content=\"article\" \/>\n<meta property=\"og:title\" content=\"Lotus Pots \u00e0 suspendre Khaki (set de 2) - H\u00fcbsch\" \/>\n<meta property=\"og:description\" content=\"Une alternative pour vos plantes est clairement de pouvoir s&#039;\u00e9lever un peu ... Avec ces cache-pots suspendus tr\u00e8s design, succombez au charme des plantes\" \/>\n<meta property=\"og:url\" content=\"https:\/\/hubsch-interior.com\/fr\/produit\/lotus-pots-a-suspendre-khaki-set-de-2\/\" \/>\n<meta property=\"og:site_name\" content=\"H\u00fcbsch\" \/>\n<meta property=\"article:modified_time\" content=\"2026-04-09T03:01:19+00:00\" \/>\n<meta property=\"og:image\" content=\"https:\/\/hubsch-interior.com\/wp-content\/uploads\/2024\/03\/lotus-hanging-pots-khaki-set-of-2-ef8f700f6598a97e9b5a8326f40a6e85.jpg\" \/>\n\t<meta property=\"og:image:width\" content=\"1200\" \/>\n\t<meta property=\"og:image:height\" content=\"1200\" \/>\n\t<meta property=\"og:image:type\" content=\"image\/jpeg\" \/>\n<meta name=\"twitter:card\" content=\"summary_large_image\" \/>\n<script type=\"application\/ld+json\" class=\"yoast-schema-graph\">{\"@context\":\"https:\/\/schema.org\",\"@graph\":[{\"@type\":\"WebPage\",\"@id\":\"https:\/\/hubsch-interior.com\/fr\/produit\/lotus-pots-a-suspendre-khaki-set-de-2\/\",\"url\":\"https:\/\/hubsch-interior.com\/fr\/produit\/lotus-pots-a-suspendre-khaki-set-de-2\/\",\"name\":\"Lotus Pots \u00e0 suspendre Khaki (set de 2) - H\u00fcbsch\",\"isPartOf\":{\"@id\":\"https:\/\/hubsch-interior.com\/fr\/#website\"},\"primaryImageOfPage\":{\"@id\":\"https:\/\/hubsch-interior.com\/fr\/produit\/lotus-pots-a-suspendre-khaki-set-de-2\/#primaryimage\"},\"image\":{\"@id\":\"https:\/\/hubsch-interior.com\/fr\/produit\/lotus-pots-a-suspendre-khaki-set-de-2\/#primaryimage\"},\"thumbnailUrl\":\"https:\/\/hubsch-interior.com\/wp-content\/uploads\/2026\/02\/lotus-hanging-pots-khaki-set-of-2-73c533a007b671dac2303d42e3d927bc.jpg\",\"datePublished\":\"2022-02-08T14:50:07+00:00\",\"dateModified\":\"2026-04-09T03:01:19+00:00\",\"description\":\"Une alternative pour vos plantes est clairement de pouvoir s'\u00e9lever un peu ... Avec ces cache-pots suspendus tr\u00e8s design, succombez au charme des plantes\",\"breadcrumb\":{\"@id\":\"https:\/\/hubsch-interior.com\/fr\/produit\/lotus-pots-a-suspendre-khaki-set-de-2\/#breadcrumb\"},\"inLanguage\":\"fr-FR\",\"potentialAction\":[{\"@type\":\"ReadAction\",\"target\":[\"https:\/\/hubsch-interior.com\/fr\/produit\/lotus-pots-a-suspendre-khaki-set-de-2\/\"]}]},{\"@type\":\"ImageObject\",\"inLanguage\":\"fr-FR\",\"@id\":\"https:\/\/hubsch-interior.com\/fr\/produit\/lotus-pots-a-suspendre-khaki-set-de-2\/#primaryimage\",\"url\":\"https:\/\/hubsch-interior.com\/wp-content\/uploads\/2026\/02\/lotus-hanging-pots-khaki-set-of-2-73c533a007b671dac2303d42e3d927bc.jpg\",\"contentUrl\":\"https:\/\/hubsch-interior.com\/wp-content\/uploads\/2026\/02\/lotus-hanging-pots-khaki-set-of-2-73c533a007b671dac2303d42e3d927bc.jpg\",\"width\":1024,\"height\":1024},{\"@type\":\"BreadcrumbList\",\"@id\":\"https:\/\/hubsch-interior.com\/fr\/produit\/lotus-pots-a-suspendre-khaki-set-de-2\/#breadcrumb\",\"itemListElement\":[{\"@type\":\"ListItem\",\"position\":1,\"name\":\"Page d'accueil\",\"item\":\"https:\/\/hubsch-interior.com\/fr\/\"},{\"@type\":\"ListItem\",\"position\":2,\"name\":\"Produits\",\"item\":\"https:\/\/hubsch-interior.com\/fr\/shop-2\/\"},{\"@type\":\"ListItem\",\"position\":3,\"name\":\"Accessoires maison\",\"item\":\"https:\/\/hubsch-interior.com\/fr\/categorie-produit\/accessoires-maison\/\"},{\"@type\":\"ListItem\",\"position\":4,\"name\":\"Pots de fleur et arrosior\",\"item\":\"https:\/\/hubsch-interior.com\/fr\/categorie-produit\/accessoires-maison\/pots-de-fleur-et-arrosior-fr\/\"},{\"@type\":\"ListItem\",\"position\":5,\"name\":\"Pots &agrave; suspendre\",\"item\":\"https:\/\/hubsch-interior.com\/fr\/categorie-produit\/accessoires-maison\/pots-de-fleur-et-arrosior-fr\/pots-a-suspendre-fr\/\"},{\"@type\":\"ListItem\",\"position\":6,\"name\":\"Lotus Pots \u00e0 suspendre Khaki (set de 2)\"}]},{\"@type\":\"WebSite\",\"@id\":\"https:\/\/hubsch-interior.com\/fr\/#website\",\"url\":\"https:\/\/hubsch-interior.com\/fr\/\",\"name\":\"H\u00fcbsch\",\"description\":\"Danish Home Interior and Design\",\"publisher\":{\"@id\":\"https:\/\/hubsch-interior.com\/fr\/#organization\"},\"potentialAction\":[{\"@type\":\"SearchAction\",\"target\":{\"@type\":\"EntryPoint\",\"urlTemplate\":\"https:\/\/hubsch-interior.com\/fr\/?s={search_term_string}\"},\"query-input\":{\"@type\":\"PropertyValueSpecification\",\"valueRequired\":true,\"valueName\":\"search_term_string\"}}],\"inLanguage\":\"fr-FR\"},{\"@type\":\"Organization\",\"@id\":\"https:\/\/hubsch-interior.com\/fr\/#organization\",\"name\":\"H\u00fcbsch\",\"url\":\"https:\/\/hubsch-interior.com\/fr\/\",\"logo\":{\"@type\":\"ImageObject\",\"inLanguage\":\"fr-FR\",\"@id\":\"https:\/\/hubsch-interior.com\/fr\/#\/schema\/logo\/image\/\",\"url\":\"https:\/\/hubsch-interior.com\/wp-content\/uploads\/2022\/12\/Hubsch_logo_black_one_line.svg\",\"contentUrl\":\"https:\/\/hubsch-interior.com\/wp-content\/uploads\/2022\/12\/Hubsch_logo_black_one_line.svg\",\"caption\":\"H\u00fcbsch\"},\"image\":{\"@id\":\"https:\/\/hubsch-interior.com\/fr\/#\/schema\/logo\/image\/\"}}]}<\/script>\n<!-- \/ Yoast SEO plugin. -->","yoast_head_json":{"title":"Lotus Pots \u00e0 suspendre Khaki (set de 2) - H\u00fcbsch","description":"Une alternative pour vos plantes est clairement de pouvoir s'\u00e9lever un peu ... Avec ces cache-pots suspendus tr\u00e8s design, succombez au charme des plantes","robots":{"index":"index","follow":"follow","max-snippet":"max-snippet:-1","max-image-preview":"max-image-preview:large","max-video-preview":"max-video-preview:-1"},"canonical":"https:\/\/hubsch-interior.com\/fr\/wp-json\/wp\/v2\/product\/742334","og_locale":"fr_FR","og_type":"article","og_title":"Lotus Pots \u00e0 suspendre Khaki (set de 2) - H\u00fcbsch","og_description":"Une alternative pour vos plantes est clairement de pouvoir s'\u00e9lever un peu ... Avec ces cache-pots suspendus tr\u00e8s design, succombez au charme des plantes","og_url":"https:\/\/hubsch-interior.com\/fr\/produit\/lotus-pots-a-suspendre-khaki-set-de-2\/","og_site_name":"H\u00fcbsch","article_modified_time":"2026-04-09T03:01:19+00:00","og_image":[{"width":1200,"height":1200,"url":"https:\/\/hubsch-interior.com\/wp-content\/uploads\/2024\/03\/lotus-hanging-pots-khaki-set-of-2-ef8f700f6598a97e9b5a8326f40a6e85.jpg","type":"image\/jpeg"}],"twitter_card":"summary_large_image","schema":{"@context":"https:\/\/schema.org","@graph":[{"@type":"WebPage","@id":"https:\/\/hubsch-interior.com\/fr\/produit\/lotus-pots-a-suspendre-khaki-set-de-2\/","url":"https:\/\/hubsch-interior.com\/fr\/produit\/lotus-pots-a-suspendre-khaki-set-de-2\/","name":"Lotus Pots \u00e0 suspendre Khaki (set de 2) - H\u00fcbsch","isPartOf":{"@id":"https:\/\/hubsch-interior.com\/fr\/#website"},"primaryImageOfPage":{"@id":"https:\/\/hubsch-interior.com\/fr\/produit\/lotus-pots-a-suspendre-khaki-set-de-2\/#primaryimage"},"image":{"@id":"https:\/\/hubsch-interior.com\/fr\/produit\/lotus-pots-a-suspendre-khaki-set-de-2\/#primaryimage"},"thumbnailUrl":"https:\/\/hubsch-interior.com\/wp-content\/uploads\/2026\/02\/lotus-hanging-pots-khaki-set-of-2-73c533a007b671dac2303d42e3d927bc.jpg","datePublished":"2022-02-08T14:50:07+00:00","dateModified":"2026-04-09T03:01:19+00:00","description":"Une alternative pour vos plantes est clairement de pouvoir s'\u00e9lever un peu ... Avec ces cache-pots suspendus tr\u00e8s design, succombez au charme des plantes","breadcrumb":{"@id":"https:\/\/hubsch-interior.com\/fr\/produit\/lotus-pots-a-suspendre-khaki-set-de-2\/#breadcrumb"},"inLanguage":"fr-FR","potentialAction":[{"@type":"ReadAction","target":["https:\/\/hubsch-interior.com\/fr\/produit\/lotus-pots-a-suspendre-khaki-set-de-2\/"]}]},{"@type":"ImageObject","inLanguage":"fr-FR","@id":"https:\/\/hubsch-interior.com\/fr\/produit\/lotus-pots-a-suspendre-khaki-set-de-2\/#primaryimage","url":"https:\/\/hubsch-interior.com\/wp-content\/uploads\/2026\/02\/lotus-hanging-pots-khaki-set-of-2-73c533a007b671dac2303d42e3d927bc.jpg","contentUrl":"https:\/\/hubsch-interior.com\/wp-content\/uploads\/2026\/02\/lotus-hanging-pots-khaki-set-of-2-73c533a007b671dac2303d42e3d927bc.jpg","width":1024,"height":1024},{"@type":"BreadcrumbList","@id":"https:\/\/hubsch-interior.com\/fr\/produit\/lotus-pots-a-suspendre-khaki-set-de-2\/#breadcrumb","itemListElement":[{"@type":"ListItem","position":1,"name":"Page d'accueil","item":"https:\/\/hubsch-interior.com\/fr\/"},{"@type":"ListItem","position":2,"name":"Produits","item":"https:\/\/hubsch-interior.com\/fr\/shop-2\/"},{"@type":"ListItem","position":3,"name":"Accessoires maison","item":"https:\/\/hubsch-interior.com\/fr\/categorie-produit\/accessoires-maison\/"},{"@type":"ListItem","position":4,"name":"Pots de fleur et arrosior","item":"https:\/\/hubsch-interior.com\/fr\/categorie-produit\/accessoires-maison\/pots-de-fleur-et-arrosior-fr\/"},{"@type":"ListItem","position":5,"name":"Pots &agrave; suspendre","item":"https:\/\/hubsch-interior.com\/fr\/categorie-produit\/accessoires-maison\/pots-de-fleur-et-arrosior-fr\/pots-a-suspendre-fr\/"},{"@type":"ListItem","position":6,"name":"Lotus Pots \u00e0 suspendre Khaki (set de 2)"}]},{"@type":"WebSite","@id":"https:\/\/hubsch-interior.com\/fr\/#website","url":"https:\/\/hubsch-interior.com\/fr\/","name":"H\u00fcbsch","description":"Danish Home Interior and Design","publisher":{"@id":"https:\/\/hubsch-interior.com\/fr\/#organization"},"potentialAction":[{"@type":"SearchAction","target":{"@type":"EntryPoint","urlTemplate":"https:\/\/hubsch-interior.com\/fr\/?s={search_term_string}"},"query-input":{"@type":"PropertyValueSpecification","valueRequired":true,"valueName":"search_term_string"}}],"inLanguage":"fr-FR"},{"@type":"Organization","@id":"https:\/\/hubsch-interior.com\/fr\/#organization","name":"H\u00fcbsch","url":"https:\/\/hubsch-interior.com\/fr\/","logo":{"@type":"ImageObject","inLanguage":"fr-FR","@id":"https:\/\/hubsch-interior.com\/fr\/#\/schema\/logo\/image\/","url":"https:\/\/hubsch-interior.com\/wp-content\/uploads\/2022\/12\/Hubsch_logo_black_one_line.svg","contentUrl":"https:\/\/hubsch-interior.com\/wp-content\/uploads\/2022\/12\/Hubsch_logo_black_one_line.svg","caption":"H\u00fcbsch"},"image":{"@id":"https:\/\/hubsch-interior.com\/fr\/#\/schema\/logo\/image\/"}}]}},"_links":{"self":[{"href":"https:\/\/hubsch-interior.com\/fr\/wp-json\/wp\/v2\/product\/742334","targetHints":{"allow":["GET"]}}],"collection":[{"href":"https:\/\/hubsch-interior.com\/fr\/wp-json\/wp\/v2\/product"}],"about":[{"href":"https:\/\/hubsch-interior.com\/fr\/wp-json\/wp\/v2\/types\/product"}],"wp:featuredmedia":[{"embeddable":true,"href":"https:\/\/hubsch-interior.com\/fr\/wp-json\/wp\/v2\/media\/1106081"}],"wp:attachment":[{"href":"https:\/\/hubsch-interior.com\/fr\/wp-json\/wp\/v2\/media?parent=742334"}],"wp:term":[{"taxonomy":"product_brand","embeddable":true,"href":"https:\/\/hubsch-interior.com\/fr\/wp-json\/wp\/v2\/product_brand?post=742334"},{"taxonomy":"product_cat","embeddable":true,"href":"https:\/\/hubsch-interior.com\/fr\/wp-json\/wp\/v2\/product_cat?post=742334"},{"taxonomy":"product_tag","embeddable":true,"href":"https:\/\/hubsch-interior.com\/fr\/wp-json\/wp\/v2\/product_tag?post=742334"}],"curies":[{"name":"wp","href":"https:\/\/api.w.org\/{rel}","templated":true}]}}