{"id":742438,"date":"2022-02-08T15:51:17","date_gmt":"2022-02-08T14:51:17","guid":{"rendered":"https:\/\/hubsch-interior.com\/product\/product\/"},"modified":"2026-04-05T05:05:15","modified_gmt":"2026-04-05T03:05:15","slug":"bringme-lampe-portative-laiton-bruni","status":"publish","type":"product","link":"https:\/\/hubsch-interior.com\/fr\/produit\/bringme-lampe-portative-laiton-bruni\/","title":{"rendered":"BringMe Lampe portative Laiton Bruni"},"content":{"rendered":"<p>Cette lampe est mobile et porte bien son nom ! BringMe, ou emportez moi &#8211; o\u00f9 vous le souhaitez ! Adapt\u00e9e pour une utilisation int\u00e9rieure et ext\u00e9rieure, cette lampe de table rechargeable est un vrai coup de coeur ! Elle est jolie, son design est sobre et \u00e9l\u00e9gant \u00e0 la fois, et on peut r\u00e9gler l&#8217;intensit\u00e9 de la lumi\u00e8re gr\u00e2ce \u00e0 son c\u00f4t\u00e9 tactile. Cette lampe est rechargeable, ce qui lui permet d&#8217;\u00e9mettre de nombreuses heures de lumi\u00e8re sans s&#8217;en soucier !<\/p>\n","protected":false},"excerpt":{"rendered":"<p>Cette lampe est mobile et porte bien son nom ! BringMe, ou emportez moi &#8211; o\u00f9 vous le souhaitez ! Adapt\u00e9e pour une utilisation int\u00e9rieure et ext\u00e9rieure, cette lampe de table rechargeable est un vrai coup de coeur ! Elle est jolie, son design est sobre et \u00e9l\u00e9gant \u00e0 la fois, et on peut r\u00e9gler [&hellip;]<\/p>\n","protected":false},"featured_media":1106213,"template":"","meta":{"_acf_changed":false,"inline_featured_image":false},"product_brand":[],"product_cat":[6962,6348,3810,3500,5026],"product_tag":[],"class_list":{"0":"post-742438","1":"product","2":"type-product","3":"status-publish","4":"has-post-thumbnail","6":"product_cat-lampes-portatives-fr","7":"product_cat-garden-selection-fr","8":"product_cat-luminaires","9":"product_cat-lampes-a-poser-fr","10":"product_cat-bestsellers-fr","11":"product_shipping_class-pk","13":"pa_color-laiton-bruni","14":"pa_material-acier","16":"first","17":"instock","18":"featured","19":"taxable","20":"shipping-taxable","21":"purchasable","22":"product-type-simple"},"exclude_global_add_ons":[],"addons":[],"acf":[],"yoast_head":"<!-- This site is optimized with the Yoast SEO plugin v26.4 - https:\/\/yoast.com\/wordpress\/plugins\/seo\/ -->\n<title>BringMe Lampe portative Laiton Bruni - H\u00fcbsch<\/title>\n<meta name=\"description\" content=\"Cette lampe est mobile et porte bien son nom ! BringMe, ou emportez moi - o\u00f9 vous le souhaitez ! Adapt\u00e9e pour une utilisation int\u00e9rieure et ext\u00e9rieure,\" \/>\n<meta name=\"robots\" content=\"index, follow, max-snippet:-1, max-image-preview:large, max-video-preview:-1\" \/>\n<link rel=\"canonical\" href=\"https:\/\/hubsch-interior.com\/fr\/wp-json\/wp\/v2\/product\/742438\" \/>\n<meta property=\"og:locale\" content=\"fr_FR\" \/>\n<meta property=\"og:type\" content=\"article\" \/>\n<meta property=\"og:title\" content=\"BringMe Lampe portative Laiton Bruni - H\u00fcbsch\" \/>\n<meta property=\"og:description\" content=\"Cette lampe est mobile et porte bien son nom ! BringMe, ou emportez moi - o\u00f9 vous le souhaitez ! Adapt\u00e9e pour une utilisation int\u00e9rieure et ext\u00e9rieure,\" \/>\n<meta property=\"og:url\" content=\"https:\/\/hubsch-interior.com\/fr\/produit\/bringme-lampe-portative-laiton-bruni\/\" \/>\n<meta property=\"og:site_name\" content=\"H\u00fcbsch\" \/>\n<meta property=\"article:modified_time\" content=\"2026-04-05T03:05:15+00:00\" \/>\n<meta property=\"og:image\" content=\"https:\/\/hubsch-interior.com\/wp-content\/uploads\/2024\/05\/bringme-table-lamp-burnished-brass-449e5d2ac38ab0e8bfa88b7c54bcaf27.jpg\" \/>\n\t<meta property=\"og:image:width\" content=\"1200\" \/>\n\t<meta property=\"og:image:height\" content=\"1200\" \/>\n\t<meta property=\"og:image:type\" content=\"image\/jpeg\" \/>\n<meta name=\"twitter:card\" content=\"summary_large_image\" \/>\n<script type=\"application\/ld+json\" class=\"yoast-schema-graph\">{\"@context\":\"https:\/\/schema.org\",\"@graph\":[{\"@type\":\"WebPage\",\"@id\":\"https:\/\/hubsch-interior.com\/fr\/produit\/bringme-lampe-portative-laiton-bruni\/\",\"url\":\"https:\/\/hubsch-interior.com\/fr\/produit\/bringme-lampe-portative-laiton-bruni\/\",\"name\":\"BringMe Lampe portative Laiton Bruni - H\u00fcbsch\",\"isPartOf\":{\"@id\":\"https:\/\/hubsch-interior.com\/fr\/#website\"},\"primaryImageOfPage\":{\"@id\":\"https:\/\/hubsch-interior.com\/fr\/produit\/bringme-lampe-portative-laiton-bruni\/#primaryimage\"},\"image\":{\"@id\":\"https:\/\/hubsch-interior.com\/fr\/produit\/bringme-lampe-portative-laiton-bruni\/#primaryimage\"},\"thumbnailUrl\":\"https:\/\/hubsch-interior.com\/wp-content\/uploads\/2026\/02\/bringme-portable-lamp-burnished-brass-2ccd569e91c4d649a1aadd504832f2b9.jpg\",\"datePublished\":\"2022-02-08T14:51:17+00:00\",\"dateModified\":\"2026-04-05T03:05:15+00:00\",\"description\":\"Cette lampe est mobile et porte bien son nom ! BringMe, ou emportez moi - o\u00f9 vous le souhaitez ! Adapt\u00e9e pour une utilisation int\u00e9rieure et ext\u00e9rieure,\",\"breadcrumb\":{\"@id\":\"https:\/\/hubsch-interior.com\/fr\/produit\/bringme-lampe-portative-laiton-bruni\/#breadcrumb\"},\"inLanguage\":\"fr-FR\",\"potentialAction\":[{\"@type\":\"ReadAction\",\"target\":[\"https:\/\/hubsch-interior.com\/fr\/produit\/bringme-lampe-portative-laiton-bruni\/\"]}]},{\"@type\":\"ImageObject\",\"inLanguage\":\"fr-FR\",\"@id\":\"https:\/\/hubsch-interior.com\/fr\/produit\/bringme-lampe-portative-laiton-bruni\/#primaryimage\",\"url\":\"https:\/\/hubsch-interior.com\/wp-content\/uploads\/2026\/02\/bringme-portable-lamp-burnished-brass-2ccd569e91c4d649a1aadd504832f2b9.jpg\",\"contentUrl\":\"https:\/\/hubsch-interior.com\/wp-content\/uploads\/2026\/02\/bringme-portable-lamp-burnished-brass-2ccd569e91c4d649a1aadd504832f2b9.jpg\",\"width\":1024,\"height\":1024},{\"@type\":\"BreadcrumbList\",\"@id\":\"https:\/\/hubsch-interior.com\/fr\/produit\/bringme-lampe-portative-laiton-bruni\/#breadcrumb\",\"itemListElement\":[{\"@type\":\"ListItem\",\"position\":1,\"name\":\"Page d'accueil\",\"item\":\"https:\/\/hubsch-interior.com\/fr\/\"},{\"@type\":\"ListItem\",\"position\":2,\"name\":\"Produits\",\"item\":\"https:\/\/hubsch-interior.com\/fr\/shop-2\/\"},{\"@type\":\"ListItem\",\"position\":3,\"name\":\"Luminaires\",\"item\":\"https:\/\/hubsch-interior.com\/fr\/categorie-produit\/luminaires\/\"},{\"@type\":\"ListItem\",\"position\":4,\"name\":\"Lampes portatives\",\"item\":\"https:\/\/hubsch-interior.com\/fr\/categorie-produit\/luminaires\/lampes-portatives-fr\/\"},{\"@type\":\"ListItem\",\"position\":5,\"name\":\"BringMe Lampe portative Laiton Bruni\"}]},{\"@type\":\"WebSite\",\"@id\":\"https:\/\/hubsch-interior.com\/fr\/#website\",\"url\":\"https:\/\/hubsch-interior.com\/fr\/\",\"name\":\"H\u00fcbsch\",\"description\":\"Danish Home Interior and Design\",\"publisher\":{\"@id\":\"https:\/\/hubsch-interior.com\/fr\/#organization\"},\"potentialAction\":[{\"@type\":\"SearchAction\",\"target\":{\"@type\":\"EntryPoint\",\"urlTemplate\":\"https:\/\/hubsch-interior.com\/fr\/?s={search_term_string}\"},\"query-input\":{\"@type\":\"PropertyValueSpecification\",\"valueRequired\":true,\"valueName\":\"search_term_string\"}}],\"inLanguage\":\"fr-FR\"},{\"@type\":\"Organization\",\"@id\":\"https:\/\/hubsch-interior.com\/fr\/#organization\",\"name\":\"H\u00fcbsch\",\"url\":\"https:\/\/hubsch-interior.com\/fr\/\",\"logo\":{\"@type\":\"ImageObject\",\"inLanguage\":\"fr-FR\",\"@id\":\"https:\/\/hubsch-interior.com\/fr\/#\/schema\/logo\/image\/\",\"url\":\"https:\/\/hubsch-interior.com\/wp-content\/uploads\/2022\/12\/Hubsch_logo_black_one_line.svg\",\"contentUrl\":\"https:\/\/hubsch-interior.com\/wp-content\/uploads\/2022\/12\/Hubsch_logo_black_one_line.svg\",\"caption\":\"H\u00fcbsch\"},\"image\":{\"@id\":\"https:\/\/hubsch-interior.com\/fr\/#\/schema\/logo\/image\/\"}}]}<\/script>\n<!-- \/ Yoast SEO plugin. -->","yoast_head_json":{"title":"BringMe Lampe portative Laiton Bruni - H\u00fcbsch","description":"Cette lampe est mobile et porte bien son nom ! BringMe, ou emportez moi - o\u00f9 vous le souhaitez ! Adapt\u00e9e pour une utilisation int\u00e9rieure et ext\u00e9rieure,","robots":{"index":"index","follow":"follow","max-snippet":"max-snippet:-1","max-image-preview":"max-image-preview:large","max-video-preview":"max-video-preview:-1"},"canonical":"https:\/\/hubsch-interior.com\/fr\/wp-json\/wp\/v2\/product\/742438","og_locale":"fr_FR","og_type":"article","og_title":"BringMe Lampe portative Laiton Bruni - H\u00fcbsch","og_description":"Cette lampe est mobile et porte bien son nom ! BringMe, ou emportez moi - o\u00f9 vous le souhaitez ! Adapt\u00e9e pour une utilisation int\u00e9rieure et ext\u00e9rieure,","og_url":"https:\/\/hubsch-interior.com\/fr\/produit\/bringme-lampe-portative-laiton-bruni\/","og_site_name":"H\u00fcbsch","article_modified_time":"2026-04-05T03:05:15+00:00","og_image":[{"width":1200,"height":1200,"url":"https:\/\/hubsch-interior.com\/wp-content\/uploads\/2024\/05\/bringme-table-lamp-burnished-brass-449e5d2ac38ab0e8bfa88b7c54bcaf27.jpg","type":"image\/jpeg"}],"twitter_card":"summary_large_image","schema":{"@context":"https:\/\/schema.org","@graph":[{"@type":"WebPage","@id":"https:\/\/hubsch-interior.com\/fr\/produit\/bringme-lampe-portative-laiton-bruni\/","url":"https:\/\/hubsch-interior.com\/fr\/produit\/bringme-lampe-portative-laiton-bruni\/","name":"BringMe Lampe portative Laiton Bruni - H\u00fcbsch","isPartOf":{"@id":"https:\/\/hubsch-interior.com\/fr\/#website"},"primaryImageOfPage":{"@id":"https:\/\/hubsch-interior.com\/fr\/produit\/bringme-lampe-portative-laiton-bruni\/#primaryimage"},"image":{"@id":"https:\/\/hubsch-interior.com\/fr\/produit\/bringme-lampe-portative-laiton-bruni\/#primaryimage"},"thumbnailUrl":"https:\/\/hubsch-interior.com\/wp-content\/uploads\/2026\/02\/bringme-portable-lamp-burnished-brass-2ccd569e91c4d649a1aadd504832f2b9.jpg","datePublished":"2022-02-08T14:51:17+00:00","dateModified":"2026-04-05T03:05:15+00:00","description":"Cette lampe est mobile et porte bien son nom ! BringMe, ou emportez moi - o\u00f9 vous le souhaitez ! Adapt\u00e9e pour une utilisation int\u00e9rieure et ext\u00e9rieure,","breadcrumb":{"@id":"https:\/\/hubsch-interior.com\/fr\/produit\/bringme-lampe-portative-laiton-bruni\/#breadcrumb"},"inLanguage":"fr-FR","potentialAction":[{"@type":"ReadAction","target":["https:\/\/hubsch-interior.com\/fr\/produit\/bringme-lampe-portative-laiton-bruni\/"]}]},{"@type":"ImageObject","inLanguage":"fr-FR","@id":"https:\/\/hubsch-interior.com\/fr\/produit\/bringme-lampe-portative-laiton-bruni\/#primaryimage","url":"https:\/\/hubsch-interior.com\/wp-content\/uploads\/2026\/02\/bringme-portable-lamp-burnished-brass-2ccd569e91c4d649a1aadd504832f2b9.jpg","contentUrl":"https:\/\/hubsch-interior.com\/wp-content\/uploads\/2026\/02\/bringme-portable-lamp-burnished-brass-2ccd569e91c4d649a1aadd504832f2b9.jpg","width":1024,"height":1024},{"@type":"BreadcrumbList","@id":"https:\/\/hubsch-interior.com\/fr\/produit\/bringme-lampe-portative-laiton-bruni\/#breadcrumb","itemListElement":[{"@type":"ListItem","position":1,"name":"Page d'accueil","item":"https:\/\/hubsch-interior.com\/fr\/"},{"@type":"ListItem","position":2,"name":"Produits","item":"https:\/\/hubsch-interior.com\/fr\/shop-2\/"},{"@type":"ListItem","position":3,"name":"Luminaires","item":"https:\/\/hubsch-interior.com\/fr\/categorie-produit\/luminaires\/"},{"@type":"ListItem","position":4,"name":"Lampes portatives","item":"https:\/\/hubsch-interior.com\/fr\/categorie-produit\/luminaires\/lampes-portatives-fr\/"},{"@type":"ListItem","position":5,"name":"BringMe Lampe portative Laiton Bruni"}]},{"@type":"WebSite","@id":"https:\/\/hubsch-interior.com\/fr\/#website","url":"https:\/\/hubsch-interior.com\/fr\/","name":"H\u00fcbsch","description":"Danish Home Interior and Design","publisher":{"@id":"https:\/\/hubsch-interior.com\/fr\/#organization"},"potentialAction":[{"@type":"SearchAction","target":{"@type":"EntryPoint","urlTemplate":"https:\/\/hubsch-interior.com\/fr\/?s={search_term_string}"},"query-input":{"@type":"PropertyValueSpecification","valueRequired":true,"valueName":"search_term_string"}}],"inLanguage":"fr-FR"},{"@type":"Organization","@id":"https:\/\/hubsch-interior.com\/fr\/#organization","name":"H\u00fcbsch","url":"https:\/\/hubsch-interior.com\/fr\/","logo":{"@type":"ImageObject","inLanguage":"fr-FR","@id":"https:\/\/hubsch-interior.com\/fr\/#\/schema\/logo\/image\/","url":"https:\/\/hubsch-interior.com\/wp-content\/uploads\/2022\/12\/Hubsch_logo_black_one_line.svg","contentUrl":"https:\/\/hubsch-interior.com\/wp-content\/uploads\/2022\/12\/Hubsch_logo_black_one_line.svg","caption":"H\u00fcbsch"},"image":{"@id":"https:\/\/hubsch-interior.com\/fr\/#\/schema\/logo\/image\/"}}]}},"_links":{"self":[{"href":"https:\/\/hubsch-interior.com\/fr\/wp-json\/wp\/v2\/product\/742438","targetHints":{"allow":["GET"]}}],"collection":[{"href":"https:\/\/hubsch-interior.com\/fr\/wp-json\/wp\/v2\/product"}],"about":[{"href":"https:\/\/hubsch-interior.com\/fr\/wp-json\/wp\/v2\/types\/product"}],"wp:featuredmedia":[{"embeddable":true,"href":"https:\/\/hubsch-interior.com\/fr\/wp-json\/wp\/v2\/media\/1106213"}],"wp:attachment":[{"href":"https:\/\/hubsch-interior.com\/fr\/wp-json\/wp\/v2\/media?parent=742438"}],"wp:term":[{"taxonomy":"product_brand","embeddable":true,"href":"https:\/\/hubsch-interior.com\/fr\/wp-json\/wp\/v2\/product_brand?post=742438"},{"taxonomy":"product_cat","embeddable":true,"href":"https:\/\/hubsch-interior.com\/fr\/wp-json\/wp\/v2\/product_cat?post=742438"},{"taxonomy":"product_tag","embeddable":true,"href":"https:\/\/hubsch-interior.com\/fr\/wp-json\/wp\/v2\/product_tag?post=742438"}],"curies":[{"name":"wp","href":"https:\/\/api.w.org\/{rel}","templated":true}]}}