{"id":742586,"date":"2022-02-08T15:51:46","date_gmt":"2022-02-08T14:51:46","guid":{"rendered":"https:\/\/hubsch-interior.com\/product\/product\/"},"modified":"2026-04-23T05:02:02","modified_gmt":"2026-04-23T03:02:02","slug":"spot-lampe-de-table-bleu","status":"publish","type":"product","link":"https:\/\/hubsch-interior.com\/fr\/produit\/spot-lampe-de-table-bleu\/","title":{"rendered":"Spot Lampe de table Bleu"},"content":{"rendered":"<p>Nous avons une vraie volont\u00e9 de toujours apporter un nouveau design, une nouvelle ligne aux objets du quotidien. Cette lampe de table est \u00e0 la fois originale et classique. Avec son abat-jour en verre blanc, son intrigante combinaison de couleurs bleu et p\u00e9trole, cette lampe apportera une fraicheur naturelle \u00e0 votre bureau, \u00e0 une console ou sur une \u00e9tag\u00e8re. Si vous observez de pr\u00e8s la lampe, nous avons m\u00eame recouvert le fil de coton rouge. Et comme nous allons toujours jusqu&#8217;aux d\u00e9tails les plus subtils, on vous le partage.<\/p>\n","protected":false},"excerpt":{"rendered":"<p>Nous avons une vraie volont\u00e9 de toujours apporter un nouveau design, une nouvelle ligne aux objets du quotidien. Cette lampe de table est \u00e0 la fois originale et classique. Avec son abat-jour en verre blanc, son intrigante combinaison de couleurs bleu et p\u00e9trole, cette lampe apportera une fraicheur naturelle \u00e0 votre bureau, \u00e0 une console [&hellip;]<\/p>\n","protected":false},"featured_media":1106325,"template":"","meta":{"_acf_changed":false,"inline_featured_image":false},"product_brand":[],"product_cat":[3810,3500],"product_tag":[],"class_list":{"0":"post-742586","1":"product","2":"type-product","3":"status-publish","4":"has-post-thumbnail","6":"product_cat-luminaires","7":"product_cat-lampes-a-poser-fr","8":"product_shipping_class-pk","10":"pa_color-bleu-2","11":"pa_material-fer-fr","12":"pa_material-verre-fr","14":"first","15":"instock","16":"taxable","17":"shipping-taxable","18":"purchasable","19":"product-type-simple"},"exclude_global_add_ons":[],"addons":[],"acf":[],"yoast_head":"<!-- This site is optimized with the Yoast SEO plugin v26.4 - https:\/\/yoast.com\/wordpress\/plugins\/seo\/ -->\n<title>Spot Lampe de table Bleu - H\u00fcbsch<\/title>\n<meta name=\"description\" content=\"Nous avons une vraie volont\u00e9 de toujours apporter un nouveau design, une nouvelle ligne aux objets du quotidien. Cette lampe de table est \u00e0 la fois\" \/>\n<meta name=\"robots\" content=\"index, follow, max-snippet:-1, max-image-preview:large, max-video-preview:-1\" \/>\n<link rel=\"canonical\" href=\"https:\/\/hubsch-interior.com\/fr\/wp-json\/wp\/v2\/product\/742586\" \/>\n<meta property=\"og:locale\" content=\"fr_FR\" \/>\n<meta property=\"og:type\" content=\"article\" \/>\n<meta property=\"og:title\" content=\"Spot Lampe de table Bleu - H\u00fcbsch\" \/>\n<meta property=\"og:description\" content=\"Nous avons une vraie volont\u00e9 de toujours apporter un nouveau design, une nouvelle ligne aux objets du quotidien. Cette lampe de table est \u00e0 la fois\" \/>\n<meta property=\"og:url\" content=\"https:\/\/hubsch-interior.com\/fr\/produit\/spot-lampe-de-table-bleu\/\" \/>\n<meta property=\"og:site_name\" content=\"H\u00fcbsch\" \/>\n<meta property=\"article:modified_time\" content=\"2026-04-23T03:02:02+00:00\" \/>\n<meta property=\"og:image\" content=\"https:\/\/hubsch-interior.com\/wp-content\/uploads\/2023\/08\/spot-table-lamp-petrol-93d5dc8d3ea41783848a72a71b94221e.jpg\" \/>\n\t<meta property=\"og:image:width\" content=\"1200\" \/>\n\t<meta property=\"og:image:height\" content=\"1200\" \/>\n\t<meta property=\"og:image:type\" content=\"image\/jpeg\" \/>\n<meta name=\"twitter:card\" content=\"summary_large_image\" \/>\n<script type=\"application\/ld+json\" class=\"yoast-schema-graph\">{\"@context\":\"https:\/\/schema.org\",\"@graph\":[{\"@type\":\"WebPage\",\"@id\":\"https:\/\/hubsch-interior.com\/fr\/produit\/spot-lampe-de-table-bleu\/\",\"url\":\"https:\/\/hubsch-interior.com\/fr\/produit\/spot-lampe-de-table-bleu\/\",\"name\":\"Spot Lampe de table Bleu - H\u00fcbsch\",\"isPartOf\":{\"@id\":\"https:\/\/hubsch-interior.com\/fr\/#website\"},\"primaryImageOfPage\":{\"@id\":\"https:\/\/hubsch-interior.com\/fr\/produit\/spot-lampe-de-table-bleu\/#primaryimage\"},\"image\":{\"@id\":\"https:\/\/hubsch-interior.com\/fr\/produit\/spot-lampe-de-table-bleu\/#primaryimage\"},\"thumbnailUrl\":\"https:\/\/hubsch-interior.com\/wp-content\/uploads\/2026\/02\/spot-table-lamp-blue-651ffb8bbedae67183807f9cbb438358.jpg\",\"datePublished\":\"2022-02-08T14:51:46+00:00\",\"dateModified\":\"2026-04-23T03:02:02+00:00\",\"description\":\"Nous avons une vraie volont\u00e9 de toujours apporter un nouveau design, une nouvelle ligne aux objets du quotidien. Cette lampe de table est \u00e0 la fois\",\"breadcrumb\":{\"@id\":\"https:\/\/hubsch-interior.com\/fr\/produit\/spot-lampe-de-table-bleu\/#breadcrumb\"},\"inLanguage\":\"fr-FR\",\"potentialAction\":[{\"@type\":\"ReadAction\",\"target\":[\"https:\/\/hubsch-interior.com\/fr\/produit\/spot-lampe-de-table-bleu\/\"]}]},{\"@type\":\"ImageObject\",\"inLanguage\":\"fr-FR\",\"@id\":\"https:\/\/hubsch-interior.com\/fr\/produit\/spot-lampe-de-table-bleu\/#primaryimage\",\"url\":\"https:\/\/hubsch-interior.com\/wp-content\/uploads\/2026\/02\/spot-table-lamp-blue-651ffb8bbedae67183807f9cbb438358.jpg\",\"contentUrl\":\"https:\/\/hubsch-interior.com\/wp-content\/uploads\/2026\/02\/spot-table-lamp-blue-651ffb8bbedae67183807f9cbb438358.jpg\",\"width\":1024,\"height\":1024},{\"@type\":\"BreadcrumbList\",\"@id\":\"https:\/\/hubsch-interior.com\/fr\/produit\/spot-lampe-de-table-bleu\/#breadcrumb\",\"itemListElement\":[{\"@type\":\"ListItem\",\"position\":1,\"name\":\"Page d'accueil\",\"item\":\"https:\/\/hubsch-interior.com\/fr\/\"},{\"@type\":\"ListItem\",\"position\":2,\"name\":\"Produits\",\"item\":\"https:\/\/hubsch-interior.com\/fr\/shop-2\/\"},{\"@type\":\"ListItem\",\"position\":3,\"name\":\"Luminaires\",\"item\":\"https:\/\/hubsch-interior.com\/fr\/categorie-produit\/luminaires\/\"},{\"@type\":\"ListItem\",\"position\":4,\"name\":\"Lampes &agrave; poser\",\"item\":\"https:\/\/hubsch-interior.com\/fr\/categorie-produit\/luminaires\/lampes-a-poser-fr\/\"},{\"@type\":\"ListItem\",\"position\":5,\"name\":\"Spot Lampe de table Bleu\"}]},{\"@type\":\"WebSite\",\"@id\":\"https:\/\/hubsch-interior.com\/fr\/#website\",\"url\":\"https:\/\/hubsch-interior.com\/fr\/\",\"name\":\"H\u00fcbsch\",\"description\":\"Danish Home Interior and Design\",\"publisher\":{\"@id\":\"https:\/\/hubsch-interior.com\/fr\/#organization\"},\"potentialAction\":[{\"@type\":\"SearchAction\",\"target\":{\"@type\":\"EntryPoint\",\"urlTemplate\":\"https:\/\/hubsch-interior.com\/fr\/?s={search_term_string}\"},\"query-input\":{\"@type\":\"PropertyValueSpecification\",\"valueRequired\":true,\"valueName\":\"search_term_string\"}}],\"inLanguage\":\"fr-FR\"},{\"@type\":\"Organization\",\"@id\":\"https:\/\/hubsch-interior.com\/fr\/#organization\",\"name\":\"H\u00fcbsch\",\"url\":\"https:\/\/hubsch-interior.com\/fr\/\",\"logo\":{\"@type\":\"ImageObject\",\"inLanguage\":\"fr-FR\",\"@id\":\"https:\/\/hubsch-interior.com\/fr\/#\/schema\/logo\/image\/\",\"url\":\"https:\/\/hubsch-interior.com\/wp-content\/uploads\/2022\/12\/Hubsch_logo_black_one_line.svg\",\"contentUrl\":\"https:\/\/hubsch-interior.com\/wp-content\/uploads\/2022\/12\/Hubsch_logo_black_one_line.svg\",\"caption\":\"H\u00fcbsch\"},\"image\":{\"@id\":\"https:\/\/hubsch-interior.com\/fr\/#\/schema\/logo\/image\/\"}}]}<\/script>\n<!-- \/ Yoast SEO plugin. -->","yoast_head_json":{"title":"Spot Lampe de table Bleu - H\u00fcbsch","description":"Nous avons une vraie volont\u00e9 de toujours apporter un nouveau design, une nouvelle ligne aux objets du quotidien. Cette lampe de table est \u00e0 la fois","robots":{"index":"index","follow":"follow","max-snippet":"max-snippet:-1","max-image-preview":"max-image-preview:large","max-video-preview":"max-video-preview:-1"},"canonical":"https:\/\/hubsch-interior.com\/fr\/wp-json\/wp\/v2\/product\/742586","og_locale":"fr_FR","og_type":"article","og_title":"Spot Lampe de table Bleu - H\u00fcbsch","og_description":"Nous avons une vraie volont\u00e9 de toujours apporter un nouveau design, une nouvelle ligne aux objets du quotidien. Cette lampe de table est \u00e0 la fois","og_url":"https:\/\/hubsch-interior.com\/fr\/produit\/spot-lampe-de-table-bleu\/","og_site_name":"H\u00fcbsch","article_modified_time":"2026-04-23T03:02:02+00:00","og_image":[{"width":1200,"height":1200,"url":"https:\/\/hubsch-interior.com\/wp-content\/uploads\/2023\/08\/spot-table-lamp-petrol-93d5dc8d3ea41783848a72a71b94221e.jpg","type":"image\/jpeg"}],"twitter_card":"summary_large_image","schema":{"@context":"https:\/\/schema.org","@graph":[{"@type":"WebPage","@id":"https:\/\/hubsch-interior.com\/fr\/produit\/spot-lampe-de-table-bleu\/","url":"https:\/\/hubsch-interior.com\/fr\/produit\/spot-lampe-de-table-bleu\/","name":"Spot Lampe de table Bleu - H\u00fcbsch","isPartOf":{"@id":"https:\/\/hubsch-interior.com\/fr\/#website"},"primaryImageOfPage":{"@id":"https:\/\/hubsch-interior.com\/fr\/produit\/spot-lampe-de-table-bleu\/#primaryimage"},"image":{"@id":"https:\/\/hubsch-interior.com\/fr\/produit\/spot-lampe-de-table-bleu\/#primaryimage"},"thumbnailUrl":"https:\/\/hubsch-interior.com\/wp-content\/uploads\/2026\/02\/spot-table-lamp-blue-651ffb8bbedae67183807f9cbb438358.jpg","datePublished":"2022-02-08T14:51:46+00:00","dateModified":"2026-04-23T03:02:02+00:00","description":"Nous avons une vraie volont\u00e9 de toujours apporter un nouveau design, une nouvelle ligne aux objets du quotidien. Cette lampe de table est \u00e0 la fois","breadcrumb":{"@id":"https:\/\/hubsch-interior.com\/fr\/produit\/spot-lampe-de-table-bleu\/#breadcrumb"},"inLanguage":"fr-FR","potentialAction":[{"@type":"ReadAction","target":["https:\/\/hubsch-interior.com\/fr\/produit\/spot-lampe-de-table-bleu\/"]}]},{"@type":"ImageObject","inLanguage":"fr-FR","@id":"https:\/\/hubsch-interior.com\/fr\/produit\/spot-lampe-de-table-bleu\/#primaryimage","url":"https:\/\/hubsch-interior.com\/wp-content\/uploads\/2026\/02\/spot-table-lamp-blue-651ffb8bbedae67183807f9cbb438358.jpg","contentUrl":"https:\/\/hubsch-interior.com\/wp-content\/uploads\/2026\/02\/spot-table-lamp-blue-651ffb8bbedae67183807f9cbb438358.jpg","width":1024,"height":1024},{"@type":"BreadcrumbList","@id":"https:\/\/hubsch-interior.com\/fr\/produit\/spot-lampe-de-table-bleu\/#breadcrumb","itemListElement":[{"@type":"ListItem","position":1,"name":"Page d'accueil","item":"https:\/\/hubsch-interior.com\/fr\/"},{"@type":"ListItem","position":2,"name":"Produits","item":"https:\/\/hubsch-interior.com\/fr\/shop-2\/"},{"@type":"ListItem","position":3,"name":"Luminaires","item":"https:\/\/hubsch-interior.com\/fr\/categorie-produit\/luminaires\/"},{"@type":"ListItem","position":4,"name":"Lampes &agrave; poser","item":"https:\/\/hubsch-interior.com\/fr\/categorie-produit\/luminaires\/lampes-a-poser-fr\/"},{"@type":"ListItem","position":5,"name":"Spot Lampe de table Bleu"}]},{"@type":"WebSite","@id":"https:\/\/hubsch-interior.com\/fr\/#website","url":"https:\/\/hubsch-interior.com\/fr\/","name":"H\u00fcbsch","description":"Danish Home Interior and Design","publisher":{"@id":"https:\/\/hubsch-interior.com\/fr\/#organization"},"potentialAction":[{"@type":"SearchAction","target":{"@type":"EntryPoint","urlTemplate":"https:\/\/hubsch-interior.com\/fr\/?s={search_term_string}"},"query-input":{"@type":"PropertyValueSpecification","valueRequired":true,"valueName":"search_term_string"}}],"inLanguage":"fr-FR"},{"@type":"Organization","@id":"https:\/\/hubsch-interior.com\/fr\/#organization","name":"H\u00fcbsch","url":"https:\/\/hubsch-interior.com\/fr\/","logo":{"@type":"ImageObject","inLanguage":"fr-FR","@id":"https:\/\/hubsch-interior.com\/fr\/#\/schema\/logo\/image\/","url":"https:\/\/hubsch-interior.com\/wp-content\/uploads\/2022\/12\/Hubsch_logo_black_one_line.svg","contentUrl":"https:\/\/hubsch-interior.com\/wp-content\/uploads\/2022\/12\/Hubsch_logo_black_one_line.svg","caption":"H\u00fcbsch"},"image":{"@id":"https:\/\/hubsch-interior.com\/fr\/#\/schema\/logo\/image\/"}}]}},"_links":{"self":[{"href":"https:\/\/hubsch-interior.com\/fr\/wp-json\/wp\/v2\/product\/742586","targetHints":{"allow":["GET"]}}],"collection":[{"href":"https:\/\/hubsch-interior.com\/fr\/wp-json\/wp\/v2\/product"}],"about":[{"href":"https:\/\/hubsch-interior.com\/fr\/wp-json\/wp\/v2\/types\/product"}],"wp:featuredmedia":[{"embeddable":true,"href":"https:\/\/hubsch-interior.com\/fr\/wp-json\/wp\/v2\/media\/1106325"}],"wp:attachment":[{"href":"https:\/\/hubsch-interior.com\/fr\/wp-json\/wp\/v2\/media?parent=742586"}],"wp:term":[{"taxonomy":"product_brand","embeddable":true,"href":"https:\/\/hubsch-interior.com\/fr\/wp-json\/wp\/v2\/product_brand?post=742586"},{"taxonomy":"product_cat","embeddable":true,"href":"https:\/\/hubsch-interior.com\/fr\/wp-json\/wp\/v2\/product_cat?post=742586"},{"taxonomy":"product_tag","embeddable":true,"href":"https:\/\/hubsch-interior.com\/fr\/wp-json\/wp\/v2\/product_tag?post=742586"}],"curies":[{"name":"wp","href":"https:\/\/api.w.org\/{rel}","templated":true}]}}