{"id":742669,"date":"2022-02-08T15:58:28","date_gmt":"2022-02-08T14:58:28","guid":{"rendered":"https:\/\/hubsch-interior.com\/product\/product\/"},"modified":"2026-04-05T05:19:37","modified_gmt":"2026-04-05T03:19:37","slug":"vale-arrosoir-7l-khaki","status":"publish","type":"product","link":"https:\/\/hubsch-interior.com\/fr\/produit\/vale-arrosoir-7l-khaki\/","title":{"rendered":"Vale Arrosoir 7L Khaki"},"content":{"rendered":"<p>Voici un tr\u00e8s bel arrosoir ! Avec sa ligne \u00e9lanc\u00e9e, sa couleur tr\u00e8s remarqu\u00e9e kaki et sa forme originale, vos fleurs d&#8217;\u00e9t\u00e9 et vos plantes d&#8217;int\u00e9rieur ont elles aussi droit \u00e0 un objet design ! A la fois unique et graphique, l&#8217;arrosoir Vale convient pour une utilisation \u00e0 l&#8217;int\u00e9rieur et \u00e0 l&#8217;ext\u00e9rieur et l&#8217;avantage, c&#8217;est qu&#8217;il s&#8217;expose partout &#8230; <\/p>\n","protected":false},"excerpt":{"rendered":"<p>Voici un tr\u00e8s bel arrosoir ! Avec sa ligne \u00e9lanc\u00e9e, sa couleur tr\u00e8s remarqu\u00e9e kaki et sa forme originale, vos fleurs d&#8217;\u00e9t\u00e9 et vos plantes d&#8217;int\u00e9rieur ont elles aussi droit \u00e0 un objet design ! A la fois unique et graphique, l&#8217;arrosoir Vale convient pour une utilisation \u00e0 l&#8217;int\u00e9rieur et \u00e0 l&#8217;ext\u00e9rieur et l&#8217;avantage, c&#8217;est [&hellip;]<\/p>\n","protected":false},"featured_media":1110085,"template":"","meta":{"_acf_changed":false,"inline_featured_image":false},"product_brand":[],"product_cat":[6348,4914,5016],"product_tag":[],"class_list":{"0":"post-742669","1":"product","2":"type-product","3":"status-publish","4":"has-post-thumbnail","6":"product_cat-garden-selection-fr","7":"product_cat-pots-de-fleur-et-arrosior-fr","8":"product_cat-arrosior-fr","9":"product_shipping_class-pk","11":"pa_color-khaki-3","12":"pa_material-fer-fr","14":"first","15":"instock","16":"taxable","17":"shipping-taxable","18":"purchasable","19":"product-type-simple"},"exclude_global_add_ons":[],"addons":[],"acf":[],"yoast_head":"<!-- This site is optimized with the Yoast SEO plugin v26.4 - https:\/\/yoast.com\/wordpress\/plugins\/seo\/ -->\n<title>Vale Arrosoir 7L Khaki - H\u00fcbsch<\/title>\n<meta name=\"description\" content=\"Voici un tr\u00e8s bel arrosoir ! Avec sa ligne \u00e9lanc\u00e9e, sa couleur tr\u00e8s remarqu\u00e9e kaki et sa forme originale, vos fleurs d&#039;\u00e9t\u00e9 et vos plantes d&#039;int\u00e9rieur ont\" \/>\n<meta name=\"robots\" content=\"index, follow, max-snippet:-1, max-image-preview:large, max-video-preview:-1\" \/>\n<link rel=\"canonical\" href=\"https:\/\/hubsch-interior.com\/fr\/wp-json\/wp\/v2\/product\/742669\" \/>\n<meta property=\"og:locale\" content=\"fr_FR\" \/>\n<meta property=\"og:type\" content=\"article\" \/>\n<meta property=\"og:title\" content=\"Vale Arrosoir 7L Khaki - H\u00fcbsch\" \/>\n<meta property=\"og:description\" content=\"Voici un tr\u00e8s bel arrosoir ! Avec sa ligne \u00e9lanc\u00e9e, sa couleur tr\u00e8s remarqu\u00e9e kaki et sa forme originale, vos fleurs d&#039;\u00e9t\u00e9 et vos plantes d&#039;int\u00e9rieur ont\" \/>\n<meta property=\"og:url\" content=\"https:\/\/hubsch-interior.com\/fr\/produit\/vale-arrosoir-7l-khaki\/\" \/>\n<meta property=\"og:site_name\" content=\"H\u00fcbsch\" \/>\n<meta property=\"article:modified_time\" content=\"2026-04-05T03:19:37+00:00\" \/>\n<meta property=\"og:image\" content=\"https:\/\/hubsch-interior.com\/wp-content\/uploads\/2024\/01\/vale-watering-can-7l-khaki-740f02447d9815e993373108d9c4c55b.jpg\" \/>\n\t<meta property=\"og:image:width\" content=\"1200\" \/>\n\t<meta property=\"og:image:height\" content=\"1200\" \/>\n\t<meta property=\"og:image:type\" content=\"image\/jpeg\" \/>\n<meta name=\"twitter:card\" content=\"summary_large_image\" \/>\n<script type=\"application\/ld+json\" class=\"yoast-schema-graph\">{\"@context\":\"https:\/\/schema.org\",\"@graph\":[{\"@type\":\"WebPage\",\"@id\":\"https:\/\/hubsch-interior.com\/fr\/produit\/vale-arrosoir-7l-khaki\/\",\"url\":\"https:\/\/hubsch-interior.com\/fr\/produit\/vale-arrosoir-7l-khaki\/\",\"name\":\"Vale Arrosoir 7L Khaki - H\u00fcbsch\",\"isPartOf\":{\"@id\":\"https:\/\/hubsch-interior.com\/fr\/#website\"},\"primaryImageOfPage\":{\"@id\":\"https:\/\/hubsch-interior.com\/fr\/produit\/vale-arrosoir-7l-khaki\/#primaryimage\"},\"image\":{\"@id\":\"https:\/\/hubsch-interior.com\/fr\/produit\/vale-arrosoir-7l-khaki\/#primaryimage\"},\"thumbnailUrl\":\"https:\/\/hubsch-interior.com\/wp-content\/uploads\/2026\/02\/vale-watering-can-7l-khaki-ad15e2f119634fe4fe4ef504a422fe00.jpg\",\"datePublished\":\"2022-02-08T14:58:28+00:00\",\"dateModified\":\"2026-04-05T03:19:37+00:00\",\"description\":\"Voici un tr\u00e8s bel arrosoir ! Avec sa ligne \u00e9lanc\u00e9e, sa couleur tr\u00e8s remarqu\u00e9e kaki et sa forme originale, vos fleurs d'\u00e9t\u00e9 et vos plantes d'int\u00e9rieur ont\",\"breadcrumb\":{\"@id\":\"https:\/\/hubsch-interior.com\/fr\/produit\/vale-arrosoir-7l-khaki\/#breadcrumb\"},\"inLanguage\":\"fr-FR\",\"potentialAction\":[{\"@type\":\"ReadAction\",\"target\":[\"https:\/\/hubsch-interior.com\/fr\/produit\/vale-arrosoir-7l-khaki\/\"]}]},{\"@type\":\"ImageObject\",\"inLanguage\":\"fr-FR\",\"@id\":\"https:\/\/hubsch-interior.com\/fr\/produit\/vale-arrosoir-7l-khaki\/#primaryimage\",\"url\":\"https:\/\/hubsch-interior.com\/wp-content\/uploads\/2026\/02\/vale-watering-can-7l-khaki-ad15e2f119634fe4fe4ef504a422fe00.jpg\",\"contentUrl\":\"https:\/\/hubsch-interior.com\/wp-content\/uploads\/2026\/02\/vale-watering-can-7l-khaki-ad15e2f119634fe4fe4ef504a422fe00.jpg\",\"width\":1024,\"height\":1024},{\"@type\":\"BreadcrumbList\",\"@id\":\"https:\/\/hubsch-interior.com\/fr\/produit\/vale-arrosoir-7l-khaki\/#breadcrumb\",\"itemListElement\":[{\"@type\":\"ListItem\",\"position\":1,\"name\":\"Page d'accueil\",\"item\":\"https:\/\/hubsch-interior.com\/fr\/\"},{\"@type\":\"ListItem\",\"position\":2,\"name\":\"Produits\",\"item\":\"https:\/\/hubsch-interior.com\/fr\/shop-2\/\"},{\"@type\":\"ListItem\",\"position\":3,\"name\":\"Accessoires maison\",\"item\":\"https:\/\/hubsch-interior.com\/fr\/categorie-produit\/accessoires-maison\/\"},{\"@type\":\"ListItem\",\"position\":4,\"name\":\"Pots de fleur et arrosior\",\"item\":\"https:\/\/hubsch-interior.com\/fr\/categorie-produit\/accessoires-maison\/pots-de-fleur-et-arrosior-fr\/\"},{\"@type\":\"ListItem\",\"position\":5,\"name\":\"Arrosior\",\"item\":\"https:\/\/hubsch-interior.com\/fr\/categorie-produit\/accessoires-maison\/pots-de-fleur-et-arrosior-fr\/arrosior-fr\/\"},{\"@type\":\"ListItem\",\"position\":6,\"name\":\"Vale Arrosoir 7L Khaki\"}]},{\"@type\":\"WebSite\",\"@id\":\"https:\/\/hubsch-interior.com\/fr\/#website\",\"url\":\"https:\/\/hubsch-interior.com\/fr\/\",\"name\":\"H\u00fcbsch\",\"description\":\"Danish Home Interior and Design\",\"publisher\":{\"@id\":\"https:\/\/hubsch-interior.com\/fr\/#organization\"},\"potentialAction\":[{\"@type\":\"SearchAction\",\"target\":{\"@type\":\"EntryPoint\",\"urlTemplate\":\"https:\/\/hubsch-interior.com\/fr\/?s={search_term_string}\"},\"query-input\":{\"@type\":\"PropertyValueSpecification\",\"valueRequired\":true,\"valueName\":\"search_term_string\"}}],\"inLanguage\":\"fr-FR\"},{\"@type\":\"Organization\",\"@id\":\"https:\/\/hubsch-interior.com\/fr\/#organization\",\"name\":\"H\u00fcbsch\",\"url\":\"https:\/\/hubsch-interior.com\/fr\/\",\"logo\":{\"@type\":\"ImageObject\",\"inLanguage\":\"fr-FR\",\"@id\":\"https:\/\/hubsch-interior.com\/fr\/#\/schema\/logo\/image\/\",\"url\":\"https:\/\/hubsch-interior.com\/wp-content\/uploads\/2022\/12\/Hubsch_logo_black_one_line.svg\",\"contentUrl\":\"https:\/\/hubsch-interior.com\/wp-content\/uploads\/2022\/12\/Hubsch_logo_black_one_line.svg\",\"caption\":\"H\u00fcbsch\"},\"image\":{\"@id\":\"https:\/\/hubsch-interior.com\/fr\/#\/schema\/logo\/image\/\"}}]}<\/script>\n<!-- \/ Yoast SEO plugin. -->","yoast_head_json":{"title":"Vale Arrosoir 7L Khaki - H\u00fcbsch","description":"Voici un tr\u00e8s bel arrosoir ! Avec sa ligne \u00e9lanc\u00e9e, sa couleur tr\u00e8s remarqu\u00e9e kaki et sa forme originale, vos fleurs d'\u00e9t\u00e9 et vos plantes d'int\u00e9rieur ont","robots":{"index":"index","follow":"follow","max-snippet":"max-snippet:-1","max-image-preview":"max-image-preview:large","max-video-preview":"max-video-preview:-1"},"canonical":"https:\/\/hubsch-interior.com\/fr\/wp-json\/wp\/v2\/product\/742669","og_locale":"fr_FR","og_type":"article","og_title":"Vale Arrosoir 7L Khaki - H\u00fcbsch","og_description":"Voici un tr\u00e8s bel arrosoir ! Avec sa ligne \u00e9lanc\u00e9e, sa couleur tr\u00e8s remarqu\u00e9e kaki et sa forme originale, vos fleurs d'\u00e9t\u00e9 et vos plantes d'int\u00e9rieur ont","og_url":"https:\/\/hubsch-interior.com\/fr\/produit\/vale-arrosoir-7l-khaki\/","og_site_name":"H\u00fcbsch","article_modified_time":"2026-04-05T03:19:37+00:00","og_image":[{"width":1200,"height":1200,"url":"https:\/\/hubsch-interior.com\/wp-content\/uploads\/2024\/01\/vale-watering-can-7l-khaki-740f02447d9815e993373108d9c4c55b.jpg","type":"image\/jpeg"}],"twitter_card":"summary_large_image","schema":{"@context":"https:\/\/schema.org","@graph":[{"@type":"WebPage","@id":"https:\/\/hubsch-interior.com\/fr\/produit\/vale-arrosoir-7l-khaki\/","url":"https:\/\/hubsch-interior.com\/fr\/produit\/vale-arrosoir-7l-khaki\/","name":"Vale Arrosoir 7L Khaki - H\u00fcbsch","isPartOf":{"@id":"https:\/\/hubsch-interior.com\/fr\/#website"},"primaryImageOfPage":{"@id":"https:\/\/hubsch-interior.com\/fr\/produit\/vale-arrosoir-7l-khaki\/#primaryimage"},"image":{"@id":"https:\/\/hubsch-interior.com\/fr\/produit\/vale-arrosoir-7l-khaki\/#primaryimage"},"thumbnailUrl":"https:\/\/hubsch-interior.com\/wp-content\/uploads\/2026\/02\/vale-watering-can-7l-khaki-ad15e2f119634fe4fe4ef504a422fe00.jpg","datePublished":"2022-02-08T14:58:28+00:00","dateModified":"2026-04-05T03:19:37+00:00","description":"Voici un tr\u00e8s bel arrosoir ! Avec sa ligne \u00e9lanc\u00e9e, sa couleur tr\u00e8s remarqu\u00e9e kaki et sa forme originale, vos fleurs d'\u00e9t\u00e9 et vos plantes d'int\u00e9rieur ont","breadcrumb":{"@id":"https:\/\/hubsch-interior.com\/fr\/produit\/vale-arrosoir-7l-khaki\/#breadcrumb"},"inLanguage":"fr-FR","potentialAction":[{"@type":"ReadAction","target":["https:\/\/hubsch-interior.com\/fr\/produit\/vale-arrosoir-7l-khaki\/"]}]},{"@type":"ImageObject","inLanguage":"fr-FR","@id":"https:\/\/hubsch-interior.com\/fr\/produit\/vale-arrosoir-7l-khaki\/#primaryimage","url":"https:\/\/hubsch-interior.com\/wp-content\/uploads\/2026\/02\/vale-watering-can-7l-khaki-ad15e2f119634fe4fe4ef504a422fe00.jpg","contentUrl":"https:\/\/hubsch-interior.com\/wp-content\/uploads\/2026\/02\/vale-watering-can-7l-khaki-ad15e2f119634fe4fe4ef504a422fe00.jpg","width":1024,"height":1024},{"@type":"BreadcrumbList","@id":"https:\/\/hubsch-interior.com\/fr\/produit\/vale-arrosoir-7l-khaki\/#breadcrumb","itemListElement":[{"@type":"ListItem","position":1,"name":"Page d'accueil","item":"https:\/\/hubsch-interior.com\/fr\/"},{"@type":"ListItem","position":2,"name":"Produits","item":"https:\/\/hubsch-interior.com\/fr\/shop-2\/"},{"@type":"ListItem","position":3,"name":"Accessoires maison","item":"https:\/\/hubsch-interior.com\/fr\/categorie-produit\/accessoires-maison\/"},{"@type":"ListItem","position":4,"name":"Pots de fleur et arrosior","item":"https:\/\/hubsch-interior.com\/fr\/categorie-produit\/accessoires-maison\/pots-de-fleur-et-arrosior-fr\/"},{"@type":"ListItem","position":5,"name":"Arrosior","item":"https:\/\/hubsch-interior.com\/fr\/categorie-produit\/accessoires-maison\/pots-de-fleur-et-arrosior-fr\/arrosior-fr\/"},{"@type":"ListItem","position":6,"name":"Vale Arrosoir 7L Khaki"}]},{"@type":"WebSite","@id":"https:\/\/hubsch-interior.com\/fr\/#website","url":"https:\/\/hubsch-interior.com\/fr\/","name":"H\u00fcbsch","description":"Danish Home Interior and Design","publisher":{"@id":"https:\/\/hubsch-interior.com\/fr\/#organization"},"potentialAction":[{"@type":"SearchAction","target":{"@type":"EntryPoint","urlTemplate":"https:\/\/hubsch-interior.com\/fr\/?s={search_term_string}"},"query-input":{"@type":"PropertyValueSpecification","valueRequired":true,"valueName":"search_term_string"}}],"inLanguage":"fr-FR"},{"@type":"Organization","@id":"https:\/\/hubsch-interior.com\/fr\/#organization","name":"H\u00fcbsch","url":"https:\/\/hubsch-interior.com\/fr\/","logo":{"@type":"ImageObject","inLanguage":"fr-FR","@id":"https:\/\/hubsch-interior.com\/fr\/#\/schema\/logo\/image\/","url":"https:\/\/hubsch-interior.com\/wp-content\/uploads\/2022\/12\/Hubsch_logo_black_one_line.svg","contentUrl":"https:\/\/hubsch-interior.com\/wp-content\/uploads\/2022\/12\/Hubsch_logo_black_one_line.svg","caption":"H\u00fcbsch"},"image":{"@id":"https:\/\/hubsch-interior.com\/fr\/#\/schema\/logo\/image\/"}}]}},"_links":{"self":[{"href":"https:\/\/hubsch-interior.com\/fr\/wp-json\/wp\/v2\/product\/742669","targetHints":{"allow":["GET"]}}],"collection":[{"href":"https:\/\/hubsch-interior.com\/fr\/wp-json\/wp\/v2\/product"}],"about":[{"href":"https:\/\/hubsch-interior.com\/fr\/wp-json\/wp\/v2\/types\/product"}],"wp:featuredmedia":[{"embeddable":true,"href":"https:\/\/hubsch-interior.com\/fr\/wp-json\/wp\/v2\/media\/1110085"}],"wp:attachment":[{"href":"https:\/\/hubsch-interior.com\/fr\/wp-json\/wp\/v2\/media?parent=742669"}],"wp:term":[{"taxonomy":"product_brand","embeddable":true,"href":"https:\/\/hubsch-interior.com\/fr\/wp-json\/wp\/v2\/product_brand?post=742669"},{"taxonomy":"product_cat","embeddable":true,"href":"https:\/\/hubsch-interior.com\/fr\/wp-json\/wp\/v2\/product_cat?post=742669"},{"taxonomy":"product_tag","embeddable":true,"href":"https:\/\/hubsch-interior.com\/fr\/wp-json\/wp\/v2\/product_tag?post=742669"}],"curies":[{"name":"wp","href":"https:\/\/api.w.org\/{rel}","templated":true}]}}