{"id":742701,"date":"2022-02-08T15:58:39","date_gmt":"2022-02-08T14:58:39","guid":{"rendered":"https:\/\/hubsch-interior.com\/product\/product\/"},"modified":"2026-04-09T05:16:25","modified_gmt":"2026-04-09T03:16:25","slug":"zenith-applique-murale-laiton-bruni","status":"publish","type":"product","link":"https:\/\/hubsch-interior.com\/fr\/produit\/zenith-applique-murale-laiton-bruni\/","title":{"rendered":"Zenith Applique murale Laiton Bruni"},"content":{"rendered":"<p>Parfaite pour votre bureau ou pour lire, l&#8217;applique murale Zenith est \u00e9pur\u00e9e, moderne et cool \u00e0 la fois. On aime particuli\u00e8rement sa couleur laiton bruni, tr\u00e8s \u00e9l\u00e9gante et rafra\u00eechissante. Fixez-la \u00e0 c\u00f4t\u00e9 du canap\u00e9, au mur au-dessus de votre t\u00eate de lit ou comme lampe de bureau chic et le tour est jou\u00e9 : que ce soit pour le travail, la lecture au coucher ou une lumi\u00e8re d&#8217;ambiance, l&#8217;applique Zenith a tout pour plaire !<\/p>\n","protected":false},"excerpt":{"rendered":"<p>Parfaite pour votre bureau ou pour lire, l&#8217;applique murale Zenith est \u00e9pur\u00e9e, moderne et cool \u00e0 la fois. On aime particuli\u00e8rement sa couleur laiton bruni, tr\u00e8s \u00e9l\u00e9gante et rafra\u00eechissante. Fixez-la \u00e0 c\u00f4t\u00e9 du canap\u00e9, au mur au-dessus de votre t\u00eate de lit ou comme lampe de bureau chic et le tour est jou\u00e9 : que [&hellip;]<\/p>\n","protected":false},"featured_media":1110109,"template":"","meta":{"_acf_changed":false,"inline_featured_image":false},"product_brand":[],"product_cat":[3810,3407],"product_tag":[],"class_list":{"0":"post-742701","1":"product","2":"type-product","3":"status-publish","4":"has-post-thumbnail","6":"product_cat-luminaires","7":"product_cat-appliques-murales-fr","8":"product_shipping_class-pk","10":"pa_color-laiton-bruni","11":"pa_material-fer-fr","13":"first","14":"instock","15":"taxable","16":"shipping-taxable","17":"purchasable","18":"product-type-simple"},"exclude_global_add_ons":[],"addons":[],"acf":[],"yoast_head":"<!-- This site is optimized with the Yoast SEO plugin v26.4 - https:\/\/yoast.com\/wordpress\/plugins\/seo\/ -->\n<title>Zenith Applique murale Laiton Bruni - H\u00fcbsch<\/title>\n<meta name=\"description\" content=\"Parfaite pour votre bureau ou pour lire, l&#039;applique murale Zenith est \u00e9pur\u00e9e, moderne et cool \u00e0 la fois. On aime particuli\u00e8rement sa couleur laiton bruni,\" \/>\n<meta name=\"robots\" content=\"index, follow, max-snippet:-1, max-image-preview:large, max-video-preview:-1\" \/>\n<link rel=\"canonical\" href=\"https:\/\/hubsch-interior.com\/fr\/wp-json\/wp\/v2\/product\/742701\" \/>\n<meta property=\"og:locale\" content=\"fr_FR\" \/>\n<meta property=\"og:type\" content=\"article\" \/>\n<meta property=\"og:title\" content=\"Zenith Applique murale Laiton Bruni - H\u00fcbsch\" \/>\n<meta property=\"og:description\" content=\"Parfaite pour votre bureau ou pour lire, l&#039;applique murale Zenith est \u00e9pur\u00e9e, moderne et cool \u00e0 la fois. On aime particuli\u00e8rement sa couleur laiton bruni,\" \/>\n<meta property=\"og:url\" content=\"https:\/\/hubsch-interior.com\/fr\/produit\/zenith-applique-murale-laiton-bruni\/\" \/>\n<meta property=\"og:site_name\" content=\"H\u00fcbsch\" \/>\n<meta property=\"article:modified_time\" content=\"2026-04-09T03:16:25+00:00\" \/>\n<meta property=\"og:image\" content=\"https:\/\/hubsch-interior.com\/wp-content\/uploads\/2025\/05\/zenith-wall-light-burnished-brass-a456becba321ce594e810d0733b592f3.jpg\" \/>\n\t<meta property=\"og:image:width\" content=\"1200\" \/>\n\t<meta property=\"og:image:height\" content=\"1200\" \/>\n\t<meta property=\"og:image:type\" content=\"image\/jpeg\" \/>\n<meta name=\"twitter:card\" content=\"summary_large_image\" \/>\n<script type=\"application\/ld+json\" class=\"yoast-schema-graph\">{\"@context\":\"https:\/\/schema.org\",\"@graph\":[{\"@type\":\"WebPage\",\"@id\":\"https:\/\/hubsch-interior.com\/fr\/produit\/zenith-applique-murale-laiton-bruni\/\",\"url\":\"https:\/\/hubsch-interior.com\/fr\/produit\/zenith-applique-murale-laiton-bruni\/\",\"name\":\"Zenith Applique murale Laiton Bruni - H\u00fcbsch\",\"isPartOf\":{\"@id\":\"https:\/\/hubsch-interior.com\/fr\/#website\"},\"primaryImageOfPage\":{\"@id\":\"https:\/\/hubsch-interior.com\/fr\/produit\/zenith-applique-murale-laiton-bruni\/#primaryimage\"},\"image\":{\"@id\":\"https:\/\/hubsch-interior.com\/fr\/produit\/zenith-applique-murale-laiton-bruni\/#primaryimage\"},\"thumbnailUrl\":\"https:\/\/hubsch-interior.com\/wp-content\/uploads\/2026\/02\/zenith-wall-light-burnished-brass-1df415c40ee608878b7f4ae7f04888c7.jpg\",\"datePublished\":\"2022-02-08T14:58:39+00:00\",\"dateModified\":\"2026-04-09T03:16:25+00:00\",\"description\":\"Parfaite pour votre bureau ou pour lire, l'applique murale Zenith est \u00e9pur\u00e9e, moderne et cool \u00e0 la fois. On aime particuli\u00e8rement sa couleur laiton bruni,\",\"breadcrumb\":{\"@id\":\"https:\/\/hubsch-interior.com\/fr\/produit\/zenith-applique-murale-laiton-bruni\/#breadcrumb\"},\"inLanguage\":\"fr-FR\",\"potentialAction\":[{\"@type\":\"ReadAction\",\"target\":[\"https:\/\/hubsch-interior.com\/fr\/produit\/zenith-applique-murale-laiton-bruni\/\"]}]},{\"@type\":\"ImageObject\",\"inLanguage\":\"fr-FR\",\"@id\":\"https:\/\/hubsch-interior.com\/fr\/produit\/zenith-applique-murale-laiton-bruni\/#primaryimage\",\"url\":\"https:\/\/hubsch-interior.com\/wp-content\/uploads\/2026\/02\/zenith-wall-light-burnished-brass-1df415c40ee608878b7f4ae7f04888c7.jpg\",\"contentUrl\":\"https:\/\/hubsch-interior.com\/wp-content\/uploads\/2026\/02\/zenith-wall-light-burnished-brass-1df415c40ee608878b7f4ae7f04888c7.jpg\",\"width\":1024,\"height\":1024},{\"@type\":\"BreadcrumbList\",\"@id\":\"https:\/\/hubsch-interior.com\/fr\/produit\/zenith-applique-murale-laiton-bruni\/#breadcrumb\",\"itemListElement\":[{\"@type\":\"ListItem\",\"position\":1,\"name\":\"Page d'accueil\",\"item\":\"https:\/\/hubsch-interior.com\/fr\/\"},{\"@type\":\"ListItem\",\"position\":2,\"name\":\"Produits\",\"item\":\"https:\/\/hubsch-interior.com\/fr\/shop-2\/\"},{\"@type\":\"ListItem\",\"position\":3,\"name\":\"Luminaires\",\"item\":\"https:\/\/hubsch-interior.com\/fr\/categorie-produit\/luminaires\/\"},{\"@type\":\"ListItem\",\"position\":4,\"name\":\"Appliques murales\",\"item\":\"https:\/\/hubsch-interior.com\/fr\/categorie-produit\/luminaires\/appliques-murales-fr\/\"},{\"@type\":\"ListItem\",\"position\":5,\"name\":\"Zenith Applique murale Laiton Bruni\"}]},{\"@type\":\"WebSite\",\"@id\":\"https:\/\/hubsch-interior.com\/fr\/#website\",\"url\":\"https:\/\/hubsch-interior.com\/fr\/\",\"name\":\"H\u00fcbsch\",\"description\":\"Danish Home Interior and Design\",\"publisher\":{\"@id\":\"https:\/\/hubsch-interior.com\/fr\/#organization\"},\"potentialAction\":[{\"@type\":\"SearchAction\",\"target\":{\"@type\":\"EntryPoint\",\"urlTemplate\":\"https:\/\/hubsch-interior.com\/fr\/?s={search_term_string}\"},\"query-input\":{\"@type\":\"PropertyValueSpecification\",\"valueRequired\":true,\"valueName\":\"search_term_string\"}}],\"inLanguage\":\"fr-FR\"},{\"@type\":\"Organization\",\"@id\":\"https:\/\/hubsch-interior.com\/fr\/#organization\",\"name\":\"H\u00fcbsch\",\"url\":\"https:\/\/hubsch-interior.com\/fr\/\",\"logo\":{\"@type\":\"ImageObject\",\"inLanguage\":\"fr-FR\",\"@id\":\"https:\/\/hubsch-interior.com\/fr\/#\/schema\/logo\/image\/\",\"url\":\"https:\/\/hubsch-interior.com\/wp-content\/uploads\/2022\/12\/Hubsch_logo_black_one_line.svg\",\"contentUrl\":\"https:\/\/hubsch-interior.com\/wp-content\/uploads\/2022\/12\/Hubsch_logo_black_one_line.svg\",\"caption\":\"H\u00fcbsch\"},\"image\":{\"@id\":\"https:\/\/hubsch-interior.com\/fr\/#\/schema\/logo\/image\/\"}}]}<\/script>\n<!-- \/ Yoast SEO plugin. -->","yoast_head_json":{"title":"Zenith Applique murale Laiton Bruni - H\u00fcbsch","description":"Parfaite pour votre bureau ou pour lire, l'applique murale Zenith est \u00e9pur\u00e9e, moderne et cool \u00e0 la fois. On aime particuli\u00e8rement sa couleur laiton bruni,","robots":{"index":"index","follow":"follow","max-snippet":"max-snippet:-1","max-image-preview":"max-image-preview:large","max-video-preview":"max-video-preview:-1"},"canonical":"https:\/\/hubsch-interior.com\/fr\/wp-json\/wp\/v2\/product\/742701","og_locale":"fr_FR","og_type":"article","og_title":"Zenith Applique murale Laiton Bruni - H\u00fcbsch","og_description":"Parfaite pour votre bureau ou pour lire, l'applique murale Zenith est \u00e9pur\u00e9e, moderne et cool \u00e0 la fois. On aime particuli\u00e8rement sa couleur laiton bruni,","og_url":"https:\/\/hubsch-interior.com\/fr\/produit\/zenith-applique-murale-laiton-bruni\/","og_site_name":"H\u00fcbsch","article_modified_time":"2026-04-09T03:16:25+00:00","og_image":[{"width":1200,"height":1200,"url":"https:\/\/hubsch-interior.com\/wp-content\/uploads\/2025\/05\/zenith-wall-light-burnished-brass-a456becba321ce594e810d0733b592f3.jpg","type":"image\/jpeg"}],"twitter_card":"summary_large_image","schema":{"@context":"https:\/\/schema.org","@graph":[{"@type":"WebPage","@id":"https:\/\/hubsch-interior.com\/fr\/produit\/zenith-applique-murale-laiton-bruni\/","url":"https:\/\/hubsch-interior.com\/fr\/produit\/zenith-applique-murale-laiton-bruni\/","name":"Zenith Applique murale Laiton Bruni - H\u00fcbsch","isPartOf":{"@id":"https:\/\/hubsch-interior.com\/fr\/#website"},"primaryImageOfPage":{"@id":"https:\/\/hubsch-interior.com\/fr\/produit\/zenith-applique-murale-laiton-bruni\/#primaryimage"},"image":{"@id":"https:\/\/hubsch-interior.com\/fr\/produit\/zenith-applique-murale-laiton-bruni\/#primaryimage"},"thumbnailUrl":"https:\/\/hubsch-interior.com\/wp-content\/uploads\/2026\/02\/zenith-wall-light-burnished-brass-1df415c40ee608878b7f4ae7f04888c7.jpg","datePublished":"2022-02-08T14:58:39+00:00","dateModified":"2026-04-09T03:16:25+00:00","description":"Parfaite pour votre bureau ou pour lire, l'applique murale Zenith est \u00e9pur\u00e9e, moderne et cool \u00e0 la fois. On aime particuli\u00e8rement sa couleur laiton bruni,","breadcrumb":{"@id":"https:\/\/hubsch-interior.com\/fr\/produit\/zenith-applique-murale-laiton-bruni\/#breadcrumb"},"inLanguage":"fr-FR","potentialAction":[{"@type":"ReadAction","target":["https:\/\/hubsch-interior.com\/fr\/produit\/zenith-applique-murale-laiton-bruni\/"]}]},{"@type":"ImageObject","inLanguage":"fr-FR","@id":"https:\/\/hubsch-interior.com\/fr\/produit\/zenith-applique-murale-laiton-bruni\/#primaryimage","url":"https:\/\/hubsch-interior.com\/wp-content\/uploads\/2026\/02\/zenith-wall-light-burnished-brass-1df415c40ee608878b7f4ae7f04888c7.jpg","contentUrl":"https:\/\/hubsch-interior.com\/wp-content\/uploads\/2026\/02\/zenith-wall-light-burnished-brass-1df415c40ee608878b7f4ae7f04888c7.jpg","width":1024,"height":1024},{"@type":"BreadcrumbList","@id":"https:\/\/hubsch-interior.com\/fr\/produit\/zenith-applique-murale-laiton-bruni\/#breadcrumb","itemListElement":[{"@type":"ListItem","position":1,"name":"Page d'accueil","item":"https:\/\/hubsch-interior.com\/fr\/"},{"@type":"ListItem","position":2,"name":"Produits","item":"https:\/\/hubsch-interior.com\/fr\/shop-2\/"},{"@type":"ListItem","position":3,"name":"Luminaires","item":"https:\/\/hubsch-interior.com\/fr\/categorie-produit\/luminaires\/"},{"@type":"ListItem","position":4,"name":"Appliques murales","item":"https:\/\/hubsch-interior.com\/fr\/categorie-produit\/luminaires\/appliques-murales-fr\/"},{"@type":"ListItem","position":5,"name":"Zenith Applique murale Laiton Bruni"}]},{"@type":"WebSite","@id":"https:\/\/hubsch-interior.com\/fr\/#website","url":"https:\/\/hubsch-interior.com\/fr\/","name":"H\u00fcbsch","description":"Danish Home Interior and Design","publisher":{"@id":"https:\/\/hubsch-interior.com\/fr\/#organization"},"potentialAction":[{"@type":"SearchAction","target":{"@type":"EntryPoint","urlTemplate":"https:\/\/hubsch-interior.com\/fr\/?s={search_term_string}"},"query-input":{"@type":"PropertyValueSpecification","valueRequired":true,"valueName":"search_term_string"}}],"inLanguage":"fr-FR"},{"@type":"Organization","@id":"https:\/\/hubsch-interior.com\/fr\/#organization","name":"H\u00fcbsch","url":"https:\/\/hubsch-interior.com\/fr\/","logo":{"@type":"ImageObject","inLanguage":"fr-FR","@id":"https:\/\/hubsch-interior.com\/fr\/#\/schema\/logo\/image\/","url":"https:\/\/hubsch-interior.com\/wp-content\/uploads\/2022\/12\/Hubsch_logo_black_one_line.svg","contentUrl":"https:\/\/hubsch-interior.com\/wp-content\/uploads\/2022\/12\/Hubsch_logo_black_one_line.svg","caption":"H\u00fcbsch"},"image":{"@id":"https:\/\/hubsch-interior.com\/fr\/#\/schema\/logo\/image\/"}}]}},"_links":{"self":[{"href":"https:\/\/hubsch-interior.com\/fr\/wp-json\/wp\/v2\/product\/742701","targetHints":{"allow":["GET"]}}],"collection":[{"href":"https:\/\/hubsch-interior.com\/fr\/wp-json\/wp\/v2\/product"}],"about":[{"href":"https:\/\/hubsch-interior.com\/fr\/wp-json\/wp\/v2\/types\/product"}],"wp:featuredmedia":[{"embeddable":true,"href":"https:\/\/hubsch-interior.com\/fr\/wp-json\/wp\/v2\/media\/1110109"}],"wp:attachment":[{"href":"https:\/\/hubsch-interior.com\/fr\/wp-json\/wp\/v2\/media?parent=742701"}],"wp:term":[{"taxonomy":"product_brand","embeddable":true,"href":"https:\/\/hubsch-interior.com\/fr\/wp-json\/wp\/v2\/product_brand?post=742701"},{"taxonomy":"product_cat","embeddable":true,"href":"https:\/\/hubsch-interior.com\/fr\/wp-json\/wp\/v2\/product_cat?post=742701"},{"taxonomy":"product_tag","embeddable":true,"href":"https:\/\/hubsch-interior.com\/fr\/wp-json\/wp\/v2\/product_tag?post=742701"}],"curies":[{"name":"wp","href":"https:\/\/api.w.org\/{rel}","templated":true}]}}