{"id":742733,"date":"2022-02-08T15:58:43","date_gmt":"2022-02-08T14:58:43","guid":{"rendered":"https:\/\/hubsch-interior.com\/product\/product\/"},"modified":"2026-04-27T05:21:33","modified_gmt":"2026-04-27T03:21:33","slug":"aki-lampe-de-table-khaki","status":"publish","type":"product","link":"https:\/\/hubsch-interior.com\/fr\/produit\/aki-lampe-de-table-khaki\/","title":{"rendered":"Aki Lampe de table Khaki"},"content":{"rendered":"<p>La lampe Aki est magnifique ! Avec sa couleur kaki, particuli\u00e8rement jolie, cette lampe cr\u00e9e une note de luxe \u00e0 l&#8217;int\u00e9rieur de votre maison. Simple et \u00e9l\u00e9gante, cette lampe fera son effet dans toutes les pi\u00e8ces. Dans votre salon, dans un couloir ou dans votre chambre pour une ambiance chaleureuse, cette lampe de table apportera de la douceur, de la volupt\u00e9 et sans doute beaucoup de joie !<\/p>\n","protected":false},"excerpt":{"rendered":"<p>La lampe Aki est magnifique ! Avec sa couleur kaki, particuli\u00e8rement jolie, cette lampe cr\u00e9e une note de luxe \u00e0 l&#8217;int\u00e9rieur de votre maison. Simple et \u00e9l\u00e9gante, cette lampe fera son effet dans toutes les pi\u00e8ces. Dans votre salon, dans un couloir ou dans votre chambre pour une ambiance chaleureuse, cette lampe de table apportera [&hellip;]<\/p>\n","protected":false},"featured_media":1110121,"template":"","meta":{"_acf_changed":false,"inline_featured_image":false},"product_brand":[],"product_cat":[3810,3500,5026],"product_tag":[],"class_list":{"0":"post-742733","1":"product","2":"type-product","3":"status-publish","4":"has-post-thumbnail","6":"product_cat-luminaires","7":"product_cat-lampes-a-poser-fr","8":"product_cat-bestsellers-fr","9":"product_shipping_class-pk","11":"pa_color-khaki-3","12":"pa_material-fer-fr","14":"first","15":"instock","16":"featured","17":"taxable","18":"shipping-taxable","19":"purchasable","20":"product-type-simple"},"exclude_global_add_ons":[],"addons":[],"acf":[],"yoast_head":"<!-- This site is optimized with the Yoast SEO plugin v26.4 - https:\/\/yoast.com\/wordpress\/plugins\/seo\/ -->\n<title>Aki Lampe de table Khaki - H\u00fcbsch<\/title>\n<meta name=\"description\" content=\"La lampe Aki est magnifique ! Avec sa couleur kaki, particuli\u00e8rement jolie, cette lampe cr\u00e9e une note de luxe \u00e0 l&#039;int\u00e9rieur de votre maison. Simple et\" \/>\n<meta name=\"robots\" content=\"index, follow, max-snippet:-1, max-image-preview:large, max-video-preview:-1\" \/>\n<link rel=\"canonical\" href=\"https:\/\/hubsch-interior.com\/fr\/wp-json\/wp\/v2\/product\/742733\" \/>\n<meta property=\"og:locale\" content=\"fr_FR\" \/>\n<meta property=\"og:type\" content=\"article\" \/>\n<meta property=\"og:title\" content=\"Aki Lampe de table Khaki - H\u00fcbsch\" \/>\n<meta property=\"og:description\" content=\"La lampe Aki est magnifique ! Avec sa couleur kaki, particuli\u00e8rement jolie, cette lampe cr\u00e9e une note de luxe \u00e0 l&#039;int\u00e9rieur de votre maison. Simple et\" \/>\n<meta property=\"og:url\" content=\"https:\/\/hubsch-interior.com\/fr\/produit\/aki-lampe-de-table-khaki\/\" \/>\n<meta property=\"og:site_name\" content=\"H\u00fcbsch\" \/>\n<meta property=\"article:modified_time\" content=\"2026-04-27T03:21:33+00:00\" \/>\n<meta property=\"og:image\" content=\"https:\/\/hubsch-interior.com\/wp-content\/uploads\/2024\/01\/aki-table-lamp-khaki-7996bf0ffd90d72eab0d72aef3b91fb9.jpg\" \/>\n\t<meta property=\"og:image:width\" content=\"1200\" \/>\n\t<meta property=\"og:image:height\" content=\"1200\" \/>\n\t<meta property=\"og:image:type\" content=\"image\/jpeg\" \/>\n<meta name=\"twitter:card\" content=\"summary_large_image\" \/>\n<script type=\"application\/ld+json\" class=\"yoast-schema-graph\">{\"@context\":\"https:\/\/schema.org\",\"@graph\":[{\"@type\":\"WebPage\",\"@id\":\"https:\/\/hubsch-interior.com\/fr\/produit\/aki-lampe-de-table-khaki\/\",\"url\":\"https:\/\/hubsch-interior.com\/fr\/produit\/aki-lampe-de-table-khaki\/\",\"name\":\"Aki Lampe de table Khaki - H\u00fcbsch\",\"isPartOf\":{\"@id\":\"https:\/\/hubsch-interior.com\/fr\/#website\"},\"primaryImageOfPage\":{\"@id\":\"https:\/\/hubsch-interior.com\/fr\/produit\/aki-lampe-de-table-khaki\/#primaryimage\"},\"image\":{\"@id\":\"https:\/\/hubsch-interior.com\/fr\/produit\/aki-lampe-de-table-khaki\/#primaryimage\"},\"thumbnailUrl\":\"https:\/\/hubsch-interior.com\/wp-content\/uploads\/2026\/02\/aki-table-lamp-khaki-8500cfbe7cbaa23e2cd14e4f2c5fd146.jpg\",\"datePublished\":\"2022-02-08T14:58:43+00:00\",\"dateModified\":\"2026-04-27T03:21:33+00:00\",\"description\":\"La lampe Aki est magnifique ! Avec sa couleur kaki, particuli\u00e8rement jolie, cette lampe cr\u00e9e une note de luxe \u00e0 l'int\u00e9rieur de votre maison. Simple et\",\"breadcrumb\":{\"@id\":\"https:\/\/hubsch-interior.com\/fr\/produit\/aki-lampe-de-table-khaki\/#breadcrumb\"},\"inLanguage\":\"fr-FR\",\"potentialAction\":[{\"@type\":\"ReadAction\",\"target\":[\"https:\/\/hubsch-interior.com\/fr\/produit\/aki-lampe-de-table-khaki\/\"]}]},{\"@type\":\"ImageObject\",\"inLanguage\":\"fr-FR\",\"@id\":\"https:\/\/hubsch-interior.com\/fr\/produit\/aki-lampe-de-table-khaki\/#primaryimage\",\"url\":\"https:\/\/hubsch-interior.com\/wp-content\/uploads\/2026\/02\/aki-table-lamp-khaki-8500cfbe7cbaa23e2cd14e4f2c5fd146.jpg\",\"contentUrl\":\"https:\/\/hubsch-interior.com\/wp-content\/uploads\/2026\/02\/aki-table-lamp-khaki-8500cfbe7cbaa23e2cd14e4f2c5fd146.jpg\",\"width\":1024,\"height\":1024},{\"@type\":\"BreadcrumbList\",\"@id\":\"https:\/\/hubsch-interior.com\/fr\/produit\/aki-lampe-de-table-khaki\/#breadcrumb\",\"itemListElement\":[{\"@type\":\"ListItem\",\"position\":1,\"name\":\"Page d'accueil\",\"item\":\"https:\/\/hubsch-interior.com\/fr\/\"},{\"@type\":\"ListItem\",\"position\":2,\"name\":\"Produits\",\"item\":\"https:\/\/hubsch-interior.com\/fr\/shop-2\/\"},{\"@type\":\"ListItem\",\"position\":3,\"name\":\"Luminaires\",\"item\":\"https:\/\/hubsch-interior.com\/fr\/categorie-produit\/luminaires\/\"},{\"@type\":\"ListItem\",\"position\":4,\"name\":\"Lampes &agrave; poser\",\"item\":\"https:\/\/hubsch-interior.com\/fr\/categorie-produit\/luminaires\/lampes-a-poser-fr\/\"},{\"@type\":\"ListItem\",\"position\":5,\"name\":\"Aki Lampe de table Khaki\"}]},{\"@type\":\"WebSite\",\"@id\":\"https:\/\/hubsch-interior.com\/fr\/#website\",\"url\":\"https:\/\/hubsch-interior.com\/fr\/\",\"name\":\"H\u00fcbsch\",\"description\":\"Danish Home Interior and Design\",\"publisher\":{\"@id\":\"https:\/\/hubsch-interior.com\/fr\/#organization\"},\"potentialAction\":[{\"@type\":\"SearchAction\",\"target\":{\"@type\":\"EntryPoint\",\"urlTemplate\":\"https:\/\/hubsch-interior.com\/fr\/?s={search_term_string}\"},\"query-input\":{\"@type\":\"PropertyValueSpecification\",\"valueRequired\":true,\"valueName\":\"search_term_string\"}}],\"inLanguage\":\"fr-FR\"},{\"@type\":\"Organization\",\"@id\":\"https:\/\/hubsch-interior.com\/fr\/#organization\",\"name\":\"H\u00fcbsch\",\"url\":\"https:\/\/hubsch-interior.com\/fr\/\",\"logo\":{\"@type\":\"ImageObject\",\"inLanguage\":\"fr-FR\",\"@id\":\"https:\/\/hubsch-interior.com\/fr\/#\/schema\/logo\/image\/\",\"url\":\"https:\/\/hubsch-interior.com\/wp-content\/uploads\/2022\/12\/Hubsch_logo_black_one_line.svg\",\"contentUrl\":\"https:\/\/hubsch-interior.com\/wp-content\/uploads\/2022\/12\/Hubsch_logo_black_one_line.svg\",\"caption\":\"H\u00fcbsch\"},\"image\":{\"@id\":\"https:\/\/hubsch-interior.com\/fr\/#\/schema\/logo\/image\/\"}}]}<\/script>\n<!-- \/ Yoast SEO plugin. -->","yoast_head_json":{"title":"Aki Lampe de table Khaki - H\u00fcbsch","description":"La lampe Aki est magnifique ! Avec sa couleur kaki, particuli\u00e8rement jolie, cette lampe cr\u00e9e une note de luxe \u00e0 l'int\u00e9rieur de votre maison. Simple et","robots":{"index":"index","follow":"follow","max-snippet":"max-snippet:-1","max-image-preview":"max-image-preview:large","max-video-preview":"max-video-preview:-1"},"canonical":"https:\/\/hubsch-interior.com\/fr\/wp-json\/wp\/v2\/product\/742733","og_locale":"fr_FR","og_type":"article","og_title":"Aki Lampe de table Khaki - H\u00fcbsch","og_description":"La lampe Aki est magnifique ! Avec sa couleur kaki, particuli\u00e8rement jolie, cette lampe cr\u00e9e une note de luxe \u00e0 l'int\u00e9rieur de votre maison. Simple et","og_url":"https:\/\/hubsch-interior.com\/fr\/produit\/aki-lampe-de-table-khaki\/","og_site_name":"H\u00fcbsch","article_modified_time":"2026-04-27T03:21:33+00:00","og_image":[{"width":1200,"height":1200,"url":"https:\/\/hubsch-interior.com\/wp-content\/uploads\/2024\/01\/aki-table-lamp-khaki-7996bf0ffd90d72eab0d72aef3b91fb9.jpg","type":"image\/jpeg"}],"twitter_card":"summary_large_image","schema":{"@context":"https:\/\/schema.org","@graph":[{"@type":"WebPage","@id":"https:\/\/hubsch-interior.com\/fr\/produit\/aki-lampe-de-table-khaki\/","url":"https:\/\/hubsch-interior.com\/fr\/produit\/aki-lampe-de-table-khaki\/","name":"Aki Lampe de table Khaki - H\u00fcbsch","isPartOf":{"@id":"https:\/\/hubsch-interior.com\/fr\/#website"},"primaryImageOfPage":{"@id":"https:\/\/hubsch-interior.com\/fr\/produit\/aki-lampe-de-table-khaki\/#primaryimage"},"image":{"@id":"https:\/\/hubsch-interior.com\/fr\/produit\/aki-lampe-de-table-khaki\/#primaryimage"},"thumbnailUrl":"https:\/\/hubsch-interior.com\/wp-content\/uploads\/2026\/02\/aki-table-lamp-khaki-8500cfbe7cbaa23e2cd14e4f2c5fd146.jpg","datePublished":"2022-02-08T14:58:43+00:00","dateModified":"2026-04-27T03:21:33+00:00","description":"La lampe Aki est magnifique ! Avec sa couleur kaki, particuli\u00e8rement jolie, cette lampe cr\u00e9e une note de luxe \u00e0 l'int\u00e9rieur de votre maison. Simple et","breadcrumb":{"@id":"https:\/\/hubsch-interior.com\/fr\/produit\/aki-lampe-de-table-khaki\/#breadcrumb"},"inLanguage":"fr-FR","potentialAction":[{"@type":"ReadAction","target":["https:\/\/hubsch-interior.com\/fr\/produit\/aki-lampe-de-table-khaki\/"]}]},{"@type":"ImageObject","inLanguage":"fr-FR","@id":"https:\/\/hubsch-interior.com\/fr\/produit\/aki-lampe-de-table-khaki\/#primaryimage","url":"https:\/\/hubsch-interior.com\/wp-content\/uploads\/2026\/02\/aki-table-lamp-khaki-8500cfbe7cbaa23e2cd14e4f2c5fd146.jpg","contentUrl":"https:\/\/hubsch-interior.com\/wp-content\/uploads\/2026\/02\/aki-table-lamp-khaki-8500cfbe7cbaa23e2cd14e4f2c5fd146.jpg","width":1024,"height":1024},{"@type":"BreadcrumbList","@id":"https:\/\/hubsch-interior.com\/fr\/produit\/aki-lampe-de-table-khaki\/#breadcrumb","itemListElement":[{"@type":"ListItem","position":1,"name":"Page d'accueil","item":"https:\/\/hubsch-interior.com\/fr\/"},{"@type":"ListItem","position":2,"name":"Produits","item":"https:\/\/hubsch-interior.com\/fr\/shop-2\/"},{"@type":"ListItem","position":3,"name":"Luminaires","item":"https:\/\/hubsch-interior.com\/fr\/categorie-produit\/luminaires\/"},{"@type":"ListItem","position":4,"name":"Lampes &agrave; poser","item":"https:\/\/hubsch-interior.com\/fr\/categorie-produit\/luminaires\/lampes-a-poser-fr\/"},{"@type":"ListItem","position":5,"name":"Aki Lampe de table Khaki"}]},{"@type":"WebSite","@id":"https:\/\/hubsch-interior.com\/fr\/#website","url":"https:\/\/hubsch-interior.com\/fr\/","name":"H\u00fcbsch","description":"Danish Home Interior and Design","publisher":{"@id":"https:\/\/hubsch-interior.com\/fr\/#organization"},"potentialAction":[{"@type":"SearchAction","target":{"@type":"EntryPoint","urlTemplate":"https:\/\/hubsch-interior.com\/fr\/?s={search_term_string}"},"query-input":{"@type":"PropertyValueSpecification","valueRequired":true,"valueName":"search_term_string"}}],"inLanguage":"fr-FR"},{"@type":"Organization","@id":"https:\/\/hubsch-interior.com\/fr\/#organization","name":"H\u00fcbsch","url":"https:\/\/hubsch-interior.com\/fr\/","logo":{"@type":"ImageObject","inLanguage":"fr-FR","@id":"https:\/\/hubsch-interior.com\/fr\/#\/schema\/logo\/image\/","url":"https:\/\/hubsch-interior.com\/wp-content\/uploads\/2022\/12\/Hubsch_logo_black_one_line.svg","contentUrl":"https:\/\/hubsch-interior.com\/wp-content\/uploads\/2022\/12\/Hubsch_logo_black_one_line.svg","caption":"H\u00fcbsch"},"image":{"@id":"https:\/\/hubsch-interior.com\/fr\/#\/schema\/logo\/image\/"}}]}},"_links":{"self":[{"href":"https:\/\/hubsch-interior.com\/fr\/wp-json\/wp\/v2\/product\/742733","targetHints":{"allow":["GET"]}}],"collection":[{"href":"https:\/\/hubsch-interior.com\/fr\/wp-json\/wp\/v2\/product"}],"about":[{"href":"https:\/\/hubsch-interior.com\/fr\/wp-json\/wp\/v2\/types\/product"}],"wp:featuredmedia":[{"embeddable":true,"href":"https:\/\/hubsch-interior.com\/fr\/wp-json\/wp\/v2\/media\/1110121"}],"wp:attachment":[{"href":"https:\/\/hubsch-interior.com\/fr\/wp-json\/wp\/v2\/media?parent=742733"}],"wp:term":[{"taxonomy":"product_brand","embeddable":true,"href":"https:\/\/hubsch-interior.com\/fr\/wp-json\/wp\/v2\/product_brand?post=742733"},{"taxonomy":"product_cat","embeddable":true,"href":"https:\/\/hubsch-interior.com\/fr\/wp-json\/wp\/v2\/product_cat?post=742733"},{"taxonomy":"product_tag","embeddable":true,"href":"https:\/\/hubsch-interior.com\/fr\/wp-json\/wp\/v2\/product_tag?post=742733"}],"curies":[{"name":"wp","href":"https:\/\/api.w.org\/{rel}","templated":true}]}}